{"id":11946,"date":"2025-03-07T12:18:26","date_gmt":"2025-03-07T12:18:26","guid":{"rendered":"https:\/\/vivalr.com\/product\/11946.html"},"modified":"2025-03-07T12:44:11","modified_gmt":"2025-03-07T12:44:11","slug":"factory-supply-2-methylpiperazine-cas-109-07-9-with-best-price","status":"publish","type":"product","link":"https:\/\/vivalr.com\/pt\/product\/11946.html","title":{"rendered":"Fornecimento de f\u00e1brica 2-metilpiperazina cas 109-07-9 com melhor pre\u00e7o"},"content":{"rendered":"<h1>Guia do usu\u00e1rio para fornecimento de f\u00e1brica 2-metilpiperazina cas 109-07-9 com melhor pre\u00e7o<\/h1>\n<h2>\u00cdndice<\/h2>\n<ul>\n<li><a href=\"#product_info\">Informa\u00e7\u00f5es b\u00e1sicas e par\u00e2metros do produto<\/a><\/li>\n<li><a href=\"#product_uses\">Utiliza\u00e7\u00f5es do produto<\/a><\/li>\n<li><a href=\"#product_usage\">Utiliza\u00e7\u00e3o do produto<\/a><\/li>\n<li><a href=\"#usage_cases\">Casos de utiliza\u00e7\u00e3o de produtos<\/a><\/li>\n<li><a href=\"#contact\">Informa\u00e7\u00f5es de contacto<\/a><\/li>\n<\/ul>\n<h2 id=\"product_info\">Informa\u00e7\u00f5es b\u00e1sicas e par\u00e2metros do produto<\/h2>\n<p>O produto \"Fornecimento de F\u00e1brica 2-metilpiperazina cas 109-07-9 Com Melhor Pre\u00e7o\" refere-se a 2 - metilpiperazina, que \u00e9 um composto qu\u00edmico. O seu n\u00famero CAS \u00e9 109 - 07 - 9. A f\u00f3rmula molecular da 2 - metilpiperazina \u00e9 C\u2085H\u2081\u2082N\u2082, e o peso molecular \u00e9 de aproximadamente 100,16 g \/ mol. \u00c9 um l\u00edquido incolor a amarelo claro em condi\u00e7\u00f5es normais. A 2 - metilpiperazina tem um odor carater\u00edstico de amina. \u00c9 sol\u00favel em \u00e1gua e em muitos solventes org\u00e2nicos como o etanol e o \u00e9ter. <\/p>\n<h2 id=\"product_uses\">Utiliza\u00e7\u00f5es do produto<\/h2>\n<p>1. **Ind\u00fastria farmac\u00eautica**: A 2 - metilpiperazina \u00e9 amplamente utilizada como intermedi\u00e1rio na s\u00edntese de v\u00e1rios medicamentos. Pode ser utilizada para introduzir a por\u00e7\u00e3o piperazina em mol\u00e9culas de f\u00e1rmacos, o que pode melhorar a solubilidade, a absor\u00e7\u00e3o e a atividade farmacol\u00f3gica dos f\u00e1rmacos. Por exemplo, pode ser utilizada na s\u00edntese de alguns f\u00e1rmacos anti-hipertensivos e anti-arr\u00edtmicos.<br \/>\n2. **Qu\u00edmica agr\u00edcola**: Pode ser utilizado como mat\u00e9ria-prima para a s\u00edntese de alguns pesticidas e herbicidas. Ao modificar a sua estrutura qu\u00edmica, pode ser desenvolvido em produtos qu\u00edmicos agr\u00edcolas eficazes com diferentes fun\u00e7\u00f5es.<br \/>\n3. **Ind\u00fastria de corantes e pigmentos**: A 2 - metilpiperazina pode ser utilizada na s\u00edntese de certos corantes e pigmentos. Pode participar em reac\u00e7\u00f5es qu\u00edmicas para formar novas liga\u00e7\u00f5es qu\u00edmicas, dotando assim os corantes e pigmentos de cores e propriedades especiais.\n<\/p>\n<h2 id=\"product_usage\">Utiliza\u00e7\u00e3o do produto<\/h2>\n<p>1. **Precau\u00e7\u00f5es de manuseamento**: Ao manusear a 2 - metilpiperazina, \u00e9 necess\u00e1rio usar equipamento de prote\u00e7\u00e3o adequado, como \u00f3culos de seguran\u00e7a, luvas e uma bata de laborat\u00f3rio. Evitar o contacto direto com a pele e os olhos. Em caso de contacto, lavar imediatamente com uma grande quantidade de \u00e1gua e procurar assist\u00eancia m\u00e9dica.<br \/>\n2. **Condi\u00e7\u00f5es de armazenamento**: Armazenar a 2 - metilpiperazina num local fresco, seco e bem ventilado. Manter afastado de fontes de igni\u00e7\u00e3o e de agentes oxidantes. Recomenda-se que seja armazenado num recipiente selado para evitar a evapora\u00e7\u00e3o e a contamina\u00e7\u00e3o.<br \/>\n3. **Condi\u00e7\u00f5es de rea\u00e7\u00e3o**: Nas reac\u00e7\u00f5es qu\u00edmicas, as condi\u00e7\u00f5es de rea\u00e7\u00e3o devem ser cuidadosamente controladas de acordo com os requisitos espec\u00edficos da rea\u00e7\u00e3o. Normalmente, as reac\u00e7\u00f5es que envolvem 2 - metilpiperazina podem exigir catalisadores, temperaturas e tempos de rea\u00e7\u00e3o espec\u00edficos.\n<\/p>\n<h2 id=\"usage_cases\">Casos de utiliza\u00e7\u00e3o de produtos<\/h2>\n<p>1. **Caso de s\u00edntese de um medicamento**: Uma empresa farmac\u00eautica estava a desenvolver um novo medicamento anti-hipertensivo. Utilizavam a 2 - metilpiperazina como um importante intermedi\u00e1rio. Primeiro, a 2 - metilpiperazina reagiu com um \u00e1cido carbox\u00edlico espec\u00edfico em determinadas condi\u00e7\u00f5es de rea\u00e7\u00e3o. Ap\u00f3s uma s\u00e9rie de etapas de purifica\u00e7\u00e3o, como extra\u00e7\u00e3o, destila\u00e7\u00e3o e cristaliza\u00e7\u00e3o, obteve-se um intermedi\u00e1rio importante. Em seguida, este intermedi\u00e1rio foi reagido com outras subst\u00e2ncias qu\u00edmicas para formar a mol\u00e9cula final do medicamento. Atrav\u00e9s de experi\u00eancias in - vitro e in - vivo, verificou-se que o novo medicamento tinha uma boa atividade anti-hipertensiva e menos efeitos secund\u00e1rios.<br \/>\n2. **Caso de s\u00edntese de pesticidas**: Uma empresa de produtos qu\u00edmicos agr\u00edcolas estava a investigar um novo tipo de inseticida. Utilizaram a 2-metilpiperazina para modificar a estrutura de um pesticida existente. Ao introduzir o grupo 2 - metilpiperazina, a solubilidade e a permeabilidade do pesticida nas plantas foram melhoradas. Os testes de campo mostraram que o novo pesticida tinha melhores efeitos de controlo sobre as pragas e um menor impacto no ambiente.\n<\/p>\n<h2 id=\"contact\">Informa\u00e7\u00f5es de contacto<\/h2>\n<p>Se tiver alguma d\u00favida ou precisar de mais informa\u00e7\u00f5es sobre este produto, n\u00e3o hesite em contactar-nos.<br \/>\nCorreio eletr\u00f3nico: info@vivalr.com<br \/>\nTelefone: (86) 15866781826<\/p>","protected":false},"excerpt":{"rendered":"<p>User Guide for Factory Supply 2-methylpiperazine cas 109-07-9 With Best Price Table of Contents Product Basic Information and Parameters Product Uses Product Usage Product Usage Cases Contact Information Product Basic Information and Parameters The product \u201cFactory Supply 2-methylpiperazine cas 109-07-9 With Best Price\u201d refers to 2 - methylpiperazine, which is a chemical compound. Its CAS [&hellip;]<\/p>","protected":false},"featured_media":27013,"comment_status":"closed","ping_status":"open","template":"","meta":[],"product_brand":[],"product_cat":[15],"product_tag":[],"class_list":{"0":"post-11946","1":"product","2":"type-product","3":"status-publish","4":"has-post-thumbnail","6":"product_cat-uncategorized","8":"first","9":"instock","10":"product-type-simple"},"yoast_head":"<!-- This site is optimized with the Yoast SEO Premium plugin v24.4 (Yoast SEO v27.4) - https:\/\/yoast.com\/product\/yoast-seo-premium-wordpress\/ -->\n<title>Factory Supply 2-methylpiperazine cas 109-07-9 With Best Price - Welcome to VIVALR- Your Trusted Source for Chemical Raw Materials\uff01<\/title>\n<meta name=\"robots\" content=\"index, follow, max-snippet:-1, max-image-preview:large, max-video-preview:-1\" \/>\n<link rel=\"canonical\" href=\"https:\/\/vivalr.com\/pt\/product\/11946.html\" \/>\n<meta property=\"og:locale\" content=\"pt_PT\" \/>\n<meta property=\"og:type\" content=\"article\" \/>\n<meta property=\"og:title\" content=\"Factory Supply 2-methylpiperazine cas 109-07-9 With Best Price\" \/>\n<meta property=\"og:description\" content=\"User Guide for Factory Supply 2-methylpiperazine cas 109-07-9 With Best Price Table of Contents Product Basic Information and Parameters Product Uses Product Usage Product Usage Cases Contact Information Product Basic Information and Parameters The product \u201cFactory Supply 2-methylpiperazine cas 109-07-9 With Best Price\u201d refers to 2 - methylpiperazine, which is a chemical compound. Its CAS [&hellip;]\" \/>\n<meta property=\"og:url\" content=\"https:\/\/vivalr.com\/pt\/product\/11946.html\" \/>\n<meta property=\"og:site_name\" content=\"Welcome to VIVALR- Your Trusted Source for Chemical Raw Materials\uff01\" \/>\n<meta property=\"article:modified_time\" content=\"2025-03-07T12:44:11+00:00\" \/>\n<meta property=\"og:image\" content=\"https:\/\/vivalr.com\/wp-content\/uploads\/2025\/03\/2-methylpiperazine-cas-109-07-9.jpg\" \/>\n\t<meta property=\"og:image:width\" content=\"400\" \/>\n\t<meta property=\"og:image:height\" content=\"400\" \/>\n\t<meta property=\"og:image:type\" content=\"image\/jpeg\" \/>\n<meta name=\"twitter:card\" content=\"summary_large_image\" \/>\n<meta name=\"twitter:label1\" content=\"Tempo estimado de leitura\" \/>\n\t<meta name=\"twitter:data1\" content=\"3 minutos\" \/>\n<script type=\"application\/ld+json\" class=\"yoast-schema-graph\">{\"@context\":\"https:\\\/\\\/schema.org\",\"@graph\":[{\"@type\":\"WebPage\",\"@id\":\"https:\\\/\\\/vivalr.com\\\/product\\\/11946.html\",\"url\":\"https:\\\/\\\/vivalr.com\\\/product\\\/11946.html\",\"name\":\"Factory Supply 2-methylpiperazine cas 109-07-9 With Best Price - Welcome to VIVALR- Your Trusted Source for Chemical Raw Materials\uff01\",\"isPartOf\":{\"@id\":\"https:\\\/\\\/vivalr.com\\\/#website\"},\"primaryImageOfPage\":{\"@id\":\"https:\\\/\\\/vivalr.com\\\/product\\\/11946.html#primaryimage\"},\"image\":{\"@id\":\"https:\\\/\\\/vivalr.com\\\/product\\\/11946.html#primaryimage\"},\"thumbnailUrl\":\"https:\\\/\\\/vivalr.com\\\/wp-content\\\/uploads\\\/2025\\\/03\\\/2-methylpiperazine-cas-109-07-9.jpg\",\"datePublished\":\"2025-03-07T12:18:26+00:00\",\"dateModified\":\"2025-03-07T12:44:11+00:00\",\"breadcrumb\":{\"@id\":\"https:\\\/\\\/vivalr.com\\\/product\\\/11946.html#breadcrumb\"},\"inLanguage\":\"pt-PT\",\"potentialAction\":[{\"@type\":\"ReadAction\",\"target\":[\"https:\\\/\\\/vivalr.com\\\/product\\\/11946.html\"]}]},{\"@type\":\"ImageObject\",\"inLanguage\":\"pt-PT\",\"@id\":\"https:\\\/\\\/vivalr.com\\\/product\\\/11946.html#primaryimage\",\"url\":\"https:\\\/\\\/vivalr.com\\\/wp-content\\\/uploads\\\/2025\\\/03\\\/2-methylpiperazine-cas-109-07-9.jpg\",\"contentUrl\":\"https:\\\/\\\/vivalr.com\\\/wp-content\\\/uploads\\\/2025\\\/03\\\/2-methylpiperazine-cas-109-07-9.jpg\",\"width\":400,\"height\":400},{\"@type\":\"BreadcrumbList\",\"@id\":\"https:\\\/\\\/vivalr.com\\\/product\\\/11946.html#breadcrumb\",\"itemListElement\":[{\"@type\":\"ListItem\",\"position\":1,\"name\":\"Home\",\"item\":\"https:\\\/\\\/vivalr.com\\\/\"},{\"@type\":\"ListItem\",\"position\":2,\"name\":\"Shop\",\"item\":\"https:\\\/\\\/vivalr.com\\\/shop\\\/\"},{\"@type\":\"ListItem\",\"position\":3,\"name\":\"Factory Supply 2-methylpiperazine cas 109-07-9 With Best Price\"}]},{\"@type\":\"WebSite\",\"@id\":\"https:\\\/\\\/vivalr.com\\\/#website\",\"url\":\"https:\\\/\\\/vivalr.com\\\/\",\"name\":\"Welcome to VIVALR- Your Trusted Source for Chemical Raw Materials\uff01\",\"description\":\"Discover a wide range of high-quality chemical raw materials to meet your industrial needs. Our commitment to excellence ensures that you get the best products and services.\",\"potentialAction\":[{\"@type\":\"SearchAction\",\"target\":{\"@type\":\"EntryPoint\",\"urlTemplate\":\"https:\\\/\\\/vivalr.com\\\/?s={search_term_string}\"},\"query-input\":{\"@type\":\"PropertyValueSpecification\",\"valueRequired\":true,\"valueName\":\"search_term_string\"}}],\"inLanguage\":\"pt-PT\"}]}<\/script>\n<!-- \/ Yoast SEO Premium plugin. -->","yoast_head_json":{"title":"Fornecimento de f\u00e1brica 2-metilpiperazina cas 109-07-9 com melhor pre\u00e7o - Bem-vindo ao VIVALR- Sua fonte confi\u00e1vel de mat\u00e9rias-primas qu\u00edmicas\uff01","robots":{"index":"index","follow":"follow","max-snippet":"max-snippet:-1","max-image-preview":"max-image-preview:large","max-video-preview":"max-video-preview:-1"},"canonical":"https:\/\/vivalr.com\/pt\/product\/11946.html","og_locale":"pt_PT","og_type":"article","og_title":"Factory Supply 2-methylpiperazine cas 109-07-9 With Best Price","og_description":"User Guide for Factory Supply 2-methylpiperazine cas 109-07-9 With Best Price Table of Contents Product Basic Information and Parameters Product Uses Product Usage Product Usage Cases Contact Information Product Basic Information and Parameters The product \u201cFactory Supply 2-methylpiperazine cas 109-07-9 With Best Price\u201d refers to 2 - methylpiperazine, which is a chemical compound. Its CAS [&hellip;]","og_url":"https:\/\/vivalr.com\/pt\/product\/11946.html","og_site_name":"Welcome to VIVALR- Your Trusted Source for Chemical Raw Materials\uff01","article_modified_time":"2025-03-07T12:44:11+00:00","og_image":[{"width":400,"height":400,"url":"https:\/\/vivalr.com\/wp-content\/uploads\/2025\/03\/2-methylpiperazine-cas-109-07-9.jpg","type":"image\/jpeg"}],"twitter_card":"summary_large_image","twitter_misc":{"Tempo estimado de leitura":"3 minutos"},"schema":{"@context":"https:\/\/schema.org","@graph":[{"@type":"WebPage","@id":"https:\/\/vivalr.com\/product\/11946.html","url":"https:\/\/vivalr.com\/product\/11946.html","name":"Fornecimento de f\u00e1brica 2-metilpiperazina cas 109-07-9 com melhor pre\u00e7o - Bem-vindo ao VIVALR- Sua fonte confi\u00e1vel de mat\u00e9rias-primas qu\u00edmicas\uff01","isPartOf":{"@id":"https:\/\/vivalr.com\/#website"},"primaryImageOfPage":{"@id":"https:\/\/vivalr.com\/product\/11946.html#primaryimage"},"image":{"@id":"https:\/\/vivalr.com\/product\/11946.html#primaryimage"},"thumbnailUrl":"https:\/\/vivalr.com\/wp-content\/uploads\/2025\/03\/2-methylpiperazine-cas-109-07-9.jpg","datePublished":"2025-03-07T12:18:26+00:00","dateModified":"2025-03-07T12:44:11+00:00","breadcrumb":{"@id":"https:\/\/vivalr.com\/product\/11946.html#breadcrumb"},"inLanguage":"pt-PT","potentialAction":[{"@type":"ReadAction","target":["https:\/\/vivalr.com\/product\/11946.html"]}]},{"@type":"ImageObject","inLanguage":"pt-PT","@id":"https:\/\/vivalr.com\/product\/11946.html#primaryimage","url":"https:\/\/vivalr.com\/wp-content\/uploads\/2025\/03\/2-methylpiperazine-cas-109-07-9.jpg","contentUrl":"https:\/\/vivalr.com\/wp-content\/uploads\/2025\/03\/2-methylpiperazine-cas-109-07-9.jpg","width":400,"height":400},{"@type":"BreadcrumbList","@id":"https:\/\/vivalr.com\/product\/11946.html#breadcrumb","itemListElement":[{"@type":"ListItem","position":1,"name":"Home","item":"https:\/\/vivalr.com\/"},{"@type":"ListItem","position":2,"name":"Shop","item":"https:\/\/vivalr.com\/shop\/"},{"@type":"ListItem","position":3,"name":"Factory Supply 2-methylpiperazine cas 109-07-9 With Best Price"}]},{"@type":"WebSite","@id":"https:\/\/vivalr.com\/#website","url":"https:\/\/vivalr.com\/","name":"Bem-vindo ao VIVALR- Sua fonte confi\u00e1vel de mat\u00e9rias-primas qu\u00edmicas\uff01","description":"Descubra uma vasta gama de mat\u00e9rias-primas qu\u00edmicas de alta qualidade para satisfazer as suas necessidades industriais. O nosso compromisso com a excel\u00eancia garante-lhe os melhores produtos e servi\u00e7os.","potentialAction":[{"@type":"SearchAction","target":{"@type":"EntryPoint","urlTemplate":"https:\/\/vivalr.com\/?s={search_term_string}"},"query-input":{"@type":"PropertyValueSpecification","valueRequired":true,"valueName":"search_term_string"}}],"inLanguage":"pt-PT"}]}},"_links":{"self":[{"href":"https:\/\/vivalr.com\/pt\/wp-json\/wp\/v2\/product\/11946","targetHints":{"allow":["GET"]}}],"collection":[{"href":"https:\/\/vivalr.com\/pt\/wp-json\/wp\/v2\/product"}],"about":[{"href":"https:\/\/vivalr.com\/pt\/wp-json\/wp\/v2\/types\/product"}],"replies":[{"embeddable":true,"href":"https:\/\/vivalr.com\/pt\/wp-json\/wp\/v2\/comments?post=11946"}],"wp:featuredmedia":[{"embeddable":true,"href":"https:\/\/vivalr.com\/pt\/wp-json\/wp\/v2\/media\/27013"}],"wp:attachment":[{"href":"https:\/\/vivalr.com\/pt\/wp-json\/wp\/v2\/media?parent=11946"}],"wp:term":[{"taxonomy":"product_brand","embeddable":true,"href":"https:\/\/vivalr.com\/pt\/wp-json\/wp\/v2\/product_brand?post=11946"},{"taxonomy":"product_cat","embeddable":true,"href":"https:\/\/vivalr.com\/pt\/wp-json\/wp\/v2\/product_cat?post=11946"},{"taxonomy":"product_tag","embeddable":true,"href":"https:\/\/vivalr.com\/pt\/wp-json\/wp\/v2\/product_tag?post=11946"}],"curies":[{"name":"wp","href":"https:\/\/api.w.org\/{rel}","templated":true}]}}