{"id":11976,"date":"2025-03-07T12:18:26","date_gmt":"2025-03-07T12:18:26","guid":{"rendered":"https:\/\/vivalr.com\/product\/11976.html"},"modified":"2025-03-07T12:44:14","modified_gmt":"2025-03-07T12:44:14","slug":"factory-supply-px-vpn-cas-1784766-39-7-with-best-price","status":"publish","type":"product","link":"https:\/\/vivalr.com\/pt\/product\/11976.html","title":{"rendered":"Factory Supply px-vpn cas 1784766-39-7 With Best Price"},"content":{"rendered":"<h1>Factory Supply px-vpn cas 1784766-39-7 With Best Price User Guide<\/h1>\n<h2>\u00cdndice<\/h2>\n<ul>\n<li><a href=\"#basic-info\">1. Informa\u00e7\u00f5es e par\u00e2metros de base<\/a><\/li>\n<li><a href=\"#usage\">2. Utiliza\u00e7\u00e3o do produto<\/a><\/li>\n<li><a href=\"#operation\">3. Como utilizar o produto<\/a><\/li>\n<li><a href=\"#case\">4. Casos de utiliza\u00e7\u00e3o pormenorizados<\/a><\/li>\n<li><a href=\"#contact\">5. Informa\u00e7\u00f5es de contacto<\/a><\/li>\n<\/ul>\n<h2 id=\"basic-info\">1. Informa\u00e7\u00f5es e par\u00e2metros de base<\/h2>\n<p>The product named Factory Supply px-vpn cas 1784766-39-7 is a high - quality and cost - effective item available at the best price. Although specific technical parameters are not fully presented here, we can assume that it has certain characteristics related to the VPN field. A VPN, or Virtual Private Network, is designed to provide a secure and private connection over the public internet. It typically encrypts the data transmitted between the user's device and the internet, protecting the user's information from eavesdropping and unauthorized access. <\/p>\n<p>As for its supply nature, being factory - supplied means that customers can expect a reliable and stable source of products, with the potential for customization and support directly from the manufacturer. The CAS number 1784766 - 39 - 7 might be used for identification in chemical or technical databases, which could imply that it has some unique chemical or technical composition that contributes to its performance.<\/p>\n<h2 id=\"usage\">2. Utiliza\u00e7\u00e3o do produto<\/h2>\n<p>The Factory Supply px - vpn cas 1784766 - 39 - 7 can be used in a variety of scenarios. Firstly, for individuals, it can be used to access geo - restricted content. Many streaming services, websites, or online resources are only available in certain regions. By using this VPN, users can mask their real IP address and appear as if they are accessing from a different location, thus bypassing these restrictions. <\/p>\n<p>Secondly, in a business context, it helps to protect corporate data. When employees are working remotely, they often need to access company resources over the internet. This VPN can create a secure tunnel for data transfer, ensuring that sensitive business information such as customer data, financial records, and trade secrets are protected from interception by malicious third - parties. <\/p>\n<h2 id=\"operation\">3. Como utilizar o produto<\/h2>\n<p>Using the Factory Supply px - vpn cas 1784766 - 39 - 7 is generally a straightforward process. First, users need to install the VPN software on their devices. This can usually be done by downloading the installation package from the official website provided by the factory. After the installation is complete, users need to register an account if required. They may need to provide some basic information and payment details if it is a paid service. <\/p>\n<p>Once logged in, users can select a server location according to their needs. For example, if they want to access a US - based streaming service, they can choose a US server. Then, they simply click the \"Connect\" button, and the VPN will establish a connection. When they no longer need the VPN, they can click \"Disconnect\" to end the connection.<\/p>\n<h2 id=\"case\">4. Casos de utiliza\u00e7\u00e3o pormenorizados<\/h2>\n<p>Case 1: A student named Tom wants to access an online library that is only available in the United Kingdom. He installs the Factory Supply px - vpn cas 1784766 - 39 - 7 on his laptop. After registering and logging in, he selects a UK server. Once connected, he can easily access the library's resources, which greatly helps him with his research papers. <\/p>\n<p>Case 2: A small business named ABC Company has employees working from different locations around the world. To protect their internal communication and data transfer, the company purchases the Factory Supply px - vpn cas 1784766 - 39 - 7. All employees install the VPN on their work devices. When they connect to the company's internal network through the VPN, they can safely access files, databases, and communicate with colleagues without the fear of data leakage.<\/p>\n<h2 id=\"contact\">5. Informa\u00e7\u00f5es de contacto<\/h2>\n<p>If you have any questions about the Factory Supply px - vpn cas 1784766 - 39 - 7, please feel free to contact us. Our email is info@vivalr.com, and our phone number is (86) 15866781826.<\/p>","protected":false},"excerpt":{"rendered":"<p>Factory Supply px-vpn cas 1784766-39-7 With Best Price User Guide Table of Contents 1. Basic Information and Parameters 2. Product Usage 3. How to Use the Product 4. Detailed Usage Cases 5. Contact Information 1. Basic Information and Parameters The product named Factory Supply px-vpn cas 1784766-39-7 is a high - quality and cost - [&hellip;]<\/p>","protected":false},"featured_media":27028,"comment_status":"closed","ping_status":"open","template":"","meta":[],"product_brand":[],"product_cat":[15],"product_tag":[],"class_list":{"0":"post-11976","1":"product","2":"type-product","3":"status-publish","4":"has-post-thumbnail","6":"product_cat-uncategorized","8":"first","9":"instock","10":"product-type-simple"},"yoast_head":"<!-- This site is optimized with the Yoast SEO Premium plugin v24.4 (Yoast SEO v25.0) - https:\/\/yoast.com\/wordpress\/plugins\/seo\/ -->\n<title>Factory Supply px-vpn cas 1784766-39-7 With Best Price - Welcome to VIVALR- Your Trusted Source for Chemical Raw Materials\uff01<\/title>\n<meta name=\"robots\" content=\"index, follow, max-snippet:-1, max-image-preview:large, max-video-preview:-1\" \/>\n<link rel=\"canonical\" href=\"https:\/\/vivalr.com\/pt\/product\/11976.html\" \/>\n<meta property=\"og:locale\" content=\"pt_PT\" \/>\n<meta property=\"og:type\" content=\"article\" \/>\n<meta property=\"og:title\" content=\"Factory Supply px-vpn cas 1784766-39-7 With Best Price\" \/>\n<meta property=\"og:description\" content=\"Factory Supply px-vpn cas 1784766-39-7 With Best Price User Guide Table of Contents 1. Basic Information and Parameters 2. Product Usage 3. How to Use the Product 4. Detailed Usage Cases 5. Contact Information 1. Basic Information and Parameters The product named Factory Supply px-vpn cas 1784766-39-7 is a high - quality and cost - [&hellip;]\" \/>\n<meta property=\"og:url\" content=\"https:\/\/vivalr.com\/pt\/product\/11976.html\" \/>\n<meta property=\"og:site_name\" content=\"Welcome to VIVALR- Your Trusted Source for Chemical Raw Materials\uff01\" \/>\n<meta property=\"article:modified_time\" content=\"2025-03-07T12:44:14+00:00\" \/>\n<meta property=\"og:image\" content=\"https:\/\/vivalr.com\/wp-content\/uploads\/2025\/03\/px-vpn-cas-1784766-39-7.jpg\" \/>\n\t<meta property=\"og:image:width\" content=\"600\" \/>\n\t<meta property=\"og:image:height\" content=\"654\" \/>\n\t<meta property=\"og:image:type\" content=\"image\/jpeg\" \/>\n<meta name=\"twitter:card\" content=\"summary_large_image\" \/>\n<meta name=\"twitter:label1\" content=\"Tempo estimado de leitura\" \/>\n\t<meta name=\"twitter:data1\" content=\"3 minutos\" \/>\n<script type=\"application\/ld+json\" class=\"yoast-schema-graph\">{\"@context\":\"https:\/\/schema.org\",\"@graph\":[{\"@type\":\"WebPage\",\"@id\":\"https:\/\/vivalr.com\/product\/11976.html\",\"url\":\"https:\/\/vivalr.com\/product\/11976.html\",\"name\":\"Factory Supply px-vpn cas 1784766-39-7 With Best Price - Welcome to VIVALR- Your Trusted Source for Chemical Raw Materials\uff01\",\"isPartOf\":{\"@id\":\"https:\/\/vivalr.com\/#website\"},\"primaryImageOfPage\":{\"@id\":\"https:\/\/vivalr.com\/product\/11976.html#primaryimage\"},\"image\":{\"@id\":\"https:\/\/vivalr.com\/product\/11976.html#primaryimage\"},\"thumbnailUrl\":\"https:\/\/vivalr.com\/wp-content\/uploads\/2025\/03\/px-vpn-cas-1784766-39-7.jpg\",\"datePublished\":\"2025-03-07T12:18:26+00:00\",\"dateModified\":\"2025-03-07T12:44:14+00:00\",\"breadcrumb\":{\"@id\":\"https:\/\/vivalr.com\/product\/11976.html#breadcrumb\"},\"inLanguage\":\"pt-PT\",\"potentialAction\":[{\"@type\":\"ReadAction\",\"target\":[\"https:\/\/vivalr.com\/product\/11976.html\"]}]},{\"@type\":\"ImageObject\",\"inLanguage\":\"pt-PT\",\"@id\":\"https:\/\/vivalr.com\/product\/11976.html#primaryimage\",\"url\":\"https:\/\/vivalr.com\/wp-content\/uploads\/2025\/03\/px-vpn-cas-1784766-39-7.jpg\",\"contentUrl\":\"https:\/\/vivalr.com\/wp-content\/uploads\/2025\/03\/px-vpn-cas-1784766-39-7.jpg\",\"width\":600,\"height\":654},{\"@type\":\"BreadcrumbList\",\"@id\":\"https:\/\/vivalr.com\/product\/11976.html#breadcrumb\",\"itemListElement\":[{\"@type\":\"ListItem\",\"position\":1,\"name\":\"Home\",\"item\":\"https:\/\/vivalr.com\/\"},{\"@type\":\"ListItem\",\"position\":2,\"name\":\"Shop\",\"item\":\"https:\/\/vivalr.com\/shop\/\"},{\"@type\":\"ListItem\",\"position\":3,\"name\":\"Factory Supply px-vpn cas 1784766-39-7 With Best Price\"}]},{\"@type\":\"WebSite\",\"@id\":\"https:\/\/vivalr.com\/#website\",\"url\":\"https:\/\/vivalr.com\/\",\"name\":\"Welcome to VIVALR- Your Trusted Source for Chemical Raw Materials\uff01\",\"description\":\"Discover a wide range of high-quality chemical raw materials to meet your industrial needs. Our commitment to excellence ensures that you get the best products and services.\",\"potentialAction\":[{\"@type\":\"SearchAction\",\"target\":{\"@type\":\"EntryPoint\",\"urlTemplate\":\"https:\/\/vivalr.com\/?s={search_term_string}\"},\"query-input\":{\"@type\":\"PropertyValueSpecification\",\"valueRequired\":true,\"valueName\":\"search_term_string\"}}],\"inLanguage\":\"pt-PT\"}]}<\/script>\n<!-- \/ Yoast SEO Premium plugin. -->","yoast_head_json":{"title":"Factory Supply px-vpn cas 1784766-39-7 With Best Price - Welcome to VIVALR- Your Trusted Source for Chemical Raw Materials\uff01","robots":{"index":"index","follow":"follow","max-snippet":"max-snippet:-1","max-image-preview":"max-image-preview:large","max-video-preview":"max-video-preview:-1"},"canonical":"https:\/\/vivalr.com\/pt\/product\/11976.html","og_locale":"pt_PT","og_type":"article","og_title":"Factory Supply px-vpn cas 1784766-39-7 With Best Price","og_description":"Factory Supply px-vpn cas 1784766-39-7 With Best Price User Guide Table of Contents 1. Basic Information and Parameters 2. Product Usage 3. How to Use the Product 4. Detailed Usage Cases 5. Contact Information 1. Basic Information and Parameters The product named Factory Supply px-vpn cas 1784766-39-7 is a high - quality and cost - [&hellip;]","og_url":"https:\/\/vivalr.com\/pt\/product\/11976.html","og_site_name":"Welcome to VIVALR- Your Trusted Source for Chemical Raw Materials\uff01","article_modified_time":"2025-03-07T12:44:14+00:00","og_image":[{"width":600,"height":654,"url":"https:\/\/vivalr.com\/wp-content\/uploads\/2025\/03\/px-vpn-cas-1784766-39-7.jpg","type":"image\/jpeg"}],"twitter_card":"summary_large_image","twitter_misc":{"Tempo estimado de leitura":"3 minutos"},"schema":{"@context":"https:\/\/schema.org","@graph":[{"@type":"WebPage","@id":"https:\/\/vivalr.com\/product\/11976.html","url":"https:\/\/vivalr.com\/product\/11976.html","name":"Factory Supply px-vpn cas 1784766-39-7 With Best Price - Welcome to VIVALR- Your Trusted Source for Chemical Raw Materials\uff01","isPartOf":{"@id":"https:\/\/vivalr.com\/#website"},"primaryImageOfPage":{"@id":"https:\/\/vivalr.com\/product\/11976.html#primaryimage"},"image":{"@id":"https:\/\/vivalr.com\/product\/11976.html#primaryimage"},"thumbnailUrl":"https:\/\/vivalr.com\/wp-content\/uploads\/2025\/03\/px-vpn-cas-1784766-39-7.jpg","datePublished":"2025-03-07T12:18:26+00:00","dateModified":"2025-03-07T12:44:14+00:00","breadcrumb":{"@id":"https:\/\/vivalr.com\/product\/11976.html#breadcrumb"},"inLanguage":"pt-PT","potentialAction":[{"@type":"ReadAction","target":["https:\/\/vivalr.com\/product\/11976.html"]}]},{"@type":"ImageObject","inLanguage":"pt-PT","@id":"https:\/\/vivalr.com\/product\/11976.html#primaryimage","url":"https:\/\/vivalr.com\/wp-content\/uploads\/2025\/03\/px-vpn-cas-1784766-39-7.jpg","contentUrl":"https:\/\/vivalr.com\/wp-content\/uploads\/2025\/03\/px-vpn-cas-1784766-39-7.jpg","width":600,"height":654},{"@type":"BreadcrumbList","@id":"https:\/\/vivalr.com\/product\/11976.html#breadcrumb","itemListElement":[{"@type":"ListItem","position":1,"name":"Home","item":"https:\/\/vivalr.com\/"},{"@type":"ListItem","position":2,"name":"Shop","item":"https:\/\/vivalr.com\/shop\/"},{"@type":"ListItem","position":3,"name":"Factory Supply px-vpn cas 1784766-39-7 With Best Price"}]},{"@type":"WebSite","@id":"https:\/\/vivalr.com\/#website","url":"https:\/\/vivalr.com\/","name":"Bem-vindo ao VIVALR- Sua fonte confi\u00e1vel de mat\u00e9rias-primas qu\u00edmicas\uff01","description":"Descubra uma vasta gama de mat\u00e9rias-primas qu\u00edmicas de alta qualidade para satisfazer as suas necessidades industriais. O nosso compromisso com a excel\u00eancia garante-lhe os melhores produtos e servi\u00e7os.","potentialAction":[{"@type":"SearchAction","target":{"@type":"EntryPoint","urlTemplate":"https:\/\/vivalr.com\/?s={search_term_string}"},"query-input":{"@type":"PropertyValueSpecification","valueRequired":true,"valueName":"search_term_string"}}],"inLanguage":"pt-PT"}]}},"_links":{"self":[{"href":"https:\/\/vivalr.com\/pt\/wp-json\/wp\/v2\/product\/11976","targetHints":{"allow":["GET"]}}],"collection":[{"href":"https:\/\/vivalr.com\/pt\/wp-json\/wp\/v2\/product"}],"about":[{"href":"https:\/\/vivalr.com\/pt\/wp-json\/wp\/v2\/types\/product"}],"replies":[{"embeddable":true,"href":"https:\/\/vivalr.com\/pt\/wp-json\/wp\/v2\/comments?post=11976"}],"wp:featuredmedia":[{"embeddable":true,"href":"https:\/\/vivalr.com\/pt\/wp-json\/wp\/v2\/media\/27028"}],"wp:attachment":[{"href":"https:\/\/vivalr.com\/pt\/wp-json\/wp\/v2\/media?parent=11976"}],"wp:term":[{"taxonomy":"product_brand","embeddable":true,"href":"https:\/\/vivalr.com\/pt\/wp-json\/wp\/v2\/product_brand?post=11976"},{"taxonomy":"product_cat","embeddable":true,"href":"https:\/\/vivalr.com\/pt\/wp-json\/wp\/v2\/product_cat?post=11976"},{"taxonomy":"product_tag","embeddable":true,"href":"https:\/\/vivalr.com\/pt\/wp-json\/wp\/v2\/product_tag?post=11976"}],"curies":[{"name":"wp","href":"https:\/\/api.w.org\/{rel}","templated":true}]}}