{"id":11984,"date":"2025-03-07T12:18:29","date_gmt":"2025-03-07T12:18:29","guid":{"rendered":"https:\/\/vivalr.com\/product\/11984.html"},"modified":"2025-03-07T12:44:15","modified_gmt":"2025-03-07T12:44:15","slug":"factory-supply-pxz-trz-cas-1411910-25-2-with-best-price","status":"publish","type":"product","link":"https:\/\/vivalr.com\/pt\/product\/11984.html","title":{"rendered":"Fornecimento de f\u00e1brica pxz-trz cas 1411910-25-2 com melhor pre\u00e7o"},"content":{"rendered":"<h1>Fornecimento de f\u00e1brica pxz - trz cas 1411910 - 25 - 2 Guia do utilizador do produto<\/h1>\n<nav>\n<ul>\n<li><a href=\"#basic_info\">Informa\u00e7\u00f5es e par\u00e2metros b\u00e1sicos<\/a><\/li>\n<li><a href=\"#uses\">Utiliza\u00e7\u00f5es do produto<\/a><\/li>\n<li><a href=\"#usage\">Utiliza\u00e7\u00e3o do produto<\/a><\/li>\n<li><a href=\"#usage_cases\">Casos de utiliza\u00e7\u00e3o<\/a><\/li>\n<li><a href=\"#contact\">Informa\u00e7\u00f5es de contacto<\/a><\/li>\n<\/ul>\n<\/nav>\n<h2 id=\"basic_info\">Informa\u00e7\u00f5es e par\u00e2metros b\u00e1sicos<\/h2>\n<p>O produto, Factory Supply pxz - trz cas 1411910 - 25 - 2, \u00e9 um produto qu\u00edmico de alta qualidade fornecido diretamente da f\u00e1brica. O n\u00famero CAS 1411910 - 25 - 2 serve como um identificador \u00fanico para este produto qu\u00edmico na base de dados qu\u00edmica internacional, garantindo a sua rastreabilidade e autenticidade. <\/p>\n<p>Relativamente \u00e0s suas propriedades f\u00edsicas e qu\u00edmicas, devido \u00e0 natureza espec\u00edfica do produto, os par\u00e2metros detalhados, tais como o ponto de fus\u00e3o, o ponto de ebuli\u00e7\u00e3o, a solubilidade e a densidade, s\u00e3o fornecidos na ficha de dados de seguran\u00e7a do material (MSDS). No entanto, em geral, este produto \u00e9 conhecido pela sua estabilidade em condi\u00e7\u00f5es normais de armazenamento e manuseamento. Est\u00e1 dispon\u00edvel em diferentes tamanhos de embalagem para satisfazer as v\u00e1rias necessidades dos clientes, desde a utiliza\u00e7\u00e3o laboratorial em pequena escala at\u00e9 \u00e0 produ\u00e7\u00e3o industrial em grande escala.<\/p>\n<h2 id=\"uses\">Utiliza\u00e7\u00f5es do produto<\/h2>\n<p>Factory Supply pxz - trz cas 1411910 - 25 - 2 tem uma vasta gama de aplica\u00e7\u00f5es. Na ind\u00fastria farmac\u00eautica, pode ser usado como intermedi\u00e1rio na s\u00edntese de certos medicamentos. Sua estrutura qu\u00edmica \u00fanica permite que ele participe de rea\u00e7\u00f5es qu\u00edmicas espec\u00edficas, contribuindo para a cria\u00e7\u00e3o de novas mol\u00e9culas de drogas com maior efic\u00e1cia e menos efeitos colaterais. <\/p>\n<p>No dom\u00ednio da ci\u00eancia dos materiais, este produto pode ser utilizado como um modificador para pol\u00edmeros. Ao incorpor\u00e1-lo em matrizes de pol\u00edmeros, as propriedades mec\u00e2nicas, a estabilidade t\u00e9rmica e a resist\u00eancia qu\u00edmica dos pol\u00edmeros podem ser significativamente melhoradas. Isto torna os pol\u00edmeros modificados adequados para utiliza\u00e7\u00e3o em aplica\u00e7\u00f5es de elevado desempenho, tais como componentes aeroespaciais e pe\u00e7as para autom\u00f3veis.<\/p>\n<p>Al\u00e9m disso, na investiga\u00e7\u00e3o e desenvolvimento de novos materiais e compostos qu\u00edmicos, a Factory Supply pxz - trz cas 1411910 - 25 - 2 serve como um valioso bloco de constru\u00e7\u00e3o. Cientistas e pesquisadores podem us\u00e1-lo para explorar novas vias de rea\u00e7\u00e3o e sintetizar novos compostos com propriedades \u00fanicas.<\/p>\n<h2 id=\"usage\">Utiliza\u00e7\u00e3o do produto<\/h2>\n<p>Ao utilizar o Factory Supply pxz - trz cas 1411910 - 25 - 2, \u00e9 crucial seguir protocolos de seguran\u00e7a rigorosos. Em primeiro lugar, os utilizadores devem usar equipamento de prote\u00e7\u00e3o individual (EPI) adequado, incluindo \u00f3culos de seguran\u00e7a, luvas e uma bata de laborat\u00f3rio. <\/p>\n<p>Para utiliza\u00e7\u00e3o em laborat\u00f3rio, s\u00e3o essenciais a pesagem e a medi\u00e7\u00e3o exactas do produto. Recomenda-se a utiliza\u00e7\u00e3o de instrumentos calibrados para garantir a utiliza\u00e7\u00e3o da quantidade correta do produto nas experi\u00eancias. O produto deve ser adicionado ao sistema de rea\u00e7\u00e3o lentamente e de forma controlada para evitar reac\u00e7\u00f5es violentas. <\/p>\n<p>Na produ\u00e7\u00e3o industrial, o manuseamento e o armazenamento do produto devem cumprir os regulamentos relevantes. Devem ser utilizadas instala\u00e7\u00f5es de armazenamento especializadas para manter a qualidade do produto. Antes da utiliza\u00e7\u00e3o, \u00e9 necess\u00e1rio efetuar procedimentos de pr\u00e9-tratamento de acordo com os requisitos espec\u00edficos do processo, tais como a purifica\u00e7\u00e3o e a ativa\u00e7\u00e3o.<\/p>\n<h2 id=\"usage_cases\">Casos de utiliza\u00e7\u00e3o<\/h2>\n<p>Caso 1: S\u00edntese farmac\u00eautica<br \/>\nUma empresa farmac\u00eautica estava a desenvolver um novo medicamento anti-cancro. Utilizaram o produto Factory Supply pxz - trz cas 1411910 - 25 - 2 como um intermedi\u00e1rio na s\u00edntese em v\u00e1rias etapas. Controlando cuidadosamente as condi\u00e7\u00f5es de rea\u00e7\u00e3o e utilizando este produto, sintetizaram com sucesso uma nova mol\u00e9cula de f\u00e1rmaco. Em ensaios pr\u00e9 - cl\u00ednicos, este novo f\u00e1rmaco mostrou uma promissora atividade anti - tumoral, com uma maior taxa de inibi\u00e7\u00e3o do crescimento de c\u00e9lulas cancer\u00edgenas em compara\u00e7\u00e3o com os f\u00e1rmacos existentes. <\/p>\n<p>Caso 2: Modifica\u00e7\u00e3o de pol\u00edmeros<br \/>\nUma equipa de investiga\u00e7\u00e3o de materiais pretendia melhorar o desempenho de um pol\u00edmero comum utilizado em pe\u00e7as autom\u00f3veis. Adicionaram Factory Supply pxz - trz cas 1411910 - 25 - 2 \u00e0 matriz polim\u00e9rica durante o processo de polimeriza\u00e7\u00e3o. O pol\u00edmero modificado apresentou maior resist\u00eancia \u00e0 tra\u00e7\u00e3o, melhor resist\u00eancia ao calor e melhor estabilidade qu\u00edmica. Como resultado, as pe\u00e7as autom\u00f3veis fabricadas com este pol\u00edmero modificado tiveram uma vida \u00fatil mais longa e um melhor desempenho em condi\u00e7\u00f5es adversas.<\/p>\n<h2 id=\"contact\">Informa\u00e7\u00f5es de contacto<\/h2>\n<p>Se voc\u00ea tiver alguma d\u00favida ou precisar de mais informa\u00e7\u00f5es sobre Fornecimento de f\u00e1brica pxz - trz cas 1411910 - 25 - 2, n\u00e3o hesite em contactar-nos. O nosso e-mail \u00e9 info@vivalr.com, e o nosso n\u00famero de telefone \u00e9 (86) 15866781826. Estamos empenhados em fornecer-lhe o melhor servi\u00e7o e suporte t\u00e9cnico.<\/p>","protected":false},"excerpt":{"rendered":"<p>Factory Supply pxz - trz cas 1411910 - 25 - 2 Product User Guide Basic Information and Parameters Product Uses Product Usage Usage Cases Contact Information Basic Information and Parameters The product, Factory Supply pxz - trz cas 1411910 - 25 - 2, is a high - quality chemical product supplied directly from the factory. [&hellip;]<\/p>","protected":false},"featured_media":27032,"comment_status":"closed","ping_status":"open","template":"","meta":[],"product_brand":[],"product_cat":[15],"product_tag":[],"class_list":{"0":"post-11984","1":"product","2":"type-product","3":"status-publish","4":"has-post-thumbnail","6":"product_cat-uncategorized","8":"first","9":"instock","10":"product-type-simple"},"yoast_head":"<!-- This site is optimized with the Yoast SEO Premium plugin v24.4 (Yoast SEO v27.4) - https:\/\/yoast.com\/product\/yoast-seo-premium-wordpress\/ -->\n<title>Factory Supply pxz-trz cas 1411910-25-2 With Best Price - Welcome to VIVALR- Your Trusted Source for Chemical Raw Materials\uff01<\/title>\n<meta name=\"robots\" content=\"index, follow, max-snippet:-1, max-image-preview:large, max-video-preview:-1\" \/>\n<link rel=\"canonical\" href=\"https:\/\/vivalr.com\/pt\/product\/11984.html\" \/>\n<meta property=\"og:locale\" content=\"pt_PT\" \/>\n<meta property=\"og:type\" content=\"article\" \/>\n<meta property=\"og:title\" content=\"Factory Supply pxz-trz cas 1411910-25-2 With Best Price\" \/>\n<meta property=\"og:description\" content=\"Factory Supply pxz - trz cas 1411910 - 25 - 2 Product User Guide Basic Information and Parameters Product Uses Product Usage Usage Cases Contact Information Basic Information and Parameters The product, Factory Supply pxz - trz cas 1411910 - 25 - 2, is a high - quality chemical product supplied directly from the factory. [&hellip;]\" \/>\n<meta property=\"og:url\" content=\"https:\/\/vivalr.com\/pt\/product\/11984.html\" \/>\n<meta property=\"og:site_name\" content=\"Welcome to VIVALR- Your Trusted Source for Chemical Raw Materials\uff01\" \/>\n<meta property=\"article:modified_time\" content=\"2025-03-07T12:44:15+00:00\" \/>\n<meta property=\"og:image\" content=\"https:\/\/vivalr.com\/wp-content\/uploads\/2025\/03\/pxz-trz-cas-1411910-25-2.jpg\" \/>\n\t<meta property=\"og:image:width\" content=\"600\" \/>\n\t<meta property=\"og:image:height\" content=\"654\" \/>\n\t<meta property=\"og:image:type\" content=\"image\/jpeg\" \/>\n<meta name=\"twitter:card\" content=\"summary_large_image\" \/>\n<meta name=\"twitter:label1\" content=\"Tempo estimado de leitura\" \/>\n\t<meta name=\"twitter:data1\" content=\"3 minutos\" \/>\n<script type=\"application\/ld+json\" class=\"yoast-schema-graph\">{\"@context\":\"https:\\\/\\\/schema.org\",\"@graph\":[{\"@type\":\"WebPage\",\"@id\":\"https:\\\/\\\/vivalr.com\\\/product\\\/11984.html\",\"url\":\"https:\\\/\\\/vivalr.com\\\/product\\\/11984.html\",\"name\":\"Factory Supply pxz-trz cas 1411910-25-2 With Best Price - Welcome to VIVALR- Your Trusted Source for Chemical Raw Materials\uff01\",\"isPartOf\":{\"@id\":\"https:\\\/\\\/vivalr.com\\\/#website\"},\"primaryImageOfPage\":{\"@id\":\"https:\\\/\\\/vivalr.com\\\/product\\\/11984.html#primaryimage\"},\"image\":{\"@id\":\"https:\\\/\\\/vivalr.com\\\/product\\\/11984.html#primaryimage\"},\"thumbnailUrl\":\"https:\\\/\\\/vivalr.com\\\/wp-content\\\/uploads\\\/2025\\\/03\\\/pxz-trz-cas-1411910-25-2.jpg\",\"datePublished\":\"2025-03-07T12:18:29+00:00\",\"dateModified\":\"2025-03-07T12:44:15+00:00\",\"breadcrumb\":{\"@id\":\"https:\\\/\\\/vivalr.com\\\/product\\\/11984.html#breadcrumb\"},\"inLanguage\":\"pt-PT\",\"potentialAction\":[{\"@type\":\"ReadAction\",\"target\":[\"https:\\\/\\\/vivalr.com\\\/product\\\/11984.html\"]}]},{\"@type\":\"ImageObject\",\"inLanguage\":\"pt-PT\",\"@id\":\"https:\\\/\\\/vivalr.com\\\/product\\\/11984.html#primaryimage\",\"url\":\"https:\\\/\\\/vivalr.com\\\/wp-content\\\/uploads\\\/2025\\\/03\\\/pxz-trz-cas-1411910-25-2.jpg\",\"contentUrl\":\"https:\\\/\\\/vivalr.com\\\/wp-content\\\/uploads\\\/2025\\\/03\\\/pxz-trz-cas-1411910-25-2.jpg\",\"width\":600,\"height\":654},{\"@type\":\"BreadcrumbList\",\"@id\":\"https:\\\/\\\/vivalr.com\\\/product\\\/11984.html#breadcrumb\",\"itemListElement\":[{\"@type\":\"ListItem\",\"position\":1,\"name\":\"Home\",\"item\":\"https:\\\/\\\/vivalr.com\\\/\"},{\"@type\":\"ListItem\",\"position\":2,\"name\":\"Shop\",\"item\":\"https:\\\/\\\/vivalr.com\\\/shop\\\/\"},{\"@type\":\"ListItem\",\"position\":3,\"name\":\"Factory Supply pxz-trz cas 1411910-25-2 With Best Price\"}]},{\"@type\":\"WebSite\",\"@id\":\"https:\\\/\\\/vivalr.com\\\/#website\",\"url\":\"https:\\\/\\\/vivalr.com\\\/\",\"name\":\"Welcome to VIVALR- Your Trusted Source for Chemical Raw Materials\uff01\",\"description\":\"Discover a wide range of high-quality chemical raw materials to meet your industrial needs. Our commitment to excellence ensures that you get the best products and services.\",\"potentialAction\":[{\"@type\":\"SearchAction\",\"target\":{\"@type\":\"EntryPoint\",\"urlTemplate\":\"https:\\\/\\\/vivalr.com\\\/?s={search_term_string}\"},\"query-input\":{\"@type\":\"PropertyValueSpecification\",\"valueRequired\":true,\"valueName\":\"search_term_string\"}}],\"inLanguage\":\"pt-PT\"}]}<\/script>\n<!-- \/ Yoast SEO Premium plugin. -->","yoast_head_json":{"title":"Fornecimento de f\u00e1brica pxz-trz cas 1411910-25-2 com melhor pre\u00e7o - Bem-vindo ao VIVALR- Sua fonte confi\u00e1vel de mat\u00e9rias-primas qu\u00edmicas\uff01","robots":{"index":"index","follow":"follow","max-snippet":"max-snippet:-1","max-image-preview":"max-image-preview:large","max-video-preview":"max-video-preview:-1"},"canonical":"https:\/\/vivalr.com\/pt\/product\/11984.html","og_locale":"pt_PT","og_type":"article","og_title":"Factory Supply pxz-trz cas 1411910-25-2 With Best Price","og_description":"Factory Supply pxz - trz cas 1411910 - 25 - 2 Product User Guide Basic Information and Parameters Product Uses Product Usage Usage Cases Contact Information Basic Information and Parameters The product, Factory Supply pxz - trz cas 1411910 - 25 - 2, is a high - quality chemical product supplied directly from the factory. [&hellip;]","og_url":"https:\/\/vivalr.com\/pt\/product\/11984.html","og_site_name":"Welcome to VIVALR- Your Trusted Source for Chemical Raw Materials\uff01","article_modified_time":"2025-03-07T12:44:15+00:00","og_image":[{"width":600,"height":654,"url":"https:\/\/vivalr.com\/wp-content\/uploads\/2025\/03\/pxz-trz-cas-1411910-25-2.jpg","type":"image\/jpeg"}],"twitter_card":"summary_large_image","twitter_misc":{"Tempo estimado de leitura":"3 minutos"},"schema":{"@context":"https:\/\/schema.org","@graph":[{"@type":"WebPage","@id":"https:\/\/vivalr.com\/product\/11984.html","url":"https:\/\/vivalr.com\/product\/11984.html","name":"Fornecimento de f\u00e1brica pxz-trz cas 1411910-25-2 com melhor pre\u00e7o - Bem-vindo ao VIVALR- Sua fonte confi\u00e1vel de mat\u00e9rias-primas qu\u00edmicas\uff01","isPartOf":{"@id":"https:\/\/vivalr.com\/#website"},"primaryImageOfPage":{"@id":"https:\/\/vivalr.com\/product\/11984.html#primaryimage"},"image":{"@id":"https:\/\/vivalr.com\/product\/11984.html#primaryimage"},"thumbnailUrl":"https:\/\/vivalr.com\/wp-content\/uploads\/2025\/03\/pxz-trz-cas-1411910-25-2.jpg","datePublished":"2025-03-07T12:18:29+00:00","dateModified":"2025-03-07T12:44:15+00:00","breadcrumb":{"@id":"https:\/\/vivalr.com\/product\/11984.html#breadcrumb"},"inLanguage":"pt-PT","potentialAction":[{"@type":"ReadAction","target":["https:\/\/vivalr.com\/product\/11984.html"]}]},{"@type":"ImageObject","inLanguage":"pt-PT","@id":"https:\/\/vivalr.com\/product\/11984.html#primaryimage","url":"https:\/\/vivalr.com\/wp-content\/uploads\/2025\/03\/pxz-trz-cas-1411910-25-2.jpg","contentUrl":"https:\/\/vivalr.com\/wp-content\/uploads\/2025\/03\/pxz-trz-cas-1411910-25-2.jpg","width":600,"height":654},{"@type":"BreadcrumbList","@id":"https:\/\/vivalr.com\/product\/11984.html#breadcrumb","itemListElement":[{"@type":"ListItem","position":1,"name":"Home","item":"https:\/\/vivalr.com\/"},{"@type":"ListItem","position":2,"name":"Shop","item":"https:\/\/vivalr.com\/shop\/"},{"@type":"ListItem","position":3,"name":"Factory Supply pxz-trz cas 1411910-25-2 With Best Price"}]},{"@type":"WebSite","@id":"https:\/\/vivalr.com\/#website","url":"https:\/\/vivalr.com\/","name":"Bem-vindo ao VIVALR- Sua fonte confi\u00e1vel de mat\u00e9rias-primas qu\u00edmicas\uff01","description":"Descubra uma vasta gama de mat\u00e9rias-primas qu\u00edmicas de alta qualidade para satisfazer as suas necessidades industriais. O nosso compromisso com a excel\u00eancia garante-lhe os melhores produtos e servi\u00e7os.","potentialAction":[{"@type":"SearchAction","target":{"@type":"EntryPoint","urlTemplate":"https:\/\/vivalr.com\/?s={search_term_string}"},"query-input":{"@type":"PropertyValueSpecification","valueRequired":true,"valueName":"search_term_string"}}],"inLanguage":"pt-PT"}]}},"_links":{"self":[{"href":"https:\/\/vivalr.com\/pt\/wp-json\/wp\/v2\/product\/11984","targetHints":{"allow":["GET"]}}],"collection":[{"href":"https:\/\/vivalr.com\/pt\/wp-json\/wp\/v2\/product"}],"about":[{"href":"https:\/\/vivalr.com\/pt\/wp-json\/wp\/v2\/types\/product"}],"replies":[{"embeddable":true,"href":"https:\/\/vivalr.com\/pt\/wp-json\/wp\/v2\/comments?post=11984"}],"wp:featuredmedia":[{"embeddable":true,"href":"https:\/\/vivalr.com\/pt\/wp-json\/wp\/v2\/media\/27032"}],"wp:attachment":[{"href":"https:\/\/vivalr.com\/pt\/wp-json\/wp\/v2\/media?parent=11984"}],"wp:term":[{"taxonomy":"product_brand","embeddable":true,"href":"https:\/\/vivalr.com\/pt\/wp-json\/wp\/v2\/product_brand?post=11984"},{"taxonomy":"product_cat","embeddable":true,"href":"https:\/\/vivalr.com\/pt\/wp-json\/wp\/v2\/product_cat?post=11984"},{"taxonomy":"product_tag","embeddable":true,"href":"https:\/\/vivalr.com\/pt\/wp-json\/wp\/v2\/product_tag?post=11984"}],"curies":[{"name":"wp","href":"https:\/\/api.w.org\/{rel}","templated":true}]}}