{"id":12000,"date":"2025-03-07T12:18:29","date_gmt":"2025-03-07T12:18:29","guid":{"rendered":"https:\/\/vivalr.com\/product\/12000.html"},"modified":"2025-03-07T12:44:17","modified_gmt":"2025-03-07T12:44:17","slug":"factory-supply-r-23-cyclohexylideneglyceraldehyde-cas-78008-36-3-with-best-price","status":"publish","type":"product","link":"https:\/\/vivalr.com\/pt\/product\/12000.html","title":{"rendered":"Fornecimento de f\u00e1brica (r)-2,3-ciclohexilidenegliceralde\u00eddo cas 78008-36-3 com melhor pre\u00e7o"},"content":{"rendered":"<h1>Guia do utilizador do produto: Fornecimento de f\u00e1brica (r) -2,3-ciclohexilidenegliceralde\u00eddo cas 78008-36-3 com melhor pre\u00e7o<\/h1>\n<h2>\u00cdndice<\/h2>\n<ul>\n<li><a href=\"#basic_info\">Informa\u00e7\u00f5es e par\u00e2metros b\u00e1sicos<\/a><\/li>\n<li><a href=\"#uses\">Utiliza\u00e7\u00f5es do produto<\/a><\/li>\n<li><a href=\"#usage\">Utiliza\u00e7\u00e3o do produto<\/a><\/li>\n<li><a href=\"#case_study\">Estudos de casos de utiliza\u00e7\u00e3o de produtos<\/a><\/li>\n<li><a href=\"#contact\">Informa\u00e7\u00f5es de contacto<\/a><\/li>\n<\/ul>\n<h2 id=\"basic_info\">Informa\u00e7\u00f5es e par\u00e2metros b\u00e1sicos<\/h2>\n<p>O produto \u00e9 (r)-2,3-cyclohexylideneglyceraldehyde com o n\u00famero CAS 78008-36-3. \u00c9 fornecido diretamente da f\u00e1brica ao melhor pre\u00e7o. Este composto qu\u00edmico tem uma estrutura molecular espec\u00edfica com um grupo ciclohexilideno ligado a uma por\u00e7\u00e3o de gliceralde\u00eddo. A pureza do nosso produto \u00e9 cuidadosamente controlada para cumprir padr\u00f5es de qualidade elevados, garantindo a sua fiabilidade para v\u00e1rias aplica\u00e7\u00f5es. O estado f\u00edsico do produto pode variar consoante as condi\u00e7\u00f5es de armazenamento, mas est\u00e1 geralmente dispon\u00edvel numa forma que \u00e9 adequada para um manuseamento f\u00e1cil em ambientes laboratoriais ou industriais.<\/p>\n<h2 id=\"uses\">Utiliza\u00e7\u00f5es do produto<\/h2>\n<p>O (r)-2,3-ciclohexilidenegliceralde\u00eddo tem uma vasta gama de utiliza\u00e7\u00f5es nas ind\u00fastrias qu\u00edmica e farmac\u00eautica. No dom\u00ednio da s\u00edntese org\u00e2nica, serve como um valioso bloco de constru\u00e7\u00e3o. Pode ser utilizado para criar mol\u00e9culas mais complexas atrav\u00e9s de v\u00e1rias reac\u00e7\u00f5es qu\u00edmicas, tais como reac\u00e7\u00f5es de condensa\u00e7\u00e3o, adi\u00e7\u00e3o e substitui\u00e7\u00e3o. Por exemplo, pode participar na forma\u00e7\u00e3o de compostos quirais, que s\u00e3o cruciais para o desenvolvimento de novos medicamentos. Os medicamentos quirais t\u00eam frequentemente actividades biol\u00f3gicas diferentes, dependendo das suas formas enantiom\u00e9ricas, e o nosso produto pode ser utilizado como material de partida para sintetizar o enanti\u00f3mero desejado.<\/p>\n<p>Na ind\u00fastria farmac\u00eautica, pode estar envolvido na s\u00edntese de ingredientes farmac\u00eauticos activos (APIs). Ao incorporar o (r)-2,3-ciclohexilideno-gliceralde\u00eddo na via de s\u00edntese, os investigadores podem introduzir grupos funcionais espec\u00edficos e estereoqu\u00edmica para obter as propriedades farmacol\u00f3gicas desejadas do medicamento final.<\/p>\n<h2 id=\"usage\">Utiliza\u00e7\u00e3o do produto<\/h2>\n<p>Ao utilizar o (r)-2,3-ciclohexilideno-gliceralde\u00eddo, \u00e9 importante seguir os procedimentos normais de seguran\u00e7a laboratorial ou industrial. Usar equipamento de prote\u00e7\u00e3o pessoal adequado, incluindo luvas, \u00f3culos de prote\u00e7\u00e3o e batas de laborat\u00f3rio. Armazenar o produto num local fresco e seco, afastado da luz solar direta e de fontes de igni\u00e7\u00e3o. Antes da utiliza\u00e7\u00e3o, ler atentamente o r\u00f3tulo do produto e a ficha de dados de seguran\u00e7a (FDS) para obter informa\u00e7\u00f5es pormenorizadas sobre o manuseamento, armazenamento e elimina\u00e7\u00e3o.<\/p>\n<p>Num laborat\u00f3rio, medir com exatid\u00e3o a quantidade necess\u00e1ria do produto utilizando equipamento calibrado. Ao realizar reac\u00e7\u00f5es qu\u00edmicas, assegurar que as condi\u00e7\u00f5es de rea\u00e7\u00e3o, como a temperatura, a press\u00e3o e o tempo de rea\u00e7\u00e3o, s\u00e3o cuidadosamente controladas de acordo com o protocolo de rea\u00e7\u00e3o espec\u00edfico. Ap\u00f3s a conclus\u00e3o da rea\u00e7\u00e3o, seguir os procedimentos adequados de purifica\u00e7\u00e3o e isolamento para obter o produto desejado.<\/p>\n<h2 id=\"case_study\">Estudos de casos de utiliza\u00e7\u00e3o de produtos<\/h2>\n<p>Estudo de caso 1: Uma empresa de investiga\u00e7\u00e3o farmac\u00eautica estava a trabalhar no desenvolvimento de um novo medicamento contra o cancro. Utilizaram o (r)-2,3-ciclohexilidenegliceralde\u00eddo como um intermedi\u00e1rio chave na s\u00edntese do ingrediente farmac\u00eautico ativo. Ao incorporar este composto na sua rota de s\u00edntese, conseguiram introduzir um centro quiral espec\u00edfico na mol\u00e9cula. Atrav\u00e9s de uma s\u00e9rie de reac\u00e7\u00f5es bem concebidas, sintetizaram com sucesso o composto alvo com elevada pureza enantiom\u00e9rica. Em ensaios pr\u00e9 - cl\u00ednicos, o medicamento mostrou uma atividade anti - cancro promissora, demonstrando a import\u00e2ncia do nosso produto no processo de desenvolvimento de medicamentos.<\/p>\n<p>Estudo de caso 2: Um grupo de investiga\u00e7\u00e3o de qu\u00edmica org\u00e2nica estava a estudar a s\u00edntese de produtos naturais. Utilizaram o (r)-2,3-ciclohexilideno-gliceralde\u00eddo para construir um esqueleto de carbono complexo. Controlando cuidadosamente as condi\u00e7\u00f5es de rea\u00e7\u00e3o e utilizando uma combina\u00e7\u00e3o de diferentes reagentes, conseguiram obter uma s\u00edntese de alto rendimento do an\u00e1logo do produto natural. Este trabalho n\u00e3o s\u00f3 fez avan\u00e7ar o dom\u00ednio da s\u00edntese de produtos naturais, como tamb\u00e9m real\u00e7ou a versatilidade do nosso produto na investiga\u00e7\u00e3o em qu\u00edmica org\u00e2nica.<\/p>\n<h2 id=\"contact\">Informa\u00e7\u00f5es de contacto<\/h2>\n<p>Se tiver alguma d\u00favida ou precisar de mais informa\u00e7\u00f5es sobre o (r)-2,3-ciclohexilidenegliceralde\u00eddo, n\u00e3o hesite em contactar-nos. O nosso e-mail \u00e9 info@vivalr.com e o nosso n\u00famero de telefone \u00e9 (86) 15866781826. Estamos empenhados em fornecer-lhe produtos de alta qualidade e um excelente servi\u00e7o ao cliente.<\/p>","protected":false},"excerpt":{"rendered":"<p>Product User Guide: Factory Supply (r)-2,3-cyclohexylideneglyceraldehyde cas 78008-36-3 With Best Price Table of Contents Basic Information and Parameters Product Uses Product Usage Product Usage Case Studies Contact Information Basic Information and Parameters The product is (r)-2,3-cyclohexylideneglyceraldehyde with the CAS number 78008-36-3. It is supplied directly from the factory at the best price. This chemical compound [&hellip;]<\/p>","protected":false},"featured_media":27040,"comment_status":"closed","ping_status":"open","template":"","meta":[],"product_brand":[],"product_cat":[15],"product_tag":[],"class_list":{"0":"post-12000","1":"product","2":"type-product","3":"status-publish","4":"has-post-thumbnail","6":"product_cat-uncategorized","8":"first","9":"instock","10":"product-type-simple"},"yoast_head":"<!-- This site is optimized with the Yoast SEO Premium plugin v24.4 (Yoast SEO v27.4) - https:\/\/yoast.com\/product\/yoast-seo-premium-wordpress\/ -->\n<title>Factory Supply (r)-2,3-cyclohexylideneglyceraldehyde cas 78008-36-3 With Best Price - Welcome to VIVALR- Your Trusted Source for Chemical Raw Materials\uff01<\/title>\n<meta name=\"robots\" content=\"index, follow, max-snippet:-1, max-image-preview:large, max-video-preview:-1\" \/>\n<link rel=\"canonical\" href=\"https:\/\/vivalr.com\/pt\/product\/12000.html\" \/>\n<meta property=\"og:locale\" content=\"pt_PT\" \/>\n<meta property=\"og:type\" content=\"article\" \/>\n<meta property=\"og:title\" content=\"Factory Supply (r)-2,3-cyclohexylideneglyceraldehyde cas 78008-36-3 With Best Price\" \/>\n<meta property=\"og:description\" content=\"Product User Guide: Factory Supply (r)-2,3-cyclohexylideneglyceraldehyde cas 78008-36-3 With Best Price Table of Contents Basic Information and Parameters Product Uses Product Usage Product Usage Case Studies Contact Information Basic Information and Parameters The product is (r)-2,3-cyclohexylideneglyceraldehyde with the CAS number 78008-36-3. It is supplied directly from the factory at the best price. This chemical compound [&hellip;]\" \/>\n<meta property=\"og:url\" content=\"https:\/\/vivalr.com\/pt\/product\/12000.html\" \/>\n<meta property=\"og:site_name\" content=\"Welcome to VIVALR- Your Trusted Source for Chemical Raw Materials\uff01\" \/>\n<meta property=\"article:modified_time\" content=\"2025-03-07T12:44:17+00:00\" \/>\n<meta property=\"og:image\" content=\"https:\/\/vivalr.com\/wp-content\/uploads\/2025\/03\/r-23-cyclohexylideneglyceraldehyde-cas-78008-36-3.jpg\" \/>\n\t<meta property=\"og:image:width\" content=\"600\" \/>\n\t<meta property=\"og:image:height\" content=\"654\" \/>\n\t<meta property=\"og:image:type\" content=\"image\/jpeg\" \/>\n<meta name=\"twitter:card\" content=\"summary_large_image\" \/>\n<meta name=\"twitter:label1\" content=\"Tempo estimado de leitura\" \/>\n\t<meta name=\"twitter:data1\" content=\"3 minutos\" \/>\n<script type=\"application\/ld+json\" class=\"yoast-schema-graph\">{\"@context\":\"https:\\\/\\\/schema.org\",\"@graph\":[{\"@type\":\"WebPage\",\"@id\":\"https:\\\/\\\/vivalr.com\\\/product\\\/12000.html\",\"url\":\"https:\\\/\\\/vivalr.com\\\/product\\\/12000.html\",\"name\":\"Factory Supply (r)-2,3-cyclohexylideneglyceraldehyde cas 78008-36-3 With Best Price - Welcome to VIVALR- Your Trusted Source for Chemical Raw Materials\uff01\",\"isPartOf\":{\"@id\":\"https:\\\/\\\/vivalr.com\\\/#website\"},\"primaryImageOfPage\":{\"@id\":\"https:\\\/\\\/vivalr.com\\\/product\\\/12000.html#primaryimage\"},\"image\":{\"@id\":\"https:\\\/\\\/vivalr.com\\\/product\\\/12000.html#primaryimage\"},\"thumbnailUrl\":\"https:\\\/\\\/vivalr.com\\\/wp-content\\\/uploads\\\/2025\\\/03\\\/r-23-cyclohexylideneglyceraldehyde-cas-78008-36-3.jpg\",\"datePublished\":\"2025-03-07T12:18:29+00:00\",\"dateModified\":\"2025-03-07T12:44:17+00:00\",\"breadcrumb\":{\"@id\":\"https:\\\/\\\/vivalr.com\\\/product\\\/12000.html#breadcrumb\"},\"inLanguage\":\"pt-PT\",\"potentialAction\":[{\"@type\":\"ReadAction\",\"target\":[\"https:\\\/\\\/vivalr.com\\\/product\\\/12000.html\"]}]},{\"@type\":\"ImageObject\",\"inLanguage\":\"pt-PT\",\"@id\":\"https:\\\/\\\/vivalr.com\\\/product\\\/12000.html#primaryimage\",\"url\":\"https:\\\/\\\/vivalr.com\\\/wp-content\\\/uploads\\\/2025\\\/03\\\/r-23-cyclohexylideneglyceraldehyde-cas-78008-36-3.jpg\",\"contentUrl\":\"https:\\\/\\\/vivalr.com\\\/wp-content\\\/uploads\\\/2025\\\/03\\\/r-23-cyclohexylideneglyceraldehyde-cas-78008-36-3.jpg\",\"width\":600,\"height\":654},{\"@type\":\"BreadcrumbList\",\"@id\":\"https:\\\/\\\/vivalr.com\\\/product\\\/12000.html#breadcrumb\",\"itemListElement\":[{\"@type\":\"ListItem\",\"position\":1,\"name\":\"Home\",\"item\":\"https:\\\/\\\/vivalr.com\\\/\"},{\"@type\":\"ListItem\",\"position\":2,\"name\":\"Shop\",\"item\":\"https:\\\/\\\/vivalr.com\\\/shop\\\/\"},{\"@type\":\"ListItem\",\"position\":3,\"name\":\"Factory Supply (r)-2,3-cyclohexylideneglyceraldehyde cas 78008-36-3 With Best Price\"}]},{\"@type\":\"WebSite\",\"@id\":\"https:\\\/\\\/vivalr.com\\\/#website\",\"url\":\"https:\\\/\\\/vivalr.com\\\/\",\"name\":\"Welcome to VIVALR- Your Trusted Source for Chemical Raw Materials\uff01\",\"description\":\"Discover a wide range of high-quality chemical raw materials to meet your industrial needs. Our commitment to excellence ensures that you get the best products and services.\",\"potentialAction\":[{\"@type\":\"SearchAction\",\"target\":{\"@type\":\"EntryPoint\",\"urlTemplate\":\"https:\\\/\\\/vivalr.com\\\/?s={search_term_string}\"},\"query-input\":{\"@type\":\"PropertyValueSpecification\",\"valueRequired\":true,\"valueName\":\"search_term_string\"}}],\"inLanguage\":\"pt-PT\"}]}<\/script>\n<!-- \/ Yoast SEO Premium plugin. -->","yoast_head_json":{"title":"Fornecimento de f\u00e1brica (r) -2,3-ciclohexilidenegliceralde\u00eddo cas 78008-36-3 com melhor pre\u00e7o - Bem-vindo ao VIVALR - Sua fonte confi\u00e1vel de mat\u00e9rias-primas qu\u00edmicas\uff01","robots":{"index":"index","follow":"follow","max-snippet":"max-snippet:-1","max-image-preview":"max-image-preview:large","max-video-preview":"max-video-preview:-1"},"canonical":"https:\/\/vivalr.com\/pt\/product\/12000.html","og_locale":"pt_PT","og_type":"article","og_title":"Factory Supply (r)-2,3-cyclohexylideneglyceraldehyde cas 78008-36-3 With Best Price","og_description":"Product User Guide: Factory Supply (r)-2,3-cyclohexylideneglyceraldehyde cas 78008-36-3 With Best Price Table of Contents Basic Information and Parameters Product Uses Product Usage Product Usage Case Studies Contact Information Basic Information and Parameters The product is (r)-2,3-cyclohexylideneglyceraldehyde with the CAS number 78008-36-3. It is supplied directly from the factory at the best price. This chemical compound [&hellip;]","og_url":"https:\/\/vivalr.com\/pt\/product\/12000.html","og_site_name":"Welcome to VIVALR- Your Trusted Source for Chemical Raw Materials\uff01","article_modified_time":"2025-03-07T12:44:17+00:00","og_image":[{"width":600,"height":654,"url":"https:\/\/vivalr.com\/wp-content\/uploads\/2025\/03\/r-23-cyclohexylideneglyceraldehyde-cas-78008-36-3.jpg","type":"image\/jpeg"}],"twitter_card":"summary_large_image","twitter_misc":{"Tempo estimado de leitura":"3 minutos"},"schema":{"@context":"https:\/\/schema.org","@graph":[{"@type":"WebPage","@id":"https:\/\/vivalr.com\/product\/12000.html","url":"https:\/\/vivalr.com\/product\/12000.html","name":"Fornecimento de f\u00e1brica (r) -2,3-ciclohexilidenegliceralde\u00eddo cas 78008-36-3 com melhor pre\u00e7o - Bem-vindo ao VIVALR - Sua fonte confi\u00e1vel de mat\u00e9rias-primas qu\u00edmicas\uff01","isPartOf":{"@id":"https:\/\/vivalr.com\/#website"},"primaryImageOfPage":{"@id":"https:\/\/vivalr.com\/product\/12000.html#primaryimage"},"image":{"@id":"https:\/\/vivalr.com\/product\/12000.html#primaryimage"},"thumbnailUrl":"https:\/\/vivalr.com\/wp-content\/uploads\/2025\/03\/r-23-cyclohexylideneglyceraldehyde-cas-78008-36-3.jpg","datePublished":"2025-03-07T12:18:29+00:00","dateModified":"2025-03-07T12:44:17+00:00","breadcrumb":{"@id":"https:\/\/vivalr.com\/product\/12000.html#breadcrumb"},"inLanguage":"pt-PT","potentialAction":[{"@type":"ReadAction","target":["https:\/\/vivalr.com\/product\/12000.html"]}]},{"@type":"ImageObject","inLanguage":"pt-PT","@id":"https:\/\/vivalr.com\/product\/12000.html#primaryimage","url":"https:\/\/vivalr.com\/wp-content\/uploads\/2025\/03\/r-23-cyclohexylideneglyceraldehyde-cas-78008-36-3.jpg","contentUrl":"https:\/\/vivalr.com\/wp-content\/uploads\/2025\/03\/r-23-cyclohexylideneglyceraldehyde-cas-78008-36-3.jpg","width":600,"height":654},{"@type":"BreadcrumbList","@id":"https:\/\/vivalr.com\/product\/12000.html#breadcrumb","itemListElement":[{"@type":"ListItem","position":1,"name":"Home","item":"https:\/\/vivalr.com\/"},{"@type":"ListItem","position":2,"name":"Shop","item":"https:\/\/vivalr.com\/shop\/"},{"@type":"ListItem","position":3,"name":"Factory Supply (r)-2,3-cyclohexylideneglyceraldehyde cas 78008-36-3 With Best Price"}]},{"@type":"WebSite","@id":"https:\/\/vivalr.com\/#website","url":"https:\/\/vivalr.com\/","name":"Bem-vindo ao VIVALR- Sua fonte confi\u00e1vel de mat\u00e9rias-primas qu\u00edmicas\uff01","description":"Descubra uma vasta gama de mat\u00e9rias-primas qu\u00edmicas de alta qualidade para satisfazer as suas necessidades industriais. O nosso compromisso com a excel\u00eancia garante-lhe os melhores produtos e servi\u00e7os.","potentialAction":[{"@type":"SearchAction","target":{"@type":"EntryPoint","urlTemplate":"https:\/\/vivalr.com\/?s={search_term_string}"},"query-input":{"@type":"PropertyValueSpecification","valueRequired":true,"valueName":"search_term_string"}}],"inLanguage":"pt-PT"}]}},"_links":{"self":[{"href":"https:\/\/vivalr.com\/pt\/wp-json\/wp\/v2\/product\/12000","targetHints":{"allow":["GET"]}}],"collection":[{"href":"https:\/\/vivalr.com\/pt\/wp-json\/wp\/v2\/product"}],"about":[{"href":"https:\/\/vivalr.com\/pt\/wp-json\/wp\/v2\/types\/product"}],"replies":[{"embeddable":true,"href":"https:\/\/vivalr.com\/pt\/wp-json\/wp\/v2\/comments?post=12000"}],"wp:featuredmedia":[{"embeddable":true,"href":"https:\/\/vivalr.com\/pt\/wp-json\/wp\/v2\/media\/27040"}],"wp:attachment":[{"href":"https:\/\/vivalr.com\/pt\/wp-json\/wp\/v2\/media?parent=12000"}],"wp:term":[{"taxonomy":"product_brand","embeddable":true,"href":"https:\/\/vivalr.com\/pt\/wp-json\/wp\/v2\/product_brand?post=12000"},{"taxonomy":"product_cat","embeddable":true,"href":"https:\/\/vivalr.com\/pt\/wp-json\/wp\/v2\/product_cat?post=12000"},{"taxonomy":"product_tag","embeddable":true,"href":"https:\/\/vivalr.com\/pt\/wp-json\/wp\/v2\/product_tag?post=12000"}],"curies":[{"name":"wp","href":"https:\/\/api.w.org\/{rel}","templated":true}]}}