{"id":12002,"date":"2025-03-07T12:18:29","date_gmt":"2025-03-07T12:18:29","guid":{"rendered":"https:\/\/vivalr.com\/product\/12002.html"},"modified":"2025-03-07T12:44:17","modified_gmt":"2025-03-07T12:44:17","slug":"factory-supply-4-chloro-6-ethyl-5-fluoropyrimidine-cas-137234-74-3-with-best-price","status":"publish","type":"product","link":"https:\/\/vivalr.com\/pt\/product\/12002.html","title":{"rendered":"Fornecimento de f\u00e1brica 4-cloro-6-etil-5-fluoropirimidina cas 137234-74-3 com melhor pre\u00e7o"},"content":{"rendered":"<h2>\u00cdndice<\/h2>\n<ol>\n<li><a href=\"#basic-info\">Informa\u00e7\u00f5es e par\u00e2metros b\u00e1sicos<\/a><\/li>\n<li><a href=\"#uses\">Utiliza\u00e7\u00f5es do produto<\/a><\/li>\n<li><a href=\"#usage\">Como utilizar o produto<\/a><\/li>\n<li><a href=\"#case-studies\">Estudos de casos de utiliza\u00e7\u00e3o<\/a><\/li>\n<li><a href=\"#contact\">Informa\u00e7\u00f5es de contacto<\/a><\/li>\n<\/ol>\n<h2 id=\"basic-info\">Informa\u00e7\u00f5es e par\u00e2metros b\u00e1sicos<\/h2>\n<p>O produto \u00e9 Fornecimento de F\u00e1brica 4-cloro-6-etil-5-fluoropirimidina com o n\u00famero CAS 137234-74-3. \u00c9 oferecido ao melhor pre\u00e7o. Este composto qu\u00edmico tem uma estrutura molecular espec\u00edfica caracterizada pela presen\u00e7a de grupos de cloro, etilo e fl\u00faor ligados ao anel de pirimidina. A f\u00f3rmula molecular da 4 - cloro - 6 - etil - 5 - fluoropirimidina pode ser utilizada para calcular a sua massa molar. As propriedades f\u00edsicas e qu\u00edmicas deste produto, como a solubilidade, o ponto de fus\u00e3o e o ponto de ebuli\u00e7\u00e3o, desempenham um papel crucial nas suas v\u00e1rias aplica\u00e7\u00f5es. <\/p>\n<p>A solubilidade \u00e9 um fator importante, uma vez que determina a forma como o produto pode ser dissolvido em diferentes solventes para utiliza\u00e7\u00e3o em reac\u00e7\u00f5es qu\u00edmicas ou formula\u00e7\u00f5es. Os pontos de fus\u00e3o e de ebuli\u00e7\u00e3o s\u00e3o fundamentais para o armazenamento e manuseamento, uma vez que indicam os intervalos de temperatura em que o produto permanece num estado est\u00e1vel. A pureza do produto \u00e9 tamb\u00e9m um par\u00e2metro importante, uma vez que uma pureza mais elevada conduz geralmente a um desempenho mais fi\u00e1vel e consistente nas aplica\u00e7\u00f5es.<\/p>\n<h2 id=\"uses\">Utiliza\u00e7\u00f5es do produto<\/h2>\n<p>A 4 - cloro - 6 - etil - 5 - fluoropirimidina tem uma vasta gama de utiliza\u00e7\u00f5es nas ind\u00fastrias qu\u00edmica e farmac\u00eautica. No dom\u00ednio da s\u00edntese org\u00e2nica, serve como um valioso bloco de constru\u00e7\u00e3o para a cria\u00e7\u00e3o de mol\u00e9culas org\u00e2nicas mais complexas. Os qu\u00edmicos podem utiliz\u00e1-la para introduzir grupos funcionais espec\u00edficos em compostos-alvo, o que \u00e9 essencial para o desenvolvimento de novos medicamentos, agroqu\u00edmicos e especialidades qu\u00edmicas.<\/p>\n<p>Na ind\u00fastria farmac\u00eautica, este composto pode ser utilizado na s\u00edntese de potenciais candidatos a medicamentos. A sua estrutura \u00fanica pode conferir actividades biol\u00f3gicas espec\u00edficas, tornando-o um material de partida promissor para a descoberta de medicamentos que podem tratar v\u00e1rias doen\u00e7as. Por exemplo, pode estar envolvido na s\u00edntese de medicamentos que visam enzimas ou receptores espec\u00edficos no corpo humano.<\/p>\n<p>No sector agroqu\u00edmico, a 4 - cloro - 6 - etil - 5 - fluoropirimidina pode ser utilizada para desenvolver pesticidas e herbicidas. Ao incorporar este composto na estrutura qu\u00edmica destes produtos, a sua efic\u00e1cia contra pragas e ervas daninhas pode ser aumentada, ao mesmo tempo que se reduzem potencialmente os impactos ambientais.<\/p>\n<h2 id=\"usage\">Como utilizar o produto<\/h2>\n<p>Ao utilizar 4 - cloro - 6 - etil - 5 - fluoropirimidina, \u00e9 essencial seguir os procedimentos de seguran\u00e7a e manuseamento adequados. Em primeiro lugar, assegurar que o ambiente de trabalho \u00e9 bem ventilado para evitar a inala\u00e7\u00e3o de vapores potencialmente nocivos. Usar equipamento de prote\u00e7\u00e3o pessoal adequado, incluindo luvas, \u00f3culos de prote\u00e7\u00e3o e uma bata de laborat\u00f3rio.<\/p>\n<p>No caso de reac\u00e7\u00f5es qu\u00edmicas, medir com precis\u00e3o a quantidade necess\u00e1ria do produto utilizando instrumentos calibrados. Dissolver o composto num solvente adequado de acordo com as suas propriedades de solubilidade. As condi\u00e7\u00f5es de rea\u00e7\u00e3o, como a temperatura, a press\u00e3o e o tempo de rea\u00e7\u00e3o, devem ser cuidadosamente controladas para obter os resultados desejados. Ap\u00f3s a conclus\u00e3o da rea\u00e7\u00e3o, podem ser necess\u00e1rias etapas de purifica\u00e7\u00e3o adequadas para isolar o produto final.<\/p>\n<p>O armazenamento do produto tamb\u00e9m \u00e9 crucial. Deve ser armazenado num local fresco e seco, longe da luz solar direta e de fontes de calor. O recipiente deve ser hermeticamente fechado para evitar a contamina\u00e7\u00e3o e a degrada\u00e7\u00e3o.<\/p>\n<h2 id=\"case-studies\">Estudos de casos de utiliza\u00e7\u00e3o<\/h2>\n<p>Caso 1: Investiga\u00e7\u00e3o farmac\u00eautica<br \/>\nUma equipa de investiga\u00e7\u00e3o de uma empresa farmac\u00eautica pretendia desenvolver um novo medicamento contra o cancro. Utilizaram a 4 - cloro - 6 - etil - 5 - fluoropirimidina como material de base. Atrav\u00e9s de uma s\u00e9rie de reac\u00e7\u00f5es qu\u00edmicas, conseguiram introduzir a por\u00e7\u00e3o pirimidina na mol\u00e9cula alvo, que foi concebida para inibir uma enzima espec\u00edfica envolvida no crescimento das c\u00e9lulas cancer\u00edgenas. Ap\u00f3s extensos testes in - vitro e in - vivo, o novo candidato a medicamento mostrou uma atividade anticancer\u00edgena promissora, com efeitos secund\u00e1rios reduzidos em compara\u00e7\u00e3o com os medicamentos existentes.<\/p>\n<p>Caso 2: Desenvolvimento Agroqu\u00edmico<br \/>\nUma empresa agroqu\u00edmica estava a tentar desenvolver um herbicida mais eficaz. Incorporaram 4 - cloro - 6 - etil - 5 - fluoropirimidina na estrutura qu\u00edmica de um novo composto herbicida. Atrav\u00e9s de ensaios de campo, verificou-se que o novo herbicida tinha um espetro de atividade mais amplo contra diferentes tipos de ervas daninhas e era mais amigo do ambiente do que os herbicidas tradicionais. Apresentava um melhor controlo do crescimento das ervas daninhas e tinha um menor impacto nas plantas n\u00e3o visadas e no ecossistema do solo.<\/p>\n<h2 id=\"contact\">Informa\u00e7\u00f5es de contacto<\/h2>\n<p>Se voc\u00ea tiver alguma d\u00favida ou precisar de mais informa\u00e7\u00f5es sobre Fornecimento de f\u00e1brica 4 - cloro - 6 - etil - 5 - fluoropirimidina, n\u00e3o hesite em contactar-nos. Nosso e-mail \u00e9 info@vivalr.com, e nosso n\u00famero de telefone \u00e9 (86) 15866781826.<\/p>","protected":false},"excerpt":{"rendered":"<p>Table of Contents Basic Information and Parameters Uses of the Product How to Use the Product Usage Case Studies Contact Information Basic Information and Parameters The product is Factory Supply 4-chloro-6-ethyl-5-fluoropyrimidine with the CAS number 137234-74-3. It is offered at the best price. This chemical compound has a specific molecular structure characterized by the presence [&hellip;]<\/p>","protected":false},"featured_media":27041,"comment_status":"closed","ping_status":"open","template":"","meta":[],"product_brand":[],"product_cat":[15],"product_tag":[],"class_list":{"0":"post-12002","1":"product","2":"type-product","3":"status-publish","4":"has-post-thumbnail","6":"product_cat-uncategorized","8":"first","9":"instock","10":"product-type-simple"},"yoast_head":"<!-- This site is optimized with the Yoast SEO Premium plugin v24.4 (Yoast SEO v27.4) - https:\/\/yoast.com\/product\/yoast-seo-premium-wordpress\/ -->\n<title>Factory Supply 4-chloro-6-ethyl-5-fluoropyrimidine cas 137234-74-3 With Best Price - Welcome to VIVALR- Your Trusted Source for Chemical Raw Materials\uff01<\/title>\n<meta name=\"robots\" content=\"index, follow, max-snippet:-1, max-image-preview:large, max-video-preview:-1\" \/>\n<link rel=\"canonical\" href=\"https:\/\/vivalr.com\/pt\/product\/12002.html\" \/>\n<meta property=\"og:locale\" content=\"pt_PT\" \/>\n<meta property=\"og:type\" content=\"article\" \/>\n<meta property=\"og:title\" content=\"Factory Supply 4-chloro-6-ethyl-5-fluoropyrimidine cas 137234-74-3 With Best Price\" \/>\n<meta property=\"og:description\" content=\"Table of Contents Basic Information and Parameters Uses of the Product How to Use the Product Usage Case Studies Contact Information Basic Information and Parameters The product is Factory Supply 4-chloro-6-ethyl-5-fluoropyrimidine with the CAS number 137234-74-3. It is offered at the best price. This chemical compound has a specific molecular structure characterized by the presence [&hellip;]\" \/>\n<meta property=\"og:url\" content=\"https:\/\/vivalr.com\/pt\/product\/12002.html\" \/>\n<meta property=\"og:site_name\" content=\"Welcome to VIVALR- Your Trusted Source for Chemical Raw Materials\uff01\" \/>\n<meta property=\"article:modified_time\" content=\"2025-03-07T12:44:17+00:00\" \/>\n<meta property=\"og:image\" content=\"https:\/\/vivalr.com\/wp-content\/uploads\/2025\/03\/4-chloro-6-ethyl-5-fluoropyrimidine-cas-137234-74-3.jpg\" \/>\n\t<meta property=\"og:image:width\" content=\"400\" \/>\n\t<meta property=\"og:image:height\" content=\"400\" \/>\n\t<meta property=\"og:image:type\" content=\"image\/jpeg\" \/>\n<meta name=\"twitter:card\" content=\"summary_large_image\" \/>\n<meta name=\"twitter:label1\" content=\"Tempo estimado de leitura\" \/>\n\t<meta name=\"twitter:data1\" content=\"4 minutos\" \/>\n<script type=\"application\/ld+json\" class=\"yoast-schema-graph\">{\"@context\":\"https:\\\/\\\/schema.org\",\"@graph\":[{\"@type\":\"WebPage\",\"@id\":\"https:\\\/\\\/vivalr.com\\\/product\\\/12002.html\",\"url\":\"https:\\\/\\\/vivalr.com\\\/product\\\/12002.html\",\"name\":\"Factory Supply 4-chloro-6-ethyl-5-fluoropyrimidine cas 137234-74-3 With Best Price - Welcome to VIVALR- Your Trusted Source for Chemical Raw Materials\uff01\",\"isPartOf\":{\"@id\":\"https:\\\/\\\/vivalr.com\\\/#website\"},\"primaryImageOfPage\":{\"@id\":\"https:\\\/\\\/vivalr.com\\\/product\\\/12002.html#primaryimage\"},\"image\":{\"@id\":\"https:\\\/\\\/vivalr.com\\\/product\\\/12002.html#primaryimage\"},\"thumbnailUrl\":\"https:\\\/\\\/vivalr.com\\\/wp-content\\\/uploads\\\/2025\\\/03\\\/4-chloro-6-ethyl-5-fluoropyrimidine-cas-137234-74-3.jpg\",\"datePublished\":\"2025-03-07T12:18:29+00:00\",\"dateModified\":\"2025-03-07T12:44:17+00:00\",\"breadcrumb\":{\"@id\":\"https:\\\/\\\/vivalr.com\\\/product\\\/12002.html#breadcrumb\"},\"inLanguage\":\"pt-PT\",\"potentialAction\":[{\"@type\":\"ReadAction\",\"target\":[\"https:\\\/\\\/vivalr.com\\\/product\\\/12002.html\"]}]},{\"@type\":\"ImageObject\",\"inLanguage\":\"pt-PT\",\"@id\":\"https:\\\/\\\/vivalr.com\\\/product\\\/12002.html#primaryimage\",\"url\":\"https:\\\/\\\/vivalr.com\\\/wp-content\\\/uploads\\\/2025\\\/03\\\/4-chloro-6-ethyl-5-fluoropyrimidine-cas-137234-74-3.jpg\",\"contentUrl\":\"https:\\\/\\\/vivalr.com\\\/wp-content\\\/uploads\\\/2025\\\/03\\\/4-chloro-6-ethyl-5-fluoropyrimidine-cas-137234-74-3.jpg\",\"width\":400,\"height\":400},{\"@type\":\"BreadcrumbList\",\"@id\":\"https:\\\/\\\/vivalr.com\\\/product\\\/12002.html#breadcrumb\",\"itemListElement\":[{\"@type\":\"ListItem\",\"position\":1,\"name\":\"Home\",\"item\":\"https:\\\/\\\/vivalr.com\\\/\"},{\"@type\":\"ListItem\",\"position\":2,\"name\":\"Shop\",\"item\":\"https:\\\/\\\/vivalr.com\\\/shop\\\/\"},{\"@type\":\"ListItem\",\"position\":3,\"name\":\"Factory Supply 4-chloro-6-ethyl-5-fluoropyrimidine cas 137234-74-3 With Best Price\"}]},{\"@type\":\"WebSite\",\"@id\":\"https:\\\/\\\/vivalr.com\\\/#website\",\"url\":\"https:\\\/\\\/vivalr.com\\\/\",\"name\":\"Welcome to VIVALR- Your Trusted Source for Chemical Raw Materials\uff01\",\"description\":\"Discover a wide range of high-quality chemical raw materials to meet your industrial needs. Our commitment to excellence ensures that you get the best products and services.\",\"potentialAction\":[{\"@type\":\"SearchAction\",\"target\":{\"@type\":\"EntryPoint\",\"urlTemplate\":\"https:\\\/\\\/vivalr.com\\\/?s={search_term_string}\"},\"query-input\":{\"@type\":\"PropertyValueSpecification\",\"valueRequired\":true,\"valueName\":\"search_term_string\"}}],\"inLanguage\":\"pt-PT\"}]}<\/script>\n<!-- \/ Yoast SEO Premium plugin. -->","yoast_head_json":{"title":"Fornecimento de f\u00e1brica 4-cloro-6-etil-5-fluoropirimidina cas 137234-74-3 com melhor pre\u00e7o - Bem-vindo ao VIVALR- Sua fonte confi\u00e1vel de mat\u00e9rias-primas qu\u00edmicas\uff01","robots":{"index":"index","follow":"follow","max-snippet":"max-snippet:-1","max-image-preview":"max-image-preview:large","max-video-preview":"max-video-preview:-1"},"canonical":"https:\/\/vivalr.com\/pt\/product\/12002.html","og_locale":"pt_PT","og_type":"article","og_title":"Factory Supply 4-chloro-6-ethyl-5-fluoropyrimidine cas 137234-74-3 With Best Price","og_description":"Table of Contents Basic Information and Parameters Uses of the Product How to Use the Product Usage Case Studies Contact Information Basic Information and Parameters The product is Factory Supply 4-chloro-6-ethyl-5-fluoropyrimidine with the CAS number 137234-74-3. It is offered at the best price. This chemical compound has a specific molecular structure characterized by the presence [&hellip;]","og_url":"https:\/\/vivalr.com\/pt\/product\/12002.html","og_site_name":"Welcome to VIVALR- Your Trusted Source for Chemical Raw Materials\uff01","article_modified_time":"2025-03-07T12:44:17+00:00","og_image":[{"width":400,"height":400,"url":"https:\/\/vivalr.com\/wp-content\/uploads\/2025\/03\/4-chloro-6-ethyl-5-fluoropyrimidine-cas-137234-74-3.jpg","type":"image\/jpeg"}],"twitter_card":"summary_large_image","twitter_misc":{"Tempo estimado de leitura":"4 minutos"},"schema":{"@context":"https:\/\/schema.org","@graph":[{"@type":"WebPage","@id":"https:\/\/vivalr.com\/product\/12002.html","url":"https:\/\/vivalr.com\/product\/12002.html","name":"Fornecimento de f\u00e1brica 4-cloro-6-etil-5-fluoropirimidina cas 137234-74-3 com melhor pre\u00e7o - Bem-vindo ao VIVALR- Sua fonte confi\u00e1vel de mat\u00e9rias-primas qu\u00edmicas\uff01","isPartOf":{"@id":"https:\/\/vivalr.com\/#website"},"primaryImageOfPage":{"@id":"https:\/\/vivalr.com\/product\/12002.html#primaryimage"},"image":{"@id":"https:\/\/vivalr.com\/product\/12002.html#primaryimage"},"thumbnailUrl":"https:\/\/vivalr.com\/wp-content\/uploads\/2025\/03\/4-chloro-6-ethyl-5-fluoropyrimidine-cas-137234-74-3.jpg","datePublished":"2025-03-07T12:18:29+00:00","dateModified":"2025-03-07T12:44:17+00:00","breadcrumb":{"@id":"https:\/\/vivalr.com\/product\/12002.html#breadcrumb"},"inLanguage":"pt-PT","potentialAction":[{"@type":"ReadAction","target":["https:\/\/vivalr.com\/product\/12002.html"]}]},{"@type":"ImageObject","inLanguage":"pt-PT","@id":"https:\/\/vivalr.com\/product\/12002.html#primaryimage","url":"https:\/\/vivalr.com\/wp-content\/uploads\/2025\/03\/4-chloro-6-ethyl-5-fluoropyrimidine-cas-137234-74-3.jpg","contentUrl":"https:\/\/vivalr.com\/wp-content\/uploads\/2025\/03\/4-chloro-6-ethyl-5-fluoropyrimidine-cas-137234-74-3.jpg","width":400,"height":400},{"@type":"BreadcrumbList","@id":"https:\/\/vivalr.com\/product\/12002.html#breadcrumb","itemListElement":[{"@type":"ListItem","position":1,"name":"Home","item":"https:\/\/vivalr.com\/"},{"@type":"ListItem","position":2,"name":"Shop","item":"https:\/\/vivalr.com\/shop\/"},{"@type":"ListItem","position":3,"name":"Factory Supply 4-chloro-6-ethyl-5-fluoropyrimidine cas 137234-74-3 With Best Price"}]},{"@type":"WebSite","@id":"https:\/\/vivalr.com\/#website","url":"https:\/\/vivalr.com\/","name":"Bem-vindo ao VIVALR- Sua fonte confi\u00e1vel de mat\u00e9rias-primas qu\u00edmicas\uff01","description":"Descubra uma vasta gama de mat\u00e9rias-primas qu\u00edmicas de alta qualidade para satisfazer as suas necessidades industriais. O nosso compromisso com a excel\u00eancia garante-lhe os melhores produtos e servi\u00e7os.","potentialAction":[{"@type":"SearchAction","target":{"@type":"EntryPoint","urlTemplate":"https:\/\/vivalr.com\/?s={search_term_string}"},"query-input":{"@type":"PropertyValueSpecification","valueRequired":true,"valueName":"search_term_string"}}],"inLanguage":"pt-PT"}]}},"_links":{"self":[{"href":"https:\/\/vivalr.com\/pt\/wp-json\/wp\/v2\/product\/12002","targetHints":{"allow":["GET"]}}],"collection":[{"href":"https:\/\/vivalr.com\/pt\/wp-json\/wp\/v2\/product"}],"about":[{"href":"https:\/\/vivalr.com\/pt\/wp-json\/wp\/v2\/types\/product"}],"replies":[{"embeddable":true,"href":"https:\/\/vivalr.com\/pt\/wp-json\/wp\/v2\/comments?post=12002"}],"wp:featuredmedia":[{"embeddable":true,"href":"https:\/\/vivalr.com\/pt\/wp-json\/wp\/v2\/media\/27041"}],"wp:attachment":[{"href":"https:\/\/vivalr.com\/pt\/wp-json\/wp\/v2\/media?parent=12002"}],"wp:term":[{"taxonomy":"product_brand","embeddable":true,"href":"https:\/\/vivalr.com\/pt\/wp-json\/wp\/v2\/product_brand?post=12002"},{"taxonomy":"product_cat","embeddable":true,"href":"https:\/\/vivalr.com\/pt\/wp-json\/wp\/v2\/product_cat?post=12002"},{"taxonomy":"product_tag","embeddable":true,"href":"https:\/\/vivalr.com\/pt\/wp-json\/wp\/v2\/product_tag?post=12002"}],"curies":[{"name":"wp","href":"https:\/\/api.w.org\/{rel}","templated":true}]}}