{"id":12052,"date":"2025-03-07T12:18:31","date_gmt":"2025-03-07T12:18:31","guid":{"rendered":"https:\/\/vivalr.com\/product\/12052.html"},"modified":"2025-03-07T12:44:22","modified_gmt":"2025-03-07T12:44:22","slug":"factory-supply-l-lysine-l-aspartate-cas-27348-32-9-with-best-price","status":"publish","type":"product","link":"https:\/\/vivalr.com\/pt\/product\/12052.html","title":{"rendered":"Fornecimento de f\u00e1brica l-lisina-l-aspartato cas 27348-32-9 com melhor pre\u00e7o"},"content":{"rendered":"<h1>Guia do usu\u00e1rio para fornecimento de f\u00e1brica l-lisina-l-aspartato cas 27348-32-9 com melhor pre\u00e7o<\/h1>\n<ol>\n<li><a href=\"#basic_info\">Informa\u00e7\u00f5es e par\u00e2metros b\u00e1sicos<\/a><\/li>\n<li><a href=\"#uses\">Utiliza\u00e7\u00f5es do produto<\/a><\/li>\n<li><a href=\"#usage\">Como utilizar o produto<\/a><\/li>\n<li><a href=\"#case_study\">Estudos de casos de utiliza\u00e7\u00e3o<\/a><\/li>\n<li><a href=\"#contact\">Informa\u00e7\u00f5es de contacto<\/a><\/li>\n<\/ol>\n<h2 id=\"basic_info\">Informa\u00e7\u00f5es e par\u00e2metros b\u00e1sicos<\/h2>\n<p>O produto \u00e9 Fornecimento de F\u00e1brica de l-lisina-l-aspartato com o n\u00famero CAS 27348-32-9. l-lisina-l-aspartato \u00e9 um composto formado pela combina\u00e7\u00e3o de l-lisina e l-aspartato. <\/p>\n<p>F\u00f3rmula qu\u00edmica: A f\u00f3rmula qu\u00edmica da l-lisina-l-aspartato \u00e9 C\u2081\u2080H\u2082\u2080N\u2084O\u2086. <\/p>\n<p>Peso molecular: O seu peso molecular pode ser calculado com base na f\u00f3rmula qu\u00edmica, que \u00e9 de aproximadamente 292,29 g\/mol.<\/p>\n<p>Aspeto: Normalmente, apresenta-se como um p\u00f3 cristalino branco. Este p\u00f3 \u00e9 inodoro ou tem um ligeiro odor carater\u00edstico, o que garante a sua estabilidade e usabilidade em v\u00e1rias aplica\u00e7\u00f5es.<\/p>\n<p>Pureza: O nosso produto oferece um elevado grau de pureza, geralmente superior a 98%, o que garante a sua qualidade e efic\u00e1cia em diferentes cen\u00e1rios.<\/p>\n<h2 id=\"uses\">Utiliza\u00e7\u00f5es do produto<\/h2>\n<p>A l-lisina-l-aspartato tem uma vasta gama de aplica\u00e7\u00f5es. <\/p>\n<p>No dom\u00ednio da nutri\u00e7\u00e3o e da sa\u00fade, a l-lisina \u00e9 um amino\u00e1cido essencial que o corpo humano n\u00e3o consegue sintetizar por si s\u00f3. Desempenha um papel crucial na s\u00edntese proteica, no crescimento e no desenvolvimento. O l-aspartato, por outro lado, participa nos processos do metabolismo energ\u00e9tico. Quando combinado como l-lisina-l-aspartato, pode ser utilizado como suplemento nutricional. Ajuda a melhorar o equil\u00edbrio de azoto do corpo, a melhorar a fun\u00e7\u00e3o imunit\u00e1ria e a promover a recupera\u00e7\u00e3o do corpo ap\u00f3s uma doen\u00e7a ou exerc\u00edcio. <\/p>\n<p>Na ind\u00fastria farmac\u00eautica, pode ser utilizado como ingrediente ativo em medicamentos. Alguns estudos demonstraram que pode ter um certo efeito no tratamento de determinadas perturba\u00e7\u00f5es neurol\u00f3gicas e doen\u00e7as cardiovasculares, regulando as reac\u00e7\u00f5es bioqu\u00edmicas do organismo e melhorando o funcionamento das c\u00e9lulas e dos \u00f3rg\u00e3os.<\/p>\n<h2 id=\"usage\">Como utilizar o produto<\/h2>\n<p>Quando se utiliza a l-lisina-l-aspartato como suplemento nutricional, a dosagem depende normalmente da idade, do g\u00e9nero e da condi\u00e7\u00e3o f\u00edsica. Para adultos, a dose di\u00e1ria recomendada \u00e9 de cerca de 500 a 1500 mg, que pode ser tomada por via oral com \u00e1gua. \u00c9 prefer\u00edvel tom\u00e1-lo ap\u00f3s as refei\u00e7\u00f5es para melhorar a absor\u00e7\u00e3o. <\/p>\n<p>No dom\u00ednio farmac\u00eautico, a dosagem e o m\u00e9todo de utiliza\u00e7\u00e3o devem estar estritamente de acordo com as instru\u00e7\u00f5es do m\u00e9dico. Diferentes doen\u00e7as podem exigir diferentes dosagens e cursos de tratamento. O produto pode ser formulado em v\u00e1rias formas de dosagem, como comprimidos, c\u00e1psulas ou injec\u00e7\u00f5es, sob a orienta\u00e7\u00e3o de tecnologia farmac\u00eautica profissional.<\/p>\n<h2 id=\"case_study\">Estudos de casos de utiliza\u00e7\u00e3o<\/h2>\n<p>Caso 1: Um atleta do sexo masculino de 35 anos de idade. Sentia-se frequentemente cansado e tinha uma recupera\u00e7\u00e3o lenta ap\u00f3s um treino intenso. Depois de tomar l-lisina-l-aspartato como suplemento nutricional numa dose de 1000 mg por dia durante dois meses, relatou que a sua fadiga diminuiu significativamente e a sua velocidade de recupera\u00e7\u00e3o ap\u00f3s o treino tamb\u00e9m melhorou. A sua for\u00e7a muscular e a sua resist\u00eancia foram igualmente melhoradas durante as competi\u00e7\u00f5es seguintes. <\/p>\n<p>Caso 2: Um doente idoso com insufici\u00eancia card\u00edaca ligeira. A conselho do m\u00e9dico, tomou medicamentos \u00e0 base de l-lisina-l-aspartato como parte do tratamento global. Ap\u00f3s tr\u00eas meses de tratamento, os indicadores da fun\u00e7\u00e3o card\u00edaca do doente melhoraram, como o aumento da fra\u00e7\u00e3o de eje\u00e7\u00e3o. Tamb\u00e9m referiu que os seus sintomas de falta de ar e fadiga foram aliviados e a sua qualidade de vida melhorou.<\/p>\n<h2 id=\"contact\">Informa\u00e7\u00f5es de contacto<\/h2>\n<p>Se tiver alguma d\u00favida sobre este produto, n\u00e3o hesite em contactar-nos. O nosso correio eletr\u00f3nico \u00e9 info@vivalr.com e o nosso n\u00famero de telefone \u00e9 (86) 15866781826. Estamos empenhados em fornecer-lhe o melhor servi\u00e7o e apoio.<\/p>","protected":false},"excerpt":{"rendered":"<p>Guia do utilizador para o fornecimento de f\u00e1brica de l-lisina-l-aspartato cas 27348-32-9 com o melhor pre\u00e7o Informa\u00e7\u00f5es e par\u00e2metros b\u00e1sicos Usos do produto Como usar o produto Estudos de caso de uso Informa\u00e7\u00f5es de contacto Informa\u00e7\u00f5es e par\u00e2metros b\u00e1sicos O produto \u00e9 o fornecimento de f\u00e1brica de l-lisina-l-aspartato com o n\u00famero CAS 27348-32-9. l-lisina-l-aspartato \u00e9 um composto formado pela combina\u00e7\u00e3o de l-lisina e [...]<\/p>","protected":false},"featured_media":27066,"comment_status":"closed","ping_status":"open","template":"","meta":[],"product_brand":[],"product_cat":[15],"product_tag":[],"class_list":{"0":"post-12052","1":"product","2":"type-product","3":"status-publish","4":"has-post-thumbnail","6":"product_cat-uncategorized","8":"first","9":"instock","10":"product-type-simple"},"yoast_head":"<!-- This site is optimized with the Yoast SEO Premium plugin v24.4 (Yoast SEO v25.0) - https:\/\/yoast.com\/wordpress\/plugins\/seo\/ -->\n<title>Factory Supply l-lysine-l-aspartate cas 27348-32-9 With Best Price - Welcome to VIVALR- Your Trusted Source for Chemical Raw Materials\uff01<\/title>\n<meta name=\"robots\" content=\"index, follow, max-snippet:-1, max-image-preview:large, max-video-preview:-1\" \/>\n<link rel=\"canonical\" href=\"https:\/\/vivalr.com\/pt\/product\/12052.html\" \/>\n<meta property=\"og:locale\" content=\"pt_PT\" \/>\n<meta property=\"og:type\" content=\"article\" \/>\n<meta property=\"og:title\" content=\"Factory Supply l-lysine-l-aspartate cas 27348-32-9 With Best Price\" \/>\n<meta property=\"og:description\" content=\"User Guide for Factory Supply l-lysine-l-aspartate cas 27348-32-9 With Best Price Basic Information and Parameters Uses of the Product How to Use the Product Usage Case Studies Contact Information Basic Information and Parameters The product is Factory Supply l-lysine-l-aspartate with the CAS number 27348-32-9. l-lysine-l-aspartate is a compound formed by the combination of l-lysine and [&hellip;]\" \/>\n<meta property=\"og:url\" content=\"https:\/\/vivalr.com\/pt\/product\/12052.html\" \/>\n<meta property=\"og:site_name\" content=\"Welcome to VIVALR- Your Trusted Source for Chemical Raw Materials\uff01\" \/>\n<meta property=\"article:modified_time\" content=\"2025-03-07T12:44:22+00:00\" \/>\n<meta property=\"og:image\" content=\"https:\/\/vivalr.com\/wp-content\/uploads\/2025\/03\/l-lysine-l-aspartate-cas-27348-32-9.jpg\" \/>\n\t<meta property=\"og:image:width\" content=\"600\" \/>\n\t<meta property=\"og:image:height\" content=\"654\" \/>\n\t<meta property=\"og:image:type\" content=\"image\/jpeg\" \/>\n<meta name=\"twitter:card\" content=\"summary_large_image\" \/>\n<meta name=\"twitter:label1\" content=\"Tempo estimado de leitura\" \/>\n\t<meta name=\"twitter:data1\" content=\"3 minutos\" \/>\n<script type=\"application\/ld+json\" class=\"yoast-schema-graph\">{\"@context\":\"https:\/\/schema.org\",\"@graph\":[{\"@type\":\"WebPage\",\"@id\":\"https:\/\/vivalr.com\/product\/12052.html\",\"url\":\"https:\/\/vivalr.com\/product\/12052.html\",\"name\":\"Factory Supply l-lysine-l-aspartate cas 27348-32-9 With Best Price - Welcome to VIVALR- Your Trusted Source for Chemical Raw Materials\uff01\",\"isPartOf\":{\"@id\":\"https:\/\/vivalr.com\/#website\"},\"primaryImageOfPage\":{\"@id\":\"https:\/\/vivalr.com\/product\/12052.html#primaryimage\"},\"image\":{\"@id\":\"https:\/\/vivalr.com\/product\/12052.html#primaryimage\"},\"thumbnailUrl\":\"https:\/\/vivalr.com\/wp-content\/uploads\/2025\/03\/l-lysine-l-aspartate-cas-27348-32-9.jpg\",\"datePublished\":\"2025-03-07T12:18:31+00:00\",\"dateModified\":\"2025-03-07T12:44:22+00:00\",\"breadcrumb\":{\"@id\":\"https:\/\/vivalr.com\/product\/12052.html#breadcrumb\"},\"inLanguage\":\"pt-PT\",\"potentialAction\":[{\"@type\":\"ReadAction\",\"target\":[\"https:\/\/vivalr.com\/product\/12052.html\"]}]},{\"@type\":\"ImageObject\",\"inLanguage\":\"pt-PT\",\"@id\":\"https:\/\/vivalr.com\/product\/12052.html#primaryimage\",\"url\":\"https:\/\/vivalr.com\/wp-content\/uploads\/2025\/03\/l-lysine-l-aspartate-cas-27348-32-9.jpg\",\"contentUrl\":\"https:\/\/vivalr.com\/wp-content\/uploads\/2025\/03\/l-lysine-l-aspartate-cas-27348-32-9.jpg\",\"width\":600,\"height\":654},{\"@type\":\"BreadcrumbList\",\"@id\":\"https:\/\/vivalr.com\/product\/12052.html#breadcrumb\",\"itemListElement\":[{\"@type\":\"ListItem\",\"position\":1,\"name\":\"Home\",\"item\":\"https:\/\/vivalr.com\/\"},{\"@type\":\"ListItem\",\"position\":2,\"name\":\"Shop\",\"item\":\"https:\/\/vivalr.com\/shop\/\"},{\"@type\":\"ListItem\",\"position\":3,\"name\":\"Factory Supply l-lysine-l-aspartate cas 27348-32-9 With Best Price\"}]},{\"@type\":\"WebSite\",\"@id\":\"https:\/\/vivalr.com\/#website\",\"url\":\"https:\/\/vivalr.com\/\",\"name\":\"Welcome to VIVALR- Your Trusted Source for Chemical Raw Materials\uff01\",\"description\":\"Discover a wide range of high-quality chemical raw materials to meet your industrial needs. Our commitment to excellence ensures that you get the best products and services.\",\"potentialAction\":[{\"@type\":\"SearchAction\",\"target\":{\"@type\":\"EntryPoint\",\"urlTemplate\":\"https:\/\/vivalr.com\/?s={search_term_string}\"},\"query-input\":{\"@type\":\"PropertyValueSpecification\",\"valueRequired\":true,\"valueName\":\"search_term_string\"}}],\"inLanguage\":\"pt-PT\"}]}<\/script>\n<!-- \/ Yoast SEO Premium plugin. -->","yoast_head_json":{"title":"Fornecimento de f\u00e1brica l-lisina-l-aspartato cas 27348-32-9 com melhor pre\u00e7o - Bem-vindo ao VIVALR- Sua fonte confi\u00e1vel de mat\u00e9rias-primas qu\u00edmicas\uff01","robots":{"index":"index","follow":"follow","max-snippet":"max-snippet:-1","max-image-preview":"max-image-preview:large","max-video-preview":"max-video-preview:-1"},"canonical":"https:\/\/vivalr.com\/pt\/product\/12052.html","og_locale":"pt_PT","og_type":"article","og_title":"Factory Supply l-lysine-l-aspartate cas 27348-32-9 With Best Price","og_description":"User Guide for Factory Supply l-lysine-l-aspartate cas 27348-32-9 With Best Price Basic Information and Parameters Uses of the Product How to Use the Product Usage Case Studies Contact Information Basic Information and Parameters The product is Factory Supply l-lysine-l-aspartate with the CAS number 27348-32-9. l-lysine-l-aspartate is a compound formed by the combination of l-lysine and [&hellip;]","og_url":"https:\/\/vivalr.com\/pt\/product\/12052.html","og_site_name":"Welcome to VIVALR- Your Trusted Source for Chemical Raw Materials\uff01","article_modified_time":"2025-03-07T12:44:22+00:00","og_image":[{"width":600,"height":654,"url":"https:\/\/vivalr.com\/wp-content\/uploads\/2025\/03\/l-lysine-l-aspartate-cas-27348-32-9.jpg","type":"image\/jpeg"}],"twitter_card":"summary_large_image","twitter_misc":{"Tempo estimado de leitura":"3 minutos"},"schema":{"@context":"https:\/\/schema.org","@graph":[{"@type":"WebPage","@id":"https:\/\/vivalr.com\/product\/12052.html","url":"https:\/\/vivalr.com\/product\/12052.html","name":"Fornecimento de f\u00e1brica l-lisina-l-aspartato cas 27348-32-9 com melhor pre\u00e7o - Bem-vindo ao VIVALR- Sua fonte confi\u00e1vel de mat\u00e9rias-primas qu\u00edmicas\uff01","isPartOf":{"@id":"https:\/\/vivalr.com\/#website"},"primaryImageOfPage":{"@id":"https:\/\/vivalr.com\/product\/12052.html#primaryimage"},"image":{"@id":"https:\/\/vivalr.com\/product\/12052.html#primaryimage"},"thumbnailUrl":"https:\/\/vivalr.com\/wp-content\/uploads\/2025\/03\/l-lysine-l-aspartate-cas-27348-32-9.jpg","datePublished":"2025-03-07T12:18:31+00:00","dateModified":"2025-03-07T12:44:22+00:00","breadcrumb":{"@id":"https:\/\/vivalr.com\/product\/12052.html#breadcrumb"},"inLanguage":"pt-PT","potentialAction":[{"@type":"ReadAction","target":["https:\/\/vivalr.com\/product\/12052.html"]}]},{"@type":"ImageObject","inLanguage":"pt-PT","@id":"https:\/\/vivalr.com\/product\/12052.html#primaryimage","url":"https:\/\/vivalr.com\/wp-content\/uploads\/2025\/03\/l-lysine-l-aspartate-cas-27348-32-9.jpg","contentUrl":"https:\/\/vivalr.com\/wp-content\/uploads\/2025\/03\/l-lysine-l-aspartate-cas-27348-32-9.jpg","width":600,"height":654},{"@type":"BreadcrumbList","@id":"https:\/\/vivalr.com\/product\/12052.html#breadcrumb","itemListElement":[{"@type":"ListItem","position":1,"name":"Home","item":"https:\/\/vivalr.com\/"},{"@type":"ListItem","position":2,"name":"Shop","item":"https:\/\/vivalr.com\/shop\/"},{"@type":"ListItem","position":3,"name":"Factory Supply l-lysine-l-aspartate cas 27348-32-9 With Best Price"}]},{"@type":"WebSite","@id":"https:\/\/vivalr.com\/#website","url":"https:\/\/vivalr.com\/","name":"Bem-vindo ao VIVALR- Sua fonte confi\u00e1vel de mat\u00e9rias-primas qu\u00edmicas\uff01","description":"Descubra uma vasta gama de mat\u00e9rias-primas qu\u00edmicas de alta qualidade para satisfazer as suas necessidades industriais. O nosso compromisso com a excel\u00eancia garante-lhe os melhores produtos e servi\u00e7os.","potentialAction":[{"@type":"SearchAction","target":{"@type":"EntryPoint","urlTemplate":"https:\/\/vivalr.com\/?s={search_term_string}"},"query-input":{"@type":"PropertyValueSpecification","valueRequired":true,"valueName":"search_term_string"}}],"inLanguage":"pt-PT"}]}},"_links":{"self":[{"href":"https:\/\/vivalr.com\/pt\/wp-json\/wp\/v2\/product\/12052","targetHints":{"allow":["GET"]}}],"collection":[{"href":"https:\/\/vivalr.com\/pt\/wp-json\/wp\/v2\/product"}],"about":[{"href":"https:\/\/vivalr.com\/pt\/wp-json\/wp\/v2\/types\/product"}],"replies":[{"embeddable":true,"href":"https:\/\/vivalr.com\/pt\/wp-json\/wp\/v2\/comments?post=12052"}],"wp:featuredmedia":[{"embeddable":true,"href":"https:\/\/vivalr.com\/pt\/wp-json\/wp\/v2\/media\/27066"}],"wp:attachment":[{"href":"https:\/\/vivalr.com\/pt\/wp-json\/wp\/v2\/media?parent=12052"}],"wp:term":[{"taxonomy":"product_brand","embeddable":true,"href":"https:\/\/vivalr.com\/pt\/wp-json\/wp\/v2\/product_brand?post=12052"},{"taxonomy":"product_cat","embeddable":true,"href":"https:\/\/vivalr.com\/pt\/wp-json\/wp\/v2\/product_cat?post=12052"},{"taxonomy":"product_tag","embeddable":true,"href":"https:\/\/vivalr.com\/pt\/wp-json\/wp\/v2\/product_tag?post=12052"}],"curies":[{"name":"wp","href":"https:\/\/api.w.org\/{rel}","templated":true}]}}