{"id":12088,"date":"2025-03-07T12:18:35","date_gmt":"2025-03-07T12:18:35","guid":{"rendered":"https:\/\/vivalr.com\/product\/12088.html"},"modified":"2025-03-07T12:44:28","modified_gmt":"2025-03-07T12:44:28","slug":"factory-supply-135-benzenetricarboxylic-acid-chloride-cas-4422-95-1-with-best-price","status":"publish","type":"product","link":"https:\/\/vivalr.com\/pt\/product\/12088.html","title":{"rendered":"Fornecimento de f\u00e1brica cloreto de \u00e1cido 1,3,5-benzenotricarbox\u00edlico cas 4422-95-1 com melhor pre\u00e7o"},"content":{"rendered":"<h1>Guia do usu\u00e1rio para fornecimento de f\u00e1brica cloreto de \u00e1cido 1,3,5 - benzenotricarbox\u00edlico cas 4422 - 95 - 1 com melhor pre\u00e7o<\/h1>\n<ol>\n<li><a href=\"#basic-info\">Informa\u00e7\u00f5es e par\u00e2metros b\u00e1sicos<\/a><\/li>\n<li><a href=\"#uses\">Utiliza\u00e7\u00f5es<\/a><\/li>\n<li><a href=\"#usage\">Utiliza\u00e7\u00e3o<\/a><\/li>\n<li><a href=\"#use-cases\">Casos de utiliza\u00e7\u00e3o<\/a><\/li>\n<li><a href=\"#contact\">Informa\u00e7\u00f5es de contacto<\/a><\/li>\n<\/ol>\n<h2 id=\"basic-info\">Informa\u00e7\u00f5es e par\u00e2metros b\u00e1sicos<\/h2>\n<p>O produto, Fornecimento de f\u00e1brica cloreto de \u00e1cido 1,3,5 - benzenotricarbox\u00edlico com n\u00famero CAS 4422 - 95 - 1, \u00e9 um composto qu\u00edmico significativo. Sua f\u00f3rmula molecular \u00e9 C\u2089H\u2083Cl\u2083O\u2083, e seu peso molecular \u00e9 de aproximadamente 265,48 g\/mol. Apresenta-se como um p\u00f3 cristalino branco a esbranqui\u00e7ado. Este produto \u00e9 fornecido pela f\u00e1brica ao melhor pre\u00e7o, garantindo alta qualidade e custo - efic\u00e1cia para os utilizadores. A pureza do produto \u00e9 rigorosamente controlada durante o processo de produ\u00e7\u00e3o para satisfazer v\u00e1rios requisitos industriais e de investiga\u00e7\u00e3o.<\/p>\n<h2 id=\"uses\">Utiliza\u00e7\u00f5es<\/h2>\n<p>O cloreto de \u00e1cido 1,3,5 - benzenotricarbox\u00edlico tem uma vasta gama de aplica\u00e7\u00f5es. No dom\u00ednio da s\u00edntese de pol\u00edmeros, \u00e9 utilizado como mon\u00f3mero ou agente de liga\u00e7\u00e3o cruzada. Pode reagir com v\u00e1rios pol\u00edmeros e mon\u00f3meros para formar novos materiais polim\u00e9ricos com excelente desempenho, tais como pol\u00edmeros de alta resist\u00eancia e resistentes ao calor. Estes pol\u00edmeros s\u00e3o amplamente utilizados nas ind\u00fastrias aeroespacial, autom\u00f3vel e da constru\u00e7\u00e3o. Na ind\u00fastria farmac\u00eautica, pode ser utilizado como intermedi\u00e1rio para a s\u00edntese de alguns medicamentos. A sua estrutura qu\u00edmica \u00fanica permite-lhe participar numa s\u00e9rie de reac\u00e7\u00f5es qu\u00edmicas para formar mol\u00e9culas de medicamentos com efeitos terap\u00eauticos espec\u00edficos. Al\u00e9m disso, pode tamb\u00e9m ser utilizado na s\u00edntese de corantes e pigmentos. Ao reagir com outras subst\u00e2ncias qu\u00edmicas, pode produzir corantes e pigmentos com cores vivas e boa estabilidade, que s\u00e3o utilizados nas ind\u00fastrias t\u00eaxtil, de impress\u00e3o e de pintura.<\/p>\n<h2 id=\"usage\">Utiliza\u00e7\u00e3o<\/h2>\n<p>Ao usar o cloreto de \u00e1cido 1,3,5 - benzenotricarbox\u00edlico de fornecimento de f\u00e1brica, devem ser seguidas normas de seguran\u00e7a rigorosas. Em primeiro lugar, deve ser armazenado num local fresco, seco e bem ventilado, longe de fontes de igni\u00e7\u00e3o e oxidantes. Ao manusear o produto, deve ser utilizado equipamento de prote\u00e7\u00e3o individual adequado, como luvas, \u00f3culos e batas de laborat\u00f3rio, para evitar o contacto direto com a pele e os olhos. Durante o processo de rea\u00e7\u00e3o, este deve ser efectuado num exaustor para evitar a inala\u00e7\u00e3o de gases nocivos. A quantidade de produto utilizada deve ser medida com precis\u00e3o, de acordo com os requisitos da rea\u00e7\u00e3o. Em geral, recomenda-se come\u00e7ar com uma pequena quantidade na experi\u00eancia e aumentar gradualmente a quantidade de acordo com os resultados da rea\u00e7\u00e3o.<\/p>\n<h2 id=\"use-cases\">Casos de utiliza\u00e7\u00e3o<\/h2>\n<p>Caso 1: S\u00edntese de pol\u00edmeros na ind\u00fastria autom\u00f3vel<br \/>\nUma conhecida empresa de fabrico de pe\u00e7as para autom\u00f3veis utilizou o cloreto de \u00e1cido 1,3,5 - benzenotricarbox\u00edlico Factory Supply como agente de reticula\u00e7\u00e3o na produ\u00e7\u00e3o de componentes de motores. Ao reagir com um pol\u00edmero espec\u00edfico, eles produziram um novo tipo de material polim\u00e9rico com alta resist\u00eancia ao calor e resist\u00eancia mec\u00e2nica. Este material pode suportar altas temperaturas e press\u00f5es no motor, melhorando significativamente o desempenho e a vida \u00fatil dos componentes do motor. Como resultado, a empresa reduziu os custos de produ\u00e7\u00e3o e melhorou a competitividade do produto no mercado.<br \/>\nCaso 2: S\u00edntese de medicamentos na ind\u00fastria farmac\u00eautica<br \/>\nUma institui\u00e7\u00e3o de investiga\u00e7\u00e3o farmac\u00eautica utilizou o cloreto de \u00e1cido 1,3,5 - benzenotricarbox\u00edlico como intermedi\u00e1rio na s\u00edntese de um novo medicamento anti-cancro. Atrav\u00e9s de uma s\u00e9rie de reac\u00e7\u00f5es qu\u00edmicas complexas, sintetizaram com sucesso uma mol\u00e9cula de f\u00e1rmaco com atividade anticancer\u00edgena de elevada efic\u00e1cia. Ap\u00f3s ensaios pr\u00e9 - cl\u00ednicos e cl\u00ednicos, o medicamento mostrou bons efeitos terap\u00eauticos, o que trouxe uma nova esperan\u00e7a para os doentes com cancro.<\/p>\n<h2 id=\"contact\">Informa\u00e7\u00f5es de contacto<\/h2>\n<p>Se voc\u00ea tiver alguma d\u00favida ou necessidade sobre Fornecimento de f\u00e1brica cloreto de \u00e1cido 1,3,5 - benzenotricarbox\u00edlico cas 4422 - 95 - 1, n\u00e3o hesite em contactar-nos. Nosso e-mail \u00e9 info@vivalr.com, e nosso n\u00famero de telefone \u00e9 (86) 15866781826. Estamos ansiosos para lhe fornecer um servi\u00e7o profissional e produtos de alta qualidade.<\/p>","protected":false},"excerpt":{"rendered":"<p>Guia do usu\u00e1rio para fornecimento de f\u00e1brica Cloreto de \u00e1cido 1,3,5 - benzenetricarbox\u00edlico cas 4422 - 95 - 1 com melhor pre\u00e7o Informa\u00e7\u00f5es b\u00e1sicas e par\u00e2metros Usos Casos de uso Informa\u00e7\u00f5es de contato Informa\u00e7\u00f5es b\u00e1sicas e par\u00e2metros O produto, cloreto de \u00e1cido 1,3,5 - benzenetricarbox\u00edlico de fornecimento de f\u00e1brica com n\u00famero CAS 4422 - 95 - 1, \u00e9 um composto qu\u00edmico significativo. [...]<\/p>","protected":false},"featured_media":27084,"comment_status":"closed","ping_status":"open","template":"","meta":[],"product_brand":[],"product_cat":[15],"product_tag":[],"class_list":{"0":"post-12088","1":"product","2":"type-product","3":"status-publish","4":"has-post-thumbnail","6":"product_cat-uncategorized","8":"first","9":"instock","10":"product-type-simple"},"yoast_head":"<!-- This site is optimized with the Yoast SEO Premium plugin v24.4 (Yoast SEO v27.4) - https:\/\/yoast.com\/product\/yoast-seo-premium-wordpress\/ -->\n<title>Factory Supply 1,3,5-benzenetricarboxylic acid chloride cas 4422-95-1 With Best Price - Welcome to VIVALR- Your Trusted Source for Chemical Raw Materials\uff01<\/title>\n<meta name=\"robots\" content=\"index, follow, max-snippet:-1, max-image-preview:large, max-video-preview:-1\" \/>\n<link rel=\"canonical\" href=\"https:\/\/vivalr.com\/pt\/product\/12088.html\" \/>\n<meta property=\"og:locale\" content=\"pt_PT\" \/>\n<meta property=\"og:type\" content=\"article\" \/>\n<meta property=\"og:title\" content=\"Factory Supply 1,3,5-benzenetricarboxylic acid chloride cas 4422-95-1 With Best Price\" \/>\n<meta property=\"og:description\" content=\"User Guide for Factory Supply 1,3,5 - benzenetricarboxylic acid chloride cas 4422 - 95 - 1 With Best Price Basic Information and Parameters Uses Usage Use Cases Contact Information Basic Information and Parameters The product, Factory Supply 1,3,5 - benzenetricarboxylic acid chloride with CAS number 4422 - 95 - 1, is a significant chemical compound. [&hellip;]\" \/>\n<meta property=\"og:url\" content=\"https:\/\/vivalr.com\/pt\/product\/12088.html\" \/>\n<meta property=\"og:site_name\" content=\"Welcome to VIVALR- Your Trusted Source for Chemical Raw Materials\uff01\" \/>\n<meta property=\"article:modified_time\" content=\"2025-03-07T12:44:28+00:00\" \/>\n<meta property=\"og:image\" content=\"https:\/\/vivalr.com\/wp-content\/uploads\/2025\/03\/135-benzenetricarboxylic-acid-chloride-cas-4422-95-1.jpg\" \/>\n\t<meta property=\"og:image:width\" content=\"400\" \/>\n\t<meta property=\"og:image:height\" content=\"400\" \/>\n\t<meta property=\"og:image:type\" content=\"image\/jpeg\" \/>\n<meta name=\"twitter:card\" content=\"summary_large_image\" \/>\n<meta name=\"twitter:label1\" content=\"Tempo estimado de leitura\" \/>\n\t<meta name=\"twitter:data1\" content=\"3 minutos\" \/>\n<script type=\"application\/ld+json\" class=\"yoast-schema-graph\">{\"@context\":\"https:\\\/\\\/schema.org\",\"@graph\":[{\"@type\":\"WebPage\",\"@id\":\"https:\\\/\\\/vivalr.com\\\/product\\\/12088.html\",\"url\":\"https:\\\/\\\/vivalr.com\\\/product\\\/12088.html\",\"name\":\"Factory Supply 1,3,5-benzenetricarboxylic acid chloride cas 4422-95-1 With Best Price - Welcome to VIVALR- Your Trusted Source for Chemical Raw Materials\uff01\",\"isPartOf\":{\"@id\":\"https:\\\/\\\/vivalr.com\\\/#website\"},\"primaryImageOfPage\":{\"@id\":\"https:\\\/\\\/vivalr.com\\\/product\\\/12088.html#primaryimage\"},\"image\":{\"@id\":\"https:\\\/\\\/vivalr.com\\\/product\\\/12088.html#primaryimage\"},\"thumbnailUrl\":\"https:\\\/\\\/vivalr.com\\\/wp-content\\\/uploads\\\/2025\\\/03\\\/135-benzenetricarboxylic-acid-chloride-cas-4422-95-1.jpg\",\"datePublished\":\"2025-03-07T12:18:35+00:00\",\"dateModified\":\"2025-03-07T12:44:28+00:00\",\"breadcrumb\":{\"@id\":\"https:\\\/\\\/vivalr.com\\\/product\\\/12088.html#breadcrumb\"},\"inLanguage\":\"pt-PT\",\"potentialAction\":[{\"@type\":\"ReadAction\",\"target\":[\"https:\\\/\\\/vivalr.com\\\/product\\\/12088.html\"]}]},{\"@type\":\"ImageObject\",\"inLanguage\":\"pt-PT\",\"@id\":\"https:\\\/\\\/vivalr.com\\\/product\\\/12088.html#primaryimage\",\"url\":\"https:\\\/\\\/vivalr.com\\\/wp-content\\\/uploads\\\/2025\\\/03\\\/135-benzenetricarboxylic-acid-chloride-cas-4422-95-1.jpg\",\"contentUrl\":\"https:\\\/\\\/vivalr.com\\\/wp-content\\\/uploads\\\/2025\\\/03\\\/135-benzenetricarboxylic-acid-chloride-cas-4422-95-1.jpg\",\"width\":400,\"height\":400},{\"@type\":\"BreadcrumbList\",\"@id\":\"https:\\\/\\\/vivalr.com\\\/product\\\/12088.html#breadcrumb\",\"itemListElement\":[{\"@type\":\"ListItem\",\"position\":1,\"name\":\"Home\",\"item\":\"https:\\\/\\\/vivalr.com\\\/\"},{\"@type\":\"ListItem\",\"position\":2,\"name\":\"Shop\",\"item\":\"https:\\\/\\\/vivalr.com\\\/shop\\\/\"},{\"@type\":\"ListItem\",\"position\":3,\"name\":\"Factory Supply 1,3,5-benzenetricarboxylic acid chloride cas 4422-95-1 With Best Price\"}]},{\"@type\":\"WebSite\",\"@id\":\"https:\\\/\\\/vivalr.com\\\/#website\",\"url\":\"https:\\\/\\\/vivalr.com\\\/\",\"name\":\"Welcome to VIVALR- Your Trusted Source for Chemical Raw Materials\uff01\",\"description\":\"Discover a wide range of high-quality chemical raw materials to meet your industrial needs. Our commitment to excellence ensures that you get the best products and services.\",\"potentialAction\":[{\"@type\":\"SearchAction\",\"target\":{\"@type\":\"EntryPoint\",\"urlTemplate\":\"https:\\\/\\\/vivalr.com\\\/?s={search_term_string}\"},\"query-input\":{\"@type\":\"PropertyValueSpecification\",\"valueRequired\":true,\"valueName\":\"search_term_string\"}}],\"inLanguage\":\"pt-PT\"}]}<\/script>\n<!-- \/ Yoast SEO Premium plugin. -->","yoast_head_json":{"title":"Fornecimento de f\u00e1brica cloreto de \u00e1cido 1,3,5-benzenotricarbox\u00edlico cas 4422-95-1 com melhor pre\u00e7o - Bem-vindo ao VIVALR- Sua fonte confi\u00e1vel de mat\u00e9rias-primas qu\u00edmicas\uff01","robots":{"index":"index","follow":"follow","max-snippet":"max-snippet:-1","max-image-preview":"max-image-preview:large","max-video-preview":"max-video-preview:-1"},"canonical":"https:\/\/vivalr.com\/pt\/product\/12088.html","og_locale":"pt_PT","og_type":"article","og_title":"Factory Supply 1,3,5-benzenetricarboxylic acid chloride cas 4422-95-1 With Best Price","og_description":"User Guide for Factory Supply 1,3,5 - benzenetricarboxylic acid chloride cas 4422 - 95 - 1 With Best Price Basic Information and Parameters Uses Usage Use Cases Contact Information Basic Information and Parameters The product, Factory Supply 1,3,5 - benzenetricarboxylic acid chloride with CAS number 4422 - 95 - 1, is a significant chemical compound. [&hellip;]","og_url":"https:\/\/vivalr.com\/pt\/product\/12088.html","og_site_name":"Welcome to VIVALR- Your Trusted Source for Chemical Raw Materials\uff01","article_modified_time":"2025-03-07T12:44:28+00:00","og_image":[{"width":400,"height":400,"url":"https:\/\/vivalr.com\/wp-content\/uploads\/2025\/03\/135-benzenetricarboxylic-acid-chloride-cas-4422-95-1.jpg","type":"image\/jpeg"}],"twitter_card":"summary_large_image","twitter_misc":{"Tempo estimado de leitura":"3 minutos"},"schema":{"@context":"https:\/\/schema.org","@graph":[{"@type":"WebPage","@id":"https:\/\/vivalr.com\/product\/12088.html","url":"https:\/\/vivalr.com\/product\/12088.html","name":"Fornecimento de f\u00e1brica cloreto de \u00e1cido 1,3,5-benzenotricarbox\u00edlico cas 4422-95-1 com melhor pre\u00e7o - Bem-vindo ao VIVALR- Sua fonte confi\u00e1vel de mat\u00e9rias-primas qu\u00edmicas\uff01","isPartOf":{"@id":"https:\/\/vivalr.com\/#website"},"primaryImageOfPage":{"@id":"https:\/\/vivalr.com\/product\/12088.html#primaryimage"},"image":{"@id":"https:\/\/vivalr.com\/product\/12088.html#primaryimage"},"thumbnailUrl":"https:\/\/vivalr.com\/wp-content\/uploads\/2025\/03\/135-benzenetricarboxylic-acid-chloride-cas-4422-95-1.jpg","datePublished":"2025-03-07T12:18:35+00:00","dateModified":"2025-03-07T12:44:28+00:00","breadcrumb":{"@id":"https:\/\/vivalr.com\/product\/12088.html#breadcrumb"},"inLanguage":"pt-PT","potentialAction":[{"@type":"ReadAction","target":["https:\/\/vivalr.com\/product\/12088.html"]}]},{"@type":"ImageObject","inLanguage":"pt-PT","@id":"https:\/\/vivalr.com\/product\/12088.html#primaryimage","url":"https:\/\/vivalr.com\/wp-content\/uploads\/2025\/03\/135-benzenetricarboxylic-acid-chloride-cas-4422-95-1.jpg","contentUrl":"https:\/\/vivalr.com\/wp-content\/uploads\/2025\/03\/135-benzenetricarboxylic-acid-chloride-cas-4422-95-1.jpg","width":400,"height":400},{"@type":"BreadcrumbList","@id":"https:\/\/vivalr.com\/product\/12088.html#breadcrumb","itemListElement":[{"@type":"ListItem","position":1,"name":"Home","item":"https:\/\/vivalr.com\/"},{"@type":"ListItem","position":2,"name":"Shop","item":"https:\/\/vivalr.com\/shop\/"},{"@type":"ListItem","position":3,"name":"Factory Supply 1,3,5-benzenetricarboxylic acid chloride cas 4422-95-1 With Best Price"}]},{"@type":"WebSite","@id":"https:\/\/vivalr.com\/#website","url":"https:\/\/vivalr.com\/","name":"Bem-vindo ao VIVALR- Sua fonte confi\u00e1vel de mat\u00e9rias-primas qu\u00edmicas\uff01","description":"Descubra uma vasta gama de mat\u00e9rias-primas qu\u00edmicas de alta qualidade para satisfazer as suas necessidades industriais. O nosso compromisso com a excel\u00eancia garante-lhe os melhores produtos e servi\u00e7os.","potentialAction":[{"@type":"SearchAction","target":{"@type":"EntryPoint","urlTemplate":"https:\/\/vivalr.com\/?s={search_term_string}"},"query-input":{"@type":"PropertyValueSpecification","valueRequired":true,"valueName":"search_term_string"}}],"inLanguage":"pt-PT"}]}},"_links":{"self":[{"href":"https:\/\/vivalr.com\/pt\/wp-json\/wp\/v2\/product\/12088","targetHints":{"allow":["GET"]}}],"collection":[{"href":"https:\/\/vivalr.com\/pt\/wp-json\/wp\/v2\/product"}],"about":[{"href":"https:\/\/vivalr.com\/pt\/wp-json\/wp\/v2\/types\/product"}],"replies":[{"embeddable":true,"href":"https:\/\/vivalr.com\/pt\/wp-json\/wp\/v2\/comments?post=12088"}],"wp:featuredmedia":[{"embeddable":true,"href":"https:\/\/vivalr.com\/pt\/wp-json\/wp\/v2\/media\/27084"}],"wp:attachment":[{"href":"https:\/\/vivalr.com\/pt\/wp-json\/wp\/v2\/media?parent=12088"}],"wp:term":[{"taxonomy":"product_brand","embeddable":true,"href":"https:\/\/vivalr.com\/pt\/wp-json\/wp\/v2\/product_brand?post=12088"},{"taxonomy":"product_cat","embeddable":true,"href":"https:\/\/vivalr.com\/pt\/wp-json\/wp\/v2\/product_cat?post=12088"},{"taxonomy":"product_tag","embeddable":true,"href":"https:\/\/vivalr.com\/pt\/wp-json\/wp\/v2\/product_tag?post=12088"}],"curies":[{"name":"wp","href":"https:\/\/api.w.org\/{rel}","templated":true}]}}