{"id":12098,"date":"2025-03-07T12:18:37","date_gmt":"2025-03-07T12:18:37","guid":{"rendered":"https:\/\/vivalr.com\/product\/12098.html"},"modified":"2025-03-07T12:44:30","modified_gmt":"2025-03-07T12:44:30","slug":"factory-supply-tert-butylhydroquinone-tbhq-cas-1948-33-0-with-best-price","status":"publish","type":"product","link":"https:\/\/vivalr.com\/pt\/product\/12098.html","title":{"rendered":"Fornecimento de f\u00e1brica Tert-butil-hidroquinona TBHQ Cas 1948-33-0 com melhor pre\u00e7o"},"content":{"rendered":"<h1>Fornecimento de f\u00e1brica Tert-butil-hidroquinona TBHQ Cas 1948-33-0 com melhor pre\u00e7o - Guia do usu\u00e1rio<\/h1>\n<ol>\n<li><a href=\"#basic_info\">Informa\u00e7\u00f5es e par\u00e2metros b\u00e1sicos<\/a><\/li>\n<li><a href=\"#uses\">Utiliza\u00e7\u00f5es do produto<\/a><\/li>\n<li><a href=\"#usage\">Utiliza\u00e7\u00e3o do produto<\/a><\/li>\n<li><a href=\"#case_studies\">Estudos de casos de utiliza\u00e7\u00e3o<\/a><\/li>\n<li><a href=\"#contact\">Informa\u00e7\u00f5es de contacto<\/a><\/li>\n<\/ol>\n<h2 id=\"basic_info\">Informa\u00e7\u00f5es e par\u00e2metros b\u00e1sicos<\/h2>\n<p>A terc-butil-hidroquinona (TBHQ) com o n\u00famero CAS 1948 - 33 - 0 \u00e9 um composto org\u00e2nico arom\u00e1tico sint\u00e9tico. \u00c9 um tipo de antioxidante fen\u00f3lico, que \u00e9 um p\u00f3 cristalino branco a esbranqui\u00e7ado. A f\u00f3rmula molecular do TBHQ \u00e9 C\u2081\u2080H\u2081\u2084O\u2082, e o seu peso molecular \u00e9 de aproximadamente 166,22 g\/mol. O TBHQ tem um ponto de fus\u00e3o de 126,5 - 128,5 \u00b0C e um ponto de ebuli\u00e7\u00e3o de 300 \u00b0C. \u00c9 ligeiramente sol\u00favel em \u00e1gua, mas altamente sol\u00favel em solventes org\u00e2nicos, tais como etanol, \u00e9ter e acetona. Este produto \u00e9 normalmente fornecido em forma de alta qualidade pelas f\u00e1bricas, garantindo a sua pureza e efic\u00e1cia para v\u00e1rias aplica\u00e7\u00f5es.<\/p>\n<h2 id=\"uses\">Utiliza\u00e7\u00f5es do produto<\/h2>\n<p>O TBHQ \u00e9 amplamente utilizado como antioxidante nas ind\u00fastrias alimentar e petrol\u00edfera. Na ind\u00fastria alimentar, \u00e9 adicionado a \u00f3leos comest\u00edveis, gorduras e alimentos que cont\u00eam gordura para evitar a oxida\u00e7\u00e3o e o ran\u00e7o. Ao inibir o processo de oxida\u00e7\u00e3o, o TBHQ pode prolongar o prazo de validade dos produtos, manter o seu sabor e evitar a forma\u00e7\u00e3o de odores e sabores desagrad\u00e1veis. Por exemplo, \u00e9 normalmente utilizado em \u00f3leos vegetais, margarina, manteiga e carnes processadas. Para al\u00e9m da ind\u00fastria alimentar, o TBHQ \u00e9 tamb\u00e9m utilizado nas ind\u00fastrias cosm\u00e9tica e farmac\u00eautica. Nos cosm\u00e9ticos, pode impedir a oxida\u00e7\u00e3o de \u00f3leos e gorduras nos produtos, mantendo assim a estabilidade e a qualidade dos cosm\u00e9ticos. Na ind\u00fastria farmac\u00eautica, pode ser utilizado para proteger alguns medicamentos e excipientes da oxida\u00e7\u00e3o.<\/p>\n<h2 id=\"usage\">Utiliza\u00e7\u00e3o do produto<\/h2>\n<p>Ao utilizar o TBHQ, \u00e9 crucial seguir os n\u00edveis de utiliza\u00e7\u00e3o recomendados. Nos Estados Unidos, a Food and Drug Administration (FDA) permite um n\u00edvel m\u00e1ximo de utiliza\u00e7\u00e3o de 0,02% (200 ppm) em gorduras e \u00f3leos. O processo de utiliza\u00e7\u00e3o espec\u00edfico envolve normalmente a dissolu\u00e7\u00e3o do TBHQ num solvente adequado, como o etanol ou uma pequena quantidade de \u00f3leo. Em seguida, a solu\u00e7\u00e3o \u00e9 adicionada ao produto-alvo sob condi\u00e7\u00f5es de agita\u00e7\u00e3o para garantir uma distribui\u00e7\u00e3o uniforme. \u00c9 importante notar que o TBHQ deve ser adicionado durante as fases iniciais do processo de produ\u00e7\u00e3o para maximizar o seu efeito antioxidante. Al\u00e9m disso, o produto deve ser armazenado num local fresco e seco, ao abrigo da luz e do calor, para manter a sua estabilidade.<\/p>\n<h2 id=\"case_studies\">Estudos de casos de utiliza\u00e7\u00e3o<\/h2>\n<p><strong>Caso 1: Ind\u00fastria de \u00f3leos vegetais<\/strong><br \/>\nUm produtor de \u00f3leo vegetal em grande escala estava a enfrentar o problema da r\u00e1pida oxida\u00e7\u00e3o dos seus produtos, o que levava a um curto prazo de validade e a uma m\u00e1 qualidade do produto. Ap\u00f3s a adi\u00e7\u00e3o de TBHQ na dose recomendada de 200 ppm, a taxa de oxida\u00e7\u00e3o do \u00f3leo vegetal foi significativamente reduzida. O valor de per\u00f3xido, que \u00e9 um indicador importante da oxida\u00e7\u00e3o do \u00f3leo, foi mantido a um n\u00edvel baixo durante muito mais tempo em compara\u00e7\u00e3o com o grupo de controlo sem TBHQ. Como resultado, o prazo de validade do \u00f3leo vegetal foi alargado de 3 meses para 6 meses, e o produto manteve o seu sabor e qualidade originais durante todo o per\u00edodo alargado.<\/p>\n<p><strong>Caso 2: Ind\u00fastria de carnes transformadas<\/strong><br \/>\nUma empresa de processamento de carne estava a debater-se com a descolora\u00e7\u00e3o e os sabores estranhos nos seus produtos de carne processada devido \u00e0 oxida\u00e7\u00e3o. Ao incorporar o TBHQ nos produtos \u00e0 base de carne a um n\u00edvel adequado, conseguiram evitar a oxida\u00e7\u00e3o das gorduras na carne. A cor dos produtos \u00e0 base de carne permaneceu est\u00e1vel e os sabores estranhos foram efetivamente eliminados. Os consumidores referiram que os produtos de carne transformada tinham um sabor mais fresco e uma melhor qualidade geral. Este facto levou tamb\u00e9m a um aumento da satisfa\u00e7\u00e3o dos clientes e das vendas da empresa.<\/p>\n<h2 id=\"contact\">Informa\u00e7\u00f5es de contacto<\/h2>\n<p>Se voc\u00ea tiver alguma d\u00favida ou precisar de mais informa\u00e7\u00f5es sobre Fornecimento de f\u00e1brica Tert - butil-hidroquinona TBHQ Cas 1948 - 33 - 0, n\u00e3o hesite em contactar-nos. Nosso endere\u00e7o de e-mail \u00e9 info@vivalr.com, e nosso n\u00famero de telefone \u00e9 (86) 15866781826.<\/p>","protected":false},"excerpt":{"rendered":"<p>Factory Supply Tert-butylhydroquinone TBHQ Cas 1948-33-0 With Best Price - User Guide Basic Information and Parameters Product Uses Product Usage Usage Case Studies Contact Information Basic Information and Parameters Tert-butylhydroquinone (TBHQ) with the CAS number 1948 - 33 - 0 is a synthetic aromatic organic compound. It is a type of phenolic antioxidant, which is [&hellip;]<\/p>","protected":false},"featured_media":27089,"comment_status":"closed","ping_status":"open","template":"","meta":[],"product_brand":[],"product_cat":[15],"product_tag":[],"class_list":{"0":"post-12098","1":"product","2":"type-product","3":"status-publish","4":"has-post-thumbnail","6":"product_cat-uncategorized","8":"first","9":"instock","10":"product-type-simple"},"yoast_head":"<!-- This site is optimized with the Yoast SEO Premium plugin v24.4 (Yoast SEO v27.4) - https:\/\/yoast.com\/product\/yoast-seo-premium-wordpress\/ -->\n<title>Factory Supply Tert-butylhydroquinone TBHQ Cas 1948-33-0 With Best Price - Welcome to VIVALR- Your Trusted Source for Chemical Raw Materials\uff01<\/title>\n<meta name=\"robots\" content=\"index, follow, max-snippet:-1, max-image-preview:large, max-video-preview:-1\" \/>\n<link rel=\"canonical\" href=\"https:\/\/vivalr.com\/pt\/product\/12098.html\" \/>\n<meta property=\"og:locale\" content=\"pt_PT\" \/>\n<meta property=\"og:type\" content=\"article\" \/>\n<meta property=\"og:title\" content=\"Factory Supply Tert-butylhydroquinone TBHQ Cas 1948-33-0 With Best Price\" \/>\n<meta property=\"og:description\" content=\"Factory Supply Tert-butylhydroquinone TBHQ Cas 1948-33-0 With Best Price - User Guide Basic Information and Parameters Product Uses Product Usage Usage Case Studies Contact Information Basic Information and Parameters Tert-butylhydroquinone (TBHQ) with the CAS number 1948 - 33 - 0 is a synthetic aromatic organic compound. It is a type of phenolic antioxidant, which is [&hellip;]\" \/>\n<meta property=\"og:url\" content=\"https:\/\/vivalr.com\/pt\/product\/12098.html\" \/>\n<meta property=\"og:site_name\" content=\"Welcome to VIVALR- Your Trusted Source for Chemical Raw Materials\uff01\" \/>\n<meta property=\"article:modified_time\" content=\"2025-03-07T12:44:30+00:00\" \/>\n<meta property=\"og:image\" content=\"https:\/\/vivalr.com\/wp-content\/uploads\/2025\/03\/Tert-butylhydroquinone-TBHQ-Cas-1948-33-0.jpg\" \/>\n\t<meta property=\"og:image:width\" content=\"350\" \/>\n\t<meta property=\"og:image:height\" content=\"350\" \/>\n\t<meta property=\"og:image:type\" content=\"image\/jpeg\" \/>\n<meta name=\"twitter:card\" content=\"summary_large_image\" \/>\n<meta name=\"twitter:label1\" content=\"Tempo estimado de leitura\" \/>\n\t<meta name=\"twitter:data1\" content=\"3 minutos\" \/>\n<script type=\"application\/ld+json\" class=\"yoast-schema-graph\">{\"@context\":\"https:\\\/\\\/schema.org\",\"@graph\":[{\"@type\":\"WebPage\",\"@id\":\"https:\\\/\\\/vivalr.com\\\/product\\\/12098.html\",\"url\":\"https:\\\/\\\/vivalr.com\\\/product\\\/12098.html\",\"name\":\"Factory Supply Tert-butylhydroquinone TBHQ Cas 1948-33-0 With Best Price - Welcome to VIVALR- Your Trusted Source for Chemical Raw Materials\uff01\",\"isPartOf\":{\"@id\":\"https:\\\/\\\/vivalr.com\\\/#website\"},\"primaryImageOfPage\":{\"@id\":\"https:\\\/\\\/vivalr.com\\\/product\\\/12098.html#primaryimage\"},\"image\":{\"@id\":\"https:\\\/\\\/vivalr.com\\\/product\\\/12098.html#primaryimage\"},\"thumbnailUrl\":\"https:\\\/\\\/vivalr.com\\\/wp-content\\\/uploads\\\/2025\\\/03\\\/Tert-butylhydroquinone-TBHQ-Cas-1948-33-0.jpg\",\"datePublished\":\"2025-03-07T12:18:37+00:00\",\"dateModified\":\"2025-03-07T12:44:30+00:00\",\"breadcrumb\":{\"@id\":\"https:\\\/\\\/vivalr.com\\\/product\\\/12098.html#breadcrumb\"},\"inLanguage\":\"pt-PT\",\"potentialAction\":[{\"@type\":\"ReadAction\",\"target\":[\"https:\\\/\\\/vivalr.com\\\/product\\\/12098.html\"]}]},{\"@type\":\"ImageObject\",\"inLanguage\":\"pt-PT\",\"@id\":\"https:\\\/\\\/vivalr.com\\\/product\\\/12098.html#primaryimage\",\"url\":\"https:\\\/\\\/vivalr.com\\\/wp-content\\\/uploads\\\/2025\\\/03\\\/Tert-butylhydroquinone-TBHQ-Cas-1948-33-0.jpg\",\"contentUrl\":\"https:\\\/\\\/vivalr.com\\\/wp-content\\\/uploads\\\/2025\\\/03\\\/Tert-butylhydroquinone-TBHQ-Cas-1948-33-0.jpg\",\"width\":350,\"height\":350},{\"@type\":\"BreadcrumbList\",\"@id\":\"https:\\\/\\\/vivalr.com\\\/product\\\/12098.html#breadcrumb\",\"itemListElement\":[{\"@type\":\"ListItem\",\"position\":1,\"name\":\"Home\",\"item\":\"https:\\\/\\\/vivalr.com\\\/\"},{\"@type\":\"ListItem\",\"position\":2,\"name\":\"Shop\",\"item\":\"https:\\\/\\\/vivalr.com\\\/shop\\\/\"},{\"@type\":\"ListItem\",\"position\":3,\"name\":\"Factory Supply Tert-butylhydroquinone TBHQ Cas 1948-33-0 With Best Price\"}]},{\"@type\":\"WebSite\",\"@id\":\"https:\\\/\\\/vivalr.com\\\/#website\",\"url\":\"https:\\\/\\\/vivalr.com\\\/\",\"name\":\"Welcome to VIVALR- Your Trusted Source for Chemical Raw Materials\uff01\",\"description\":\"Discover a wide range of high-quality chemical raw materials to meet your industrial needs. Our commitment to excellence ensures that you get the best products and services.\",\"potentialAction\":[{\"@type\":\"SearchAction\",\"target\":{\"@type\":\"EntryPoint\",\"urlTemplate\":\"https:\\\/\\\/vivalr.com\\\/?s={search_term_string}\"},\"query-input\":{\"@type\":\"PropertyValueSpecification\",\"valueRequired\":true,\"valueName\":\"search_term_string\"}}],\"inLanguage\":\"pt-PT\"}]}<\/script>\n<!-- \/ Yoast SEO Premium plugin. -->","yoast_head_json":{"title":"Fornecimento de f\u00e1brica Tert-butil-hidroquinona TBHQ Cas 1948-33-0 com melhor pre\u00e7o - Bem-vindo ao VIVALR- Sua fonte confi\u00e1vel de mat\u00e9rias-primas qu\u00edmicas\uff01","robots":{"index":"index","follow":"follow","max-snippet":"max-snippet:-1","max-image-preview":"max-image-preview:large","max-video-preview":"max-video-preview:-1"},"canonical":"https:\/\/vivalr.com\/pt\/product\/12098.html","og_locale":"pt_PT","og_type":"article","og_title":"Factory Supply Tert-butylhydroquinone TBHQ Cas 1948-33-0 With Best Price","og_description":"Factory Supply Tert-butylhydroquinone TBHQ Cas 1948-33-0 With Best Price - User Guide Basic Information and Parameters Product Uses Product Usage Usage Case Studies Contact Information Basic Information and Parameters Tert-butylhydroquinone (TBHQ) with the CAS number 1948 - 33 - 0 is a synthetic aromatic organic compound. It is a type of phenolic antioxidant, which is [&hellip;]","og_url":"https:\/\/vivalr.com\/pt\/product\/12098.html","og_site_name":"Welcome to VIVALR- Your Trusted Source for Chemical Raw Materials\uff01","article_modified_time":"2025-03-07T12:44:30+00:00","og_image":[{"width":350,"height":350,"url":"https:\/\/vivalr.com\/wp-content\/uploads\/2025\/03\/Tert-butylhydroquinone-TBHQ-Cas-1948-33-0.jpg","type":"image\/jpeg"}],"twitter_card":"summary_large_image","twitter_misc":{"Tempo estimado de leitura":"3 minutos"},"schema":{"@context":"https:\/\/schema.org","@graph":[{"@type":"WebPage","@id":"https:\/\/vivalr.com\/product\/12098.html","url":"https:\/\/vivalr.com\/product\/12098.html","name":"Fornecimento de f\u00e1brica Tert-butil-hidroquinona TBHQ Cas 1948-33-0 com melhor pre\u00e7o - Bem-vindo ao VIVALR- Sua fonte confi\u00e1vel de mat\u00e9rias-primas qu\u00edmicas\uff01","isPartOf":{"@id":"https:\/\/vivalr.com\/#website"},"primaryImageOfPage":{"@id":"https:\/\/vivalr.com\/product\/12098.html#primaryimage"},"image":{"@id":"https:\/\/vivalr.com\/product\/12098.html#primaryimage"},"thumbnailUrl":"https:\/\/vivalr.com\/wp-content\/uploads\/2025\/03\/Tert-butylhydroquinone-TBHQ-Cas-1948-33-0.jpg","datePublished":"2025-03-07T12:18:37+00:00","dateModified":"2025-03-07T12:44:30+00:00","breadcrumb":{"@id":"https:\/\/vivalr.com\/product\/12098.html#breadcrumb"},"inLanguage":"pt-PT","potentialAction":[{"@type":"ReadAction","target":["https:\/\/vivalr.com\/product\/12098.html"]}]},{"@type":"ImageObject","inLanguage":"pt-PT","@id":"https:\/\/vivalr.com\/product\/12098.html#primaryimage","url":"https:\/\/vivalr.com\/wp-content\/uploads\/2025\/03\/Tert-butylhydroquinone-TBHQ-Cas-1948-33-0.jpg","contentUrl":"https:\/\/vivalr.com\/wp-content\/uploads\/2025\/03\/Tert-butylhydroquinone-TBHQ-Cas-1948-33-0.jpg","width":350,"height":350},{"@type":"BreadcrumbList","@id":"https:\/\/vivalr.com\/product\/12098.html#breadcrumb","itemListElement":[{"@type":"ListItem","position":1,"name":"Home","item":"https:\/\/vivalr.com\/"},{"@type":"ListItem","position":2,"name":"Shop","item":"https:\/\/vivalr.com\/shop\/"},{"@type":"ListItem","position":3,"name":"Factory Supply Tert-butylhydroquinone TBHQ Cas 1948-33-0 With Best Price"}]},{"@type":"WebSite","@id":"https:\/\/vivalr.com\/#website","url":"https:\/\/vivalr.com\/","name":"Bem-vindo ao VIVALR- Sua fonte confi\u00e1vel de mat\u00e9rias-primas qu\u00edmicas\uff01","description":"Descubra uma vasta gama de mat\u00e9rias-primas qu\u00edmicas de alta qualidade para satisfazer as suas necessidades industriais. O nosso compromisso com a excel\u00eancia garante-lhe os melhores produtos e servi\u00e7os.","potentialAction":[{"@type":"SearchAction","target":{"@type":"EntryPoint","urlTemplate":"https:\/\/vivalr.com\/?s={search_term_string}"},"query-input":{"@type":"PropertyValueSpecification","valueRequired":true,"valueName":"search_term_string"}}],"inLanguage":"pt-PT"}]}},"_links":{"self":[{"href":"https:\/\/vivalr.com\/pt\/wp-json\/wp\/v2\/product\/12098","targetHints":{"allow":["GET"]}}],"collection":[{"href":"https:\/\/vivalr.com\/pt\/wp-json\/wp\/v2\/product"}],"about":[{"href":"https:\/\/vivalr.com\/pt\/wp-json\/wp\/v2\/types\/product"}],"replies":[{"embeddable":true,"href":"https:\/\/vivalr.com\/pt\/wp-json\/wp\/v2\/comments?post=12098"}],"wp:featuredmedia":[{"embeddable":true,"href":"https:\/\/vivalr.com\/pt\/wp-json\/wp\/v2\/media\/27089"}],"wp:attachment":[{"href":"https:\/\/vivalr.com\/pt\/wp-json\/wp\/v2\/media?parent=12098"}],"wp:term":[{"taxonomy":"product_brand","embeddable":true,"href":"https:\/\/vivalr.com\/pt\/wp-json\/wp\/v2\/product_brand?post=12098"},{"taxonomy":"product_cat","embeddable":true,"href":"https:\/\/vivalr.com\/pt\/wp-json\/wp\/v2\/product_cat?post=12098"},{"taxonomy":"product_tag","embeddable":true,"href":"https:\/\/vivalr.com\/pt\/wp-json\/wp\/v2\/product_tag?post=12098"}],"curies":[{"name":"wp","href":"https:\/\/api.w.org\/{rel}","templated":true}]}}