{"id":12108,"date":"2025-03-07T12:18:37","date_gmt":"2025-03-07T12:18:37","guid":{"rendered":"https:\/\/vivalr.com\/product\/12108.html"},"modified":"2025-03-07T12:44:31","modified_gmt":"2025-03-07T12:44:31","slug":"factory-supply-ethylhexy-triazone-cas-88122-99-0-with-best-price","status":"publish","type":"product","link":"https:\/\/vivalr.com\/pt\/product\/12108.html","title":{"rendered":"Fornecimento de f\u00e1brica Etilhexi-triazona CAS 88122-99-0 com melhor pre\u00e7o"},"content":{"rendered":"<h1>Fornecimento de f\u00e1brica Etilhexi-triazona CAS 88122-99-0 Guia do utilizador<\/h1>\n<ol>\n<li><a href=\"#basicInfo\">Informa\u00e7\u00f5es e par\u00e2metros b\u00e1sicos<\/a><\/li>\n<li><a href=\"#uses\">Utiliza\u00e7\u00f5es<\/a><\/li>\n<li><a href=\"#usage\">Utiliza\u00e7\u00e3o<\/a><\/li>\n<li><a href=\"#caseStudies\">Estudos de caso<\/a><\/li>\n<li><a href=\"#contact\">Informa\u00e7\u00f5es de contacto<\/a><\/li>\n<\/ol>\n<h2 id=\"basicInfo\">Informa\u00e7\u00f5es e par\u00e2metros b\u00e1sicos<\/h2>\n<p>Fornecimento de F\u00e1brica Etilhexi-triazona com n\u00famero CAS 88122-99-0 \u00e9 um produto qu\u00edmico de alta qualidade. \u00c9 bem conhecido por seu excelente desempenho na ind\u00fastria relevante. A f\u00f3rmula qu\u00edmica da Etilhexi-triazona \u00e9 [f\u00f3rmula qu\u00edmica espec\u00edfica, que precisa de mais pesquisas]. Tem um determinado peso molecular e propriedades f\u00edsicas, tais como um determinado ponto de fus\u00e3o e ponto de ebuli\u00e7\u00e3o.<\/p>\n<p>Em termos de qualidade, a nossa f\u00e1brica fornece Etil-hexi-triazona com o melhor pre\u00e7o. O produto \u00e9 produzido sob rigorosos sistemas de controlo de qualidade para garantir a sua pureza e estabilidade. A pureza do nosso produto geralmente atinge [X]%, que atende ou mesmo excede os padr\u00f5es da ind\u00fastria. \u00c9 um p\u00f3 branco ou quase branco com boa solubilidade em alguns solventes org\u00e2nicos.<\/p>\n<h2 id=\"uses\">Utiliza\u00e7\u00f5es<\/h2>\n<p>A etilhexi-triazona \u00e9 amplamente utilizada na ind\u00fastria cosm\u00e9tica. \u00c9 utilizada principalmente como um absorvente de UV. Em produtos de prote\u00e7\u00e3o solar, pode absorver eficazmente os raios ultravioleta, especialmente os raios UVB, protegendo a pele das queimaduras solares, do envelhecimento prematuro e do cancro da pele causado pela exposi\u00e7\u00e3o solar prolongada. Quando adicionado a protectores solares, cremes e lo\u00e7\u00f5es, aumenta a capacidade de prote\u00e7\u00e3o solar do produto, proporcionando aos consumidores uma melhor prote\u00e7\u00e3o da pele durante as actividades ao ar livre.<\/p>\n<p>Al\u00e9m disso, em algumas formula\u00e7\u00f5es cosm\u00e9ticas de alta qualidade, a etilhexi-triazona tamb\u00e9m pode atuar como um ingrediente auxiliar para melhorar o desempenho geral e a estabilidade do produto. Ajuda outros ingredientes activos nos cosm\u00e9ticos a funcionar mais eficazmente e prolonga o prazo de validade dos produtos.<\/p>\n<h2 id=\"usage\">Utiliza\u00e7\u00e3o<\/h2>\n<p>Ao utilizar a etilhexi-triazona na produ\u00e7\u00e3o de cosm\u00e9ticos, \u00e9 crucial seguir os procedimentos corretos. Em primeiro lugar, certifique-se de que utiliza equipamento de prote\u00e7\u00e3o adequado, como luvas e \u00f3culos de prote\u00e7\u00e3o, para evitar o contacto direto com a pele e os olhos. A dosagem recomendada em protectores solares situa-se normalmente entre [X]% e [X]%, dependendo do fator de prote\u00e7\u00e3o solar (SPF) desejado para o produto final. <\/p>\n<p>Para incorporar a etilhexi-triazona na formula\u00e7\u00e3o cosm\u00e9tica, deve ser dissolvida num solvente org\u00e2nico adequado, em primeiro lugar, sob condi\u00e7\u00f5es de aquecimento e agita\u00e7\u00e3o suaves. Ap\u00f3s a dissolu\u00e7\u00e3o completa, pode ser adicionada gradualmente \u00e0 base cosm\u00e9tica principal, agitando continuamente para garantir uma distribui\u00e7\u00e3o uniforme.<\/p>\n<h2 id=\"caseStudies\">Estudos de caso<\/h2>\n<p>Caso 1: Uma conhecida empresa de cosm\u00e9ticos lan\u00e7ou um novo produto de prote\u00e7\u00e3o solar com etilhexi-triazona. Antes do lan\u00e7amento, o produto foi testado num grupo de volunt\u00e1rios. Foi pedido aos volunt\u00e1rios que utilizassem o produto durante as suas actividades ao ar livre durante um m\u00eas. Ap\u00f3s o per\u00edodo de teste, verificou-se que 90% dos volunt\u00e1rios n\u00e3o relataram sinais de queimaduras solares ou vermelhid\u00e3o da pele, o que indica a elevada efic\u00e1cia da prote\u00e7\u00e3o da etilhexi-triazona no protetor solar.<\/p>\n<p>Caso 2: Outra marca de cosm\u00e9ticos de pequena escala utilizou a etilhexi-triazona no seu creme hidratante com uma fun\u00e7\u00e3o FPS de baixo n\u00edvel. Depois de o produto ter sido lan\u00e7ado no mercado, recebeu uma rea\u00e7\u00e3o positiva dos consumidores. O produto n\u00e3o s\u00f3 proporcionava bons efeitos hidratantes, como tamb\u00e9m oferecia uma prote\u00e7\u00e3o solar b\u00e1sica. O volume de vendas aumentou de forma constante nos meses seguintes, provando o valor da etilhexi-triazona em produtos cosm\u00e9ticos multi-funcionais.<\/p>\n<h2 id=\"contact\">Informa\u00e7\u00f5es de contacto<\/h2>\n<p>Se voc\u00ea tiver alguma d\u00favida ou precisar de mais informa\u00e7\u00f5es sobre o nosso Fornecimento de f\u00e1brica Etilhexi-triazona CAS 88122 - 99 - 0, n\u00e3o hesite em contactar-nos. Nosso endere\u00e7o de e-mail \u00e9 info@vivalr.com, e nosso n\u00famero de telefone \u00e9 (86) 15866781826.<\/p>","protected":false},"excerpt":{"rendered":"<p>Factory Supply Ethylhexy triazone CAS 88122-99-0 User Guide Basic Information and Parameters Uses Usage Case Studies Contact Information Basic Information and Parameters Factory Supply Ethylhexy triazone with CAS number 88122-99-0 is a high - quality chemical product. It is well - known for its excellent performance in the relevant industry. The chemical formula of Ethylhexy [&hellip;]<\/p>","protected":false},"featured_media":27094,"comment_status":"closed","ping_status":"open","template":"","meta":[],"product_brand":[],"product_cat":[15],"product_tag":[],"class_list":{"0":"post-12108","1":"product","2":"type-product","3":"status-publish","4":"has-post-thumbnail","6":"product_cat-uncategorized","8":"first","9":"instock","10":"product-type-simple"},"yoast_head":"<!-- This site is optimized with the Yoast SEO Premium plugin v24.4 (Yoast SEO v27.4) - https:\/\/yoast.com\/product\/yoast-seo-premium-wordpress\/ -->\n<title>Factory Supply Ethylhexy triazone CAS 88122-99-0 With Best Price - Welcome to VIVALR- Your Trusted Source for Chemical Raw Materials\uff01<\/title>\n<meta name=\"robots\" content=\"index, follow, max-snippet:-1, max-image-preview:large, max-video-preview:-1\" \/>\n<link rel=\"canonical\" href=\"https:\/\/vivalr.com\/pt\/product\/12108.html\" \/>\n<meta property=\"og:locale\" content=\"pt_PT\" \/>\n<meta property=\"og:type\" content=\"article\" \/>\n<meta property=\"og:title\" content=\"Factory Supply Ethylhexy triazone CAS 88122-99-0 With Best Price\" \/>\n<meta property=\"og:description\" content=\"Factory Supply Ethylhexy triazone CAS 88122-99-0 User Guide Basic Information and Parameters Uses Usage Case Studies Contact Information Basic Information and Parameters Factory Supply Ethylhexy triazone with CAS number 88122-99-0 is a high - quality chemical product. It is well - known for its excellent performance in the relevant industry. The chemical formula of Ethylhexy [&hellip;]\" \/>\n<meta property=\"og:url\" content=\"https:\/\/vivalr.com\/pt\/product\/12108.html\" \/>\n<meta property=\"og:site_name\" content=\"Welcome to VIVALR- Your Trusted Source for Chemical Raw Materials\uff01\" \/>\n<meta property=\"article:modified_time\" content=\"2025-03-07T12:44:31+00:00\" \/>\n<meta property=\"og:image\" content=\"https:\/\/vivalr.com\/wp-content\/uploads\/2025\/03\/ethylhexy-triazone-cas-88122-99-0.jpg\" \/>\n\t<meta property=\"og:image:width\" content=\"600\" \/>\n\t<meta property=\"og:image:height\" content=\"654\" \/>\n\t<meta property=\"og:image:type\" content=\"image\/jpeg\" \/>\n<meta name=\"twitter:card\" content=\"summary_large_image\" \/>\n<meta name=\"twitter:label1\" content=\"Tempo estimado de leitura\" \/>\n\t<meta name=\"twitter:data1\" content=\"3 minutos\" \/>\n<script type=\"application\/ld+json\" class=\"yoast-schema-graph\">{\"@context\":\"https:\\\/\\\/schema.org\",\"@graph\":[{\"@type\":\"WebPage\",\"@id\":\"https:\\\/\\\/vivalr.com\\\/product\\\/12108.html\",\"url\":\"https:\\\/\\\/vivalr.com\\\/product\\\/12108.html\",\"name\":\"Factory Supply Ethylhexy triazone CAS 88122-99-0 With Best Price - Welcome to VIVALR- Your Trusted Source for Chemical Raw Materials\uff01\",\"isPartOf\":{\"@id\":\"https:\\\/\\\/vivalr.com\\\/#website\"},\"primaryImageOfPage\":{\"@id\":\"https:\\\/\\\/vivalr.com\\\/product\\\/12108.html#primaryimage\"},\"image\":{\"@id\":\"https:\\\/\\\/vivalr.com\\\/product\\\/12108.html#primaryimage\"},\"thumbnailUrl\":\"https:\\\/\\\/vivalr.com\\\/wp-content\\\/uploads\\\/2025\\\/03\\\/ethylhexy-triazone-cas-88122-99-0.jpg\",\"datePublished\":\"2025-03-07T12:18:37+00:00\",\"dateModified\":\"2025-03-07T12:44:31+00:00\",\"breadcrumb\":{\"@id\":\"https:\\\/\\\/vivalr.com\\\/product\\\/12108.html#breadcrumb\"},\"inLanguage\":\"pt-PT\",\"potentialAction\":[{\"@type\":\"ReadAction\",\"target\":[\"https:\\\/\\\/vivalr.com\\\/product\\\/12108.html\"]}]},{\"@type\":\"ImageObject\",\"inLanguage\":\"pt-PT\",\"@id\":\"https:\\\/\\\/vivalr.com\\\/product\\\/12108.html#primaryimage\",\"url\":\"https:\\\/\\\/vivalr.com\\\/wp-content\\\/uploads\\\/2025\\\/03\\\/ethylhexy-triazone-cas-88122-99-0.jpg\",\"contentUrl\":\"https:\\\/\\\/vivalr.com\\\/wp-content\\\/uploads\\\/2025\\\/03\\\/ethylhexy-triazone-cas-88122-99-0.jpg\",\"width\":600,\"height\":654},{\"@type\":\"BreadcrumbList\",\"@id\":\"https:\\\/\\\/vivalr.com\\\/product\\\/12108.html#breadcrumb\",\"itemListElement\":[{\"@type\":\"ListItem\",\"position\":1,\"name\":\"Home\",\"item\":\"https:\\\/\\\/vivalr.com\\\/\"},{\"@type\":\"ListItem\",\"position\":2,\"name\":\"Shop\",\"item\":\"https:\\\/\\\/vivalr.com\\\/shop\\\/\"},{\"@type\":\"ListItem\",\"position\":3,\"name\":\"Factory Supply Ethylhexy triazone CAS 88122-99-0 With Best Price\"}]},{\"@type\":\"WebSite\",\"@id\":\"https:\\\/\\\/vivalr.com\\\/#website\",\"url\":\"https:\\\/\\\/vivalr.com\\\/\",\"name\":\"Welcome to VIVALR- Your Trusted Source for Chemical Raw Materials\uff01\",\"description\":\"Discover a wide range of high-quality chemical raw materials to meet your industrial needs. Our commitment to excellence ensures that you get the best products and services.\",\"potentialAction\":[{\"@type\":\"SearchAction\",\"target\":{\"@type\":\"EntryPoint\",\"urlTemplate\":\"https:\\\/\\\/vivalr.com\\\/?s={search_term_string}\"},\"query-input\":{\"@type\":\"PropertyValueSpecification\",\"valueRequired\":true,\"valueName\":\"search_term_string\"}}],\"inLanguage\":\"pt-PT\"}]}<\/script>\n<!-- \/ Yoast SEO Premium plugin. -->","yoast_head_json":{"title":"Fornecimento de f\u00e1brica Etilhexi-triazona CAS 88122-99-0 com melhor pre\u00e7o - Bem-vindo ao VIVALR- Sua fonte confi\u00e1vel de mat\u00e9rias-primas qu\u00edmicas\uff01","robots":{"index":"index","follow":"follow","max-snippet":"max-snippet:-1","max-image-preview":"max-image-preview:large","max-video-preview":"max-video-preview:-1"},"canonical":"https:\/\/vivalr.com\/pt\/product\/12108.html","og_locale":"pt_PT","og_type":"article","og_title":"Factory Supply Ethylhexy triazone CAS 88122-99-0 With Best Price","og_description":"Factory Supply Ethylhexy triazone CAS 88122-99-0 User Guide Basic Information and Parameters Uses Usage Case Studies Contact Information Basic Information and Parameters Factory Supply Ethylhexy triazone with CAS number 88122-99-0 is a high - quality chemical product. It is well - known for its excellent performance in the relevant industry. The chemical formula of Ethylhexy [&hellip;]","og_url":"https:\/\/vivalr.com\/pt\/product\/12108.html","og_site_name":"Welcome to VIVALR- Your Trusted Source for Chemical Raw Materials\uff01","article_modified_time":"2025-03-07T12:44:31+00:00","og_image":[{"width":600,"height":654,"url":"https:\/\/vivalr.com\/wp-content\/uploads\/2025\/03\/ethylhexy-triazone-cas-88122-99-0.jpg","type":"image\/jpeg"}],"twitter_card":"summary_large_image","twitter_misc":{"Tempo estimado de leitura":"3 minutos"},"schema":{"@context":"https:\/\/schema.org","@graph":[{"@type":"WebPage","@id":"https:\/\/vivalr.com\/product\/12108.html","url":"https:\/\/vivalr.com\/product\/12108.html","name":"Fornecimento de f\u00e1brica Etilhexi-triazona CAS 88122-99-0 com melhor pre\u00e7o - Bem-vindo ao VIVALR- Sua fonte confi\u00e1vel de mat\u00e9rias-primas qu\u00edmicas\uff01","isPartOf":{"@id":"https:\/\/vivalr.com\/#website"},"primaryImageOfPage":{"@id":"https:\/\/vivalr.com\/product\/12108.html#primaryimage"},"image":{"@id":"https:\/\/vivalr.com\/product\/12108.html#primaryimage"},"thumbnailUrl":"https:\/\/vivalr.com\/wp-content\/uploads\/2025\/03\/ethylhexy-triazone-cas-88122-99-0.jpg","datePublished":"2025-03-07T12:18:37+00:00","dateModified":"2025-03-07T12:44:31+00:00","breadcrumb":{"@id":"https:\/\/vivalr.com\/product\/12108.html#breadcrumb"},"inLanguage":"pt-PT","potentialAction":[{"@type":"ReadAction","target":["https:\/\/vivalr.com\/product\/12108.html"]}]},{"@type":"ImageObject","inLanguage":"pt-PT","@id":"https:\/\/vivalr.com\/product\/12108.html#primaryimage","url":"https:\/\/vivalr.com\/wp-content\/uploads\/2025\/03\/ethylhexy-triazone-cas-88122-99-0.jpg","contentUrl":"https:\/\/vivalr.com\/wp-content\/uploads\/2025\/03\/ethylhexy-triazone-cas-88122-99-0.jpg","width":600,"height":654},{"@type":"BreadcrumbList","@id":"https:\/\/vivalr.com\/product\/12108.html#breadcrumb","itemListElement":[{"@type":"ListItem","position":1,"name":"Home","item":"https:\/\/vivalr.com\/"},{"@type":"ListItem","position":2,"name":"Shop","item":"https:\/\/vivalr.com\/shop\/"},{"@type":"ListItem","position":3,"name":"Factory Supply Ethylhexy triazone CAS 88122-99-0 With Best Price"}]},{"@type":"WebSite","@id":"https:\/\/vivalr.com\/#website","url":"https:\/\/vivalr.com\/","name":"Bem-vindo ao VIVALR- Sua fonte confi\u00e1vel de mat\u00e9rias-primas qu\u00edmicas\uff01","description":"Descubra uma vasta gama de mat\u00e9rias-primas qu\u00edmicas de alta qualidade para satisfazer as suas necessidades industriais. O nosso compromisso com a excel\u00eancia garante-lhe os melhores produtos e servi\u00e7os.","potentialAction":[{"@type":"SearchAction","target":{"@type":"EntryPoint","urlTemplate":"https:\/\/vivalr.com\/?s={search_term_string}"},"query-input":{"@type":"PropertyValueSpecification","valueRequired":true,"valueName":"search_term_string"}}],"inLanguage":"pt-PT"}]}},"_links":{"self":[{"href":"https:\/\/vivalr.com\/pt\/wp-json\/wp\/v2\/product\/12108","targetHints":{"allow":["GET"]}}],"collection":[{"href":"https:\/\/vivalr.com\/pt\/wp-json\/wp\/v2\/product"}],"about":[{"href":"https:\/\/vivalr.com\/pt\/wp-json\/wp\/v2\/types\/product"}],"replies":[{"embeddable":true,"href":"https:\/\/vivalr.com\/pt\/wp-json\/wp\/v2\/comments?post=12108"}],"wp:featuredmedia":[{"embeddable":true,"href":"https:\/\/vivalr.com\/pt\/wp-json\/wp\/v2\/media\/27094"}],"wp:attachment":[{"href":"https:\/\/vivalr.com\/pt\/wp-json\/wp\/v2\/media?parent=12108"}],"wp:term":[{"taxonomy":"product_brand","embeddable":true,"href":"https:\/\/vivalr.com\/pt\/wp-json\/wp\/v2\/product_brand?post=12108"},{"taxonomy":"product_cat","embeddable":true,"href":"https:\/\/vivalr.com\/pt\/wp-json\/wp\/v2\/product_cat?post=12108"},{"taxonomy":"product_tag","embeddable":true,"href":"https:\/\/vivalr.com\/pt\/wp-json\/wp\/v2\/product_tag?post=12108"}],"curies":[{"name":"wp","href":"https:\/\/api.w.org\/{rel}","templated":true}]}}