{"id":12140,"date":"2025-03-07T12:18:39","date_gmt":"2025-03-07T12:18:39","guid":{"rendered":"https:\/\/vivalr.com\/product\/12140.html"},"modified":"2025-03-07T12:44:35","modified_gmt":"2025-03-07T12:44:35","slug":"factory-supply-isopropyl-isocyanate-cas-1795-48-8-with-best-price","status":"publish","type":"product","link":"https:\/\/vivalr.com\/pt\/product\/12140.html","title":{"rendered":"Fornecimento de f\u00e1brica Isopropil isocianato CAS 1795-48-8 com melhor pre\u00e7o"},"content":{"rendered":"<h1>Fornecimento de f\u00e1brica Isopropil isocianato CAS 1795-48-8 Guia do utilizador<\/h1>\n<h2>\u00cdndice<\/h2>\n<ul>\n<li><a href=\"#basic_info\">1. Informa\u00e7\u00f5es e par\u00e2metros de base<\/a><\/li>\n<li><a href=\"#uses\">2. Utiliza\u00e7\u00f5es do produto<\/a><\/li>\n<li><a href=\"#usage\">3. Utiliza\u00e7\u00e3o do produto<\/a><\/li>\n<li><a href=\"#case_study\">4. Estudos de casos de utiliza\u00e7\u00e3o de produtos<\/a><\/li>\n<li><a href=\"#contact\">5. Informa\u00e7\u00f5es de contacto<\/a><\/li>\n<\/ul>\n<h2 id=\"basic_info\">1. Informa\u00e7\u00f5es e par\u00e2metros de base<\/h2>\n<p>Fornecimento de f\u00e1brica Isopropil isocianato, com n\u00famero CAS 1795-48-8, \u00e9 um composto qu\u00edmico amplamente utilizado em v\u00e1rias aplica\u00e7\u00f5es industriais. Este produto \u00e9 fornecido com o melhor pre\u00e7o, garantindo custo - efetividade para nossos clientes. A f\u00f3rmula molecular do Isopropil isocianato \u00e9 C4H7NO, e tem uma massa molar de aproximadamente 85.10 g\/mol. \u00c9 um l\u00edquido incolor a amarelo p\u00e1lido com um odor pungente carater\u00edstico. O ponto de ebuli\u00e7\u00e3o deste composto \u00e9 de cerca de 85 - 86\u00b0C, e a densidade \u00e9 de cerca de 0,907 g\/mL a 25\u00b0C. Tem um ponto de inflama\u00e7\u00e3o de aproximadamente 12\u00b0C, o que significa que \u00e9 inflam\u00e1vel e requer um manuseamento e armazenamento adequados.<\/p>\n<h2 id=\"uses\">2. Utiliza\u00e7\u00f5es do produto<\/h2>\n<p>O isocianato de isopropilo \u00e9 um produto qu\u00edmico vers\u00e1til com m\u00faltiplas aplica\u00e7\u00f5es. No dom\u00ednio da qu\u00edmica de pol\u00edmeros, \u00e9 utilizado como um intermedi\u00e1rio fundamental na s\u00edntese de poliuretanos. Os poliuretanos s\u00e3o amplamente utilizados no fabrico de espumas, elast\u00f3meros, revestimentos e adesivos. A rea\u00e7\u00e3o do isocianato de isopropilo com poli\u00f3is leva \u00e0 forma\u00e7\u00e3o de pol\u00edmeros de poliuretano com excelentes propriedades mec\u00e2nicas e qu\u00edmicas.<\/p>\n<p>Encontra igualmente aplica\u00e7\u00f5es na ind\u00fastria farmac\u00eautica. O isocianato de isopropilo pode ser utilizado na s\u00edntese de v\u00e1rios produtos farmac\u00eauticos interm\u00e9dios, que s\u00e3o depois utilizados para produzir medicamentos para diferentes fins terap\u00eauticos. Por exemplo, pode ser utilizado na s\u00edntese de compostos com propriedades anti-inflamat\u00f3rias ou analg\u00e9sicas.<\/p>\n<p>Na ind\u00fastria agroqu\u00edmica, o isocianato de isopropilo \u00e9 utilizado na produ\u00e7\u00e3o de pesticidas e herbicidas. Pode reagir com outros produtos qu\u00edmicos para formar ingredientes activos que s\u00e3o eficazes no controlo de pragas e ervas daninhas, melhorando assim o rendimento das culturas.<\/p>\n<h2 id=\"usage\">3. Utiliza\u00e7\u00e3o do produto<\/h2>\n<p>Ao utilizar o isocianato de isopropilo Factory Supply, \u00e9 crucial seguir protocolos de seguran\u00e7a rigorosos. Primeiro, ele deve ser armazenado em uma \u00e1rea fresca, seca e bem ventilada, longe de fontes de calor e igni\u00e7\u00e3o. Os trabalhadores que manuseiam este produto devem usar equipamento de prote\u00e7\u00e3o individual adequado, incluindo luvas, \u00f3culos de seguran\u00e7a e um respirador. <\/p>\n<p>Durante o processo de manuseamento, a transfer\u00eancia de isocianato de isopropilo deve ser efectuada num sistema fechado para evitar fugas e exposi\u00e7\u00e3o. Se ocorrer um derrame, este deve ser imediatamente limpo com materiais absorventes adequados e a \u00e1rea deve ser bem ventilada para dispersar os vapores. <\/p>\n<p>No processo de s\u00edntese, as condi\u00e7\u00f5es de rea\u00e7\u00e3o, tais como a temperatura, a press\u00e3o e o tempo de rea\u00e7\u00e3o, devem ser cuidadosamente controladas de acordo com os requisitos espec\u00edficos da rea\u00e7\u00e3o. A rea\u00e7\u00e3o deve ser realizada num reator adequado e os reagentes devem ser adicionados numa sequ\u00eancia apropriada para garantir a efici\u00eancia e a seguran\u00e7a da rea\u00e7\u00e3o.<\/p>\n<h2 id=\"case_study\">4. Estudos de casos de utiliza\u00e7\u00e3o de produtos<\/h2>\n<p>Caso 1: Produ\u00e7\u00e3o de espuma de poliuretano<br \/>\nUma empresa de fabrico de mobili\u00e1rio utilizou o isocianato de isopropilo Factory Supply na produ\u00e7\u00e3o de espumas de poliuretano para almofadas de sof\u00e1s. Ao usar este produto, eles foram capazes de produzir espumas com excelente elasticidade e durabilidade. As espumas tinham uma estrutura celular uniforme, o que melhorava o conforto dos sof\u00e1s. O processo de produ\u00e7\u00e3o foi optimizado atrav\u00e9s do controlo cuidadoso das condi\u00e7\u00f5es de rea\u00e7\u00e3o, e a empresa conseguiu aumentar a sua efici\u00eancia de produ\u00e7\u00e3o em 20% e reduzir o custo em 15%. <\/p>\n<p>Caso 2: S\u00edntese de um intermedi\u00e1rio farmac\u00eautico<br \/>\nUma empresa de investiga\u00e7\u00e3o e desenvolvimento farmac\u00eautico utilizou isocianato de isopropilo na s\u00edntese de um novo medicamento anti-inflamat\u00f3rio interm\u00e9dio. A rea\u00e7\u00e3o foi realizada num ambiente controlado, tendo sido obtido um intermedi\u00e1rio de elevada pureza. O processo subsequente de desenvolvimento do f\u00e1rmaco decorreu sem problemas e o f\u00e1rmaco final mostrou uma boa efic\u00e1cia em ensaios pr\u00e9 - cl\u00ednicos. Este sucesso levou a mais projectos de investiga\u00e7\u00e3o e desenvolvimento utilizando isocianato de isopropilo na empresa.<\/p>\n<h2 id=\"contact\">5. Informa\u00e7\u00f5es de contacto<\/h2>\n<p>Se voc\u00ea tiver alguma d\u00favida ou precisar de mais informa\u00e7\u00f5es sobre Fornecimento de f\u00e1brica Isopropil isocianato CAS 1795 - 48 - 8, n\u00e3o hesite em contactar-nos. Nosso e-mail \u00e9 info@vivalr.com, e nosso n\u00famero de telefone \u00e9 (86) 15866781826.<\/p>","protected":false},"excerpt":{"rendered":"<p>Factory Supply Isopropyl isocyanate CAS 1795-48-8 User Guide Table of Contents 1. Basic Information and Parameters 2. Product Uses 3. Product Usage 4. Product Usage Case Studies 5. Contact Information 1. Basic Information and Parameters Factory Supply Isopropyl isocyanate, with CAS number 1795-48-8, is a chemical compound widely used in various industrial applications. This product [&hellip;]<\/p>","protected":false},"featured_media":27110,"comment_status":"closed","ping_status":"open","template":"","meta":[],"product_brand":[],"product_cat":[15],"product_tag":[],"class_list":{"0":"post-12140","1":"product","2":"type-product","3":"status-publish","4":"has-post-thumbnail","6":"product_cat-uncategorized","8":"first","9":"instock","10":"product-type-simple"},"yoast_head":"<!-- This site is optimized with the Yoast SEO Premium plugin v24.4 (Yoast SEO v25.0) - https:\/\/yoast.com\/wordpress\/plugins\/seo\/ -->\n<title>Factory Supply Isopropyl isocyanate CAS 1795-48-8 With Best Price - Welcome to VIVALR- Your Trusted Source for Chemical Raw Materials\uff01<\/title>\n<meta name=\"robots\" content=\"index, follow, max-snippet:-1, max-image-preview:large, max-video-preview:-1\" \/>\n<link rel=\"canonical\" href=\"https:\/\/vivalr.com\/pt\/product\/12140.html\" \/>\n<meta property=\"og:locale\" content=\"pt_PT\" \/>\n<meta property=\"og:type\" content=\"article\" \/>\n<meta property=\"og:title\" content=\"Factory Supply Isopropyl isocyanate CAS 1795-48-8 With Best Price\" \/>\n<meta property=\"og:description\" content=\"Factory Supply Isopropyl isocyanate CAS 1795-48-8 User Guide Table of Contents 1. Basic Information and Parameters 2. Product Uses 3. Product Usage 4. Product Usage Case Studies 5. Contact Information 1. Basic Information and Parameters Factory Supply Isopropyl isocyanate, with CAS number 1795-48-8, is a chemical compound widely used in various industrial applications. This product [&hellip;]\" \/>\n<meta property=\"og:url\" content=\"https:\/\/vivalr.com\/pt\/product\/12140.html\" \/>\n<meta property=\"og:site_name\" content=\"Welcome to VIVALR- Your Trusted Source for Chemical Raw Materials\uff01\" \/>\n<meta property=\"article:modified_time\" content=\"2025-03-07T12:44:35+00:00\" \/>\n<meta property=\"og:image\" content=\"https:\/\/vivalr.com\/wp-content\/uploads\/2025\/03\/isopropyl-isocyanate-cas-1795-48-8.jpg\" \/>\n\t<meta property=\"og:image:width\" content=\"600\" \/>\n\t<meta property=\"og:image:height\" content=\"654\" \/>\n\t<meta property=\"og:image:type\" content=\"image\/jpeg\" \/>\n<meta name=\"twitter:card\" content=\"summary_large_image\" \/>\n<meta name=\"twitter:label1\" content=\"Tempo estimado de leitura\" \/>\n\t<meta name=\"twitter:data1\" content=\"3 minutos\" \/>\n<script type=\"application\/ld+json\" class=\"yoast-schema-graph\">{\"@context\":\"https:\/\/schema.org\",\"@graph\":[{\"@type\":\"WebPage\",\"@id\":\"https:\/\/vivalr.com\/product\/12140.html\",\"url\":\"https:\/\/vivalr.com\/product\/12140.html\",\"name\":\"Factory Supply Isopropyl isocyanate CAS 1795-48-8 With Best Price - Welcome to VIVALR- Your Trusted Source for Chemical Raw Materials\uff01\",\"isPartOf\":{\"@id\":\"https:\/\/vivalr.com\/#website\"},\"primaryImageOfPage\":{\"@id\":\"https:\/\/vivalr.com\/product\/12140.html#primaryimage\"},\"image\":{\"@id\":\"https:\/\/vivalr.com\/product\/12140.html#primaryimage\"},\"thumbnailUrl\":\"https:\/\/vivalr.com\/wp-content\/uploads\/2025\/03\/isopropyl-isocyanate-cas-1795-48-8.jpg\",\"datePublished\":\"2025-03-07T12:18:39+00:00\",\"dateModified\":\"2025-03-07T12:44:35+00:00\",\"breadcrumb\":{\"@id\":\"https:\/\/vivalr.com\/product\/12140.html#breadcrumb\"},\"inLanguage\":\"pt-PT\",\"potentialAction\":[{\"@type\":\"ReadAction\",\"target\":[\"https:\/\/vivalr.com\/product\/12140.html\"]}]},{\"@type\":\"ImageObject\",\"inLanguage\":\"pt-PT\",\"@id\":\"https:\/\/vivalr.com\/product\/12140.html#primaryimage\",\"url\":\"https:\/\/vivalr.com\/wp-content\/uploads\/2025\/03\/isopropyl-isocyanate-cas-1795-48-8.jpg\",\"contentUrl\":\"https:\/\/vivalr.com\/wp-content\/uploads\/2025\/03\/isopropyl-isocyanate-cas-1795-48-8.jpg\",\"width\":600,\"height\":654},{\"@type\":\"BreadcrumbList\",\"@id\":\"https:\/\/vivalr.com\/product\/12140.html#breadcrumb\",\"itemListElement\":[{\"@type\":\"ListItem\",\"position\":1,\"name\":\"Home\",\"item\":\"https:\/\/vivalr.com\/\"},{\"@type\":\"ListItem\",\"position\":2,\"name\":\"Shop\",\"item\":\"https:\/\/vivalr.com\/shop\/\"},{\"@type\":\"ListItem\",\"position\":3,\"name\":\"Factory Supply Isopropyl isocyanate CAS 1795-48-8 With Best Price\"}]},{\"@type\":\"WebSite\",\"@id\":\"https:\/\/vivalr.com\/#website\",\"url\":\"https:\/\/vivalr.com\/\",\"name\":\"Welcome to VIVALR- Your Trusted Source for Chemical Raw Materials\uff01\",\"description\":\"Discover a wide range of high-quality chemical raw materials to meet your industrial needs. Our commitment to excellence ensures that you get the best products and services.\",\"potentialAction\":[{\"@type\":\"SearchAction\",\"target\":{\"@type\":\"EntryPoint\",\"urlTemplate\":\"https:\/\/vivalr.com\/?s={search_term_string}\"},\"query-input\":{\"@type\":\"PropertyValueSpecification\",\"valueRequired\":true,\"valueName\":\"search_term_string\"}}],\"inLanguage\":\"pt-PT\"}]}<\/script>\n<!-- \/ Yoast SEO Premium plugin. -->","yoast_head_json":{"title":"Fornecimento de f\u00e1brica Isopropil isocianato CAS 1795-48-8 com melhor pre\u00e7o - Bem-vindo ao VIVALR- Sua fonte confi\u00e1vel de mat\u00e9rias-primas qu\u00edmicas\uff01","robots":{"index":"index","follow":"follow","max-snippet":"max-snippet:-1","max-image-preview":"max-image-preview:large","max-video-preview":"max-video-preview:-1"},"canonical":"https:\/\/vivalr.com\/pt\/product\/12140.html","og_locale":"pt_PT","og_type":"article","og_title":"Factory Supply Isopropyl isocyanate CAS 1795-48-8 With Best Price","og_description":"Factory Supply Isopropyl isocyanate CAS 1795-48-8 User Guide Table of Contents 1. Basic Information and Parameters 2. Product Uses 3. Product Usage 4. Product Usage Case Studies 5. Contact Information 1. Basic Information and Parameters Factory Supply Isopropyl isocyanate, with CAS number 1795-48-8, is a chemical compound widely used in various industrial applications. This product [&hellip;]","og_url":"https:\/\/vivalr.com\/pt\/product\/12140.html","og_site_name":"Welcome to VIVALR- Your Trusted Source for Chemical Raw Materials\uff01","article_modified_time":"2025-03-07T12:44:35+00:00","og_image":[{"width":600,"height":654,"url":"https:\/\/vivalr.com\/wp-content\/uploads\/2025\/03\/isopropyl-isocyanate-cas-1795-48-8.jpg","type":"image\/jpeg"}],"twitter_card":"summary_large_image","twitter_misc":{"Tempo estimado de leitura":"3 minutos"},"schema":{"@context":"https:\/\/schema.org","@graph":[{"@type":"WebPage","@id":"https:\/\/vivalr.com\/product\/12140.html","url":"https:\/\/vivalr.com\/product\/12140.html","name":"Fornecimento de f\u00e1brica Isopropil isocianato CAS 1795-48-8 com melhor pre\u00e7o - Bem-vindo ao VIVALR- Sua fonte confi\u00e1vel de mat\u00e9rias-primas qu\u00edmicas\uff01","isPartOf":{"@id":"https:\/\/vivalr.com\/#website"},"primaryImageOfPage":{"@id":"https:\/\/vivalr.com\/product\/12140.html#primaryimage"},"image":{"@id":"https:\/\/vivalr.com\/product\/12140.html#primaryimage"},"thumbnailUrl":"https:\/\/vivalr.com\/wp-content\/uploads\/2025\/03\/isopropyl-isocyanate-cas-1795-48-8.jpg","datePublished":"2025-03-07T12:18:39+00:00","dateModified":"2025-03-07T12:44:35+00:00","breadcrumb":{"@id":"https:\/\/vivalr.com\/product\/12140.html#breadcrumb"},"inLanguage":"pt-PT","potentialAction":[{"@type":"ReadAction","target":["https:\/\/vivalr.com\/product\/12140.html"]}]},{"@type":"ImageObject","inLanguage":"pt-PT","@id":"https:\/\/vivalr.com\/product\/12140.html#primaryimage","url":"https:\/\/vivalr.com\/wp-content\/uploads\/2025\/03\/isopropyl-isocyanate-cas-1795-48-8.jpg","contentUrl":"https:\/\/vivalr.com\/wp-content\/uploads\/2025\/03\/isopropyl-isocyanate-cas-1795-48-8.jpg","width":600,"height":654},{"@type":"BreadcrumbList","@id":"https:\/\/vivalr.com\/product\/12140.html#breadcrumb","itemListElement":[{"@type":"ListItem","position":1,"name":"Home","item":"https:\/\/vivalr.com\/"},{"@type":"ListItem","position":2,"name":"Shop","item":"https:\/\/vivalr.com\/shop\/"},{"@type":"ListItem","position":3,"name":"Factory Supply Isopropyl isocyanate CAS 1795-48-8 With Best Price"}]},{"@type":"WebSite","@id":"https:\/\/vivalr.com\/#website","url":"https:\/\/vivalr.com\/","name":"Bem-vindo ao VIVALR- Sua fonte confi\u00e1vel de mat\u00e9rias-primas qu\u00edmicas\uff01","description":"Descubra uma vasta gama de mat\u00e9rias-primas qu\u00edmicas de alta qualidade para satisfazer as suas necessidades industriais. O nosso compromisso com a excel\u00eancia garante-lhe os melhores produtos e servi\u00e7os.","potentialAction":[{"@type":"SearchAction","target":{"@type":"EntryPoint","urlTemplate":"https:\/\/vivalr.com\/?s={search_term_string}"},"query-input":{"@type":"PropertyValueSpecification","valueRequired":true,"valueName":"search_term_string"}}],"inLanguage":"pt-PT"}]}},"_links":{"self":[{"href":"https:\/\/vivalr.com\/pt\/wp-json\/wp\/v2\/product\/12140","targetHints":{"allow":["GET"]}}],"collection":[{"href":"https:\/\/vivalr.com\/pt\/wp-json\/wp\/v2\/product"}],"about":[{"href":"https:\/\/vivalr.com\/pt\/wp-json\/wp\/v2\/types\/product"}],"replies":[{"embeddable":true,"href":"https:\/\/vivalr.com\/pt\/wp-json\/wp\/v2\/comments?post=12140"}],"wp:featuredmedia":[{"embeddable":true,"href":"https:\/\/vivalr.com\/pt\/wp-json\/wp\/v2\/media\/27110"}],"wp:attachment":[{"href":"https:\/\/vivalr.com\/pt\/wp-json\/wp\/v2\/media?parent=12140"}],"wp:term":[{"taxonomy":"product_brand","embeddable":true,"href":"https:\/\/vivalr.com\/pt\/wp-json\/wp\/v2\/product_brand?post=12140"},{"taxonomy":"product_cat","embeddable":true,"href":"https:\/\/vivalr.com\/pt\/wp-json\/wp\/v2\/product_cat?post=12140"},{"taxonomy":"product_tag","embeddable":true,"href":"https:\/\/vivalr.com\/pt\/wp-json\/wp\/v2\/product_tag?post=12140"}],"curies":[{"name":"wp","href":"https:\/\/api.w.org\/{rel}","templated":true}]}}