{"id":12142,"date":"2025-03-07T12:18:39","date_gmt":"2025-03-07T12:18:39","guid":{"rendered":"https:\/\/vivalr.com\/product\/12142.html"},"modified":"2025-03-07T12:44:35","modified_gmt":"2025-03-07T12:44:35","slug":"factory-supply-1-1%e2%80%b2-binaphthyl-2-2%e2%80%b2-diphemyl-phosphine-cas-98327-87-8-with-best-price","status":"publish","type":"product","link":"https:\/\/vivalr.com\/pt\/product\/12142.html","title":{"rendered":"Fornecimento de f\u00e1brica 1.1\u2032-binaftil-2.2\u2032-difenil fosfina cas 98327-87-8 com melhor pre\u00e7o"},"content":{"rendered":"<ol>\n<li><a href=\"#basic-info\">Informa\u00e7\u00f5es e par\u00e2metros b\u00e1sicos<\/a><\/li>\n<li><a href=\"#uses\">Utiliza\u00e7\u00f5es do produto<\/a><\/li>\n<li><a href=\"#usage\">Como utilizar o produto<\/a><\/li>\n<li><a href=\"#usage-cases\">Casos de utiliza\u00e7\u00e3o<\/a><\/li>\n<li><a href=\"#contact\">Informa\u00e7\u00f5es de contacto<\/a><\/li>\n<\/ol>\n<h2 id=\"basic-info\">Informa\u00e7\u00f5es e par\u00e2metros b\u00e1sicos<\/h2>\n<p>O produto <b>Factory Supply 1.1\u2032-binaphthyl-2.2\u2032-diphemyl phosphine cas 98327-87-8<\/b> is a high - quality chemical compound offered at the best price. Its CAS number 98327 - 87 - 8 uniquely identifies it in the chemical industry. This compound belongs to the family of organophosphorus compounds and has a specific molecular structure based on the binaphthyl and diphenyl phosphine groups.<\/p>\n<p>Regarding its physical and chemical properties, it has a certain melting point, boiling point, and solubility characteristics that make it suitable for various applications. The purity of the product is carefully controlled during the factory supply process to ensure consistent quality for end - users.<\/p>\n<h2 id=\"uses\">Utiliza\u00e7\u00f5es do produto<\/h2>\n<p>1.1\u2032-binaphthyl-2.2\u2032-diphemyl phosphine is widely used in the field of organic synthesis. It serves as a chiral ligand in asymmetric catalysis reactions. Asymmetric catalysis is a crucial process in the production of enantiomerically pure compounds, which are essential in the pharmaceutical, agrochemical, and fine - chemical industries. By using this compound as a ligand, chemists can control the stereochemistry of a reaction and obtain the desired chiral product with high enantiomeric excess.<\/p>\n<p>It can also be used in the preparation of advanced materials. Some electronic and optical materials require specific chemical structures for their unique properties, and this phosphine compound can be incorporated into these materials during the synthesis process to modify their performance.<\/p>\n<h2 id=\"usage\">Como utilizar o produto<\/h2>\n<p>When using 1.1\u2032-binaphthyl-2.2\u2032-diphemyl phosphine, it is important to follow proper laboratory safety procedures. Wear appropriate personal protective equipment, such as gloves and goggles, to avoid direct contact with the compound. Since it is often used in organic synthesis, it should be stored in a dry and cool place, away from sources of heat and ignition.<\/p>\n<p>In an asymmetric catalysis reaction, the compound is typically dissolved in a suitable organic solvent, such as toluene or dichloromethane. The amount of the phosphine ligand used depends on the specific reaction conditions and the nature of the substrate. Usually, a catalytic amount (a small fraction compared to the substrate) is sufficient to promote the reaction. After adding the ligand to the reaction mixture, other reactants and catalysts can be added in a sequential manner, and the reaction is carried out under optimized temperature and pressure conditions.<\/p>\n<h2 id=\"usage-cases\">Casos de utiliza\u00e7\u00e3o<\/h2>\n<p>Case 1: Pharmaceutical synthesis<br \/>\nIn the synthesis of a new anti - cancer drug, a pharmaceutical company used 1.1\u2032-binaphthyl-2.2\u2032-diphemyl phosphine as a chiral ligand in an asymmetric hydrogenation reaction. The target molecule had a chiral center, and obtaining the correct enantiomer was crucial for its biological activity. By using this phosphine ligand, the reaction achieved an enantiomeric excess of over 90%. This high selectivity reduced the amount of unwanted by - products and simplified the purification process, ultimately leading to an efficient and cost - effective synthesis of the drug.<\/p>\n<p>Case 2: Agrochemical production<br \/>\nAn agrochemical manufacturer needed to synthesize a chiral pesticides. The use of 1.1\u2032-binaphthyl-2.2\u2032-diphemyl phosphine in an asymmetric allylation reaction provided a way to control the stereochemistry of the product. The resulting chiral pesticide had enhanced biological activity against pests compared to its racemic mixture, and the use of this phosphine ligand in the synthesis process improved the overall quality and effectiveness of the agrochemical product.<\/p>\n<h2 id=\"contact\">Informa\u00e7\u00f5es de contacto<\/h2>\n<p>If you have any questions about the product <b>Factory Supply 1.1\u2032-binaphthyl-2.2\u2032-diphemyl phosphine cas 98327-87-8<\/b>, please feel free to contact us. Our email address is <a href=\"mailto:info@vivalr.com\">info@vivalr.com<\/a>e o nosso n\u00famero de telefone \u00e9 (86) 15866781826.<\/p>","protected":false},"excerpt":{"rendered":"<p>Informa\u00e7\u00f5es b\u00e1sicas e par\u00e2metros Usos do produto Como usar o produto Casos de uso Informa\u00e7\u00f5es de contato Informa\u00e7\u00f5es b\u00e1sicas e par\u00e2metros O produto Fornecimento de f\u00e1brica 1.1\u2032-binaftil-2.2\u2032-difenil fosfina cas 98327-87-8 \u00e9 um composto qu\u00edmico de alta qualidade oferecido ao melhor pre\u00e7o. O seu n\u00famero CAS 98327 - 87 - 8 identifica-o inequivocamente na categoria de produtos qu\u00edmicos [...]<\/p>","protected":false},"featured_media":27111,"comment_status":"closed","ping_status":"open","template":"","meta":[],"product_brand":[],"product_cat":[15],"product_tag":[],"class_list":{"0":"post-12142","1":"product","2":"type-product","3":"status-publish","4":"has-post-thumbnail","6":"product_cat-uncategorized","8":"first","9":"instock","10":"product-type-simple"},"yoast_head":"<!-- This site is optimized with the Yoast SEO Premium plugin v24.4 (Yoast SEO v25.0) - https:\/\/yoast.com\/wordpress\/plugins\/seo\/ -->\n<title>Factory Supply 1.1\u2032-binaphthyl-2.2\u2032-diphemyl phosphine cas 98327-87-8 With Best Price - Welcome to VIVALR- Your Trusted Source for Chemical Raw Materials\uff01<\/title>\n<meta name=\"robots\" content=\"index, follow, max-snippet:-1, max-image-preview:large, max-video-preview:-1\" \/>\n<link rel=\"canonical\" href=\"https:\/\/vivalr.com\/pt\/product\/12142.html\" \/>\n<meta property=\"og:locale\" content=\"pt_PT\" \/>\n<meta property=\"og:type\" content=\"article\" \/>\n<meta property=\"og:title\" content=\"Factory Supply 1.1\u2032-binaphthyl-2.2\u2032-diphemyl phosphine cas 98327-87-8 With Best Price\" \/>\n<meta property=\"og:description\" content=\"Basic Information and Parameters Uses of the Product How to Use the Product Usage Cases Contact Information Basic Information and Parameters The product Factory Supply 1.1\u2032-binaphthyl-2.2\u2032-diphemyl phosphine cas 98327-87-8 is a high - quality chemical compound offered at the best price. Its CAS number 98327 - 87 - 8 uniquely identifies it in the chemical [&hellip;]\" \/>\n<meta property=\"og:url\" content=\"https:\/\/vivalr.com\/pt\/product\/12142.html\" \/>\n<meta property=\"og:site_name\" content=\"Welcome to VIVALR- Your Trusted Source for Chemical Raw Materials\uff01\" \/>\n<meta property=\"article:modified_time\" content=\"2025-03-07T12:44:35+00:00\" \/>\n<meta property=\"og:image\" content=\"https:\/\/vivalr.com\/wp-content\/uploads\/2025\/03\/1.1-binaphthyl-2.2-diphemyl-phosphine-cas-98327-87-8.jpg\" \/>\n\t<meta property=\"og:image:width\" content=\"600\" \/>\n\t<meta property=\"og:image:height\" content=\"654\" \/>\n\t<meta property=\"og:image:type\" content=\"image\/jpeg\" \/>\n<meta name=\"twitter:card\" content=\"summary_large_image\" \/>\n<meta name=\"twitter:label1\" content=\"Tempo estimado de leitura\" \/>\n\t<meta name=\"twitter:data1\" content=\"3 minutos\" \/>\n<script type=\"application\/ld+json\" class=\"yoast-schema-graph\">{\"@context\":\"https:\/\/schema.org\",\"@graph\":[{\"@type\":\"WebPage\",\"@id\":\"https:\/\/vivalr.com\/product\/12142.html\",\"url\":\"https:\/\/vivalr.com\/product\/12142.html\",\"name\":\"Factory Supply 1.1\u2032-binaphthyl-2.2\u2032-diphemyl phosphine cas 98327-87-8 With Best Price - Welcome to VIVALR- Your Trusted Source for Chemical Raw Materials\uff01\",\"isPartOf\":{\"@id\":\"https:\/\/vivalr.com\/#website\"},\"primaryImageOfPage\":{\"@id\":\"https:\/\/vivalr.com\/product\/12142.html#primaryimage\"},\"image\":{\"@id\":\"https:\/\/vivalr.com\/product\/12142.html#primaryimage\"},\"thumbnailUrl\":\"https:\/\/vivalr.com\/wp-content\/uploads\/2025\/03\/1.1-binaphthyl-2.2-diphemyl-phosphine-cas-98327-87-8.jpg\",\"datePublished\":\"2025-03-07T12:18:39+00:00\",\"dateModified\":\"2025-03-07T12:44:35+00:00\",\"breadcrumb\":{\"@id\":\"https:\/\/vivalr.com\/product\/12142.html#breadcrumb\"},\"inLanguage\":\"pt-PT\",\"potentialAction\":[{\"@type\":\"ReadAction\",\"target\":[\"https:\/\/vivalr.com\/product\/12142.html\"]}]},{\"@type\":\"ImageObject\",\"inLanguage\":\"pt-PT\",\"@id\":\"https:\/\/vivalr.com\/product\/12142.html#primaryimage\",\"url\":\"https:\/\/vivalr.com\/wp-content\/uploads\/2025\/03\/1.1-binaphthyl-2.2-diphemyl-phosphine-cas-98327-87-8.jpg\",\"contentUrl\":\"https:\/\/vivalr.com\/wp-content\/uploads\/2025\/03\/1.1-binaphthyl-2.2-diphemyl-phosphine-cas-98327-87-8.jpg\",\"width\":600,\"height\":654},{\"@type\":\"BreadcrumbList\",\"@id\":\"https:\/\/vivalr.com\/product\/12142.html#breadcrumb\",\"itemListElement\":[{\"@type\":\"ListItem\",\"position\":1,\"name\":\"Home\",\"item\":\"https:\/\/vivalr.com\/\"},{\"@type\":\"ListItem\",\"position\":2,\"name\":\"Shop\",\"item\":\"https:\/\/vivalr.com\/shop\/\"},{\"@type\":\"ListItem\",\"position\":3,\"name\":\"Factory Supply 1.1\u2032-binaphthyl-2.2\u2032-diphemyl phosphine cas 98327-87-8 With Best Price\"}]},{\"@type\":\"WebSite\",\"@id\":\"https:\/\/vivalr.com\/#website\",\"url\":\"https:\/\/vivalr.com\/\",\"name\":\"Welcome to VIVALR- Your Trusted Source for Chemical Raw Materials\uff01\",\"description\":\"Discover a wide range of high-quality chemical raw materials to meet your industrial needs. Our commitment to excellence ensures that you get the best products and services.\",\"potentialAction\":[{\"@type\":\"SearchAction\",\"target\":{\"@type\":\"EntryPoint\",\"urlTemplate\":\"https:\/\/vivalr.com\/?s={search_term_string}\"},\"query-input\":{\"@type\":\"PropertyValueSpecification\",\"valueRequired\":true,\"valueName\":\"search_term_string\"}}],\"inLanguage\":\"pt-PT\"}]}<\/script>\n<!-- \/ Yoast SEO Premium plugin. -->","yoast_head_json":{"title":"Factory Supply 1.1\u2032-binaphthyl-2.2\u2032-diphemyl phosphine cas 98327-87-8 With Best Price - Welcome to VIVALR- Your Trusted Source for Chemical Raw Materials\uff01","robots":{"index":"index","follow":"follow","max-snippet":"max-snippet:-1","max-image-preview":"max-image-preview:large","max-video-preview":"max-video-preview:-1"},"canonical":"https:\/\/vivalr.com\/pt\/product\/12142.html","og_locale":"pt_PT","og_type":"article","og_title":"Factory Supply 1.1\u2032-binaphthyl-2.2\u2032-diphemyl phosphine cas 98327-87-8 With Best Price","og_description":"Basic Information and Parameters Uses of the Product How to Use the Product Usage Cases Contact Information Basic Information and Parameters The product Factory Supply 1.1\u2032-binaphthyl-2.2\u2032-diphemyl phosphine cas 98327-87-8 is a high - quality chemical compound offered at the best price. Its CAS number 98327 - 87 - 8 uniquely identifies it in the chemical [&hellip;]","og_url":"https:\/\/vivalr.com\/pt\/product\/12142.html","og_site_name":"Welcome to VIVALR- Your Trusted Source for Chemical Raw Materials\uff01","article_modified_time":"2025-03-07T12:44:35+00:00","og_image":[{"width":600,"height":654,"url":"https:\/\/vivalr.com\/wp-content\/uploads\/2025\/03\/1.1-binaphthyl-2.2-diphemyl-phosphine-cas-98327-87-8.jpg","type":"image\/jpeg"}],"twitter_card":"summary_large_image","twitter_misc":{"Tempo estimado de leitura":"3 minutos"},"schema":{"@context":"https:\/\/schema.org","@graph":[{"@type":"WebPage","@id":"https:\/\/vivalr.com\/product\/12142.html","url":"https:\/\/vivalr.com\/product\/12142.html","name":"Factory Supply 1.1\u2032-binaphthyl-2.2\u2032-diphemyl phosphine cas 98327-87-8 With Best Price - Welcome to VIVALR- Your Trusted Source for Chemical Raw Materials\uff01","isPartOf":{"@id":"https:\/\/vivalr.com\/#website"},"primaryImageOfPage":{"@id":"https:\/\/vivalr.com\/product\/12142.html#primaryimage"},"image":{"@id":"https:\/\/vivalr.com\/product\/12142.html#primaryimage"},"thumbnailUrl":"https:\/\/vivalr.com\/wp-content\/uploads\/2025\/03\/1.1-binaphthyl-2.2-diphemyl-phosphine-cas-98327-87-8.jpg","datePublished":"2025-03-07T12:18:39+00:00","dateModified":"2025-03-07T12:44:35+00:00","breadcrumb":{"@id":"https:\/\/vivalr.com\/product\/12142.html#breadcrumb"},"inLanguage":"pt-PT","potentialAction":[{"@type":"ReadAction","target":["https:\/\/vivalr.com\/product\/12142.html"]}]},{"@type":"ImageObject","inLanguage":"pt-PT","@id":"https:\/\/vivalr.com\/product\/12142.html#primaryimage","url":"https:\/\/vivalr.com\/wp-content\/uploads\/2025\/03\/1.1-binaphthyl-2.2-diphemyl-phosphine-cas-98327-87-8.jpg","contentUrl":"https:\/\/vivalr.com\/wp-content\/uploads\/2025\/03\/1.1-binaphthyl-2.2-diphemyl-phosphine-cas-98327-87-8.jpg","width":600,"height":654},{"@type":"BreadcrumbList","@id":"https:\/\/vivalr.com\/product\/12142.html#breadcrumb","itemListElement":[{"@type":"ListItem","position":1,"name":"Home","item":"https:\/\/vivalr.com\/"},{"@type":"ListItem","position":2,"name":"Shop","item":"https:\/\/vivalr.com\/shop\/"},{"@type":"ListItem","position":3,"name":"Factory Supply 1.1\u2032-binaphthyl-2.2\u2032-diphemyl phosphine cas 98327-87-8 With Best Price"}]},{"@type":"WebSite","@id":"https:\/\/vivalr.com\/#website","url":"https:\/\/vivalr.com\/","name":"Bem-vindo ao VIVALR- Sua fonte confi\u00e1vel de mat\u00e9rias-primas qu\u00edmicas\uff01","description":"Descubra uma vasta gama de mat\u00e9rias-primas qu\u00edmicas de alta qualidade para satisfazer as suas necessidades industriais. O nosso compromisso com a excel\u00eancia garante-lhe os melhores produtos e servi\u00e7os.","potentialAction":[{"@type":"SearchAction","target":{"@type":"EntryPoint","urlTemplate":"https:\/\/vivalr.com\/?s={search_term_string}"},"query-input":{"@type":"PropertyValueSpecification","valueRequired":true,"valueName":"search_term_string"}}],"inLanguage":"pt-PT"}]}},"_links":{"self":[{"href":"https:\/\/vivalr.com\/pt\/wp-json\/wp\/v2\/product\/12142","targetHints":{"allow":["GET"]}}],"collection":[{"href":"https:\/\/vivalr.com\/pt\/wp-json\/wp\/v2\/product"}],"about":[{"href":"https:\/\/vivalr.com\/pt\/wp-json\/wp\/v2\/types\/product"}],"replies":[{"embeddable":true,"href":"https:\/\/vivalr.com\/pt\/wp-json\/wp\/v2\/comments?post=12142"}],"wp:featuredmedia":[{"embeddable":true,"href":"https:\/\/vivalr.com\/pt\/wp-json\/wp\/v2\/media\/27111"}],"wp:attachment":[{"href":"https:\/\/vivalr.com\/pt\/wp-json\/wp\/v2\/media?parent=12142"}],"wp:term":[{"taxonomy":"product_brand","embeddable":true,"href":"https:\/\/vivalr.com\/pt\/wp-json\/wp\/v2\/product_brand?post=12142"},{"taxonomy":"product_cat","embeddable":true,"href":"https:\/\/vivalr.com\/pt\/wp-json\/wp\/v2\/product_cat?post=12142"},{"taxonomy":"product_tag","embeddable":true,"href":"https:\/\/vivalr.com\/pt\/wp-json\/wp\/v2\/product_tag?post=12142"}],"curies":[{"name":"wp","href":"https:\/\/api.w.org\/{rel}","templated":true}]}}