{"id":12150,"date":"2025-03-07T12:18:39","date_gmt":"2025-03-07T12:18:39","guid":{"rendered":"https:\/\/vivalr.com\/product\/12150.html"},"modified":"2025-03-07T12:44:36","modified_gmt":"2025-03-07T12:44:36","slug":"factory-supply-2-amino-368-naphthalenetrisulfonic-acid-cas-118-03-6-with-best-price","status":"publish","type":"product","link":"https:\/\/vivalr.com\/pt\/product\/12150.html","title":{"rendered":"Fornecimento de f\u00e1brica de \u00e1cido 2-amino-3,6,8-naftalenotetrisulf\u00f3nico cas 118-03-6 com melhor pre\u00e7o"},"content":{"rendered":"<h1>Guia do utilizador: Fornecimento de f\u00e1brica de \u00e1cido 2-amino-3,6,8-naftalenotetrissulf\u00f3nico cas 118-03-6 com o melhor pre\u00e7o<\/h1>\n<h2>\u00cdndice<\/h2>\n<ul>\n<li><a href=\"#basic_info\">1. Informa\u00e7\u00f5es e par\u00e2metros de base<\/a><\/li>\n<li><a href=\"#uses\">2. Utiliza\u00e7\u00f5es do produto<\/a><\/li>\n<li><a href=\"#usage\">3. Utiliza\u00e7\u00e3o do produto<\/a><\/li>\n<li><a href=\"#use_cases\">4. Casos de utiliza\u00e7\u00e3o pormenorizados<\/a><\/li>\n<li><a href=\"#contact\">5. Informa\u00e7\u00f5es de contacto<\/a><\/li>\n<\/ul>\n<h2 id=\"basic_info\">1. Informa\u00e7\u00f5es e par\u00e2metros de base<\/h2>\n<p>O produto \u00e9 o \u00e1cido 2-amino-3,6,8-naftalenotetrissulf\u00f3nico com o n\u00famero CAS 118 - 03 - 6. Este produto \u00e9 fornecido de f\u00e1brica ao melhor pre\u00e7o. \u00c9 um composto qu\u00edmico com propriedades qu\u00edmicas e f\u00edsicas espec\u00edficas. A f\u00f3rmula molecular do \u00e1cido 2 - amino - 3,6,8 - naftalenotetrissulf\u00f3nico deve ser calculada com base na sua estrutura. O seu peso molecular pode ser obtido a partir da soma dos pesos at\u00f3micos de todos os \u00e1tomos da mol\u00e9cula. Em termos de apar\u00eancia, pode apresentar-se como um p\u00f3 ou um s\u00f3lido cristalino com uma certa cor, que \u00e9 normalmente determinada pela sua pureza e pelo processo de fabrico.<\/p>\n<p>Relativamente \u00e0 sua solubilidade, tem carater\u00edsticas espec\u00edficas de solubilidade em diferentes solventes, como \u00e1gua, solventes org\u00e2nicos, etc. A estabilidade deste produto em diferentes condi\u00e7\u00f5es ambientais, como a temperatura, a humidade e a luz, tamb\u00e9m tem de ser considerada. \u00c9 normalmente armazenado em condi\u00e7\u00f5es espec\u00edficas para manter a sua qualidade e propriedades qu\u00edmicas.<\/p>\n<h2 id=\"uses\">2. Utiliza\u00e7\u00f5es do produto<\/h2>\n<p>O \u00e1cido 2 - amino - 3,6,8 - naftalenotetrissulf\u00f3nico tem uma vasta gama de aplica\u00e7\u00f5es em v\u00e1rias ind\u00fastrias. Na ind\u00fastria dos corantes, pode ser utilizado como um intermedi\u00e1rio importante para a s\u00edntese de certos corantes. A sua estrutura qu\u00edmica \u00fanica permite-lhe participar em reac\u00e7\u00f5es qu\u00edmicas espec\u00edficas para formar corantes com cores e propriedades diferentes. Estes corantes podem ser utilizados no tingimento de t\u00eaxteis, na impress\u00e3o e noutros dom\u00ednios para colorir tecidos e materiais.<\/p>\n<p>No dom\u00ednio da qu\u00edmica anal\u00edtica, pode ser utilizado como reagente para m\u00e9todos espec\u00edficos de an\u00e1lise qu\u00edmica. Por exemplo, pode reagir com certas subst\u00e2ncias para formar complexos que podem ser detectados por instrumentos anal\u00edticos espec\u00edficos, o que ajuda na an\u00e1lise qualitativa e quantitativa de subst\u00e2ncias.<\/p>\n<h2 id=\"usage\">3. Utiliza\u00e7\u00e3o do produto<\/h2>\n<p>Ao utilizar o \u00e1cido 2 - amino - 3,6,8 - naftalenotetrissulf\u00f3nico, \u00e9 necess\u00e1rio seguir procedimentos operacionais rigorosos. Em primeiro lugar, deve ser usado equipamento de prote\u00e7\u00e3o pessoal, como luvas, \u00f3culos de prote\u00e7\u00e3o e uma bata de laborat\u00f3rio, para evitar o contacto direto com a pele e os olhos. Ao pesar o produto, deve ser utilizada uma balan\u00e7a de precis\u00e3o para garantir a exatid\u00e3o da dosagem.<\/p>\n<p>Se for utilizado numa rea\u00e7\u00e3o qu\u00edmica, tem de ser adicionado ao sistema de rea\u00e7\u00e3o de acordo com uma sequ\u00eancia e velocidade espec\u00edficas. A temperatura, a press\u00e3o e o tempo de rea\u00e7\u00e3o tamb\u00e9m t\u00eam de ser rigorosamente controlados para garantir o bom andamento da rea\u00e7\u00e3o e a qualidade dos produtos da rea\u00e7\u00e3o. Ap\u00f3s a utiliza\u00e7\u00e3o, o produto deve ser devidamente armazenado num recipiente selado para evitar que seja afetado pelo ambiente.<\/p>\n<h2 id=\"use_cases\">4. Casos de utiliza\u00e7\u00e3o pormenorizados<\/h2>\n<p>Caso 1: Tingimento de t\u00eaxteis<br \/>\n    Uma f\u00e1brica de t\u00eaxteis precisa de produzir um lote de tecidos tingidos de azul. Utilizam o \u00e1cido 2 - amino - 3,6,8 - naftalenotetrisulf\u00f3nico como intermedi\u00e1rio para sintetizar um corante azul espec\u00edfico. Primeiro, dissolvem uma certa quantidade de \u00e1cido 2 - amino - 3,6,8 - naftalenotetrisulf\u00f3nico num solvente adequado a uma temperatura espec\u00edfica. Em seguida, adicionam outros reagentes passo a passo e controlam o tempo de rea\u00e7\u00e3o e o valor do pH. Ap\u00f3s a s\u00edntese do corante, este \u00e9 utilizado para tingir os tecidos. Os tecidos tingidos t\u00eam cores brilhantes, boa solidez da cor e cumprem os requisitos do mercado.<\/p>\n<p>Caso 2: Experi\u00eancia de qu\u00edmica anal\u00edtica<br \/>\n    Num laborat\u00f3rio, os investigadores precisam de detetar o teor de um determinado i\u00e3o met\u00e1lico numa amostra. Utilizam como reagente o \u00e1cido 2 - amino - 3,6,8 - naftalenotetrisulf\u00f3nico. Adicionam uma quantidade espec\u00edfica do produto \u00e0 solu\u00e7\u00e3o da amostra e observam a mudan\u00e7a de cor. Atrav\u00e9s de uma s\u00e9rie de m\u00e9todos de calibra\u00e7\u00e3o e medi\u00e7\u00e3o, determinam com precis\u00e3o o teor do i\u00e3o met\u00e1lico na amostra, o que fornece dados importantes para a investiga\u00e7\u00e3o subsequente.<\/p>\n<h2 id=\"contact\">5. Informa\u00e7\u00f5es de contacto<\/h2>\n<p>Se tiver alguma d\u00favida sobre este produto, n\u00e3o hesite em contactar-nos. O nosso correio eletr\u00f3nico \u00e9 info@vivalr.com e o nosso n\u00famero de telefone \u00e9 (86) 15866781826.<\/p>","protected":false},"excerpt":{"rendered":"<p>User Guide: Factory Supply 2-amino-3,6,8-naphthalenetrisulfonic acid cas 118-03-6 With Best Price Table of Contents 1. Basic Information and Parameters 2. Product Uses 3. Product Usage 4. Detailed Use Cases 5. Contact Information 1. Basic Information and Parameters The product is 2-amino-3,6,8-naphthalenetrisulfonic acid with the CAS number 118 - 03 - 6. This product is factory [&hellip;]<\/p>","protected":false},"featured_media":27115,"comment_status":"closed","ping_status":"open","template":"","meta":[],"product_brand":[],"product_cat":[15],"product_tag":[],"class_list":{"0":"post-12150","1":"product","2":"type-product","3":"status-publish","4":"has-post-thumbnail","6":"product_cat-uncategorized","8":"first","9":"instock","10":"product-type-simple"},"yoast_head":"<!-- This site is optimized with the Yoast SEO Premium plugin v24.4 (Yoast SEO v25.0) - https:\/\/yoast.com\/wordpress\/plugins\/seo\/ -->\n<title>Factory Supply 2-amino-3,6,8-naphthalenetrisulfonic acid cas 118-03-6 With Best Price - Welcome to VIVALR- Your Trusted Source for Chemical Raw Materials\uff01<\/title>\n<meta name=\"robots\" content=\"index, follow, max-snippet:-1, max-image-preview:large, max-video-preview:-1\" \/>\n<link rel=\"canonical\" href=\"https:\/\/vivalr.com\/pt\/product\/12150.html\" \/>\n<meta property=\"og:locale\" content=\"pt_PT\" \/>\n<meta property=\"og:type\" content=\"article\" \/>\n<meta property=\"og:title\" content=\"Factory Supply 2-amino-3,6,8-naphthalenetrisulfonic acid cas 118-03-6 With Best Price\" \/>\n<meta property=\"og:description\" content=\"User Guide: Factory Supply 2-amino-3,6,8-naphthalenetrisulfonic acid cas 118-03-6 With Best Price Table of Contents 1. Basic Information and Parameters 2. Product Uses 3. Product Usage 4. Detailed Use Cases 5. Contact Information 1. Basic Information and Parameters The product is 2-amino-3,6,8-naphthalenetrisulfonic acid with the CAS number 118 - 03 - 6. This product is factory [&hellip;]\" \/>\n<meta property=\"og:url\" content=\"https:\/\/vivalr.com\/pt\/product\/12150.html\" \/>\n<meta property=\"og:site_name\" content=\"Welcome to VIVALR- Your Trusted Source for Chemical Raw Materials\uff01\" \/>\n<meta property=\"article:modified_time\" content=\"2025-03-07T12:44:36+00:00\" \/>\n<meta property=\"og:image\" content=\"https:\/\/vivalr.com\/wp-content\/uploads\/2025\/03\/2-amino-368-naphthalenetrisulfonic-acid-cas-118-03-6.jpg\" \/>\n\t<meta property=\"og:image:width\" content=\"400\" \/>\n\t<meta property=\"og:image:height\" content=\"436\" \/>\n\t<meta property=\"og:image:type\" content=\"image\/jpeg\" \/>\n<meta name=\"twitter:card\" content=\"summary_large_image\" \/>\n<meta name=\"twitter:label1\" content=\"Tempo estimado de leitura\" \/>\n\t<meta name=\"twitter:data1\" content=\"3 minutos\" \/>\n<script type=\"application\/ld+json\" class=\"yoast-schema-graph\">{\"@context\":\"https:\/\/schema.org\",\"@graph\":[{\"@type\":\"WebPage\",\"@id\":\"https:\/\/vivalr.com\/product\/12150.html\",\"url\":\"https:\/\/vivalr.com\/product\/12150.html\",\"name\":\"Factory Supply 2-amino-3,6,8-naphthalenetrisulfonic acid cas 118-03-6 With Best Price - Welcome to VIVALR- Your Trusted Source for Chemical Raw Materials\uff01\",\"isPartOf\":{\"@id\":\"https:\/\/vivalr.com\/#website\"},\"primaryImageOfPage\":{\"@id\":\"https:\/\/vivalr.com\/product\/12150.html#primaryimage\"},\"image\":{\"@id\":\"https:\/\/vivalr.com\/product\/12150.html#primaryimage\"},\"thumbnailUrl\":\"https:\/\/vivalr.com\/wp-content\/uploads\/2025\/03\/2-amino-368-naphthalenetrisulfonic-acid-cas-118-03-6.jpg\",\"datePublished\":\"2025-03-07T12:18:39+00:00\",\"dateModified\":\"2025-03-07T12:44:36+00:00\",\"breadcrumb\":{\"@id\":\"https:\/\/vivalr.com\/product\/12150.html#breadcrumb\"},\"inLanguage\":\"pt-PT\",\"potentialAction\":[{\"@type\":\"ReadAction\",\"target\":[\"https:\/\/vivalr.com\/product\/12150.html\"]}]},{\"@type\":\"ImageObject\",\"inLanguage\":\"pt-PT\",\"@id\":\"https:\/\/vivalr.com\/product\/12150.html#primaryimage\",\"url\":\"https:\/\/vivalr.com\/wp-content\/uploads\/2025\/03\/2-amino-368-naphthalenetrisulfonic-acid-cas-118-03-6.jpg\",\"contentUrl\":\"https:\/\/vivalr.com\/wp-content\/uploads\/2025\/03\/2-amino-368-naphthalenetrisulfonic-acid-cas-118-03-6.jpg\",\"width\":400,\"height\":436},{\"@type\":\"BreadcrumbList\",\"@id\":\"https:\/\/vivalr.com\/product\/12150.html#breadcrumb\",\"itemListElement\":[{\"@type\":\"ListItem\",\"position\":1,\"name\":\"Home\",\"item\":\"https:\/\/vivalr.com\/\"},{\"@type\":\"ListItem\",\"position\":2,\"name\":\"Shop\",\"item\":\"https:\/\/vivalr.com\/shop\/\"},{\"@type\":\"ListItem\",\"position\":3,\"name\":\"Factory Supply 2-amino-3,6,8-naphthalenetrisulfonic acid cas 118-03-6 With Best Price\"}]},{\"@type\":\"WebSite\",\"@id\":\"https:\/\/vivalr.com\/#website\",\"url\":\"https:\/\/vivalr.com\/\",\"name\":\"Welcome to VIVALR- Your Trusted Source for Chemical Raw Materials\uff01\",\"description\":\"Discover a wide range of high-quality chemical raw materials to meet your industrial needs. Our commitment to excellence ensures that you get the best products and services.\",\"potentialAction\":[{\"@type\":\"SearchAction\",\"target\":{\"@type\":\"EntryPoint\",\"urlTemplate\":\"https:\/\/vivalr.com\/?s={search_term_string}\"},\"query-input\":{\"@type\":\"PropertyValueSpecification\",\"valueRequired\":true,\"valueName\":\"search_term_string\"}}],\"inLanguage\":\"pt-PT\"}]}<\/script>\n<!-- \/ Yoast SEO Premium plugin. -->","yoast_head_json":{"title":"Fornecimento de f\u00e1brica de \u00e1cido 2-amino-3,6,8-naftalenotetrissulf\u00f4nico cas 118-03-6 com melhor pre\u00e7o - Bem-vindo ao VIVALR- Sua fonte confi\u00e1vel de mat\u00e9rias-primas qu\u00edmicas\uff01","robots":{"index":"index","follow":"follow","max-snippet":"max-snippet:-1","max-image-preview":"max-image-preview:large","max-video-preview":"max-video-preview:-1"},"canonical":"https:\/\/vivalr.com\/pt\/product\/12150.html","og_locale":"pt_PT","og_type":"article","og_title":"Factory Supply 2-amino-3,6,8-naphthalenetrisulfonic acid cas 118-03-6 With Best Price","og_description":"User Guide: Factory Supply 2-amino-3,6,8-naphthalenetrisulfonic acid cas 118-03-6 With Best Price Table of Contents 1. Basic Information and Parameters 2. Product Uses 3. Product Usage 4. Detailed Use Cases 5. Contact Information 1. Basic Information and Parameters The product is 2-amino-3,6,8-naphthalenetrisulfonic acid with the CAS number 118 - 03 - 6. This product is factory [&hellip;]","og_url":"https:\/\/vivalr.com\/pt\/product\/12150.html","og_site_name":"Welcome to VIVALR- Your Trusted Source for Chemical Raw Materials\uff01","article_modified_time":"2025-03-07T12:44:36+00:00","og_image":[{"width":400,"height":436,"url":"https:\/\/vivalr.com\/wp-content\/uploads\/2025\/03\/2-amino-368-naphthalenetrisulfonic-acid-cas-118-03-6.jpg","type":"image\/jpeg"}],"twitter_card":"summary_large_image","twitter_misc":{"Tempo estimado de leitura":"3 minutos"},"schema":{"@context":"https:\/\/schema.org","@graph":[{"@type":"WebPage","@id":"https:\/\/vivalr.com\/product\/12150.html","url":"https:\/\/vivalr.com\/product\/12150.html","name":"Fornecimento de f\u00e1brica de \u00e1cido 2-amino-3,6,8-naftalenotetrissulf\u00f4nico cas 118-03-6 com melhor pre\u00e7o - Bem-vindo ao VIVALR- Sua fonte confi\u00e1vel de mat\u00e9rias-primas qu\u00edmicas\uff01","isPartOf":{"@id":"https:\/\/vivalr.com\/#website"},"primaryImageOfPage":{"@id":"https:\/\/vivalr.com\/product\/12150.html#primaryimage"},"image":{"@id":"https:\/\/vivalr.com\/product\/12150.html#primaryimage"},"thumbnailUrl":"https:\/\/vivalr.com\/wp-content\/uploads\/2025\/03\/2-amino-368-naphthalenetrisulfonic-acid-cas-118-03-6.jpg","datePublished":"2025-03-07T12:18:39+00:00","dateModified":"2025-03-07T12:44:36+00:00","breadcrumb":{"@id":"https:\/\/vivalr.com\/product\/12150.html#breadcrumb"},"inLanguage":"pt-PT","potentialAction":[{"@type":"ReadAction","target":["https:\/\/vivalr.com\/product\/12150.html"]}]},{"@type":"ImageObject","inLanguage":"pt-PT","@id":"https:\/\/vivalr.com\/product\/12150.html#primaryimage","url":"https:\/\/vivalr.com\/wp-content\/uploads\/2025\/03\/2-amino-368-naphthalenetrisulfonic-acid-cas-118-03-6.jpg","contentUrl":"https:\/\/vivalr.com\/wp-content\/uploads\/2025\/03\/2-amino-368-naphthalenetrisulfonic-acid-cas-118-03-6.jpg","width":400,"height":436},{"@type":"BreadcrumbList","@id":"https:\/\/vivalr.com\/product\/12150.html#breadcrumb","itemListElement":[{"@type":"ListItem","position":1,"name":"Home","item":"https:\/\/vivalr.com\/"},{"@type":"ListItem","position":2,"name":"Shop","item":"https:\/\/vivalr.com\/shop\/"},{"@type":"ListItem","position":3,"name":"Factory Supply 2-amino-3,6,8-naphthalenetrisulfonic acid cas 118-03-6 With Best Price"}]},{"@type":"WebSite","@id":"https:\/\/vivalr.com\/#website","url":"https:\/\/vivalr.com\/","name":"Bem-vindo ao VIVALR- Sua fonte confi\u00e1vel de mat\u00e9rias-primas qu\u00edmicas\uff01","description":"Descubra uma vasta gama de mat\u00e9rias-primas qu\u00edmicas de alta qualidade para satisfazer as suas necessidades industriais. O nosso compromisso com a excel\u00eancia garante-lhe os melhores produtos e servi\u00e7os.","potentialAction":[{"@type":"SearchAction","target":{"@type":"EntryPoint","urlTemplate":"https:\/\/vivalr.com\/?s={search_term_string}"},"query-input":{"@type":"PropertyValueSpecification","valueRequired":true,"valueName":"search_term_string"}}],"inLanguage":"pt-PT"}]}},"_links":{"self":[{"href":"https:\/\/vivalr.com\/pt\/wp-json\/wp\/v2\/product\/12150","targetHints":{"allow":["GET"]}}],"collection":[{"href":"https:\/\/vivalr.com\/pt\/wp-json\/wp\/v2\/product"}],"about":[{"href":"https:\/\/vivalr.com\/pt\/wp-json\/wp\/v2\/types\/product"}],"replies":[{"embeddable":true,"href":"https:\/\/vivalr.com\/pt\/wp-json\/wp\/v2\/comments?post=12150"}],"wp:featuredmedia":[{"embeddable":true,"href":"https:\/\/vivalr.com\/pt\/wp-json\/wp\/v2\/media\/27115"}],"wp:attachment":[{"href":"https:\/\/vivalr.com\/pt\/wp-json\/wp\/v2\/media?parent=12150"}],"wp:term":[{"taxonomy":"product_brand","embeddable":true,"href":"https:\/\/vivalr.com\/pt\/wp-json\/wp\/v2\/product_brand?post=12150"},{"taxonomy":"product_cat","embeddable":true,"href":"https:\/\/vivalr.com\/pt\/wp-json\/wp\/v2\/product_cat?post=12150"},{"taxonomy":"product_tag","embeddable":true,"href":"https:\/\/vivalr.com\/pt\/wp-json\/wp\/v2\/product_tag?post=12150"}],"curies":[{"name":"wp","href":"https:\/\/api.w.org\/{rel}","templated":true}]}}