{"id":12154,"date":"2025-03-07T12:18:39","date_gmt":"2025-03-07T12:18:39","guid":{"rendered":"https:\/\/vivalr.com\/product\/12154.html"},"modified":"2025-03-07T12:44:36","modified_gmt":"2025-03-07T12:44:36","slug":"factory-supply-dipotassium-7-hydroxynaphthalene-13-disulphonate-cas-842-18-2-with-best-price","status":"publish","type":"product","link":"https:\/\/vivalr.com\/pt\/product\/12154.html","title":{"rendered":"Fornecimento de f\u00e1brica 7-hidroxinaftaleno-1,3-dissulfonato de dipot\u00e1ssio cas 842-18-2 com melhor pre\u00e7o"},"content":{"rendered":"<h1>Guia do usu\u00e1rio para fornecimento de f\u00e1brica 7-hidroxinaftaleno-1,3-dissulfonato de dipot\u00e1ssio cas 842-18-2 com melhor pre\u00e7o<\/h1>\n<h2>\u00cdndice<\/h2>\n<ul>\n<li><a href=\"#basic-info\">Informa\u00e7\u00f5es e par\u00e2metros b\u00e1sicos<\/a><\/li>\n<li><a href=\"#uses\">Utiliza\u00e7\u00f5es do produto<\/a><\/li>\n<li><a href=\"#usage\">Como utilizar o produto<\/a><\/li>\n<li><a href=\"#case-studies\">Estudos de casos de utiliza\u00e7\u00e3o<\/a><\/li>\n<li><a href=\"#contact\">Informa\u00e7\u00f5es de contacto<\/a><\/li>\n<\/ul>\n<h2 id=\"basic-info\">Informa\u00e7\u00f5es e par\u00e2metros b\u00e1sicos<\/h2>\n<p>O produto, 7-hidroxinaftaleno-1,3-dissulfonato de dipot\u00e1ssio com n\u00famero CAS 842 - 18 - 2, \u00e9 oferecido pela nossa f\u00e1brica com o melhor pre\u00e7o. \u00c9 um composto qu\u00edmico com propriedades f\u00edsicas e qu\u00edmicas espec\u00edficas. A f\u00f3rmula molecular do 7-hidroxinaftaleno-1,3-dissulfonato de dipot\u00e1ssio pode ser representada por uma estrutura qu\u00edmica detalhada. Em termos de apar\u00eancia, geralmente tem uma certa cor e estado, que pode variar dependendo da pureza e das condi\u00e7\u00f5es de processamento.<\/p>\n<p>A pureza do nosso produto \u00e9 rigorosamente controlada para cumprir os requisitos das normas mais exigentes. \u00c9 produzido sob rigorosos sistemas de gest\u00e3o da qualidade para garantir a sua consist\u00eancia e estabilidade. O ponto de fus\u00e3o, o ponto de ebuli\u00e7\u00e3o e a solubilidade em diferentes solventes s\u00e3o par\u00e2metros importantes para este produto. Estas propriedades determinam o seu comportamento em v\u00e1rias reac\u00e7\u00f5es qu\u00edmicas e aplica\u00e7\u00f5es.<\/p>\n<h2 id=\"uses\">Utiliza\u00e7\u00f5es do produto<\/h2>\n<p>O 7-hidroxinaftaleno-1,3-dissulfonato de dipot\u00e1ssio tem uma vasta gama de utiliza\u00e7\u00f5es em diferentes ind\u00fastrias. No dom\u00ednio da s\u00edntese qu\u00edmica, pode servir como um intermedi\u00e1rio importante na prepara\u00e7\u00e3o de v\u00e1rios compostos org\u00e2nicos. Participa em reac\u00e7\u00f5es qu\u00edmicas espec\u00edficas, tais como reac\u00e7\u00f5es de substitui\u00e7\u00e3o e reac\u00e7\u00f5es de condensa\u00e7\u00e3o, para formar estruturas qu\u00edmicas mais complexas.<\/p>\n<p>Na ind\u00fastria dos corantes, este composto pode ser utilizado como mat\u00e9ria-prima para a s\u00edntese de corantes. Confere certas propriedades de forma\u00e7\u00e3o de cor aos corantes, que podem ser utilizados para tingir v\u00e1rios tecidos, fibras e outros materiais. A sua estrutura qu\u00edmica \u00fanica permite-lhe interagir com o substrato e formar complexos coloridos est\u00e1veis.<\/p>\n<p>Al\u00e9m disso, na ind\u00fastria farmac\u00eautica, tamb\u00e9m pode ter aplica\u00e7\u00f5es potenciais. Alguns estudos demonstraram que pode ter certas actividades biol\u00f3gicas, que podem ser utilizadas no desenvolvimento de novos medicamentos ou como material auxiliar no processo de fabrico de produtos farmac\u00eauticos.<\/p>\n<h2 id=\"usage\">Como utilizar o produto<\/h2>\n<p>Ao utilizar o 7-hidroxinaftaleno-1,3-dissulfonato de dipot\u00e1ssio, \u00e9 necess\u00e1rio seguir procedimentos de seguran\u00e7a rigorosos. Em primeiro lugar, certificar-se de que utiliza equipamento de prote\u00e7\u00e3o individual adequado, como luvas e \u00f3culos de prote\u00e7\u00e3o, para evitar o contacto direto com o produto. Ao manusear o produto, utilizar utens\u00edlios limpos e secos para evitar a contamina\u00e7\u00e3o.<\/p>\n<p>Numa rea\u00e7\u00e3o qu\u00edmica, medir com precis\u00e3o a quantidade do produto de acordo com a f\u00f3rmula e os requisitos da rea\u00e7\u00e3o. Dissolver o produto num solvente adequado sob condi\u00e7\u00f5es adequadas de temperatura e agita\u00e7\u00e3o. Preste aten\u00e7\u00e3o ao controlo das condi\u00e7\u00f5es de rea\u00e7\u00e3o, como a temperatura, a press\u00e3o e o tempo de rea\u00e7\u00e3o, para garantir a efici\u00eancia e o rendimento da rea\u00e7\u00e3o.<\/p>\n<p>Ap\u00f3s a conclus\u00e3o da rea\u00e7\u00e3o, seguir os procedimentos padr\u00e3o de p\u00f3s-tratamento para separar e purificar o produto. Se existirem res\u00edduos ou desperd\u00edcios gerados durante o processo, trat\u00e1-los adequadamente de acordo com os requisitos de prote\u00e7\u00e3o ambiental.<\/p>\n<h2 id=\"case-studies\">Estudos de casos de utiliza\u00e7\u00e3o<\/h2>\n<p>Caso 1: Num instituto de investiga\u00e7\u00e3o qu\u00edmica, o 7-hidroxinaftaleno-1,3-dissulfonato de dipot\u00e1ssio foi utilizado como intermedi\u00e1rio na s\u00edntese de um novo composto org\u00e2nico. Os investigadores mediram com precis\u00e3o uma certa quantidade do produto e dissolveram-no num solvente org\u00e2nico espec\u00edfico. Controlando a temperatura da rea\u00e7\u00e3o e adicionando catalisadores adequados, conclu\u00edram com \u00eaxito a rea\u00e7\u00e3o. Ap\u00f3s a purifica\u00e7\u00e3o, obtiveram um composto alvo de elevada pureza, que forneceu uma nova ideia para o desenvolvimento de novos materiais.<\/p>\n<p>Caso 2: Uma f\u00e1brica de tintas t\u00eaxteis utilizou o 7-hidroxinaftaleno-1,3-dissulfonato de dipot\u00e1ssio como mat\u00e9ria-prima para a s\u00edntese de corantes. Misturaram-no com outros produtos qu\u00edmicos de acordo com uma f\u00f3rmula espec\u00edfica e realizaram uma s\u00e9rie de reac\u00e7\u00f5es qu\u00edmicas. O corante sintetizado foi utilizado para tingir tecidos de algod\u00e3o. Os tecidos tingidos apresentaram excelente solidez e uniformidade de cor, o que foi bem recebido pelos clientes no mercado.<\/p>\n<h2 id=\"contact\">Informa\u00e7\u00f5es de contacto<\/h2>\n<p>Se tiver alguma d\u00favida sobre este produto, n\u00e3o hesite em contactar-nos. O nosso correio eletr\u00f3nico \u00e9 info@vivalr.com e o nosso n\u00famero de telefone \u00e9 (86) 15866781826. Estamos empenhados em fornecer-lhe informa\u00e7\u00f5es profissionais sobre o produto e apoio t\u00e9cnico.<\/p>","protected":false},"excerpt":{"rendered":"<p>Guia do usu\u00e1rio para fornecimento de f\u00e1brica 7-hidroxinaftaleno-1,3-dissulfonato de dipot\u00e1ssio cas 842-18-2 com melhor pre\u00e7o \u00cdndice Informa\u00e7\u00f5es b\u00e1sicas e par\u00e2metros Usos do produto Como usar o produto Estudos de caso de uso Informa\u00e7\u00f5es de contato Informa\u00e7\u00f5es b\u00e1sicas e par\u00e2metros O produto, 7-hidroxinaftaleno-1,3-dissulfonato de dipot\u00e1ssio com n\u00famero CAS 842 - 18 - 2, \u00e9 oferecido por nossa f\u00e1brica com [...]<\/p>","protected":false},"featured_media":27117,"comment_status":"closed","ping_status":"open","template":"","meta":[],"product_brand":[],"product_cat":[15],"product_tag":[],"class_list":{"0":"post-12154","1":"product","2":"type-product","3":"status-publish","4":"has-post-thumbnail","6":"product_cat-uncategorized","8":"first","9":"instock","10":"product-type-simple"},"yoast_head":"<!-- This site is optimized with the Yoast SEO Premium plugin v24.4 (Yoast SEO v27.4) - https:\/\/yoast.com\/product\/yoast-seo-premium-wordpress\/ -->\n<title>Factory Supply dipotassium 7-hydroxynaphthalene-1,3-disulphonate cas 842-18-2 With Best Price - Welcome to VIVALR- Your Trusted Source for Chemical Raw Materials\uff01<\/title>\n<meta name=\"robots\" content=\"index, follow, max-snippet:-1, max-image-preview:large, max-video-preview:-1\" \/>\n<link rel=\"canonical\" href=\"https:\/\/vivalr.com\/pt\/product\/12154.html\" \/>\n<meta property=\"og:locale\" content=\"pt_PT\" \/>\n<meta property=\"og:type\" content=\"article\" \/>\n<meta property=\"og:title\" content=\"Factory Supply dipotassium 7-hydroxynaphthalene-1,3-disulphonate cas 842-18-2 With Best Price\" \/>\n<meta property=\"og:description\" content=\"User Guide for Factory Supply dipotassium 7-hydroxynaphthalene-1,3-disulphonate cas 842-18-2 With Best Price Table of Contents Basic Information and Parameters Uses of the Product How to Use the Product Usage Case Studies Contact Information Basic Information and Parameters The product, dipotassium 7-hydroxynaphthalene-1,3-disulphonate with CAS number 842 - 18 - 2, is offered by our factory with [&hellip;]\" \/>\n<meta property=\"og:url\" content=\"https:\/\/vivalr.com\/pt\/product\/12154.html\" \/>\n<meta property=\"og:site_name\" content=\"Welcome to VIVALR- Your Trusted Source for Chemical Raw Materials\uff01\" \/>\n<meta property=\"article:modified_time\" content=\"2025-03-07T12:44:36+00:00\" \/>\n<meta property=\"og:image\" content=\"https:\/\/vivalr.com\/wp-content\/uploads\/2025\/03\/dipotassium-7-hydroxynaphthalene-13-disulphonate-cas-842-18-2.jpg\" \/>\n\t<meta property=\"og:image:width\" content=\"600\" \/>\n\t<meta property=\"og:image:height\" content=\"654\" \/>\n\t<meta property=\"og:image:type\" content=\"image\/jpeg\" \/>\n<meta name=\"twitter:card\" content=\"summary_large_image\" \/>\n<meta name=\"twitter:label1\" content=\"Tempo estimado de leitura\" \/>\n\t<meta name=\"twitter:data1\" content=\"3 minutos\" \/>\n<script type=\"application\/ld+json\" class=\"yoast-schema-graph\">{\"@context\":\"https:\\\/\\\/schema.org\",\"@graph\":[{\"@type\":\"WebPage\",\"@id\":\"https:\\\/\\\/vivalr.com\\\/product\\\/12154.html\",\"url\":\"https:\\\/\\\/vivalr.com\\\/product\\\/12154.html\",\"name\":\"Factory Supply dipotassium 7-hydroxynaphthalene-1,3-disulphonate cas 842-18-2 With Best Price - Welcome to VIVALR- Your Trusted Source for Chemical Raw Materials\uff01\",\"isPartOf\":{\"@id\":\"https:\\\/\\\/vivalr.com\\\/#website\"},\"primaryImageOfPage\":{\"@id\":\"https:\\\/\\\/vivalr.com\\\/product\\\/12154.html#primaryimage\"},\"image\":{\"@id\":\"https:\\\/\\\/vivalr.com\\\/product\\\/12154.html#primaryimage\"},\"thumbnailUrl\":\"https:\\\/\\\/vivalr.com\\\/wp-content\\\/uploads\\\/2025\\\/03\\\/dipotassium-7-hydroxynaphthalene-13-disulphonate-cas-842-18-2.jpg\",\"datePublished\":\"2025-03-07T12:18:39+00:00\",\"dateModified\":\"2025-03-07T12:44:36+00:00\",\"breadcrumb\":{\"@id\":\"https:\\\/\\\/vivalr.com\\\/product\\\/12154.html#breadcrumb\"},\"inLanguage\":\"pt-PT\",\"potentialAction\":[{\"@type\":\"ReadAction\",\"target\":[\"https:\\\/\\\/vivalr.com\\\/product\\\/12154.html\"]}]},{\"@type\":\"ImageObject\",\"inLanguage\":\"pt-PT\",\"@id\":\"https:\\\/\\\/vivalr.com\\\/product\\\/12154.html#primaryimage\",\"url\":\"https:\\\/\\\/vivalr.com\\\/wp-content\\\/uploads\\\/2025\\\/03\\\/dipotassium-7-hydroxynaphthalene-13-disulphonate-cas-842-18-2.jpg\",\"contentUrl\":\"https:\\\/\\\/vivalr.com\\\/wp-content\\\/uploads\\\/2025\\\/03\\\/dipotassium-7-hydroxynaphthalene-13-disulphonate-cas-842-18-2.jpg\",\"width\":600,\"height\":654},{\"@type\":\"BreadcrumbList\",\"@id\":\"https:\\\/\\\/vivalr.com\\\/product\\\/12154.html#breadcrumb\",\"itemListElement\":[{\"@type\":\"ListItem\",\"position\":1,\"name\":\"Home\",\"item\":\"https:\\\/\\\/vivalr.com\\\/\"},{\"@type\":\"ListItem\",\"position\":2,\"name\":\"Shop\",\"item\":\"https:\\\/\\\/vivalr.com\\\/shop\\\/\"},{\"@type\":\"ListItem\",\"position\":3,\"name\":\"Factory Supply dipotassium 7-hydroxynaphthalene-1,3-disulphonate cas 842-18-2 With Best Price\"}]},{\"@type\":\"WebSite\",\"@id\":\"https:\\\/\\\/vivalr.com\\\/#website\",\"url\":\"https:\\\/\\\/vivalr.com\\\/\",\"name\":\"Welcome to VIVALR- Your Trusted Source for Chemical Raw Materials\uff01\",\"description\":\"Discover a wide range of high-quality chemical raw materials to meet your industrial needs. Our commitment to excellence ensures that you get the best products and services.\",\"potentialAction\":[{\"@type\":\"SearchAction\",\"target\":{\"@type\":\"EntryPoint\",\"urlTemplate\":\"https:\\\/\\\/vivalr.com\\\/?s={search_term_string}\"},\"query-input\":{\"@type\":\"PropertyValueSpecification\",\"valueRequired\":true,\"valueName\":\"search_term_string\"}}],\"inLanguage\":\"pt-PT\"}]}<\/script>\n<!-- \/ Yoast SEO Premium plugin. -->","yoast_head_json":{"title":"Fornecimento de f\u00e1brica 7-hidroxinaftaleno-1,3-dissulfonato de dipot\u00e1ssio cas 842-18-2 com melhor pre\u00e7o - Bem-vindo ao VIVALR - Sua fonte confi\u00e1vel de mat\u00e9rias-primas qu\u00edmicas\uff01","robots":{"index":"index","follow":"follow","max-snippet":"max-snippet:-1","max-image-preview":"max-image-preview:large","max-video-preview":"max-video-preview:-1"},"canonical":"https:\/\/vivalr.com\/pt\/product\/12154.html","og_locale":"pt_PT","og_type":"article","og_title":"Factory Supply dipotassium 7-hydroxynaphthalene-1,3-disulphonate cas 842-18-2 With Best Price","og_description":"User Guide for Factory Supply dipotassium 7-hydroxynaphthalene-1,3-disulphonate cas 842-18-2 With Best Price Table of Contents Basic Information and Parameters Uses of the Product How to Use the Product Usage Case Studies Contact Information Basic Information and Parameters The product, dipotassium 7-hydroxynaphthalene-1,3-disulphonate with CAS number 842 - 18 - 2, is offered by our factory with [&hellip;]","og_url":"https:\/\/vivalr.com\/pt\/product\/12154.html","og_site_name":"Welcome to VIVALR- Your Trusted Source for Chemical Raw Materials\uff01","article_modified_time":"2025-03-07T12:44:36+00:00","og_image":[{"width":600,"height":654,"url":"https:\/\/vivalr.com\/wp-content\/uploads\/2025\/03\/dipotassium-7-hydroxynaphthalene-13-disulphonate-cas-842-18-2.jpg","type":"image\/jpeg"}],"twitter_card":"summary_large_image","twitter_misc":{"Tempo estimado de leitura":"3 minutos"},"schema":{"@context":"https:\/\/schema.org","@graph":[{"@type":"WebPage","@id":"https:\/\/vivalr.com\/product\/12154.html","url":"https:\/\/vivalr.com\/product\/12154.html","name":"Fornecimento de f\u00e1brica 7-hidroxinaftaleno-1,3-dissulfonato de dipot\u00e1ssio cas 842-18-2 com melhor pre\u00e7o - Bem-vindo ao VIVALR - Sua fonte confi\u00e1vel de mat\u00e9rias-primas qu\u00edmicas\uff01","isPartOf":{"@id":"https:\/\/vivalr.com\/#website"},"primaryImageOfPage":{"@id":"https:\/\/vivalr.com\/product\/12154.html#primaryimage"},"image":{"@id":"https:\/\/vivalr.com\/product\/12154.html#primaryimage"},"thumbnailUrl":"https:\/\/vivalr.com\/wp-content\/uploads\/2025\/03\/dipotassium-7-hydroxynaphthalene-13-disulphonate-cas-842-18-2.jpg","datePublished":"2025-03-07T12:18:39+00:00","dateModified":"2025-03-07T12:44:36+00:00","breadcrumb":{"@id":"https:\/\/vivalr.com\/product\/12154.html#breadcrumb"},"inLanguage":"pt-PT","potentialAction":[{"@type":"ReadAction","target":["https:\/\/vivalr.com\/product\/12154.html"]}]},{"@type":"ImageObject","inLanguage":"pt-PT","@id":"https:\/\/vivalr.com\/product\/12154.html#primaryimage","url":"https:\/\/vivalr.com\/wp-content\/uploads\/2025\/03\/dipotassium-7-hydroxynaphthalene-13-disulphonate-cas-842-18-2.jpg","contentUrl":"https:\/\/vivalr.com\/wp-content\/uploads\/2025\/03\/dipotassium-7-hydroxynaphthalene-13-disulphonate-cas-842-18-2.jpg","width":600,"height":654},{"@type":"BreadcrumbList","@id":"https:\/\/vivalr.com\/product\/12154.html#breadcrumb","itemListElement":[{"@type":"ListItem","position":1,"name":"Home","item":"https:\/\/vivalr.com\/"},{"@type":"ListItem","position":2,"name":"Shop","item":"https:\/\/vivalr.com\/shop\/"},{"@type":"ListItem","position":3,"name":"Factory Supply dipotassium 7-hydroxynaphthalene-1,3-disulphonate cas 842-18-2 With Best Price"}]},{"@type":"WebSite","@id":"https:\/\/vivalr.com\/#website","url":"https:\/\/vivalr.com\/","name":"Bem-vindo ao VIVALR- Sua fonte confi\u00e1vel de mat\u00e9rias-primas qu\u00edmicas\uff01","description":"Descubra uma vasta gama de mat\u00e9rias-primas qu\u00edmicas de alta qualidade para satisfazer as suas necessidades industriais. O nosso compromisso com a excel\u00eancia garante-lhe os melhores produtos e servi\u00e7os.","potentialAction":[{"@type":"SearchAction","target":{"@type":"EntryPoint","urlTemplate":"https:\/\/vivalr.com\/?s={search_term_string}"},"query-input":{"@type":"PropertyValueSpecification","valueRequired":true,"valueName":"search_term_string"}}],"inLanguage":"pt-PT"}]}},"_links":{"self":[{"href":"https:\/\/vivalr.com\/pt\/wp-json\/wp\/v2\/product\/12154","targetHints":{"allow":["GET"]}}],"collection":[{"href":"https:\/\/vivalr.com\/pt\/wp-json\/wp\/v2\/product"}],"about":[{"href":"https:\/\/vivalr.com\/pt\/wp-json\/wp\/v2\/types\/product"}],"replies":[{"embeddable":true,"href":"https:\/\/vivalr.com\/pt\/wp-json\/wp\/v2\/comments?post=12154"}],"wp:featuredmedia":[{"embeddable":true,"href":"https:\/\/vivalr.com\/pt\/wp-json\/wp\/v2\/media\/27117"}],"wp:attachment":[{"href":"https:\/\/vivalr.com\/pt\/wp-json\/wp\/v2\/media?parent=12154"}],"wp:term":[{"taxonomy":"product_brand","embeddable":true,"href":"https:\/\/vivalr.com\/pt\/wp-json\/wp\/v2\/product_brand?post=12154"},{"taxonomy":"product_cat","embeddable":true,"href":"https:\/\/vivalr.com\/pt\/wp-json\/wp\/v2\/product_cat?post=12154"},{"taxonomy":"product_tag","embeddable":true,"href":"https:\/\/vivalr.com\/pt\/wp-json\/wp\/v2\/product_tag?post=12154"}],"curies":[{"name":"wp","href":"https:\/\/api.w.org\/{rel}","templated":true}]}}