{"id":12158,"date":"2025-03-07T12:18:39","date_gmt":"2025-03-07T12:18:39","guid":{"rendered":"https:\/\/vivalr.com\/product\/12158.html"},"modified":"2025-03-07T12:44:37","modified_gmt":"2025-03-07T12:44:37","slug":"factory-supply-gold-chloride-cas-13453-07-1-with-best-price","status":"publish","type":"product","link":"https:\/\/vivalr.com\/pt\/product\/12158.html","title":{"rendered":"Fornecimento de f\u00e1brica de cloreto de ouro Cas 13453-07-1 com melhor pre\u00e7o"},"content":{"rendered":"<ol>\n<li><a href=\"#basic-info\">Informa\u00e7\u00f5es b\u00e1sicas sobre o fornecimento de f\u00e1brica de cloreto de ouro Cas 13453-07-1<\/a><\/li>\n<li><a href=\"#uses\">Utiliza\u00e7\u00f5es do cloreto de ouro<\/a><\/li>\n<li><a href=\"#usage\">Utiliza\u00e7\u00e3o de cloreto de ouro<\/a><\/li>\n<li><a href=\"#case-studies\">Estudos de casos de utiliza\u00e7\u00e3o de cloreto de ouro<\/a><\/li>\n<li><a href=\"#contacts\">Informa\u00e7\u00f5es de contacto<\/a><\/li>\n<\/ol>\n<h2 id=\"basic-info\">Informa\u00e7\u00f5es b\u00e1sicas sobre o fornecimento de f\u00e1brica de cloreto de ouro Cas 13453-07-1<\/h2>\n<p>O cloreto de ouro, com a f\u00f3rmula qu\u00edmica AuCl\u2083 e n\u00famero CAS 13453-07-1, \u00e9 um composto inorg\u00e2nico altamente valorizado. Aparece tipicamente como um s\u00f3lido vermelho - castanho. O composto tem uma massa molar de aproximadamente 303,33 g\/mol. O cloreto de ouro \u00e9 sol\u00favel em \u00e1gua, etanol e \u00e9ter. \u00c9 higrosc\u00f3pico, o que significa que tem tend\u00eancia para absorver a humidade do ar. A densidade do cloreto de ouro \u00e9 de cerca de 3,9 g\/cm\u00b3. No mercado, nossa f\u00e1brica fornece cloreto de ouro com o melhor pre\u00e7o, garantindo produtos de alta qualidade para diversas aplica\u00e7\u00f5es.<\/p>\n<h2 id=\"uses\">Utiliza\u00e7\u00f5es do cloreto de ouro<\/h2>\n<p>1. **Eletrodeposi\u00e7\u00e3o**: O cloreto de ouro \u00e9 amplamente utilizado na ind\u00fastria de galvanoplastia. Pode depositar uma fina camada de ouro na superf\u00edcie de outros metais, como o cobre, o n\u00edquel ou a prata. Isto n\u00e3o s\u00f3 melhora o aspeto dos produtos, como tamb\u00e9m proporciona uma excelente resist\u00eancia \u00e0 corros\u00e3o. Por exemplo, na produ\u00e7\u00e3o de j\u00f3ias e componentes electr\u00f3nicos, a galvanoplastia com cloreto de ouro pode melhorar o valor e o desempenho dos produtos.<\/p>\n<p>2. **Cat\u00e1lise**: Em qu\u00edmica org\u00e2nica, o cloreto de ouro serve como catalisador em muitas reac\u00e7\u00f5es. Pode promover v\u00e1rias reac\u00e7\u00f5es qu\u00edmicas, incluindo a forma\u00e7\u00e3o de liga\u00e7\u00f5es carbono-carbono e reac\u00e7\u00f5es de oxida\u00e7\u00e3o. Os catalisadores \u00e0 base de ouro s\u00e3o muitas vezes altamente selectivos, o que \u00e9 ben\u00e9fico para a s\u00edntese de compostos qu\u00edmicos espec\u00edficos.<\/p>\n<p>3. **Aplica\u00e7\u00f5es m\u00e9dicas**: Os compostos de ouro t\u00eam mostrado potencial na investiga\u00e7\u00e3o m\u00e9dica. O cloreto de ouro pode ser utilizado para preparar nanopart\u00edculas de ouro, que t\u00eam aplica\u00e7\u00f5es na administra\u00e7\u00e3o de medicamentos, imagiologia e tratamento do cancro. As propriedades f\u00edsicas e qu\u00edmicas \u00fanicas das nanopart\u00edculas de ouro tornam-nas transportadoras eficazes de medicamentos e agentes de contraste.<\/p>\n<h2 id=\"usage\">Utiliza\u00e7\u00e3o de cloreto de ouro<\/h2>\n<p>1. **Processo de eletrodeposi\u00e7\u00e3o**: Quando se utiliza cloreto de ouro para galvanoplastia, em primeiro lugar, prepara-se uma solu\u00e7\u00e3o de galvanoplastia dissolvendo a quantidade apropriada de cloreto de ouro num solvente adequado. A concentra\u00e7\u00e3o da solu\u00e7\u00e3o depende dos requisitos espec\u00edficos do processo de galvanoplastia. Em seguida, limpar e ativar a superf\u00edcie do substrato a ser galvanizado. Ligar o substrato como c\u00e1todo e um \u00e2nodo de ouro a uma fonte de alimenta\u00e7\u00e3o. Ajustar a densidade da corrente e o tempo de galvaniza\u00e7\u00e3o de acordo com a espessura desejada da camada de ouro. Ap\u00f3s a conclus\u00e3o da galvanoplastia, enxaguar bem o objeto galvanizado com \u00e1gua para remover qualquer solu\u00e7\u00e3o residual.<\/p>\n<p>2. **Reac\u00e7\u00f5es catal\u00edticas**: Em aplica\u00e7\u00f5es catal\u00edticas, adicionar uma pequena quantidade de cloreto de ouro ao sistema de rea\u00e7\u00e3o. As condi\u00e7\u00f5es de rea\u00e7\u00e3o, como a temperatura, a press\u00e3o e o tempo de rea\u00e7\u00e3o, t\u00eam de ser cuidadosamente controladas de acordo com o tipo de rea\u00e7\u00e3o espec\u00edfico. O cloreto de ouro pode ter de ser ativado ou combinado com outros ligandos para melhorar a sua atividade catal\u00edtica.<\/p>\n<p>3. **Prepara\u00e7\u00e3o m\u00e9dica**: Para a prepara\u00e7\u00e3o de nanopart\u00edculas de ouro utilizando cloreto de ouro, \u00e9 normalmente adicionado um agente redutor \u00e0 solu\u00e7\u00e3o de cloreto de ouro em condi\u00e7\u00f5es espec\u00edficas. O tamanho e a forma das nanopart\u00edculas de ouro podem ser controlados ajustando a concentra\u00e7\u00e3o dos reagentes, a temperatura da rea\u00e7\u00e3o e o valor do pH. Ap\u00f3s a s\u00edntese, as nanopart\u00edculas de ouro t\u00eam de ser purificadas e caracterizadas antes de serem utilizadas em aplica\u00e7\u00f5es m\u00e9dicas.<\/p>\n<h2 id=\"case-studies\">Estudos de casos de utiliza\u00e7\u00e3o de cloreto de ouro<\/h2>\n<p>1. **Fabrico de j\u00f3ias**: Uma empresa de joalharia utilizou cloreto de ouro para galvanizar os seus produtos de joalharia \u00e0 base de cobre. Controlando cuidadosamente os par\u00e2metros do processo de galvanoplastia, conseguiram obter um revestimento uniforme e brilhante de ouro nas j\u00f3ias. Este facto n\u00e3o s\u00f3 melhorou o aspeto est\u00e9tico dos produtos, como tamb\u00e9m aumentou o seu valor de mercado. A empresa registou um aumento nas vendas devido \u00e0 melhoria da qualidade das suas j\u00f3ias galvanizadas.<\/p>\n<p>2. **S\u00edntese qu\u00edmica**: Num laborat\u00f3rio de investiga\u00e7\u00e3o, o cloreto de ouro foi utilizado como catalisador numa rea\u00e7\u00e3o de forma\u00e7\u00e3o de liga\u00e7\u00f5es carbono - carbono. Ao utilizar o cloreto de ouro como catalisador, a taxa de rea\u00e7\u00e3o foi significativamente aumentada e o rendimento do produto alvo foi maior em compara\u00e7\u00e3o com os catalisadores tradicionais. Isto demonstrou a elevada efici\u00eancia e seletividade do cloreto de ouro em reac\u00e7\u00f5es catal\u00edticas.<\/p>\n<p>3. **Investiga\u00e7\u00e3o m\u00e9dica**: Uma equipa de investiga\u00e7\u00e3o m\u00e9dica utilizou cloreto de ouro para sintetizar nanopart\u00edculas de ouro para administra\u00e7\u00e3o de medicamentos. Carregaram um medicamento anti-cancro nas nanopart\u00edculas de ouro e entregaram-no \u00e0s c\u00e9lulas cancerosas. Os resultados mostraram que o sistema de administra\u00e7\u00e3o de medicamentos mediado por nanopart\u00edculas de ouro foi mais eficaz na morte de c\u00e9lulas cancer\u00edgenas do que o medicamento livre. Isto indicou o potencial das nanopart\u00edculas de ouro derivadas do cloreto de ouro no tratamento do cancro.<\/p>\n<h2 id=\"contacts\">Informa\u00e7\u00f5es de contacto<\/h2>\n<p>Se voc\u00ea tiver alguma d\u00favida ou precisar comprar nossa f\u00e1brica - fornecido cloreto de ouro Cas 13453 - 07 - 1, n\u00e3o hesite em contactar-nos. O nosso e-mail \u00e9 info@vivalr.com, e o nosso n\u00famero de telefone \u00e9 (86) 15866781826. Estamos ansiosos para atend\u00ea-lo e atender \u00e0s suas necessidades de ouro de alta qualidade<\/p>","protected":false},"excerpt":{"rendered":"<p>Basic Information of Factory Supply Gold Chloride Cas 13453-07-1 Uses of Gold Chloride Usage of Gold Chloride Case Studies of Gold Chloride Use Contact Information Basic Information of Factory Supply Gold Chloride Cas 13453-07-1 Gold Chloride, with the chemical formula AuCl\u2083 and CAS number 13453-07-1, is a highly valued inorganic compound. It typically appears as [&hellip;]<\/p>","protected":false},"featured_media":27119,"comment_status":"closed","ping_status":"open","template":"","meta":[],"product_brand":[],"product_cat":[15],"product_tag":[],"class_list":{"0":"post-12158","1":"product","2":"type-product","3":"status-publish","4":"has-post-thumbnail","6":"product_cat-uncategorized","8":"first","9":"instock","10":"product-type-simple"},"yoast_head":"<!-- This site is optimized with the Yoast SEO Premium plugin v24.4 (Yoast SEO v27.4) - https:\/\/yoast.com\/product\/yoast-seo-premium-wordpress\/ -->\n<title>Factory Supply Gold Chloride Cas 13453-07-1 With Best Price - Welcome to VIVALR- Your Trusted Source for Chemical Raw Materials\uff01<\/title>\n<meta name=\"robots\" content=\"index, follow, max-snippet:-1, max-image-preview:large, max-video-preview:-1\" \/>\n<link rel=\"canonical\" href=\"https:\/\/vivalr.com\/pt\/product\/12158.html\" \/>\n<meta property=\"og:locale\" content=\"pt_PT\" \/>\n<meta property=\"og:type\" content=\"article\" \/>\n<meta property=\"og:title\" content=\"Factory Supply Gold Chloride Cas 13453-07-1 With Best Price\" \/>\n<meta property=\"og:description\" content=\"Basic Information of Factory Supply Gold Chloride Cas 13453-07-1 Uses of Gold Chloride Usage of Gold Chloride Case Studies of Gold Chloride Use Contact Information Basic Information of Factory Supply Gold Chloride Cas 13453-07-1 Gold Chloride, with the chemical formula AuCl\u2083 and CAS number 13453-07-1, is a highly valued inorganic compound. It typically appears as [&hellip;]\" \/>\n<meta property=\"og:url\" content=\"https:\/\/vivalr.com\/pt\/product\/12158.html\" \/>\n<meta property=\"og:site_name\" content=\"Welcome to VIVALR- Your Trusted Source for Chemical Raw Materials\uff01\" \/>\n<meta property=\"article:modified_time\" content=\"2025-03-07T12:44:37+00:00\" \/>\n<meta property=\"og:image\" content=\"https:\/\/vivalr.com\/wp-content\/uploads\/2025\/03\/goldiii-chloride-cas-13453-07-1.jpg\" \/>\n\t<meta property=\"og:image:width\" content=\"600\" \/>\n\t<meta property=\"og:image:height\" content=\"654\" \/>\n\t<meta property=\"og:image:type\" content=\"image\/jpeg\" \/>\n<meta name=\"twitter:card\" content=\"summary_large_image\" \/>\n<meta name=\"twitter:label1\" content=\"Tempo estimado de leitura\" \/>\n\t<meta name=\"twitter:data1\" content=\"4 minutos\" \/>\n<script type=\"application\/ld+json\" class=\"yoast-schema-graph\">{\"@context\":\"https:\\\/\\\/schema.org\",\"@graph\":[{\"@type\":\"WebPage\",\"@id\":\"https:\\\/\\\/vivalr.com\\\/product\\\/12158.html\",\"url\":\"https:\\\/\\\/vivalr.com\\\/product\\\/12158.html\",\"name\":\"Factory Supply Gold Chloride Cas 13453-07-1 With Best Price - Welcome to VIVALR- Your Trusted Source for Chemical Raw Materials\uff01\",\"isPartOf\":{\"@id\":\"https:\\\/\\\/vivalr.com\\\/#website\"},\"primaryImageOfPage\":{\"@id\":\"https:\\\/\\\/vivalr.com\\\/product\\\/12158.html#primaryimage\"},\"image\":{\"@id\":\"https:\\\/\\\/vivalr.com\\\/product\\\/12158.html#primaryimage\"},\"thumbnailUrl\":\"https:\\\/\\\/vivalr.com\\\/wp-content\\\/uploads\\\/2025\\\/03\\\/goldiii-chloride-cas-13453-07-1.jpg\",\"datePublished\":\"2025-03-07T12:18:39+00:00\",\"dateModified\":\"2025-03-07T12:44:37+00:00\",\"breadcrumb\":{\"@id\":\"https:\\\/\\\/vivalr.com\\\/product\\\/12158.html#breadcrumb\"},\"inLanguage\":\"pt-PT\",\"potentialAction\":[{\"@type\":\"ReadAction\",\"target\":[\"https:\\\/\\\/vivalr.com\\\/product\\\/12158.html\"]}]},{\"@type\":\"ImageObject\",\"inLanguage\":\"pt-PT\",\"@id\":\"https:\\\/\\\/vivalr.com\\\/product\\\/12158.html#primaryimage\",\"url\":\"https:\\\/\\\/vivalr.com\\\/wp-content\\\/uploads\\\/2025\\\/03\\\/goldiii-chloride-cas-13453-07-1.jpg\",\"contentUrl\":\"https:\\\/\\\/vivalr.com\\\/wp-content\\\/uploads\\\/2025\\\/03\\\/goldiii-chloride-cas-13453-07-1.jpg\",\"width\":600,\"height\":654},{\"@type\":\"BreadcrumbList\",\"@id\":\"https:\\\/\\\/vivalr.com\\\/product\\\/12158.html#breadcrumb\",\"itemListElement\":[{\"@type\":\"ListItem\",\"position\":1,\"name\":\"Home\",\"item\":\"https:\\\/\\\/vivalr.com\\\/\"},{\"@type\":\"ListItem\",\"position\":2,\"name\":\"Shop\",\"item\":\"https:\\\/\\\/vivalr.com\\\/shop\\\/\"},{\"@type\":\"ListItem\",\"position\":3,\"name\":\"Factory Supply Gold Chloride Cas 13453-07-1 With Best Price\"}]},{\"@type\":\"WebSite\",\"@id\":\"https:\\\/\\\/vivalr.com\\\/#website\",\"url\":\"https:\\\/\\\/vivalr.com\\\/\",\"name\":\"Welcome to VIVALR- Your Trusted Source for Chemical Raw Materials\uff01\",\"description\":\"Discover a wide range of high-quality chemical raw materials to meet your industrial needs. Our commitment to excellence ensures that you get the best products and services.\",\"potentialAction\":[{\"@type\":\"SearchAction\",\"target\":{\"@type\":\"EntryPoint\",\"urlTemplate\":\"https:\\\/\\\/vivalr.com\\\/?s={search_term_string}\"},\"query-input\":{\"@type\":\"PropertyValueSpecification\",\"valueRequired\":true,\"valueName\":\"search_term_string\"}}],\"inLanguage\":\"pt-PT\"}]}<\/script>\n<!-- \/ Yoast SEO Premium plugin. -->","yoast_head_json":{"title":"Fornecimento de f\u00e1brica de cloreto de ouro Cas 13453-07-1 com melhor pre\u00e7o - Bem-vindo ao VIVALR- Sua fonte confi\u00e1vel de mat\u00e9rias-primas qu\u00edmicas\uff01","robots":{"index":"index","follow":"follow","max-snippet":"max-snippet:-1","max-image-preview":"max-image-preview:large","max-video-preview":"max-video-preview:-1"},"canonical":"https:\/\/vivalr.com\/pt\/product\/12158.html","og_locale":"pt_PT","og_type":"article","og_title":"Factory Supply Gold Chloride Cas 13453-07-1 With Best Price","og_description":"Basic Information of Factory Supply Gold Chloride Cas 13453-07-1 Uses of Gold Chloride Usage of Gold Chloride Case Studies of Gold Chloride Use Contact Information Basic Information of Factory Supply Gold Chloride Cas 13453-07-1 Gold Chloride, with the chemical formula AuCl\u2083 and CAS number 13453-07-1, is a highly valued inorganic compound. It typically appears as [&hellip;]","og_url":"https:\/\/vivalr.com\/pt\/product\/12158.html","og_site_name":"Welcome to VIVALR- Your Trusted Source for Chemical Raw Materials\uff01","article_modified_time":"2025-03-07T12:44:37+00:00","og_image":[{"width":600,"height":654,"url":"https:\/\/vivalr.com\/wp-content\/uploads\/2025\/03\/goldiii-chloride-cas-13453-07-1.jpg","type":"image\/jpeg"}],"twitter_card":"summary_large_image","twitter_misc":{"Tempo estimado de leitura":"4 minutos"},"schema":{"@context":"https:\/\/schema.org","@graph":[{"@type":"WebPage","@id":"https:\/\/vivalr.com\/product\/12158.html","url":"https:\/\/vivalr.com\/product\/12158.html","name":"Fornecimento de f\u00e1brica de cloreto de ouro Cas 13453-07-1 com melhor pre\u00e7o - Bem-vindo ao VIVALR- Sua fonte confi\u00e1vel de mat\u00e9rias-primas qu\u00edmicas\uff01","isPartOf":{"@id":"https:\/\/vivalr.com\/#website"},"primaryImageOfPage":{"@id":"https:\/\/vivalr.com\/product\/12158.html#primaryimage"},"image":{"@id":"https:\/\/vivalr.com\/product\/12158.html#primaryimage"},"thumbnailUrl":"https:\/\/vivalr.com\/wp-content\/uploads\/2025\/03\/goldiii-chloride-cas-13453-07-1.jpg","datePublished":"2025-03-07T12:18:39+00:00","dateModified":"2025-03-07T12:44:37+00:00","breadcrumb":{"@id":"https:\/\/vivalr.com\/product\/12158.html#breadcrumb"},"inLanguage":"pt-PT","potentialAction":[{"@type":"ReadAction","target":["https:\/\/vivalr.com\/product\/12158.html"]}]},{"@type":"ImageObject","inLanguage":"pt-PT","@id":"https:\/\/vivalr.com\/product\/12158.html#primaryimage","url":"https:\/\/vivalr.com\/wp-content\/uploads\/2025\/03\/goldiii-chloride-cas-13453-07-1.jpg","contentUrl":"https:\/\/vivalr.com\/wp-content\/uploads\/2025\/03\/goldiii-chloride-cas-13453-07-1.jpg","width":600,"height":654},{"@type":"BreadcrumbList","@id":"https:\/\/vivalr.com\/product\/12158.html#breadcrumb","itemListElement":[{"@type":"ListItem","position":1,"name":"Home","item":"https:\/\/vivalr.com\/"},{"@type":"ListItem","position":2,"name":"Shop","item":"https:\/\/vivalr.com\/shop\/"},{"@type":"ListItem","position":3,"name":"Factory Supply Gold Chloride Cas 13453-07-1 With Best Price"}]},{"@type":"WebSite","@id":"https:\/\/vivalr.com\/#website","url":"https:\/\/vivalr.com\/","name":"Bem-vindo ao VIVALR- Sua fonte confi\u00e1vel de mat\u00e9rias-primas qu\u00edmicas\uff01","description":"Descubra uma vasta gama de mat\u00e9rias-primas qu\u00edmicas de alta qualidade para satisfazer as suas necessidades industriais. O nosso compromisso com a excel\u00eancia garante-lhe os melhores produtos e servi\u00e7os.","potentialAction":[{"@type":"SearchAction","target":{"@type":"EntryPoint","urlTemplate":"https:\/\/vivalr.com\/?s={search_term_string}"},"query-input":{"@type":"PropertyValueSpecification","valueRequired":true,"valueName":"search_term_string"}}],"inLanguage":"pt-PT"}]}},"_links":{"self":[{"href":"https:\/\/vivalr.com\/pt\/wp-json\/wp\/v2\/product\/12158","targetHints":{"allow":["GET"]}}],"collection":[{"href":"https:\/\/vivalr.com\/pt\/wp-json\/wp\/v2\/product"}],"about":[{"href":"https:\/\/vivalr.com\/pt\/wp-json\/wp\/v2\/types\/product"}],"replies":[{"embeddable":true,"href":"https:\/\/vivalr.com\/pt\/wp-json\/wp\/v2\/comments?post=12158"}],"wp:featuredmedia":[{"embeddable":true,"href":"https:\/\/vivalr.com\/pt\/wp-json\/wp\/v2\/media\/27119"}],"wp:attachment":[{"href":"https:\/\/vivalr.com\/pt\/wp-json\/wp\/v2\/media?parent=12158"}],"wp:term":[{"taxonomy":"product_brand","embeddable":true,"href":"https:\/\/vivalr.com\/pt\/wp-json\/wp\/v2\/product_brand?post=12158"},{"taxonomy":"product_cat","embeddable":true,"href":"https:\/\/vivalr.com\/pt\/wp-json\/wp\/v2\/product_cat?post=12158"},{"taxonomy":"product_tag","embeddable":true,"href":"https:\/\/vivalr.com\/pt\/wp-json\/wp\/v2\/product_tag?post=12158"}],"curies":[{"name":"wp","href":"https:\/\/api.w.org\/{rel}","templated":true}]}}