{"id":12160,"date":"2025-03-07T12:18:39","date_gmt":"2025-03-07T12:18:39","guid":{"rendered":"https:\/\/vivalr.com\/product\/12160.html"},"modified":"2025-03-07T12:44:37","modified_gmt":"2025-03-07T12:44:37","slug":"factory-supply-sorbitan-sesquioleate-cas-8007-43-0-with-best-price","status":"publish","type":"product","link":"https:\/\/vivalr.com\/pt\/product\/12160.html","title":{"rendered":"Fornecimento de f\u00e1brica Sesquioleato de sorbitano CAS 8007-43-0 com melhor pre\u00e7o"},"content":{"rendered":"<div>\n<h1>Fornecimento de f\u00e1brica Sesquioleato de sorbitano CAS 8007-43-0 Guia do utilizador do produto<\/h1>\n<h2>\u00cdndice<\/h2>\n<ul>\n<li><a href=\"#basic-info\">Informa\u00e7\u00f5es e par\u00e2metros b\u00e1sicos<\/a><\/li>\n<li><a href=\"#uses\">Utiliza\u00e7\u00f5es do produto<\/a><\/li>\n<li><a href=\"#usage\">Utiliza\u00e7\u00e3o do produto<\/a><\/li>\n<li><a href=\"#case-studies\">Estudos de casos de utiliza\u00e7\u00e3o de produtos<\/a><\/li>\n<li><a href=\"#contact\">Informa\u00e7\u00f5es de contacto<\/a><\/li>\n<\/ul>\n<h2 id=\"basic-info\">Informa\u00e7\u00f5es e par\u00e2metros b\u00e1sicos<\/h2>\n<p>Fornecimento de F\u00e1brica de Sesquioleato de Sorbitano com n\u00famero CAS 8007 - 43 - 0 \u00e9 um produto qu\u00edmico amplamente utilizado. \u00c9 um surfactante n\u00e3o i\u00f3nico derivado de sorbitol e \u00e1cido oleico. A f\u00f3rmula qu\u00edmica \u00e9 complexa e est\u00e1 relacionada \u00e0 rea\u00e7\u00e3o de esterifica\u00e7\u00e3o entre o sorbitano e o \u00e1cido oleico.<\/p>\n<p>Este produto apresenta-se normalmente como um l\u00edquido viscoso amarelo p\u00e1lido a \u00e2mbar. Tem um odor carater\u00edstico. Em termos de propriedades f\u00edsicas, tem um ponto de fus\u00e3o relativamente baixo e \u00e9 sol\u00favel em solventes org\u00e2nicos como o etanol e o tolueno, embora tenha uma solubilidade limitada em \u00e1gua. A gravidade espec\u00edfica do Sesquioleato de Sorbitano \u00e9 de cerca de 0,98 - 1,02 g\/cm\u00b3.<\/p>\n<p>A qualidade do nosso produto fornecido pela f\u00e1brica cumpre as normas rigorosas do sector. Asseguramos uma elevada pureza e estabilidade atrav\u00e9s de processos de fabrico avan\u00e7ados. O valor de acidez \u00e9 normalmente inferior a 10 mg KOH\/g, e o valor de saponifica\u00e7\u00e3o varia entre 160 - 175 mg KOH\/g.<\/p>\n<h2 id=\"uses\">Utiliza\u00e7\u00f5es do produto<\/h2>\n<p>Na ind\u00fastria cosm\u00e9tica, o Sesquioleato de Sorbitano \u00e9 normalmente utilizado como um emulsionante. Pode ajudar a combinar as fases de \u00f3leo e \u00e1gua em formula\u00e7\u00f5es cosm\u00e9ticas, como cremes, lo\u00e7\u00f5es e produtos de maquilhagem. Isto resulta numa textura suave e est\u00e1vel do produto final, evitando a separa\u00e7\u00e3o dos componentes de \u00f3leo e \u00e1gua ao longo do tempo. Tamb\u00e9m tem algumas propriedades hidratantes, que podem melhorar a sensa\u00e7\u00e3o de pele dos cosm\u00e9ticos.<\/p>\n<p>Na ind\u00fastria alimentar, serve como um agente emulsionante e um estabilizador. Pode ser utilizado na produ\u00e7\u00e3o de margarina, molhos para salada e outras emuls\u00f5es \u00f3leo - em - \u00e1gua ou \u00e1gua - em - \u00f3leo. Ao reduzir a tens\u00e3o superficial entre as got\u00edculas de \u00f3leo e \u00e1gua, ajuda a manter uma mistura homog\u00e9nea e a prolongar o prazo de validade dos produtos alimentares.<\/p>\n<p>Na ind\u00fastria de tintas e revestimentos, o Sesquioleato de Sorbitano pode ser usado como um dispersante. Ele ajuda a dispersar uniformemente pigmentos e cargas na matriz da tinta, melhorando a uniformidade da cor e a qualidade geral da pel\u00edcula da tinta.<\/p>\n<h2 id=\"usage\">Utiliza\u00e7\u00e3o do produto<\/h2>\n<p>Ao usar o Sesquioleato de Sorbitano como emulsificante em cosm\u00e9ticos, primeiro, aque\u00e7a as fases de \u00f3leo e \u00e1gua separadamente a uma temperatura apropriada, geralmente em torno de 70 - 80\u00b0C. Em seguida, adicione lentamente o Sesquioleato de Sorbitano \u00e0 fase de \u00f3leo sob agita\u00e7\u00e3o. Em seguida, verter gradualmente a fase oleosa na fase aquosa, agitando continuamente a alta velocidade. A quantidade de Sesquioleato de Sorbitano adicionada depende da formula\u00e7\u00e3o espec\u00edfica, normalmente variando de 1% - 5%.<\/p>\n<p>Na ind\u00fastria alimentar, pode ser adicionado diretamente \u00e0 mistura alimentar durante o processo de fabrico. Por exemplo, na produ\u00e7\u00e3o de molhos para saladas, pode ser adicionado juntamente com outros ingredientes, como vinagre, \u00f3leo e condimentos. A dosagem deve estar em conformidade com os regulamentos de seguran\u00e7a alimentar relevantes, normalmente dentro dos limites permitidos pelas autoridades alimentares locais.<\/p>\n<p>Na ind\u00fastria de tintas e revestimentos, pode ser adicionado \u00e0 formula\u00e7\u00e3o da tinta durante o processo de mistura. Recomenda-se adicion\u00e1-lo na fase inicial da dispers\u00e3o do pigmento para obter melhores resultados. A quantidade de adi\u00e7\u00e3o \u00e9 geralmente 0,5% - 2% do peso total da tinta.<\/p>\n<h2 id=\"case-studies\">Estudos de casos de utiliza\u00e7\u00e3o de produtos<\/h2>\n<p>Uma empresa de cosm\u00e9ticos estava a debater-se com a estabilidade da sua lo\u00e7\u00e3o hidratante. A lo\u00e7\u00e3o tinha a tend\u00eancia de se separar em camadas de \u00f3leo e \u00e1gua ap\u00f3s um curto per\u00edodo de armazenamento. Ao adicionar 3% Sorbitan Sesquioleate \u00e0 formula\u00e7\u00e3o, eles conseguiram resolver o problema. A lo\u00e7\u00e3o manteve-se est\u00e1vel durante mais de seis meses sem qualquer separa\u00e7\u00e3o vis\u00edvel. Os consumidores tamb\u00e9m referiram uma melhor sensa\u00e7\u00e3o na pele, uma vez que o produto era mais suave e mais f\u00e1cil de aplicar.<\/p>\n<p>Uma empresa de processamento de alimentos que produz margarina descobriu que o seu produto tinha uma tend\u00eancia para endurecer e tornar-se n\u00e3o homog\u00e9neo durante o armazenamento. Depois de incorporar o Sesquioleato de Sorbitano numa dosagem de 1,5%, a margarina manteve uma textura macia e uniforme. Isso n\u00e3o apenas melhorou a qualidade do produto, mas tamb\u00e9m aumentou a satisfa\u00e7\u00e3o do cliente.<\/p>\n<p>Um fabricante de tintas estava enfrentando problemas com a aglomera\u00e7\u00e3o de pigmentos em suas tintas \u00e0 base de \u00e1gua, resultando em uma distribui\u00e7\u00e3o desigual de cores. Ao adicionar 1% Sorbitan Sesquioleate durante o processo de dispers\u00e3o do pigmento, eles obtiveram uma melhoria significativa na dispers\u00e3o do pigmento. A tinta tinha uma cor mais uniforme, e a qualidade geral da pel\u00edcula de tinta foi melhorada.<\/p>\n<h2 id=\"contact\">Contacto<\/p>","protected":false},"excerpt":{"rendered":"<p>Factory Supply Sorbitan Sesquioleate CAS 8007-43-0 Product User Guide Table of Contents Basic Information and Parameters Product Uses Product Usage Product Use Case Studies Contact Information Basic Information and Parameters Factory Supply Sorbitan Sesquioleate with CAS number 8007 - 43 - 0 is a widely - used chemical product. It is a non - ionic [&hellip;]<\/p>","protected":false},"featured_media":27120,"comment_status":"closed","ping_status":"open","template":"","meta":[],"product_brand":[],"product_cat":[15],"product_tag":[],"class_list":{"0":"post-12160","1":"product","2":"type-product","3":"status-publish","4":"has-post-thumbnail","6":"product_cat-uncategorized","8":"first","9":"instock","10":"product-type-simple"},"yoast_head":"<!-- This site is optimized with the Yoast SEO Premium plugin v24.4 (Yoast SEO v25.0) - https:\/\/yoast.com\/wordpress\/plugins\/seo\/ -->\n<title>Factory Supply Sorbitan Sesquioleate CAS 8007-43-0 With Best Price - Welcome to VIVALR- Your Trusted Source for Chemical Raw Materials\uff01<\/title>\n<meta name=\"robots\" content=\"index, follow, max-snippet:-1, max-image-preview:large, max-video-preview:-1\" \/>\n<link rel=\"canonical\" href=\"https:\/\/vivalr.com\/pt\/product\/12160.html\" \/>\n<meta property=\"og:locale\" content=\"pt_PT\" \/>\n<meta property=\"og:type\" content=\"article\" \/>\n<meta property=\"og:title\" content=\"Factory Supply Sorbitan Sesquioleate CAS 8007-43-0 With Best Price\" \/>\n<meta property=\"og:description\" content=\"Factory Supply Sorbitan Sesquioleate CAS 8007-43-0 Product User Guide Table of Contents Basic Information and Parameters Product Uses Product Usage Product Use Case Studies Contact Information Basic Information and Parameters Factory Supply Sorbitan Sesquioleate with CAS number 8007 - 43 - 0 is a widely - used chemical product. It is a non - ionic [&hellip;]\" \/>\n<meta property=\"og:url\" content=\"https:\/\/vivalr.com\/pt\/product\/12160.html\" \/>\n<meta property=\"og:site_name\" content=\"Welcome to VIVALR- Your Trusted Source for Chemical Raw Materials\uff01\" \/>\n<meta property=\"article:modified_time\" content=\"2025-03-07T12:44:37+00:00\" \/>\n<meta property=\"og:image\" content=\"https:\/\/vivalr.com\/wp-content\/uploads\/2025\/03\/Sorbitan-Sesquioleate-CAS-8007-43-0-3.jpg\" \/>\n\t<meta property=\"og:image:width\" content=\"350\" \/>\n\t<meta property=\"og:image:height\" content=\"350\" \/>\n\t<meta property=\"og:image:type\" content=\"image\/jpeg\" \/>\n<meta name=\"twitter:card\" content=\"summary_large_image\" \/>\n<meta name=\"twitter:label1\" content=\"Tempo estimado de leitura\" \/>\n\t<meta name=\"twitter:data1\" content=\"4 minutos\" \/>\n<script type=\"application\/ld+json\" class=\"yoast-schema-graph\">{\"@context\":\"https:\/\/schema.org\",\"@graph\":[{\"@type\":\"WebPage\",\"@id\":\"https:\/\/vivalr.com\/product\/12160.html\",\"url\":\"https:\/\/vivalr.com\/product\/12160.html\",\"name\":\"Factory Supply Sorbitan Sesquioleate CAS 8007-43-0 With Best Price - Welcome to VIVALR- Your Trusted Source for Chemical Raw Materials\uff01\",\"isPartOf\":{\"@id\":\"https:\/\/vivalr.com\/#website\"},\"primaryImageOfPage\":{\"@id\":\"https:\/\/vivalr.com\/product\/12160.html#primaryimage\"},\"image\":{\"@id\":\"https:\/\/vivalr.com\/product\/12160.html#primaryimage\"},\"thumbnailUrl\":\"https:\/\/vivalr.com\/wp-content\/uploads\/2025\/03\/Sorbitan-Sesquioleate-CAS-8007-43-0-3.jpg\",\"datePublished\":\"2025-03-07T12:18:39+00:00\",\"dateModified\":\"2025-03-07T12:44:37+00:00\",\"breadcrumb\":{\"@id\":\"https:\/\/vivalr.com\/product\/12160.html#breadcrumb\"},\"inLanguage\":\"pt-PT\",\"potentialAction\":[{\"@type\":\"ReadAction\",\"target\":[\"https:\/\/vivalr.com\/product\/12160.html\"]}]},{\"@type\":\"ImageObject\",\"inLanguage\":\"pt-PT\",\"@id\":\"https:\/\/vivalr.com\/product\/12160.html#primaryimage\",\"url\":\"https:\/\/vivalr.com\/wp-content\/uploads\/2025\/03\/Sorbitan-Sesquioleate-CAS-8007-43-0-3.jpg\",\"contentUrl\":\"https:\/\/vivalr.com\/wp-content\/uploads\/2025\/03\/Sorbitan-Sesquioleate-CAS-8007-43-0-3.jpg\",\"width\":350,\"height\":350},{\"@type\":\"BreadcrumbList\",\"@id\":\"https:\/\/vivalr.com\/product\/12160.html#breadcrumb\",\"itemListElement\":[{\"@type\":\"ListItem\",\"position\":1,\"name\":\"Home\",\"item\":\"https:\/\/vivalr.com\/\"},{\"@type\":\"ListItem\",\"position\":2,\"name\":\"Shop\",\"item\":\"https:\/\/vivalr.com\/shop\/\"},{\"@type\":\"ListItem\",\"position\":3,\"name\":\"Factory Supply Sorbitan Sesquioleate CAS 8007-43-0 With Best Price\"}]},{\"@type\":\"WebSite\",\"@id\":\"https:\/\/vivalr.com\/#website\",\"url\":\"https:\/\/vivalr.com\/\",\"name\":\"Welcome to VIVALR- Your Trusted Source for Chemical Raw Materials\uff01\",\"description\":\"Discover a wide range of high-quality chemical raw materials to meet your industrial needs. Our commitment to excellence ensures that you get the best products and services.\",\"potentialAction\":[{\"@type\":\"SearchAction\",\"target\":{\"@type\":\"EntryPoint\",\"urlTemplate\":\"https:\/\/vivalr.com\/?s={search_term_string}\"},\"query-input\":{\"@type\":\"PropertyValueSpecification\",\"valueRequired\":true,\"valueName\":\"search_term_string\"}}],\"inLanguage\":\"pt-PT\"}]}<\/script>\n<!-- \/ Yoast SEO Premium plugin. -->","yoast_head_json":{"title":"Fornecimento de f\u00e1brica Sesquioleato de sorbitano CAS 8007-43-0 com melhor pre\u00e7o - Bem-vindo ao VIVALR- Sua fonte confi\u00e1vel de mat\u00e9rias-primas qu\u00edmicas\uff01","robots":{"index":"index","follow":"follow","max-snippet":"max-snippet:-1","max-image-preview":"max-image-preview:large","max-video-preview":"max-video-preview:-1"},"canonical":"https:\/\/vivalr.com\/pt\/product\/12160.html","og_locale":"pt_PT","og_type":"article","og_title":"Factory Supply Sorbitan Sesquioleate CAS 8007-43-0 With Best Price","og_description":"Factory Supply Sorbitan Sesquioleate CAS 8007-43-0 Product User Guide Table of Contents Basic Information and Parameters Product Uses Product Usage Product Use Case Studies Contact Information Basic Information and Parameters Factory Supply Sorbitan Sesquioleate with CAS number 8007 - 43 - 0 is a widely - used chemical product. It is a non - ionic [&hellip;]","og_url":"https:\/\/vivalr.com\/pt\/product\/12160.html","og_site_name":"Welcome to VIVALR- Your Trusted Source for Chemical Raw Materials\uff01","article_modified_time":"2025-03-07T12:44:37+00:00","og_image":[{"width":350,"height":350,"url":"https:\/\/vivalr.com\/wp-content\/uploads\/2025\/03\/Sorbitan-Sesquioleate-CAS-8007-43-0-3.jpg","type":"image\/jpeg"}],"twitter_card":"summary_large_image","twitter_misc":{"Tempo estimado de leitura":"4 minutos"},"schema":{"@context":"https:\/\/schema.org","@graph":[{"@type":"WebPage","@id":"https:\/\/vivalr.com\/product\/12160.html","url":"https:\/\/vivalr.com\/product\/12160.html","name":"Fornecimento de f\u00e1brica Sesquioleato de sorbitano CAS 8007-43-0 com melhor pre\u00e7o - Bem-vindo ao VIVALR- Sua fonte confi\u00e1vel de mat\u00e9rias-primas qu\u00edmicas\uff01","isPartOf":{"@id":"https:\/\/vivalr.com\/#website"},"primaryImageOfPage":{"@id":"https:\/\/vivalr.com\/product\/12160.html#primaryimage"},"image":{"@id":"https:\/\/vivalr.com\/product\/12160.html#primaryimage"},"thumbnailUrl":"https:\/\/vivalr.com\/wp-content\/uploads\/2025\/03\/Sorbitan-Sesquioleate-CAS-8007-43-0-3.jpg","datePublished":"2025-03-07T12:18:39+00:00","dateModified":"2025-03-07T12:44:37+00:00","breadcrumb":{"@id":"https:\/\/vivalr.com\/product\/12160.html#breadcrumb"},"inLanguage":"pt-PT","potentialAction":[{"@type":"ReadAction","target":["https:\/\/vivalr.com\/product\/12160.html"]}]},{"@type":"ImageObject","inLanguage":"pt-PT","@id":"https:\/\/vivalr.com\/product\/12160.html#primaryimage","url":"https:\/\/vivalr.com\/wp-content\/uploads\/2025\/03\/Sorbitan-Sesquioleate-CAS-8007-43-0-3.jpg","contentUrl":"https:\/\/vivalr.com\/wp-content\/uploads\/2025\/03\/Sorbitan-Sesquioleate-CAS-8007-43-0-3.jpg","width":350,"height":350},{"@type":"BreadcrumbList","@id":"https:\/\/vivalr.com\/product\/12160.html#breadcrumb","itemListElement":[{"@type":"ListItem","position":1,"name":"Home","item":"https:\/\/vivalr.com\/"},{"@type":"ListItem","position":2,"name":"Shop","item":"https:\/\/vivalr.com\/shop\/"},{"@type":"ListItem","position":3,"name":"Factory Supply Sorbitan Sesquioleate CAS 8007-43-0 With Best Price"}]},{"@type":"WebSite","@id":"https:\/\/vivalr.com\/#website","url":"https:\/\/vivalr.com\/","name":"Bem-vindo ao VIVALR- Sua fonte confi\u00e1vel de mat\u00e9rias-primas qu\u00edmicas\uff01","description":"Descubra uma vasta gama de mat\u00e9rias-primas qu\u00edmicas de alta qualidade para satisfazer as suas necessidades industriais. O nosso compromisso com a excel\u00eancia garante-lhe os melhores produtos e servi\u00e7os.","potentialAction":[{"@type":"SearchAction","target":{"@type":"EntryPoint","urlTemplate":"https:\/\/vivalr.com\/?s={search_term_string}"},"query-input":{"@type":"PropertyValueSpecification","valueRequired":true,"valueName":"search_term_string"}}],"inLanguage":"pt-PT"}]}},"_links":{"self":[{"href":"https:\/\/vivalr.com\/pt\/wp-json\/wp\/v2\/product\/12160","targetHints":{"allow":["GET"]}}],"collection":[{"href":"https:\/\/vivalr.com\/pt\/wp-json\/wp\/v2\/product"}],"about":[{"href":"https:\/\/vivalr.com\/pt\/wp-json\/wp\/v2\/types\/product"}],"replies":[{"embeddable":true,"href":"https:\/\/vivalr.com\/pt\/wp-json\/wp\/v2\/comments?post=12160"}],"wp:featuredmedia":[{"embeddable":true,"href":"https:\/\/vivalr.com\/pt\/wp-json\/wp\/v2\/media\/27120"}],"wp:attachment":[{"href":"https:\/\/vivalr.com\/pt\/wp-json\/wp\/v2\/media?parent=12160"}],"wp:term":[{"taxonomy":"product_brand","embeddable":true,"href":"https:\/\/vivalr.com\/pt\/wp-json\/wp\/v2\/product_brand?post=12160"},{"taxonomy":"product_cat","embeddable":true,"href":"https:\/\/vivalr.com\/pt\/wp-json\/wp\/v2\/product_cat?post=12160"},{"taxonomy":"product_tag","embeddable":true,"href":"https:\/\/vivalr.com\/pt\/wp-json\/wp\/v2\/product_tag?post=12160"}],"curies":[{"name":"wp","href":"https:\/\/api.w.org\/{rel}","templated":true}]}}