{"id":12164,"date":"2025-03-07T12:18:39","date_gmt":"2025-03-07T12:18:39","guid":{"rendered":"https:\/\/vivalr.com\/product\/12164.html"},"modified":"2025-03-07T12:44:37","modified_gmt":"2025-03-07T12:44:37","slug":"factory-supply-benzalkonium-chloride-cas-85409-22-9-with-best-price","status":"publish","type":"product","link":"https:\/\/vivalr.com\/pt\/product\/12164.html","title":{"rendered":"Fornecimento de f\u00e1brica cloreto de benzalc\u00f3nio cas 85409-22-9 com melhor pre\u00e7o"},"content":{"rendered":"<h1>Guia do usu\u00e1rio para cloreto de benzalc\u00f4nio de fornecimento de f\u00e1brica cas 85409 - 22 - 9 com melhor pre\u00e7o<\/h1>\n<h2>\u00cdndice<\/h2>\n<ul>\n<li><a href=\"#basic_info\">1. Informa\u00e7\u00f5es e par\u00e2metros de base<\/a><\/li>\n<li><a href=\"#uses\">2. Utiliza\u00e7\u00f5es do produto<\/a><\/li>\n<li><a href=\"#usage\">3. Como utilizar o produto<\/a><\/li>\n<li><a href=\"#case_studies\">4. Estudos de casos de utiliza\u00e7\u00e3o pormenorizados<\/a><\/li>\n<li><a href=\"#contact\">5. Informa\u00e7\u00f5es de contacto<\/a><\/li>\n<\/ul>\n<h2 id=\"basic_info\">1. Informa\u00e7\u00f5es e par\u00e2metros de base<\/h2>\n<p>O produto que estamos a apresentar \u00e9 o cloreto de benzalc\u00f3nio de fornecimento de f\u00e1brica com o n\u00famero CAS 85409 - 22 - 9. O cloreto de benzalc\u00f3nio \u00e9 um composto de am\u00f3nio quatern\u00e1rio, que existe na forma de um s\u00f3lido ou gel ceroso branco ou amarelo - branco. \u00c9 inodoro ou tem um ligeiro odor carater\u00edstico.<\/p>\n<p>\u00c9 sol\u00favel em \u00e1gua, \u00e1lcool e acetona. A f\u00f3rmula molecular do cloreto de benzalc\u00f3nio \u00e9 C\u2086H\u2085CH\u2082N(CH\u2083)\u2082R\u207aCl- (onde R representa uma mistura de grupos alquilo). Sua pureza geralmente pode atingir um n\u00edvel alto, muitas vezes acima de 98% em nosso fornecimento de f\u00e1brica, garantindo alta qualidade e desempenho est\u00e1vel.<\/p>\n<h2 id=\"uses\">2. Utiliza\u00e7\u00f5es do produto<\/h2>\n<p>O cloreto de benzalc\u00f3nio tem uma vasta gama de aplica\u00e7\u00f5es. Na \u00e1rea m\u00e9dica, \u00e9 normalmente utilizado como desinfetante e antiss\u00e9tico. Pode matar eficazmente uma variedade de bact\u00e9rias, fungos e alguns v\u00edrus, pelo que \u00e9 amplamente utilizado na desinfe\u00e7\u00e3o de instrumentos cir\u00fargicos, na desinfe\u00e7\u00e3o da pele antes das opera\u00e7\u00f5es e na desinfe\u00e7\u00e3o de ambientes m\u00e9dicos.<\/p>\n<p>Na ind\u00fastria qu\u00edmica de uso di\u00e1rio, \u00e9 adicionado a alguns produtos de higiene pessoal, tais como champ\u00f4s, lavagens corporais e desinfectantes para as m\u00e3os, devido \u00e0s suas propriedades antibacterianas e anti-s\u00e9pticas. Pode ajudar a manter a qualidade e a seguran\u00e7a destes produtos durante o armazenamento e a utiliza\u00e7\u00e3o.<\/p>\n<p>No dom\u00ednio industrial, o cloreto de benzalc\u00f3nio pode ser utilizado como inibidor de corros\u00e3o em sistemas de tratamento de \u00e1gua para evitar o crescimento de microrganismos e a corros\u00e3o de tubagens e equipamento.<\/p>\n<h2 id=\"usage\">3. Como utilizar o produto<\/h2>\n<p>Quando se utiliza o cloreto de benzalc\u00f3nio como desinfetante, \u00e9 necess\u00e1rio preparar uma concentra\u00e7\u00e3o adequada de acordo com a aplica\u00e7\u00e3o espec\u00edfica. Para a desinfe\u00e7\u00e3o geral de superf\u00edcies, pode ser utilizada uma solu\u00e7\u00e3o com uma concentra\u00e7\u00e3o de 0,1% - 0,5%. Primeiro, medir a quantidade adequada de cloreto de benzalc\u00f3nio em p\u00f3 ou solu\u00e7\u00e3o concentrada e, em seguida, dissolv\u00ea-la em \u00e1gua. Agitar bem para garantir uma distribui\u00e7\u00e3o uniforme.<\/p>\n<p>Quando se utiliza para a desinfe\u00e7\u00e3o da pele, \u00e9 frequentemente utilizada uma solu\u00e7\u00e3o de menor concentra\u00e7\u00e3o (normalmente 0,05% - 0,1%). Mergulhar a \u00e1rea da pele a ser desinfectada na solu\u00e7\u00e3o durante um per\u00edodo de tempo adequado, normalmente 3 a 5 minutos, e depois enxaguar com \u00e1gua limpa, se necess\u00e1rio.<\/p>\n<h2 id=\"case_studies\">4. Estudos de casos de utiliza\u00e7\u00e3o pormenorizados<\/h2>\n<p>Caso 1: Um hospital local utilizou o nosso cloreto de benzalc\u00f3nio para a desinfe\u00e7\u00e3o de instrumentos cir\u00fargicos. Prepararam uma solu\u00e7\u00e3o 0,2% e mergulharam os instrumentos nela durante 30 minutos. Ap\u00f3s o processo de desinfe\u00e7\u00e3o, o teste microbiol\u00f3gico mostrou que o n\u00famero de microrganismos nos instrumentos foi significativamente reduzido, cumprindo as normas de desinfe\u00e7\u00e3o do hospital e prevenindo eficazmente a ocorr\u00eancia de infec\u00e7\u00f5es no local da cirurgia.<\/p>\n<p>Caso 2: Um fabricante de champ\u00f4s adicionou cloreto de benzalc\u00f3nio \u00e0 formula\u00e7\u00e3o do seu novo produto a uma concentra\u00e7\u00e3o de 0,05%. Durante um teste de armazenamento de 6 meses, o produto permaneceu livre de contamina\u00e7\u00e3o microbiana, mantendo a sua qualidade e desempenho originais, e recebendo feedback positivo dos consumidores.<\/p>\n<h2 id=\"contact\">5. Informa\u00e7\u00f5es de contacto<\/h2>\n<p>Se voc\u00ea tiver alguma d\u00favida ou necessidade em rela\u00e7\u00e3o ao nosso cloreto de benzalc\u00f3nio de fornecimento de f\u00e1brica cas 85409 - 22 - 9, n\u00e3o hesite em contactar-nos. Nosso endere\u00e7o de e-mail \u00e9 info@vivalr.com, e nosso n\u00famero de telefone \u00e9 (86) 15866781826.<\/p>","protected":false},"excerpt":{"rendered":"<p>User Guide for Factory Supply benzalkonium chloride cas 85409 - 22 - 9 With Best Price Table of Contents 1. Basic Information and Parameters 2. Uses of the Product 3. How to Use the Product 4. Detailed Usage Case Studies 5. Contact Information 1. Basic Information and Parameters The product we are introducing is Factory [&hellip;]<\/p>","protected":false},"featured_media":27122,"comment_status":"closed","ping_status":"open","template":"","meta":[],"product_brand":[],"product_cat":[15],"product_tag":[],"class_list":{"0":"post-12164","1":"product","2":"type-product","3":"status-publish","4":"has-post-thumbnail","6":"product_cat-uncategorized","8":"first","9":"instock","10":"product-type-simple"},"yoast_head":"<!-- This site is optimized with the Yoast SEO Premium plugin v24.4 (Yoast SEO v27.4) - https:\/\/yoast.com\/product\/yoast-seo-premium-wordpress\/ -->\n<title>Factory Supply benzalkonium chloride cas 85409-22-9 With Best Price - Welcome to VIVALR- Your Trusted Source for Chemical Raw Materials\uff01<\/title>\n<meta name=\"robots\" content=\"index, follow, max-snippet:-1, max-image-preview:large, max-video-preview:-1\" \/>\n<link rel=\"canonical\" href=\"https:\/\/vivalr.com\/pt\/product\/12164.html\" \/>\n<meta property=\"og:locale\" content=\"pt_PT\" \/>\n<meta property=\"og:type\" content=\"article\" \/>\n<meta property=\"og:title\" content=\"Factory Supply benzalkonium chloride cas 85409-22-9 With Best Price\" \/>\n<meta property=\"og:description\" content=\"User Guide for Factory Supply benzalkonium chloride cas 85409 - 22 - 9 With Best Price Table of Contents 1. Basic Information and Parameters 2. Uses of the Product 3. How to Use the Product 4. Detailed Usage Case Studies 5. Contact Information 1. Basic Information and Parameters The product we are introducing is Factory [&hellip;]\" \/>\n<meta property=\"og:url\" content=\"https:\/\/vivalr.com\/pt\/product\/12164.html\" \/>\n<meta property=\"og:site_name\" content=\"Welcome to VIVALR- Your Trusted Source for Chemical Raw Materials\uff01\" \/>\n<meta property=\"article:modified_time\" content=\"2025-03-07T12:44:37+00:00\" \/>\n<meta property=\"og:image\" content=\"https:\/\/vivalr.com\/wp-content\/uploads\/2025\/03\/benzalkonium-chloride-cas-85409-22-9.jpg\" \/>\n\t<meta property=\"og:image:width\" content=\"600\" \/>\n\t<meta property=\"og:image:height\" content=\"654\" \/>\n\t<meta property=\"og:image:type\" content=\"image\/jpeg\" \/>\n<meta name=\"twitter:card\" content=\"summary_large_image\" \/>\n<meta name=\"twitter:label1\" content=\"Tempo estimado de leitura\" \/>\n\t<meta name=\"twitter:data1\" content=\"3 minutos\" \/>\n<script type=\"application\/ld+json\" class=\"yoast-schema-graph\">{\"@context\":\"https:\\\/\\\/schema.org\",\"@graph\":[{\"@type\":\"WebPage\",\"@id\":\"https:\\\/\\\/vivalr.com\\\/product\\\/12164.html\",\"url\":\"https:\\\/\\\/vivalr.com\\\/product\\\/12164.html\",\"name\":\"Factory Supply benzalkonium chloride cas 85409-22-9 With Best Price - Welcome to VIVALR- Your Trusted Source for Chemical Raw Materials\uff01\",\"isPartOf\":{\"@id\":\"https:\\\/\\\/vivalr.com\\\/#website\"},\"primaryImageOfPage\":{\"@id\":\"https:\\\/\\\/vivalr.com\\\/product\\\/12164.html#primaryimage\"},\"image\":{\"@id\":\"https:\\\/\\\/vivalr.com\\\/product\\\/12164.html#primaryimage\"},\"thumbnailUrl\":\"https:\\\/\\\/vivalr.com\\\/wp-content\\\/uploads\\\/2025\\\/03\\\/benzalkonium-chloride-cas-85409-22-9.jpg\",\"datePublished\":\"2025-03-07T12:18:39+00:00\",\"dateModified\":\"2025-03-07T12:44:37+00:00\",\"breadcrumb\":{\"@id\":\"https:\\\/\\\/vivalr.com\\\/product\\\/12164.html#breadcrumb\"},\"inLanguage\":\"pt-PT\",\"potentialAction\":[{\"@type\":\"ReadAction\",\"target\":[\"https:\\\/\\\/vivalr.com\\\/product\\\/12164.html\"]}]},{\"@type\":\"ImageObject\",\"inLanguage\":\"pt-PT\",\"@id\":\"https:\\\/\\\/vivalr.com\\\/product\\\/12164.html#primaryimage\",\"url\":\"https:\\\/\\\/vivalr.com\\\/wp-content\\\/uploads\\\/2025\\\/03\\\/benzalkonium-chloride-cas-85409-22-9.jpg\",\"contentUrl\":\"https:\\\/\\\/vivalr.com\\\/wp-content\\\/uploads\\\/2025\\\/03\\\/benzalkonium-chloride-cas-85409-22-9.jpg\",\"width\":600,\"height\":654},{\"@type\":\"BreadcrumbList\",\"@id\":\"https:\\\/\\\/vivalr.com\\\/product\\\/12164.html#breadcrumb\",\"itemListElement\":[{\"@type\":\"ListItem\",\"position\":1,\"name\":\"Home\",\"item\":\"https:\\\/\\\/vivalr.com\\\/\"},{\"@type\":\"ListItem\",\"position\":2,\"name\":\"Shop\",\"item\":\"https:\\\/\\\/vivalr.com\\\/shop\\\/\"},{\"@type\":\"ListItem\",\"position\":3,\"name\":\"Factory Supply benzalkonium chloride cas 85409-22-9 With Best Price\"}]},{\"@type\":\"WebSite\",\"@id\":\"https:\\\/\\\/vivalr.com\\\/#website\",\"url\":\"https:\\\/\\\/vivalr.com\\\/\",\"name\":\"Welcome to VIVALR- Your Trusted Source for Chemical Raw Materials\uff01\",\"description\":\"Discover a wide range of high-quality chemical raw materials to meet your industrial needs. Our commitment to excellence ensures that you get the best products and services.\",\"potentialAction\":[{\"@type\":\"SearchAction\",\"target\":{\"@type\":\"EntryPoint\",\"urlTemplate\":\"https:\\\/\\\/vivalr.com\\\/?s={search_term_string}\"},\"query-input\":{\"@type\":\"PropertyValueSpecification\",\"valueRequired\":true,\"valueName\":\"search_term_string\"}}],\"inLanguage\":\"pt-PT\"}]}<\/script>\n<!-- \/ Yoast SEO Premium plugin. -->","yoast_head_json":{"title":"Fornecimento de f\u00e1brica de cloreto de benzalc\u00f4nio cas 85409-22-9 com melhor pre\u00e7o - Bem-vindo ao VIVALR- Sua fonte confi\u00e1vel de mat\u00e9rias-primas qu\u00edmicas\uff01","robots":{"index":"index","follow":"follow","max-snippet":"max-snippet:-1","max-image-preview":"max-image-preview:large","max-video-preview":"max-video-preview:-1"},"canonical":"https:\/\/vivalr.com\/pt\/product\/12164.html","og_locale":"pt_PT","og_type":"article","og_title":"Factory Supply benzalkonium chloride cas 85409-22-9 With Best Price","og_description":"User Guide for Factory Supply benzalkonium chloride cas 85409 - 22 - 9 With Best Price Table of Contents 1. Basic Information and Parameters 2. Uses of the Product 3. How to Use the Product 4. Detailed Usage Case Studies 5. Contact Information 1. Basic Information and Parameters The product we are introducing is Factory [&hellip;]","og_url":"https:\/\/vivalr.com\/pt\/product\/12164.html","og_site_name":"Welcome to VIVALR- Your Trusted Source for Chemical Raw Materials\uff01","article_modified_time":"2025-03-07T12:44:37+00:00","og_image":[{"width":600,"height":654,"url":"https:\/\/vivalr.com\/wp-content\/uploads\/2025\/03\/benzalkonium-chloride-cas-85409-22-9.jpg","type":"image\/jpeg"}],"twitter_card":"summary_large_image","twitter_misc":{"Tempo estimado de leitura":"3 minutos"},"schema":{"@context":"https:\/\/schema.org","@graph":[{"@type":"WebPage","@id":"https:\/\/vivalr.com\/product\/12164.html","url":"https:\/\/vivalr.com\/product\/12164.html","name":"Fornecimento de f\u00e1brica de cloreto de benzalc\u00f4nio cas 85409-22-9 com melhor pre\u00e7o - Bem-vindo ao VIVALR- Sua fonte confi\u00e1vel de mat\u00e9rias-primas qu\u00edmicas\uff01","isPartOf":{"@id":"https:\/\/vivalr.com\/#website"},"primaryImageOfPage":{"@id":"https:\/\/vivalr.com\/product\/12164.html#primaryimage"},"image":{"@id":"https:\/\/vivalr.com\/product\/12164.html#primaryimage"},"thumbnailUrl":"https:\/\/vivalr.com\/wp-content\/uploads\/2025\/03\/benzalkonium-chloride-cas-85409-22-9.jpg","datePublished":"2025-03-07T12:18:39+00:00","dateModified":"2025-03-07T12:44:37+00:00","breadcrumb":{"@id":"https:\/\/vivalr.com\/product\/12164.html#breadcrumb"},"inLanguage":"pt-PT","potentialAction":[{"@type":"ReadAction","target":["https:\/\/vivalr.com\/product\/12164.html"]}]},{"@type":"ImageObject","inLanguage":"pt-PT","@id":"https:\/\/vivalr.com\/product\/12164.html#primaryimage","url":"https:\/\/vivalr.com\/wp-content\/uploads\/2025\/03\/benzalkonium-chloride-cas-85409-22-9.jpg","contentUrl":"https:\/\/vivalr.com\/wp-content\/uploads\/2025\/03\/benzalkonium-chloride-cas-85409-22-9.jpg","width":600,"height":654},{"@type":"BreadcrumbList","@id":"https:\/\/vivalr.com\/product\/12164.html#breadcrumb","itemListElement":[{"@type":"ListItem","position":1,"name":"Home","item":"https:\/\/vivalr.com\/"},{"@type":"ListItem","position":2,"name":"Shop","item":"https:\/\/vivalr.com\/shop\/"},{"@type":"ListItem","position":3,"name":"Factory Supply benzalkonium chloride cas 85409-22-9 With Best Price"}]},{"@type":"WebSite","@id":"https:\/\/vivalr.com\/#website","url":"https:\/\/vivalr.com\/","name":"Bem-vindo ao VIVALR- Sua fonte confi\u00e1vel de mat\u00e9rias-primas qu\u00edmicas\uff01","description":"Descubra uma vasta gama de mat\u00e9rias-primas qu\u00edmicas de alta qualidade para satisfazer as suas necessidades industriais. O nosso compromisso com a excel\u00eancia garante-lhe os melhores produtos e servi\u00e7os.","potentialAction":[{"@type":"SearchAction","target":{"@type":"EntryPoint","urlTemplate":"https:\/\/vivalr.com\/?s={search_term_string}"},"query-input":{"@type":"PropertyValueSpecification","valueRequired":true,"valueName":"search_term_string"}}],"inLanguage":"pt-PT"}]}},"_links":{"self":[{"href":"https:\/\/vivalr.com\/pt\/wp-json\/wp\/v2\/product\/12164","targetHints":{"allow":["GET"]}}],"collection":[{"href":"https:\/\/vivalr.com\/pt\/wp-json\/wp\/v2\/product"}],"about":[{"href":"https:\/\/vivalr.com\/pt\/wp-json\/wp\/v2\/types\/product"}],"replies":[{"embeddable":true,"href":"https:\/\/vivalr.com\/pt\/wp-json\/wp\/v2\/comments?post=12164"}],"wp:featuredmedia":[{"embeddable":true,"href":"https:\/\/vivalr.com\/pt\/wp-json\/wp\/v2\/media\/27122"}],"wp:attachment":[{"href":"https:\/\/vivalr.com\/pt\/wp-json\/wp\/v2\/media?parent=12164"}],"wp:term":[{"taxonomy":"product_brand","embeddable":true,"href":"https:\/\/vivalr.com\/pt\/wp-json\/wp\/v2\/product_brand?post=12164"},{"taxonomy":"product_cat","embeddable":true,"href":"https:\/\/vivalr.com\/pt\/wp-json\/wp\/v2\/product_cat?post=12164"},{"taxonomy":"product_tag","embeddable":true,"href":"https:\/\/vivalr.com\/pt\/wp-json\/wp\/v2\/product_tag?post=12164"}],"curies":[{"name":"wp","href":"https:\/\/api.w.org\/{rel}","templated":true}]}}