{"id":12166,"date":"2025-03-07T12:18:39","date_gmt":"2025-03-07T12:18:39","guid":{"rendered":"https:\/\/vivalr.com\/product\/12166.html"},"modified":"2025-03-07T12:44:38","modified_gmt":"2025-03-07T12:44:38","slug":"factory-supply-hesperidin-cas-520-26-3-with-best-price","status":"publish","type":"product","link":"https:\/\/vivalr.com\/pt\/product\/12166.html","title":{"rendered":"Fornecimento de f\u00e1brica Hesperidina cas 520-26-3 com melhor pre\u00e7o"},"content":{"rendered":"<h1>Guia do utilizador: Fornecimento de f\u00e1brica Hesperidin cas 520-26-3 com melhor pre\u00e7o<\/h1>\n<h2>\u00cdndice<\/h2>\n<ul>\n<li><a href=\"#basic_info\">Informa\u00e7\u00f5es e par\u00e2metros b\u00e1sicos<\/a><\/li>\n<li><a href=\"#uses\">Utiliza\u00e7\u00f5es da Hesperidina<\/a><\/li>\n<li><a href=\"#usage\">Como utilizar o Hesperidin<\/a><\/li>\n<li><a href=\"#case_studies\">Estudos de casos de utiliza\u00e7\u00e3o<\/a><\/li>\n<li><a href=\"#contact\">Informa\u00e7\u00f5es de contacto<\/a><\/li>\n<\/ul>\n<h2 id=\"basic_info\">Informa\u00e7\u00f5es e par\u00e2metros b\u00e1sicos<\/h2>\n<p>A hesperidina, com o n\u00famero CAS 520 - 26 - 3, \u00e9 um glicos\u00eddeo de flavanona presente em citrinos como laranjas, lim\u00f5es e toranjas. Quimicamente, \u00e9 constitu\u00edda pela flavanona hesperetina ligada a um dissac\u00e1rido rutinose. A sua f\u00f3rmula molecular \u00e9 C\u2082\u2088H\u2083\u2084O\u2081\u2085, e o seu peso molecular \u00e9 de aproximadamente 610,56 g\/mol. A hesperidina aparece como um p\u00f3 amarelado - branco a amarelo claro em condi\u00e7\u00f5es normais. Tem relativamente baixa solubilidade em \u00e1gua, mas pode dissolver-se melhor em alguns solventes org\u00e2nicos, como metanol e etanol. A nossa f\u00e1brica fornece hesperidina de alta qualidade com um controlo de qualidade rigoroso, garantindo um produto de alta pureza que cumpre as normas da ind\u00fastria.<\/p>\n<h2 id=\"uses\">Utiliza\u00e7\u00f5es da Hesperidina<\/h2>\n<p>1. **Sa\u00fade e bem-estar**: A hesperidina tem uma variedade de benef\u00edcios para a sa\u00fade. Possui propriedades antioxidantes, que podem ajudar a proteger as c\u00e9lulas dos danos causados pelos radicais livres. Isto pode contribuir para reduzir o risco de doen\u00e7as cr\u00f3nicas, como as doen\u00e7as card\u00edacas e certos tipos de cancro. Tamb\u00e9m tem efeitos anti-inflamat\u00f3rios, que podem ser ben\u00e9ficos para reduzir a inflama\u00e7\u00e3o no corpo, especialmente em condi\u00e7\u00f5es como a artrite. Al\u00e9m disso, a hesperidina pode apoiar a sa\u00fade dos vasos sangu\u00edneos, fortalecendo as paredes capilares, melhorando a circula\u00e7\u00e3o sangu\u00ednea e reduzindo o risco de varizes e edema.<br \/>\n  2. **Cosm\u00e9tica**: Na ind\u00fastria cosm\u00e9tica, a hesperidina \u00e9 utilizada pelas suas propriedades antioxidantes e anti-envelhecimento. Pode ajudar a proteger a pele do stress oxidativo, reduzir o aparecimento de linhas finas e rugas, e melhorar a firmeza e elasticidade da pele. \u00c9 frequentemente incorporada em produtos de cuidados da pele, como cremes, lo\u00e7\u00f5es e s\u00e9runs.<br \/>\n  3. **Alimentos e bebidas**: Como composto natural, a hesperidina pode ser utilizada como aditivo alimentar. Pode ser adicionada a bebidas, alimentos funcionais e suplementos diet\u00e9ticos para aumentar o seu valor nutricional e propriedades promotoras de sa\u00fade.<\/p>\n<h2 id=\"usage\">Como utilizar o Hesperidin<\/h2>\n<p>1. **Consumo oral**: Para efeitos de promo\u00e7\u00e3o da sa\u00fade, a hesperidina pode ser tomada por via oral sob a forma de suplementos diet\u00e9ticos. A dose recomendada pode variar consoante a idade, o estado de sa\u00fade e as necessidades espec\u00edficas do indiv\u00edduo. \u00c9 geralmente aconselh\u00e1vel seguir as instru\u00e7\u00f5es no r\u00f3tulo do produto ou consultar um profissional de sa\u00fade. Normalmente, uma dose di\u00e1ria de 500 - 1000 mg \u00e9 comum para apoio geral \u00e0 sa\u00fade.<br \/>\n  2. **Aplica\u00e7\u00e3o t\u00f3pica**: Nos cuidados de pele, os produtos que cont\u00eam hesperidina devem ser aplicados na pele limpa e seca. Massajar suavemente o produto na pele at\u00e9 ser totalmente absorvido. Pode ser utilizado uma ou duas vezes por dia, de prefer\u00eancia de manh\u00e3 e \u00e0 noite.<br \/>\n  3. **Incorpora\u00e7\u00e3o em alimentos e bebidas**: Quando se utiliza a hesperidina em alimentos e bebidas, esta deve ser adicionada de acordo com os regulamentos e requisitos de formula\u00e7\u00e3o relevantes. Pode ser dissolvida num solvente adequado ou misturada diretamente com outros ingredientes durante o processo de produ\u00e7\u00e3o.<\/p>\n<h2 id=\"case_studies\">Estudos de casos de utiliza\u00e7\u00e3o<\/h2>\n<p>1. **Melhoria da sa\u00fade de um homem de meia-idade**: O Sr. Smith, um homem de 55 anos, sofria de varizes ligeiras e de m\u00e1 circula\u00e7\u00e3o sangu\u00ednea. Come\u00e7ou a tomar um suplemento alimentar \u00e0 base de hesperidina numa dose de 800 mg por dia. Ap\u00f3s tr\u00eas meses de utiliza\u00e7\u00e3o cont\u00ednua, registou uma redu\u00e7\u00e3o significativa do incha\u00e7o e do desconforto associados \u00e0s suas veias varicosas. Sentia as pernas menos pesadas e tinha mais energia para as suas actividades di\u00e1rias. Um exame de acompanhamento revelou igualmente uma melhoria dos par\u00e2metros da circula\u00e7\u00e3o sangu\u00ednea.<br \/>\n  2. **Rejuvenescimento da pele numa mulher**: A Sra. Johnson, uma mulher de 40 anos, usou um s\u00e9rum com infus\u00e3o de hesperidina no rosto duas vezes por dia durante seis semanas. Antes de utilizar o produto, tinha r\u00eddulas vis\u00edveis \u00e0 volta dos olhos e da testa e a sua pele tinha um aspeto ba\u00e7o. Ap\u00f3s o per\u00edodo de seis semanas, a sua pele tornou-se mais suave e mais radiante. As r\u00eddulas eram menos vis\u00edveis e a elasticidade da pele tinha melhorado. Ficou muito satisfeita com os resultados e continuou a utilizar o produto.<\/p>\n<h2 id=\"contact\">Informa\u00e7\u00f5es de contacto<\/h2>\n<p>Se voc\u00ea tiver alguma d\u00favida ou precisar de mais informa\u00e7\u00f5es sobre o nosso Fornecimento de f\u00e1brica Hesperidin cas 520 - 26 - 3, n\u00e3o hesite em contactar-nos. Nosso endere\u00e7o de e-mail \u00e9 info@vivalr.com, e nosso n\u00famero de telefone \u00e9 (86) 15866781826. Estamos dedicados a fornecer-lhe o melhor servi\u00e7o e produtos de alta qualidade.<\/p>","protected":false},"excerpt":{"rendered":"<p>User Guide: Factory Supply Hesperidin cas 520-26-3 With Best Price Table of Contents Basic Information and Parameters Uses of Hesperidin How to Use Hesperidin Usage Case Studies Contact Information Basic Information and Parameters Hesperidin, with the CAS number 520 - 26 - 3, is a flavanone glycoside found in citrus fruits such as oranges, lemons, [&hellip;]<\/p>","protected":false},"featured_media":27123,"comment_status":"closed","ping_status":"open","template":"","meta":[],"product_brand":[],"product_cat":[15],"product_tag":[],"class_list":{"0":"post-12166","1":"product","2":"type-product","3":"status-publish","4":"has-post-thumbnail","6":"product_cat-uncategorized","8":"first","9":"instock","10":"product-type-simple"},"yoast_head":"<!-- This site is optimized with the Yoast SEO Premium plugin v24.4 (Yoast SEO v25.0) - https:\/\/yoast.com\/wordpress\/plugins\/seo\/ -->\n<title>Factory Supply Hesperidin cas 520-26-3 With Best Price - Welcome to VIVALR- Your Trusted Source for Chemical Raw Materials\uff01<\/title>\n<meta name=\"robots\" content=\"index, follow, max-snippet:-1, max-image-preview:large, max-video-preview:-1\" \/>\n<link rel=\"canonical\" href=\"https:\/\/vivalr.com\/pt\/product\/12166.html\" \/>\n<meta property=\"og:locale\" content=\"pt_PT\" \/>\n<meta property=\"og:type\" content=\"article\" \/>\n<meta property=\"og:title\" content=\"Factory Supply Hesperidin cas 520-26-3 With Best Price\" \/>\n<meta property=\"og:description\" content=\"User Guide: Factory Supply Hesperidin cas 520-26-3 With Best Price Table of Contents Basic Information and Parameters Uses of Hesperidin How to Use Hesperidin Usage Case Studies Contact Information Basic Information and Parameters Hesperidin, with the CAS number 520 - 26 - 3, is a flavanone glycoside found in citrus fruits such as oranges, lemons, [&hellip;]\" \/>\n<meta property=\"og:url\" content=\"https:\/\/vivalr.com\/pt\/product\/12166.html\" \/>\n<meta property=\"og:site_name\" content=\"Welcome to VIVALR- Your Trusted Source for Chemical Raw Materials\uff01\" \/>\n<meta property=\"article:modified_time\" content=\"2025-03-07T12:44:38+00:00\" \/>\n<meta property=\"og:image\" content=\"https:\/\/vivalr.com\/wp-content\/uploads\/2025\/03\/hesperidin-cas-520-26-3-4.jpg\" \/>\n\t<meta property=\"og:image:width\" content=\"350\" \/>\n\t<meta property=\"og:image:height\" content=\"350\" \/>\n\t<meta property=\"og:image:type\" content=\"image\/jpeg\" \/>\n<meta name=\"twitter:card\" content=\"summary_large_image\" \/>\n<meta name=\"twitter:label1\" content=\"Tempo estimado de leitura\" \/>\n\t<meta name=\"twitter:data1\" content=\"4 minutos\" \/>\n<script type=\"application\/ld+json\" class=\"yoast-schema-graph\">{\"@context\":\"https:\/\/schema.org\",\"@graph\":[{\"@type\":\"WebPage\",\"@id\":\"https:\/\/vivalr.com\/product\/12166.html\",\"url\":\"https:\/\/vivalr.com\/product\/12166.html\",\"name\":\"Factory Supply Hesperidin cas 520-26-3 With Best Price - Welcome to VIVALR- Your Trusted Source for Chemical Raw Materials\uff01\",\"isPartOf\":{\"@id\":\"https:\/\/vivalr.com\/#website\"},\"primaryImageOfPage\":{\"@id\":\"https:\/\/vivalr.com\/product\/12166.html#primaryimage\"},\"image\":{\"@id\":\"https:\/\/vivalr.com\/product\/12166.html#primaryimage\"},\"thumbnailUrl\":\"https:\/\/vivalr.com\/wp-content\/uploads\/2025\/03\/hesperidin-cas-520-26-3-4.jpg\",\"datePublished\":\"2025-03-07T12:18:39+00:00\",\"dateModified\":\"2025-03-07T12:44:38+00:00\",\"breadcrumb\":{\"@id\":\"https:\/\/vivalr.com\/product\/12166.html#breadcrumb\"},\"inLanguage\":\"pt-PT\",\"potentialAction\":[{\"@type\":\"ReadAction\",\"target\":[\"https:\/\/vivalr.com\/product\/12166.html\"]}]},{\"@type\":\"ImageObject\",\"inLanguage\":\"pt-PT\",\"@id\":\"https:\/\/vivalr.com\/product\/12166.html#primaryimage\",\"url\":\"https:\/\/vivalr.com\/wp-content\/uploads\/2025\/03\/hesperidin-cas-520-26-3-4.jpg\",\"contentUrl\":\"https:\/\/vivalr.com\/wp-content\/uploads\/2025\/03\/hesperidin-cas-520-26-3-4.jpg\",\"width\":350,\"height\":350},{\"@type\":\"BreadcrumbList\",\"@id\":\"https:\/\/vivalr.com\/product\/12166.html#breadcrumb\",\"itemListElement\":[{\"@type\":\"ListItem\",\"position\":1,\"name\":\"Home\",\"item\":\"https:\/\/vivalr.com\/\"},{\"@type\":\"ListItem\",\"position\":2,\"name\":\"Shop\",\"item\":\"https:\/\/vivalr.com\/shop\/\"},{\"@type\":\"ListItem\",\"position\":3,\"name\":\"Factory Supply Hesperidin cas 520-26-3 With Best Price\"}]},{\"@type\":\"WebSite\",\"@id\":\"https:\/\/vivalr.com\/#website\",\"url\":\"https:\/\/vivalr.com\/\",\"name\":\"Welcome to VIVALR- Your Trusted Source for Chemical Raw Materials\uff01\",\"description\":\"Discover a wide range of high-quality chemical raw materials to meet your industrial needs. Our commitment to excellence ensures that you get the best products and services.\",\"potentialAction\":[{\"@type\":\"SearchAction\",\"target\":{\"@type\":\"EntryPoint\",\"urlTemplate\":\"https:\/\/vivalr.com\/?s={search_term_string}\"},\"query-input\":{\"@type\":\"PropertyValueSpecification\",\"valueRequired\":true,\"valueName\":\"search_term_string\"}}],\"inLanguage\":\"pt-PT\"}]}<\/script>\n<!-- \/ Yoast SEO Premium plugin. -->","yoast_head_json":{"title":"Fornecimento de f\u00e1brica Hesperidin cas 520-26-3 com melhor pre\u00e7o - Bem-vindo ao VIVALR- Sua fonte confi\u00e1vel de mat\u00e9rias-primas qu\u00edmicas\uff01","robots":{"index":"index","follow":"follow","max-snippet":"max-snippet:-1","max-image-preview":"max-image-preview:large","max-video-preview":"max-video-preview:-1"},"canonical":"https:\/\/vivalr.com\/pt\/product\/12166.html","og_locale":"pt_PT","og_type":"article","og_title":"Factory Supply Hesperidin cas 520-26-3 With Best Price","og_description":"User Guide: Factory Supply Hesperidin cas 520-26-3 With Best Price Table of Contents Basic Information and Parameters Uses of Hesperidin How to Use Hesperidin Usage Case Studies Contact Information Basic Information and Parameters Hesperidin, with the CAS number 520 - 26 - 3, is a flavanone glycoside found in citrus fruits such as oranges, lemons, [&hellip;]","og_url":"https:\/\/vivalr.com\/pt\/product\/12166.html","og_site_name":"Welcome to VIVALR- Your Trusted Source for Chemical Raw Materials\uff01","article_modified_time":"2025-03-07T12:44:38+00:00","og_image":[{"width":350,"height":350,"url":"https:\/\/vivalr.com\/wp-content\/uploads\/2025\/03\/hesperidin-cas-520-26-3-4.jpg","type":"image\/jpeg"}],"twitter_card":"summary_large_image","twitter_misc":{"Tempo estimado de leitura":"4 minutos"},"schema":{"@context":"https:\/\/schema.org","@graph":[{"@type":"WebPage","@id":"https:\/\/vivalr.com\/product\/12166.html","url":"https:\/\/vivalr.com\/product\/12166.html","name":"Fornecimento de f\u00e1brica Hesperidin cas 520-26-3 com melhor pre\u00e7o - Bem-vindo ao VIVALR- Sua fonte confi\u00e1vel de mat\u00e9rias-primas qu\u00edmicas\uff01","isPartOf":{"@id":"https:\/\/vivalr.com\/#website"},"primaryImageOfPage":{"@id":"https:\/\/vivalr.com\/product\/12166.html#primaryimage"},"image":{"@id":"https:\/\/vivalr.com\/product\/12166.html#primaryimage"},"thumbnailUrl":"https:\/\/vivalr.com\/wp-content\/uploads\/2025\/03\/hesperidin-cas-520-26-3-4.jpg","datePublished":"2025-03-07T12:18:39+00:00","dateModified":"2025-03-07T12:44:38+00:00","breadcrumb":{"@id":"https:\/\/vivalr.com\/product\/12166.html#breadcrumb"},"inLanguage":"pt-PT","potentialAction":[{"@type":"ReadAction","target":["https:\/\/vivalr.com\/product\/12166.html"]}]},{"@type":"ImageObject","inLanguage":"pt-PT","@id":"https:\/\/vivalr.com\/product\/12166.html#primaryimage","url":"https:\/\/vivalr.com\/wp-content\/uploads\/2025\/03\/hesperidin-cas-520-26-3-4.jpg","contentUrl":"https:\/\/vivalr.com\/wp-content\/uploads\/2025\/03\/hesperidin-cas-520-26-3-4.jpg","width":350,"height":350},{"@type":"BreadcrumbList","@id":"https:\/\/vivalr.com\/product\/12166.html#breadcrumb","itemListElement":[{"@type":"ListItem","position":1,"name":"Home","item":"https:\/\/vivalr.com\/"},{"@type":"ListItem","position":2,"name":"Shop","item":"https:\/\/vivalr.com\/shop\/"},{"@type":"ListItem","position":3,"name":"Factory Supply Hesperidin cas 520-26-3 With Best Price"}]},{"@type":"WebSite","@id":"https:\/\/vivalr.com\/#website","url":"https:\/\/vivalr.com\/","name":"Bem-vindo ao VIVALR- Sua fonte confi\u00e1vel de mat\u00e9rias-primas qu\u00edmicas\uff01","description":"Descubra uma vasta gama de mat\u00e9rias-primas qu\u00edmicas de alta qualidade para satisfazer as suas necessidades industriais. O nosso compromisso com a excel\u00eancia garante-lhe os melhores produtos e servi\u00e7os.","potentialAction":[{"@type":"SearchAction","target":{"@type":"EntryPoint","urlTemplate":"https:\/\/vivalr.com\/?s={search_term_string}"},"query-input":{"@type":"PropertyValueSpecification","valueRequired":true,"valueName":"search_term_string"}}],"inLanguage":"pt-PT"}]}},"_links":{"self":[{"href":"https:\/\/vivalr.com\/pt\/wp-json\/wp\/v2\/product\/12166","targetHints":{"allow":["GET"]}}],"collection":[{"href":"https:\/\/vivalr.com\/pt\/wp-json\/wp\/v2\/product"}],"about":[{"href":"https:\/\/vivalr.com\/pt\/wp-json\/wp\/v2\/types\/product"}],"replies":[{"embeddable":true,"href":"https:\/\/vivalr.com\/pt\/wp-json\/wp\/v2\/comments?post=12166"}],"wp:featuredmedia":[{"embeddable":true,"href":"https:\/\/vivalr.com\/pt\/wp-json\/wp\/v2\/media\/27123"}],"wp:attachment":[{"href":"https:\/\/vivalr.com\/pt\/wp-json\/wp\/v2\/media?parent=12166"}],"wp:term":[{"taxonomy":"product_brand","embeddable":true,"href":"https:\/\/vivalr.com\/pt\/wp-json\/wp\/v2\/product_brand?post=12166"},{"taxonomy":"product_cat","embeddable":true,"href":"https:\/\/vivalr.com\/pt\/wp-json\/wp\/v2\/product_cat?post=12166"},{"taxonomy":"product_tag","embeddable":true,"href":"https:\/\/vivalr.com\/pt\/wp-json\/wp\/v2\/product_tag?post=12166"}],"curies":[{"name":"wp","href":"https:\/\/api.w.org\/{rel}","templated":true}]}}