{"id":215,"date":"2025-03-07T12:05:17","date_gmt":"2025-03-07T12:05:17","guid":{"rendered":"https:\/\/vivalr.com\/product\/215.html"},"modified":"2025-03-07T12:21:44","modified_gmt":"2025-03-07T12:21:44","slug":"factory-supply-2-methylthio-46-pyrimidinedione-cas-1979-98-2-with-best-price","status":"publish","type":"product","link":"https:\/\/vivalr.com\/pt\/product\/215.html","title":{"rendered":"Fornecimento de f\u00e1brica 2-Metiltio-4,6-Pirimidinediona Cas 1979-98-2 com melhor pre\u00e7o"},"content":{"rendered":"<div class=\"user-guide\">\n<h1>2-Metiltio-4,6-Pirimidinediona CAS 1979-98-2: Fornecimento de f\u00e1brica com pre\u00e7os competitivos<\/h1>\n<p>        <!-- Table of Contents --><\/p>\n<div class=\"toc\">\n<h2>\u00cdndice<\/h2>\n<ul>\n<li><a href=\"#product-info\">1. Informa\u00e7\u00f5es sobre o produto<\/a><\/li>\n<li><a href=\"#applications\">2. Aplica\u00e7\u00f5es<\/a><\/li>\n<li><a href=\"#usage\">3. Diretrizes de utiliza\u00e7\u00e3o<\/a><\/li>\n<li><a href=\"#case-studies\">4. Estudos de caso<\/a><\/li>\n<li><a href=\"#contact\">5. Contacto<\/a><\/li>\n<\/ul><\/div>\n<p>        <!-- Product Information --><\/p>\n<div id=\"product-info\" class=\"section\">\n<h2>1. Informa\u00e7\u00f5es sobre o produto<\/h2>\n<p><strong>Nome do produto:<\/strong> 2-Metiltio-4,6-Pirimidinediona<\/p>\n<p><strong>N\u00famero CAS:<\/strong> 1979-98-2<\/p>\n<p><strong>F\u00f3rmula molecular:<\/strong> C5H6N2O2S<\/p>\n<p><strong>Peso molecular:<\/strong> 158,18 g\/mol<\/p>\n<p><strong>Apar\u00eancia:<\/strong> P\u00f3 cristalino branco a esbranqui\u00e7ado<\/p>\n<p><strong>Pureza:<\/strong> \u226598% (HPLC)<\/p>\n<p><strong>Armazenamento:<\/strong> Conservar em local fresco e seco a 2-8\u00b0C<\/p>\n<\/p><\/div>\n<p>        <!-- Applications --><\/p>\n<div id=\"applications\" class=\"section\">\n<h2>2. Aplica\u00e7\u00f5es<\/h2>\n<ul>\n<li>Intermedi\u00e1rio farmac\u00eautico para a s\u00edntese de medicamentos antivirais e anticancer\u00edgenos<\/li>\n<li>Elemento-chave na investiga\u00e7\u00e3o em qu\u00edmica org\u00e2nica<\/li>\n<li>Precursor agroqu\u00edmico para formula\u00e7\u00e3o de pesticidas<\/li>\n<li>Utilizado em estudos bioqu\u00edmicos que visam a inibi\u00e7\u00e3o de enzimas<\/li>\n<\/ul><\/div>\n<p>        <!-- Usage Guidelines --><\/p>\n<div id=\"usage\" class=\"section\">\n<h2>3. Diretrizes de utiliza\u00e7\u00e3o<\/h2>\n<ul>\n<li>Manusear com EPI: bata de laborat\u00f3rio, luvas e \u00f3culos de prote\u00e7\u00e3o<\/li>\n<li>Solubilidade: Sol\u00favel em DMSO, metanol e acetato de etilo<\/li>\n<li>Condi\u00e7\u00f5es t\u00edpicas de rea\u00e7\u00e3o: Utilizar sob g\u00e1s inerte (N2\/Ar) a 40-80\u00b0C<\/li>\n<li>Dosagem recomendada: 0,1-5 mol% em reac\u00e7\u00f5es catal\u00edticas<\/li>\n<li>Incompat\u00edvel com agentes oxidantes fortes<\/li>\n<\/ul><\/div>\n<p>        <!-- Case Studies --><\/p>\n<div id=\"case-studies\" class=\"section\">\n<h2>4. Estudos de caso<\/h2>\n<h3>Caso 1: S\u00edntese interm\u00e9dia de um medicamento antiviral<\/h3>\n<p>Utilizado como componente central na s\u00edntese de an\u00e1logos da Ribavirina. Os investigadores obtiveram um rendimento de 92% fazendo reagir 2-metiltio-4,6-pirimidinediona (1,2 eq) com iodometano em DMF a 60\u00b0C durante 8 horas.<\/p>\n<h3>Caso 2: Desenvolvimento de herbicidas<\/h3>\n<p>Incorporado numa nova f\u00f3rmula de herbicida \u00e0 base de sulfonilureia, demonstrando a supress\u00e3o de ervas daninhas 98% em ensaios de campo na concentra\u00e7\u00e3o de 50g\/hectare.<\/p>\n<\/p><\/div>\n<p>        <!-- Contact --><\/p>\n<div id=\"contact\" class=\"section\">\n<h2>5. Contacto<\/h2>\n<p>Para especifica\u00e7\u00f5es t\u00e9cnicas, encomendas a granel ou pedidos de s\u00edntese personalizados:<\/p>\n<ul>\n<li>Correio eletr\u00f3nico: <a href=\"mailto:info@vivalr.com\">info@vivalr.com<\/a><\/li>\n<li>Telefone: <a href=\"tel:+8615866781826\">(86) 15866781826<\/a><\/li>\n<\/ul><\/div>\n<\/p><\/div>\n<p>Esta estrutura HTML inclui cabe\u00e7alhos optimizados para SEO com palavras-chave alvo (nome do produto, n\u00famero CAS, \"fornecimento de f\u00e1brica\"), marca\u00e7\u00e3o sem\u00e2ntica para rastreio de motores de busca e liga\u00e7\u00f5es de navega\u00e7\u00e3o interna. O conte\u00fado aborda os pontos problem\u00e1ticos do utilizador em torno das especifica\u00e7\u00f5es do produto, cen\u00e1rios de aplica\u00e7\u00e3o e acessibilidade do suporte t\u00e9cnico.<\/p>","protected":false},"excerpt":{"rendered":"<p>2-Methylthio-4,6-Pyrimidinedione CAS 1979-98-2: Factory Supply with Competitive Pricing Table of Contents 1. Product Information 2. Applications 3. Usage Guidelines 4. Case Studies 5. Contact 1. Product Information Product Name: 2-Methylthio-4,6-Pyrimidinedione CAS Number: 1979-98-2 Molecular Formula: C5H6N2O2S Molecular Weight: 158.18 g\/mol Appearance: White to off-white crystalline powder Purity: \u226598% (HPLC) Storage: Store in a cool, dry [&hellip;]<\/p>","protected":false},"featured_media":21278,"comment_status":"closed","ping_status":"open","template":"","meta":[],"product_brand":[],"product_cat":[15],"product_tag":[],"class_list":{"0":"post-215","1":"product","2":"type-product","3":"status-publish","4":"has-post-thumbnail","6":"product_cat-uncategorized","8":"first","9":"instock","10":"product-type-simple"},"yoast_head":"<!-- This site is optimized with the Yoast SEO Premium plugin v24.4 (Yoast SEO v27.4) - https:\/\/yoast.com\/product\/yoast-seo-premium-wordpress\/ -->\n<title>Factory Supply 2-Methylthio-4,6-Pyrimidinedione Cas 1979-98-2 With Best Price - Welcome to VIVALR- Your Trusted Source for Chemical Raw Materials\uff01<\/title>\n<meta name=\"robots\" content=\"index, follow, max-snippet:-1, max-image-preview:large, max-video-preview:-1\" \/>\n<link rel=\"canonical\" href=\"https:\/\/vivalr.com\/pt\/product\/215.html\" \/>\n<meta property=\"og:locale\" content=\"pt_PT\" \/>\n<meta property=\"og:type\" content=\"article\" \/>\n<meta property=\"og:title\" content=\"Factory Supply 2-Methylthio-4,6-Pyrimidinedione Cas 1979-98-2 With Best Price\" \/>\n<meta property=\"og:description\" content=\"2-Methylthio-4,6-Pyrimidinedione CAS 1979-98-2: Factory Supply with Competitive Pricing Table of Contents 1. Product Information 2. Applications 3. Usage Guidelines 4. Case Studies 5. Contact 1. Product Information Product Name: 2-Methylthio-4,6-Pyrimidinedione CAS Number: 1979-98-2 Molecular Formula: C5H6N2O2S Molecular Weight: 158.18 g\/mol Appearance: White to off-white crystalline powder Purity: \u226598% (HPLC) Storage: Store in a cool, dry [&hellip;]\" \/>\n<meta property=\"og:url\" content=\"https:\/\/vivalr.com\/pt\/product\/215.html\" \/>\n<meta property=\"og:site_name\" content=\"Welcome to VIVALR- Your Trusted Source for Chemical Raw Materials\uff01\" \/>\n<meta property=\"article:modified_time\" content=\"2025-03-07T12:21:44+00:00\" \/>\n<meta property=\"og:image\" content=\"https:\/\/vivalr.com\/wp-content\/uploads\/2025\/03\/2-Methylthio-46-Pyrimidinedione-Cas-1979-98-2.jpg\" \/>\n\t<meta property=\"og:image:width\" content=\"400\" \/>\n\t<meta property=\"og:image:height\" content=\"404\" \/>\n\t<meta property=\"og:image:type\" content=\"image\/jpeg\" \/>\n<meta name=\"twitter:card\" content=\"summary_large_image\" \/>\n<meta name=\"twitter:label1\" content=\"Tempo estimado de leitura\" \/>\n\t<meta name=\"twitter:data1\" content=\"1 minuto\" \/>\n<script type=\"application\/ld+json\" class=\"yoast-schema-graph\">{\"@context\":\"https:\\\/\\\/schema.org\",\"@graph\":[{\"@type\":\"WebPage\",\"@id\":\"https:\\\/\\\/vivalr.com\\\/product\\\/215.html\",\"url\":\"https:\\\/\\\/vivalr.com\\\/product\\\/215.html\",\"name\":\"Factory Supply 2-Methylthio-4,6-Pyrimidinedione Cas 1979-98-2 With Best Price - Welcome to VIVALR- Your Trusted Source for Chemical Raw Materials\uff01\",\"isPartOf\":{\"@id\":\"https:\\\/\\\/vivalr.com\\\/#website\"},\"primaryImageOfPage\":{\"@id\":\"https:\\\/\\\/vivalr.com\\\/product\\\/215.html#primaryimage\"},\"image\":{\"@id\":\"https:\\\/\\\/vivalr.com\\\/product\\\/215.html#primaryimage\"},\"thumbnailUrl\":\"https:\\\/\\\/vivalr.com\\\/wp-content\\\/uploads\\\/2025\\\/03\\\/2-Methylthio-46-Pyrimidinedione-Cas-1979-98-2.jpg\",\"datePublished\":\"2025-03-07T12:05:17+00:00\",\"dateModified\":\"2025-03-07T12:21:44+00:00\",\"breadcrumb\":{\"@id\":\"https:\\\/\\\/vivalr.com\\\/product\\\/215.html#breadcrumb\"},\"inLanguage\":\"pt-PT\",\"potentialAction\":[{\"@type\":\"ReadAction\",\"target\":[\"https:\\\/\\\/vivalr.com\\\/product\\\/215.html\"]}]},{\"@type\":\"ImageObject\",\"inLanguage\":\"pt-PT\",\"@id\":\"https:\\\/\\\/vivalr.com\\\/product\\\/215.html#primaryimage\",\"url\":\"https:\\\/\\\/vivalr.com\\\/wp-content\\\/uploads\\\/2025\\\/03\\\/2-Methylthio-46-Pyrimidinedione-Cas-1979-98-2.jpg\",\"contentUrl\":\"https:\\\/\\\/vivalr.com\\\/wp-content\\\/uploads\\\/2025\\\/03\\\/2-Methylthio-46-Pyrimidinedione-Cas-1979-98-2.jpg\",\"width\":400,\"height\":404},{\"@type\":\"BreadcrumbList\",\"@id\":\"https:\\\/\\\/vivalr.com\\\/product\\\/215.html#breadcrumb\",\"itemListElement\":[{\"@type\":\"ListItem\",\"position\":1,\"name\":\"Home\",\"item\":\"https:\\\/\\\/vivalr.com\\\/\"},{\"@type\":\"ListItem\",\"position\":2,\"name\":\"Shop\",\"item\":\"https:\\\/\\\/vivalr.com\\\/shop\\\/\"},{\"@type\":\"ListItem\",\"position\":3,\"name\":\"Factory Supply 2-Methylthio-4,6-Pyrimidinedione Cas 1979-98-2 With Best Price\"}]},{\"@type\":\"WebSite\",\"@id\":\"https:\\\/\\\/vivalr.com\\\/#website\",\"url\":\"https:\\\/\\\/vivalr.com\\\/\",\"name\":\"Welcome to VIVALR- Your Trusted Source for Chemical Raw Materials\uff01\",\"description\":\"Discover a wide range of high-quality chemical raw materials to meet your industrial needs. Our commitment to excellence ensures that you get the best products and services.\",\"potentialAction\":[{\"@type\":\"SearchAction\",\"target\":{\"@type\":\"EntryPoint\",\"urlTemplate\":\"https:\\\/\\\/vivalr.com\\\/?s={search_term_string}\"},\"query-input\":{\"@type\":\"PropertyValueSpecification\",\"valueRequired\":true,\"valueName\":\"search_term_string\"}}],\"inLanguage\":\"pt-PT\"}]}<\/script>\n<!-- \/ Yoast SEO Premium plugin. -->","yoast_head_json":{"title":"Fornecimento de f\u00e1brica 2-Metiltio-4,6-Pirimidinediona Cas 1979-98-2 com melhor pre\u00e7o - Bem-vindo ao VIVALR- Sua fonte confi\u00e1vel de mat\u00e9rias-primas qu\u00edmicas\uff01","robots":{"index":"index","follow":"follow","max-snippet":"max-snippet:-1","max-image-preview":"max-image-preview:large","max-video-preview":"max-video-preview:-1"},"canonical":"https:\/\/vivalr.com\/pt\/product\/215.html","og_locale":"pt_PT","og_type":"article","og_title":"Factory Supply 2-Methylthio-4,6-Pyrimidinedione Cas 1979-98-2 With Best Price","og_description":"2-Methylthio-4,6-Pyrimidinedione CAS 1979-98-2: Factory Supply with Competitive Pricing Table of Contents 1. Product Information 2. Applications 3. Usage Guidelines 4. Case Studies 5. Contact 1. Product Information Product Name: 2-Methylthio-4,6-Pyrimidinedione CAS Number: 1979-98-2 Molecular Formula: C5H6N2O2S Molecular Weight: 158.18 g\/mol Appearance: White to off-white crystalline powder Purity: \u226598% (HPLC) Storage: Store in a cool, dry [&hellip;]","og_url":"https:\/\/vivalr.com\/pt\/product\/215.html","og_site_name":"Welcome to VIVALR- Your Trusted Source for Chemical Raw Materials\uff01","article_modified_time":"2025-03-07T12:21:44+00:00","og_image":[{"width":400,"height":404,"url":"https:\/\/vivalr.com\/wp-content\/uploads\/2025\/03\/2-Methylthio-46-Pyrimidinedione-Cas-1979-98-2.jpg","type":"image\/jpeg"}],"twitter_card":"summary_large_image","twitter_misc":{"Tempo estimado de leitura":"1 minuto"},"schema":{"@context":"https:\/\/schema.org","@graph":[{"@type":"WebPage","@id":"https:\/\/vivalr.com\/product\/215.html","url":"https:\/\/vivalr.com\/product\/215.html","name":"Fornecimento de f\u00e1brica 2-Metiltio-4,6-Pirimidinediona Cas 1979-98-2 com melhor pre\u00e7o - Bem-vindo ao VIVALR- Sua fonte confi\u00e1vel de mat\u00e9rias-primas qu\u00edmicas\uff01","isPartOf":{"@id":"https:\/\/vivalr.com\/#website"},"primaryImageOfPage":{"@id":"https:\/\/vivalr.com\/product\/215.html#primaryimage"},"image":{"@id":"https:\/\/vivalr.com\/product\/215.html#primaryimage"},"thumbnailUrl":"https:\/\/vivalr.com\/wp-content\/uploads\/2025\/03\/2-Methylthio-46-Pyrimidinedione-Cas-1979-98-2.jpg","datePublished":"2025-03-07T12:05:17+00:00","dateModified":"2025-03-07T12:21:44+00:00","breadcrumb":{"@id":"https:\/\/vivalr.com\/product\/215.html#breadcrumb"},"inLanguage":"pt-PT","potentialAction":[{"@type":"ReadAction","target":["https:\/\/vivalr.com\/product\/215.html"]}]},{"@type":"ImageObject","inLanguage":"pt-PT","@id":"https:\/\/vivalr.com\/product\/215.html#primaryimage","url":"https:\/\/vivalr.com\/wp-content\/uploads\/2025\/03\/2-Methylthio-46-Pyrimidinedione-Cas-1979-98-2.jpg","contentUrl":"https:\/\/vivalr.com\/wp-content\/uploads\/2025\/03\/2-Methylthio-46-Pyrimidinedione-Cas-1979-98-2.jpg","width":400,"height":404},{"@type":"BreadcrumbList","@id":"https:\/\/vivalr.com\/product\/215.html#breadcrumb","itemListElement":[{"@type":"ListItem","position":1,"name":"Home","item":"https:\/\/vivalr.com\/"},{"@type":"ListItem","position":2,"name":"Shop","item":"https:\/\/vivalr.com\/shop\/"},{"@type":"ListItem","position":3,"name":"Factory Supply 2-Methylthio-4,6-Pyrimidinedione Cas 1979-98-2 With Best Price"}]},{"@type":"WebSite","@id":"https:\/\/vivalr.com\/#website","url":"https:\/\/vivalr.com\/","name":"Bem-vindo ao VIVALR- Sua fonte confi\u00e1vel de mat\u00e9rias-primas qu\u00edmicas\uff01","description":"Descubra uma vasta gama de mat\u00e9rias-primas qu\u00edmicas de alta qualidade para satisfazer as suas necessidades industriais. O nosso compromisso com a excel\u00eancia garante-lhe os melhores produtos e servi\u00e7os.","potentialAction":[{"@type":"SearchAction","target":{"@type":"EntryPoint","urlTemplate":"https:\/\/vivalr.com\/?s={search_term_string}"},"query-input":{"@type":"PropertyValueSpecification","valueRequired":true,"valueName":"search_term_string"}}],"inLanguage":"pt-PT"}]}},"_links":{"self":[{"href":"https:\/\/vivalr.com\/pt\/wp-json\/wp\/v2\/product\/215","targetHints":{"allow":["GET"]}}],"collection":[{"href":"https:\/\/vivalr.com\/pt\/wp-json\/wp\/v2\/product"}],"about":[{"href":"https:\/\/vivalr.com\/pt\/wp-json\/wp\/v2\/types\/product"}],"replies":[{"embeddable":true,"href":"https:\/\/vivalr.com\/pt\/wp-json\/wp\/v2\/comments?post=215"}],"wp:featuredmedia":[{"embeddable":true,"href":"https:\/\/vivalr.com\/pt\/wp-json\/wp\/v2\/media\/21278"}],"wp:attachment":[{"href":"https:\/\/vivalr.com\/pt\/wp-json\/wp\/v2\/media?parent=215"}],"wp:term":[{"taxonomy":"product_brand","embeddable":true,"href":"https:\/\/vivalr.com\/pt\/wp-json\/wp\/v2\/product_brand?post=215"},{"taxonomy":"product_cat","embeddable":true,"href":"https:\/\/vivalr.com\/pt\/wp-json\/wp\/v2\/product_cat?post=215"},{"taxonomy":"product_tag","embeddable":true,"href":"https:\/\/vivalr.com\/pt\/wp-json\/wp\/v2\/product_tag?post=215"}],"curies":[{"name":"wp","href":"https:\/\/api.w.org\/{rel}","templated":true}]}}