{"id":3473,"date":"2025-03-07T12:08:40","date_gmt":"2025-03-07T12:08:40","guid":{"rendered":"https:\/\/vivalr.com\/product\/3473.html"},"modified":"2025-03-07T12:27:54","modified_gmt":"2025-03-07T12:27:54","slug":"high-quality-butyl-iodide-cas-542-69-8-with-best-price","status":"publish","type":"product","link":"https:\/\/vivalr.com\/pt\/product\/3473.html","title":{"rendered":"Iodeto de butilo de alta qualidade Cas 542-69-8 com melhor pre\u00e7o"},"content":{"rendered":"<h1>Guia do utilizador para Iodeto de butilo de alta qualidade Cas 542-69-8 com o melhor pre\u00e7o<\/h1>\n<h2>\u00cdndice<\/h2>\n<ul>\n<li><a href=\"#basic-info\">Informa\u00e7\u00f5es e par\u00e2metros b\u00e1sicos<\/a><\/li>\n<li><a href=\"#product-uses\">Utiliza\u00e7\u00f5es do produto<\/a><\/li>\n<li><a href=\"#product-usage\">Utiliza\u00e7\u00e3o do produto<\/a><\/li>\n<li><a href=\"#usage-cases\">Casos de utiliza\u00e7\u00e3o<\/a><\/li>\n<li><a href=\"#contact-info\">Informa\u00e7\u00f5es de contacto<\/a><\/li>\n<\/ul>\n<h2 id=\"basic-info\">Informa\u00e7\u00f5es e par\u00e2metros b\u00e1sicos<\/h2>\n<p>Iodeto de Butila de Alta Qualidade com o n\u00famero CAS 542 - 69 - 8 \u00e9 um composto org\u00e2nico vital. A sua f\u00f3rmula molecular \u00e9 C\u2084H\u2089I, e tem um peso molecular de aproximadamente 184,02 g\/mol. Este produto qu\u00edmico geralmente aparece como um l\u00edquido claro a ligeiramente amarelado. Tem um ponto de ebuli\u00e7\u00e3o no intervalo de 130 - 131\u00b0C e uma densidade de cerca de 1,617 g\/cm\u00b3 a 25\u00b0C. O iodeto de butilo \u00e9 insol\u00favel em \u00e1gua mas sol\u00favel em solventes org\u00e2nicos comuns, como o etanol, o \u00e9ter e o benzeno. \u00c9 sens\u00edvel \u00e0 luz e ao ar, o que pode causar a sua decomposi\u00e7\u00e3o ao longo do tempo, pelo que \u00e9 crucial um armazenamento adequado num local fresco e escuro, longe de agentes oxidantes.<\/p>\n<h2 id=\"product-uses\">Utiliza\u00e7\u00f5es do produto<\/h2>\n<p>O iodeto de butilo tem uma vasta gama de aplica\u00e7\u00f5es em diferentes dom\u00ednios. Na ind\u00fastria farmac\u00eautica, serve como um intermedi\u00e1rio importante para a s\u00edntese de v\u00e1rios medicamentos. Pode ser utilizado na prepara\u00e7\u00e3o de compostos com propriedades antibacterianas, anti-inflamat\u00f3rias e analg\u00e9sicas. Por exemplo, pode participar na constru\u00e7\u00e3o de estruturas moleculares complexas que s\u00e3o essenciais para o desenvolvimento de novos medicamentos.<\/p>\n<p>No dom\u00ednio da s\u00edntese org\u00e2nica, \u00e9 um valioso agente alquilante. Permite aos qu\u00edmicos introduzir um grupo butilo em diferentes mol\u00e9culas, o que \u00e9 fundamental para criar uma gama diversificada de compostos org\u00e2nicos. Isto inclui a s\u00edntese de pol\u00edmeros, corantes e perfumes. Na ind\u00fastria de pol\u00edmeros, pode ser utilizado para modificar as propriedades dos pol\u00edmeros, tais como aumentar a sua solubilidade ou melhorar a sua resist\u00eancia mec\u00e2nica.<\/p>\n<h2 id=\"product-usage\">Utiliza\u00e7\u00e3o do produto<\/h2>\n<p>Ao utilizar o Iodeto de Butilo, devem ser seguidas precau\u00e7\u00f5es de seguran\u00e7a rigorosas. Recomenda-se a utiliza\u00e7\u00e3o de equipamento de prote\u00e7\u00e3o individual adequado, como \u00f3culos de seguran\u00e7a, luvas e uma bata de laborat\u00f3rio. O trabalho deve ser efectuado numa \u00e1rea bem ventilada, de prefer\u00eancia sob uma hotte, para evitar a inala\u00e7\u00e3o dos seus vapores.<\/p>\n<p>Para uso laboratorial, \u00e9 normalmente adicionado gota a gota \u00e0 mistura de rea\u00e7\u00e3o. A temperatura e o tempo de rea\u00e7\u00e3o devem ser cuidadosamente controlados de acordo com os requisitos espec\u00edficos da rea\u00e7\u00e3o. Antes da utiliza\u00e7\u00e3o, \u00e9 necess\u00e1rio verificar a pureza e a qualidade do produto. Se o produto tiver sido armazenado durante um longo per\u00edodo de tempo ou apresentar sinais de decomposi\u00e7\u00e3o, poder\u00e1 ser necess\u00e1rio purific\u00e1-lo ou elimin\u00e1-lo.<\/p>\n<h2 id=\"usage-cases\">Casos de utiliza\u00e7\u00e3o<\/h2>\n<p>Caso 1: S\u00edntese farmac\u00eautica<br \/>\n  Uma equipa de investiga\u00e7\u00e3o estava a trabalhar no desenvolvimento de um novo medicamento antibacteriano. Utilizaram o iodeto de butilo como intermedi\u00e1rio para introduzir um grupo butilo numa estrutura molecular espec\u00edfica. Primeiro, dissolveram o iodeto de butilo em \u00e9ter anidro num bal\u00e3o de fundo redondo sob atmosfera de azoto. Em seguida, adicionaram lentamente os outros reagentes, gota a gota, enquanto agitavam a baixa temperatura. Controlando cuidadosamente as condi\u00e7\u00f5es de rea\u00e7\u00e3o, sintetizaram com sucesso o composto alvo com elevado rendimento. Ap\u00f3s purifica\u00e7\u00e3o e testes adicionais, o novo medicamento mostrou uma atividade antibacteriana promissora contra v\u00e1rios agentes patog\u00e9nicos comuns.<\/p>\n<p>Caso 2: Modifica\u00e7\u00e3o de pol\u00edmeros<br \/>\n  Um grupo de investiga\u00e7\u00e3o de pol\u00edmeros tinha como objetivo melhorar a solubilidade de um determinado pol\u00edmero em solventes org\u00e2nicos. Utilizaram o Iodeto de Butilo como agente alquilante. Misturaram o pol\u00edmero com Iodeto de Butilo na presen\u00e7a de um catalisador num recipiente de rea\u00e7\u00e3o. Depois de aquecer a mistura a uma temperatura espec\u00edfica e reagir durante um determinado per\u00edodo, o pol\u00edmero modificado apresentou uma solubilidade significativamente melhorada em solventes org\u00e2nicos comuns. Esta melhoria na solubilidade alargou o \u00e2mbito de aplica\u00e7\u00e3o do pol\u00edmero em v\u00e1rios dom\u00ednios.<\/p>\n<h2 id=\"contact-info\">Informa\u00e7\u00f5es de contacto<\/h2>\n<p>Se tiver alguma d\u00favida ou precisar de mais informa\u00e7\u00f5es sobre Iodeto de butilo de alta qualidade Cas 542 - 69 - 8, n\u00e3o hesite em contactar-nos. O nosso endere\u00e7o de correio eletr\u00f3nico \u00e9 info@vivalr.com, e o nosso n\u00famero de telefone \u00e9 (86) 15866781826.<\/p>","protected":false},"excerpt":{"rendered":"<p>User Guide for High Quality Butyl Iodide Cas 542-69-8 With Best Price Table of Contents Basic Information and Parameters Product Uses Product Usage Usage Cases Contact Information Basic Information and Parameters High Quality Butyl Iodide with the CAS number 542 - 69 - 8 is a vital organic compound. Its molecular formula is C\u2084H\u2089I, and [&hellip;]<\/p>","protected":false},"featured_media":22881,"comment_status":"closed","ping_status":"open","template":"","meta":[],"product_brand":[],"product_cat":[15],"product_tag":[],"class_list":{"0":"post-3473","1":"product","2":"type-product","3":"status-publish","4":"has-post-thumbnail","6":"product_cat-uncategorized","8":"first","9":"instock","10":"product-type-simple"},"yoast_head":"<!-- This site is optimized with the Yoast SEO Premium plugin v24.4 (Yoast SEO v25.0) - https:\/\/yoast.com\/wordpress\/plugins\/seo\/ -->\n<title>High Quality Butyl Iodide Cas 542-69-8 With Best Price - Welcome to VIVALR- Your Trusted Source for Chemical Raw Materials\uff01<\/title>\n<meta name=\"robots\" content=\"index, follow, max-snippet:-1, max-image-preview:large, max-video-preview:-1\" \/>\n<link rel=\"canonical\" href=\"https:\/\/vivalr.com\/pt\/product\/3473.html\" \/>\n<meta property=\"og:locale\" content=\"pt_PT\" \/>\n<meta property=\"og:type\" content=\"article\" \/>\n<meta property=\"og:title\" content=\"High Quality Butyl Iodide Cas 542-69-8 With Best Price\" \/>\n<meta property=\"og:description\" content=\"User Guide for High Quality Butyl Iodide Cas 542-69-8 With Best Price Table of Contents Basic Information and Parameters Product Uses Product Usage Usage Cases Contact Information Basic Information and Parameters High Quality Butyl Iodide with the CAS number 542 - 69 - 8 is a vital organic compound. Its molecular formula is C\u2084H\u2089I, and [&hellip;]\" \/>\n<meta property=\"og:url\" content=\"https:\/\/vivalr.com\/pt\/product\/3473.html\" \/>\n<meta property=\"og:site_name\" content=\"Welcome to VIVALR- Your Trusted Source for Chemical Raw Materials\uff01\" \/>\n<meta property=\"article:modified_time\" content=\"2025-03-07T12:27:54+00:00\" \/>\n<meta property=\"og:image\" content=\"https:\/\/vivalr.com\/wp-content\/uploads\/2025\/03\/Butyl-Iodide-Cas-542-69-8.jpg\" \/>\n\t<meta property=\"og:image:width\" content=\"350\" \/>\n\t<meta property=\"og:image:height\" content=\"350\" \/>\n\t<meta property=\"og:image:type\" content=\"image\/jpeg\" \/>\n<meta name=\"twitter:card\" content=\"summary_large_image\" \/>\n<meta name=\"twitter:label1\" content=\"Tempo estimado de leitura\" \/>\n\t<meta name=\"twitter:data1\" content=\"3 minutos\" \/>\n<script type=\"application\/ld+json\" class=\"yoast-schema-graph\">{\"@context\":\"https:\/\/schema.org\",\"@graph\":[{\"@type\":\"WebPage\",\"@id\":\"https:\/\/vivalr.com\/product\/3473.html\",\"url\":\"https:\/\/vivalr.com\/product\/3473.html\",\"name\":\"High Quality Butyl Iodide Cas 542-69-8 With Best Price - Welcome to VIVALR- Your Trusted Source for Chemical Raw Materials\uff01\",\"isPartOf\":{\"@id\":\"https:\/\/vivalr.com\/#website\"},\"primaryImageOfPage\":{\"@id\":\"https:\/\/vivalr.com\/product\/3473.html#primaryimage\"},\"image\":{\"@id\":\"https:\/\/vivalr.com\/product\/3473.html#primaryimage\"},\"thumbnailUrl\":\"https:\/\/vivalr.com\/wp-content\/uploads\/2025\/03\/Butyl-Iodide-Cas-542-69-8.jpg\",\"datePublished\":\"2025-03-07T12:08:40+00:00\",\"dateModified\":\"2025-03-07T12:27:54+00:00\",\"breadcrumb\":{\"@id\":\"https:\/\/vivalr.com\/product\/3473.html#breadcrumb\"},\"inLanguage\":\"pt-PT\",\"potentialAction\":[{\"@type\":\"ReadAction\",\"target\":[\"https:\/\/vivalr.com\/product\/3473.html\"]}]},{\"@type\":\"ImageObject\",\"inLanguage\":\"pt-PT\",\"@id\":\"https:\/\/vivalr.com\/product\/3473.html#primaryimage\",\"url\":\"https:\/\/vivalr.com\/wp-content\/uploads\/2025\/03\/Butyl-Iodide-Cas-542-69-8.jpg\",\"contentUrl\":\"https:\/\/vivalr.com\/wp-content\/uploads\/2025\/03\/Butyl-Iodide-Cas-542-69-8.jpg\",\"width\":350,\"height\":350},{\"@type\":\"BreadcrumbList\",\"@id\":\"https:\/\/vivalr.com\/product\/3473.html#breadcrumb\",\"itemListElement\":[{\"@type\":\"ListItem\",\"position\":1,\"name\":\"Home\",\"item\":\"https:\/\/vivalr.com\/\"},{\"@type\":\"ListItem\",\"position\":2,\"name\":\"Shop\",\"item\":\"https:\/\/vivalr.com\/shop\/\"},{\"@type\":\"ListItem\",\"position\":3,\"name\":\"High Quality Butyl Iodide Cas 542-69-8 With Best Price\"}]},{\"@type\":\"WebSite\",\"@id\":\"https:\/\/vivalr.com\/#website\",\"url\":\"https:\/\/vivalr.com\/\",\"name\":\"Welcome to VIVALR- Your Trusted Source for Chemical Raw Materials\uff01\",\"description\":\"Discover a wide range of high-quality chemical raw materials to meet your industrial needs. Our commitment to excellence ensures that you get the best products and services.\",\"potentialAction\":[{\"@type\":\"SearchAction\",\"target\":{\"@type\":\"EntryPoint\",\"urlTemplate\":\"https:\/\/vivalr.com\/?s={search_term_string}\"},\"query-input\":{\"@type\":\"PropertyValueSpecification\",\"valueRequired\":true,\"valueName\":\"search_term_string\"}}],\"inLanguage\":\"pt-PT\"}]}<\/script>\n<!-- \/ Yoast SEO Premium plugin. -->","yoast_head_json":{"title":"Iodeto de butila de alta qualidade Cas 542-69-8 com melhor pre\u00e7o - Bem-vindo ao VIVALR- Sua fonte confi\u00e1vel de mat\u00e9rias-primas qu\u00edmicas\uff01","robots":{"index":"index","follow":"follow","max-snippet":"max-snippet:-1","max-image-preview":"max-image-preview:large","max-video-preview":"max-video-preview:-1"},"canonical":"https:\/\/vivalr.com\/pt\/product\/3473.html","og_locale":"pt_PT","og_type":"article","og_title":"High Quality Butyl Iodide Cas 542-69-8 With Best Price","og_description":"User Guide for High Quality Butyl Iodide Cas 542-69-8 With Best Price Table of Contents Basic Information and Parameters Product Uses Product Usage Usage Cases Contact Information Basic Information and Parameters High Quality Butyl Iodide with the CAS number 542 - 69 - 8 is a vital organic compound. Its molecular formula is C\u2084H\u2089I, and [&hellip;]","og_url":"https:\/\/vivalr.com\/pt\/product\/3473.html","og_site_name":"Welcome to VIVALR- Your Trusted Source for Chemical Raw Materials\uff01","article_modified_time":"2025-03-07T12:27:54+00:00","og_image":[{"width":350,"height":350,"url":"https:\/\/vivalr.com\/wp-content\/uploads\/2025\/03\/Butyl-Iodide-Cas-542-69-8.jpg","type":"image\/jpeg"}],"twitter_card":"summary_large_image","twitter_misc":{"Tempo estimado de leitura":"3 minutos"},"schema":{"@context":"https:\/\/schema.org","@graph":[{"@type":"WebPage","@id":"https:\/\/vivalr.com\/product\/3473.html","url":"https:\/\/vivalr.com\/product\/3473.html","name":"Iodeto de butila de alta qualidade Cas 542-69-8 com melhor pre\u00e7o - Bem-vindo ao VIVALR- Sua fonte confi\u00e1vel de mat\u00e9rias-primas qu\u00edmicas\uff01","isPartOf":{"@id":"https:\/\/vivalr.com\/#website"},"primaryImageOfPage":{"@id":"https:\/\/vivalr.com\/product\/3473.html#primaryimage"},"image":{"@id":"https:\/\/vivalr.com\/product\/3473.html#primaryimage"},"thumbnailUrl":"https:\/\/vivalr.com\/wp-content\/uploads\/2025\/03\/Butyl-Iodide-Cas-542-69-8.jpg","datePublished":"2025-03-07T12:08:40+00:00","dateModified":"2025-03-07T12:27:54+00:00","breadcrumb":{"@id":"https:\/\/vivalr.com\/product\/3473.html#breadcrumb"},"inLanguage":"pt-PT","potentialAction":[{"@type":"ReadAction","target":["https:\/\/vivalr.com\/product\/3473.html"]}]},{"@type":"ImageObject","inLanguage":"pt-PT","@id":"https:\/\/vivalr.com\/product\/3473.html#primaryimage","url":"https:\/\/vivalr.com\/wp-content\/uploads\/2025\/03\/Butyl-Iodide-Cas-542-69-8.jpg","contentUrl":"https:\/\/vivalr.com\/wp-content\/uploads\/2025\/03\/Butyl-Iodide-Cas-542-69-8.jpg","width":350,"height":350},{"@type":"BreadcrumbList","@id":"https:\/\/vivalr.com\/product\/3473.html#breadcrumb","itemListElement":[{"@type":"ListItem","position":1,"name":"Home","item":"https:\/\/vivalr.com\/"},{"@type":"ListItem","position":2,"name":"Shop","item":"https:\/\/vivalr.com\/shop\/"},{"@type":"ListItem","position":3,"name":"High Quality Butyl Iodide Cas 542-69-8 With Best Price"}]},{"@type":"WebSite","@id":"https:\/\/vivalr.com\/#website","url":"https:\/\/vivalr.com\/","name":"Bem-vindo ao VIVALR- Sua fonte confi\u00e1vel de mat\u00e9rias-primas qu\u00edmicas\uff01","description":"Descubra uma vasta gama de mat\u00e9rias-primas qu\u00edmicas de alta qualidade para satisfazer as suas necessidades industriais. O nosso compromisso com a excel\u00eancia garante-lhe os melhores produtos e servi\u00e7os.","potentialAction":[{"@type":"SearchAction","target":{"@type":"EntryPoint","urlTemplate":"https:\/\/vivalr.com\/?s={search_term_string}"},"query-input":{"@type":"PropertyValueSpecification","valueRequired":true,"valueName":"search_term_string"}}],"inLanguage":"pt-PT"}]}},"_links":{"self":[{"href":"https:\/\/vivalr.com\/pt\/wp-json\/wp\/v2\/product\/3473","targetHints":{"allow":["GET"]}}],"collection":[{"href":"https:\/\/vivalr.com\/pt\/wp-json\/wp\/v2\/product"}],"about":[{"href":"https:\/\/vivalr.com\/pt\/wp-json\/wp\/v2\/types\/product"}],"replies":[{"embeddable":true,"href":"https:\/\/vivalr.com\/pt\/wp-json\/wp\/v2\/comments?post=3473"}],"wp:featuredmedia":[{"embeddable":true,"href":"https:\/\/vivalr.com\/pt\/wp-json\/wp\/v2\/media\/22881"}],"wp:attachment":[{"href":"https:\/\/vivalr.com\/pt\/wp-json\/wp\/v2\/media?parent=3473"}],"wp:term":[{"taxonomy":"product_brand","embeddable":true,"href":"https:\/\/vivalr.com\/pt\/wp-json\/wp\/v2\/product_brand?post=3473"},{"taxonomy":"product_cat","embeddable":true,"href":"https:\/\/vivalr.com\/pt\/wp-json\/wp\/v2\/product_cat?post=3473"},{"taxonomy":"product_tag","embeddable":true,"href":"https:\/\/vivalr.com\/pt\/wp-json\/wp\/v2\/product_tag?post=3473"}],"curies":[{"name":"wp","href":"https:\/\/api.w.org\/{rel}","templated":true}]}}