{"id":45,"date":"2025-03-07T12:05:04","date_gmt":"2025-03-07T12:05:04","guid":{"rendered":"https:\/\/vivalr.com\/product\/45.html"},"modified":"2025-03-07T12:21:17","modified_gmt":"2025-03-07T12:21:17","slug":"factory-supply-d-pantothenic-acid-cas-79-83-4-with-best-price","status":"publish","type":"product","link":"https:\/\/vivalr.com\/pt\/product\/45.html","title":{"rendered":"Fornecimento de F\u00e1brica de \u00c1cido D-Pantot\u00e9nico CAS 79-83-4 com Melhor Pre\u00e7o"},"content":{"rendered":"<h1>\u00c1cido D-Pantot\u00e9nico (CAS 79-83-4) - Fornecimento de f\u00e1brica de alta qualidade a pre\u00e7os competitivos<\/h1>\n<div class=\"toc\">\n<h2>\u00cdndice<\/h2>\n<ul>\n<li><a href=\"#product-info\">1. Vis\u00e3o geral do produto<\/a><\/li>\n<li><a href=\"#applications\">2. Principais aplica\u00e7\u00f5es<\/a><\/li>\n<li><a href=\"#usage\">3. Diretrizes de utiliza\u00e7\u00e3o<\/a><\/li>\n<li><a href=\"#case-studies\">4. Casos pr\u00e1ticos de utiliza\u00e7\u00e3o<\/a><\/li>\n<li><a href=\"#contact\">5. Contactar-nos<\/a><\/li>\n<\/ul><\/div>\n<div id=\"product-info\">\n<h2>1. Vis\u00e3o geral do produto: \u00c1cido D-Pantot\u00e9nico (CAS 79-83-4)<\/h2>\n<p><strong>Nome qu\u00edmico:<\/strong> \u00c1cido D-Pantot\u00e9nico<\/p>\n<p><strong>N\u00famero CAS:<\/strong> 79-83-4<\/p>\n<p><strong>F\u00f3rmula molecular:<\/strong> C<sub>9<\/sub>H<sub>17<\/sub>N\u00c3O<sub>5<\/sub><\/p>\n<p><strong>Apar\u00eancia:<\/strong> P\u00f3 cristalino branco a esbranqui\u00e7ado<\/p>\n<p><strong>Pureza:<\/strong> \u226598% (Grau HPLC)<\/p>\n<p><strong>Embalagem:<\/strong> 25 kg\/tambor ou embalagem personalizada dispon\u00edvel<\/p>\n<p><strong>Armazenamento:<\/strong> Conservar em local fresco e seco a 2-8\u00b0C<\/p>\n<\/p><\/div>\n<div id=\"applications\">\n<h2>2. Principais aplica\u00e7\u00f5es do \u00e1cido D-pantot\u00e9nico<\/h2>\n<p>O \u00c1cido D-Pantot\u00e9nico, uma forma vital de Vitamina B5, \u00e9 amplamente utilizado em..:<\/p>\n<ul>\n<li><strong>Produtos farmac\u00eauticos:<\/strong> Essencial para a s\u00edntese da coenzima A<\/li>\n<li><strong>Nutrac\u00eauticos:<\/strong> Suplementos alimentares para o metabolismo energ\u00e9tico<\/li>\n<li><strong>Cosm\u00e9ticos:<\/strong> Agente hidratante em formula\u00e7\u00f5es de cuidados da pele<\/li>\n<li><strong>Alimenta\u00e7\u00e3o animal:<\/strong> Favorece o crescimento e a vitalidade do gado<\/li>\n<li><strong>Aditivos alimentares:<\/strong> Fortifica\u00e7\u00e3o de alimentos transformados<\/li>\n<\/ul><\/div>\n<div id=\"usage\">\n<h2>3. Diretrizes de utiliza\u00e7\u00e3o profissional<\/h2>\n<h3>Dosagem recomendada:<\/h3>\n<ul>\n<li>Suplementos: 5-10 mg\/dia para adultos<\/li>\n<li>Formula\u00e7\u00f5es cosm\u00e9ticas: 0,5-2% w\/w<\/li>\n<li>Alimenta\u00e7\u00e3o animal: 10-50 mg\/kg de alimento<\/li>\n<\/ul>\n<h3>Instru\u00e7\u00f5es de manuseamento:<\/h3>\n<ol>\n<li>Utilizar EPI (luvas, \u00f3culos de prote\u00e7\u00e3o) durante o manuseamento<\/li>\n<li>Conservar em recipientes herm\u00e9ticos ao abrigo da luz<\/li>\n<li>Para a prepara\u00e7\u00e3o da solu\u00e7\u00e3o: dissolver em \u00e1gua morna (40-50\u00b0C)<\/li>\n<\/ol><\/div>\n<div id=\"case-studies\">\n<h2>4. Casos de utiliza\u00e7\u00e3o espec\u00edficos do sector<\/h2>\n<h3>Caso 1: Fabrico de suplementos alimentares<\/h3>\n<p>Utilizado em comprimidos multivitam\u00ednicos a 7 mg\/dose para apoiar a fun\u00e7\u00e3o adrenal e a produ\u00e7\u00e3o de energia celular.<\/p>\n<h3>Caso 2: S\u00e9rum de cuidados da pele anti-envelhecimento<\/h3>\n<p>Formulado com uma concentra\u00e7\u00e3o de 1,2% em s\u00e9runs \u00e0 base de \u00e1cido hialur\u00f3nico para melhorar a hidrata\u00e7\u00e3o e a elasticidade da pele.<\/p>\n<\/p><\/div>\n<div id=\"contact\">\n<h2>5. Contactar os nossos especialistas em produtos qu\u00edmicos<\/h2>\n<p><strong>Correio eletr\u00f3nico:<\/strong> <a href=\"mailto:info@vivalr.com\">info@vivalr.com<\/a><\/p>\n<p><strong>Telefone:<\/strong> (86) 15866781826<\/p>\n<p><strong>MOQ:<\/strong> 100 kg (flex\u00edvel para clientes de primeira ordem)<\/p>\n<p><strong>Certifica\u00e7\u00f5es:<\/strong> Conformidade com a norma ISO 9001, GMP e REACH<\/p>\n<\/p><\/div>","protected":false},"excerpt":{"rendered":"<p>D-Pantothenic Acid (CAS 79-83-4) \u2013 High-Quality Factory Supply at Competitive Prices Table of Contents 1. Product Overview 2. Key Applications 3. Usage Guidelines 4. Practical Use Cases 5. Contact Us 1. Product Overview: D-Pantothenic Acid (CAS 79-83-4) Chemical Name: D-Pantothenic Acid CAS Number: 79-83-4 Molecular Formula: C9H17NO5 Appearance: White to off-white crystalline powder Purity: \u226598% [&hellip;]<\/p>","protected":false},"featured_media":21207,"comment_status":"closed","ping_status":"open","template":"","meta":[],"product_brand":[],"product_cat":[15],"product_tag":[],"class_list":{"0":"post-45","1":"product","2":"type-product","3":"status-publish","4":"has-post-thumbnail","6":"product_cat-uncategorized","8":"first","9":"instock","10":"product-type-simple"},"yoast_head":"<!-- This site is optimized with the Yoast SEO Premium plugin v24.4 (Yoast SEO v25.0) - https:\/\/yoast.com\/wordpress\/plugins\/seo\/ -->\n<title>Factory Supply D-PANTOTHENIC ACID CAS 79-83-4 With Best Price - Welcome to VIVALR- Your Trusted Source for Chemical Raw Materials\uff01<\/title>\n<meta name=\"robots\" content=\"index, follow, max-snippet:-1, max-image-preview:large, max-video-preview:-1\" \/>\n<link rel=\"canonical\" href=\"https:\/\/vivalr.com\/pt\/product\/45.html\" \/>\n<meta property=\"og:locale\" content=\"pt_PT\" \/>\n<meta property=\"og:type\" content=\"article\" \/>\n<meta property=\"og:title\" content=\"Factory Supply D-PANTOTHENIC ACID CAS 79-83-4 With Best Price\" \/>\n<meta property=\"og:description\" content=\"D-Pantothenic Acid (CAS 79-83-4) \u2013 High-Quality Factory Supply at Competitive Prices Table of Contents 1. Product Overview 2. Key Applications 3. Usage Guidelines 4. Practical Use Cases 5. Contact Us 1. Product Overview: D-Pantothenic Acid (CAS 79-83-4) Chemical Name: D-Pantothenic Acid CAS Number: 79-83-4 Molecular Formula: C9H17NO5 Appearance: White to off-white crystalline powder Purity: \u226598% [&hellip;]\" \/>\n<meta property=\"og:url\" content=\"https:\/\/vivalr.com\/pt\/product\/45.html\" \/>\n<meta property=\"og:site_name\" content=\"Welcome to VIVALR- Your Trusted Source for Chemical Raw Materials\uff01\" \/>\n<meta property=\"article:modified_time\" content=\"2025-03-07T12:21:17+00:00\" \/>\n<meta property=\"og:image\" content=\"https:\/\/vivalr.com\/wp-content\/uploads\/2025\/03\/D-PANTOTHENIC-ACID-CAS-79-83-4.jpg\" \/>\n\t<meta property=\"og:image:width\" content=\"1163\" \/>\n\t<meta property=\"og:image:height\" content=\"1163\" \/>\n\t<meta property=\"og:image:type\" content=\"image\/jpeg\" \/>\n<meta name=\"twitter:card\" content=\"summary_large_image\" \/>\n<meta name=\"twitter:label1\" content=\"Tempo estimado de leitura\" \/>\n\t<meta name=\"twitter:data1\" content=\"1 minuto\" \/>\n<script type=\"application\/ld+json\" class=\"yoast-schema-graph\">{\"@context\":\"https:\/\/schema.org\",\"@graph\":[{\"@type\":\"WebPage\",\"@id\":\"https:\/\/vivalr.com\/product\/45.html\",\"url\":\"https:\/\/vivalr.com\/product\/45.html\",\"name\":\"Factory Supply D-PANTOTHENIC ACID CAS 79-83-4 With Best Price - Welcome to VIVALR- Your Trusted Source for Chemical Raw Materials\uff01\",\"isPartOf\":{\"@id\":\"https:\/\/vivalr.com\/#website\"},\"primaryImageOfPage\":{\"@id\":\"https:\/\/vivalr.com\/product\/45.html#primaryimage\"},\"image\":{\"@id\":\"https:\/\/vivalr.com\/product\/45.html#primaryimage\"},\"thumbnailUrl\":\"https:\/\/vivalr.com\/wp-content\/uploads\/2025\/03\/D-PANTOTHENIC-ACID-CAS-79-83-4.jpg\",\"datePublished\":\"2025-03-07T12:05:04+00:00\",\"dateModified\":\"2025-03-07T12:21:17+00:00\",\"breadcrumb\":{\"@id\":\"https:\/\/vivalr.com\/product\/45.html#breadcrumb\"},\"inLanguage\":\"pt-PT\",\"potentialAction\":[{\"@type\":\"ReadAction\",\"target\":[\"https:\/\/vivalr.com\/product\/45.html\"]}]},{\"@type\":\"ImageObject\",\"inLanguage\":\"pt-PT\",\"@id\":\"https:\/\/vivalr.com\/product\/45.html#primaryimage\",\"url\":\"https:\/\/vivalr.com\/wp-content\/uploads\/2025\/03\/D-PANTOTHENIC-ACID-CAS-79-83-4.jpg\",\"contentUrl\":\"https:\/\/vivalr.com\/wp-content\/uploads\/2025\/03\/D-PANTOTHENIC-ACID-CAS-79-83-4.jpg\",\"width\":1163,\"height\":1163},{\"@type\":\"BreadcrumbList\",\"@id\":\"https:\/\/vivalr.com\/product\/45.html#breadcrumb\",\"itemListElement\":[{\"@type\":\"ListItem\",\"position\":1,\"name\":\"Home\",\"item\":\"https:\/\/vivalr.com\/\"},{\"@type\":\"ListItem\",\"position\":2,\"name\":\"Shop\",\"item\":\"https:\/\/vivalr.com\/shop\/\"},{\"@type\":\"ListItem\",\"position\":3,\"name\":\"Factory Supply D-PANTOTHENIC ACID CAS 79-83-4 With Best Price\"}]},{\"@type\":\"WebSite\",\"@id\":\"https:\/\/vivalr.com\/#website\",\"url\":\"https:\/\/vivalr.com\/\",\"name\":\"Welcome to VIVALR- Your Trusted Source for Chemical Raw Materials\uff01\",\"description\":\"Discover a wide range of high-quality chemical raw materials to meet your industrial needs. Our commitment to excellence ensures that you get the best products and services.\",\"potentialAction\":[{\"@type\":\"SearchAction\",\"target\":{\"@type\":\"EntryPoint\",\"urlTemplate\":\"https:\/\/vivalr.com\/?s={search_term_string}\"},\"query-input\":{\"@type\":\"PropertyValueSpecification\",\"valueRequired\":true,\"valueName\":\"search_term_string\"}}],\"inLanguage\":\"pt-PT\"}]}<\/script>\n<!-- \/ Yoast SEO Premium plugin. -->","yoast_head_json":{"title":"Fornecimento de f\u00e1brica de \u00c1cido D-Pantot\u00eanico CAS 79-83-4 com melhor pre\u00e7o - Bem-vindo ao VIVALR- Sua fonte confi\u00e1vel de mat\u00e9rias-primas qu\u00edmicas\uff01","robots":{"index":"index","follow":"follow","max-snippet":"max-snippet:-1","max-image-preview":"max-image-preview:large","max-video-preview":"max-video-preview:-1"},"canonical":"https:\/\/vivalr.com\/pt\/product\/45.html","og_locale":"pt_PT","og_type":"article","og_title":"Factory Supply D-PANTOTHENIC ACID CAS 79-83-4 With Best Price","og_description":"D-Pantothenic Acid (CAS 79-83-4) \u2013 High-Quality Factory Supply at Competitive Prices Table of Contents 1. Product Overview 2. Key Applications 3. Usage Guidelines 4. Practical Use Cases 5. Contact Us 1. Product Overview: D-Pantothenic Acid (CAS 79-83-4) Chemical Name: D-Pantothenic Acid CAS Number: 79-83-4 Molecular Formula: C9H17NO5 Appearance: White to off-white crystalline powder Purity: \u226598% [&hellip;]","og_url":"https:\/\/vivalr.com\/pt\/product\/45.html","og_site_name":"Welcome to VIVALR- Your Trusted Source for Chemical Raw Materials\uff01","article_modified_time":"2025-03-07T12:21:17+00:00","og_image":[{"width":1163,"height":1163,"url":"https:\/\/vivalr.com\/wp-content\/uploads\/2025\/03\/D-PANTOTHENIC-ACID-CAS-79-83-4.jpg","type":"image\/jpeg"}],"twitter_card":"summary_large_image","twitter_misc":{"Tempo estimado de leitura":"1 minuto"},"schema":{"@context":"https:\/\/schema.org","@graph":[{"@type":"WebPage","@id":"https:\/\/vivalr.com\/product\/45.html","url":"https:\/\/vivalr.com\/product\/45.html","name":"Fornecimento de f\u00e1brica de \u00c1cido D-Pantot\u00eanico CAS 79-83-4 com melhor pre\u00e7o - Bem-vindo ao VIVALR- Sua fonte confi\u00e1vel de mat\u00e9rias-primas qu\u00edmicas\uff01","isPartOf":{"@id":"https:\/\/vivalr.com\/#website"},"primaryImageOfPage":{"@id":"https:\/\/vivalr.com\/product\/45.html#primaryimage"},"image":{"@id":"https:\/\/vivalr.com\/product\/45.html#primaryimage"},"thumbnailUrl":"https:\/\/vivalr.com\/wp-content\/uploads\/2025\/03\/D-PANTOTHENIC-ACID-CAS-79-83-4.jpg","datePublished":"2025-03-07T12:05:04+00:00","dateModified":"2025-03-07T12:21:17+00:00","breadcrumb":{"@id":"https:\/\/vivalr.com\/product\/45.html#breadcrumb"},"inLanguage":"pt-PT","potentialAction":[{"@type":"ReadAction","target":["https:\/\/vivalr.com\/product\/45.html"]}]},{"@type":"ImageObject","inLanguage":"pt-PT","@id":"https:\/\/vivalr.com\/product\/45.html#primaryimage","url":"https:\/\/vivalr.com\/wp-content\/uploads\/2025\/03\/D-PANTOTHENIC-ACID-CAS-79-83-4.jpg","contentUrl":"https:\/\/vivalr.com\/wp-content\/uploads\/2025\/03\/D-PANTOTHENIC-ACID-CAS-79-83-4.jpg","width":1163,"height":1163},{"@type":"BreadcrumbList","@id":"https:\/\/vivalr.com\/product\/45.html#breadcrumb","itemListElement":[{"@type":"ListItem","position":1,"name":"Home","item":"https:\/\/vivalr.com\/"},{"@type":"ListItem","position":2,"name":"Shop","item":"https:\/\/vivalr.com\/shop\/"},{"@type":"ListItem","position":3,"name":"Factory Supply D-PANTOTHENIC ACID CAS 79-83-4 With Best Price"}]},{"@type":"WebSite","@id":"https:\/\/vivalr.com\/#website","url":"https:\/\/vivalr.com\/","name":"Bem-vindo ao VIVALR- Sua fonte confi\u00e1vel de mat\u00e9rias-primas qu\u00edmicas\uff01","description":"Descubra uma vasta gama de mat\u00e9rias-primas qu\u00edmicas de alta qualidade para satisfazer as suas necessidades industriais. O nosso compromisso com a excel\u00eancia garante-lhe os melhores produtos e servi\u00e7os.","potentialAction":[{"@type":"SearchAction","target":{"@type":"EntryPoint","urlTemplate":"https:\/\/vivalr.com\/?s={search_term_string}"},"query-input":{"@type":"PropertyValueSpecification","valueRequired":true,"valueName":"search_term_string"}}],"inLanguage":"pt-PT"}]}},"_links":{"self":[{"href":"https:\/\/vivalr.com\/pt\/wp-json\/wp\/v2\/product\/45","targetHints":{"allow":["GET"]}}],"collection":[{"href":"https:\/\/vivalr.com\/pt\/wp-json\/wp\/v2\/product"}],"about":[{"href":"https:\/\/vivalr.com\/pt\/wp-json\/wp\/v2\/types\/product"}],"replies":[{"embeddable":true,"href":"https:\/\/vivalr.com\/pt\/wp-json\/wp\/v2\/comments?post=45"}],"wp:featuredmedia":[{"embeddable":true,"href":"https:\/\/vivalr.com\/pt\/wp-json\/wp\/v2\/media\/21207"}],"wp:attachment":[{"href":"https:\/\/vivalr.com\/pt\/wp-json\/wp\/v2\/media?parent=45"}],"wp:term":[{"taxonomy":"product_brand","embeddable":true,"href":"https:\/\/vivalr.com\/pt\/wp-json\/wp\/v2\/product_brand?post=45"},{"taxonomy":"product_cat","embeddable":true,"href":"https:\/\/vivalr.com\/pt\/wp-json\/wp\/v2\/product_cat?post=45"},{"taxonomy":"product_tag","embeddable":true,"href":"https:\/\/vivalr.com\/pt\/wp-json\/wp\/v2\/product_tag?post=45"}],"curies":[{"name":"wp","href":"https:\/\/api.w.org\/{rel}","templated":true}]}}