{"id":4640,"date":"2025-03-07T12:10:05","date_gmt":"2025-03-07T12:10:05","guid":{"rendered":"https:\/\/vivalr.com\/product\/4640.html"},"modified":"2025-03-07T12:29:56","modified_gmt":"2025-03-07T12:29:56","slug":"factory-supply-lemon-eucalyptus-oil-cas-85203-56-1-with-good-price","status":"publish","type":"product","link":"https:\/\/vivalr.com\/pt\/product\/4640.html","title":{"rendered":"Fornecimento de f\u00e1brica de \u00f3leo de eucalipto de lim\u00e3o CAS 85203-56-1 com bom pre\u00e7o"},"content":{"rendered":"<h1>Fornecimento de f\u00e1brica de \u00f3leo de eucalipto de lim\u00e3o CAS 85203 - 56 - 1 com bom pre\u00e7o: Guia do utilizador<\/h1>\n<h2>\u00cdndice<\/h2>\n<ul>\n<li><a href=\"#basicInfo\">Informa\u00e7\u00f5es e par\u00e2metros b\u00e1sicos<\/a><\/li>\n<li><a href=\"#uses\">Utiliza\u00e7\u00f5es do \u00f3leo de eucalipto-lim\u00e3o<\/a><\/li>\n<li><a href=\"#usage\">Como utilizar o \u00f3leo de eucalipto-lim\u00e3o<\/a><\/li>\n<li><a href=\"#caseStudies\">Estudos de casos de utiliza\u00e7\u00e3o<\/a><\/li>\n<li><a href=\"#contact\">Informa\u00e7\u00f5es de contacto<\/a><\/li>\n<\/ul>\n<h2 id=\"basicInfo\">Informa\u00e7\u00f5es e par\u00e2metros b\u00e1sicos<\/h2>\n<p>O \u00f3leo de eucalipto lim\u00e3o, com o n\u00famero CAS 85203 - 56 - 1, \u00e9 um \u00f3leo essencial natural extra\u00eddo da \u00e1rvore de eucalipto lim\u00e3o. Este produto \u00e9 fornecido pela f\u00e1brica, o que garante um fornecimento est\u00e1vel e de alta qualidade. \u00c9 conhecido pelo seu aroma fresco de lim\u00e3o com um toque de eucalipto.<\/p>\n<p>O \u00f3leo \u00e9 rico em ingredientes activos como o Citronelal, que lhe confere o seu cheiro carater\u00edstico e muitas das suas propriedades ben\u00e9ficas. A pureza deste \u00f3leo de eucalipto-lim\u00e3o \u00e9 cuidadosamente controlada durante o processo de fabrico para cumprir os mais elevados padr\u00f5es da ind\u00fastria. Est\u00e1 normalmente dispon\u00edvel em v\u00e1rios tamanhos de embalagem para satisfazer as diferentes necessidades dos clientes, desde pequenos frascos de amostra a grandes contentores a granel.<\/p>\n<h2 id=\"uses\">Utiliza\u00e7\u00f5es do \u00f3leo de eucalipto-lim\u00e3o<\/h2>\n<p>Uma das utiliza\u00e7\u00f5es mais conhecidas do \u00f3leo de eucalipto-lim\u00e3o \u00e9 como repelente natural de insectos. O \u00f3leo cont\u00e9m compostos que s\u00e3o eficazes para repelir mosquitos, carra\u00e7as e outros insectos que picam. Pode ser uma excelente alternativa aos repelentes de insectos de base qu\u00edmica, especialmente para quem prefere produtos naturais. <\/p>\n<p>Tamb\u00e9m tem propriedades antibacterianas e antif\u00fangicas. Isto torna-o \u00fatil no tratamento de infec\u00e7\u00f5es cut\u00e2neas menores, cortes e arranh\u00f5es. O \u00f3leo pode ser adicionado a produtos de limpeza naturais para aumentar o seu poder desinfetante. Na aromaterapia, o \u00f3leo de eucalipto-lim\u00e3o pode ajudar a aliviar o stress, melhorar a clareza mental e melhorar o humor devido ao seu aroma refrescante.<\/p>\n<h2 id=\"usage\">Como utilizar o \u00f3leo de eucalipto-lim\u00e3o<\/h2>\n<p>Como repelente de insectos, pode diluir o \u00f3leo de eucalipto-lim\u00e3o com um \u00f3leo de base, como o \u00f3leo de coco ou o \u00f3leo de jojoba, numa propor\u00e7\u00e3o de cerca de 1:10. De seguida, aplique-o nas \u00e1reas expostas da pele antes de sair para o exterior. No entanto, n\u00e3o deve ser utilizado em crian\u00e7as com menos de 3 anos de idade sem consultar um m\u00e9dico. <\/p>\n<p>Para cuidados com a pele, misture algumas gotas do \u00f3leo com uma lo\u00e7\u00e3o ou creme suave e aplique-o na \u00e1rea afetada. Se o utilizar para limpeza, adicione 5 a 10 gotas do \u00f3leo a um frasco de spray cheio de \u00e1gua e utilize-o para limpar superf\u00edcies como bancadas e pavimentos. Na aromaterapia, pode utilizar um difusor de \u00f3leos essenciais. Adicione 3 a 5 gotas de \u00f3leo de eucalipto-lim\u00e3o \u00e0 \u00e1gua do difusor e deixe-o dispersar a fragr\u00e2ncia por toda a divis\u00e3o.<\/p>\n<h2 id=\"caseStudies\">Estudos de casos de utiliza\u00e7\u00e3o<\/h2>\n<p>Caso 1: Uma fam\u00edlia foi acampar numa zona infestada de mosquitos. Utilizaram um repelente de insectos caseiro feito com \u00f3leo de eucalipto-lim\u00e3o dilu\u00eddo em \u00f3leo de coco. Aplicaram-no na pele e na roupa antes de sa\u00edrem \u00e0 noite. As pessoas relataram que foram picadas significativamente menos do que em acampamentos anteriores, quando usaram repelentes \u00e0 base de produtos qu\u00edmicos. O cheiro natural do \u00f3leo tamb\u00e9m era mais agrad\u00e1vel para eles.<\/p>\n<p>Caso 2: Uma pessoa tinha uma erup\u00e7\u00e3o cut\u00e2nea ligeira no bra\u00e7o. A pessoa misturou algumas gotas de \u00f3leo de eucalipto-lim\u00e3o com uma lo\u00e7\u00e3o hidratante e aplicou-a na erup\u00e7\u00e3o cut\u00e2nea duas vezes por dia. Em poucos dias, a vermelhid\u00e3o e a comich\u00e3o diminu\u00edram e a erup\u00e7\u00e3o cut\u00e2nea come\u00e7ou a sarar. As propriedades antibacterianas e anti-inflamat\u00f3rias do \u00f3leo parecem ter ajudado no processo de recupera\u00e7\u00e3o.<\/p>\n<p>Caso 3: Um pequeno escrit\u00f3rio utilizou um spray de limpeza \u00e0 base de \u00f3leo de eucalipto-lim\u00e3o para limpar as suas secret\u00e1rias e equipamento. Notaram que o escrit\u00f3rio tinha um cheiro mais fresco e houve uma redu\u00e7\u00e3o no n\u00famero de dias de baixa entre os empregados, possivelmente devido \u00e0s propriedades antibacterianas do \u00f3leo que reduzem a propaga\u00e7\u00e3o de germes.<\/p>\n<h2 id=\"contact\">Informa\u00e7\u00f5es de contacto<\/h2>\n<p>Se voc\u00ea tiver alguma d\u00favida sobre o nosso \u00f3leo de eucalipto de lim\u00e3o de fornecimento de f\u00e1brica CAS 85203 - 56 - 1, n\u00e3o hesite em contactar-nos. Voc\u00ea pode contactar-nos atrav\u00e9s do e-mail info@vivalr.com ou ligue para (86) 15866781826.<\/p>","protected":false},"excerpt":{"rendered":"<p>Factory Supply Lemon Eucalyptus oil CAS 85203 - 56 - 1 With Good Price: User Guide Table of Contents Basic Information and Parameters Uses of Lemon Eucalyptus Oil How to Use Lemon Eucalyptus Oil Usage Case Studies Contact Information Basic Information and Parameters Lemon Eucalyptus oil, with the CAS number 85203 - 56 - 1, [&hellip;]<\/p>","protected":false},"featured_media":23459,"comment_status":"closed","ping_status":"open","template":"","meta":[],"product_brand":[],"product_cat":[15],"product_tag":[],"class_list":{"0":"post-4640","1":"product","2":"type-product","3":"status-publish","4":"has-post-thumbnail","6":"product_cat-uncategorized","8":"first","9":"instock","10":"product-type-simple"},"yoast_head":"<!-- This site is optimized with the Yoast SEO Premium plugin v24.4 (Yoast SEO v25.0) - https:\/\/yoast.com\/wordpress\/plugins\/seo\/ -->\n<title>Factory Supply Lemon Eucalyptus oil CAS 85203-56-1 With Good Price - Welcome to VIVALR- Your Trusted Source for Chemical Raw Materials\uff01<\/title>\n<meta name=\"robots\" content=\"index, follow, max-snippet:-1, max-image-preview:large, max-video-preview:-1\" \/>\n<link rel=\"canonical\" href=\"https:\/\/vivalr.com\/pt\/product\/4640.html\" \/>\n<meta property=\"og:locale\" content=\"pt_PT\" \/>\n<meta property=\"og:type\" content=\"article\" \/>\n<meta property=\"og:title\" content=\"Factory Supply Lemon Eucalyptus oil CAS 85203-56-1 With Good Price\" \/>\n<meta property=\"og:description\" content=\"Factory Supply Lemon Eucalyptus oil CAS 85203 - 56 - 1 With Good Price: User Guide Table of Contents Basic Information and Parameters Uses of Lemon Eucalyptus Oil How to Use Lemon Eucalyptus Oil Usage Case Studies Contact Information Basic Information and Parameters Lemon Eucalyptus oil, with the CAS number 85203 - 56 - 1, [&hellip;]\" \/>\n<meta property=\"og:url\" content=\"https:\/\/vivalr.com\/pt\/product\/4640.html\" \/>\n<meta property=\"og:site_name\" content=\"Welcome to VIVALR- Your Trusted Source for Chemical Raw Materials\uff01\" \/>\n<meta property=\"article:modified_time\" content=\"2025-03-07T12:29:56+00:00\" \/>\n<meta property=\"og:image\" content=\"https:\/\/vivalr.com\/wp-content\/uploads\/2025\/03\/Lemon-Eucalyptus-oil-CAS-85203-56-1.jpg\" \/>\n\t<meta property=\"og:image:width\" content=\"350\" \/>\n\t<meta property=\"og:image:height\" content=\"350\" \/>\n\t<meta property=\"og:image:type\" content=\"image\/jpeg\" \/>\n<meta name=\"twitter:card\" content=\"summary_large_image\" \/>\n<meta name=\"twitter:label1\" content=\"Tempo estimado de leitura\" \/>\n\t<meta name=\"twitter:data1\" content=\"3 minutos\" \/>\n<script type=\"application\/ld+json\" class=\"yoast-schema-graph\">{\"@context\":\"https:\/\/schema.org\",\"@graph\":[{\"@type\":\"WebPage\",\"@id\":\"https:\/\/vivalr.com\/product\/4640.html\",\"url\":\"https:\/\/vivalr.com\/product\/4640.html\",\"name\":\"Factory Supply Lemon Eucalyptus oil CAS 85203-56-1 With Good Price - Welcome to VIVALR- Your Trusted Source for Chemical Raw Materials\uff01\",\"isPartOf\":{\"@id\":\"https:\/\/vivalr.com\/#website\"},\"primaryImageOfPage\":{\"@id\":\"https:\/\/vivalr.com\/product\/4640.html#primaryimage\"},\"image\":{\"@id\":\"https:\/\/vivalr.com\/product\/4640.html#primaryimage\"},\"thumbnailUrl\":\"https:\/\/vivalr.com\/wp-content\/uploads\/2025\/03\/Lemon-Eucalyptus-oil-CAS-85203-56-1.jpg\",\"datePublished\":\"2025-03-07T12:10:05+00:00\",\"dateModified\":\"2025-03-07T12:29:56+00:00\",\"breadcrumb\":{\"@id\":\"https:\/\/vivalr.com\/product\/4640.html#breadcrumb\"},\"inLanguage\":\"pt-PT\",\"potentialAction\":[{\"@type\":\"ReadAction\",\"target\":[\"https:\/\/vivalr.com\/product\/4640.html\"]}]},{\"@type\":\"ImageObject\",\"inLanguage\":\"pt-PT\",\"@id\":\"https:\/\/vivalr.com\/product\/4640.html#primaryimage\",\"url\":\"https:\/\/vivalr.com\/wp-content\/uploads\/2025\/03\/Lemon-Eucalyptus-oil-CAS-85203-56-1.jpg\",\"contentUrl\":\"https:\/\/vivalr.com\/wp-content\/uploads\/2025\/03\/Lemon-Eucalyptus-oil-CAS-85203-56-1.jpg\",\"width\":350,\"height\":350},{\"@type\":\"BreadcrumbList\",\"@id\":\"https:\/\/vivalr.com\/product\/4640.html#breadcrumb\",\"itemListElement\":[{\"@type\":\"ListItem\",\"position\":1,\"name\":\"Home\",\"item\":\"https:\/\/vivalr.com\/\"},{\"@type\":\"ListItem\",\"position\":2,\"name\":\"Shop\",\"item\":\"https:\/\/vivalr.com\/shop\/\"},{\"@type\":\"ListItem\",\"position\":3,\"name\":\"Factory Supply Lemon Eucalyptus oil CAS 85203-56-1 With Good Price\"}]},{\"@type\":\"WebSite\",\"@id\":\"https:\/\/vivalr.com\/#website\",\"url\":\"https:\/\/vivalr.com\/\",\"name\":\"Welcome to VIVALR- Your Trusted Source for Chemical Raw Materials\uff01\",\"description\":\"Discover a wide range of high-quality chemical raw materials to meet your industrial needs. Our commitment to excellence ensures that you get the best products and services.\",\"potentialAction\":[{\"@type\":\"SearchAction\",\"target\":{\"@type\":\"EntryPoint\",\"urlTemplate\":\"https:\/\/vivalr.com\/?s={search_term_string}\"},\"query-input\":{\"@type\":\"PropertyValueSpecification\",\"valueRequired\":true,\"valueName\":\"search_term_string\"}}],\"inLanguage\":\"pt-PT\"}]}<\/script>\n<!-- \/ Yoast SEO Premium plugin. -->","yoast_head_json":{"title":"Fornecimento de f\u00e1brica de \u00f3leo de eucalipto de lim\u00e3o CAS 85203-56-1 com bom pre\u00e7o - Bem-vindo ao VIVALR- Sua fonte confi\u00e1vel de mat\u00e9rias-primas qu\u00edmicas\uff01","robots":{"index":"index","follow":"follow","max-snippet":"max-snippet:-1","max-image-preview":"max-image-preview:large","max-video-preview":"max-video-preview:-1"},"canonical":"https:\/\/vivalr.com\/pt\/product\/4640.html","og_locale":"pt_PT","og_type":"article","og_title":"Factory Supply Lemon Eucalyptus oil CAS 85203-56-1 With Good Price","og_description":"Factory Supply Lemon Eucalyptus oil CAS 85203 - 56 - 1 With Good Price: User Guide Table of Contents Basic Information and Parameters Uses of Lemon Eucalyptus Oil How to Use Lemon Eucalyptus Oil Usage Case Studies Contact Information Basic Information and Parameters Lemon Eucalyptus oil, with the CAS number 85203 - 56 - 1, [&hellip;]","og_url":"https:\/\/vivalr.com\/pt\/product\/4640.html","og_site_name":"Welcome to VIVALR- Your Trusted Source for Chemical Raw Materials\uff01","article_modified_time":"2025-03-07T12:29:56+00:00","og_image":[{"width":350,"height":350,"url":"https:\/\/vivalr.com\/wp-content\/uploads\/2025\/03\/Lemon-Eucalyptus-oil-CAS-85203-56-1.jpg","type":"image\/jpeg"}],"twitter_card":"summary_large_image","twitter_misc":{"Tempo estimado de leitura":"3 minutos"},"schema":{"@context":"https:\/\/schema.org","@graph":[{"@type":"WebPage","@id":"https:\/\/vivalr.com\/product\/4640.html","url":"https:\/\/vivalr.com\/product\/4640.html","name":"Fornecimento de f\u00e1brica de \u00f3leo de eucalipto de lim\u00e3o CAS 85203-56-1 com bom pre\u00e7o - Bem-vindo ao VIVALR- Sua fonte confi\u00e1vel de mat\u00e9rias-primas qu\u00edmicas\uff01","isPartOf":{"@id":"https:\/\/vivalr.com\/#website"},"primaryImageOfPage":{"@id":"https:\/\/vivalr.com\/product\/4640.html#primaryimage"},"image":{"@id":"https:\/\/vivalr.com\/product\/4640.html#primaryimage"},"thumbnailUrl":"https:\/\/vivalr.com\/wp-content\/uploads\/2025\/03\/Lemon-Eucalyptus-oil-CAS-85203-56-1.jpg","datePublished":"2025-03-07T12:10:05+00:00","dateModified":"2025-03-07T12:29:56+00:00","breadcrumb":{"@id":"https:\/\/vivalr.com\/product\/4640.html#breadcrumb"},"inLanguage":"pt-PT","potentialAction":[{"@type":"ReadAction","target":["https:\/\/vivalr.com\/product\/4640.html"]}]},{"@type":"ImageObject","inLanguage":"pt-PT","@id":"https:\/\/vivalr.com\/product\/4640.html#primaryimage","url":"https:\/\/vivalr.com\/wp-content\/uploads\/2025\/03\/Lemon-Eucalyptus-oil-CAS-85203-56-1.jpg","contentUrl":"https:\/\/vivalr.com\/wp-content\/uploads\/2025\/03\/Lemon-Eucalyptus-oil-CAS-85203-56-1.jpg","width":350,"height":350},{"@type":"BreadcrumbList","@id":"https:\/\/vivalr.com\/product\/4640.html#breadcrumb","itemListElement":[{"@type":"ListItem","position":1,"name":"Home","item":"https:\/\/vivalr.com\/"},{"@type":"ListItem","position":2,"name":"Shop","item":"https:\/\/vivalr.com\/shop\/"},{"@type":"ListItem","position":3,"name":"Factory Supply Lemon Eucalyptus oil CAS 85203-56-1 With Good Price"}]},{"@type":"WebSite","@id":"https:\/\/vivalr.com\/#website","url":"https:\/\/vivalr.com\/","name":"Bem-vindo ao VIVALR- Sua fonte confi\u00e1vel de mat\u00e9rias-primas qu\u00edmicas\uff01","description":"Descubra uma vasta gama de mat\u00e9rias-primas qu\u00edmicas de alta qualidade para satisfazer as suas necessidades industriais. O nosso compromisso com a excel\u00eancia garante-lhe os melhores produtos e servi\u00e7os.","potentialAction":[{"@type":"SearchAction","target":{"@type":"EntryPoint","urlTemplate":"https:\/\/vivalr.com\/?s={search_term_string}"},"query-input":{"@type":"PropertyValueSpecification","valueRequired":true,"valueName":"search_term_string"}}],"inLanguage":"pt-PT"}]}},"_links":{"self":[{"href":"https:\/\/vivalr.com\/pt\/wp-json\/wp\/v2\/product\/4640","targetHints":{"allow":["GET"]}}],"collection":[{"href":"https:\/\/vivalr.com\/pt\/wp-json\/wp\/v2\/product"}],"about":[{"href":"https:\/\/vivalr.com\/pt\/wp-json\/wp\/v2\/types\/product"}],"replies":[{"embeddable":true,"href":"https:\/\/vivalr.com\/pt\/wp-json\/wp\/v2\/comments?post=4640"}],"wp:featuredmedia":[{"embeddable":true,"href":"https:\/\/vivalr.com\/pt\/wp-json\/wp\/v2\/media\/23459"}],"wp:attachment":[{"href":"https:\/\/vivalr.com\/pt\/wp-json\/wp\/v2\/media?parent=4640"}],"wp:term":[{"taxonomy":"product_brand","embeddable":true,"href":"https:\/\/vivalr.com\/pt\/wp-json\/wp\/v2\/product_brand?post=4640"},{"taxonomy":"product_cat","embeddable":true,"href":"https:\/\/vivalr.com\/pt\/wp-json\/wp\/v2\/product_cat?post=4640"},{"taxonomy":"product_tag","embeddable":true,"href":"https:\/\/vivalr.com\/pt\/wp-json\/wp\/v2\/product_tag?post=4640"}],"curies":[{"name":"wp","href":"https:\/\/api.w.org\/{rel}","templated":true}]}}