{"id":49,"date":"2025-03-07T12:05:04","date_gmt":"2025-03-07T12:05:04","guid":{"rendered":"https:\/\/vivalr.com\/product\/49.html"},"modified":"2025-03-07T12:21:18","modified_gmt":"2025-03-07T12:21:18","slug":"factory-supply-1-hexadecylamine-cas-143-27-1-with-best-price","status":"publish","type":"product","link":"https:\/\/vivalr.com\/pt\/product\/49.html","title":{"rendered":"Fornecimento de f\u00e1brica de 1-Hexadecilamina CAS 143-27-1 com melhor pre\u00e7o"},"content":{"rendered":"<h1>1-Hexadecilamina CAS 143-27-1: Guia t\u00e9cnico e aplica\u00e7\u00f5es<\/h1>\n<p>    <!-- Table of Contents --><\/p>\n<div class=\"toc\">\n<h2>\u00cdndice<\/h2>\n<ul>\n<li><a href=\"#section1\">1. Vis\u00e3o geral do produto<\/a><\/li>\n<li><a href=\"#section2\">2. Principais aplica\u00e7\u00f5es<\/a><\/li>\n<li><a href=\"#section3\">3. Diretrizes de utiliza\u00e7\u00e3o<\/a><\/li>\n<li><a href=\"#section4\">4. Casos pr\u00e1ticos de utiliza\u00e7\u00e3o<\/a><\/li>\n<\/ul><\/div>\n<p>    <!-- Product Overview --><\/p>\n<section id=\"section1\">\n<h2>1. Vis\u00e3o geral do produto<\/h2>\n<p><strong>1-Hexadecilamina<\/strong> (CAS 143-27-1) \u00e9 um composto org\u00e2nico de elevada pureza com a f\u00f3rmula molecular C<sub>16<\/sub>H<sub>35<\/sub>N. As principais especifica\u00e7\u00f5es incluem:<\/p>\n<ul>\n<li>Aspeto: S\u00f3lido cristalino branco<\/li>\n<li>Pureza: \u226598%<\/li>\n<li>Ponto de fus\u00e3o: 46-49\u00b0C<\/li>\n<li>Ponto de ebuli\u00e7\u00e3o: 330\u00b0C<\/li>\n<li>Embalagem: 25kg\/tambor ou requisitos personalizados<\/li>\n<\/ul>\n<\/section>\n<p>    <!-- Key Applications --><\/p>\n<section id=\"section2\">\n<h2>2. Principais aplica\u00e7\u00f5es<\/h2>\n<p>A 1-Hexadecilamina tem m\u00faltiplas fun\u00e7\u00f5es industriais:<\/p>\n<ul>\n<li>Precursor de surfactantes para detergentes<\/li>\n<li>Inibidor de corros\u00e3o em oleodutos\/gasodutos<\/li>\n<li>Intermedi\u00e1rio em s\u00edntese farmac\u00eautica<\/li>\n<li>Agente de revestimento de nanomateriais<\/li>\n<li>Componente aditivo do lubrificante<\/li>\n<\/ul>\n<\/section>\n<p>    <!-- Usage Guidelines --><\/p>\n<section id=\"section3\">\n<h2>3. Diretrizes de utiliza\u00e7\u00e3o<\/h2>\n<h3>Manuseamento e armazenamento:<\/h3>\n<ul>\n<li>Utilizar EPI (luvas, \u00f3culos de prote\u00e7\u00e3o) durante o manuseamento<\/li>\n<li>Armazenar em ambiente fresco e seco (<25\u00b0C)<\/li>\n<li>Manter o recipiente hermeticamente fechado<\/li>\n<\/ul>\n<h3>Recomenda\u00e7\u00f5es de processamento:<\/h3>\n<ul>\n<li>Dissolver em etanol\/clorof\u00f3rmio antes da rea\u00e7\u00e3o<\/li>\n<li>Concentra\u00e7\u00e3o \u00f3ptima: 0,5-2% p\/v<\/li>\n<li>Gama de pH: 6,5-8,5 para um desempenho est\u00e1vel<\/li>\n<\/ul>\n<\/section>\n<p>    <!-- Practical Use Cases --><\/p>\n<section id=\"section4\">\n<h2>4. Casos pr\u00e1ticos de utiliza\u00e7\u00e3o<\/h2>\n<h3>Caso 1: Nanoencapsulamento farmac\u00eautico<\/h3>\n<p>Utilizado como estabilizador na s\u00edntese de nanopart\u00edculas carregadas com f\u00e1rmacos (concentra\u00e7\u00e3o de 5% w\/w), alcan\u00e7ando uma efici\u00eancia de encapsulamento de 92% para APIs hidrof\u00f3bicos.<\/p>\n<h3>Caso 2: Prote\u00e7\u00e3o contra a corros\u00e3o industrial<\/h3>\n<p>0.8% A 1-Hexadecilamina em formula\u00e7\u00f5es de revestimento de condutas reduz a taxa de corros\u00e3o do metal em 78% em ambientes salinos.<\/p>\n<h3>Caso 3: Formula\u00e7\u00f5es para cuidados pessoais<\/h3>\n<p>Como agente condicionador em produtos de champ\u00f4 (concentra\u00e7\u00e3o de 0,3-0,7%), melhora a suavidade do cabelo em 40% em m\u00e9dia.<\/p>\n<\/section>\n<p>    <!-- Contact --><\/p>\n<section id=\"contact\">\n<h2>Contacto para apoio t\u00e9cnico<\/h2>\n<p>Correio eletr\u00f3nico: <a href=\"mailto:info@vivalr.com\">info@vivalr.com<\/a><br \/>\n        Telefone: <a href=\"tel:+8615866781826\">(86) 15866781826<\/a><\/p>\n<\/section>","protected":false},"excerpt":{"rendered":"<p>1-Hexadecylamine CAS 143-27-1: Technical Guide &#038; Applications Table of Contents 1. Product Overview 2. Key Applications 3. Usage Guidelines 4. Practical Use Cases 1. Product Overview 1-Hexadecylamine (CAS 143-27-1) is a high-purity organic compound with the molecular formula C16H35N. Key specifications include: Appearance: White crystalline solid Purity: \u226598% Melting Point: 46-49\u00b0C Boiling Point: 330\u00b0C Packaging: [&hellip;]<\/p>","protected":false},"featured_media":21209,"comment_status":"closed","ping_status":"open","template":"","meta":[],"product_brand":[],"product_cat":[15],"product_tag":[],"class_list":{"0":"post-49","1":"product","2":"type-product","3":"status-publish","4":"has-post-thumbnail","6":"product_cat-uncategorized","8":"first","9":"instock","10":"product-type-simple"},"yoast_head":"<!-- This site is optimized with the Yoast SEO Premium plugin v24.4 (Yoast SEO v25.0) - https:\/\/yoast.com\/wordpress\/plugins\/seo\/ -->\n<title>Factory Supply 1-Hexadecylamine CAS 143-27-1 With Best Price - Welcome to VIVALR- Your Trusted Source for Chemical Raw Materials\uff01<\/title>\n<meta name=\"robots\" content=\"index, follow, max-snippet:-1, max-image-preview:large, max-video-preview:-1\" \/>\n<link rel=\"canonical\" href=\"https:\/\/vivalr.com\/pt\/product\/49.html\" \/>\n<meta property=\"og:locale\" content=\"pt_PT\" \/>\n<meta property=\"og:type\" content=\"article\" \/>\n<meta property=\"og:title\" content=\"Factory Supply 1-Hexadecylamine CAS 143-27-1 With Best Price\" \/>\n<meta property=\"og:description\" content=\"1-Hexadecylamine CAS 143-27-1: Technical Guide &amp; Applications Table of Contents 1. Product Overview 2. Key Applications 3. Usage Guidelines 4. Practical Use Cases 1. Product Overview 1-Hexadecylamine (CAS 143-27-1) is a high-purity organic compound with the molecular formula C16H35N. Key specifications include: Appearance: White crystalline solid Purity: \u226598% Melting Point: 46-49\u00b0C Boiling Point: 330\u00b0C Packaging: [&hellip;]\" \/>\n<meta property=\"og:url\" content=\"https:\/\/vivalr.com\/pt\/product\/49.html\" \/>\n<meta property=\"og:site_name\" content=\"Welcome to VIVALR- Your Trusted Source for Chemical Raw Materials\uff01\" \/>\n<meta property=\"article:modified_time\" content=\"2025-03-07T12:21:18+00:00\" \/>\n<meta property=\"og:image\" content=\"https:\/\/vivalr.com\/wp-content\/uploads\/2025\/03\/1-Hexadecylamine-CAS-143-27-1-1.jpg\" \/>\n\t<meta property=\"og:image:width\" content=\"400\" \/>\n\t<meta property=\"og:image:height\" content=\"400\" \/>\n\t<meta property=\"og:image:type\" content=\"image\/jpeg\" \/>\n<meta name=\"twitter:card\" content=\"summary_large_image\" \/>\n<meta name=\"twitter:label1\" content=\"Tempo estimado de leitura\" \/>\n\t<meta name=\"twitter:data1\" content=\"1 minuto\" \/>\n<script type=\"application\/ld+json\" class=\"yoast-schema-graph\">{\"@context\":\"https:\/\/schema.org\",\"@graph\":[{\"@type\":\"WebPage\",\"@id\":\"https:\/\/vivalr.com\/product\/49.html\",\"url\":\"https:\/\/vivalr.com\/product\/49.html\",\"name\":\"Factory Supply 1-Hexadecylamine CAS 143-27-1 With Best Price - Welcome to VIVALR- Your Trusted Source for Chemical Raw Materials\uff01\",\"isPartOf\":{\"@id\":\"https:\/\/vivalr.com\/#website\"},\"primaryImageOfPage\":{\"@id\":\"https:\/\/vivalr.com\/product\/49.html#primaryimage\"},\"image\":{\"@id\":\"https:\/\/vivalr.com\/product\/49.html#primaryimage\"},\"thumbnailUrl\":\"https:\/\/vivalr.com\/wp-content\/uploads\/2025\/03\/1-Hexadecylamine-CAS-143-27-1-1.jpg\",\"datePublished\":\"2025-03-07T12:05:04+00:00\",\"dateModified\":\"2025-03-07T12:21:18+00:00\",\"breadcrumb\":{\"@id\":\"https:\/\/vivalr.com\/product\/49.html#breadcrumb\"},\"inLanguage\":\"pt-PT\",\"potentialAction\":[{\"@type\":\"ReadAction\",\"target\":[\"https:\/\/vivalr.com\/product\/49.html\"]}]},{\"@type\":\"ImageObject\",\"inLanguage\":\"pt-PT\",\"@id\":\"https:\/\/vivalr.com\/product\/49.html#primaryimage\",\"url\":\"https:\/\/vivalr.com\/wp-content\/uploads\/2025\/03\/1-Hexadecylamine-CAS-143-27-1-1.jpg\",\"contentUrl\":\"https:\/\/vivalr.com\/wp-content\/uploads\/2025\/03\/1-Hexadecylamine-CAS-143-27-1-1.jpg\",\"width\":400,\"height\":400},{\"@type\":\"BreadcrumbList\",\"@id\":\"https:\/\/vivalr.com\/product\/49.html#breadcrumb\",\"itemListElement\":[{\"@type\":\"ListItem\",\"position\":1,\"name\":\"Home\",\"item\":\"https:\/\/vivalr.com\/\"},{\"@type\":\"ListItem\",\"position\":2,\"name\":\"Shop\",\"item\":\"https:\/\/vivalr.com\/shop\/\"},{\"@type\":\"ListItem\",\"position\":3,\"name\":\"Factory Supply 1-Hexadecylamine CAS 143-27-1 With Best Price\"}]},{\"@type\":\"WebSite\",\"@id\":\"https:\/\/vivalr.com\/#website\",\"url\":\"https:\/\/vivalr.com\/\",\"name\":\"Welcome to VIVALR- Your Trusted Source for Chemical Raw Materials\uff01\",\"description\":\"Discover a wide range of high-quality chemical raw materials to meet your industrial needs. Our commitment to excellence ensures that you get the best products and services.\",\"potentialAction\":[{\"@type\":\"SearchAction\",\"target\":{\"@type\":\"EntryPoint\",\"urlTemplate\":\"https:\/\/vivalr.com\/?s={search_term_string}\"},\"query-input\":{\"@type\":\"PropertyValueSpecification\",\"valueRequired\":true,\"valueName\":\"search_term_string\"}}],\"inLanguage\":\"pt-PT\"}]}<\/script>\n<!-- \/ Yoast SEO Premium plugin. -->","yoast_head_json":{"title":"Fornecimento de f\u00e1brica 1-Hexadecilamina CAS 143-27-1 com melhor pre\u00e7o - Bem-vindo ao VIVALR- Sua fonte confi\u00e1vel de mat\u00e9rias-primas qu\u00edmicas\uff01","robots":{"index":"index","follow":"follow","max-snippet":"max-snippet:-1","max-image-preview":"max-image-preview:large","max-video-preview":"max-video-preview:-1"},"canonical":"https:\/\/vivalr.com\/pt\/product\/49.html","og_locale":"pt_PT","og_type":"article","og_title":"Factory Supply 1-Hexadecylamine CAS 143-27-1 With Best Price","og_description":"1-Hexadecylamine CAS 143-27-1: Technical Guide & Applications Table of Contents 1. Product Overview 2. Key Applications 3. Usage Guidelines 4. Practical Use Cases 1. Product Overview 1-Hexadecylamine (CAS 143-27-1) is a high-purity organic compound with the molecular formula C16H35N. Key specifications include: Appearance: White crystalline solid Purity: \u226598% Melting Point: 46-49\u00b0C Boiling Point: 330\u00b0C Packaging: [&hellip;]","og_url":"https:\/\/vivalr.com\/pt\/product\/49.html","og_site_name":"Welcome to VIVALR- Your Trusted Source for Chemical Raw Materials\uff01","article_modified_time":"2025-03-07T12:21:18+00:00","og_image":[{"width":400,"height":400,"url":"https:\/\/vivalr.com\/wp-content\/uploads\/2025\/03\/1-Hexadecylamine-CAS-143-27-1-1.jpg","type":"image\/jpeg"}],"twitter_card":"summary_large_image","twitter_misc":{"Tempo estimado de leitura":"1 minuto"},"schema":{"@context":"https:\/\/schema.org","@graph":[{"@type":"WebPage","@id":"https:\/\/vivalr.com\/product\/49.html","url":"https:\/\/vivalr.com\/product\/49.html","name":"Fornecimento de f\u00e1brica 1-Hexadecilamina CAS 143-27-1 com melhor pre\u00e7o - Bem-vindo ao VIVALR- Sua fonte confi\u00e1vel de mat\u00e9rias-primas qu\u00edmicas\uff01","isPartOf":{"@id":"https:\/\/vivalr.com\/#website"},"primaryImageOfPage":{"@id":"https:\/\/vivalr.com\/product\/49.html#primaryimage"},"image":{"@id":"https:\/\/vivalr.com\/product\/49.html#primaryimage"},"thumbnailUrl":"https:\/\/vivalr.com\/wp-content\/uploads\/2025\/03\/1-Hexadecylamine-CAS-143-27-1-1.jpg","datePublished":"2025-03-07T12:05:04+00:00","dateModified":"2025-03-07T12:21:18+00:00","breadcrumb":{"@id":"https:\/\/vivalr.com\/product\/49.html#breadcrumb"},"inLanguage":"pt-PT","potentialAction":[{"@type":"ReadAction","target":["https:\/\/vivalr.com\/product\/49.html"]}]},{"@type":"ImageObject","inLanguage":"pt-PT","@id":"https:\/\/vivalr.com\/product\/49.html#primaryimage","url":"https:\/\/vivalr.com\/wp-content\/uploads\/2025\/03\/1-Hexadecylamine-CAS-143-27-1-1.jpg","contentUrl":"https:\/\/vivalr.com\/wp-content\/uploads\/2025\/03\/1-Hexadecylamine-CAS-143-27-1-1.jpg","width":400,"height":400},{"@type":"BreadcrumbList","@id":"https:\/\/vivalr.com\/product\/49.html#breadcrumb","itemListElement":[{"@type":"ListItem","position":1,"name":"Home","item":"https:\/\/vivalr.com\/"},{"@type":"ListItem","position":2,"name":"Shop","item":"https:\/\/vivalr.com\/shop\/"},{"@type":"ListItem","position":3,"name":"Factory Supply 1-Hexadecylamine CAS 143-27-1 With Best Price"}]},{"@type":"WebSite","@id":"https:\/\/vivalr.com\/#website","url":"https:\/\/vivalr.com\/","name":"Bem-vindo ao VIVALR- Sua fonte confi\u00e1vel de mat\u00e9rias-primas qu\u00edmicas\uff01","description":"Descubra uma vasta gama de mat\u00e9rias-primas qu\u00edmicas de alta qualidade para satisfazer as suas necessidades industriais. O nosso compromisso com a excel\u00eancia garante-lhe os melhores produtos e servi\u00e7os.","potentialAction":[{"@type":"SearchAction","target":{"@type":"EntryPoint","urlTemplate":"https:\/\/vivalr.com\/?s={search_term_string}"},"query-input":{"@type":"PropertyValueSpecification","valueRequired":true,"valueName":"search_term_string"}}],"inLanguage":"pt-PT"}]}},"_links":{"self":[{"href":"https:\/\/vivalr.com\/pt\/wp-json\/wp\/v2\/product\/49","targetHints":{"allow":["GET"]}}],"collection":[{"href":"https:\/\/vivalr.com\/pt\/wp-json\/wp\/v2\/product"}],"about":[{"href":"https:\/\/vivalr.com\/pt\/wp-json\/wp\/v2\/types\/product"}],"replies":[{"embeddable":true,"href":"https:\/\/vivalr.com\/pt\/wp-json\/wp\/v2\/comments?post=49"}],"wp:featuredmedia":[{"embeddable":true,"href":"https:\/\/vivalr.com\/pt\/wp-json\/wp\/v2\/media\/21209"}],"wp:attachment":[{"href":"https:\/\/vivalr.com\/pt\/wp-json\/wp\/v2\/media?parent=49"}],"wp:term":[{"taxonomy":"product_brand","embeddable":true,"href":"https:\/\/vivalr.com\/pt\/wp-json\/wp\/v2\/product_brand?post=49"},{"taxonomy":"product_cat","embeddable":true,"href":"https:\/\/vivalr.com\/pt\/wp-json\/wp\/v2\/product_cat?post=49"},{"taxonomy":"product_tag","embeddable":true,"href":"https:\/\/vivalr.com\/pt\/wp-json\/wp\/v2\/product_tag?post=49"}],"curies":[{"name":"wp","href":"https:\/\/api.w.org\/{rel}","templated":true}]}}