{"id":51,"date":"2025-03-07T12:05:04","date_gmt":"2025-03-07T12:05:04","guid":{"rendered":"https:\/\/vivalr.com\/product\/51.html"},"modified":"2025-03-07T12:21:18","modified_gmt":"2025-03-07T12:21:18","slug":"factory-supply-n-3-aminopropylmorpholine-cas-123-00-2-with-best-price","status":"publish","type":"product","link":"https:\/\/vivalr.com\/pt\/product\/51.html","title":{"rendered":"Fornecimento de f\u00e1brica N- (3-Aminopropil) morfolina Cas 123-00-2 com melhor pre\u00e7o"},"content":{"rendered":"<div class=\"product-guide\">\n<h1>N-(3-Aminopropil)morfolina CAS 123-00-2: Guia do fornecedor de produtos qu\u00edmicos de alta qualidade<\/h1>\n<p>        <!-- Table of Contents --><\/p>\n<div class=\"toc\">\n<h2>\u00cdndice<\/h2>\n<ul>\n<li><a href=\"#section1\">1. Vis\u00e3o geral do produto<\/a><\/li>\n<li><a href=\"#section2\">2. Principais aplica\u00e7\u00f5es<\/a><\/li>\n<li><a href=\"#section3\">3. Diretrizes de utiliza\u00e7\u00e3o<\/a><\/li>\n<li><a href=\"#section4\">4. Casos de utiliza\u00e7\u00e3o no mundo real<\/a><\/li>\n<li><a href=\"#contact\">Informa\u00e7\u00f5es de contacto<\/a><\/li>\n<\/ul><\/div>\n<p>        <!-- Product Overview --><\/p>\n<div id=\"section1\" class=\"section\">\n<h2>1. Vis\u00e3o geral do produto<\/h2>\n<p><strong>N-(3-Aminopropil)morfolina<\/strong> (CAS 123-00-2) \u00e9 um composto org\u00e2nico especializado com a f\u00f3rmula molecular C<sub>7<\/sub>H<sub>16<\/sub>N<sub>2<\/sub>O. As principais especifica\u00e7\u00f5es incluem:<\/p>\n<ul>\n<li>Aspeto: L\u00edquido l\u00edmpido incolor a amarelo p\u00e1lido<\/li>\n<li>Pureza: \u226598% (an\u00e1lise GC)<\/li>\n<li>Peso molecular: 144,22 g\/mol<\/li>\n<li>Densidade: 1,02 g\/cm<sup>3<\/sup> a 20\u00b0C<\/li>\n<li>Ponto de ebuli\u00e7\u00e3o: 245-247\u00b0C<\/li>\n<li>Embalagem: 25 kg\/tambor ou quantidades a granel personalizadas<\/li>\n<\/ul><\/div>\n<p>        <!-- Key Applications --><\/p>\n<div id=\"section2\" class=\"section\">\n<h2>2. Principais aplica\u00e7\u00f5es<\/h2>\n<p>Esta amina multifuncional \u00e9 amplamente utilizada em:<\/p>\n<ul>\n<li>Produtos farmac\u00eauticos interm\u00e9dios para a s\u00edntese de medicamentos<\/li>\n<li>Produ\u00e7\u00e3o de pol\u00edmeros como agente de cura\/extensor de cadeia<\/li>\n<li>S\u00edntese org\u00e2nica para transforma\u00e7\u00f5es de grupos funcionais<\/li>\n<li>Formula\u00e7\u00f5es de surfactantes em especialidades qu\u00edmicas<\/li>\n<li>Inibi\u00e7\u00e3o da corros\u00e3o em processos industriais<\/li>\n<\/ul><\/div>\n<p>        <!-- Usage Guidelines --><\/p>\n<div id=\"section3\" class=\"section\">\n<h2>3. Diretrizes de utiliza\u00e7\u00e3o<\/h2>\n<p><strong>Recomenda\u00e7\u00f5es de manuseamento:<\/strong><\/p>\n<ul>\n<li>Utilizar EPI (luvas, \u00f3culos de prote\u00e7\u00e3o, bata de laborat\u00f3rio) durante o manuseamento<\/li>\n<li>Armazenar em recipientes fechados em atmosfera inerte<\/li>\n<li>Manter a temperatura abaixo de 30\u00b0C em condi\u00e7\u00f5es secas<\/li>\n<li>Utilizar equipamento \u00e0 prova de explos\u00e3o no processamento<\/li>\n<li>Neutralizar os derrames com \u00e1cidos fracos antes de os eliminar<\/li>\n<\/ul><\/div>\n<p>        <!-- Real-World Use Cases --><\/p>\n<div id=\"section4\" class=\"section\">\n<h2>4. Casos de utiliza\u00e7\u00e3o no mundo real<\/h2>\n<p><strong>Estudo de caso 1: Produ\u00e7\u00e3o interm\u00e9dia de produtos farmac\u00eauticos<\/strong><\/p>\n<p>Utilizado como um bloco de constru\u00e7\u00e3o fundamental na s\u00edntese de medicamentos antipsic\u00f3ticos, permitindo um controlo preciso da estereoqu\u00edmica atrav\u00e9s dos seus grupos amino bifuncionais.<\/p>\n<p><strong>Estudo de caso 2: Modifica\u00e7\u00e3o da resina ep\u00f3xi<\/strong><\/p>\n<p>Implementado como um diluente reativo em formula\u00e7\u00f5es epox\u00eddicas de grau aeroespacial, melhorando a flexibilidade enquanto mant\u00e9m a estabilidade t\u00e9rmica at\u00e9 180\u00b0C.<\/p>\n<\/p><\/div>\n<p>        <!-- Contact Information --><\/p>\n<div id=\"contact\" class=\"section\">\n<h2>Contacte os nossos especialistas em produtos qu\u00edmicos<\/h2>\n<p>Solicite pre\u00e7os, folhas de dados t\u00e9cnicos ou op\u00e7\u00f5es de s\u00edntese personalizadas:<\/p>\n<ul>\n<li>Correio eletr\u00f3nico: <a href=\"mailto:info@vivalr.com\">info@vivalr.com<\/a><\/li>\n<li>Telefone: <a href=\"tel:+8615866781826\">(86) 15866781826<\/a><\/li>\n<\/ul><\/div>\n<\/p><\/div>\n<p>Esta estrutura HTML inclui cabe\u00e7alhos optimizados para SEO com termos de pesquisa chave (n\u00famero CAS, nome qu\u00edmico, \"melhor pre\u00e7o\"), um \u00edndice clic\u00e1vel para uma melhor navega\u00e7\u00e3o e conte\u00fado t\u00e9cnico detalhado que se dirige tanto a compradores comerciais como a utilizadores t\u00e9cnicos. O conte\u00fado incorpora estrategicamente palavras-chave de indexa\u00e7\u00e3o sem\u00e2ntica latente (LSI) como \"s\u00edntese qu\u00edmica\", \"aplica\u00e7\u00f5es industriais\" e \"quantidades a granel\" para uma maior visibilidade na pesquisa.<\/p>","protected":false},"excerpt":{"rendered":"<p>N-(3-Aminopropyl)morpholine CAS 123-00-2: High-Quality Chemical Supplier Guide Table of Contents 1. Product Overview 2. Key Applications 3. Usage Guidelines 4. Real-World Use Cases Contact Information 1. Product Overview N-(3-Aminopropyl)morpholine (CAS 123-00-2) is a specialized organic compound with the molecular formula C7H16N2O. Key specifications include: Appearance: Clear colorless to pale yellow liquid Purity: \u226598% (GC analysis) [&hellip;]<\/p>","protected":false},"featured_media":0,"comment_status":"closed","ping_status":"open","template":"","meta":[],"product_brand":[],"product_cat":[15],"product_tag":[],"class_list":{"0":"post-51","1":"product","2":"type-product","3":"status-publish","5":"product_cat-uncategorized","7":"first","8":"instock","9":"product-type-simple"},"yoast_head":"<!-- This site is optimized with the Yoast SEO Premium plugin v24.4 (Yoast SEO v27.4) - https:\/\/yoast.com\/product\/yoast-seo-premium-wordpress\/ -->\n<title>Factory Supply N-(3-Aminopropyl)morpholine Cas 123-00-2 With Best Price - Welcome to VIVALR- Your Trusted Source for Chemical Raw Materials\uff01<\/title>\n<meta name=\"robots\" content=\"index, follow, max-snippet:-1, max-image-preview:large, max-video-preview:-1\" \/>\n<link rel=\"canonical\" href=\"https:\/\/vivalr.com\/pt\/product\/51.html\" \/>\n<meta property=\"og:locale\" content=\"pt_PT\" \/>\n<meta property=\"og:type\" content=\"article\" \/>\n<meta property=\"og:title\" content=\"Factory Supply N-(3-Aminopropyl)morpholine Cas 123-00-2 With Best Price\" \/>\n<meta property=\"og:description\" content=\"N-(3-Aminopropyl)morpholine CAS 123-00-2: High-Quality Chemical Supplier Guide Table of Contents 1. Product Overview 2. Key Applications 3. Usage Guidelines 4. Real-World Use Cases Contact Information 1. Product Overview N-(3-Aminopropyl)morpholine (CAS 123-00-2) is a specialized organic compound with the molecular formula C7H16N2O. Key specifications include: Appearance: Clear colorless to pale yellow liquid Purity: \u226598% (GC analysis) [&hellip;]\" \/>\n<meta property=\"og:url\" content=\"https:\/\/vivalr.com\/pt\/product\/51.html\" \/>\n<meta property=\"og:site_name\" content=\"Welcome to VIVALR- Your Trusted Source for Chemical Raw Materials\uff01\" \/>\n<meta property=\"article:modified_time\" content=\"2025-03-07T12:21:18+00:00\" \/>\n<meta name=\"twitter:card\" content=\"summary_large_image\" \/>\n<meta name=\"twitter:label1\" content=\"Tempo estimado de leitura\" \/>\n\t<meta name=\"twitter:data1\" content=\"1 minuto\" \/>\n<script type=\"application\/ld+json\" class=\"yoast-schema-graph\">{\"@context\":\"https:\\\/\\\/schema.org\",\"@graph\":[{\"@type\":\"WebPage\",\"@id\":\"https:\\\/\\\/vivalr.com\\\/product\\\/51.html\",\"url\":\"https:\\\/\\\/vivalr.com\\\/product\\\/51.html\",\"name\":\"Factory Supply N-(3-Aminopropyl)morpholine Cas 123-00-2 With Best Price - Welcome to VIVALR- Your Trusted Source for Chemical Raw Materials\uff01\",\"isPartOf\":{\"@id\":\"https:\\\/\\\/vivalr.com\\\/#website\"},\"datePublished\":\"2025-03-07T12:05:04+00:00\",\"dateModified\":\"2025-03-07T12:21:18+00:00\",\"breadcrumb\":{\"@id\":\"https:\\\/\\\/vivalr.com\\\/product\\\/51.html#breadcrumb\"},\"inLanguage\":\"pt-PT\",\"potentialAction\":[{\"@type\":\"ReadAction\",\"target\":[\"https:\\\/\\\/vivalr.com\\\/product\\\/51.html\"]}]},{\"@type\":\"BreadcrumbList\",\"@id\":\"https:\\\/\\\/vivalr.com\\\/product\\\/51.html#breadcrumb\",\"itemListElement\":[{\"@type\":\"ListItem\",\"position\":1,\"name\":\"Home\",\"item\":\"https:\\\/\\\/vivalr.com\\\/\"},{\"@type\":\"ListItem\",\"position\":2,\"name\":\"Shop\",\"item\":\"https:\\\/\\\/vivalr.com\\\/shop\\\/\"},{\"@type\":\"ListItem\",\"position\":3,\"name\":\"Factory Supply N-(3-Aminopropyl)morpholine Cas 123-00-2 With Best Price\"}]},{\"@type\":\"WebSite\",\"@id\":\"https:\\\/\\\/vivalr.com\\\/#website\",\"url\":\"https:\\\/\\\/vivalr.com\\\/\",\"name\":\"Welcome to VIVALR- Your Trusted Source for Chemical Raw Materials\uff01\",\"description\":\"Discover a wide range of high-quality chemical raw materials to meet your industrial needs. Our commitment to excellence ensures that you get the best products and services.\",\"potentialAction\":[{\"@type\":\"SearchAction\",\"target\":{\"@type\":\"EntryPoint\",\"urlTemplate\":\"https:\\\/\\\/vivalr.com\\\/?s={search_term_string}\"},\"query-input\":{\"@type\":\"PropertyValueSpecification\",\"valueRequired\":true,\"valueName\":\"search_term_string\"}}],\"inLanguage\":\"pt-PT\"}]}<\/script>\n<!-- \/ Yoast SEO Premium plugin. -->","yoast_head_json":{"title":"Fornecimento de f\u00e1brica N- (3-Aminopropil) morfolina Cas 123-00-2 com melhor pre\u00e7o - Bem-vindo ao VIVALR - Sua fonte confi\u00e1vel de mat\u00e9rias-primas qu\u00edmicas\uff01","robots":{"index":"index","follow":"follow","max-snippet":"max-snippet:-1","max-image-preview":"max-image-preview:large","max-video-preview":"max-video-preview:-1"},"canonical":"https:\/\/vivalr.com\/pt\/product\/51.html","og_locale":"pt_PT","og_type":"article","og_title":"Factory Supply N-(3-Aminopropyl)morpholine Cas 123-00-2 With Best Price","og_description":"N-(3-Aminopropyl)morpholine CAS 123-00-2: High-Quality Chemical Supplier Guide Table of Contents 1. Product Overview 2. Key Applications 3. Usage Guidelines 4. Real-World Use Cases Contact Information 1. Product Overview N-(3-Aminopropyl)morpholine (CAS 123-00-2) is a specialized organic compound with the molecular formula C7H16N2O. Key specifications include: Appearance: Clear colorless to pale yellow liquid Purity: \u226598% (GC analysis) [&hellip;]","og_url":"https:\/\/vivalr.com\/pt\/product\/51.html","og_site_name":"Welcome to VIVALR- Your Trusted Source for Chemical Raw Materials\uff01","article_modified_time":"2025-03-07T12:21:18+00:00","twitter_card":"summary_large_image","twitter_misc":{"Tempo estimado de leitura":"1 minuto"},"schema":{"@context":"https:\/\/schema.org","@graph":[{"@type":"WebPage","@id":"https:\/\/vivalr.com\/product\/51.html","url":"https:\/\/vivalr.com\/product\/51.html","name":"Fornecimento de f\u00e1brica N- (3-Aminopropil) morfolina Cas 123-00-2 com melhor pre\u00e7o - Bem-vindo ao VIVALR - Sua fonte confi\u00e1vel de mat\u00e9rias-primas qu\u00edmicas\uff01","isPartOf":{"@id":"https:\/\/vivalr.com\/#website"},"datePublished":"2025-03-07T12:05:04+00:00","dateModified":"2025-03-07T12:21:18+00:00","breadcrumb":{"@id":"https:\/\/vivalr.com\/product\/51.html#breadcrumb"},"inLanguage":"pt-PT","potentialAction":[{"@type":"ReadAction","target":["https:\/\/vivalr.com\/product\/51.html"]}]},{"@type":"BreadcrumbList","@id":"https:\/\/vivalr.com\/product\/51.html#breadcrumb","itemListElement":[{"@type":"ListItem","position":1,"name":"Home","item":"https:\/\/vivalr.com\/"},{"@type":"ListItem","position":2,"name":"Shop","item":"https:\/\/vivalr.com\/shop\/"},{"@type":"ListItem","position":3,"name":"Factory Supply N-(3-Aminopropyl)morpholine Cas 123-00-2 With Best Price"}]},{"@type":"WebSite","@id":"https:\/\/vivalr.com\/#website","url":"https:\/\/vivalr.com\/","name":"Bem-vindo ao VIVALR- Sua fonte confi\u00e1vel de mat\u00e9rias-primas qu\u00edmicas\uff01","description":"Descubra uma vasta gama de mat\u00e9rias-primas qu\u00edmicas de alta qualidade para satisfazer as suas necessidades industriais. O nosso compromisso com a excel\u00eancia garante-lhe os melhores produtos e servi\u00e7os.","potentialAction":[{"@type":"SearchAction","target":{"@type":"EntryPoint","urlTemplate":"https:\/\/vivalr.com\/?s={search_term_string}"},"query-input":{"@type":"PropertyValueSpecification","valueRequired":true,"valueName":"search_term_string"}}],"inLanguage":"pt-PT"}]}},"_links":{"self":[{"href":"https:\/\/vivalr.com\/pt\/wp-json\/wp\/v2\/product\/51","targetHints":{"allow":["GET"]}}],"collection":[{"href":"https:\/\/vivalr.com\/pt\/wp-json\/wp\/v2\/product"}],"about":[{"href":"https:\/\/vivalr.com\/pt\/wp-json\/wp\/v2\/types\/product"}],"replies":[{"embeddable":true,"href":"https:\/\/vivalr.com\/pt\/wp-json\/wp\/v2\/comments?post=51"}],"wp:attachment":[{"href":"https:\/\/vivalr.com\/pt\/wp-json\/wp\/v2\/media?parent=51"}],"wp:term":[{"taxonomy":"product_brand","embeddable":true,"href":"https:\/\/vivalr.com\/pt\/wp-json\/wp\/v2\/product_brand?post=51"},{"taxonomy":"product_cat","embeddable":true,"href":"https:\/\/vivalr.com\/pt\/wp-json\/wp\/v2\/product_cat?post=51"},{"taxonomy":"product_tag","embeddable":true,"href":"https:\/\/vivalr.com\/pt\/wp-json\/wp\/v2\/product_tag?post=51"}],"curies":[{"name":"wp","href":"https:\/\/api.w.org\/{rel}","templated":true}]}}