{"id":5355,"date":"2025-03-07T12:11:00","date_gmt":"2025-03-07T12:11:00","guid":{"rendered":"https:\/\/vivalr.com\/product\/5355.html"},"modified":"2025-03-07T12:31:29","modified_gmt":"2025-03-07T12:31:29","slug":"high-quality-calcium-citrate-cas-813-94-5-with-low-price","status":"publish","type":"product","link":"https:\/\/vivalr.com\/pt\/product\/5355.html","title":{"rendered":"High Quality Calcium Citrate CAS 813-94-5 With Low Price"},"content":{"rendered":"<h1>User Guide for High Quality Calcium Citrate CAS 813-94-5 With Low Price<\/h1>\n<ol>\n<li><a href=\"#basic-info\">Informa\u00e7\u00f5es e par\u00e2metros b\u00e1sicos<\/a><\/li>\n<li><a href=\"#uses\">Utiliza\u00e7\u00f5es do produto<\/a><\/li>\n<li><a href=\"#usage\">Como utilizar o produto<\/a><\/li>\n<li><a href=\"#case-studies\">Estudos de casos de utiliza\u00e7\u00e3o<\/a><\/li>\n<li><a href=\"#contact\">Informa\u00e7\u00f5es de contacto<\/a><\/li>\n<\/ol>\n<h2 id=\"basic-info\">Informa\u00e7\u00f5es e par\u00e2metros b\u00e1sicos<\/h2>\n<p>Our product, High Quality Calcium Citrate CAS 813-94-5 With Low Price, is a high - quality calcium supplement. The CAS number 813 - 94 - 5 confirms its chemical identity. Chemically, calcium citrate is a calcium salt of citric acid. It has a molecular formula of Ca\u2083(C\u2086H\u2085O\u2087)\u2082 and a molecular weight of approximately 498.44 g\/mol. <\/p>\n<p>This product is typically presented as a white to off - white powder. It is odorless and has a slightly sour taste. It is sparingly soluble in cold water and more soluble in hot water. The high - quality nature of this calcium citrate is ensured through strict manufacturing processes that meet international quality standards. It is also produced at a low price, making it an economical choice for various applications.<\/p>\n<h2 id=\"uses\">Utiliza\u00e7\u00f5es do produto<\/h2>\n<p>1. **Dietary Supplements**: Calcium citrate is widely used in the production of dietary supplements. It is an excellent source of calcium, which is essential for maintaining strong bones and teeth. It can be easily absorbed by the human body, especially for people with low stomach acid. This makes it suitable for the elderly and those with digestive problems. <\/p>\n<p>2. **Food Industry**: In the food industry, calcium citrate is used as a calcium fortifier. It can be added to a variety of food products such as bread, cereals, and fruit juices to increase their calcium content. It also acts as a\u9178\u5ea6\u8c03\u8282\u5242 (acidity regulator) and can improve the texture and stability of some food products. <\/p>\n<p>3. **Pharmaceutical Industry**: It is used in the pharmaceutical industry for the production of calcium - based medications. These medications are used to treat calcium deficiency - related diseases such as osteoporosis, rickets, and hypocalcemia.<\/p>\n<h2 id=\"usage\">Como utilizar o produto<\/h2>\n<p>1. **Dietary Supplements**: If using as a dietary supplement, it is recommended to take it with food to enhance absorption. The dosage usually depends on age, gender, and individual calcium needs. For adults, a common dosage is 1 - 2 grams per day, divided into multiple doses. It is advisable to consult a healthcare professional before starting any new supplement regimen.<\/p>\n<p>2. **Food Industry**: When used in the food industry, the amount of calcium citrate added depends on the type of food product and the desired calcium content. Generally, it should be added during the mixing or processing stage. Precise dosages can be determined based on food product development guidelines and regulatory requirements.<\/p>\n<p>3. **Pharmaceutical Industry**: In the pharmaceutical industry, calcium citrate is processed into various dosage forms such as tablets, capsules, and syrups. The manufacturing process should follow strict pharmaceutical production standards to ensure product quality and efficacy.<\/p>\n<h2 id=\"case-studies\">Estudos de casos de utiliza\u00e7\u00e3o<\/h2>\n<p>1. **Case 1: Dietary Supplement for the Elderly**<br \/>\nAn elderly woman, Mrs. Smith, aged 75, had been experiencing joint pain and was diagnosed with early - stage osteoporosis. Her doctor recommended a calcium supplement. She started taking our high - quality calcium citrate. After three months of regular intake, her bone density test showed an improvement. She also reported a reduction in joint pain. Her dietitian adjusted her dosage based on her progress, and she continued to take the supplement with positive results over the next year.<\/p>\n<p>2. **Case 2: Calcium Fortification in Fruit Juice**<br \/>\nA small - scale juice manufacturer wanted to fortify their orange juice with calcium. They added our calcium citrate to their production line. After market testing, consumers reported that they liked the taste of the calcium - fortified juice, and there was no significant change in the juice's appearance or texture. The addition of calcium citrate also increased the product's market appeal, resulting in a 20% increase in sales within six months.<\/p>\n<h2 id=\"contact\">Informa\u00e7\u00f5es de contacto<\/h2>\n<p>If you have any questions or need further information about our High Quality Calcium Citrate CAS 813 - 94 - 5 With Low Price, please contact us:<\/p>\n<p>Correio eletr\u00f3nico: info@vivalr.com<\/p>\n<p>Telefone: (86) 15866781826<\/p>","protected":false},"excerpt":{"rendered":"<p>User Guide for High Quality Calcium Citrate CAS 813-94-5 With Low Price Basic Information and Parameters Uses of the Product How to Use the Product Usage Case Studies Contact Information Basic Information and Parameters Our product, High Quality Calcium Citrate CAS 813-94-5 With Low Price, is a high - quality calcium supplement. The CAS number [&hellip;]<\/p>","protected":false},"featured_media":23751,"comment_status":"closed","ping_status":"open","template":"","meta":[],"product_brand":[],"product_cat":[15],"product_tag":[],"class_list":{"0":"post-5355","1":"product","2":"type-product","3":"status-publish","4":"has-post-thumbnail","6":"product_cat-uncategorized","8":"first","9":"instock","10":"product-type-simple"},"yoast_head":"<!-- This site is optimized with the Yoast SEO Premium plugin v24.4 (Yoast SEO v25.0) - https:\/\/yoast.com\/wordpress\/plugins\/seo\/ -->\n<title>High Quality Calcium Citrate CAS 813-94-5 With Low Price - Welcome to VIVALR- Your Trusted Source for Chemical Raw Materials\uff01<\/title>\n<meta name=\"robots\" content=\"index, follow, max-snippet:-1, max-image-preview:large, max-video-preview:-1\" \/>\n<link rel=\"canonical\" href=\"https:\/\/vivalr.com\/pt\/product\/5355.html\" \/>\n<meta property=\"og:locale\" content=\"pt_PT\" \/>\n<meta property=\"og:type\" content=\"article\" \/>\n<meta property=\"og:title\" content=\"High Quality Calcium Citrate CAS 813-94-5 With Low Price\" \/>\n<meta property=\"og:description\" content=\"User Guide for High Quality Calcium Citrate CAS 813-94-5 With Low Price Basic Information and Parameters Uses of the Product How to Use the Product Usage Case Studies Contact Information Basic Information and Parameters Our product, High Quality Calcium Citrate CAS 813-94-5 With Low Price, is a high - quality calcium supplement. The CAS number [&hellip;]\" \/>\n<meta property=\"og:url\" content=\"https:\/\/vivalr.com\/pt\/product\/5355.html\" \/>\n<meta property=\"og:site_name\" content=\"Welcome to VIVALR- Your Trusted Source for Chemical Raw Materials\uff01\" \/>\n<meta property=\"article:modified_time\" content=\"2025-03-07T12:31:29+00:00\" \/>\n<meta property=\"og:image\" content=\"https:\/\/vivalr.com\/wp-content\/uploads\/2025\/03\/Hydroxypropyl-Cellulose-CAS-9004-64-2.jpg\" \/>\n\t<meta property=\"og:image:width\" content=\"350\" \/>\n\t<meta property=\"og:image:height\" content=\"350\" \/>\n\t<meta property=\"og:image:type\" content=\"image\/jpeg\" \/>\n<meta name=\"twitter:card\" content=\"summary_large_image\" \/>\n<meta name=\"twitter:label1\" content=\"Tempo estimado de leitura\" \/>\n\t<meta name=\"twitter:data1\" content=\"3 minutos\" \/>\n<script type=\"application\/ld+json\" class=\"yoast-schema-graph\">{\"@context\":\"https:\/\/schema.org\",\"@graph\":[{\"@type\":\"WebPage\",\"@id\":\"https:\/\/vivalr.com\/product\/5355.html\",\"url\":\"https:\/\/vivalr.com\/product\/5355.html\",\"name\":\"High Quality Calcium Citrate CAS 813-94-5 With Low Price - Welcome to VIVALR- Your Trusted Source for Chemical Raw Materials\uff01\",\"isPartOf\":{\"@id\":\"https:\/\/vivalr.com\/#website\"},\"primaryImageOfPage\":{\"@id\":\"https:\/\/vivalr.com\/product\/5355.html#primaryimage\"},\"image\":{\"@id\":\"https:\/\/vivalr.com\/product\/5355.html#primaryimage\"},\"thumbnailUrl\":\"https:\/\/vivalr.com\/wp-content\/uploads\/2025\/03\/Hydroxypropyl-Cellulose-CAS-9004-64-2.jpg\",\"datePublished\":\"2025-03-07T12:11:00+00:00\",\"dateModified\":\"2025-03-07T12:31:29+00:00\",\"breadcrumb\":{\"@id\":\"https:\/\/vivalr.com\/product\/5355.html#breadcrumb\"},\"inLanguage\":\"pt-PT\",\"potentialAction\":[{\"@type\":\"ReadAction\",\"target\":[\"https:\/\/vivalr.com\/product\/5355.html\"]}]},{\"@type\":\"ImageObject\",\"inLanguage\":\"pt-PT\",\"@id\":\"https:\/\/vivalr.com\/product\/5355.html#primaryimage\",\"url\":\"https:\/\/vivalr.com\/wp-content\/uploads\/2025\/03\/Hydroxypropyl-Cellulose-CAS-9004-64-2.jpg\",\"contentUrl\":\"https:\/\/vivalr.com\/wp-content\/uploads\/2025\/03\/Hydroxypropyl-Cellulose-CAS-9004-64-2.jpg\",\"width\":350,\"height\":350},{\"@type\":\"BreadcrumbList\",\"@id\":\"https:\/\/vivalr.com\/product\/5355.html#breadcrumb\",\"itemListElement\":[{\"@type\":\"ListItem\",\"position\":1,\"name\":\"Home\",\"item\":\"https:\/\/vivalr.com\/\"},{\"@type\":\"ListItem\",\"position\":2,\"name\":\"Shop\",\"item\":\"https:\/\/vivalr.com\/shop\/\"},{\"@type\":\"ListItem\",\"position\":3,\"name\":\"High Quality Calcium Citrate CAS 813-94-5 With Low Price\"}]},{\"@type\":\"WebSite\",\"@id\":\"https:\/\/vivalr.com\/#website\",\"url\":\"https:\/\/vivalr.com\/\",\"name\":\"Welcome to VIVALR- Your Trusted Source for Chemical Raw Materials\uff01\",\"description\":\"Discover a wide range of high-quality chemical raw materials to meet your industrial needs. Our commitment to excellence ensures that you get the best products and services.\",\"potentialAction\":[{\"@type\":\"SearchAction\",\"target\":{\"@type\":\"EntryPoint\",\"urlTemplate\":\"https:\/\/vivalr.com\/?s={search_term_string}\"},\"query-input\":{\"@type\":\"PropertyValueSpecification\",\"valueRequired\":true,\"valueName\":\"search_term_string\"}}],\"inLanguage\":\"pt-PT\"}]}<\/script>\n<!-- \/ Yoast SEO Premium plugin. -->","yoast_head_json":{"title":"High Quality Calcium Citrate CAS 813-94-5 With Low Price - Welcome to VIVALR- Your Trusted Source for Chemical Raw Materials\uff01","robots":{"index":"index","follow":"follow","max-snippet":"max-snippet:-1","max-image-preview":"max-image-preview:large","max-video-preview":"max-video-preview:-1"},"canonical":"https:\/\/vivalr.com\/pt\/product\/5355.html","og_locale":"pt_PT","og_type":"article","og_title":"High Quality Calcium Citrate CAS 813-94-5 With Low Price","og_description":"User Guide for High Quality Calcium Citrate CAS 813-94-5 With Low Price Basic Information and Parameters Uses of the Product How to Use the Product Usage Case Studies Contact Information Basic Information and Parameters Our product, High Quality Calcium Citrate CAS 813-94-5 With Low Price, is a high - quality calcium supplement. The CAS number [&hellip;]","og_url":"https:\/\/vivalr.com\/pt\/product\/5355.html","og_site_name":"Welcome to VIVALR- Your Trusted Source for Chemical Raw Materials\uff01","article_modified_time":"2025-03-07T12:31:29+00:00","og_image":[{"width":350,"height":350,"url":"https:\/\/vivalr.com\/wp-content\/uploads\/2025\/03\/Hydroxypropyl-Cellulose-CAS-9004-64-2.jpg","type":"image\/jpeg"}],"twitter_card":"summary_large_image","twitter_misc":{"Tempo estimado de leitura":"3 minutos"},"schema":{"@context":"https:\/\/schema.org","@graph":[{"@type":"WebPage","@id":"https:\/\/vivalr.com\/product\/5355.html","url":"https:\/\/vivalr.com\/product\/5355.html","name":"High Quality Calcium Citrate CAS 813-94-5 With Low Price - Welcome to VIVALR- Your Trusted Source for Chemical Raw Materials\uff01","isPartOf":{"@id":"https:\/\/vivalr.com\/#website"},"primaryImageOfPage":{"@id":"https:\/\/vivalr.com\/product\/5355.html#primaryimage"},"image":{"@id":"https:\/\/vivalr.com\/product\/5355.html#primaryimage"},"thumbnailUrl":"https:\/\/vivalr.com\/wp-content\/uploads\/2025\/03\/Hydroxypropyl-Cellulose-CAS-9004-64-2.jpg","datePublished":"2025-03-07T12:11:00+00:00","dateModified":"2025-03-07T12:31:29+00:00","breadcrumb":{"@id":"https:\/\/vivalr.com\/product\/5355.html#breadcrumb"},"inLanguage":"pt-PT","potentialAction":[{"@type":"ReadAction","target":["https:\/\/vivalr.com\/product\/5355.html"]}]},{"@type":"ImageObject","inLanguage":"pt-PT","@id":"https:\/\/vivalr.com\/product\/5355.html#primaryimage","url":"https:\/\/vivalr.com\/wp-content\/uploads\/2025\/03\/Hydroxypropyl-Cellulose-CAS-9004-64-2.jpg","contentUrl":"https:\/\/vivalr.com\/wp-content\/uploads\/2025\/03\/Hydroxypropyl-Cellulose-CAS-9004-64-2.jpg","width":350,"height":350},{"@type":"BreadcrumbList","@id":"https:\/\/vivalr.com\/product\/5355.html#breadcrumb","itemListElement":[{"@type":"ListItem","position":1,"name":"Home","item":"https:\/\/vivalr.com\/"},{"@type":"ListItem","position":2,"name":"Shop","item":"https:\/\/vivalr.com\/shop\/"},{"@type":"ListItem","position":3,"name":"High Quality Calcium Citrate CAS 813-94-5 With Low Price"}]},{"@type":"WebSite","@id":"https:\/\/vivalr.com\/#website","url":"https:\/\/vivalr.com\/","name":"Bem-vindo ao VIVALR- Sua fonte confi\u00e1vel de mat\u00e9rias-primas qu\u00edmicas\uff01","description":"Descubra uma vasta gama de mat\u00e9rias-primas qu\u00edmicas de alta qualidade para satisfazer as suas necessidades industriais. O nosso compromisso com a excel\u00eancia garante-lhe os melhores produtos e servi\u00e7os.","potentialAction":[{"@type":"SearchAction","target":{"@type":"EntryPoint","urlTemplate":"https:\/\/vivalr.com\/?s={search_term_string}"},"query-input":{"@type":"PropertyValueSpecification","valueRequired":true,"valueName":"search_term_string"}}],"inLanguage":"pt-PT"}]}},"_links":{"self":[{"href":"https:\/\/vivalr.com\/pt\/wp-json\/wp\/v2\/product\/5355","targetHints":{"allow":["GET"]}}],"collection":[{"href":"https:\/\/vivalr.com\/pt\/wp-json\/wp\/v2\/product"}],"about":[{"href":"https:\/\/vivalr.com\/pt\/wp-json\/wp\/v2\/types\/product"}],"replies":[{"embeddable":true,"href":"https:\/\/vivalr.com\/pt\/wp-json\/wp\/v2\/comments?post=5355"}],"wp:featuredmedia":[{"embeddable":true,"href":"https:\/\/vivalr.com\/pt\/wp-json\/wp\/v2\/media\/23751"}],"wp:attachment":[{"href":"https:\/\/vivalr.com\/pt\/wp-json\/wp\/v2\/media?parent=5355"}],"wp:term":[{"taxonomy":"product_brand","embeddable":true,"href":"https:\/\/vivalr.com\/pt\/wp-json\/wp\/v2\/product_brand?post=5355"},{"taxonomy":"product_cat","embeddable":true,"href":"https:\/\/vivalr.com\/pt\/wp-json\/wp\/v2\/product_cat?post=5355"},{"taxonomy":"product_tag","embeddable":true,"href":"https:\/\/vivalr.com\/pt\/wp-json\/wp\/v2\/product_tag?post=5355"}],"curies":[{"name":"wp","href":"https:\/\/api.w.org\/{rel}","templated":true}]}}