{"id":5392,"date":"2025-03-07T12:11:03","date_gmt":"2025-03-07T12:11:03","guid":{"rendered":"https:\/\/vivalr.com\/product\/5392.html"},"modified":"2025-03-07T12:31:33","modified_gmt":"2025-03-07T12:31:33","slug":"high-quality-oleic-acid-monoester-with-triglycerol-cas-33940-98-6-with-low-price","status":"publish","type":"product","link":"https:\/\/vivalr.com\/pt\/product\/5392.html","title":{"rendered":"\u00c1cido oleico de alta qualidade, mono\u00e9ster com triglicerol CAS 33940-98-6 com pre\u00e7o baixo"},"content":{"rendered":"<h1>Guia do utilizador: \u00c1cido oleico de alta qualidade, mono\u00e9ster com triglicerol CAS 33940-98-6 com pre\u00e7o baixo<\/h1>\n<h2>\u00cdndice<\/h2>\n<ul>\n<li><a href=\"#basic-info\">I. Informa\u00e7\u00f5es e par\u00e2metros de base<\/a><\/li>\n<li><a href=\"#uses\">II. Utiliza\u00e7\u00f5es do produto<\/a><\/li>\n<li><a href=\"#usage\">III. Utiliza\u00e7\u00e3o do produto<\/a><\/li>\n<li><a href=\"#case-studies\">IV. Estudos de casos de utiliza\u00e7\u00e3o<\/a><\/li>\n<li><a href=\"#contact\">V. Informa\u00e7\u00f5es de contacto<\/a><\/li>\n<\/ul>\n<h2 id=\"basic-info\">I. Informa\u00e7\u00f5es e par\u00e2metros de base<\/h2>\n<p>O nosso produto, \u00c1cido oleico de alta qualidade, mono\u00e9ster com triglicerol com o n\u00famero CAS 33940 - 98 - 6, \u00e9 um composto qu\u00edmico not\u00e1vel. O \u00e1cido oleico \u00e9 um \u00e1cido gordo \u00f3mega-9 monoinsaturado e, quando forma um mono\u00e9ster com triglicerol, resulta num produto \u00fanico com propriedades moleculares distintas.<\/p>\n<p>O produto tem um pre\u00e7o baixo, o que constitui uma vantagem significativa no mercado. Em termos de propriedades f\u00edsicas, tem um ponto de fus\u00e3o e um ponto de ebuli\u00e7\u00e3o espec\u00edficos que s\u00e3o determinados pela sua estrutura molecular. As suas carater\u00edsticas de solubilidade tamb\u00e9m s\u00e3o importantes. \u00c9 sol\u00favel em determinados solventes org\u00e2nicos, o que o torna vers\u00e1til para v\u00e1rias aplica\u00e7\u00f5es.<\/p>\n<p>A pureza do nosso produto \u00e9 rigorosamente controlada para garantir um desempenho de alta qualidade. Utilizamos processos de fabrico avan\u00e7ados para minimizar as impurezas, o que garante a estabilidade e a fiabilidade do produto em diferentes ambientes.<\/p>\n<h2 id=\"uses\">II. Utiliza\u00e7\u00f5es do produto<\/h2>\n<p>Este produto tem uma vasta gama de utiliza\u00e7\u00f5es em diferentes ind\u00fastrias. Na ind\u00fastria alimentar, pode ser utilizado como emulsionante. Os emulsionantes s\u00e3o cruciais nos produtos alimentares para evitar a separa\u00e7\u00e3o das fases de \u00f3leo e \u00e1gua, melhorando a textura e a estabilidade de produtos como molhos para salada, maionese e produtos de pastelaria. Tamb\u00e9m pode atuar como lubrificante em equipamento de processamento de alimentos, reduzindo a fric\u00e7\u00e3o e o desgaste, e melhorando a efici\u00eancia das linhas de produ\u00e7\u00e3o.<\/p>\n<p>Na ind\u00fastria cosm\u00e9tica, serve como emoliente. Os emolientes ajudam a suavizar e a alisar a pele, formando uma camada protetora na superf\u00edcie da pele, evitando a perda de humidade. Pode ser encontrado em v\u00e1rios produtos de cuidados da pele, incluindo lo\u00e7\u00f5es, cremes e b\u00e1lsamos labiais.<\/p>\n<p>Na ind\u00fastria farmac\u00eautica, pode ser utilizado como excipiente em formula\u00e7\u00f5es de medicamentos. Os excipientes s\u00e3o subst\u00e2ncias adicionadas aos medicamentos para melhorar as suas propriedades f\u00edsicas, como a solubilidade, a estabilidade e a biodisponibilidade.<\/p>\n<h2 id=\"usage\">III. Utiliza\u00e7\u00e3o do produto<\/h2>\n<p>Quando se utiliza este produto na ind\u00fastria alimentar, a dosagem recomendada deve ser cuidadosamente determinada de acordo com o produto alimentar espec\u00edfico. Geralmente, pode ser adicionado durante o processo de mistura dos ingredientes alimentares. Por exemplo, na produ\u00e7\u00e3o de molhos para saladas, pode ser adicionado no in\u00edcio da fase de emulsifica\u00e7\u00e3o para garantir uma dispers\u00e3o uniforme.<\/p>\n<p>Na ind\u00fastria cosm\u00e9tica, pode ser incorporado em formula\u00e7\u00f5es cosm\u00e9ticas durante o processo de aquecimento e mistura. A temperatura e o tempo de mistura t\u00eam de ser controlados para garantir a dissolu\u00e7\u00e3o e dispers\u00e3o corretas do produto na formula\u00e7\u00e3o. Para produtos de cuidados da pele, o produto deve ser bem misturado com outros ingredientes, como \u00e1gua, \u00f3leos e tensioactivos.<\/p>\n<p>Na ind\u00fastria farmac\u00eautica, deve ser utilizado em estrita conformidade com os requisitos da formula\u00e7\u00e3o do medicamento. A compatibilidade com outros f\u00e1rmacos e excipientes deve ser plenamente considerada para evitar quaisquer reac\u00e7\u00f5es adversas.<\/p>\n<h2 id=\"case-studies\">IV. Estudos de casos de utiliza\u00e7\u00e3o<\/h2>\n<p>Caso 1: Uma empresa alimentar estava a debater-se com a estabilidade do seu molho para salada. O produto separava-se em camadas de \u00f3leo e \u00e1gua num curto espa\u00e7o de tempo ap\u00f3s a produ\u00e7\u00e3o. Depois de utilizar o nosso \u00c1cido Oleico de Alta Qualidade, Mono\u00e9ster com Triglicerol como emulsionante, o molho para salada permaneceu est\u00e1vel durante um per\u00edodo muito mais longo. A empresa aumentou a dosagem do produto num teste em pequena escala e descobriu que os melhores resultados eram alcan\u00e7ados numa determinada concentra\u00e7\u00e3o. O produto melhorado n\u00e3o s\u00f3 teve um prazo de validade mais longo, como tamb\u00e9m recebeu um feedback positivo dos consumidores devido \u00e0 sua melhor textura.<\/p>\n<p>Caso 2: Uma empresa de cosm\u00e9ticos estava a desenvolver um novo creme hidratante. Adicionaram o nosso produto como emoliente. Atrav\u00e9s de uma s\u00e9rie de testes cut\u00e2neos, descobriram que o creme com o nosso produto podia melhorar significativamente a reten\u00e7\u00e3o de humidade da pele. Os volunt\u00e1rios relataram que a sua pele ficou mais suave e macia ap\u00f3s a utiliza\u00e7\u00e3o do creme. A empresa conseguiu lan\u00e7ar o novo produto com sucesso no mercado, o que levou a um aumento das vendas.<\/p>\n<p>Caso 3: Uma empresa farmac\u00eautica estava a formular um novo medicamento oral. A solubilidade do ingrediente ativo era um grande desafio. Ao utilizar o nosso produto como excipiente, conseguiram melhorar a solubilidade do medicamento, o que, por sua vez, aumentou a biodisponibilidade do medicamento. Os ensaios cl\u00ednicos mostraram que a nova formula\u00e7\u00e3o do medicamento tinha melhores efeitos terap\u00eauticos.<\/p>\n<h2 id=\"contact\">V. Informa\u00e7\u00f5es de contacto<\/h2>\n<p>Se tiver alguma d\u00favida sobre o nosso produto, n\u00e3o hesite em contactar-nos. O nosso e-mail \u00e9 info@vivalr.com, e o nosso n\u00famero de telefone \u00e9 (86) 15866781826. Estamos empenhados em fornecer-lhe os melhores produtos de qualidade<\/p>","protected":false},"excerpt":{"rendered":"<p>User Guide: High Quality Oleic Acid, Monoester With Triglycerol CAS 33940-98-6 With Low Price Table of Contents I. Basic Information and Parameters II. Product Uses III. Product Usage IV. Usage Case Studies V. Contact Information I. Basic Information and Parameters Our product, High Quality Oleic Acid, Monoester With Triglycerol with CAS number 33940 - 98 [&hellip;]<\/p>","protected":false},"featured_media":23769,"comment_status":"closed","ping_status":"open","template":"","meta":[],"product_brand":[],"product_cat":[15],"product_tag":[],"class_list":{"0":"post-5392","1":"product","2":"type-product","3":"status-publish","4":"has-post-thumbnail","6":"product_cat-uncategorized","8":"first","9":"instock","10":"product-type-simple"},"yoast_head":"<!-- This site is optimized with the Yoast SEO Premium plugin v24.4 (Yoast SEO v27.4) - https:\/\/yoast.com\/product\/yoast-seo-premium-wordpress\/ -->\n<title>High Quality Oleic Acid, Monoester With Triglycerol CAS 33940-98-6 With Low Price - Welcome to VIVALR- Your Trusted Source for Chemical Raw Materials\uff01<\/title>\n<meta name=\"robots\" content=\"index, follow, max-snippet:-1, max-image-preview:large, max-video-preview:-1\" \/>\n<link rel=\"canonical\" href=\"https:\/\/vivalr.com\/pt\/product\/5392.html\" \/>\n<meta property=\"og:locale\" content=\"pt_PT\" \/>\n<meta property=\"og:type\" content=\"article\" \/>\n<meta property=\"og:title\" content=\"High Quality Oleic Acid, Monoester With Triglycerol CAS 33940-98-6 With Low Price\" \/>\n<meta property=\"og:description\" content=\"User Guide: High Quality Oleic Acid, Monoester With Triglycerol CAS 33940-98-6 With Low Price Table of Contents I. Basic Information and Parameters II. Product Uses III. Product Usage IV. Usage Case Studies V. Contact Information I. Basic Information and Parameters Our product, High Quality Oleic Acid, Monoester With Triglycerol with CAS number 33940 - 98 [&hellip;]\" \/>\n<meta property=\"og:url\" content=\"https:\/\/vivalr.com\/pt\/product\/5392.html\" \/>\n<meta property=\"og:site_name\" content=\"Welcome to VIVALR- Your Trusted Source for Chemical Raw Materials\uff01\" \/>\n<meta property=\"article:modified_time\" content=\"2025-03-07T12:31:33+00:00\" \/>\n<meta property=\"og:image\" content=\"https:\/\/vivalr.com\/wp-content\/uploads\/2025\/03\/Oleic-Acid-Monoester-With-Triglycerol-CAS-33940-98-6.jpg\" \/>\n\t<meta property=\"og:image:width\" content=\"350\" \/>\n\t<meta property=\"og:image:height\" content=\"350\" \/>\n\t<meta property=\"og:image:type\" content=\"image\/jpeg\" \/>\n<meta name=\"twitter:card\" content=\"summary_large_image\" \/>\n<meta name=\"twitter:label1\" content=\"Tempo estimado de leitura\" \/>\n\t<meta name=\"twitter:data1\" content=\"4 minutos\" \/>\n<script type=\"application\/ld+json\" class=\"yoast-schema-graph\">{\"@context\":\"https:\\\/\\\/schema.org\",\"@graph\":[{\"@type\":\"WebPage\",\"@id\":\"https:\\\/\\\/vivalr.com\\\/product\\\/5392.html\",\"url\":\"https:\\\/\\\/vivalr.com\\\/product\\\/5392.html\",\"name\":\"High Quality Oleic Acid, Monoester With Triglycerol CAS 33940-98-6 With Low Price - Welcome to VIVALR- Your Trusted Source for Chemical Raw Materials\uff01\",\"isPartOf\":{\"@id\":\"https:\\\/\\\/vivalr.com\\\/#website\"},\"primaryImageOfPage\":{\"@id\":\"https:\\\/\\\/vivalr.com\\\/product\\\/5392.html#primaryimage\"},\"image\":{\"@id\":\"https:\\\/\\\/vivalr.com\\\/product\\\/5392.html#primaryimage\"},\"thumbnailUrl\":\"https:\\\/\\\/vivalr.com\\\/wp-content\\\/uploads\\\/2025\\\/03\\\/Oleic-Acid-Monoester-With-Triglycerol-CAS-33940-98-6.jpg\",\"datePublished\":\"2025-03-07T12:11:03+00:00\",\"dateModified\":\"2025-03-07T12:31:33+00:00\",\"breadcrumb\":{\"@id\":\"https:\\\/\\\/vivalr.com\\\/product\\\/5392.html#breadcrumb\"},\"inLanguage\":\"pt-PT\",\"potentialAction\":[{\"@type\":\"ReadAction\",\"target\":[\"https:\\\/\\\/vivalr.com\\\/product\\\/5392.html\"]}]},{\"@type\":\"ImageObject\",\"inLanguage\":\"pt-PT\",\"@id\":\"https:\\\/\\\/vivalr.com\\\/product\\\/5392.html#primaryimage\",\"url\":\"https:\\\/\\\/vivalr.com\\\/wp-content\\\/uploads\\\/2025\\\/03\\\/Oleic-Acid-Monoester-With-Triglycerol-CAS-33940-98-6.jpg\",\"contentUrl\":\"https:\\\/\\\/vivalr.com\\\/wp-content\\\/uploads\\\/2025\\\/03\\\/Oleic-Acid-Monoester-With-Triglycerol-CAS-33940-98-6.jpg\",\"width\":350,\"height\":350},{\"@type\":\"BreadcrumbList\",\"@id\":\"https:\\\/\\\/vivalr.com\\\/product\\\/5392.html#breadcrumb\",\"itemListElement\":[{\"@type\":\"ListItem\",\"position\":1,\"name\":\"Home\",\"item\":\"https:\\\/\\\/vivalr.com\\\/\"},{\"@type\":\"ListItem\",\"position\":2,\"name\":\"Shop\",\"item\":\"https:\\\/\\\/vivalr.com\\\/shop\\\/\"},{\"@type\":\"ListItem\",\"position\":3,\"name\":\"High Quality Oleic Acid, Monoester With Triglycerol CAS 33940-98-6 With Low Price\"}]},{\"@type\":\"WebSite\",\"@id\":\"https:\\\/\\\/vivalr.com\\\/#website\",\"url\":\"https:\\\/\\\/vivalr.com\\\/\",\"name\":\"Welcome to VIVALR- Your Trusted Source for Chemical Raw Materials\uff01\",\"description\":\"Discover a wide range of high-quality chemical raw materials to meet your industrial needs. Our commitment to excellence ensures that you get the best products and services.\",\"potentialAction\":[{\"@type\":\"SearchAction\",\"target\":{\"@type\":\"EntryPoint\",\"urlTemplate\":\"https:\\\/\\\/vivalr.com\\\/?s={search_term_string}\"},\"query-input\":{\"@type\":\"PropertyValueSpecification\",\"valueRequired\":true,\"valueName\":\"search_term_string\"}}],\"inLanguage\":\"pt-PT\"}]}<\/script>\n<!-- \/ Yoast SEO Premium plugin. -->","yoast_head_json":{"title":"\u00c1cido oleico de alta qualidade, mono\u00e9ster com triglicerol CAS 33940-98-6 com pre\u00e7o baixo - Bem-vindo ao VIVALR- Sua fonte confi\u00e1vel de mat\u00e9rias-primas qu\u00edmicas\uff01","robots":{"index":"index","follow":"follow","max-snippet":"max-snippet:-1","max-image-preview":"max-image-preview:large","max-video-preview":"max-video-preview:-1"},"canonical":"https:\/\/vivalr.com\/pt\/product\/5392.html","og_locale":"pt_PT","og_type":"article","og_title":"High Quality Oleic Acid, Monoester With Triglycerol CAS 33940-98-6 With Low Price","og_description":"User Guide: High Quality Oleic Acid, Monoester With Triglycerol CAS 33940-98-6 With Low Price Table of Contents I. Basic Information and Parameters II. Product Uses III. Product Usage IV. Usage Case Studies V. Contact Information I. Basic Information and Parameters Our product, High Quality Oleic Acid, Monoester With Triglycerol with CAS number 33940 - 98 [&hellip;]","og_url":"https:\/\/vivalr.com\/pt\/product\/5392.html","og_site_name":"Welcome to VIVALR- Your Trusted Source for Chemical Raw Materials\uff01","article_modified_time":"2025-03-07T12:31:33+00:00","og_image":[{"width":350,"height":350,"url":"https:\/\/vivalr.com\/wp-content\/uploads\/2025\/03\/Oleic-Acid-Monoester-With-Triglycerol-CAS-33940-98-6.jpg","type":"image\/jpeg"}],"twitter_card":"summary_large_image","twitter_misc":{"Tempo estimado de leitura":"4 minutos"},"schema":{"@context":"https:\/\/schema.org","@graph":[{"@type":"WebPage","@id":"https:\/\/vivalr.com\/product\/5392.html","url":"https:\/\/vivalr.com\/product\/5392.html","name":"\u00c1cido oleico de alta qualidade, mono\u00e9ster com triglicerol CAS 33940-98-6 com pre\u00e7o baixo - Bem-vindo ao VIVALR- Sua fonte confi\u00e1vel de mat\u00e9rias-primas qu\u00edmicas\uff01","isPartOf":{"@id":"https:\/\/vivalr.com\/#website"},"primaryImageOfPage":{"@id":"https:\/\/vivalr.com\/product\/5392.html#primaryimage"},"image":{"@id":"https:\/\/vivalr.com\/product\/5392.html#primaryimage"},"thumbnailUrl":"https:\/\/vivalr.com\/wp-content\/uploads\/2025\/03\/Oleic-Acid-Monoester-With-Triglycerol-CAS-33940-98-6.jpg","datePublished":"2025-03-07T12:11:03+00:00","dateModified":"2025-03-07T12:31:33+00:00","breadcrumb":{"@id":"https:\/\/vivalr.com\/product\/5392.html#breadcrumb"},"inLanguage":"pt-PT","potentialAction":[{"@type":"ReadAction","target":["https:\/\/vivalr.com\/product\/5392.html"]}]},{"@type":"ImageObject","inLanguage":"pt-PT","@id":"https:\/\/vivalr.com\/product\/5392.html#primaryimage","url":"https:\/\/vivalr.com\/wp-content\/uploads\/2025\/03\/Oleic-Acid-Monoester-With-Triglycerol-CAS-33940-98-6.jpg","contentUrl":"https:\/\/vivalr.com\/wp-content\/uploads\/2025\/03\/Oleic-Acid-Monoester-With-Triglycerol-CAS-33940-98-6.jpg","width":350,"height":350},{"@type":"BreadcrumbList","@id":"https:\/\/vivalr.com\/product\/5392.html#breadcrumb","itemListElement":[{"@type":"ListItem","position":1,"name":"Home","item":"https:\/\/vivalr.com\/"},{"@type":"ListItem","position":2,"name":"Shop","item":"https:\/\/vivalr.com\/shop\/"},{"@type":"ListItem","position":3,"name":"High Quality Oleic Acid, Monoester With Triglycerol CAS 33940-98-6 With Low Price"}]},{"@type":"WebSite","@id":"https:\/\/vivalr.com\/#website","url":"https:\/\/vivalr.com\/","name":"Bem-vindo ao VIVALR- Sua fonte confi\u00e1vel de mat\u00e9rias-primas qu\u00edmicas\uff01","description":"Descubra uma vasta gama de mat\u00e9rias-primas qu\u00edmicas de alta qualidade para satisfazer as suas necessidades industriais. O nosso compromisso com a excel\u00eancia garante-lhe os melhores produtos e servi\u00e7os.","potentialAction":[{"@type":"SearchAction","target":{"@type":"EntryPoint","urlTemplate":"https:\/\/vivalr.com\/?s={search_term_string}"},"query-input":{"@type":"PropertyValueSpecification","valueRequired":true,"valueName":"search_term_string"}}],"inLanguage":"pt-PT"}]}},"_links":{"self":[{"href":"https:\/\/vivalr.com\/pt\/wp-json\/wp\/v2\/product\/5392","targetHints":{"allow":["GET"]}}],"collection":[{"href":"https:\/\/vivalr.com\/pt\/wp-json\/wp\/v2\/product"}],"about":[{"href":"https:\/\/vivalr.com\/pt\/wp-json\/wp\/v2\/types\/product"}],"replies":[{"embeddable":true,"href":"https:\/\/vivalr.com\/pt\/wp-json\/wp\/v2\/comments?post=5392"}],"wp:featuredmedia":[{"embeddable":true,"href":"https:\/\/vivalr.com\/pt\/wp-json\/wp\/v2\/media\/23769"}],"wp:attachment":[{"href":"https:\/\/vivalr.com\/pt\/wp-json\/wp\/v2\/media?parent=5392"}],"wp:term":[{"taxonomy":"product_brand","embeddable":true,"href":"https:\/\/vivalr.com\/pt\/wp-json\/wp\/v2\/product_brand?post=5392"},{"taxonomy":"product_cat","embeddable":true,"href":"https:\/\/vivalr.com\/pt\/wp-json\/wp\/v2\/product_cat?post=5392"},{"taxonomy":"product_tag","embeddable":true,"href":"https:\/\/vivalr.com\/pt\/wp-json\/wp\/v2\/product_tag?post=5392"}],"curies":[{"name":"wp","href":"https:\/\/api.w.org\/{rel}","templated":true}]}}