{"id":5618,"date":"2025-03-07T12:11:17","date_gmt":"2025-03-07T12:11:17","guid":{"rendered":"https:\/\/vivalr.com\/product\/5618.html"},"modified":"2025-03-07T12:31:57","modified_gmt":"2025-03-07T12:31:57","slug":"factory-supply-135-triazine-246-1h3h5h-trithione-trisodium-salt-cas-17766-26-6-with-low-price","status":"publish","type":"product","link":"https:\/\/vivalr.com\/pt\/product\/5618.html","title":{"rendered":"Fornecimento de f\u00e1brica 1,3,5-Triazina-2,4,6-(1H,3H,5H)-trithione sal triss\u00f3dico cas 17766-26-6 com pre\u00e7o baixo"},"content":{"rendered":"<h1>Guia do usu\u00e1rio para fornecimento de f\u00e1brica 1,3,5-Triazina-2,4,6- (1H, 3H, 5H) - sal triss\u00f3dico de tr\u00edtio cas 17766-26-6 com pre\u00e7o baixo<\/h1>\n<ol>\n<li><a href=\"#basic-info\">Informa\u00e7\u00f5es e par\u00e2metros b\u00e1sicos<\/a><\/li>\n<li><a href=\"#uses\">Utiliza\u00e7\u00f5es do produto<\/a><\/li>\n<li><a href=\"#usage\">Como utilizar o produto<\/a><\/li>\n<li><a href=\"#usage-cases\">Casos de utiliza\u00e7\u00e3o pormenorizados<\/a><\/li>\n<li><a href=\"#contact-info\">Informa\u00e7\u00f5es de contacto<\/a><\/li>\n<\/ol>\n<h2 id=\"basic-info\">Informa\u00e7\u00f5es e par\u00e2metros b\u00e1sicos<\/h2>\n<p>O produto, Factory Supply 1,3,5-Triazine-2,4,6-(1H,3H,5H)-trithione trisodium salt com o n\u00famero CAS 17766 - 26 - 6, \u00e9 um composto qu\u00edmico que \u00e9 oferecido a um pre\u00e7o baixo. A f\u00f3rmula molecular deste composto pode ser determinada com base no seu nome qu\u00edmico. A forma de sal triss\u00f3dico indica a presen\u00e7a de tr\u00eas i\u00f5es de s\u00f3dio associados \u00e0 estrutura da 1,3,5 - Triazina - 2,4,6-(1H,3H,5H)-tritiona. <\/p>\n<p>Existe normalmente no estado s\u00f3lido em condi\u00e7\u00f5es normais. A pureza do produto pode variar em fun\u00e7\u00e3o do processo de fabrico e das medidas de controlo de qualidade. Normalmente, a nossa f\u00e1brica fornece este produto com um n\u00edvel de pureza elevado para satisfazer os requisitos de v\u00e1rias aplica\u00e7\u00f5es. <\/p>\n<h2 id=\"uses\">Utiliza\u00e7\u00f5es do produto<\/h2>\n<p>Este produto tem m\u00faltiplas aplica\u00e7\u00f5es em diferentes ind\u00fastrias. Na ind\u00fastria qu\u00edmica, pode ser utilizado como um intermedi\u00e1rio na s\u00edntese de compostos org\u00e2nicos mais complexos. Participa em v\u00e1rias reac\u00e7\u00f5es qu\u00edmicas, tais como reac\u00e7\u00f5es de substitui\u00e7\u00e3o e adi\u00e7\u00e3o, permitindo a forma\u00e7\u00e3o de novas liga\u00e7\u00f5es qu\u00edmicas e a cria\u00e7\u00e3o de novas mol\u00e9culas.<\/p>\n<p>No dom\u00ednio do tratamento da \u00e1gua, pode atuar como um agente quelante. Tem a capacidade de se ligar a i\u00f5es met\u00e1licos na \u00e1gua, impedindo-os de causar a forma\u00e7\u00e3o de incrusta\u00e7\u00f5es ou outros problemas nas tubagens e equipamentos de \u00e1gua. Isto ajuda a manter a efici\u00eancia e a longevidade dos sistemas relacionados com a \u00e1gua. <\/p>\n<p>Na ind\u00fastria agr\u00edcola, pode ter aplica\u00e7\u00f5es potenciais como pesticida ou condicionador do solo. Pode interagir com certas pragas ou componentes do solo, melhorando o ambiente de crescimento das plantas. <\/p>\n<h2 id=\"usage\">Como utilizar o produto<\/h2>\n<p>Quando se utiliza o sal triss\u00f3dico de 1,3,5 - Triazina - 2,4,6-(1H,3H,5H)-tritiona, devem ser tomadas medidas de seguran\u00e7a adequadas. Usar vestu\u00e1rio de prote\u00e7\u00e3o adequado, luvas e prote\u00e7\u00e3o ocular. <\/p>\n<p>Num processo de s\u00edntese qu\u00edmica, calcular a quantidade adequada do produto de acordo com a estequiometria da rea\u00e7\u00e3o. Dissolva-o num solvente adequado, que \u00e9 normalmente selecionado com base na solubilidade do composto e nos requisitos da rea\u00e7\u00e3o. Agitar bem a solu\u00e7\u00e3o para assegurar uma dissolu\u00e7\u00e3o completa. Em seguida, adicionar gradualmente outros reagentes em condi\u00e7\u00f5es de rea\u00e7\u00e3o controladas, tais como temperatura, press\u00e3o e pH. <\/p>\n<p>No tratamento da \u00e1gua, determinar a dosagem do produto com base na qualidade e no volume da \u00e1gua a ser tratada. Adicionar o produto ao sistema de \u00e1gua lentamente enquanto monitoriza continuamente os par\u00e2metros de qualidade da \u00e1gua. Ajustar a dosagem, se necess\u00e1rio, para obter o efeito de tratamento desejado. <\/p>\n<h2 id=\"usage-cases\">Casos de utiliza\u00e7\u00e3o pormenorizados<\/h2>\n<p><strong>Caso 1: S\u00edntese qu\u00edmica<\/strong><\/p>\n<p>Um laborat\u00f3rio de investiga\u00e7\u00e3o qu\u00edmica estava a realizar um projeto para sintetizar um novo tipo de corante org\u00e2nico. Utilizaram como intermedi\u00e1rio o sal triss\u00f3dico de 1,3,5 - triazina - 2,4,6-(1H,3H,5H)-tritiona. Primeiro dissolveram 5 gramas do produto em 50 mililitros de etanol. A solu\u00e7\u00e3o foi aquecida a 50\u00b0C sob agita\u00e7\u00e3o. Em seguida, adicionaram 3 gramas de um composto halogenado espec\u00edfico, gota a gota, durante 30 minutos. Ap\u00f3s um tempo de rea\u00e7\u00e3o de 2 horas, obtiveram um novo composto com um rendimento elevado, que foi utilizado nas etapas subsequentes da s\u00edntese do corante. <\/p>\n<p><strong>Caso 2: Tratamento de \u00e1gua<\/strong><\/p>\n<p>Uma esta\u00e7\u00e3o de tratamento de \u00e1gua de pequena escala estava a enfrentar problemas com n\u00edveis elevados de metais pesados na \u00e1gua que entrava. Decidiram utilizar este produto como agente quelante. Depois de analisar a amostra de \u00e1gua, determinaram que a adi\u00e7\u00e3o de 2 miligramas por litro do produto seria adequada. Adicionaram o produto \u00e0 \u00e1gua num tanque de mistura e deixaram-no reagir durante 1 hora. Ap\u00f3s a rea\u00e7\u00e3o, mediram os n\u00edveis de metais pesados na \u00e1gua e verificaram que os n\u00edveis tinham diminu\u00eddo significativamente, cumprindo as normas de qualidade da \u00e1gua. <\/p>\n<h2 id=\"contact-info\">Informa\u00e7\u00f5es de contacto<\/h2>\n<p>Se tiver alguma d\u00favida sobre este produto, n\u00e3o hesite em contactar-nos. O nosso e-mail \u00e9 info@vivalr.com e o nosso n\u00famero de telefone \u00e9 (86) 15866781826. Estamos sempre prontos a fornecer-lhe aconselhamento e apoio profissional.<\/p>","protected":false},"excerpt":{"rendered":"<p>Guia do usu\u00e1rio para o fornecimento de f\u00e1brica 1,3,5-Triazina-2,4,6- (1H, 3H, 5H) - sal triss\u00f3dico de tr\u00edtio cas 17766-26-6 com baixo pre\u00e7o Informa\u00e7\u00f5es b\u00e1sicas e par\u00e2metros Usos do produto Como usar o produto Casos de uso detalhados Informa\u00e7\u00f5es de contato Informa\u00e7\u00f5es b\u00e1sicas e par\u00e2metros O produto, fornecimento de f\u00e1brica 1,3,5-Triazina-2,4,6- (1H, 3H, 5H) - sal triss\u00f3dico de tr\u00edtio com n\u00famero CAS 17766 - 26 - 6, \u00e9 um composto qu\u00edmico que [...]<\/p>","protected":false},"featured_media":23881,"comment_status":"closed","ping_status":"open","template":"","meta":[],"product_brand":[],"product_cat":[15],"product_tag":[],"class_list":{"0":"post-5618","1":"product","2":"type-product","3":"status-publish","4":"has-post-thumbnail","6":"product_cat-uncategorized","8":"first","9":"instock","10":"product-type-simple"},"yoast_head":"<!-- This site is optimized with the Yoast SEO Premium plugin v24.4 (Yoast SEO v27.4) - https:\/\/yoast.com\/product\/yoast-seo-premium-wordpress\/ -->\n<title>Factory Supply 1,3,5-Triazine-2,4,6-(1H,3H,5H)-trithione trisodium salt cas 17766-26-6 With Low Price - Welcome to VIVALR- Your Trusted Source for Chemical Raw Materials\uff01<\/title>\n<meta name=\"robots\" content=\"index, follow, max-snippet:-1, max-image-preview:large, max-video-preview:-1\" \/>\n<link rel=\"canonical\" href=\"https:\/\/vivalr.com\/pt\/product\/5618.html\" \/>\n<meta property=\"og:locale\" content=\"pt_PT\" \/>\n<meta property=\"og:type\" content=\"article\" \/>\n<meta property=\"og:title\" content=\"Factory Supply 1,3,5-Triazine-2,4,6-(1H,3H,5H)-trithione trisodium salt cas 17766-26-6 With Low Price\" \/>\n<meta property=\"og:description\" content=\"User Guide for Factory Supply 1,3,5-Triazine-2,4,6-(1H,3H,5H)-trithione trisodium salt cas 17766-26-6 With Low Price Basic Information and Parameters Uses of the Product How to Use the Product Detailed Usage Cases Contact Information Basic Information and Parameters The product, Factory Supply 1,3,5-Triazine-2,4,6-(1H,3H,5H)-trithione trisodium salt with CAS number 17766 - 26 - 6, is a chemical compound that [&hellip;]\" \/>\n<meta property=\"og:url\" content=\"https:\/\/vivalr.com\/pt\/product\/5618.html\" \/>\n<meta property=\"og:site_name\" content=\"Welcome to VIVALR- Your Trusted Source for Chemical Raw Materials\uff01\" \/>\n<meta property=\"article:modified_time\" content=\"2025-03-07T12:31:57+00:00\" \/>\n<meta property=\"og:image\" content=\"https:\/\/vivalr.com\/wp-content\/uploads\/2025\/03\/135-Triazine-246-1H3H5H-trithione-trisodium-salt-cas-17766-26-6.jpg\" \/>\n\t<meta property=\"og:image:width\" content=\"400\" \/>\n\t<meta property=\"og:image:height\" content=\"400\" \/>\n\t<meta property=\"og:image:type\" content=\"image\/jpeg\" \/>\n<meta name=\"twitter:card\" content=\"summary_large_image\" \/>\n<meta name=\"twitter:label1\" content=\"Tempo estimado de leitura\" \/>\n\t<meta name=\"twitter:data1\" content=\"3 minutos\" \/>\n<script type=\"application\/ld+json\" class=\"yoast-schema-graph\">{\"@context\":\"https:\\\/\\\/schema.org\",\"@graph\":[{\"@type\":\"WebPage\",\"@id\":\"https:\\\/\\\/vivalr.com\\\/product\\\/5618.html\",\"url\":\"https:\\\/\\\/vivalr.com\\\/product\\\/5618.html\",\"name\":\"Factory Supply 1,3,5-Triazine-2,4,6-(1H,3H,5H)-trithione trisodium salt cas 17766-26-6 With Low Price - Welcome to VIVALR- Your Trusted Source for Chemical Raw Materials\uff01\",\"isPartOf\":{\"@id\":\"https:\\\/\\\/vivalr.com\\\/#website\"},\"primaryImageOfPage\":{\"@id\":\"https:\\\/\\\/vivalr.com\\\/product\\\/5618.html#primaryimage\"},\"image\":{\"@id\":\"https:\\\/\\\/vivalr.com\\\/product\\\/5618.html#primaryimage\"},\"thumbnailUrl\":\"https:\\\/\\\/vivalr.com\\\/wp-content\\\/uploads\\\/2025\\\/03\\\/135-Triazine-246-1H3H5H-trithione-trisodium-salt-cas-17766-26-6.jpg\",\"datePublished\":\"2025-03-07T12:11:17+00:00\",\"dateModified\":\"2025-03-07T12:31:57+00:00\",\"breadcrumb\":{\"@id\":\"https:\\\/\\\/vivalr.com\\\/product\\\/5618.html#breadcrumb\"},\"inLanguage\":\"pt-PT\",\"potentialAction\":[{\"@type\":\"ReadAction\",\"target\":[\"https:\\\/\\\/vivalr.com\\\/product\\\/5618.html\"]}]},{\"@type\":\"ImageObject\",\"inLanguage\":\"pt-PT\",\"@id\":\"https:\\\/\\\/vivalr.com\\\/product\\\/5618.html#primaryimage\",\"url\":\"https:\\\/\\\/vivalr.com\\\/wp-content\\\/uploads\\\/2025\\\/03\\\/135-Triazine-246-1H3H5H-trithione-trisodium-salt-cas-17766-26-6.jpg\",\"contentUrl\":\"https:\\\/\\\/vivalr.com\\\/wp-content\\\/uploads\\\/2025\\\/03\\\/135-Triazine-246-1H3H5H-trithione-trisodium-salt-cas-17766-26-6.jpg\",\"width\":400,\"height\":400},{\"@type\":\"BreadcrumbList\",\"@id\":\"https:\\\/\\\/vivalr.com\\\/product\\\/5618.html#breadcrumb\",\"itemListElement\":[{\"@type\":\"ListItem\",\"position\":1,\"name\":\"Home\",\"item\":\"https:\\\/\\\/vivalr.com\\\/\"},{\"@type\":\"ListItem\",\"position\":2,\"name\":\"Shop\",\"item\":\"https:\\\/\\\/vivalr.com\\\/shop\\\/\"},{\"@type\":\"ListItem\",\"position\":3,\"name\":\"Factory Supply 1,3,5-Triazine-2,4,6-(1H,3H,5H)-trithione trisodium salt cas 17766-26-6 With Low Price\"}]},{\"@type\":\"WebSite\",\"@id\":\"https:\\\/\\\/vivalr.com\\\/#website\",\"url\":\"https:\\\/\\\/vivalr.com\\\/\",\"name\":\"Welcome to VIVALR- Your Trusted Source for Chemical Raw Materials\uff01\",\"description\":\"Discover a wide range of high-quality chemical raw materials to meet your industrial needs. Our commitment to excellence ensures that you get the best products and services.\",\"potentialAction\":[{\"@type\":\"SearchAction\",\"target\":{\"@type\":\"EntryPoint\",\"urlTemplate\":\"https:\\\/\\\/vivalr.com\\\/?s={search_term_string}\"},\"query-input\":{\"@type\":\"PropertyValueSpecification\",\"valueRequired\":true,\"valueName\":\"search_term_string\"}}],\"inLanguage\":\"pt-PT\"}]}<\/script>\n<!-- \/ Yoast SEO Premium plugin. -->","yoast_head_json":{"title":"Fornecimento de f\u00e1brica 1,3,5-Triazina-2,4,6-(1H,3H,5H)-tr\u00edtio sal triss\u00f3dico cas 17766-26-6 com baixo pre\u00e7o - Bem-vindo ao VIVALR- Sua fonte confi\u00e1vel de mat\u00e9rias-primas qu\u00edmicas\uff01","robots":{"index":"index","follow":"follow","max-snippet":"max-snippet:-1","max-image-preview":"max-image-preview:large","max-video-preview":"max-video-preview:-1"},"canonical":"https:\/\/vivalr.com\/pt\/product\/5618.html","og_locale":"pt_PT","og_type":"article","og_title":"Factory Supply 1,3,5-Triazine-2,4,6-(1H,3H,5H)-trithione trisodium salt cas 17766-26-6 With Low Price","og_description":"User Guide for Factory Supply 1,3,5-Triazine-2,4,6-(1H,3H,5H)-trithione trisodium salt cas 17766-26-6 With Low Price Basic Information and Parameters Uses of the Product How to Use the Product Detailed Usage Cases Contact Information Basic Information and Parameters The product, Factory Supply 1,3,5-Triazine-2,4,6-(1H,3H,5H)-trithione trisodium salt with CAS number 17766 - 26 - 6, is a chemical compound that [&hellip;]","og_url":"https:\/\/vivalr.com\/pt\/product\/5618.html","og_site_name":"Welcome to VIVALR- Your Trusted Source for Chemical Raw Materials\uff01","article_modified_time":"2025-03-07T12:31:57+00:00","og_image":[{"width":400,"height":400,"url":"https:\/\/vivalr.com\/wp-content\/uploads\/2025\/03\/135-Triazine-246-1H3H5H-trithione-trisodium-salt-cas-17766-26-6.jpg","type":"image\/jpeg"}],"twitter_card":"summary_large_image","twitter_misc":{"Tempo estimado de leitura":"3 minutos"},"schema":{"@context":"https:\/\/schema.org","@graph":[{"@type":"WebPage","@id":"https:\/\/vivalr.com\/product\/5618.html","url":"https:\/\/vivalr.com\/product\/5618.html","name":"Fornecimento de f\u00e1brica 1,3,5-Triazina-2,4,6-(1H,3H,5H)-tr\u00edtio sal triss\u00f3dico cas 17766-26-6 com baixo pre\u00e7o - Bem-vindo ao VIVALR- Sua fonte confi\u00e1vel de mat\u00e9rias-primas qu\u00edmicas\uff01","isPartOf":{"@id":"https:\/\/vivalr.com\/#website"},"primaryImageOfPage":{"@id":"https:\/\/vivalr.com\/product\/5618.html#primaryimage"},"image":{"@id":"https:\/\/vivalr.com\/product\/5618.html#primaryimage"},"thumbnailUrl":"https:\/\/vivalr.com\/wp-content\/uploads\/2025\/03\/135-Triazine-246-1H3H5H-trithione-trisodium-salt-cas-17766-26-6.jpg","datePublished":"2025-03-07T12:11:17+00:00","dateModified":"2025-03-07T12:31:57+00:00","breadcrumb":{"@id":"https:\/\/vivalr.com\/product\/5618.html#breadcrumb"},"inLanguage":"pt-PT","potentialAction":[{"@type":"ReadAction","target":["https:\/\/vivalr.com\/product\/5618.html"]}]},{"@type":"ImageObject","inLanguage":"pt-PT","@id":"https:\/\/vivalr.com\/product\/5618.html#primaryimage","url":"https:\/\/vivalr.com\/wp-content\/uploads\/2025\/03\/135-Triazine-246-1H3H5H-trithione-trisodium-salt-cas-17766-26-6.jpg","contentUrl":"https:\/\/vivalr.com\/wp-content\/uploads\/2025\/03\/135-Triazine-246-1H3H5H-trithione-trisodium-salt-cas-17766-26-6.jpg","width":400,"height":400},{"@type":"BreadcrumbList","@id":"https:\/\/vivalr.com\/product\/5618.html#breadcrumb","itemListElement":[{"@type":"ListItem","position":1,"name":"Home","item":"https:\/\/vivalr.com\/"},{"@type":"ListItem","position":2,"name":"Shop","item":"https:\/\/vivalr.com\/shop\/"},{"@type":"ListItem","position":3,"name":"Factory Supply 1,3,5-Triazine-2,4,6-(1H,3H,5H)-trithione trisodium salt cas 17766-26-6 With Low Price"}]},{"@type":"WebSite","@id":"https:\/\/vivalr.com\/#website","url":"https:\/\/vivalr.com\/","name":"Bem-vindo ao VIVALR- Sua fonte confi\u00e1vel de mat\u00e9rias-primas qu\u00edmicas\uff01","description":"Descubra uma vasta gama de mat\u00e9rias-primas qu\u00edmicas de alta qualidade para satisfazer as suas necessidades industriais. O nosso compromisso com a excel\u00eancia garante-lhe os melhores produtos e servi\u00e7os.","potentialAction":[{"@type":"SearchAction","target":{"@type":"EntryPoint","urlTemplate":"https:\/\/vivalr.com\/?s={search_term_string}"},"query-input":{"@type":"PropertyValueSpecification","valueRequired":true,"valueName":"search_term_string"}}],"inLanguage":"pt-PT"}]}},"_links":{"self":[{"href":"https:\/\/vivalr.com\/pt\/wp-json\/wp\/v2\/product\/5618","targetHints":{"allow":["GET"]}}],"collection":[{"href":"https:\/\/vivalr.com\/pt\/wp-json\/wp\/v2\/product"}],"about":[{"href":"https:\/\/vivalr.com\/pt\/wp-json\/wp\/v2\/types\/product"}],"replies":[{"embeddable":true,"href":"https:\/\/vivalr.com\/pt\/wp-json\/wp\/v2\/comments?post=5618"}],"wp:featuredmedia":[{"embeddable":true,"href":"https:\/\/vivalr.com\/pt\/wp-json\/wp\/v2\/media\/23881"}],"wp:attachment":[{"href":"https:\/\/vivalr.com\/pt\/wp-json\/wp\/v2\/media?parent=5618"}],"wp:term":[{"taxonomy":"product_brand","embeddable":true,"href":"https:\/\/vivalr.com\/pt\/wp-json\/wp\/v2\/product_brand?post=5618"},{"taxonomy":"product_cat","embeddable":true,"href":"https:\/\/vivalr.com\/pt\/wp-json\/wp\/v2\/product_cat?post=5618"},{"taxonomy":"product_tag","embeddable":true,"href":"https:\/\/vivalr.com\/pt\/wp-json\/wp\/v2\/product_tag?post=5618"}],"curies":[{"name":"wp","href":"https:\/\/api.w.org\/{rel}","templated":true}]}}