{"id":57,"date":"2025-03-07T12:05:04","date_gmt":"2025-03-07T12:05:04","guid":{"rendered":"https:\/\/vivalr.com\/product\/57.html"},"modified":"2025-03-07T12:21:18","modified_gmt":"2025-03-07T12:21:18","slug":"factory-supply-zinc-citrate-cas-546-46-3-with-best-price","status":"publish","type":"product","link":"https:\/\/vivalr.com\/pt\/product\/57.html","title":{"rendered":"Fornecimento de f\u00e1brica de citrato de zinco CAS 546-46-3 com melhor pre\u00e7o"},"content":{"rendered":"<div class=\"content-wrapper\">\n<h1>Citrato de zinco CAS 546-46-3 - Utiliza\u00e7\u00f5es, benef\u00edcios e diretrizes<\/h1>\n<p>        <!-- Table of Contents --><\/p>\n<div class=\"toc\">\n<h2>\u00cdndice<\/h2>\n<ul>\n<li><a href=\"#overview\">Vis\u00e3o geral do produto<\/a><\/li>\n<li><a href=\"#uses\">Principais utiliza\u00e7\u00f5es e aplica\u00e7\u00f5es<\/a><\/li>\n<li><a href=\"#usage\">Diretrizes de utiliza\u00e7\u00e3o<\/a><\/li>\n<li><a href=\"#case-studies\">Estudos de casos do sector<\/a><\/li>\n<li><a href=\"#contact\">Informa\u00e7\u00f5es de contacto<\/a><\/li>\n<\/ul><\/div>\n<p>        <!-- Product Overview --><\/p>\n<h2 id=\"overview\">Vis\u00e3o geral do produto<\/h2>\n<p><strong>Citrato de zinco<\/strong> (CAS 546-46-3) \u00e9 um p\u00f3 cristalino branco com a f\u00f3rmula qu\u00edmica C<sub>12<\/sub>H<sub>10<\/sub>O<sub>14<\/sub>Zn<sub>3<\/sub>. As principais especifica\u00e7\u00f5es incluem:<\/p>\n<ul>\n<li>Peso molecular: 574,34 g\/mol<\/li>\n<li>Pureza: \u226598%<\/li>\n<li>Solubilidade: Ligeiramente sol\u00favel em \u00e1gua, sol\u00favel em \u00e1cidos dilu\u00eddos<\/li>\n<li>Armazenamento: Conservar num local fresco e seco a uma temperatura de 15-25\u00b0C<\/li>\n<\/ul>\n<p>        <!-- Key Uses --><\/p>\n<h2 id=\"uses\">Principais utiliza\u00e7\u00f5es e aplica\u00e7\u00f5es<\/h2>\n<p>O citrato de zinco \u00e9 amplamente utilizado em:<\/p>\n<ul>\n<li><strong>Nutrac\u00eauticos:<\/strong> Suplemento de zinco para apoio imunit\u00e1rio<\/li>\n<li><strong>Cuidados orais:<\/strong> Agente anti-placa em pastas de dentes e colut\u00f3rios<\/li>\n<li><strong>Aditivos alimentares:<\/strong> Estabilizador e fortifica\u00e7\u00e3o de nutrientes<\/li>\n<li><strong>Cosm\u00e9ticos:<\/strong> Formula\u00e7\u00f5es de prote\u00e7\u00e3o da pele<\/li>\n<\/ul>\n<p>        <!-- Usage Guidelines --><\/p>\n<h2 id=\"usage\">Diretrizes de utiliza\u00e7\u00e3o<\/h2>\n<ol>\n<li><strong>Dosagem recomendada:<\/strong> 10-50 mg\/dia para suplementos alimentares<\/li>\n<li><strong>Mistura:<\/strong> Misturar com excipientes em ambientes secos<\/li>\n<li><strong>Processamento:<\/strong> Compat\u00edvel com compress\u00e3o ou encapsulamento de comprimidos<\/li>\n<li><strong>Seguran\u00e7a:<\/strong> Utilizar EPI durante o manuseamento; evitar a inala\u00e7\u00e3o<\/li>\n<\/ol>\n<p>        <!-- Case Studies --><\/p>\n<h2 id=\"case-studies\">Estudos de casos do sector<\/h2>\n<h3>Caso 1: Formula\u00e7\u00e3o para cuidados dent\u00e1rios<\/h3>\n<p>Um fabricante l\u00edder de pastas de dentes integrou o Citrato de Zinco 2% para reduzir a forma\u00e7\u00e3o de placa bacteriana em 40% em ensaios cl\u00ednicos, aumentando a efic\u00e1cia do produto.<\/p>\n<h3>Caso 2: Produ\u00e7\u00e3o de suplementos alimentares<\/h3>\n<p>Uma empresa de nutrac\u00eauticos utilizou Citrato de Zinco em comprimidos mastig\u00e1veis (15 mg\/comprimido) para cumprir 100% RDI para zinco, alcan\u00e7ando 98% de efici\u00eancia de dissolu\u00e7\u00e3o.<\/p>\n<p>        <!-- Contact --><\/p>\n<h2 id=\"contact\">Informa\u00e7\u00f5es de contacto<\/h2>\n<p>Para quest\u00f5es t\u00e9cnicas ou encomendas em massa:<\/p>\n<ul>\n<li>Correio eletr\u00f3nico: <a href=\"mailto:info@vivalr.com\">info@vivalr.com<\/a><\/li>\n<li>Telefone: <a href=\"tel:+8615866781826\">(86) 15866781826<\/a><\/li>\n<\/ul><\/div>","protected":false},"excerpt":{"rendered":"<p>Zinc Citrate CAS 546-46-3 - Uses, Benefits &#038; Guidelines Table of Contents Product Overview Key Uses &#038; Applications Usage Guidelines Industry Case Studies Contact Information Product Overview Zinc Citrate (CAS 546-46-3) is a white crystalline powder with the chemical formula C12H10O14Zn3. Key specifications include: Molecular Weight: 574.34 g\/mol Purity: \u226598% Solubility: Slightly soluble in water, [&hellip;]<\/p>","protected":false},"featured_media":21212,"comment_status":"closed","ping_status":"open","template":"","meta":[],"product_brand":[],"product_cat":[15],"product_tag":[],"class_list":{"0":"post-57","1":"product","2":"type-product","3":"status-publish","4":"has-post-thumbnail","6":"product_cat-uncategorized","8":"first","9":"instock","10":"product-type-simple"},"yoast_head":"<!-- This site is optimized with the Yoast SEO Premium plugin v24.4 (Yoast SEO v25.0) - https:\/\/yoast.com\/wordpress\/plugins\/seo\/ -->\n<title>Factory Supply Zinc Citrate CAS 546-46-3 With Best Price - Welcome to VIVALR- Your Trusted Source for Chemical Raw Materials\uff01<\/title>\n<meta name=\"robots\" content=\"index, follow, max-snippet:-1, max-image-preview:large, max-video-preview:-1\" \/>\n<link rel=\"canonical\" href=\"https:\/\/vivalr.com\/pt\/product\/57.html\" \/>\n<meta property=\"og:locale\" content=\"pt_PT\" \/>\n<meta property=\"og:type\" content=\"article\" \/>\n<meta property=\"og:title\" content=\"Factory Supply Zinc Citrate CAS 546-46-3 With Best Price\" \/>\n<meta property=\"og:description\" content=\"Zinc Citrate CAS 546-46-3 - Uses, Benefits &amp; Guidelines Table of Contents Product Overview Key Uses &amp; Applications Usage Guidelines Industry Case Studies Contact Information Product Overview Zinc Citrate (CAS 546-46-3) is a white crystalline powder with the chemical formula C12H10O14Zn3. Key specifications include: Molecular Weight: 574.34 g\/mol Purity: \u226598% Solubility: Slightly soluble in water, [&hellip;]\" \/>\n<meta property=\"og:url\" content=\"https:\/\/vivalr.com\/pt\/product\/57.html\" \/>\n<meta property=\"og:site_name\" content=\"Welcome to VIVALR- Your Trusted Source for Chemical Raw Materials\uff01\" \/>\n<meta property=\"article:modified_time\" content=\"2025-03-07T12:21:18+00:00\" \/>\n<meta property=\"og:image\" content=\"https:\/\/vivalr.com\/wp-content\/uploads\/2025\/03\/Zinc-Citrate-CAS-546-46-3.jpg\" \/>\n\t<meta property=\"og:image:width\" content=\"823\" \/>\n\t<meta property=\"og:image:height\" content=\"796\" \/>\n\t<meta property=\"og:image:type\" content=\"image\/jpeg\" \/>\n<meta name=\"twitter:card\" content=\"summary_large_image\" \/>\n<meta name=\"twitter:label1\" content=\"Tempo estimado de leitura\" \/>\n\t<meta name=\"twitter:data1\" content=\"1 minuto\" \/>\n<script type=\"application\/ld+json\" class=\"yoast-schema-graph\">{\"@context\":\"https:\/\/schema.org\",\"@graph\":[{\"@type\":\"WebPage\",\"@id\":\"https:\/\/vivalr.com\/product\/57.html\",\"url\":\"https:\/\/vivalr.com\/product\/57.html\",\"name\":\"Factory Supply Zinc Citrate CAS 546-46-3 With Best Price - Welcome to VIVALR- Your Trusted Source for Chemical Raw Materials\uff01\",\"isPartOf\":{\"@id\":\"https:\/\/vivalr.com\/#website\"},\"primaryImageOfPage\":{\"@id\":\"https:\/\/vivalr.com\/product\/57.html#primaryimage\"},\"image\":{\"@id\":\"https:\/\/vivalr.com\/product\/57.html#primaryimage\"},\"thumbnailUrl\":\"https:\/\/vivalr.com\/wp-content\/uploads\/2025\/03\/Zinc-Citrate-CAS-546-46-3.jpg\",\"datePublished\":\"2025-03-07T12:05:04+00:00\",\"dateModified\":\"2025-03-07T12:21:18+00:00\",\"breadcrumb\":{\"@id\":\"https:\/\/vivalr.com\/product\/57.html#breadcrumb\"},\"inLanguage\":\"pt-PT\",\"potentialAction\":[{\"@type\":\"ReadAction\",\"target\":[\"https:\/\/vivalr.com\/product\/57.html\"]}]},{\"@type\":\"ImageObject\",\"inLanguage\":\"pt-PT\",\"@id\":\"https:\/\/vivalr.com\/product\/57.html#primaryimage\",\"url\":\"https:\/\/vivalr.com\/wp-content\/uploads\/2025\/03\/Zinc-Citrate-CAS-546-46-3.jpg\",\"contentUrl\":\"https:\/\/vivalr.com\/wp-content\/uploads\/2025\/03\/Zinc-Citrate-CAS-546-46-3.jpg\",\"width\":823,\"height\":796},{\"@type\":\"BreadcrumbList\",\"@id\":\"https:\/\/vivalr.com\/product\/57.html#breadcrumb\",\"itemListElement\":[{\"@type\":\"ListItem\",\"position\":1,\"name\":\"Home\",\"item\":\"https:\/\/vivalr.com\/\"},{\"@type\":\"ListItem\",\"position\":2,\"name\":\"Shop\",\"item\":\"https:\/\/vivalr.com\/shop\/\"},{\"@type\":\"ListItem\",\"position\":3,\"name\":\"Factory Supply Zinc Citrate CAS 546-46-3 With Best Price\"}]},{\"@type\":\"WebSite\",\"@id\":\"https:\/\/vivalr.com\/#website\",\"url\":\"https:\/\/vivalr.com\/\",\"name\":\"Welcome to VIVALR- Your Trusted Source for Chemical Raw Materials\uff01\",\"description\":\"Discover a wide range of high-quality chemical raw materials to meet your industrial needs. Our commitment to excellence ensures that you get the best products and services.\",\"potentialAction\":[{\"@type\":\"SearchAction\",\"target\":{\"@type\":\"EntryPoint\",\"urlTemplate\":\"https:\/\/vivalr.com\/?s={search_term_string}\"},\"query-input\":{\"@type\":\"PropertyValueSpecification\",\"valueRequired\":true,\"valueName\":\"search_term_string\"}}],\"inLanguage\":\"pt-PT\"}]}<\/script>\n<!-- \/ Yoast SEO Premium plugin. -->","yoast_head_json":{"title":"Fornecimento de f\u00e1brica de citrato de zinco CAS 546-46-3 com melhor pre\u00e7o - Bem-vindo ao VIVALR- Sua fonte confi\u00e1vel de mat\u00e9rias-primas qu\u00edmicas\uff01","robots":{"index":"index","follow":"follow","max-snippet":"max-snippet:-1","max-image-preview":"max-image-preview:large","max-video-preview":"max-video-preview:-1"},"canonical":"https:\/\/vivalr.com\/pt\/product\/57.html","og_locale":"pt_PT","og_type":"article","og_title":"Factory Supply Zinc Citrate CAS 546-46-3 With Best Price","og_description":"Zinc Citrate CAS 546-46-3 - Uses, Benefits & Guidelines Table of Contents Product Overview Key Uses & Applications Usage Guidelines Industry Case Studies Contact Information Product Overview Zinc Citrate (CAS 546-46-3) is a white crystalline powder with the chemical formula C12H10O14Zn3. Key specifications include: Molecular Weight: 574.34 g\/mol Purity: \u226598% Solubility: Slightly soluble in water, [&hellip;]","og_url":"https:\/\/vivalr.com\/pt\/product\/57.html","og_site_name":"Welcome to VIVALR- Your Trusted Source for Chemical Raw Materials\uff01","article_modified_time":"2025-03-07T12:21:18+00:00","og_image":[{"width":823,"height":796,"url":"https:\/\/vivalr.com\/wp-content\/uploads\/2025\/03\/Zinc-Citrate-CAS-546-46-3.jpg","type":"image\/jpeg"}],"twitter_card":"summary_large_image","twitter_misc":{"Tempo estimado de leitura":"1 minuto"},"schema":{"@context":"https:\/\/schema.org","@graph":[{"@type":"WebPage","@id":"https:\/\/vivalr.com\/product\/57.html","url":"https:\/\/vivalr.com\/product\/57.html","name":"Fornecimento de f\u00e1brica de citrato de zinco CAS 546-46-3 com melhor pre\u00e7o - Bem-vindo ao VIVALR- Sua fonte confi\u00e1vel de mat\u00e9rias-primas qu\u00edmicas\uff01","isPartOf":{"@id":"https:\/\/vivalr.com\/#website"},"primaryImageOfPage":{"@id":"https:\/\/vivalr.com\/product\/57.html#primaryimage"},"image":{"@id":"https:\/\/vivalr.com\/product\/57.html#primaryimage"},"thumbnailUrl":"https:\/\/vivalr.com\/wp-content\/uploads\/2025\/03\/Zinc-Citrate-CAS-546-46-3.jpg","datePublished":"2025-03-07T12:05:04+00:00","dateModified":"2025-03-07T12:21:18+00:00","breadcrumb":{"@id":"https:\/\/vivalr.com\/product\/57.html#breadcrumb"},"inLanguage":"pt-PT","potentialAction":[{"@type":"ReadAction","target":["https:\/\/vivalr.com\/product\/57.html"]}]},{"@type":"ImageObject","inLanguage":"pt-PT","@id":"https:\/\/vivalr.com\/product\/57.html#primaryimage","url":"https:\/\/vivalr.com\/wp-content\/uploads\/2025\/03\/Zinc-Citrate-CAS-546-46-3.jpg","contentUrl":"https:\/\/vivalr.com\/wp-content\/uploads\/2025\/03\/Zinc-Citrate-CAS-546-46-3.jpg","width":823,"height":796},{"@type":"BreadcrumbList","@id":"https:\/\/vivalr.com\/product\/57.html#breadcrumb","itemListElement":[{"@type":"ListItem","position":1,"name":"Home","item":"https:\/\/vivalr.com\/"},{"@type":"ListItem","position":2,"name":"Shop","item":"https:\/\/vivalr.com\/shop\/"},{"@type":"ListItem","position":3,"name":"Factory Supply Zinc Citrate CAS 546-46-3 With Best Price"}]},{"@type":"WebSite","@id":"https:\/\/vivalr.com\/#website","url":"https:\/\/vivalr.com\/","name":"Bem-vindo ao VIVALR- Sua fonte confi\u00e1vel de mat\u00e9rias-primas qu\u00edmicas\uff01","description":"Descubra uma vasta gama de mat\u00e9rias-primas qu\u00edmicas de alta qualidade para satisfazer as suas necessidades industriais. O nosso compromisso com a excel\u00eancia garante-lhe os melhores produtos e servi\u00e7os.","potentialAction":[{"@type":"SearchAction","target":{"@type":"EntryPoint","urlTemplate":"https:\/\/vivalr.com\/?s={search_term_string}"},"query-input":{"@type":"PropertyValueSpecification","valueRequired":true,"valueName":"search_term_string"}}],"inLanguage":"pt-PT"}]}},"_links":{"self":[{"href":"https:\/\/vivalr.com\/pt\/wp-json\/wp\/v2\/product\/57","targetHints":{"allow":["GET"]}}],"collection":[{"href":"https:\/\/vivalr.com\/pt\/wp-json\/wp\/v2\/product"}],"about":[{"href":"https:\/\/vivalr.com\/pt\/wp-json\/wp\/v2\/types\/product"}],"replies":[{"embeddable":true,"href":"https:\/\/vivalr.com\/pt\/wp-json\/wp\/v2\/comments?post=57"}],"wp:featuredmedia":[{"embeddable":true,"href":"https:\/\/vivalr.com\/pt\/wp-json\/wp\/v2\/media\/21212"}],"wp:attachment":[{"href":"https:\/\/vivalr.com\/pt\/wp-json\/wp\/v2\/media?parent=57"}],"wp:term":[{"taxonomy":"product_brand","embeddable":true,"href":"https:\/\/vivalr.com\/pt\/wp-json\/wp\/v2\/product_brand?post=57"},{"taxonomy":"product_cat","embeddable":true,"href":"https:\/\/vivalr.com\/pt\/wp-json\/wp\/v2\/product_cat?post=57"},{"taxonomy":"product_tag","embeddable":true,"href":"https:\/\/vivalr.com\/pt\/wp-json\/wp\/v2\/product_tag?post=57"}],"curies":[{"name":"wp","href":"https:\/\/api.w.org\/{rel}","templated":true}]}}