{"id":6108,"date":"2025-03-07T12:11:46","date_gmt":"2025-03-07T12:11:46","guid":{"rendered":"https:\/\/vivalr.com\/product\/6108.html"},"modified":"2025-03-07T12:32:46","modified_gmt":"2025-03-07T12:32:46","slug":"high-quality-dimethyl-carbonate-cas-616-38-6-with-low-price","status":"publish","type":"product","link":"https:\/\/vivalr.com\/pt\/product\/6108.html","title":{"rendered":"Carbonato de dimetilo de alta qualidade CAS 616-38-6 com pre\u00e7o baixo"},"content":{"rendered":"<div id=\"toc_container\">\n<p class=\"toc_title\">\u00cdndice<\/p>\n<ul class=\"toc_list\">\n<li><a href=\"#basic_info\">1. Informa\u00e7\u00f5es e par\u00e2metros de base<\/a><\/li>\n<li><a href=\"#product_uses\">2. Utiliza\u00e7\u00f5es do produto<\/a><\/li>\n<li><a href=\"#product_use\">3. Utiliza\u00e7\u00e3o do produto<\/a><\/li>\n<li><a href=\"#use_cases\">4. Casos de utiliza\u00e7\u00e3o pormenorizados<\/a><\/li>\n<li><a href=\"#contact_info\">5. Informa\u00e7\u00f5es de contacto<\/a><\/li>\n<\/ul>\n<\/div>\n<h1 id=\"basic_info\">1. Informa\u00e7\u00f5es e par\u00e2metros de base<\/h1>\n<p>Nosso produto \u00e9 carbonato de dimetilo de alta qualidade com CAS 616 - 38 - 6 e vem com um pre\u00e7o baixo. O carbonato de dimetilo (DMC) \u00e9 um composto org\u00e2nico com a f\u00f3rmula C\u2083H\u2086O\u2083. \u00c9 um l\u00edquido incolor e inflam\u00e1vel com um baixo n\u00edvel de toxicidade. Fisicamente, tem um ponto de ebuli\u00e7\u00e3o de aproximadamente 90 - 91 \u00b0C e um ponto de fus\u00e3o de - 43 \u00b0C. A sua densidade \u00e9 de cerca de 1,07 g\/cm\u00b3 a 20 \u00b0C. Quimicamente, o DMC \u00e9 um composto vers\u00e1til, sendo simultaneamente um agente de metila\u00e7\u00e3o e de carbonila\u00e7\u00e3o.<\/p>\n<h1 id=\"product_uses\">2. Utiliza\u00e7\u00f5es do produto<\/h1>\n<p>O carbonato de dimetilo tem uma vasta gama de aplica\u00e7\u00f5es. Na ind\u00fastria farmac\u00eautica, \u00e9 utilizado como solvente e reagente para a s\u00edntese de v\u00e1rios medicamentos. Devido \u00e0 sua baixa toxicidade, \u00e9 uma escolha preferida em rela\u00e7\u00e3o a alguns solventes tradicionais, o que ajuda a reduzir o impacto ambiental durante a produ\u00e7\u00e3o de medicamentos. Na ind\u00fastria das baterias, o DMC \u00e9 um componente importante no eletr\u00f3lito das baterias de i\u00f5es de l\u00edtio. Pode melhorar a condutividade e a estabilidade do eletr\u00f3lito, melhorando assim o desempenho e a seguran\u00e7a da bateria. Na ind\u00fastria de revestimentos, o DMC pode ser utilizado como diluente reativo. Pode substituir alguns compostos org\u00e2nicos vol\u00e1teis (COV), reduzindo a emiss\u00e3o de subst\u00e2ncias nocivas durante o processo de revestimento e tornando o revestimento mais amigo do ambiente.<\/p>\n<h1 id=\"product_use\">3. Utiliza\u00e7\u00e3o do produto<\/h1>\n<p>Ao utilizar carbonato de dimetilo, devem ser seguidos os procedimentos de manuseamento adequados. Em primeiro lugar, assegurar que o ambiente de trabalho \u00e9 bem ventilado para evitar a acumula\u00e7\u00e3o de vapor. Se for utilizado como solvente numa rea\u00e7\u00e3o qu\u00edmica, deve ser adicionado lentamente sob condi\u00e7\u00f5es de agita\u00e7\u00e3o, de acordo com os requisitos da rea\u00e7\u00e3o. Ao armazenar o DMC, este deve ser mantido num local fresco e seco, afastado de fontes de igni\u00e7\u00e3o e de agentes oxidantes. O recipiente deve ser hermeticamente fechado para evitar fugas. Antes da utiliza\u00e7\u00e3o, verificar a pureza e a qualidade do produto para garantir a precis\u00e3o e a reprodutibilidade da rea\u00e7\u00e3o.<\/p>\n<h1 id=\"use_cases\">4. Casos de utiliza\u00e7\u00e3o pormenorizados<\/h1>\n<p>\n    <strong>Caso de s\u00edntese farmac\u00eautica<\/strong>: Uma empresa farmac\u00eautica estava a sintetizar um novo medicamento anti-inflamat\u00f3rio. Inicialmente, utilizaram um solvente tradicional que tinha uma elevada toxicidade e uma fraca solubilidade para alguns dos intermedi\u00e1rios da rea\u00e7\u00e3o. Ap\u00f3s a mudan\u00e7a para o carbonato de dimetilo, n\u00e3o s\u00f3 o rendimento da rea\u00e7\u00e3o aumentou 15%, como tamb\u00e9m a polui\u00e7\u00e3o ambiental durante o processo de produ\u00e7\u00e3o foi significativamente reduzida. A menor toxicidade do DMC tamb\u00e9m facilitou o processo de p\u00f3s-tratamento, poupando tempo e custos.\n<\/p>\n<p>\n    <strong>Caso de produ\u00e7\u00e3o de baterias<\/strong>: Um fabricante de baterias de i\u00f5es de l\u00edtio estava a enfrentar problemas com a baixa condutividade e a fraca estabilidade do eletr\u00f3lito nas suas baterias. Ao adicionar uma quantidade adequada de carbonato de dimetilo \u00e0 f\u00f3rmula do eletr\u00f3lito, conseguiram aumentar a condutividade dos i\u00f5es em 20%. Isto levou a uma melhoria da efici\u00eancia de carga-descarga da bateria e a um ciclo de vida mais longo. Como resultado, a competitividade das suas baterias no mercado foi refor\u00e7ada.\n<\/p>\n<p>\n    <strong>Caso de aplica\u00e7\u00e3o de revestimento<\/strong>: Uma empresa de revestimentos pretendia desenvolver um produto de revestimento mais amigo do ambiente. Substitu\u00edram parte dos COVs na formula\u00e7\u00e3o do revestimento por carbonato de dimetilo. O novo revestimento n\u00e3o s\u00f3 cumpria os requisitos de prote\u00e7\u00e3o ambiental, como tamb\u00e9m tinha melhores propriedades de nivelamento e ader\u00eancia. A utiliza\u00e7\u00e3o de DMC tamb\u00e9m reduziu o tempo de secagem do revestimento, melhorando a efici\u00eancia da produ\u00e7\u00e3o.<\/p>\n<h1 id=\"contact_info\">5. Informa\u00e7\u00f5es de contacto<\/h1>\n<p>Se voc\u00ea tiver alguma d\u00favida ou precisar de mais informa\u00e7\u00f5es sobre o nosso Carbonato de dimetilo de alta qualidade CAS 616 - 38 - 6 com baixo pre\u00e7o, n\u00e3o hesite em contactar-nos. O nosso endere\u00e7o de correio eletr\u00f3nico \u00e9 info@vivalr.com, e o nosso n\u00famero de telefone \u00e9 (86) 15866781826.<\/p>","protected":false},"excerpt":{"rendered":"<p>Table of Contents 1. Basic Information and Parameters 2. Product Uses 3. Product Use 4. Detailed Use Cases 5. Contact Information 1. Basic Information and Parameters Our product is High Quality Dimethyl carbonate with CAS 616 - 38 - 6 and comes with a Low Price. Dimethyl carbonate (DMC) is an organic compound with the [&hellip;]<\/p>","protected":false},"featured_media":24125,"comment_status":"closed","ping_status":"open","template":"","meta":[],"product_brand":[],"product_cat":[15],"product_tag":[],"class_list":{"0":"post-6108","1":"product","2":"type-product","3":"status-publish","4":"has-post-thumbnail","6":"product_cat-uncategorized","8":"first","9":"instock","10":"product-type-simple"},"yoast_head":"<!-- This site is optimized with the Yoast SEO Premium plugin v24.4 (Yoast SEO v27.4) - https:\/\/yoast.com\/product\/yoast-seo-premium-wordpress\/ -->\n<title>High Quality Dimethyl carbonate CAS\u00a0616-38-6 With Low Price - Welcome to VIVALR- Your Trusted Source for Chemical Raw Materials\uff01<\/title>\n<meta name=\"robots\" content=\"index, follow, max-snippet:-1, max-image-preview:large, max-video-preview:-1\" \/>\n<link rel=\"canonical\" href=\"https:\/\/vivalr.com\/pt\/product\/6108.html\" \/>\n<meta property=\"og:locale\" content=\"pt_PT\" \/>\n<meta property=\"og:type\" content=\"article\" \/>\n<meta property=\"og:title\" content=\"High Quality Dimethyl carbonate CAS\u00a0616-38-6 With Low Price\" \/>\n<meta property=\"og:description\" content=\"Table of Contents 1. Basic Information and Parameters 2. Product Uses 3. Product Use 4. Detailed Use Cases 5. Contact Information 1. Basic Information and Parameters Our product is High Quality Dimethyl carbonate with CAS 616 - 38 - 6 and comes with a Low Price. Dimethyl carbonate (DMC) is an organic compound with the [&hellip;]\" \/>\n<meta property=\"og:url\" content=\"https:\/\/vivalr.com\/pt\/product\/6108.html\" \/>\n<meta property=\"og:site_name\" content=\"Welcome to VIVALR- Your Trusted Source for Chemical Raw Materials\uff01\" \/>\n<meta property=\"article:modified_time\" content=\"2025-03-07T12:32:46+00:00\" \/>\n<meta property=\"og:image\" content=\"https:\/\/vivalr.com\/wp-content\/uploads\/2025\/03\/Dimethyl-carbonate-cas-616-38-6-3.jpg\" \/>\n\t<meta property=\"og:image:width\" content=\"350\" \/>\n\t<meta property=\"og:image:height\" content=\"350\" \/>\n\t<meta property=\"og:image:type\" content=\"image\/jpeg\" \/>\n<meta name=\"twitter:card\" content=\"summary_large_image\" \/>\n<meta name=\"twitter:label1\" content=\"Tempo estimado de leitura\" \/>\n\t<meta name=\"twitter:data1\" content=\"3 minutos\" \/>\n<script type=\"application\/ld+json\" class=\"yoast-schema-graph\">{\"@context\":\"https:\\\/\\\/schema.org\",\"@graph\":[{\"@type\":\"WebPage\",\"@id\":\"https:\\\/\\\/vivalr.com\\\/product\\\/6108.html\",\"url\":\"https:\\\/\\\/vivalr.com\\\/product\\\/6108.html\",\"name\":\"High Quality Dimethyl carbonate CAS\u00a0616-38-6 With Low Price - Welcome to VIVALR- Your Trusted Source for Chemical Raw Materials\uff01\",\"isPartOf\":{\"@id\":\"https:\\\/\\\/vivalr.com\\\/#website\"},\"primaryImageOfPage\":{\"@id\":\"https:\\\/\\\/vivalr.com\\\/product\\\/6108.html#primaryimage\"},\"image\":{\"@id\":\"https:\\\/\\\/vivalr.com\\\/product\\\/6108.html#primaryimage\"},\"thumbnailUrl\":\"https:\\\/\\\/vivalr.com\\\/wp-content\\\/uploads\\\/2025\\\/03\\\/Dimethyl-carbonate-cas-616-38-6-3.jpg\",\"datePublished\":\"2025-03-07T12:11:46+00:00\",\"dateModified\":\"2025-03-07T12:32:46+00:00\",\"breadcrumb\":{\"@id\":\"https:\\\/\\\/vivalr.com\\\/product\\\/6108.html#breadcrumb\"},\"inLanguage\":\"pt-PT\",\"potentialAction\":[{\"@type\":\"ReadAction\",\"target\":[\"https:\\\/\\\/vivalr.com\\\/product\\\/6108.html\"]}]},{\"@type\":\"ImageObject\",\"inLanguage\":\"pt-PT\",\"@id\":\"https:\\\/\\\/vivalr.com\\\/product\\\/6108.html#primaryimage\",\"url\":\"https:\\\/\\\/vivalr.com\\\/wp-content\\\/uploads\\\/2025\\\/03\\\/Dimethyl-carbonate-cas-616-38-6-3.jpg\",\"contentUrl\":\"https:\\\/\\\/vivalr.com\\\/wp-content\\\/uploads\\\/2025\\\/03\\\/Dimethyl-carbonate-cas-616-38-6-3.jpg\",\"width\":350,\"height\":350},{\"@type\":\"BreadcrumbList\",\"@id\":\"https:\\\/\\\/vivalr.com\\\/product\\\/6108.html#breadcrumb\",\"itemListElement\":[{\"@type\":\"ListItem\",\"position\":1,\"name\":\"Home\",\"item\":\"https:\\\/\\\/vivalr.com\\\/\"},{\"@type\":\"ListItem\",\"position\":2,\"name\":\"Shop\",\"item\":\"https:\\\/\\\/vivalr.com\\\/shop\\\/\"},{\"@type\":\"ListItem\",\"position\":3,\"name\":\"High Quality Dimethyl carbonate CAS\u00a0616-38-6 With Low Price\"}]},{\"@type\":\"WebSite\",\"@id\":\"https:\\\/\\\/vivalr.com\\\/#website\",\"url\":\"https:\\\/\\\/vivalr.com\\\/\",\"name\":\"Welcome to VIVALR- Your Trusted Source for Chemical Raw Materials\uff01\",\"description\":\"Discover a wide range of high-quality chemical raw materials to meet your industrial needs. Our commitment to excellence ensures that you get the best products and services.\",\"potentialAction\":[{\"@type\":\"SearchAction\",\"target\":{\"@type\":\"EntryPoint\",\"urlTemplate\":\"https:\\\/\\\/vivalr.com\\\/?s={search_term_string}\"},\"query-input\":{\"@type\":\"PropertyValueSpecification\",\"valueRequired\":true,\"valueName\":\"search_term_string\"}}],\"inLanguage\":\"pt-PT\"}]}<\/script>\n<!-- \/ Yoast SEO Premium plugin. -->","yoast_head_json":{"title":"Carbonato de dimetila de alta qualidade CAS 616-38-6 com baixo pre\u00e7o - Bem-vindo ao VIVALR- Sua fonte confi\u00e1vel de mat\u00e9rias-primas qu\u00edmicas\uff01","robots":{"index":"index","follow":"follow","max-snippet":"max-snippet:-1","max-image-preview":"max-image-preview:large","max-video-preview":"max-video-preview:-1"},"canonical":"https:\/\/vivalr.com\/pt\/product\/6108.html","og_locale":"pt_PT","og_type":"article","og_title":"High Quality Dimethyl carbonate CAS\u00a0616-38-6 With Low Price","og_description":"Table of Contents 1. Basic Information and Parameters 2. Product Uses 3. Product Use 4. Detailed Use Cases 5. Contact Information 1. Basic Information and Parameters Our product is High Quality Dimethyl carbonate with CAS 616 - 38 - 6 and comes with a Low Price. Dimethyl carbonate (DMC) is an organic compound with the [&hellip;]","og_url":"https:\/\/vivalr.com\/pt\/product\/6108.html","og_site_name":"Welcome to VIVALR- Your Trusted Source for Chemical Raw Materials\uff01","article_modified_time":"2025-03-07T12:32:46+00:00","og_image":[{"width":350,"height":350,"url":"https:\/\/vivalr.com\/wp-content\/uploads\/2025\/03\/Dimethyl-carbonate-cas-616-38-6-3.jpg","type":"image\/jpeg"}],"twitter_card":"summary_large_image","twitter_misc":{"Tempo estimado de leitura":"3 minutos"},"schema":{"@context":"https:\/\/schema.org","@graph":[{"@type":"WebPage","@id":"https:\/\/vivalr.com\/product\/6108.html","url":"https:\/\/vivalr.com\/product\/6108.html","name":"Carbonato de dimetila de alta qualidade CAS 616-38-6 com baixo pre\u00e7o - Bem-vindo ao VIVALR- Sua fonte confi\u00e1vel de mat\u00e9rias-primas qu\u00edmicas\uff01","isPartOf":{"@id":"https:\/\/vivalr.com\/#website"},"primaryImageOfPage":{"@id":"https:\/\/vivalr.com\/product\/6108.html#primaryimage"},"image":{"@id":"https:\/\/vivalr.com\/product\/6108.html#primaryimage"},"thumbnailUrl":"https:\/\/vivalr.com\/wp-content\/uploads\/2025\/03\/Dimethyl-carbonate-cas-616-38-6-3.jpg","datePublished":"2025-03-07T12:11:46+00:00","dateModified":"2025-03-07T12:32:46+00:00","breadcrumb":{"@id":"https:\/\/vivalr.com\/product\/6108.html#breadcrumb"},"inLanguage":"pt-PT","potentialAction":[{"@type":"ReadAction","target":["https:\/\/vivalr.com\/product\/6108.html"]}]},{"@type":"ImageObject","inLanguage":"pt-PT","@id":"https:\/\/vivalr.com\/product\/6108.html#primaryimage","url":"https:\/\/vivalr.com\/wp-content\/uploads\/2025\/03\/Dimethyl-carbonate-cas-616-38-6-3.jpg","contentUrl":"https:\/\/vivalr.com\/wp-content\/uploads\/2025\/03\/Dimethyl-carbonate-cas-616-38-6-3.jpg","width":350,"height":350},{"@type":"BreadcrumbList","@id":"https:\/\/vivalr.com\/product\/6108.html#breadcrumb","itemListElement":[{"@type":"ListItem","position":1,"name":"Home","item":"https:\/\/vivalr.com\/"},{"@type":"ListItem","position":2,"name":"Shop","item":"https:\/\/vivalr.com\/shop\/"},{"@type":"ListItem","position":3,"name":"High Quality Dimethyl carbonate CAS\u00a0616-38-6 With Low Price"}]},{"@type":"WebSite","@id":"https:\/\/vivalr.com\/#website","url":"https:\/\/vivalr.com\/","name":"Bem-vindo ao VIVALR- Sua fonte confi\u00e1vel de mat\u00e9rias-primas qu\u00edmicas\uff01","description":"Descubra uma vasta gama de mat\u00e9rias-primas qu\u00edmicas de alta qualidade para satisfazer as suas necessidades industriais. O nosso compromisso com a excel\u00eancia garante-lhe os melhores produtos e servi\u00e7os.","potentialAction":[{"@type":"SearchAction","target":{"@type":"EntryPoint","urlTemplate":"https:\/\/vivalr.com\/?s={search_term_string}"},"query-input":{"@type":"PropertyValueSpecification","valueRequired":true,"valueName":"search_term_string"}}],"inLanguage":"pt-PT"}]}},"_links":{"self":[{"href":"https:\/\/vivalr.com\/pt\/wp-json\/wp\/v2\/product\/6108","targetHints":{"allow":["GET"]}}],"collection":[{"href":"https:\/\/vivalr.com\/pt\/wp-json\/wp\/v2\/product"}],"about":[{"href":"https:\/\/vivalr.com\/pt\/wp-json\/wp\/v2\/types\/product"}],"replies":[{"embeddable":true,"href":"https:\/\/vivalr.com\/pt\/wp-json\/wp\/v2\/comments?post=6108"}],"wp:featuredmedia":[{"embeddable":true,"href":"https:\/\/vivalr.com\/pt\/wp-json\/wp\/v2\/media\/24125"}],"wp:attachment":[{"href":"https:\/\/vivalr.com\/pt\/wp-json\/wp\/v2\/media?parent=6108"}],"wp:term":[{"taxonomy":"product_brand","embeddable":true,"href":"https:\/\/vivalr.com\/pt\/wp-json\/wp\/v2\/product_brand?post=6108"},{"taxonomy":"product_cat","embeddable":true,"href":"https:\/\/vivalr.com\/pt\/wp-json\/wp\/v2\/product_cat?post=6108"},{"taxonomy":"product_tag","embeddable":true,"href":"https:\/\/vivalr.com\/pt\/wp-json\/wp\/v2\/product_tag?post=6108"}],"curies":[{"name":"wp","href":"https:\/\/api.w.org\/{rel}","templated":true}]}}