{"id":6279,"date":"2025-03-07T12:11:54","date_gmt":"2025-03-07T12:11:54","guid":{"rendered":"https:\/\/vivalr.com\/product\/6279.html"},"modified":"2025-03-07T12:33:05","modified_gmt":"2025-03-07T12:33:05","slug":"high-quality-5-bromoindole-cas-10075-50-0-with-low-price","status":"publish","type":"product","link":"https:\/\/vivalr.com\/pt\/product\/6279.html","title":{"rendered":"5-bromoindole cas 10075-50-0 de alta qualidade com pre\u00e7o baixo"},"content":{"rendered":"<p><main><\/p>\n<h1>Guia do utilizador para 5-bromoindole cas 10075-50-0 de alta qualidade com pre\u00e7o baixo<\/h1>\n<div id=\"table-of-contents\">\n<h2>\u00cdndice<\/h2>\n<ul>\n<li><a href=\"#product-basic-info\">Informa\u00e7\u00f5es b\u00e1sicas e par\u00e2metros do produto<\/a><\/li>\n<li><a href=\"#product-uses\">Utiliza\u00e7\u00f5es do produto<\/a><\/li>\n<li><a href=\"#product-usage\">Utiliza\u00e7\u00e3o do produto<\/a><\/li>\n<li><a href=\"#usage-cases\">Casos de utiliza\u00e7\u00e3o de produtos<\/a><\/li>\n<li><a href=\"#contact-info\">Informa\u00e7\u00f5es de contacto<\/a><\/li>\n<\/ul><\/div>\n<section id=\"product-basic-info\">\n<h2>Informa\u00e7\u00f5es b\u00e1sicas e par\u00e2metros do produto<\/h2>\n<p>O nosso produto \u00e9 o 5-bromoindole de alta qualidade com o n\u00famero CAS 10075-50-0. \u00c9 caracterizado pelo seu baixo pre\u00e7o sem comprometer a qualidade. A f\u00f3rmula molecular do 5-bromoindole \u00e9 C\u2088H\u2086BrN. Tem um peso molecular de aproximadamente 196,04 g\/mol. Este composto qu\u00edmico aparece como um p\u00f3 cristalino amarelo claro a acastanhado.<\/p>\n<p>O 5-bromoindole tem um ponto de fus\u00e3o entre 79 e 82 \u00b0C e um ponto de ebuli\u00e7\u00e3o de cerca de 288,6 \u00b1 13,0 \u00b0C a 760 mmHg. \u00c9 pouco sol\u00favel em \u00e1gua, mas sol\u00favel em solventes org\u00e2nicos comuns, como o etanol, a acetona e o clorof\u00f3rmio.<\/p>\n<\/section>\n<section id=\"product-uses\">\n<h2>Utiliza\u00e7\u00f5es do produto<\/h2>\n<p>O 5-bromoindole \u00e9 um intermedi\u00e1rio crucial na s\u00edntese org\u00e2nica. Na ind\u00fastria farmac\u00eautica, \u00e9 amplamente utilizado para a s\u00edntese de v\u00e1rios medicamentos. Por exemplo, pode ser utilizado como um material de partida fundamental na prepara\u00e7\u00e3o de medicamentos anticancer\u00edgenos. A estrutura \u00fanica do 5-bromoindole permite-lhe participar numa s\u00e9rie de reac\u00e7\u00f5es qu\u00edmicas para formar mol\u00e9culas farmac\u00eauticas complexas com actividades biol\u00f3gicas espec\u00edficas.<\/p>\n<p>No dom\u00ednio da ci\u00eancia dos materiais, o 5-bromoindole \u00e9 utilizado na s\u00edntese de materiais optoelectr\u00f3nicos org\u00e2nicos. Estes materiais t\u00eam aplica\u00e7\u00f5es potenciais em d\u00edodos org\u00e2nicos emissores de luz (OLEDs), c\u00e9lulas fotovoltaicas org\u00e2nicas (OPVs) e trans\u00edstores org\u00e2nicos de efeito de campo (OFETs). O \u00e1tomo de bromo no 5-bromoindole pode ser facilmente substitu\u00eddo por outros grupos funcionais, permitindo o ajuste fino das propriedades electr\u00f3nicas e \u00f3pticas dos materiais resultantes.<\/p>\n<\/section>\n<section id=\"product-usage\">\n<h2>Utiliza\u00e7\u00e3o do produto<\/h2>\n<p>Ao utilizar o 5-bromoindol, \u00e9 essencial seguir os procedimentos de seguran\u00e7a adequados. Usar sempre equipamento de prote\u00e7\u00e3o pessoal adequado, incluindo luvas, \u00f3culos de seguran\u00e7a e uma bata de laborat\u00f3rio. Armazenar o produto num local fresco, seco e bem ventilado, afastado de fontes de igni\u00e7\u00e3o e de materiais incompat\u00edveis.<\/p>\n<p>Em laborat\u00f3rio, quando se utiliza o 5-bromoindole numa rea\u00e7\u00e3o qu\u00edmica, come\u00e7a-se por dissolv\u00ea-lo num solvente org\u00e2nico adequado. A escolha do solvente depende das condi\u00e7\u00f5es espec\u00edficas da rea\u00e7\u00e3o. Por exemplo, se a rea\u00e7\u00e3o exigir um solvente polar apr\u00f3tico, pode utilizar-se acetonitrilo ou dimetilformamida (DMF). Em seguida, adicione cuidadosamente outros reagentes e catalisadores de acordo com o protocolo de rea\u00e7\u00e3o. Monitorizar o progresso da rea\u00e7\u00e3o utilizando t\u00e9cnicas anal\u00edticas apropriadas, como a cromatografia em camada fina (TLC) ou a cromatografia l\u00edquida de alta resolu\u00e7\u00e3o (HPLC).<\/p>\n<\/section>\n<section id=\"usage-cases\">\n<h2>Casos de utiliza\u00e7\u00e3o de produtos<\/h2>\n<p><strong>Caso de s\u00edntese farmac\u00eautica<\/strong>: Um grupo de investiga\u00e7\u00e3o estava a trabalhar no desenvolvimento de um novo medicamento anti-cancro. Utilizaram o 5-bromoindole como material de partida. Primeiro, reagiram o 5-bromoindole com uma amina espec\u00edfica na presen\u00e7a de um catalisador de pal\u00e1dio em condi\u00e7\u00f5es de atmosfera inerte. A rea\u00e7\u00e3o foi realizada em tolueno \u00e0 temperatura de refluxo durante v\u00e1rias horas. Ap\u00f3s purifica\u00e7\u00e3o por cromatografia em coluna, obteve-se um produto interm\u00e9dio com um rendimento elevado. Este produto interm\u00e9dio foi ent\u00e3o modificado atrav\u00e9s de uma s\u00e9rie de reac\u00e7\u00f5es, incluindo a oxida\u00e7\u00e3o e a condensa\u00e7\u00e3o, para finalmente se obter o medicamento anti-cancro alvo. Testes in vitro e in vivo mostraram que o medicamento tinha uma atividade anti-tumoral significativa.<\/p>\n<p><strong>Caso de Ci\u00eancia dos Materiais<\/strong>: Num projeto de investiga\u00e7\u00e3o sobre optoelectr\u00f3nica org\u00e2nica, os cientistas utilizaram o 5-bromoindole para sintetizar um novo material semicondutor org\u00e2nico. Reagiram o 5-bromoindole com um derivado de tiofeno atrav\u00e9s de uma rea\u00e7\u00e3o de acoplamento de Stille. O copol\u00edmero resultante tinha boa solubilidade em solventes org\u00e2nicos comuns e apresentava excelentes propriedades de transporte de buracos. Quando fabricado num trans\u00edstor org\u00e2nico de efeito de campo, o dispositivo exibiu uma elevada mobilidade de portadores e r\u00e1cios de corrente on\/off, indicando o seu potencial para aplica\u00e7\u00f5es em eletr\u00f3nica org\u00e2nica de elevado desempenho.<\/p>\n<\/section>\n<section id=\"contact-info\">\n<h2>Informa\u00e7\u00f5es de contacto<\/h2>\n<p>Se tiver alguma d\u00favida ou precisar de mais informa\u00e7\u00f5es sobre o nosso 5-bromoindole cas 10075-50-0 de alta qualidade, n\u00e3o hesite em contactar-nos. O nosso e-mail \u00e9 info@vivalr.com, e o nosso n\u00famero de telefone \u00e9 (86) 15866781826.<\/p>\n<\/section>","protected":false},"excerpt":{"rendered":"<p>User Guide for High Quality 5-bromoindole cas 10075-50-0 With Low Price Table of Contents Product Basic Information and Parameters Product Uses Product Usage Product Usage Cases Contact Information Product Basic Information and Parameters Our product is High Quality 5-bromoindole with the CAS number 10075-50-0. It is characterized by its low price without compromising on quality. [&hellip;]<\/p>","protected":false},"featured_media":24210,"comment_status":"closed","ping_status":"open","template":"","meta":[],"product_brand":[],"product_cat":[15],"product_tag":[],"class_list":{"0":"post-6279","1":"product","2":"type-product","3":"status-publish","4":"has-post-thumbnail","6":"product_cat-uncategorized","8":"first","9":"instock","10":"product-type-simple"},"yoast_head":"<!-- This site is optimized with the Yoast SEO Premium plugin v24.4 (Yoast SEO v27.4) - https:\/\/yoast.com\/product\/yoast-seo-premium-wordpress\/ -->\n<title>High Quality 5-bromoindole cas 10075-50-0 With Low Price - Welcome to VIVALR- Your Trusted Source for Chemical Raw Materials\uff01<\/title>\n<meta name=\"robots\" content=\"index, follow, max-snippet:-1, max-image-preview:large, max-video-preview:-1\" \/>\n<link rel=\"canonical\" href=\"https:\/\/vivalr.com\/pt\/product\/6279.html\" \/>\n<meta property=\"og:locale\" content=\"pt_PT\" \/>\n<meta property=\"og:type\" content=\"article\" \/>\n<meta property=\"og:title\" content=\"High Quality 5-bromoindole cas 10075-50-0 With Low Price\" \/>\n<meta property=\"og:description\" content=\"User Guide for High Quality 5-bromoindole cas 10075-50-0 With Low Price Table of Contents Product Basic Information and Parameters Product Uses Product Usage Product Usage Cases Contact Information Product Basic Information and Parameters Our product is High Quality 5-bromoindole with the CAS number 10075-50-0. It is characterized by its low price without compromising on quality. [&hellip;]\" \/>\n<meta property=\"og:url\" content=\"https:\/\/vivalr.com\/pt\/product\/6279.html\" \/>\n<meta property=\"og:site_name\" content=\"Welcome to VIVALR- Your Trusted Source for Chemical Raw Materials\uff01\" \/>\n<meta property=\"article:modified_time\" content=\"2025-03-07T12:33:05+00:00\" \/>\n<meta property=\"og:image\" content=\"https:\/\/vivalr.com\/wp-content\/uploads\/2025\/03\/5-bromoindole-cas-10075-50-0.jpg\" \/>\n\t<meta property=\"og:image:width\" content=\"400\" \/>\n\t<meta property=\"og:image:height\" content=\"401\" \/>\n\t<meta property=\"og:image:type\" content=\"image\/jpeg\" \/>\n<meta name=\"twitter:card\" content=\"summary_large_image\" \/>\n<meta name=\"twitter:label1\" content=\"Tempo estimado de leitura\" \/>\n\t<meta name=\"twitter:data1\" content=\"3 minutos\" \/>\n<script type=\"application\/ld+json\" class=\"yoast-schema-graph\">{\"@context\":\"https:\\\/\\\/schema.org\",\"@graph\":[{\"@type\":\"WebPage\",\"@id\":\"https:\\\/\\\/vivalr.com\\\/product\\\/6279.html\",\"url\":\"https:\\\/\\\/vivalr.com\\\/product\\\/6279.html\",\"name\":\"High Quality 5-bromoindole cas 10075-50-0 With Low Price - Welcome to VIVALR- Your Trusted Source for Chemical Raw Materials\uff01\",\"isPartOf\":{\"@id\":\"https:\\\/\\\/vivalr.com\\\/#website\"},\"primaryImageOfPage\":{\"@id\":\"https:\\\/\\\/vivalr.com\\\/product\\\/6279.html#primaryimage\"},\"image\":{\"@id\":\"https:\\\/\\\/vivalr.com\\\/product\\\/6279.html#primaryimage\"},\"thumbnailUrl\":\"https:\\\/\\\/vivalr.com\\\/wp-content\\\/uploads\\\/2025\\\/03\\\/5-bromoindole-cas-10075-50-0.jpg\",\"datePublished\":\"2025-03-07T12:11:54+00:00\",\"dateModified\":\"2025-03-07T12:33:05+00:00\",\"breadcrumb\":{\"@id\":\"https:\\\/\\\/vivalr.com\\\/product\\\/6279.html#breadcrumb\"},\"inLanguage\":\"pt-PT\",\"potentialAction\":[{\"@type\":\"ReadAction\",\"target\":[\"https:\\\/\\\/vivalr.com\\\/product\\\/6279.html\"]}]},{\"@type\":\"ImageObject\",\"inLanguage\":\"pt-PT\",\"@id\":\"https:\\\/\\\/vivalr.com\\\/product\\\/6279.html#primaryimage\",\"url\":\"https:\\\/\\\/vivalr.com\\\/wp-content\\\/uploads\\\/2025\\\/03\\\/5-bromoindole-cas-10075-50-0.jpg\",\"contentUrl\":\"https:\\\/\\\/vivalr.com\\\/wp-content\\\/uploads\\\/2025\\\/03\\\/5-bromoindole-cas-10075-50-0.jpg\",\"width\":400,\"height\":401},{\"@type\":\"BreadcrumbList\",\"@id\":\"https:\\\/\\\/vivalr.com\\\/product\\\/6279.html#breadcrumb\",\"itemListElement\":[{\"@type\":\"ListItem\",\"position\":1,\"name\":\"Home\",\"item\":\"https:\\\/\\\/vivalr.com\\\/\"},{\"@type\":\"ListItem\",\"position\":2,\"name\":\"Shop\",\"item\":\"https:\\\/\\\/vivalr.com\\\/shop\\\/\"},{\"@type\":\"ListItem\",\"position\":3,\"name\":\"High Quality 5-bromoindole cas 10075-50-0 With Low Price\"}]},{\"@type\":\"WebSite\",\"@id\":\"https:\\\/\\\/vivalr.com\\\/#website\",\"url\":\"https:\\\/\\\/vivalr.com\\\/\",\"name\":\"Welcome to VIVALR- Your Trusted Source for Chemical Raw Materials\uff01\",\"description\":\"Discover a wide range of high-quality chemical raw materials to meet your industrial needs. Our commitment to excellence ensures that you get the best products and services.\",\"potentialAction\":[{\"@type\":\"SearchAction\",\"target\":{\"@type\":\"EntryPoint\",\"urlTemplate\":\"https:\\\/\\\/vivalr.com\\\/?s={search_term_string}\"},\"query-input\":{\"@type\":\"PropertyValueSpecification\",\"valueRequired\":true,\"valueName\":\"search_term_string\"}}],\"inLanguage\":\"pt-PT\"}]}<\/script>\n<!-- \/ Yoast SEO Premium plugin. -->","yoast_head_json":{"title":"Alta Qualidade 5-bromoindole cas 10075-50-0 Com Baixo Pre\u00e7o - Bem-vindo ao VIVALR- Sua Fonte Confi\u00e1vel de Mat\u00e9rias-Primas Qu\u00edmicas\uff01","robots":{"index":"index","follow":"follow","max-snippet":"max-snippet:-1","max-image-preview":"max-image-preview:large","max-video-preview":"max-video-preview:-1"},"canonical":"https:\/\/vivalr.com\/pt\/product\/6279.html","og_locale":"pt_PT","og_type":"article","og_title":"High Quality 5-bromoindole cas 10075-50-0 With Low Price","og_description":"User Guide for High Quality 5-bromoindole cas 10075-50-0 With Low Price Table of Contents Product Basic Information and Parameters Product Uses Product Usage Product Usage Cases Contact Information Product Basic Information and Parameters Our product is High Quality 5-bromoindole with the CAS number 10075-50-0. It is characterized by its low price without compromising on quality. [&hellip;]","og_url":"https:\/\/vivalr.com\/pt\/product\/6279.html","og_site_name":"Welcome to VIVALR- Your Trusted Source for Chemical Raw Materials\uff01","article_modified_time":"2025-03-07T12:33:05+00:00","og_image":[{"width":400,"height":401,"url":"https:\/\/vivalr.com\/wp-content\/uploads\/2025\/03\/5-bromoindole-cas-10075-50-0.jpg","type":"image\/jpeg"}],"twitter_card":"summary_large_image","twitter_misc":{"Tempo estimado de leitura":"3 minutos"},"schema":{"@context":"https:\/\/schema.org","@graph":[{"@type":"WebPage","@id":"https:\/\/vivalr.com\/product\/6279.html","url":"https:\/\/vivalr.com\/product\/6279.html","name":"Alta Qualidade 5-bromoindole cas 10075-50-0 Com Baixo Pre\u00e7o - Bem-vindo ao VIVALR- Sua Fonte Confi\u00e1vel de Mat\u00e9rias-Primas Qu\u00edmicas\uff01","isPartOf":{"@id":"https:\/\/vivalr.com\/#website"},"primaryImageOfPage":{"@id":"https:\/\/vivalr.com\/product\/6279.html#primaryimage"},"image":{"@id":"https:\/\/vivalr.com\/product\/6279.html#primaryimage"},"thumbnailUrl":"https:\/\/vivalr.com\/wp-content\/uploads\/2025\/03\/5-bromoindole-cas-10075-50-0.jpg","datePublished":"2025-03-07T12:11:54+00:00","dateModified":"2025-03-07T12:33:05+00:00","breadcrumb":{"@id":"https:\/\/vivalr.com\/product\/6279.html#breadcrumb"},"inLanguage":"pt-PT","potentialAction":[{"@type":"ReadAction","target":["https:\/\/vivalr.com\/product\/6279.html"]}]},{"@type":"ImageObject","inLanguage":"pt-PT","@id":"https:\/\/vivalr.com\/product\/6279.html#primaryimage","url":"https:\/\/vivalr.com\/wp-content\/uploads\/2025\/03\/5-bromoindole-cas-10075-50-0.jpg","contentUrl":"https:\/\/vivalr.com\/wp-content\/uploads\/2025\/03\/5-bromoindole-cas-10075-50-0.jpg","width":400,"height":401},{"@type":"BreadcrumbList","@id":"https:\/\/vivalr.com\/product\/6279.html#breadcrumb","itemListElement":[{"@type":"ListItem","position":1,"name":"Home","item":"https:\/\/vivalr.com\/"},{"@type":"ListItem","position":2,"name":"Shop","item":"https:\/\/vivalr.com\/shop\/"},{"@type":"ListItem","position":3,"name":"High Quality 5-bromoindole cas 10075-50-0 With Low Price"}]},{"@type":"WebSite","@id":"https:\/\/vivalr.com\/#website","url":"https:\/\/vivalr.com\/","name":"Bem-vindo ao VIVALR- Sua fonte confi\u00e1vel de mat\u00e9rias-primas qu\u00edmicas\uff01","description":"Descubra uma vasta gama de mat\u00e9rias-primas qu\u00edmicas de alta qualidade para satisfazer as suas necessidades industriais. O nosso compromisso com a excel\u00eancia garante-lhe os melhores produtos e servi\u00e7os.","potentialAction":[{"@type":"SearchAction","target":{"@type":"EntryPoint","urlTemplate":"https:\/\/vivalr.com\/?s={search_term_string}"},"query-input":{"@type":"PropertyValueSpecification","valueRequired":true,"valueName":"search_term_string"}}],"inLanguage":"pt-PT"}]}},"_links":{"self":[{"href":"https:\/\/vivalr.com\/pt\/wp-json\/wp\/v2\/product\/6279","targetHints":{"allow":["GET"]}}],"collection":[{"href":"https:\/\/vivalr.com\/pt\/wp-json\/wp\/v2\/product"}],"about":[{"href":"https:\/\/vivalr.com\/pt\/wp-json\/wp\/v2\/types\/product"}],"replies":[{"embeddable":true,"href":"https:\/\/vivalr.com\/pt\/wp-json\/wp\/v2\/comments?post=6279"}],"wp:featuredmedia":[{"embeddable":true,"href":"https:\/\/vivalr.com\/pt\/wp-json\/wp\/v2\/media\/24210"}],"wp:attachment":[{"href":"https:\/\/vivalr.com\/pt\/wp-json\/wp\/v2\/media?parent=6279"}],"wp:term":[{"taxonomy":"product_brand","embeddable":true,"href":"https:\/\/vivalr.com\/pt\/wp-json\/wp\/v2\/product_brand?post=6279"},{"taxonomy":"product_cat","embeddable":true,"href":"https:\/\/vivalr.com\/pt\/wp-json\/wp\/v2\/product_cat?post=6279"},{"taxonomy":"product_tag","embeddable":true,"href":"https:\/\/vivalr.com\/pt\/wp-json\/wp\/v2\/product_tag?post=6279"}],"curies":[{"name":"wp","href":"https:\/\/api.w.org\/{rel}","templated":true}]}}