{"id":6320,"date":"2025-03-07T12:11:56","date_gmt":"2025-03-07T12:11:56","guid":{"rendered":"https:\/\/vivalr.com\/product\/6320.html"},"modified":"2025-03-07T12:33:10","modified_gmt":"2025-03-07T12:33:10","slug":"high-quality-butylparaben-sodium-salt-cas-36457-20-2-with-low-price","status":"publish","type":"product","link":"https:\/\/vivalr.com\/pt\/product\/6320.html","title":{"rendered":"Sal de S\u00f3dio de Butilparabeno de Alta Qualidade CAS 36457-20-2 Com Pre\u00e7o Baixo"},"content":{"rendered":"<h1>Guia do utilizador: Sal de s\u00f3dio de butilparabeno de alta qualidade CAS 36457-20-2 com pre\u00e7o baixo<\/h1>\n<ol>\n<li><a href=\"#basic_info\">Informa\u00e7\u00f5es e par\u00e2metros b\u00e1sicos<\/a><\/li>\n<li><a href=\"#uses\">Utiliza\u00e7\u00f5es do produto<\/a><\/li>\n<li><a href=\"#usage\">Utiliza\u00e7\u00e3o do produto<\/a><\/li>\n<li><a href=\"#case_studies\">Estudos de caso de utiliza\u00e7\u00e3o pormenorizados<\/a><\/li>\n<li><a href=\"#contact\">Informa\u00e7\u00f5es de contacto<\/a><\/li>\n<\/ol>\n<h2 id=\"basic_info\">Informa\u00e7\u00f5es e par\u00e2metros b\u00e1sicos<\/h2>\n<p>O produto, Sal de S\u00f3dio de Butilparabeno com o n\u00famero CAS 36457-20-2, \u00e9 um composto de alta qualidade oferecido a um pre\u00e7o baixo. \u00c9 um sal de s\u00f3dio de butilparabeno. A f\u00f3rmula qu\u00edmica do butilparabeno \u00e9 C\u2081\u2081H\u2081\u2084O\u2083, e quando forma o sal de s\u00f3dio, tem a modifica\u00e7\u00e3o da estrutura qu\u00edmica correspondente. <\/p>\n<p>Este produto apresenta-se normalmente como um p\u00f3 branco a esbranqui\u00e7ado. Tem boas carater\u00edsticas de solubilidade. Pode dissolver-se em \u00e1gua em condi\u00e7\u00f5es adequadas, o que o torna adequado para uma variedade de aplica\u00e7\u00f5es em que est\u00e3o envolvidos sistemas aquosos. Em termos de pureza, o nosso sal de s\u00f3dio butilparabeno de alta qualidade cumpre rigorosas normas de controlo de qualidade para garantir a sua efic\u00e1cia e fiabilidade em diferentes utiliza\u00e7\u00f5es.<\/p>\n<h2 id=\"uses\">Utiliza\u00e7\u00f5es do produto<\/h2>\n<p>1. **Ind\u00fastria de cosm\u00e9ticos**: O sal s\u00f3dico de butilparabeno \u00e9 amplamente utilizado em cosm\u00e9ticos como conservante. Pode impedir o crescimento de bact\u00e9rias, fungos e outros microrganismos em produtos cosm\u00e9ticos, tais como lo\u00e7\u00f5es, cremes e champ\u00f4s. Ao inibir o crescimento microbiano, ajuda a prolongar o prazo de validade destes produtos, mantendo a sua qualidade e seguran\u00e7a para os consumidores. <\/p>\n<p>2. **Ind\u00fastria farmac\u00eautica**: Nos produtos farmac\u00eauticos, pode ser utilizado como conservante em alguns medicamentos t\u00f3picos e solu\u00e7\u00f5es orais. A sua capacidade de prevenir a contamina\u00e7\u00e3o microbiana \u00e9 crucial para garantir a estabilidade e a efic\u00e1cia destes produtos farmac\u00eauticos. <\/p>\n<p>3. **Ind\u00fastria alimentar**: Embora a sua utiliza\u00e7\u00e3o na ind\u00fastria alimentar seja mais restrita em algumas regi\u00f5es devido a requisitos regulamentares, em algumas aplica\u00e7\u00f5es permitidas, pode ser utilizado como conservante alimentar para evitar a deteriora\u00e7\u00e3o e prolongar a frescura dos produtos alimentares.<\/p>\n<h2 id=\"usage\">Utiliza\u00e7\u00e3o do produto<\/h2>\n<p>Ao utilizar o sal s\u00f3dico de butilparabeno, \u00e9 essencial seguir as diretrizes adequadas. Em primeiro lugar, determinar a concentra\u00e7\u00e3o adequada de acordo com a aplica\u00e7\u00e3o espec\u00edfica. Nos cosm\u00e9ticos, a concentra\u00e7\u00e3o t\u00edpica pode variar entre 0,01% e 0,3%. Nos produtos farmac\u00eauticos, a concentra\u00e7\u00e3o \u00e9 estritamente regulada e deve cumprir as normas farmac\u00eauticas relevantes. <\/p>\n<p>Ao adicion\u00e1-lo a uma formula\u00e7\u00e3o, recomenda-se que seja dissolvido primeiro num solvente adequado. Para sistemas aquosos, pode ser dissolvido em \u00e1gua morna com agita\u00e7\u00e3o suave at\u00e9 estar completamente dissolvido. De seguida, adicionar a solu\u00e7\u00e3o \u00e0 formula\u00e7\u00e3o do produto principal em condi\u00e7\u00f5es ass\u00e9pticas para garantir uma dispers\u00e3o adequada. <\/p>\n<p>\u00c9 igualmente importante notar que a ordem de adi\u00e7\u00e3o pode afetar o seu desempenho. Geralmente, deve ser adicionado numa fase adequada do processo de fabrico para garantir uma distribui\u00e7\u00e3o uniforme e o m\u00e1ximo efeito conservante.<\/p>\n<h2 id=\"case_studies\">Estudos de caso de utiliza\u00e7\u00e3o pormenorizados<\/h2>\n<p>1. **Lo\u00e7\u00e3o Cosm\u00e9tica**: Uma empresa de cosm\u00e9ticos estava a enfrentar problemas com a contamina\u00e7\u00e3o microbiana da sua lo\u00e7\u00e3o hidratante. O produto tinha um prazo de validade curto e era suscet\u00edvel de se estragar. Ap\u00f3s a realiza\u00e7\u00e3o de testes, decidiram adicionar sal de s\u00f3dio de butilparabeno numa concentra\u00e7\u00e3o de 0,15%. Dissolveram o sal em \u00e1gua morna e adicionaram-no \u00e0 formula\u00e7\u00e3o da lo\u00e7\u00e3o durante a fase de mistura. Como resultado, o crescimento microbiano foi significativamente inibido. O prazo de validade da lo\u00e7\u00e3o foi alargado de 3 meses para 12 meses e as queixas dos consumidores sobre a deteriora\u00e7\u00e3o do produto diminu\u00edram em mais de 80%.<\/p>\n<p>2. **Creme farmac\u00eautico t\u00f3pico**: Um fabricante de produtos farmac\u00eauticos estava a desenvolver um creme antif\u00fangico t\u00f3pico. Precisavam de um conservante fi\u00e1vel para garantir a estabilidade do creme durante o armazenamento e a utiliza\u00e7\u00e3o. Ao incorporar o sal s\u00f3dico de butilparabeno numa concentra\u00e7\u00e3o de 0,2%, conseguiram impedir o crescimento de fungos e bact\u00e9rias no creme. Em testes de estabilidade acelerados, o creme manteve a sua qualidade e efic\u00e1cia durante mais de 24 meses, o que cumpriu os requisitos regulamentares para produtos farmac\u00eauticos.<\/p>\n<h2 id=\"contact\">Informa\u00e7\u00f5es de contacto<\/h2>\n<p>Se tiver alguma d\u00favida ou precisar de mais informa\u00e7\u00f5es sobre o nosso Sal de S\u00f3dio de Butilparabeno de Alta Qualidade CAS 36457 - 20 - 2, n\u00e3o hesite em contactar-nos. O nosso e-mail \u00e9 info@vivalr.com, e o nosso n\u00famero de telefone \u00e9 (86) 15866781826.<\/p>","protected":false},"excerpt":{"rendered":"<p>User Guide: High Quality Butylparaben Sodium Salt CAS 36457-20-2 With Low Price Basic Information and Parameters Uses of the Product Usage of the Product Detailed Usage Case Studies Contact Information Basic Information and Parameters The product, Butylparaben Sodium Salt with CAS number 36457-20-2, is a high - quality compound offered at a low price. It [&hellip;]<\/p>","protected":false},"featured_media":24230,"comment_status":"closed","ping_status":"open","template":"","meta":[],"product_brand":[],"product_cat":[15],"product_tag":[],"class_list":{"0":"post-6320","1":"product","2":"type-product","3":"status-publish","4":"has-post-thumbnail","6":"product_cat-uncategorized","8":"first","9":"instock","10":"product-type-simple"},"yoast_head":"<!-- This site is optimized with the Yoast SEO Premium plugin v24.4 (Yoast SEO v27.4) - https:\/\/yoast.com\/product\/yoast-seo-premium-wordpress\/ -->\n<title>High Quality Butylparaben Sodium Salt CAS 36457-20-2 With Low Price - Welcome to VIVALR- Your Trusted Source for Chemical Raw Materials\uff01<\/title>\n<meta name=\"robots\" content=\"index, follow, max-snippet:-1, max-image-preview:large, max-video-preview:-1\" \/>\n<link rel=\"canonical\" href=\"https:\/\/vivalr.com\/pt\/product\/6320.html\" \/>\n<meta property=\"og:locale\" content=\"pt_PT\" \/>\n<meta property=\"og:type\" content=\"article\" \/>\n<meta property=\"og:title\" content=\"High Quality Butylparaben Sodium Salt CAS 36457-20-2 With Low Price\" \/>\n<meta property=\"og:description\" content=\"User Guide: High Quality Butylparaben Sodium Salt CAS 36457-20-2 With Low Price Basic Information and Parameters Uses of the Product Usage of the Product Detailed Usage Case Studies Contact Information Basic Information and Parameters The product, Butylparaben Sodium Salt with CAS number 36457-20-2, is a high - quality compound offered at a low price. It [&hellip;]\" \/>\n<meta property=\"og:url\" content=\"https:\/\/vivalr.com\/pt\/product\/6320.html\" \/>\n<meta property=\"og:site_name\" content=\"Welcome to VIVALR- Your Trusted Source for Chemical Raw Materials\uff01\" \/>\n<meta property=\"article:modified_time\" content=\"2025-03-07T12:33:10+00:00\" \/>\n<meta property=\"og:image\" content=\"https:\/\/vivalr.com\/wp-content\/uploads\/2025\/03\/butylparaben-sodium-salt-36457-20-2.jpg\" \/>\n\t<meta property=\"og:image:width\" content=\"700\" \/>\n\t<meta property=\"og:image:height\" content=\"762\" \/>\n\t<meta property=\"og:image:type\" content=\"image\/jpeg\" \/>\n<meta name=\"twitter:card\" content=\"summary_large_image\" \/>\n<meta name=\"twitter:label1\" content=\"Tempo estimado de leitura\" \/>\n\t<meta name=\"twitter:data1\" content=\"3 minutos\" \/>\n<script type=\"application\/ld+json\" class=\"yoast-schema-graph\">{\"@context\":\"https:\\\/\\\/schema.org\",\"@graph\":[{\"@type\":\"WebPage\",\"@id\":\"https:\\\/\\\/vivalr.com\\\/product\\\/6320.html\",\"url\":\"https:\\\/\\\/vivalr.com\\\/product\\\/6320.html\",\"name\":\"High Quality Butylparaben Sodium Salt CAS 36457-20-2 With Low Price - Welcome to VIVALR- Your Trusted Source for Chemical Raw Materials\uff01\",\"isPartOf\":{\"@id\":\"https:\\\/\\\/vivalr.com\\\/#website\"},\"primaryImageOfPage\":{\"@id\":\"https:\\\/\\\/vivalr.com\\\/product\\\/6320.html#primaryimage\"},\"image\":{\"@id\":\"https:\\\/\\\/vivalr.com\\\/product\\\/6320.html#primaryimage\"},\"thumbnailUrl\":\"https:\\\/\\\/vivalr.com\\\/wp-content\\\/uploads\\\/2025\\\/03\\\/butylparaben-sodium-salt-36457-20-2.jpg\",\"datePublished\":\"2025-03-07T12:11:56+00:00\",\"dateModified\":\"2025-03-07T12:33:10+00:00\",\"breadcrumb\":{\"@id\":\"https:\\\/\\\/vivalr.com\\\/product\\\/6320.html#breadcrumb\"},\"inLanguage\":\"pt-PT\",\"potentialAction\":[{\"@type\":\"ReadAction\",\"target\":[\"https:\\\/\\\/vivalr.com\\\/product\\\/6320.html\"]}]},{\"@type\":\"ImageObject\",\"inLanguage\":\"pt-PT\",\"@id\":\"https:\\\/\\\/vivalr.com\\\/product\\\/6320.html#primaryimage\",\"url\":\"https:\\\/\\\/vivalr.com\\\/wp-content\\\/uploads\\\/2025\\\/03\\\/butylparaben-sodium-salt-36457-20-2.jpg\",\"contentUrl\":\"https:\\\/\\\/vivalr.com\\\/wp-content\\\/uploads\\\/2025\\\/03\\\/butylparaben-sodium-salt-36457-20-2.jpg\",\"width\":700,\"height\":762},{\"@type\":\"BreadcrumbList\",\"@id\":\"https:\\\/\\\/vivalr.com\\\/product\\\/6320.html#breadcrumb\",\"itemListElement\":[{\"@type\":\"ListItem\",\"position\":1,\"name\":\"Home\",\"item\":\"https:\\\/\\\/vivalr.com\\\/\"},{\"@type\":\"ListItem\",\"position\":2,\"name\":\"Shop\",\"item\":\"https:\\\/\\\/vivalr.com\\\/shop\\\/\"},{\"@type\":\"ListItem\",\"position\":3,\"name\":\"High Quality Butylparaben Sodium Salt CAS 36457-20-2 With Low Price\"}]},{\"@type\":\"WebSite\",\"@id\":\"https:\\\/\\\/vivalr.com\\\/#website\",\"url\":\"https:\\\/\\\/vivalr.com\\\/\",\"name\":\"Welcome to VIVALR- Your Trusted Source for Chemical Raw Materials\uff01\",\"description\":\"Discover a wide range of high-quality chemical raw materials to meet your industrial needs. Our commitment to excellence ensures that you get the best products and services.\",\"potentialAction\":[{\"@type\":\"SearchAction\",\"target\":{\"@type\":\"EntryPoint\",\"urlTemplate\":\"https:\\\/\\\/vivalr.com\\\/?s={search_term_string}\"},\"query-input\":{\"@type\":\"PropertyValueSpecification\",\"valueRequired\":true,\"valueName\":\"search_term_string\"}}],\"inLanguage\":\"pt-PT\"}]}<\/script>\n<!-- \/ Yoast SEO Premium plugin. -->","yoast_head_json":{"title":"Sal de S\u00f3dio de Butilparabeno de Alta Qualidade CAS 36457-20-2 Com Pre\u00e7o Baixo - Bem-vindo ao VIVALR- Sua Fonte Confi\u00e1vel de Mat\u00e9rias-Primas Qu\u00edmicas\uff01","robots":{"index":"index","follow":"follow","max-snippet":"max-snippet:-1","max-image-preview":"max-image-preview:large","max-video-preview":"max-video-preview:-1"},"canonical":"https:\/\/vivalr.com\/pt\/product\/6320.html","og_locale":"pt_PT","og_type":"article","og_title":"High Quality Butylparaben Sodium Salt CAS 36457-20-2 With Low Price","og_description":"User Guide: High Quality Butylparaben Sodium Salt CAS 36457-20-2 With Low Price Basic Information and Parameters Uses of the Product Usage of the Product Detailed Usage Case Studies Contact Information Basic Information and Parameters The product, Butylparaben Sodium Salt with CAS number 36457-20-2, is a high - quality compound offered at a low price. It [&hellip;]","og_url":"https:\/\/vivalr.com\/pt\/product\/6320.html","og_site_name":"Welcome to VIVALR- Your Trusted Source for Chemical Raw Materials\uff01","article_modified_time":"2025-03-07T12:33:10+00:00","og_image":[{"width":700,"height":762,"url":"https:\/\/vivalr.com\/wp-content\/uploads\/2025\/03\/butylparaben-sodium-salt-36457-20-2.jpg","type":"image\/jpeg"}],"twitter_card":"summary_large_image","twitter_misc":{"Tempo estimado de leitura":"3 minutos"},"schema":{"@context":"https:\/\/schema.org","@graph":[{"@type":"WebPage","@id":"https:\/\/vivalr.com\/product\/6320.html","url":"https:\/\/vivalr.com\/product\/6320.html","name":"Sal de S\u00f3dio de Butilparabeno de Alta Qualidade CAS 36457-20-2 Com Pre\u00e7o Baixo - Bem-vindo ao VIVALR- Sua Fonte Confi\u00e1vel de Mat\u00e9rias-Primas Qu\u00edmicas\uff01","isPartOf":{"@id":"https:\/\/vivalr.com\/#website"},"primaryImageOfPage":{"@id":"https:\/\/vivalr.com\/product\/6320.html#primaryimage"},"image":{"@id":"https:\/\/vivalr.com\/product\/6320.html#primaryimage"},"thumbnailUrl":"https:\/\/vivalr.com\/wp-content\/uploads\/2025\/03\/butylparaben-sodium-salt-36457-20-2.jpg","datePublished":"2025-03-07T12:11:56+00:00","dateModified":"2025-03-07T12:33:10+00:00","breadcrumb":{"@id":"https:\/\/vivalr.com\/product\/6320.html#breadcrumb"},"inLanguage":"pt-PT","potentialAction":[{"@type":"ReadAction","target":["https:\/\/vivalr.com\/product\/6320.html"]}]},{"@type":"ImageObject","inLanguage":"pt-PT","@id":"https:\/\/vivalr.com\/product\/6320.html#primaryimage","url":"https:\/\/vivalr.com\/wp-content\/uploads\/2025\/03\/butylparaben-sodium-salt-36457-20-2.jpg","contentUrl":"https:\/\/vivalr.com\/wp-content\/uploads\/2025\/03\/butylparaben-sodium-salt-36457-20-2.jpg","width":700,"height":762},{"@type":"BreadcrumbList","@id":"https:\/\/vivalr.com\/product\/6320.html#breadcrumb","itemListElement":[{"@type":"ListItem","position":1,"name":"Home","item":"https:\/\/vivalr.com\/"},{"@type":"ListItem","position":2,"name":"Shop","item":"https:\/\/vivalr.com\/shop\/"},{"@type":"ListItem","position":3,"name":"High Quality Butylparaben Sodium Salt CAS 36457-20-2 With Low Price"}]},{"@type":"WebSite","@id":"https:\/\/vivalr.com\/#website","url":"https:\/\/vivalr.com\/","name":"Bem-vindo ao VIVALR- Sua fonte confi\u00e1vel de mat\u00e9rias-primas qu\u00edmicas\uff01","description":"Descubra uma vasta gama de mat\u00e9rias-primas qu\u00edmicas de alta qualidade para satisfazer as suas necessidades industriais. O nosso compromisso com a excel\u00eancia garante-lhe os melhores produtos e servi\u00e7os.","potentialAction":[{"@type":"SearchAction","target":{"@type":"EntryPoint","urlTemplate":"https:\/\/vivalr.com\/?s={search_term_string}"},"query-input":{"@type":"PropertyValueSpecification","valueRequired":true,"valueName":"search_term_string"}}],"inLanguage":"pt-PT"}]}},"_links":{"self":[{"href":"https:\/\/vivalr.com\/pt\/wp-json\/wp\/v2\/product\/6320","targetHints":{"allow":["GET"]}}],"collection":[{"href":"https:\/\/vivalr.com\/pt\/wp-json\/wp\/v2\/product"}],"about":[{"href":"https:\/\/vivalr.com\/pt\/wp-json\/wp\/v2\/types\/product"}],"replies":[{"embeddable":true,"href":"https:\/\/vivalr.com\/pt\/wp-json\/wp\/v2\/comments?post=6320"}],"wp:featuredmedia":[{"embeddable":true,"href":"https:\/\/vivalr.com\/pt\/wp-json\/wp\/v2\/media\/24230"}],"wp:attachment":[{"href":"https:\/\/vivalr.com\/pt\/wp-json\/wp\/v2\/media?parent=6320"}],"wp:term":[{"taxonomy":"product_brand","embeddable":true,"href":"https:\/\/vivalr.com\/pt\/wp-json\/wp\/v2\/product_brand?post=6320"},{"taxonomy":"product_cat","embeddable":true,"href":"https:\/\/vivalr.com\/pt\/wp-json\/wp\/v2\/product_cat?post=6320"},{"taxonomy":"product_tag","embeddable":true,"href":"https:\/\/vivalr.com\/pt\/wp-json\/wp\/v2\/product_tag?post=6320"}],"curies":[{"name":"wp","href":"https:\/\/api.w.org\/{rel}","templated":true}]}}