{"id":6657,"date":"2025-03-07T12:12:17","date_gmt":"2025-03-07T12:12:17","guid":{"rendered":"https:\/\/vivalr.com\/product\/6657.html"},"modified":"2025-03-07T12:33:51","modified_gmt":"2025-03-07T12:33:51","slug":"high-quality-butylated-hydroxytoluene-cas-128-37-0-with-best-price","status":"publish","type":"product","link":"https:\/\/vivalr.com\/pt\/product\/6657.html","title":{"rendered":"Hidroxitolueno butilado de alta qualidade CAS 128-37-0 com melhor pre\u00e7o"},"content":{"rendered":"<h1>Guia do utilizador para hidroxitolueno butilado de alta qualidade CAS 128-37-0 com o melhor pre\u00e7o<\/h1>\n<ol>\n<li><a href=\"#basic_info\">Informa\u00e7\u00f5es e par\u00e2metros b\u00e1sicos<\/a><\/li>\n<li><a href=\"#uses\">Utiliza\u00e7\u00f5es do produto<\/a><\/li>\n<li><a href=\"#usage\">Como utilizar o produto<\/a><\/li>\n<li><a href=\"#case_studies\">Estudos de casos de utiliza\u00e7\u00e3o<\/a><\/li>\n<li><a href=\"#contact\">Informa\u00e7\u00f5es de contacto<\/a><\/li>\n<\/ol>\n<h2 id=\"basic_info\">Informa\u00e7\u00f5es e par\u00e2metros b\u00e1sicos<\/h2>\n<p>O hidroxitolueno butilado (BHT), com o n\u00famero CAS 128 - 37 - 0, \u00e9 um composto org\u00e2nico bem conhecido. Quimicamente, \u00e9 um antioxidante que pertence \u00e0 fam\u00edlia dos fen\u00f3is. O BHT apresenta-se como um p\u00f3 cristalino branco ou branco-amarelado. Tem uma f\u00f3rmula molecular de C\u2081\u2085H\u2082\u2084O e um peso molecular de aproximadamente 220,35 g\/mol. O ponto de fus\u00e3o do BHT varia entre 69 - 71\u00b0C, e tem um ponto de ebuli\u00e7\u00e3o de cerca de 265\u00b0C. Este composto \u00e9 insol\u00favel em \u00e1gua, mas \u00e9 sol\u00favel em solventes org\u00e2nicos como o etanol, a acetona e o benzeno. Tem uma gravidade espec\u00edfica de cerca de 1,048 a 20\u00b0C.<\/p>\n<h2 id=\"uses\">Utiliza\u00e7\u00f5es do produto<\/h2>\n<p>1. **Ind\u00fastria alimentar**: O BHT \u00e9 amplamente utilizado como antioxidante na ind\u00fastria alimentar. Ajuda a prevenir a oxida\u00e7\u00e3o de gorduras e \u00f3leos nos alimentos, prolongando assim o seu prazo de validade. Isto \u00e9 crucial para produtos como snacks, produtos de pastelaria e \u00f3leos de cozinha, uma vez que a oxida\u00e7\u00e3o pode levar a ran\u00e7o, sabores estranhos e uma diminui\u00e7\u00e3o do valor nutricional.<br \/>\n2. **Ind\u00fastria cosm\u00e9tica**: Nos cosm\u00e9ticos, o BHT \u00e9 utilizado para evitar a oxida\u00e7\u00e3o de ingredientes como \u00f3leos, gorduras e ceras. Isto ajuda a manter a estabilidade e a qualidade de produtos como cremes, lo\u00e7\u00f5es e batons ao longo do tempo.<br \/>\n3. **Ind\u00fastria farmac\u00eautica**: Os produtos farmac\u00eauticos cont\u00eam frequentemente subst\u00e2ncias suscept\u00edveis de oxida\u00e7\u00e3o. O BHT \u00e9 adicionado a algumas formula\u00e7\u00f5es farmac\u00eauticas para proteger os ingredientes activos e garantir a sua efic\u00e1cia durante o armazenamento.<\/p>\n<h2 id=\"usage\">Como utilizar o produto<\/h2>\n<p>1. **Dosagem**: A dosagem de BHT depende da aplica\u00e7\u00e3o espec\u00edfica. Na ind\u00fastria alimentar, o n\u00edvel m\u00e1ximo permitido \u00e9 regulado por v\u00e1rias autoridades de seguran\u00e7a alimentar. Geralmente, \u00e9 utilizado em concentra\u00e7\u00f5es que variam entre 0,01% e 0,02% do peso total do produto alimentar. Nos cosm\u00e9ticos e produtos farmac\u00eauticos, a dosagem \u00e9 determinada com base nos requisitos de estabilidade da formula\u00e7\u00e3o.<br \/>\n2. **Mistura**: O BHT deve ser misturado corretamente com o produto a que se destina. Na produ\u00e7\u00e3o alimentar, pode ser adicionado durante o processo de fabrico, normalmente quando as gorduras e os \u00f3leos est\u00e3o a ser incorporados. Nos cosm\u00e9ticos e produtos farmac\u00eauticos, \u00e9 normalmente dissolvido num solvente adequado antes de ser adicionado \u00e0 formula\u00e7\u00e3o.<\/p>\n<h2 id=\"case_studies\">Estudos de casos de utiliza\u00e7\u00e3o<\/h2>\n<p>1. **Empresa de alimentos X**: A Food Company X produz uma linha popular de batatas fritas. Antes de utilizar BHT, notaram que as suas batatas fritas come\u00e7avam a desenvolver um cheiro e um sabor ran\u00e7osos algumas semanas ap\u00f3s a produ\u00e7\u00e3o. Depois de incorporar BHT numa concentra\u00e7\u00e3o de 0,01% no \u00f3leo de cozinha utilizado para fritar as batatas fritas, o prazo de validade das batatas fritas aumentou de 3 para 6 semanas. Este facto n\u00e3o s\u00f3 reduziu o desperd\u00edcio de produto como tamb\u00e9m melhorou a satisfa\u00e7\u00e3o do cliente.<br \/>\n2. **Marca de cosm\u00e9ticos Y**: A marca de cosm\u00e9ticos Y fabrica um creme hidratante de alta qualidade. Sem um antioxidante, os ingredientes \u00e0 base de \u00f3leo do hidratante oxidavam e tornavam-se amarelados em poucos meses de armazenamento. Ao adicionar BHT numa dosagem adequada, o produto manteve a sua cor e textura originais durante mais de um ano. Isto levou a menos queixas dos clientes e a um aumento da reputa\u00e7\u00e3o da marca.<\/p>\n<h2 id=\"contact\">Informa\u00e7\u00f5es de contacto<\/h2>\n<p>Se voc\u00ea tiver alguma d\u00favida ou precisar de mais informa\u00e7\u00f5es sobre o nosso Hidroxitolueno butilado de alta qualidade CAS 128 - 37 - 0 com melhor pre\u00e7o, n\u00e3o hesite em contactar-nos. O nosso e-mail \u00e9 info@vivalr.com, e pode tamb\u00e9m contactar-nos atrav\u00e9s do n\u00famero (86) 15866781826.<\/p>","protected":false},"excerpt":{"rendered":"<p>User Guide for High Quality Butylated Hydroxytoluene CAS 128-37-0 With Best Price Basic Information and Parameters Uses of the Product How to Use the Product Usage Case Studies Contact Information Basic Information and Parameters Butylated Hydroxytoluene (BHT), with the CAS number 128 - 37 - 0, is a well - known organic compound. Chemically, it [&hellip;]<\/p>","protected":false},"featured_media":24396,"comment_status":"closed","ping_status":"open","template":"","meta":[],"product_brand":[],"product_cat":[15],"product_tag":[],"class_list":{"0":"post-6657","1":"product","2":"type-product","3":"status-publish","4":"has-post-thumbnail","6":"product_cat-uncategorized","8":"first","9":"instock","10":"product-type-simple"},"yoast_head":"<!-- This site is optimized with the Yoast SEO Premium plugin v24.4 (Yoast SEO v25.0) - https:\/\/yoast.com\/wordpress\/plugins\/seo\/ -->\n<title>High Quality Butylated Hydroxytoluene CAS 128-37-0 With Best Price - Welcome to VIVALR- Your Trusted Source for Chemical Raw Materials\uff01<\/title>\n<meta name=\"robots\" content=\"index, follow, max-snippet:-1, max-image-preview:large, max-video-preview:-1\" \/>\n<link rel=\"canonical\" href=\"https:\/\/vivalr.com\/pt\/product\/6657.html\" \/>\n<meta property=\"og:locale\" content=\"pt_PT\" \/>\n<meta property=\"og:type\" content=\"article\" \/>\n<meta property=\"og:title\" content=\"High Quality Butylated Hydroxytoluene CAS 128-37-0 With Best Price\" \/>\n<meta property=\"og:description\" content=\"User Guide for High Quality Butylated Hydroxytoluene CAS 128-37-0 With Best Price Basic Information and Parameters Uses of the Product How to Use the Product Usage Case Studies Contact Information Basic Information and Parameters Butylated Hydroxytoluene (BHT), with the CAS number 128 - 37 - 0, is a well - known organic compound. Chemically, it [&hellip;]\" \/>\n<meta property=\"og:url\" content=\"https:\/\/vivalr.com\/pt\/product\/6657.html\" \/>\n<meta property=\"og:site_name\" content=\"Welcome to VIVALR- Your Trusted Source for Chemical Raw Materials\uff01\" \/>\n<meta property=\"article:modified_time\" content=\"2025-03-07T12:33:51+00:00\" \/>\n<meta property=\"og:image\" content=\"https:\/\/vivalr.com\/wp-content\/uploads\/2025\/03\/26-di-tert-butyl-4-methylphenol-cas-128-37-0.jpg\" \/>\n\t<meta property=\"og:image:width\" content=\"400\" \/>\n\t<meta property=\"og:image:height\" content=\"397\" \/>\n\t<meta property=\"og:image:type\" content=\"image\/jpeg\" \/>\n<meta name=\"twitter:card\" content=\"summary_large_image\" \/>\n<meta name=\"twitter:label1\" content=\"Tempo estimado de leitura\" \/>\n\t<meta name=\"twitter:data1\" content=\"3 minutos\" \/>\n<script type=\"application\/ld+json\" class=\"yoast-schema-graph\">{\"@context\":\"https:\/\/schema.org\",\"@graph\":[{\"@type\":\"WebPage\",\"@id\":\"https:\/\/vivalr.com\/product\/6657.html\",\"url\":\"https:\/\/vivalr.com\/product\/6657.html\",\"name\":\"High Quality Butylated Hydroxytoluene CAS 128-37-0 With Best Price - Welcome to VIVALR- Your Trusted Source for Chemical Raw Materials\uff01\",\"isPartOf\":{\"@id\":\"https:\/\/vivalr.com\/#website\"},\"primaryImageOfPage\":{\"@id\":\"https:\/\/vivalr.com\/product\/6657.html#primaryimage\"},\"image\":{\"@id\":\"https:\/\/vivalr.com\/product\/6657.html#primaryimage\"},\"thumbnailUrl\":\"https:\/\/vivalr.com\/wp-content\/uploads\/2025\/03\/26-di-tert-butyl-4-methylphenol-cas-128-37-0.jpg\",\"datePublished\":\"2025-03-07T12:12:17+00:00\",\"dateModified\":\"2025-03-07T12:33:51+00:00\",\"breadcrumb\":{\"@id\":\"https:\/\/vivalr.com\/product\/6657.html#breadcrumb\"},\"inLanguage\":\"pt-PT\",\"potentialAction\":[{\"@type\":\"ReadAction\",\"target\":[\"https:\/\/vivalr.com\/product\/6657.html\"]}]},{\"@type\":\"ImageObject\",\"inLanguage\":\"pt-PT\",\"@id\":\"https:\/\/vivalr.com\/product\/6657.html#primaryimage\",\"url\":\"https:\/\/vivalr.com\/wp-content\/uploads\/2025\/03\/26-di-tert-butyl-4-methylphenol-cas-128-37-0.jpg\",\"contentUrl\":\"https:\/\/vivalr.com\/wp-content\/uploads\/2025\/03\/26-di-tert-butyl-4-methylphenol-cas-128-37-0.jpg\",\"width\":400,\"height\":397},{\"@type\":\"BreadcrumbList\",\"@id\":\"https:\/\/vivalr.com\/product\/6657.html#breadcrumb\",\"itemListElement\":[{\"@type\":\"ListItem\",\"position\":1,\"name\":\"Home\",\"item\":\"https:\/\/vivalr.com\/\"},{\"@type\":\"ListItem\",\"position\":2,\"name\":\"Shop\",\"item\":\"https:\/\/vivalr.com\/shop\/\"},{\"@type\":\"ListItem\",\"position\":3,\"name\":\"High Quality Butylated Hydroxytoluene CAS 128-37-0 With Best Price\"}]},{\"@type\":\"WebSite\",\"@id\":\"https:\/\/vivalr.com\/#website\",\"url\":\"https:\/\/vivalr.com\/\",\"name\":\"Welcome to VIVALR- Your Trusted Source for Chemical Raw Materials\uff01\",\"description\":\"Discover a wide range of high-quality chemical raw materials to meet your industrial needs. Our commitment to excellence ensures that you get the best products and services.\",\"potentialAction\":[{\"@type\":\"SearchAction\",\"target\":{\"@type\":\"EntryPoint\",\"urlTemplate\":\"https:\/\/vivalr.com\/?s={search_term_string}\"},\"query-input\":{\"@type\":\"PropertyValueSpecification\",\"valueRequired\":true,\"valueName\":\"search_term_string\"}}],\"inLanguage\":\"pt-PT\"}]}<\/script>\n<!-- \/ Yoast SEO Premium plugin. -->","yoast_head_json":{"title":"Hidroxitolueno butilado de alta qualidade CAS 128-37-0 com melhor pre\u00e7o - Bem-vindo ao VIVALR- Sua fonte confi\u00e1vel de mat\u00e9rias-primas qu\u00edmicas\uff01","robots":{"index":"index","follow":"follow","max-snippet":"max-snippet:-1","max-image-preview":"max-image-preview:large","max-video-preview":"max-video-preview:-1"},"canonical":"https:\/\/vivalr.com\/pt\/product\/6657.html","og_locale":"pt_PT","og_type":"article","og_title":"High Quality Butylated Hydroxytoluene CAS 128-37-0 With Best Price","og_description":"User Guide for High Quality Butylated Hydroxytoluene CAS 128-37-0 With Best Price Basic Information and Parameters Uses of the Product How to Use the Product Usage Case Studies Contact Information Basic Information and Parameters Butylated Hydroxytoluene (BHT), with the CAS number 128 - 37 - 0, is a well - known organic compound. Chemically, it [&hellip;]","og_url":"https:\/\/vivalr.com\/pt\/product\/6657.html","og_site_name":"Welcome to VIVALR- Your Trusted Source for Chemical Raw Materials\uff01","article_modified_time":"2025-03-07T12:33:51+00:00","og_image":[{"width":400,"height":397,"url":"https:\/\/vivalr.com\/wp-content\/uploads\/2025\/03\/26-di-tert-butyl-4-methylphenol-cas-128-37-0.jpg","type":"image\/jpeg"}],"twitter_card":"summary_large_image","twitter_misc":{"Tempo estimado de leitura":"3 minutos"},"schema":{"@context":"https:\/\/schema.org","@graph":[{"@type":"WebPage","@id":"https:\/\/vivalr.com\/product\/6657.html","url":"https:\/\/vivalr.com\/product\/6657.html","name":"Hidroxitolueno butilado de alta qualidade CAS 128-37-0 com melhor pre\u00e7o - Bem-vindo ao VIVALR- Sua fonte confi\u00e1vel de mat\u00e9rias-primas qu\u00edmicas\uff01","isPartOf":{"@id":"https:\/\/vivalr.com\/#website"},"primaryImageOfPage":{"@id":"https:\/\/vivalr.com\/product\/6657.html#primaryimage"},"image":{"@id":"https:\/\/vivalr.com\/product\/6657.html#primaryimage"},"thumbnailUrl":"https:\/\/vivalr.com\/wp-content\/uploads\/2025\/03\/26-di-tert-butyl-4-methylphenol-cas-128-37-0.jpg","datePublished":"2025-03-07T12:12:17+00:00","dateModified":"2025-03-07T12:33:51+00:00","breadcrumb":{"@id":"https:\/\/vivalr.com\/product\/6657.html#breadcrumb"},"inLanguage":"pt-PT","potentialAction":[{"@type":"ReadAction","target":["https:\/\/vivalr.com\/product\/6657.html"]}]},{"@type":"ImageObject","inLanguage":"pt-PT","@id":"https:\/\/vivalr.com\/product\/6657.html#primaryimage","url":"https:\/\/vivalr.com\/wp-content\/uploads\/2025\/03\/26-di-tert-butyl-4-methylphenol-cas-128-37-0.jpg","contentUrl":"https:\/\/vivalr.com\/wp-content\/uploads\/2025\/03\/26-di-tert-butyl-4-methylphenol-cas-128-37-0.jpg","width":400,"height":397},{"@type":"BreadcrumbList","@id":"https:\/\/vivalr.com\/product\/6657.html#breadcrumb","itemListElement":[{"@type":"ListItem","position":1,"name":"Home","item":"https:\/\/vivalr.com\/"},{"@type":"ListItem","position":2,"name":"Shop","item":"https:\/\/vivalr.com\/shop\/"},{"@type":"ListItem","position":3,"name":"High Quality Butylated Hydroxytoluene CAS 128-37-0 With Best Price"}]},{"@type":"WebSite","@id":"https:\/\/vivalr.com\/#website","url":"https:\/\/vivalr.com\/","name":"Bem-vindo ao VIVALR- Sua fonte confi\u00e1vel de mat\u00e9rias-primas qu\u00edmicas\uff01","description":"Descubra uma vasta gama de mat\u00e9rias-primas qu\u00edmicas de alta qualidade para satisfazer as suas necessidades industriais. O nosso compromisso com a excel\u00eancia garante-lhe os melhores produtos e servi\u00e7os.","potentialAction":[{"@type":"SearchAction","target":{"@type":"EntryPoint","urlTemplate":"https:\/\/vivalr.com\/?s={search_term_string}"},"query-input":{"@type":"PropertyValueSpecification","valueRequired":true,"valueName":"search_term_string"}}],"inLanguage":"pt-PT"}]}},"_links":{"self":[{"href":"https:\/\/vivalr.com\/pt\/wp-json\/wp\/v2\/product\/6657","targetHints":{"allow":["GET"]}}],"collection":[{"href":"https:\/\/vivalr.com\/pt\/wp-json\/wp\/v2\/product"}],"about":[{"href":"https:\/\/vivalr.com\/pt\/wp-json\/wp\/v2\/types\/product"}],"replies":[{"embeddable":true,"href":"https:\/\/vivalr.com\/pt\/wp-json\/wp\/v2\/comments?post=6657"}],"wp:featuredmedia":[{"embeddable":true,"href":"https:\/\/vivalr.com\/pt\/wp-json\/wp\/v2\/media\/24396"}],"wp:attachment":[{"href":"https:\/\/vivalr.com\/pt\/wp-json\/wp\/v2\/media?parent=6657"}],"wp:term":[{"taxonomy":"product_brand","embeddable":true,"href":"https:\/\/vivalr.com\/pt\/wp-json\/wp\/v2\/product_brand?post=6657"},{"taxonomy":"product_cat","embeddable":true,"href":"https:\/\/vivalr.com\/pt\/wp-json\/wp\/v2\/product_cat?post=6657"},{"taxonomy":"product_tag","embeddable":true,"href":"https:\/\/vivalr.com\/pt\/wp-json\/wp\/v2\/product_tag?post=6657"}],"curies":[{"name":"wp","href":"https:\/\/api.w.org\/{rel}","templated":true}]}}