{"id":6979,"date":"2025-03-07T12:12:36","date_gmt":"2025-03-07T12:12:36","guid":{"rendered":"https:\/\/vivalr.com\/product\/6979.html"},"modified":"2025-03-07T12:34:26","modified_gmt":"2025-03-07T12:34:26","slug":"factory-supply-sodium-p-toluene-sulfonic-78-cas-657-84-1-with-best-price","status":"publish","type":"product","link":"https:\/\/vivalr.com\/pt\/product\/6979.html","title":{"rendered":"Fornecimento de F\u00e1brica de S\u00f3dio P-Tolueno Sulf\u00f3nico 78% Cas 657-84-1 Com Melhor Pre\u00e7o"},"content":{"rendered":"<h1>Fornecimento de f\u00e1brica de s\u00f3dio P-Tolueno Sulf\u00f4nico 78% Cas 657-84-1 com melhor pre\u00e7o - Guia do Usu\u00e1rio<\/h1>\n<h2>\u00cdndice<\/h2>\n<ul>\n<li><a href=\"#basic_info\">Informa\u00e7\u00f5es e par\u00e2metros b\u00e1sicos<\/a><\/li>\n<li><a href=\"#uses\">Utiliza\u00e7\u00f5es do produto<\/a><\/li>\n<li><a href=\"#usage\">Utiliza\u00e7\u00e3o do produto<\/a><\/li>\n<li><a href=\"#usage_cases\">Casos de utiliza\u00e7\u00e3o de produtos<\/a><\/li>\n<li><a href=\"#contact\">Informa\u00e7\u00f5es de contacto<\/a><\/li>\n<\/ul>\n<h2 id=\"basic_info\">Informa\u00e7\u00f5es e par\u00e2metros b\u00e1sicos<\/h2>\n<p>O produto, Fornecimento de F\u00e1brica de S\u00f3dio P-Tolueno Sulf\u00f3nico 78% Cas 657-84-1, \u00e9 um composto qu\u00edmico de alta qualidade. O n\u00famero CAS 657 - 84 - 1 identifica exclusivamente este produto qu\u00edmico na base de dados qu\u00edmica global. Ele vem com uma pureza de 78%, que \u00e9 adequado para uma ampla gama de aplica\u00e7\u00f5es industriais e qu\u00edmicas.<\/p>\n<p>Fisicamente, o \u00e1cido p - tolueno sulf\u00f3nico de s\u00f3dio apresenta-se normalmente como um p\u00f3 cristalino branco a esbranqui\u00e7ado. Tem boa solubilidade em \u00e1gua e alguns solventes polares. A f\u00f3rmula molecular do \u00e1cido p - tolueno sulf\u00f3nico de s\u00f3dio \u00e9 C\u2087H\u2087NaO\u2083S. O seu peso molecular \u00e9 de aproximadamente 194,18 g\/mol. Este produto \u00e9 fornecido de f\u00e1brica, o que garante uma fonte de fornecimento est\u00e1vel e em grande escala ao melhor pre\u00e7o do mercado.<\/p>\n<h2 id=\"uses\">Utiliza\u00e7\u00f5es do produto<\/h2>\n<p>1. **Catalisador em reac\u00e7\u00f5es qu\u00edmicas**: O \u00e1cido p - tolueno sulf\u00f3nico de s\u00f3dio \u00e9 amplamente utilizado como catalisador \u00e1cido em v\u00e1rias reac\u00e7\u00f5es de s\u00edntese org\u00e2nica. Por exemplo, pode catalisar reac\u00e7\u00f5es de esterifica\u00e7\u00e3o, onde ajuda na forma\u00e7\u00e3o de \u00e9steres a partir de \u00e1cidos carbox\u00edlicos e \u00e1lcoois. Isto \u00e9 crucial na produ\u00e7\u00e3o de fragr\u00e2ncias, sabores e plastificantes.<\/p>\n<p>2. **Ind\u00fastria de surfactantes e detergentes**: Pode ser utilizado na formula\u00e7\u00e3o de surfactantes. Os tensioactivos s\u00e3o componentes essenciais dos detergentes, dos produtos de limpeza e dos emulsionantes. O \u00e1cido p - tolueno sulf\u00f3nico de s\u00f3dio ajuda a reduzir a tens\u00e3o superficial dos l\u00edquidos, melhorando as propriedades de molhagem e limpeza destes produtos.<\/p>\n<p>3. **Ind\u00fastria t\u00eaxtil**: Na ind\u00fastria t\u00eaxtil, \u00e9 utilizado em processos de tingimento e impress\u00e3o. Pode atuar como um agente nivelador, assegurando uma distribui\u00e7\u00e3o uniforme dos corantes na superf\u00edcie do tecido, resultando numa colora\u00e7\u00e3o uniforme e de alta qualidade.<\/p>\n<h2 id=\"usage\">Utiliza\u00e7\u00e3o do produto<\/h2>\n<p>Ao utilizar o S\u00f3dio P - Tolueno Sulf\u00f3nico 78% Cas 657 - 84 - 1 da Factory Supply, devem ser tomadas as devidas precau\u00e7\u00f5es de seguran\u00e7a. Usar equipamento de prote\u00e7\u00e3o pessoal adequado, como luvas, \u00f3culos de prote\u00e7\u00e3o e uma bata de laborat\u00f3rio. Uma vez que se trata de um \u00e1cido, deve ser armazenado num local fresco, seco e bem ventilado, longe de subst\u00e2ncias incompat\u00edveis, como bases fortes e agentes oxidantes.<\/p>\n<p>Para a sua utiliza\u00e7\u00e3o como catalisador numa rea\u00e7\u00e3o qu\u00edmica, come\u00e7a-se por calcular a quantidade adequada de acordo com a escala de rea\u00e7\u00e3o. Normalmente, adiciona-se uma pequena quantidade do produto \u00e0 mistura de rea\u00e7\u00e3o. Agitar bem a mistura para assegurar uma distribui\u00e7\u00e3o uniforme do catalisador. Monitorizar as condi\u00e7\u00f5es de rea\u00e7\u00e3o, tais como a temperatura e o tempo de rea\u00e7\u00e3o, para obter os melhores resultados de rea\u00e7\u00e3o.<\/p>\n<p>Na formula\u00e7\u00e3o de detergentes ou tensioactivos, deve ser adicionado durante o processo de mistura em condi\u00e7\u00f5es controladas de temperatura e agita\u00e7\u00e3o. Certifique-se de que segue as diretrizes de formula\u00e7\u00e3o espec\u00edficas fornecidas pelas normas da ind\u00fastria.<\/p>\n<h2 id=\"usage_cases\">Casos de utiliza\u00e7\u00e3o de produtos<\/h2>\n<p>**Caso 1: Rea\u00e7\u00e3o de Esterifica\u00e7\u00e3o na Produ\u00e7\u00e3o de Fragr\u00e2ncias**<\/p>\n<p>Uma empresa de fabrico de fragr\u00e2ncias precisava de produzir um \u00e9ster espec\u00edfico para um novo perfume. Utilizaram como catalisador o P - Tolueno Sulf\u00f3nico 78% Cas 657 - 84 - 1 da Factory Supply. Adicionaram 0,5% do catalisador, em peso, a uma mistura de um \u00e1cido carbox\u00edlico e um \u00e1lcool. A rea\u00e7\u00e3o foi levada a cabo a uma temperatura de 80\u00b0C durante 3 horas. Como resultado, obtiveram um elevado rendimento do \u00e9ster desejado com excelente pureza, que satisfazia os requisitos de qualidade para a formula\u00e7\u00e3o do perfume. A utiliza\u00e7\u00e3o deste catalisador n\u00e3o s\u00f3 melhorou a efici\u00eancia da rea\u00e7\u00e3o como tamb\u00e9m reduziu o custo de produ\u00e7\u00e3o.<\/p>\n<p>**Caso 2: Formula\u00e7\u00e3o de detergente**<\/p>\n<p>Um fabricante de detergentes incorporou este produto na sua nova f\u00f3rmula de detergente para a roupa. Adicionaram 2% de \u00e1cido p - tolueno sulf\u00f3nico de s\u00f3dio durante o processo de mistura dos componentes do detergente. O detergente resultante apresentou um melhor desempenho de limpeza, especialmente na remo\u00e7\u00e3o de n\u00f3doas de gordura e \u00f3leo. Os consumidores referiram que as suas roupas estavam mais limpas e cheiravam melhor depois de utilizarem este detergente. O produto tamb\u00e9m ajudou a reduzir a tens\u00e3o superficial da solu\u00e7\u00e3o detergente, o que melhorou a sua capacidade de molhar o tecido.<\/p>\n<h2 id=\"contact\">Informa\u00e7\u00f5es de contacto<\/h2>\n<p>Se voc\u00ea tiver alguma d\u00favida ou precisar de mais informa\u00e7\u00f5es sobre Fornecimento de f\u00e1brica de s\u00f3dio P - Tolueno Sulf\u00f4nico 78% Cas 657 - 84 - 1, n\u00e3o hesite em contactar-nos. O nosso endere\u00e7o de correio eletr\u00f3nico \u00e9 info@vivalr<\/p>","protected":false},"excerpt":{"rendered":"<p>Factory Supply Sodium P-Toluene Sulfonic 78% Cas 657-84-1 With Best Price - User Guide Table of Contents Basic Information and Parameters Product Uses Product Usage Product Usage Cases Contact Information Basic Information and Parameters The product, Factory Supply Sodium P-Toluene Sulfonic 78% Cas 657-84-1, is a high - quality chemical compound. The CAS number 657 [&hellip;]<\/p>","protected":false},"featured_media":24556,"comment_status":"closed","ping_status":"open","template":"","meta":[],"product_brand":[],"product_cat":[15],"product_tag":[],"class_list":{"0":"post-6979","1":"product","2":"type-product","3":"status-publish","4":"has-post-thumbnail","6":"product_cat-uncategorized","8":"first","9":"instock","10":"product-type-simple"},"yoast_head":"<!-- This site is optimized with the Yoast SEO Premium plugin v24.4 (Yoast SEO v27.4) - https:\/\/yoast.com\/product\/yoast-seo-premium-wordpress\/ -->\n<title>Factory Supply Sodium P-Toluene Sulfonic 78% Cas 657-84-1 With Best Price - Welcome to VIVALR- Your Trusted Source for Chemical Raw Materials\uff01<\/title>\n<meta name=\"robots\" content=\"index, follow, max-snippet:-1, max-image-preview:large, max-video-preview:-1\" \/>\n<link rel=\"canonical\" href=\"https:\/\/vivalr.com\/pt\/product\/6979.html\" \/>\n<meta property=\"og:locale\" content=\"pt_PT\" \/>\n<meta property=\"og:type\" content=\"article\" \/>\n<meta property=\"og:title\" content=\"Factory Supply Sodium P-Toluene Sulfonic 78% Cas 657-84-1 With Best Price\" \/>\n<meta property=\"og:description\" content=\"Factory Supply Sodium P-Toluene Sulfonic 78% Cas 657-84-1 With Best Price - User Guide Table of Contents Basic Information and Parameters Product Uses Product Usage Product Usage Cases Contact Information Basic Information and Parameters The product, Factory Supply Sodium P-Toluene Sulfonic 78% Cas 657-84-1, is a high - quality chemical compound. The CAS number 657 [&hellip;]\" \/>\n<meta property=\"og:url\" content=\"https:\/\/vivalr.com\/pt\/product\/6979.html\" \/>\n<meta property=\"og:site_name\" content=\"Welcome to VIVALR- Your Trusted Source for Chemical Raw Materials\uff01\" \/>\n<meta property=\"article:modified_time\" content=\"2025-03-07T12:34:26+00:00\" \/>\n<meta property=\"og:image\" content=\"https:\/\/vivalr.com\/wp-content\/uploads\/2025\/03\/sodium-p-toluene-sulfonic-78-cas-657-84-1.jpg\" \/>\n\t<meta property=\"og:image:width\" content=\"600\" \/>\n\t<meta property=\"og:image:height\" content=\"654\" \/>\n\t<meta property=\"og:image:type\" content=\"image\/jpeg\" \/>\n<meta name=\"twitter:card\" content=\"summary_large_image\" \/>\n<meta name=\"twitter:label1\" content=\"Tempo estimado de leitura\" \/>\n\t<meta name=\"twitter:data1\" content=\"3 minutos\" \/>\n<script type=\"application\/ld+json\" class=\"yoast-schema-graph\">{\"@context\":\"https:\\\/\\\/schema.org\",\"@graph\":[{\"@type\":\"WebPage\",\"@id\":\"https:\\\/\\\/vivalr.com\\\/product\\\/6979.html\",\"url\":\"https:\\\/\\\/vivalr.com\\\/product\\\/6979.html\",\"name\":\"Factory Supply Sodium P-Toluene Sulfonic 78% Cas 657-84-1 With Best Price - Welcome to VIVALR- Your Trusted Source for Chemical Raw Materials\uff01\",\"isPartOf\":{\"@id\":\"https:\\\/\\\/vivalr.com\\\/#website\"},\"primaryImageOfPage\":{\"@id\":\"https:\\\/\\\/vivalr.com\\\/product\\\/6979.html#primaryimage\"},\"image\":{\"@id\":\"https:\\\/\\\/vivalr.com\\\/product\\\/6979.html#primaryimage\"},\"thumbnailUrl\":\"https:\\\/\\\/vivalr.com\\\/wp-content\\\/uploads\\\/2025\\\/03\\\/sodium-p-toluene-sulfonic-78-cas-657-84-1.jpg\",\"datePublished\":\"2025-03-07T12:12:36+00:00\",\"dateModified\":\"2025-03-07T12:34:26+00:00\",\"breadcrumb\":{\"@id\":\"https:\\\/\\\/vivalr.com\\\/product\\\/6979.html#breadcrumb\"},\"inLanguage\":\"pt-PT\",\"potentialAction\":[{\"@type\":\"ReadAction\",\"target\":[\"https:\\\/\\\/vivalr.com\\\/product\\\/6979.html\"]}]},{\"@type\":\"ImageObject\",\"inLanguage\":\"pt-PT\",\"@id\":\"https:\\\/\\\/vivalr.com\\\/product\\\/6979.html#primaryimage\",\"url\":\"https:\\\/\\\/vivalr.com\\\/wp-content\\\/uploads\\\/2025\\\/03\\\/sodium-p-toluene-sulfonic-78-cas-657-84-1.jpg\",\"contentUrl\":\"https:\\\/\\\/vivalr.com\\\/wp-content\\\/uploads\\\/2025\\\/03\\\/sodium-p-toluene-sulfonic-78-cas-657-84-1.jpg\",\"width\":600,\"height\":654},{\"@type\":\"BreadcrumbList\",\"@id\":\"https:\\\/\\\/vivalr.com\\\/product\\\/6979.html#breadcrumb\",\"itemListElement\":[{\"@type\":\"ListItem\",\"position\":1,\"name\":\"Home\",\"item\":\"https:\\\/\\\/vivalr.com\\\/\"},{\"@type\":\"ListItem\",\"position\":2,\"name\":\"Shop\",\"item\":\"https:\\\/\\\/vivalr.com\\\/shop\\\/\"},{\"@type\":\"ListItem\",\"position\":3,\"name\":\"Factory Supply Sodium P-Toluene Sulfonic 78% Cas 657-84-1 With Best Price\"}]},{\"@type\":\"WebSite\",\"@id\":\"https:\\\/\\\/vivalr.com\\\/#website\",\"url\":\"https:\\\/\\\/vivalr.com\\\/\",\"name\":\"Welcome to VIVALR- Your Trusted Source for Chemical Raw Materials\uff01\",\"description\":\"Discover a wide range of high-quality chemical raw materials to meet your industrial needs. Our commitment to excellence ensures that you get the best products and services.\",\"potentialAction\":[{\"@type\":\"SearchAction\",\"target\":{\"@type\":\"EntryPoint\",\"urlTemplate\":\"https:\\\/\\\/vivalr.com\\\/?s={search_term_string}\"},\"query-input\":{\"@type\":\"PropertyValueSpecification\",\"valueRequired\":true,\"valueName\":\"search_term_string\"}}],\"inLanguage\":\"pt-PT\"}]}<\/script>\n<!-- \/ Yoast SEO Premium plugin. -->","yoast_head_json":{"title":"Fornecimento de f\u00e1brica de s\u00f3dio P-Tolueno Sulf\u00f4nico 78% Cas 657-84-1 com melhor pre\u00e7o - Bem-vindo ao VIVALR- Sua fonte confi\u00e1vel de mat\u00e9rias-primas qu\u00edmicas\uff01","robots":{"index":"index","follow":"follow","max-snippet":"max-snippet:-1","max-image-preview":"max-image-preview:large","max-video-preview":"max-video-preview:-1"},"canonical":"https:\/\/vivalr.com\/pt\/product\/6979.html","og_locale":"pt_PT","og_type":"article","og_title":"Factory Supply Sodium P-Toluene Sulfonic 78% Cas 657-84-1 With Best Price","og_description":"Factory Supply Sodium P-Toluene Sulfonic 78% Cas 657-84-1 With Best Price - User Guide Table of Contents Basic Information and Parameters Product Uses Product Usage Product Usage Cases Contact Information Basic Information and Parameters The product, Factory Supply Sodium P-Toluene Sulfonic 78% Cas 657-84-1, is a high - quality chemical compound. The CAS number 657 [&hellip;]","og_url":"https:\/\/vivalr.com\/pt\/product\/6979.html","og_site_name":"Welcome to VIVALR- Your Trusted Source for Chemical Raw Materials\uff01","article_modified_time":"2025-03-07T12:34:26+00:00","og_image":[{"width":600,"height":654,"url":"https:\/\/vivalr.com\/wp-content\/uploads\/2025\/03\/sodium-p-toluene-sulfonic-78-cas-657-84-1.jpg","type":"image\/jpeg"}],"twitter_card":"summary_large_image","twitter_misc":{"Tempo estimado de leitura":"3 minutos"},"schema":{"@context":"https:\/\/schema.org","@graph":[{"@type":"WebPage","@id":"https:\/\/vivalr.com\/product\/6979.html","url":"https:\/\/vivalr.com\/product\/6979.html","name":"Fornecimento de f\u00e1brica de s\u00f3dio P-Tolueno Sulf\u00f4nico 78% Cas 657-84-1 com melhor pre\u00e7o - Bem-vindo ao VIVALR- Sua fonte confi\u00e1vel de mat\u00e9rias-primas qu\u00edmicas\uff01","isPartOf":{"@id":"https:\/\/vivalr.com\/#website"},"primaryImageOfPage":{"@id":"https:\/\/vivalr.com\/product\/6979.html#primaryimage"},"image":{"@id":"https:\/\/vivalr.com\/product\/6979.html#primaryimage"},"thumbnailUrl":"https:\/\/vivalr.com\/wp-content\/uploads\/2025\/03\/sodium-p-toluene-sulfonic-78-cas-657-84-1.jpg","datePublished":"2025-03-07T12:12:36+00:00","dateModified":"2025-03-07T12:34:26+00:00","breadcrumb":{"@id":"https:\/\/vivalr.com\/product\/6979.html#breadcrumb"},"inLanguage":"pt-PT","potentialAction":[{"@type":"ReadAction","target":["https:\/\/vivalr.com\/product\/6979.html"]}]},{"@type":"ImageObject","inLanguage":"pt-PT","@id":"https:\/\/vivalr.com\/product\/6979.html#primaryimage","url":"https:\/\/vivalr.com\/wp-content\/uploads\/2025\/03\/sodium-p-toluene-sulfonic-78-cas-657-84-1.jpg","contentUrl":"https:\/\/vivalr.com\/wp-content\/uploads\/2025\/03\/sodium-p-toluene-sulfonic-78-cas-657-84-1.jpg","width":600,"height":654},{"@type":"BreadcrumbList","@id":"https:\/\/vivalr.com\/product\/6979.html#breadcrumb","itemListElement":[{"@type":"ListItem","position":1,"name":"Home","item":"https:\/\/vivalr.com\/"},{"@type":"ListItem","position":2,"name":"Shop","item":"https:\/\/vivalr.com\/shop\/"},{"@type":"ListItem","position":3,"name":"Factory Supply Sodium P-Toluene Sulfonic 78% Cas 657-84-1 With Best Price"}]},{"@type":"WebSite","@id":"https:\/\/vivalr.com\/#website","url":"https:\/\/vivalr.com\/","name":"Bem-vindo ao VIVALR- Sua fonte confi\u00e1vel de mat\u00e9rias-primas qu\u00edmicas\uff01","description":"Descubra uma vasta gama de mat\u00e9rias-primas qu\u00edmicas de alta qualidade para satisfazer as suas necessidades industriais. O nosso compromisso com a excel\u00eancia garante-lhe os melhores produtos e servi\u00e7os.","potentialAction":[{"@type":"SearchAction","target":{"@type":"EntryPoint","urlTemplate":"https:\/\/vivalr.com\/?s={search_term_string}"},"query-input":{"@type":"PropertyValueSpecification","valueRequired":true,"valueName":"search_term_string"}}],"inLanguage":"pt-PT"}]}},"_links":{"self":[{"href":"https:\/\/vivalr.com\/pt\/wp-json\/wp\/v2\/product\/6979","targetHints":{"allow":["GET"]}}],"collection":[{"href":"https:\/\/vivalr.com\/pt\/wp-json\/wp\/v2\/product"}],"about":[{"href":"https:\/\/vivalr.com\/pt\/wp-json\/wp\/v2\/types\/product"}],"replies":[{"embeddable":true,"href":"https:\/\/vivalr.com\/pt\/wp-json\/wp\/v2\/comments?post=6979"}],"wp:featuredmedia":[{"embeddable":true,"href":"https:\/\/vivalr.com\/pt\/wp-json\/wp\/v2\/media\/24556"}],"wp:attachment":[{"href":"https:\/\/vivalr.com\/pt\/wp-json\/wp\/v2\/media?parent=6979"}],"wp:term":[{"taxonomy":"product_brand","embeddable":true,"href":"https:\/\/vivalr.com\/pt\/wp-json\/wp\/v2\/product_brand?post=6979"},{"taxonomy":"product_cat","embeddable":true,"href":"https:\/\/vivalr.com\/pt\/wp-json\/wp\/v2\/product_cat?post=6979"},{"taxonomy":"product_tag","embeddable":true,"href":"https:\/\/vivalr.com\/pt\/wp-json\/wp\/v2\/product_tag?post=6979"}],"curies":[{"name":"wp","href":"https:\/\/api.w.org\/{rel}","templated":true}]}}