{"id":7042,"date":"2025-03-07T12:12:38","date_gmt":"2025-03-07T12:12:38","guid":{"rendered":"https:\/\/vivalr.com\/product\/7042.html"},"modified":"2025-03-07T12:34:32","modified_gmt":"2025-03-07T12:34:32","slug":"factory-supply-magnesium-orotate-cas-34717-03-8-with-best-price","status":"publish","type":"product","link":"https:\/\/vivalr.com\/pt\/product\/7042.html","title":{"rendered":"Factory Supply Magnesium Orotate CAS 34717-03-8 With Best Price"},"content":{"rendered":"<div>\n<h1>Factory Supply Magnesium Orotate CAS 34717-03-8 With Best Price - User Guide<\/h1>\n<h2>\u00cdndice<\/h2>\n<ul>\n<li><a href=\"#basic_info\">Informa\u00e7\u00f5es e par\u00e2metros b\u00e1sicos<\/a><\/li>\n<li><a href=\"#uses\">Utiliza\u00e7\u00f5es do produto<\/a><\/li>\n<li><a href=\"#usage\">Utiliza\u00e7\u00e3o do produto<\/a><\/li>\n<li><a href=\"#case_studies\">Estudos de casos de utiliza\u00e7\u00e3o de produtos<\/a><\/li>\n<li><a href=\"#contact\">Informa\u00e7\u00f5es de contacto<\/a><\/li>\n<\/ul>\n<h2 id=\"basic_info\">Informa\u00e7\u00f5es e par\u00e2metros b\u00e1sicos<\/h2>\n<p>Magnesium Orotate, with the CAS number 34717-03-8, is a vital magnesium compound. Magnesium is an essential mineral for many biological processes in the human body. It plays a crucial role in over 300 enzymatic reactions, including energy production, muscle contraction, and nerve function. Orotate is a natural substance that is involved in the synthesis of nucleic acids.<\/p>\n<p>Our Factory Supply Magnesium Orotate is of high purity, ensuring maximum effectiveness. It is sourced from reliable manufacturers and undergoes strict quality control measures to meet international standards. The physical appearance of Magnesium Orotate is usually a white to off - white powder. It has good solubility in water under appropriate conditions, which makes it suitable for various applications.<\/p>\n<h2 id=\"uses\">Utiliza\u00e7\u00f5es do produto<\/h2>\n<p>In the pharmaceutical industry, Magnesium Orotate is widely used as a dietary supplement. It can help to maintain normal magnesium levels in the body, especially for those with magnesium deficiencies. Magnesium deficiency can lead to a variety of health problems, such as muscle cramps, fatigue, and irregular heartbeat. By taking Magnesium Orotate supplements, these symptoms can be alleviated.<\/p>\n<p>In the field of sports nutrition, athletes often use Magnesium Orotate to enhance their performance. Magnesium is involved in energy metabolism, which means it can help athletes to produce more energy during exercise. It also helps to relax muscles, reducing the risk of muscle fatigue and injury.<\/p>\n<p>In addition, Magnesium Orotate may have potential benefits in the treatment of certain cardiovascular diseases. It can help to regulate blood pressure and improve blood circulation, reducing the burden on the heart.<\/p>\n<h2 id=\"usage\">Utiliza\u00e7\u00e3o do produto<\/h2>\n<p>As a dietary supplement, the recommended dosage of Magnesium Orotate varies depending on age, gender, and health conditions. Generally, for adults, the daily dosage is between 200 - 400 mg. It is usually taken orally with water after meals to improve absorption.<\/p>\n<p>When using Magnesium Orotate in sports nutrition, athletes can take it 30 - 60 minutes before exercise to enhance energy production. However, it is important not to exceed the recommended dosage to avoid potential side effects.<\/p>\n<p>For those using it for medical purposes, it is necessary to follow the doctor's advice. The doctor will determine the appropriate dosage based on the patient's specific situation.<\/p>\n<h2 id=\"case_studies\">Estudos de casos de utiliza\u00e7\u00e3o de produtos<\/h2>\n<p>Case 1: A 45 - year - old male suffered from frequent muscle cramps, especially at night. After consulting a doctor, he started taking Magnesium Orotate supplements at a dosage of 300 mg per day. Within two weeks, the frequency of his muscle cramps significantly decreased. After one month, his muscle cramps almost disappeared. He also reported feeling more energetic during the day.<\/p>\n<p>Case 2: A professional athlete was struggling with post - exercise fatigue. He added Magnesium Orotate to his pre - exercise routine. After a few weeks of consistent use, he noticed a significant improvement in his endurance. He was able to train longer and recover faster after intense workouts.<\/p>\n<p>Case 3: An elderly patient with mild hypertension started taking Magnesium Orotate as part of his treatment plan. After three months, his blood pressure gradually returned to the normal range, and he experienced fewer symptoms of dizziness and fatigue.<\/p>\n<h2 id=\"contact\">Informa\u00e7\u00f5es de contacto<\/h2>\n<p>If you have any questions about our Factory Supply Magnesium Orotate CAS 34717 - 03 - 8, please feel free to contact us. Our email is info@vivalr.com, and our phone number is (86) 15866781826.<\/p>\n<\/div>","protected":false},"excerpt":{"rendered":"<p>Factory Supply Magnesium Orotate CAS 34717-03-8 With Best Price - User Guide Table of Contents Basic Information and Parameters Product Uses Product Usage Product Use Case Studies Contact Information Basic Information and Parameters Magnesium Orotate, with the CAS number 34717-03-8, is a vital magnesium compound. Magnesium is an essential mineral for many biological processes in [&hellip;]<\/p>","protected":false},"featured_media":24586,"comment_status":"closed","ping_status":"open","template":"","meta":[],"product_brand":[],"product_cat":[15],"product_tag":[],"class_list":{"0":"post-7042","1":"product","2":"type-product","3":"status-publish","4":"has-post-thumbnail","6":"product_cat-uncategorized","8":"first","9":"instock","10":"product-type-simple"},"yoast_head":"<!-- This site is optimized with the Yoast SEO Premium plugin v24.4 (Yoast SEO v27.4) - https:\/\/yoast.com\/product\/yoast-seo-premium-wordpress\/ -->\n<title>Factory Supply Magnesium Orotate CAS 34717-03-8 With Best Price - Welcome to VIVALR- Your Trusted Source for Chemical Raw Materials\uff01<\/title>\n<meta name=\"robots\" content=\"index, follow, max-snippet:-1, max-image-preview:large, max-video-preview:-1\" \/>\n<link rel=\"canonical\" href=\"https:\/\/vivalr.com\/pt\/product\/7042.html\" \/>\n<meta property=\"og:locale\" content=\"pt_PT\" \/>\n<meta property=\"og:type\" content=\"article\" \/>\n<meta property=\"og:title\" content=\"Factory Supply Magnesium Orotate CAS 34717-03-8 With Best Price\" \/>\n<meta property=\"og:description\" content=\"Factory Supply Magnesium Orotate CAS 34717-03-8 With Best Price - User Guide Table of Contents Basic Information and Parameters Product Uses Product Usage Product Use Case Studies Contact Information Basic Information and Parameters Magnesium Orotate, with the CAS number 34717-03-8, is a vital magnesium compound. Magnesium is an essential mineral for many biological processes in [&hellip;]\" \/>\n<meta property=\"og:url\" content=\"https:\/\/vivalr.com\/pt\/product\/7042.html\" \/>\n<meta property=\"og:site_name\" content=\"Welcome to VIVALR- Your Trusted Source for Chemical Raw Materials\uff01\" \/>\n<meta property=\"article:modified_time\" content=\"2025-03-07T12:34:32+00:00\" \/>\n<meta property=\"og:image\" content=\"https:\/\/vivalr.com\/wp-content\/uploads\/2025\/03\/magnesium-orotate-cas-34717-03-8.jpg\" \/>\n\t<meta property=\"og:image:width\" content=\"600\" \/>\n\t<meta property=\"og:image:height\" content=\"654\" \/>\n\t<meta property=\"og:image:type\" content=\"image\/jpeg\" \/>\n<meta name=\"twitter:card\" content=\"summary_large_image\" \/>\n<meta name=\"twitter:label1\" content=\"Tempo estimado de leitura\" \/>\n\t<meta name=\"twitter:data1\" content=\"3 minutos\" \/>\n<script type=\"application\/ld+json\" class=\"yoast-schema-graph\">{\"@context\":\"https:\\\/\\\/schema.org\",\"@graph\":[{\"@type\":\"WebPage\",\"@id\":\"https:\\\/\\\/vivalr.com\\\/product\\\/7042.html\",\"url\":\"https:\\\/\\\/vivalr.com\\\/product\\\/7042.html\",\"name\":\"Factory Supply Magnesium Orotate CAS 34717-03-8 With Best Price - Welcome to VIVALR- Your Trusted Source for Chemical Raw Materials\uff01\",\"isPartOf\":{\"@id\":\"https:\\\/\\\/vivalr.com\\\/#website\"},\"primaryImageOfPage\":{\"@id\":\"https:\\\/\\\/vivalr.com\\\/product\\\/7042.html#primaryimage\"},\"image\":{\"@id\":\"https:\\\/\\\/vivalr.com\\\/product\\\/7042.html#primaryimage\"},\"thumbnailUrl\":\"https:\\\/\\\/vivalr.com\\\/wp-content\\\/uploads\\\/2025\\\/03\\\/magnesium-orotate-cas-34717-03-8.jpg\",\"datePublished\":\"2025-03-07T12:12:38+00:00\",\"dateModified\":\"2025-03-07T12:34:32+00:00\",\"breadcrumb\":{\"@id\":\"https:\\\/\\\/vivalr.com\\\/product\\\/7042.html#breadcrumb\"},\"inLanguage\":\"pt-PT\",\"potentialAction\":[{\"@type\":\"ReadAction\",\"target\":[\"https:\\\/\\\/vivalr.com\\\/product\\\/7042.html\"]}]},{\"@type\":\"ImageObject\",\"inLanguage\":\"pt-PT\",\"@id\":\"https:\\\/\\\/vivalr.com\\\/product\\\/7042.html#primaryimage\",\"url\":\"https:\\\/\\\/vivalr.com\\\/wp-content\\\/uploads\\\/2025\\\/03\\\/magnesium-orotate-cas-34717-03-8.jpg\",\"contentUrl\":\"https:\\\/\\\/vivalr.com\\\/wp-content\\\/uploads\\\/2025\\\/03\\\/magnesium-orotate-cas-34717-03-8.jpg\",\"width\":600,\"height\":654},{\"@type\":\"BreadcrumbList\",\"@id\":\"https:\\\/\\\/vivalr.com\\\/product\\\/7042.html#breadcrumb\",\"itemListElement\":[{\"@type\":\"ListItem\",\"position\":1,\"name\":\"Home\",\"item\":\"https:\\\/\\\/vivalr.com\\\/\"},{\"@type\":\"ListItem\",\"position\":2,\"name\":\"Shop\",\"item\":\"https:\\\/\\\/vivalr.com\\\/shop\\\/\"},{\"@type\":\"ListItem\",\"position\":3,\"name\":\"Factory Supply Magnesium Orotate CAS 34717-03-8 With Best Price\"}]},{\"@type\":\"WebSite\",\"@id\":\"https:\\\/\\\/vivalr.com\\\/#website\",\"url\":\"https:\\\/\\\/vivalr.com\\\/\",\"name\":\"Welcome to VIVALR- Your Trusted Source for Chemical Raw Materials\uff01\",\"description\":\"Discover a wide range of high-quality chemical raw materials to meet your industrial needs. Our commitment to excellence ensures that you get the best products and services.\",\"potentialAction\":[{\"@type\":\"SearchAction\",\"target\":{\"@type\":\"EntryPoint\",\"urlTemplate\":\"https:\\\/\\\/vivalr.com\\\/?s={search_term_string}\"},\"query-input\":{\"@type\":\"PropertyValueSpecification\",\"valueRequired\":true,\"valueName\":\"search_term_string\"}}],\"inLanguage\":\"pt-PT\"}]}<\/script>\n<!-- \/ Yoast SEO Premium plugin. -->","yoast_head_json":{"title":"Factory Supply Magnesium Orotate CAS 34717-03-8 With Best Price - Welcome to VIVALR- Your Trusted Source for Chemical Raw Materials\uff01","robots":{"index":"index","follow":"follow","max-snippet":"max-snippet:-1","max-image-preview":"max-image-preview:large","max-video-preview":"max-video-preview:-1"},"canonical":"https:\/\/vivalr.com\/pt\/product\/7042.html","og_locale":"pt_PT","og_type":"article","og_title":"Factory Supply Magnesium Orotate CAS 34717-03-8 With Best Price","og_description":"Factory Supply Magnesium Orotate CAS 34717-03-8 With Best Price - User Guide Table of Contents Basic Information and Parameters Product Uses Product Usage Product Use Case Studies Contact Information Basic Information and Parameters Magnesium Orotate, with the CAS number 34717-03-8, is a vital magnesium compound. Magnesium is an essential mineral for many biological processes in [&hellip;]","og_url":"https:\/\/vivalr.com\/pt\/product\/7042.html","og_site_name":"Welcome to VIVALR- Your Trusted Source for Chemical Raw Materials\uff01","article_modified_time":"2025-03-07T12:34:32+00:00","og_image":[{"width":600,"height":654,"url":"https:\/\/vivalr.com\/wp-content\/uploads\/2025\/03\/magnesium-orotate-cas-34717-03-8.jpg","type":"image\/jpeg"}],"twitter_card":"summary_large_image","twitter_misc":{"Tempo estimado de leitura":"3 minutos"},"schema":{"@context":"https:\/\/schema.org","@graph":[{"@type":"WebPage","@id":"https:\/\/vivalr.com\/product\/7042.html","url":"https:\/\/vivalr.com\/product\/7042.html","name":"Factory Supply Magnesium Orotate CAS 34717-03-8 With Best Price - Welcome to VIVALR- Your Trusted Source for Chemical Raw Materials\uff01","isPartOf":{"@id":"https:\/\/vivalr.com\/#website"},"primaryImageOfPage":{"@id":"https:\/\/vivalr.com\/product\/7042.html#primaryimage"},"image":{"@id":"https:\/\/vivalr.com\/product\/7042.html#primaryimage"},"thumbnailUrl":"https:\/\/vivalr.com\/wp-content\/uploads\/2025\/03\/magnesium-orotate-cas-34717-03-8.jpg","datePublished":"2025-03-07T12:12:38+00:00","dateModified":"2025-03-07T12:34:32+00:00","breadcrumb":{"@id":"https:\/\/vivalr.com\/product\/7042.html#breadcrumb"},"inLanguage":"pt-PT","potentialAction":[{"@type":"ReadAction","target":["https:\/\/vivalr.com\/product\/7042.html"]}]},{"@type":"ImageObject","inLanguage":"pt-PT","@id":"https:\/\/vivalr.com\/product\/7042.html#primaryimage","url":"https:\/\/vivalr.com\/wp-content\/uploads\/2025\/03\/magnesium-orotate-cas-34717-03-8.jpg","contentUrl":"https:\/\/vivalr.com\/wp-content\/uploads\/2025\/03\/magnesium-orotate-cas-34717-03-8.jpg","width":600,"height":654},{"@type":"BreadcrumbList","@id":"https:\/\/vivalr.com\/product\/7042.html#breadcrumb","itemListElement":[{"@type":"ListItem","position":1,"name":"Home","item":"https:\/\/vivalr.com\/"},{"@type":"ListItem","position":2,"name":"Shop","item":"https:\/\/vivalr.com\/shop\/"},{"@type":"ListItem","position":3,"name":"Factory Supply Magnesium Orotate CAS 34717-03-8 With Best Price"}]},{"@type":"WebSite","@id":"https:\/\/vivalr.com\/#website","url":"https:\/\/vivalr.com\/","name":"Bem-vindo ao VIVALR- Sua fonte confi\u00e1vel de mat\u00e9rias-primas qu\u00edmicas\uff01","description":"Descubra uma vasta gama de mat\u00e9rias-primas qu\u00edmicas de alta qualidade para satisfazer as suas necessidades industriais. O nosso compromisso com a excel\u00eancia garante-lhe os melhores produtos e servi\u00e7os.","potentialAction":[{"@type":"SearchAction","target":{"@type":"EntryPoint","urlTemplate":"https:\/\/vivalr.com\/?s={search_term_string}"},"query-input":{"@type":"PropertyValueSpecification","valueRequired":true,"valueName":"search_term_string"}}],"inLanguage":"pt-PT"}]}},"_links":{"self":[{"href":"https:\/\/vivalr.com\/pt\/wp-json\/wp\/v2\/product\/7042","targetHints":{"allow":["GET"]}}],"collection":[{"href":"https:\/\/vivalr.com\/pt\/wp-json\/wp\/v2\/product"}],"about":[{"href":"https:\/\/vivalr.com\/pt\/wp-json\/wp\/v2\/types\/product"}],"replies":[{"embeddable":true,"href":"https:\/\/vivalr.com\/pt\/wp-json\/wp\/v2\/comments?post=7042"}],"wp:featuredmedia":[{"embeddable":true,"href":"https:\/\/vivalr.com\/pt\/wp-json\/wp\/v2\/media\/24586"}],"wp:attachment":[{"href":"https:\/\/vivalr.com\/pt\/wp-json\/wp\/v2\/media?parent=7042"}],"wp:term":[{"taxonomy":"product_brand","embeddable":true,"href":"https:\/\/vivalr.com\/pt\/wp-json\/wp\/v2\/product_brand?post=7042"},{"taxonomy":"product_cat","embeddable":true,"href":"https:\/\/vivalr.com\/pt\/wp-json\/wp\/v2\/product_cat?post=7042"},{"taxonomy":"product_tag","embeddable":true,"href":"https:\/\/vivalr.com\/pt\/wp-json\/wp\/v2\/product_tag?post=7042"}],"curies":[{"name":"wp","href":"https:\/\/api.w.org\/{rel}","templated":true}]}}