{"id":7410,"date":"2025-03-07T12:13:03","date_gmt":"2025-03-07T12:13:03","guid":{"rendered":"https:\/\/vivalr.com\/product\/7410.html"},"modified":"2025-03-07T12:35:14","modified_gmt":"2025-03-07T12:35:14","slug":"factory-supply-hematoporphyrin-hydrochloride-cas-17471-45-3-with-best-price","status":"publish","type":"product","link":"https:\/\/vivalr.com\/pt\/product\/7410.html","title":{"rendered":"Fornecimento de f\u00e1brica de cloridrato de hematoporfirina cas 17471-45-3 com melhor pre\u00e7o"},"content":{"rendered":"<h1>Fornecimento de f\u00e1brica cloridrato de hematoporfirina cas 17471-45-3 com melhor pre\u00e7o - Guia do usu\u00e1rio<\/h1>\n<h2>\u00cdndice<\/h2>\n<ul>\n<li><a href=\"#basic-info\">Informa\u00e7\u00f5es e par\u00e2metros b\u00e1sicos<\/a><\/li>\n<li><a href=\"#uses\">Utiliza\u00e7\u00f5es do produto<\/a><\/li>\n<li><a href=\"#usage\">Utiliza\u00e7\u00e3o do produto<\/a><\/li>\n<li><a href=\"#usage-cases\">Casos de utiliza\u00e7\u00e3o de produtos<\/a><\/li>\n<li><a href=\"#contact\">Informa\u00e7\u00f5es de contacto<\/a><\/li>\n<\/ul>\n<h2 id=\"basic-info\">Informa\u00e7\u00f5es e par\u00e2metros b\u00e1sicos<\/h2>\n<p>O produto \u00e9 o cloridrato de hematoporfirina com o n\u00famero CAS 17471 - 45 - 3. \u00c9 fornecido diretamente da f\u00e1brica, o que garante solu\u00e7\u00f5es de alta qualidade e rent\u00e1veis para os clientes. O cloridrato de hematoporfirina \u00e9 um composto qu\u00edmico bem conhecido no campo. A f\u00f3rmula qu\u00edmica do cloridrato de hematoporfirina \u00e9 C\u2083\u2084H\u2083\u2088N\u2084O\u2086-HCl. Ele aparece como um p\u00f3 s\u00f3lido vermelho escuro ou roxo em condi\u00e7\u00f5es normais. A pureza do nosso produto pode atingir um alto n\u00edvel, geralmente at\u00e9 98% ou acima, que atende aos requisitos de v\u00e1rias pesquisas cient\u00edficas e aplica\u00e7\u00f5es industriais. Tem uma certa solubilidade em alguns solventes org\u00e2nicos, como o dimetilsulf\u00f3xido (DMSO) e o etanol, mas a solubilidade pode variar consoante as diferentes condi\u00e7\u00f5es, como a temperatura e a press\u00e3o.<\/p>\n<h2 id=\"uses\">Utiliza\u00e7\u00f5es do produto<\/h2>\n<p>O cloridrato de hematoporfirina tem uma vasta gama de utiliza\u00e7\u00f5es. No dom\u00ednio m\u00e9dico, \u00e9 amplamente utilizado na terapia fotodin\u00e2mica (PDT). A terapia fotodin\u00e2mica \u00e9 um m\u00e9todo de tratamento que utiliza a intera\u00e7\u00e3o entre fotossensibilizadores (como o cloridrato de hematoporfirina) e a luz para gerar esp\u00e9cies reactivas de oxig\u00e9nio, que podem destruir seletivamente c\u00e9lulas tumorais ou tecidos anormais. Tem sido aplicada no tratamento de v\u00e1rios tipos de cancro, incluindo o cancro da pele, o cancro do pulm\u00e3o e o cancro da bexiga. Al\u00e9m disso, pode tamb\u00e9m ser utilizada na investiga\u00e7\u00e3o m\u00e9dica para o estudo do metabolismo celular e do mecanismo de algumas doen\u00e7as. No dom\u00ednio biol\u00f3gico, o cloridrato de hematoporfirina pode ser utilizado como sonda fluorescente para marcar e seguir c\u00e9lulas ou biomol\u00e9culas espec\u00edficas devido \u00e0s suas propriedades fluorescentes. Isto ajuda os investigadores a compreender melhor a estrutura e a fun\u00e7\u00e3o das c\u00e9lulas e das macromol\u00e9culas biol\u00f3gicas.<\/p>\n<h2 id=\"usage\">Utiliza\u00e7\u00e3o do produto<\/h2>\n<p>Ao utilizar o cloridrato de hematoporfirina, devem ser seguidos procedimentos de seguran\u00e7a rigorosos. Em primeiro lugar, certifique-se de que se encontra num ambiente bem ventilado. Ao manusear o p\u00f3, usar equipamento de prote\u00e7\u00e3o pessoal adequado, como luvas, \u00f3culos de prote\u00e7\u00e3o e uma bata de laborat\u00f3rio. Para uso m\u00e9dico, o produto deve ser formulado numa solu\u00e7\u00e3o adequada, de acordo com os requisitos espec\u00edficos da terapia fotodin\u00e2mica. Normalmente, \u00e9 dissolvido numa solu\u00e7\u00e3o salina fisiol\u00f3gica ou noutros solventes adequados a uma determinada concentra\u00e7\u00e3o. A solu\u00e7\u00e3o \u00e9 ent\u00e3o injectada no corpo do doente por inje\u00e7\u00e3o intravenosa ou por outras vias adequadas. Ap\u00f3s um determinado per\u00edodo de tempo, a \u00e1rea afetada \u00e9 irradiada com um comprimento de onda espec\u00edfico de luz para ativar a rea\u00e7\u00e3o fotodin\u00e2mica. Na investiga\u00e7\u00e3o biol\u00f3gica, o produto \u00e9 normalmente dissolvido em solventes org\u00e2nicos e depois adicionado ao meio de cultura celular ou utilizado para experi\u00eancias de marca\u00e7\u00e3o in vitro.<\/p>\n<h2 id=\"usage-cases\">Casos de utiliza\u00e7\u00e3o de produtos<\/h2>\n<p>1. Caso de tratamento m\u00e9dico: Um doente com cancro da pele em fase inicial foi tratado com terapia fotodin\u00e2mica utilizando cloridrato de hematoporfirina. Primeiro, foi preparada uma solu\u00e7\u00e3o de cloridrato de hematoporfirina com uma concentra\u00e7\u00e3o de 1mg\/mL. A solu\u00e7\u00e3o foi injectada no doente por via intravenosa. Ap\u00f3s 4 horas, a zona da les\u00e3o cut\u00e2nea foi irradiada com luz vermelha com um comprimento de onda de 630nm durante 30 minutos. Ap\u00f3s uma s\u00e9rie de tratamentos, as c\u00e9lulas tumorais na \u00e1rea afetada foram significativamente danificadas e o estado do doente melhorou. As c\u00e9lulas cancerosas diminu\u00edram gradualmente e o tecido normal da pele \u00e0 volta da les\u00e3o come\u00e7ou a reparar-se.<br \/>\n  2. Caso de investiga\u00e7\u00e3o biol\u00f3gica: Num projeto de investiga\u00e7\u00e3o sobre o metabolismo celular, o cloridrato de hematoporfirina foi utilizado como sonda fluorescente. O composto foi dissolvido em DMSO para preparar uma solu\u00e7\u00e3o de reserva. Em seguida, foi dilu\u00eddo com o meio de cultura celular para uma concentra\u00e7\u00e3o final de 10\u03bcM. A solu\u00e7\u00e3o foi adicionada \u00e0 placa de cultura de c\u00e9lulas e, ap\u00f3s 2 horas de incuba\u00e7\u00e3o, as c\u00e9lulas foram observadas num microsc\u00f3pio de fluoresc\u00eancia. Os resultados mostraram que o cloridrato de hematoporfirina podia marcar especificamente determinados organelos nas c\u00e9lulas, o que ajudou os investigadores a compreender o processo metab\u00f3lico desses organelos.<\/p>\n<h2 id=\"contact\">Informa\u00e7\u00f5es de contacto<\/h2>\n<p>Se tiver alguma d\u00favida ou precisar de mais informa\u00e7\u00f5es sobre o produto, pode contactar-nos atrav\u00e9s dos seguintes meios:<br \/>\n  Correio eletr\u00f3nico: info@vivalr.com<br \/>\n  Telefone: (86) 15866781826<\/p>","protected":false},"excerpt":{"rendered":"<p>Factory Supply hematoporphyrin hydrochloride cas 17471-45-3 With Best Price - User Guide Table of Contents Basic Information and Parameters Product Uses Product Usage Product Usage Cases Contact Information Basic Information and Parameters The product is hematoporphyrin hydrochloride with the CAS number 17471 - 45 - 3. It is supplied directly from the factory, which ensures [&hellip;]<\/p>","protected":false},"featured_media":24767,"comment_status":"closed","ping_status":"open","template":"","meta":[],"product_brand":[],"product_cat":[15],"product_tag":[],"class_list":{"0":"post-7410","1":"product","2":"type-product","3":"status-publish","4":"has-post-thumbnail","6":"product_cat-uncategorized","8":"first","9":"instock","10":"product-type-simple"},"yoast_head":"<!-- This site is optimized with the Yoast SEO Premium plugin v24.4 (Yoast SEO v25.0) - https:\/\/yoast.com\/wordpress\/plugins\/seo\/ -->\n<title>Factory Supply hematoporphyrin hydrochloride cas 17471-45-3 With Best Price - Welcome to VIVALR- Your Trusted Source for Chemical Raw Materials\uff01<\/title>\n<meta name=\"robots\" content=\"index, follow, max-snippet:-1, max-image-preview:large, max-video-preview:-1\" \/>\n<link rel=\"canonical\" href=\"https:\/\/vivalr.com\/pt\/product\/7410.html\" \/>\n<meta property=\"og:locale\" content=\"pt_PT\" \/>\n<meta property=\"og:type\" content=\"article\" \/>\n<meta property=\"og:title\" content=\"Factory Supply hematoporphyrin hydrochloride cas 17471-45-3 With Best Price\" \/>\n<meta property=\"og:description\" content=\"Factory Supply hematoporphyrin hydrochloride cas 17471-45-3 With Best Price - User Guide Table of Contents Basic Information and Parameters Product Uses Product Usage Product Usage Cases Contact Information Basic Information and Parameters The product is hematoporphyrin hydrochloride with the CAS number 17471 - 45 - 3. It is supplied directly from the factory, which ensures [&hellip;]\" \/>\n<meta property=\"og:url\" content=\"https:\/\/vivalr.com\/pt\/product\/7410.html\" \/>\n<meta property=\"og:site_name\" content=\"Welcome to VIVALR- Your Trusted Source for Chemical Raw Materials\uff01\" \/>\n<meta property=\"article:modified_time\" content=\"2025-03-07T12:35:14+00:00\" \/>\n<meta property=\"og:image\" content=\"https:\/\/vivalr.com\/wp-content\/uploads\/2025\/03\/hematoporphyrin-hydrochloride-cas-17471-45-3.jpg\" \/>\n\t<meta property=\"og:image:width\" content=\"600\" \/>\n\t<meta property=\"og:image:height\" content=\"654\" \/>\n\t<meta property=\"og:image:type\" content=\"image\/jpeg\" \/>\n<meta name=\"twitter:card\" content=\"summary_large_image\" \/>\n<meta name=\"twitter:label1\" content=\"Tempo estimado de leitura\" \/>\n\t<meta name=\"twitter:data1\" content=\"3 minutos\" \/>\n<script type=\"application\/ld+json\" class=\"yoast-schema-graph\">{\"@context\":\"https:\/\/schema.org\",\"@graph\":[{\"@type\":\"WebPage\",\"@id\":\"https:\/\/vivalr.com\/product\/7410.html\",\"url\":\"https:\/\/vivalr.com\/product\/7410.html\",\"name\":\"Factory Supply hematoporphyrin hydrochloride cas 17471-45-3 With Best Price - Welcome to VIVALR- Your Trusted Source for Chemical Raw Materials\uff01\",\"isPartOf\":{\"@id\":\"https:\/\/vivalr.com\/#website\"},\"primaryImageOfPage\":{\"@id\":\"https:\/\/vivalr.com\/product\/7410.html#primaryimage\"},\"image\":{\"@id\":\"https:\/\/vivalr.com\/product\/7410.html#primaryimage\"},\"thumbnailUrl\":\"https:\/\/vivalr.com\/wp-content\/uploads\/2025\/03\/hematoporphyrin-hydrochloride-cas-17471-45-3.jpg\",\"datePublished\":\"2025-03-07T12:13:03+00:00\",\"dateModified\":\"2025-03-07T12:35:14+00:00\",\"breadcrumb\":{\"@id\":\"https:\/\/vivalr.com\/product\/7410.html#breadcrumb\"},\"inLanguage\":\"pt-PT\",\"potentialAction\":[{\"@type\":\"ReadAction\",\"target\":[\"https:\/\/vivalr.com\/product\/7410.html\"]}]},{\"@type\":\"ImageObject\",\"inLanguage\":\"pt-PT\",\"@id\":\"https:\/\/vivalr.com\/product\/7410.html#primaryimage\",\"url\":\"https:\/\/vivalr.com\/wp-content\/uploads\/2025\/03\/hematoporphyrin-hydrochloride-cas-17471-45-3.jpg\",\"contentUrl\":\"https:\/\/vivalr.com\/wp-content\/uploads\/2025\/03\/hematoporphyrin-hydrochloride-cas-17471-45-3.jpg\",\"width\":600,\"height\":654},{\"@type\":\"BreadcrumbList\",\"@id\":\"https:\/\/vivalr.com\/product\/7410.html#breadcrumb\",\"itemListElement\":[{\"@type\":\"ListItem\",\"position\":1,\"name\":\"Home\",\"item\":\"https:\/\/vivalr.com\/\"},{\"@type\":\"ListItem\",\"position\":2,\"name\":\"Shop\",\"item\":\"https:\/\/vivalr.com\/shop\/\"},{\"@type\":\"ListItem\",\"position\":3,\"name\":\"Factory Supply hematoporphyrin hydrochloride cas 17471-45-3 With Best Price\"}]},{\"@type\":\"WebSite\",\"@id\":\"https:\/\/vivalr.com\/#website\",\"url\":\"https:\/\/vivalr.com\/\",\"name\":\"Welcome to VIVALR- Your Trusted Source for Chemical Raw Materials\uff01\",\"description\":\"Discover a wide range of high-quality chemical raw materials to meet your industrial needs. Our commitment to excellence ensures that you get the best products and services.\",\"potentialAction\":[{\"@type\":\"SearchAction\",\"target\":{\"@type\":\"EntryPoint\",\"urlTemplate\":\"https:\/\/vivalr.com\/?s={search_term_string}\"},\"query-input\":{\"@type\":\"PropertyValueSpecification\",\"valueRequired\":true,\"valueName\":\"search_term_string\"}}],\"inLanguage\":\"pt-PT\"}]}<\/script>\n<!-- \/ Yoast SEO Premium plugin. -->","yoast_head_json":{"title":"Fornecimento de f\u00e1brica cloridrato de hematoporfirina cas 17471-45-3 com melhor pre\u00e7o - Bem-vindo ao VIVALR- Sua fonte confi\u00e1vel de mat\u00e9rias-primas qu\u00edmicas\uff01","robots":{"index":"index","follow":"follow","max-snippet":"max-snippet:-1","max-image-preview":"max-image-preview:large","max-video-preview":"max-video-preview:-1"},"canonical":"https:\/\/vivalr.com\/pt\/product\/7410.html","og_locale":"pt_PT","og_type":"article","og_title":"Factory Supply hematoporphyrin hydrochloride cas 17471-45-3 With Best Price","og_description":"Factory Supply hematoporphyrin hydrochloride cas 17471-45-3 With Best Price - User Guide Table of Contents Basic Information and Parameters Product Uses Product Usage Product Usage Cases Contact Information Basic Information and Parameters The product is hematoporphyrin hydrochloride with the CAS number 17471 - 45 - 3. It is supplied directly from the factory, which ensures [&hellip;]","og_url":"https:\/\/vivalr.com\/pt\/product\/7410.html","og_site_name":"Welcome to VIVALR- Your Trusted Source for Chemical Raw Materials\uff01","article_modified_time":"2025-03-07T12:35:14+00:00","og_image":[{"width":600,"height":654,"url":"https:\/\/vivalr.com\/wp-content\/uploads\/2025\/03\/hematoporphyrin-hydrochloride-cas-17471-45-3.jpg","type":"image\/jpeg"}],"twitter_card":"summary_large_image","twitter_misc":{"Tempo estimado de leitura":"3 minutos"},"schema":{"@context":"https:\/\/schema.org","@graph":[{"@type":"WebPage","@id":"https:\/\/vivalr.com\/product\/7410.html","url":"https:\/\/vivalr.com\/product\/7410.html","name":"Fornecimento de f\u00e1brica cloridrato de hematoporfirina cas 17471-45-3 com melhor pre\u00e7o - Bem-vindo ao VIVALR- Sua fonte confi\u00e1vel de mat\u00e9rias-primas qu\u00edmicas\uff01","isPartOf":{"@id":"https:\/\/vivalr.com\/#website"},"primaryImageOfPage":{"@id":"https:\/\/vivalr.com\/product\/7410.html#primaryimage"},"image":{"@id":"https:\/\/vivalr.com\/product\/7410.html#primaryimage"},"thumbnailUrl":"https:\/\/vivalr.com\/wp-content\/uploads\/2025\/03\/hematoporphyrin-hydrochloride-cas-17471-45-3.jpg","datePublished":"2025-03-07T12:13:03+00:00","dateModified":"2025-03-07T12:35:14+00:00","breadcrumb":{"@id":"https:\/\/vivalr.com\/product\/7410.html#breadcrumb"},"inLanguage":"pt-PT","potentialAction":[{"@type":"ReadAction","target":["https:\/\/vivalr.com\/product\/7410.html"]}]},{"@type":"ImageObject","inLanguage":"pt-PT","@id":"https:\/\/vivalr.com\/product\/7410.html#primaryimage","url":"https:\/\/vivalr.com\/wp-content\/uploads\/2025\/03\/hematoporphyrin-hydrochloride-cas-17471-45-3.jpg","contentUrl":"https:\/\/vivalr.com\/wp-content\/uploads\/2025\/03\/hematoporphyrin-hydrochloride-cas-17471-45-3.jpg","width":600,"height":654},{"@type":"BreadcrumbList","@id":"https:\/\/vivalr.com\/product\/7410.html#breadcrumb","itemListElement":[{"@type":"ListItem","position":1,"name":"Home","item":"https:\/\/vivalr.com\/"},{"@type":"ListItem","position":2,"name":"Shop","item":"https:\/\/vivalr.com\/shop\/"},{"@type":"ListItem","position":3,"name":"Factory Supply hematoporphyrin hydrochloride cas 17471-45-3 With Best Price"}]},{"@type":"WebSite","@id":"https:\/\/vivalr.com\/#website","url":"https:\/\/vivalr.com\/","name":"Bem-vindo ao VIVALR- Sua fonte confi\u00e1vel de mat\u00e9rias-primas qu\u00edmicas\uff01","description":"Descubra uma vasta gama de mat\u00e9rias-primas qu\u00edmicas de alta qualidade para satisfazer as suas necessidades industriais. O nosso compromisso com a excel\u00eancia garante-lhe os melhores produtos e servi\u00e7os.","potentialAction":[{"@type":"SearchAction","target":{"@type":"EntryPoint","urlTemplate":"https:\/\/vivalr.com\/?s={search_term_string}"},"query-input":{"@type":"PropertyValueSpecification","valueRequired":true,"valueName":"search_term_string"}}],"inLanguage":"pt-PT"}]}},"_links":{"self":[{"href":"https:\/\/vivalr.com\/pt\/wp-json\/wp\/v2\/product\/7410","targetHints":{"allow":["GET"]}}],"collection":[{"href":"https:\/\/vivalr.com\/pt\/wp-json\/wp\/v2\/product"}],"about":[{"href":"https:\/\/vivalr.com\/pt\/wp-json\/wp\/v2\/types\/product"}],"replies":[{"embeddable":true,"href":"https:\/\/vivalr.com\/pt\/wp-json\/wp\/v2\/comments?post=7410"}],"wp:featuredmedia":[{"embeddable":true,"href":"https:\/\/vivalr.com\/pt\/wp-json\/wp\/v2\/media\/24767"}],"wp:attachment":[{"href":"https:\/\/vivalr.com\/pt\/wp-json\/wp\/v2\/media?parent=7410"}],"wp:term":[{"taxonomy":"product_brand","embeddable":true,"href":"https:\/\/vivalr.com\/pt\/wp-json\/wp\/v2\/product_brand?post=7410"},{"taxonomy":"product_cat","embeddable":true,"href":"https:\/\/vivalr.com\/pt\/wp-json\/wp\/v2\/product_cat?post=7410"},{"taxonomy":"product_tag","embeddable":true,"href":"https:\/\/vivalr.com\/pt\/wp-json\/wp\/v2\/product_tag?post=7410"}],"curies":[{"name":"wp","href":"https:\/\/api.w.org\/{rel}","templated":true}]}}