{"id":7527,"date":"2025-03-07T12:13:09","date_gmt":"2025-03-07T12:13:09","guid":{"rendered":"https:\/\/vivalr.com\/product\/7527.html"},"modified":"2025-03-07T12:35:26","modified_gmt":"2025-03-07T12:35:26","slug":"factory-supply-3-cyanopyridine-cas-100-54-9-with-best-price","status":"publish","type":"product","link":"https:\/\/vivalr.com\/pt\/product\/7527.html","title":{"rendered":"Fornecimento de F\u00e1brica 3-Cianopiridina CAS 100-54-9 Com Melhor Pre\u00e7o"},"content":{"rendered":"<h1>Fornecimento de f\u00e1brica 3-cianopiridina CAS 100-54-9 com o melhor pre\u00e7o Guia do usu\u00e1rio<\/h1>\n<h2>\u00cdndice<\/h2>\n<ul>\n<li><a href=\"#basic_info\">Informa\u00e7\u00f5es e par\u00e2metros b\u00e1sicos<\/a><\/li>\n<li><a href=\"#uses\">Utiliza\u00e7\u00f5es do produto<\/a><\/li>\n<li><a href=\"#usage\">Utiliza\u00e7\u00e3o do produto<\/a><\/li>\n<li><a href=\"#case_studies\">Estudos de casos de utiliza\u00e7\u00e3o<\/a><\/li>\n<li><a href=\"#contact\">Informa\u00e7\u00f5es de contacto<\/a><\/li>\n<\/ul>\n<h2 id=\"basic_info\">Informa\u00e7\u00f5es e par\u00e2metros b\u00e1sicos<\/h2>\n<p>Fornecimento de F\u00e1brica 3-Cyanopyridine, com o n\u00famero CAS 100 - 54 - 9, \u00e9 um produto qu\u00edmico de alta qualidade. Sua f\u00f3rmula molecular \u00e9 C\u2086H\u2084N\u2082, e o peso molecular \u00e9 de aproximadamente 104,11 g\/mol. Este produto aparece tipicamente como um p\u00f3 cristalino branco a amarelo claro. Tem um ponto de fus\u00e3o que varia de 50 - 52 \u00b0 C e um ponto de ebuli\u00e7\u00e3o de cerca de 206 - 208 \u00b0 C. A densidade da 3 - cianopiridina \u00e9 de cerca de 1,11 g\/cm\u00b3. \u00c9 sol\u00favel em solventes org\u00e2nicos como o etanol, a acetona e o clorof\u00f3rmio, embora tenha uma solubilidade limitada em \u00e1gua.<\/p>\n<h2 id=\"uses\">Utiliza\u00e7\u00f5es do produto<\/h2>\n<p>3 - A cianopiridina tem uma vasta gama de aplica\u00e7\u00f5es em v\u00e1rias ind\u00fastrias. No dom\u00ednio farmac\u00eautico, serve como um intermedi\u00e1rio crucial para a s\u00edntese de muitos medicamentos. Por exemplo, pode ser utilizada na produ\u00e7\u00e3o de medicamentos anti-inflamat\u00f3rios e analg\u00e9sicos. Tamb\u00e9m est\u00e1 envolvido na s\u00edntese de algumas vitaminas, como a vitamina B\u2083 (niacina). No sector agr\u00edcola, \u00e9 utilizado na s\u00edntese de certos pesticidas. Estes pesticidas s\u00e3o eficazes no controlo de uma variedade de pragas, protegendo assim as culturas e aumentando os rendimentos agr\u00edcolas. Al\u00e9m disso, na ind\u00fastria qu\u00edmica, a 3 - Cianopiridina \u00e9 usada como mat\u00e9ria-prima para a s\u00edntese de corantes, pl\u00e1sticos e outros produtos qu\u00edmicos finos.<\/p>\n<h2 id=\"usage\">Utiliza\u00e7\u00e3o do produto<\/h2>\n<p>Ao utilizar a 3 - Cianopiridina, devem ser tomadas as devidas precau\u00e7\u00f5es de seguran\u00e7a. Os utilizadores devem usar equipamento de prote\u00e7\u00e3o individual adequado, incluindo \u00f3culos de seguran\u00e7a, luvas e uma bata de laborat\u00f3rio. Num laborat\u00f3rio ou num ambiente industrial, o produto deve ser manuseado numa \u00e1rea bem ventilada. Ao pesar ou transferir o produto, utilizar utens\u00edlios limpos e secos para evitar a contamina\u00e7\u00e3o. Nos processos de rea\u00e7\u00e3o, seguir rigorosamente os procedimentos estabelecidos. A quantidade de 3 - Cianopiridina utilizada deve ser medida com precis\u00e3o de acordo com os requisitos da rea\u00e7\u00e3o. Ap\u00f3s a utiliza\u00e7\u00e3o, armazenar o produto num local fresco e seco, afastado da luz solar direta e de fontes de calor. Manter o produto hermeticamente fechado para evitar a entrada de humidade e ar.<\/p>\n<h2 id=\"case_studies\">Estudos de casos de utiliza\u00e7\u00e3o<\/h2>\n<p>Caso 1: S\u00edntese farmac\u00eautica<br \/>\nNuma empresa farmac\u00eautica, a 3 - cianopiridina foi utilizada como intermedi\u00e1rio para a s\u00edntese de um novo medicamento anti-inflamat\u00f3rio. Os qu\u00edmicos come\u00e7aram por dissolver a 3 - cianopiridina num solvente org\u00e2nico apropriado, em condi\u00e7\u00f5es de temperatura controlada. Depois, atrav\u00e9s de uma s\u00e9rie de reac\u00e7\u00f5es qu\u00edmicas, incluindo reac\u00e7\u00f5es de substitui\u00e7\u00e3o e de oxida\u00e7\u00e3o, obteve-se o composto final do medicamento. A utiliza\u00e7\u00e3o de 3 - Cianopiridina de alta qualidade assegurou a elevada pureza e o rendimento do produto final, que passou nos rigorosos testes de controlo de qualidade e entrou na fase de ensaio cl\u00ednico.<\/p>\n<p>Caso 2: Produ\u00e7\u00e3o de Pesticidas Agr\u00edcolas<br \/>\nUma empresa de produtos qu\u00edmicos agr\u00edcolas utilizou a 3 - cianopiridina para sintetizar um novo pesticida. Ao reagir a 3 - cianopiridina com outros reagentes qu\u00edmicos espec\u00edficos, foi desenvolvido um pesticida com excelentes propriedades para matar insectos. Os testes de campo mostraram que este pesticida podia controlar eficazmente pragas como pulg\u00f5es e lagartas nas culturas, reduzindo a taxa de danos das pragas em mais de 80%. Al\u00e9m disso, apresentava baixa toxicidade para organismos n\u00e3o visados, o que o tornava uma op\u00e7\u00e3o de pesticida amiga do ambiente.<\/p>\n<h2 id=\"contact\">Informa\u00e7\u00f5es de contacto<\/h2>\n<p>Se voc\u00ea tiver alguma d\u00favida sobre Fornecimento de f\u00e1brica 3 - Cianopiridina CAS 100 - 54 - 9, n\u00e3o hesite em contactar-nos. Nosso e-mail \u00e9 info@vivalr.com, e nosso n\u00famero de telefone \u00e9 (86) 15866781826. Estamos sempre prontos para lhe fornecer aconselhamento profissional e servi\u00e7o de alta qualidade.<\/p>","protected":false},"excerpt":{"rendered":"<p>Factory Supply 3-Cyanopyridine CAS 100-54-9 With Best Price User Guide Table of Contents Basic Information and Parameters Product Uses Product Usage Usage Case Studies Contact Information Basic Information and Parameters Factory Supply 3-Cyanopyridine, with the CAS number 100 - 54 - 9, is a high - quality chemical product. Its molecular formula is C\u2086H\u2084N\u2082, and [&hellip;]<\/p>","protected":false},"featured_media":24825,"comment_status":"closed","ping_status":"open","template":"","meta":[],"product_brand":[],"product_cat":[15],"product_tag":[],"class_list":{"0":"post-7527","1":"product","2":"type-product","3":"status-publish","4":"has-post-thumbnail","6":"product_cat-uncategorized","8":"first","9":"instock","10":"product-type-simple"},"yoast_head":"<!-- This site is optimized with the Yoast SEO Premium plugin v24.4 (Yoast SEO v27.4) - https:\/\/yoast.com\/product\/yoast-seo-premium-wordpress\/ -->\n<title>Factory Supply 3-Cyanopyridine CAS 100-54-9 With Best Price - Welcome to VIVALR- Your Trusted Source for Chemical Raw Materials\uff01<\/title>\n<meta name=\"robots\" content=\"index, follow, max-snippet:-1, max-image-preview:large, max-video-preview:-1\" \/>\n<link rel=\"canonical\" href=\"https:\/\/vivalr.com\/pt\/product\/7527.html\" \/>\n<meta property=\"og:locale\" content=\"pt_PT\" \/>\n<meta property=\"og:type\" content=\"article\" \/>\n<meta property=\"og:title\" content=\"Factory Supply 3-Cyanopyridine CAS 100-54-9 With Best Price\" \/>\n<meta property=\"og:description\" content=\"Factory Supply 3-Cyanopyridine CAS 100-54-9 With Best Price User Guide Table of Contents Basic Information and Parameters Product Uses Product Usage Usage Case Studies Contact Information Basic Information and Parameters Factory Supply 3-Cyanopyridine, with the CAS number 100 - 54 - 9, is a high - quality chemical product. Its molecular formula is C\u2086H\u2084N\u2082, and [&hellip;]\" \/>\n<meta property=\"og:url\" content=\"https:\/\/vivalr.com\/pt\/product\/7527.html\" \/>\n<meta property=\"og:site_name\" content=\"Welcome to VIVALR- Your Trusted Source for Chemical Raw Materials\uff01\" \/>\n<meta property=\"article:modified_time\" content=\"2025-03-07T12:35:26+00:00\" \/>\n<meta property=\"og:image\" content=\"https:\/\/vivalr.com\/wp-content\/uploads\/2025\/03\/3-cyanopyridine-cas-100-54-9.jpg\" \/>\n\t<meta property=\"og:image:width\" content=\"400\" \/>\n\t<meta property=\"og:image:height\" content=\"400\" \/>\n\t<meta property=\"og:image:type\" content=\"image\/jpeg\" \/>\n<meta name=\"twitter:card\" content=\"summary_large_image\" \/>\n<meta name=\"twitter:label1\" content=\"Tempo estimado de leitura\" \/>\n\t<meta name=\"twitter:data1\" content=\"3 minutos\" \/>\n<script type=\"application\/ld+json\" class=\"yoast-schema-graph\">{\"@context\":\"https:\\\/\\\/schema.org\",\"@graph\":[{\"@type\":\"WebPage\",\"@id\":\"https:\\\/\\\/vivalr.com\\\/product\\\/7527.html\",\"url\":\"https:\\\/\\\/vivalr.com\\\/product\\\/7527.html\",\"name\":\"Factory Supply 3-Cyanopyridine CAS 100-54-9 With Best Price - Welcome to VIVALR- Your Trusted Source for Chemical Raw Materials\uff01\",\"isPartOf\":{\"@id\":\"https:\\\/\\\/vivalr.com\\\/#website\"},\"primaryImageOfPage\":{\"@id\":\"https:\\\/\\\/vivalr.com\\\/product\\\/7527.html#primaryimage\"},\"image\":{\"@id\":\"https:\\\/\\\/vivalr.com\\\/product\\\/7527.html#primaryimage\"},\"thumbnailUrl\":\"https:\\\/\\\/vivalr.com\\\/wp-content\\\/uploads\\\/2025\\\/03\\\/3-cyanopyridine-cas-100-54-9.jpg\",\"datePublished\":\"2025-03-07T12:13:09+00:00\",\"dateModified\":\"2025-03-07T12:35:26+00:00\",\"breadcrumb\":{\"@id\":\"https:\\\/\\\/vivalr.com\\\/product\\\/7527.html#breadcrumb\"},\"inLanguage\":\"pt-PT\",\"potentialAction\":[{\"@type\":\"ReadAction\",\"target\":[\"https:\\\/\\\/vivalr.com\\\/product\\\/7527.html\"]}]},{\"@type\":\"ImageObject\",\"inLanguage\":\"pt-PT\",\"@id\":\"https:\\\/\\\/vivalr.com\\\/product\\\/7527.html#primaryimage\",\"url\":\"https:\\\/\\\/vivalr.com\\\/wp-content\\\/uploads\\\/2025\\\/03\\\/3-cyanopyridine-cas-100-54-9.jpg\",\"contentUrl\":\"https:\\\/\\\/vivalr.com\\\/wp-content\\\/uploads\\\/2025\\\/03\\\/3-cyanopyridine-cas-100-54-9.jpg\",\"width\":400,\"height\":400},{\"@type\":\"BreadcrumbList\",\"@id\":\"https:\\\/\\\/vivalr.com\\\/product\\\/7527.html#breadcrumb\",\"itemListElement\":[{\"@type\":\"ListItem\",\"position\":1,\"name\":\"Home\",\"item\":\"https:\\\/\\\/vivalr.com\\\/\"},{\"@type\":\"ListItem\",\"position\":2,\"name\":\"Shop\",\"item\":\"https:\\\/\\\/vivalr.com\\\/shop\\\/\"},{\"@type\":\"ListItem\",\"position\":3,\"name\":\"Factory Supply 3-Cyanopyridine CAS 100-54-9 With Best Price\"}]},{\"@type\":\"WebSite\",\"@id\":\"https:\\\/\\\/vivalr.com\\\/#website\",\"url\":\"https:\\\/\\\/vivalr.com\\\/\",\"name\":\"Welcome to VIVALR- Your Trusted Source for Chemical Raw Materials\uff01\",\"description\":\"Discover a wide range of high-quality chemical raw materials to meet your industrial needs. Our commitment to excellence ensures that you get the best products and services.\",\"potentialAction\":[{\"@type\":\"SearchAction\",\"target\":{\"@type\":\"EntryPoint\",\"urlTemplate\":\"https:\\\/\\\/vivalr.com\\\/?s={search_term_string}\"},\"query-input\":{\"@type\":\"PropertyValueSpecification\",\"valueRequired\":true,\"valueName\":\"search_term_string\"}}],\"inLanguage\":\"pt-PT\"}]}<\/script>\n<!-- \/ Yoast SEO Premium plugin. -->","yoast_head_json":{"title":"Fornecimento de f\u00e1brica 3-Cianopiridina CAS 100-54-9 com melhor pre\u00e7o - Bem-vindo ao VIVALR- Sua fonte confi\u00e1vel de mat\u00e9rias-primas qu\u00edmicas\uff01","robots":{"index":"index","follow":"follow","max-snippet":"max-snippet:-1","max-image-preview":"max-image-preview:large","max-video-preview":"max-video-preview:-1"},"canonical":"https:\/\/vivalr.com\/pt\/product\/7527.html","og_locale":"pt_PT","og_type":"article","og_title":"Factory Supply 3-Cyanopyridine CAS 100-54-9 With Best Price","og_description":"Factory Supply 3-Cyanopyridine CAS 100-54-9 With Best Price User Guide Table of Contents Basic Information and Parameters Product Uses Product Usage Usage Case Studies Contact Information Basic Information and Parameters Factory Supply 3-Cyanopyridine, with the CAS number 100 - 54 - 9, is a high - quality chemical product. Its molecular formula is C\u2086H\u2084N\u2082, and [&hellip;]","og_url":"https:\/\/vivalr.com\/pt\/product\/7527.html","og_site_name":"Welcome to VIVALR- Your Trusted Source for Chemical Raw Materials\uff01","article_modified_time":"2025-03-07T12:35:26+00:00","og_image":[{"width":400,"height":400,"url":"https:\/\/vivalr.com\/wp-content\/uploads\/2025\/03\/3-cyanopyridine-cas-100-54-9.jpg","type":"image\/jpeg"}],"twitter_card":"summary_large_image","twitter_misc":{"Tempo estimado de leitura":"3 minutos"},"schema":{"@context":"https:\/\/schema.org","@graph":[{"@type":"WebPage","@id":"https:\/\/vivalr.com\/product\/7527.html","url":"https:\/\/vivalr.com\/product\/7527.html","name":"Fornecimento de f\u00e1brica 3-Cianopiridina CAS 100-54-9 com melhor pre\u00e7o - Bem-vindo ao VIVALR- Sua fonte confi\u00e1vel de mat\u00e9rias-primas qu\u00edmicas\uff01","isPartOf":{"@id":"https:\/\/vivalr.com\/#website"},"primaryImageOfPage":{"@id":"https:\/\/vivalr.com\/product\/7527.html#primaryimage"},"image":{"@id":"https:\/\/vivalr.com\/product\/7527.html#primaryimage"},"thumbnailUrl":"https:\/\/vivalr.com\/wp-content\/uploads\/2025\/03\/3-cyanopyridine-cas-100-54-9.jpg","datePublished":"2025-03-07T12:13:09+00:00","dateModified":"2025-03-07T12:35:26+00:00","breadcrumb":{"@id":"https:\/\/vivalr.com\/product\/7527.html#breadcrumb"},"inLanguage":"pt-PT","potentialAction":[{"@type":"ReadAction","target":["https:\/\/vivalr.com\/product\/7527.html"]}]},{"@type":"ImageObject","inLanguage":"pt-PT","@id":"https:\/\/vivalr.com\/product\/7527.html#primaryimage","url":"https:\/\/vivalr.com\/wp-content\/uploads\/2025\/03\/3-cyanopyridine-cas-100-54-9.jpg","contentUrl":"https:\/\/vivalr.com\/wp-content\/uploads\/2025\/03\/3-cyanopyridine-cas-100-54-9.jpg","width":400,"height":400},{"@type":"BreadcrumbList","@id":"https:\/\/vivalr.com\/product\/7527.html#breadcrumb","itemListElement":[{"@type":"ListItem","position":1,"name":"Home","item":"https:\/\/vivalr.com\/"},{"@type":"ListItem","position":2,"name":"Shop","item":"https:\/\/vivalr.com\/shop\/"},{"@type":"ListItem","position":3,"name":"Factory Supply 3-Cyanopyridine CAS 100-54-9 With Best Price"}]},{"@type":"WebSite","@id":"https:\/\/vivalr.com\/#website","url":"https:\/\/vivalr.com\/","name":"Bem-vindo ao VIVALR- Sua fonte confi\u00e1vel de mat\u00e9rias-primas qu\u00edmicas\uff01","description":"Descubra uma vasta gama de mat\u00e9rias-primas qu\u00edmicas de alta qualidade para satisfazer as suas necessidades industriais. O nosso compromisso com a excel\u00eancia garante-lhe os melhores produtos e servi\u00e7os.","potentialAction":[{"@type":"SearchAction","target":{"@type":"EntryPoint","urlTemplate":"https:\/\/vivalr.com\/?s={search_term_string}"},"query-input":{"@type":"PropertyValueSpecification","valueRequired":true,"valueName":"search_term_string"}}],"inLanguage":"pt-PT"}]}},"_links":{"self":[{"href":"https:\/\/vivalr.com\/pt\/wp-json\/wp\/v2\/product\/7527","targetHints":{"allow":["GET"]}}],"collection":[{"href":"https:\/\/vivalr.com\/pt\/wp-json\/wp\/v2\/product"}],"about":[{"href":"https:\/\/vivalr.com\/pt\/wp-json\/wp\/v2\/types\/product"}],"replies":[{"embeddable":true,"href":"https:\/\/vivalr.com\/pt\/wp-json\/wp\/v2\/comments?post=7527"}],"wp:featuredmedia":[{"embeddable":true,"href":"https:\/\/vivalr.com\/pt\/wp-json\/wp\/v2\/media\/24825"}],"wp:attachment":[{"href":"https:\/\/vivalr.com\/pt\/wp-json\/wp\/v2\/media?parent=7527"}],"wp:term":[{"taxonomy":"product_brand","embeddable":true,"href":"https:\/\/vivalr.com\/pt\/wp-json\/wp\/v2\/product_brand?post=7527"},{"taxonomy":"product_cat","embeddable":true,"href":"https:\/\/vivalr.com\/pt\/wp-json\/wp\/v2\/product_cat?post=7527"},{"taxonomy":"product_tag","embeddable":true,"href":"https:\/\/vivalr.com\/pt\/wp-json\/wp\/v2\/product_tag?post=7527"}],"curies":[{"name":"wp","href":"https:\/\/api.w.org\/{rel}","templated":true}]}}