{"id":7657,"date":"2025-03-07T12:13:19","date_gmt":"2025-03-07T12:13:19","guid":{"rendered":"https:\/\/vivalr.com\/product\/7657.html"},"modified":"2025-03-07T12:35:41","modified_gmt":"2025-03-07T12:35:41","slug":"factory-supply-dioctyldiphenylamine-cas-101-67-7-with-best-price","status":"publish","type":"product","link":"https:\/\/vivalr.com\/pt\/product\/7657.html","title":{"rendered":"Fornecimento de f\u00e1brica dioctyldiphenylamine cas 101-67-7 com melhor pre\u00e7o"},"content":{"rendered":"<h1>Fornecimento de f\u00e1brica dioctyldiphenylamine cas 101 - 67 - 7 com melhor pre\u00e7o Guia do usu\u00e1rio<\/h1>\n<h2>\u00cdndice<\/h2>\n<ul>\n<li><a href=\"#basic_info\">1. Informa\u00e7\u00f5es e par\u00e2metros de base<\/a><\/li>\n<li><a href=\"#uses\">2. Utiliza\u00e7\u00f5es do produto<\/a><\/li>\n<li><a href=\"#usage\">3. Utiliza\u00e7\u00e3o do produto<\/a><\/li>\n<li><a href=\"#usage_cases\">4. Casos de utiliza\u00e7\u00e3o do produto<\/a><\/li>\n<li><a href=\"#contact_info\">5. Informa\u00e7\u00f5es de contacto<\/a><\/li>\n<\/ul>\n<h2 id=\"basic_info\">1. Informa\u00e7\u00f5es e par\u00e2metros de base<\/h2>\n<p>O produto que estamos a apresentar \u00e9 a dioctildifenilamina com o n\u00famero CAS 101 - 67 - 7. \u00c9 fornecido diretamente da f\u00e1brica ao melhor pre\u00e7o. A dioctildifenilamina \u00e9 um composto qu\u00edmico com propriedades f\u00edsicas e qu\u00edmicas espec\u00edficas. <\/p>\n<p>Fisicamente, tem um determinado ponto de fus\u00e3o e ponto de ebuli\u00e7\u00e3o. A pureza da nossa dioctildifenilamina fornecida \u00e9 cuidadosamente controlada para cumprir padr\u00f5es de alta qualidade. A sua f\u00f3rmula molecular e estrutura determinam a sua reatividade qu\u00edmica e estabilidade. <\/p>\n<p>Em termos de apar\u00eancia, apresenta-se normalmente como uma subst\u00e2ncia s\u00f3lida ou semi-s\u00f3lida, com uma cor e um odor carater\u00edsticos. Estes par\u00e2metros f\u00edsicos b\u00e1sicos s\u00e3o cruciais para compreender o produto e assegurar o seu armazenamento e manuseamento corretos.<\/p>\n<h2 id=\"uses\">2. Utiliza\u00e7\u00f5es do produto<\/h2>\n<p>A dioctildifenilamina tem uma vasta gama de utiliza\u00e7\u00f5es em diferentes ind\u00fastrias. Na ind\u00fastria da borracha, pode ser utilizada como antioxidante. Os produtos de borracha s\u00e3o propensos \u00e0 oxida\u00e7\u00e3o e ao envelhecimento durante a utiliza\u00e7\u00e3o, o que pode levar a uma diminui\u00e7\u00e3o do seu desempenho e vida \u00fatil. A dioctildifenilamina pode inibir eficazmente o processo de oxida\u00e7\u00e3o da borracha, prolongando assim a vida \u00fatil dos produtos de borracha, tais como pneus, vedantes de borracha e correias transportadoras. <\/p>\n<p>Na ind\u00fastria dos lubrificantes, \u00e9 tamb\u00e9m um aditivo importante. Os lubrificantes precisam de manter a sua estabilidade e desempenho sob v\u00e1rias condi\u00e7\u00f5es de trabalho. A dioctildifenilamina pode melhorar a resist\u00eancia \u00e0 oxida\u00e7\u00e3o e o desempenho antidesgaste dos lubrificantes, reduzindo a fric\u00e7\u00e3o e o desgaste entre as pe\u00e7as mec\u00e2nicas e melhorando a efici\u00eancia e a fiabilidade das m\u00e1quinas.<\/p>\n<p>Al\u00e9m disso, em alguns processos especiais de s\u00edntese qu\u00edmica, a dioctildifenilamina pode ser utilizada como intermedi\u00e1rio de rea\u00e7\u00e3o ou catalisador, desempenhando um papel importante na promo\u00e7\u00e3o de reac\u00e7\u00f5es qu\u00edmicas e na s\u00edntese de novos compostos.<\/p>\n<h2 id=\"usage\">3. Utiliza\u00e7\u00e3o do produto<\/h2>\n<p>Quando se utiliza a dioctildifenilamina na ind\u00fastria da borracha, esta tem normalmente de ser misturada com outros aditivos e mat\u00e9rias-primas para a borracha. O processo de mistura deve ser efectuado em condi\u00e7\u00f5es espec\u00edficas de temperatura e tempo para garantir uma dispers\u00e3o uniforme do produto na matriz de borracha. A dosagem da dioctildifenilamina depende do tipo de borracha, da utiliza\u00e7\u00e3o prevista do produto de borracha e dos requisitos espec\u00edficos do processo de produ\u00e7\u00e3o. <\/p>\n<p>Na ind\u00fastria dos lubrificantes, \u00e9 adicionado ao \u00f3leo de base durante o processo de formula\u00e7\u00e3o do lubrificante. A quantidade de adi\u00e7\u00e3o tem de ser determinada de acordo com os requisitos de desempenho do lubrificante, tais como a temperatura de trabalho, a carga e a velocidade da m\u00e1quina. Antes de adicionar, \u00e9 necess\u00e1rio assegurar que o produto est\u00e1 totalmente dissolvido no \u00f3leo de base para evitar uma distribui\u00e7\u00e3o desigual e afetar o desempenho do lubrificante. <\/p>\n<p>Ao utiliz\u00e1-lo como intermedi\u00e1rio de rea\u00e7\u00e3o na s\u00edntese qu\u00edmica, \u00e9 necess\u00e1rio um controlo rigoroso das condi\u00e7\u00f5es de rea\u00e7\u00e3o, como a temperatura, a press\u00e3o e a propor\u00e7\u00e3o de reagentes, para garantir o bom andamento da rea\u00e7\u00e3o e obter o rendimento e a qualidade desejados do produto.<\/p>\n<h2 id=\"usage_cases\">4. Casos de utiliza\u00e7\u00e3o do produto<\/h2>\n<p>Caso 1: Uma empresa de fabrico de pneus estava a enfrentar o problema do envelhecimento r\u00e1pido dos pneus. Depois de adicionar uma quantidade adequada de dioctil difenilamina \u00e0 sua f\u00f3rmula de borracha, descobriram que a resist\u00eancia \u00e0 oxida\u00e7\u00e3o dos pneus melhorou significativamente. Os pneus podiam manter o seu desempenho durante mais tempo em condi\u00e7\u00f5es de temperatura e humidade elevadas, reduzindo a frequ\u00eancia de substitui\u00e7\u00e3o dos pneus e poupando custos tanto para o fabricante como para os utilizadores finais. <\/p>\n<p>Caso 2: Uma empresa de fabrico de maquinaria estava a utilizar um lubrificante com um fraco desempenho antidesgaste, o que levava a avarias frequentes e a elevados custos de manuten\u00e7\u00e3o do seu equipamento. Ao adicionar dioctildifenilamina ao lubrificante, o desempenho anti-desgaste do lubrificante foi melhorado. A fric\u00e7\u00e3o entre as pe\u00e7as mec\u00e2nicas foi reduzida e a vida \u00fatil do equipamento foi prolongada. Como resultado, a efici\u00eancia da produ\u00e7\u00e3o da empresa foi melhorada e o custo de manuten\u00e7\u00e3o foi significativamente reduzido. <\/p>\n<h2 id=\"contact_info\">5. Informa\u00e7\u00f5es de contacto<\/h2>\n<p>Se voc\u00ea tiver alguma d\u00favida ou precisar de mais informa\u00e7\u00f5es sobre nosso Fornecimento de f\u00e1brica dioctyldiphenylamine cas 101 - 67 - 7, n\u00e3o hesite em contactar-nos. Nosso endere\u00e7o de e-mail \u00e9 info@vivalr.com, e nosso n\u00famero de telefone \u00e9 (86) 15866781826. Estamos sempre prontos para o ajudar.<\/p>","protected":false},"excerpt":{"rendered":"<p>Factory Supply dioctyldiphenylamine cas 101 - 67 - 7 With Best Price User Guide Table of Contents 1. Basic Information and Parameters 2. Product Uses 3. Product Usage 4. Product Usage Cases 5. Contact Information 1. Basic Information and Parameters The product we are introducing is dioctyldiphenylamine with the CAS number 101 - 67 - [&hellip;]<\/p>","protected":false},"featured_media":24889,"comment_status":"closed","ping_status":"open","template":"","meta":[],"product_brand":[],"product_cat":[15],"product_tag":[],"class_list":{"0":"post-7657","1":"product","2":"type-product","3":"status-publish","4":"has-post-thumbnail","6":"product_cat-uncategorized","8":"first","9":"instock","10":"product-type-simple"},"yoast_head":"<!-- This site is optimized with the Yoast SEO Premium plugin v24.4 (Yoast SEO v25.0) - https:\/\/yoast.com\/wordpress\/plugins\/seo\/ -->\n<title>Factory Supply dioctyldiphenylamine cas 101-67-7 With Best Price - Welcome to VIVALR- Your Trusted Source for Chemical Raw Materials\uff01<\/title>\n<meta name=\"robots\" content=\"index, follow, max-snippet:-1, max-image-preview:large, max-video-preview:-1\" \/>\n<link rel=\"canonical\" href=\"https:\/\/vivalr.com\/pt\/product\/7657.html\" \/>\n<meta property=\"og:locale\" content=\"pt_PT\" \/>\n<meta property=\"og:type\" content=\"article\" \/>\n<meta property=\"og:title\" content=\"Factory Supply dioctyldiphenylamine cas 101-67-7 With Best Price\" \/>\n<meta property=\"og:description\" content=\"Factory Supply dioctyldiphenylamine cas 101 - 67 - 7 With Best Price User Guide Table of Contents 1. Basic Information and Parameters 2. Product Uses 3. Product Usage 4. Product Usage Cases 5. Contact Information 1. Basic Information and Parameters The product we are introducing is dioctyldiphenylamine with the CAS number 101 - 67 - [&hellip;]\" \/>\n<meta property=\"og:url\" content=\"https:\/\/vivalr.com\/pt\/product\/7657.html\" \/>\n<meta property=\"og:site_name\" content=\"Welcome to VIVALR- Your Trusted Source for Chemical Raw Materials\uff01\" \/>\n<meta property=\"article:modified_time\" content=\"2025-03-07T12:35:41+00:00\" \/>\n<meta property=\"og:image\" content=\"https:\/\/vivalr.com\/wp-content\/uploads\/2025\/03\/dioctyldiphenylamine-cas-101-67-7.jpg\" \/>\n\t<meta property=\"og:image:width\" content=\"600\" \/>\n\t<meta property=\"og:image:height\" content=\"654\" \/>\n\t<meta property=\"og:image:type\" content=\"image\/jpeg\" \/>\n<meta name=\"twitter:card\" content=\"summary_large_image\" \/>\n<meta name=\"twitter:label1\" content=\"Tempo estimado de leitura\" \/>\n\t<meta name=\"twitter:data1\" content=\"3 minutos\" \/>\n<script type=\"application\/ld+json\" class=\"yoast-schema-graph\">{\"@context\":\"https:\/\/schema.org\",\"@graph\":[{\"@type\":\"WebPage\",\"@id\":\"https:\/\/vivalr.com\/product\/7657.html\",\"url\":\"https:\/\/vivalr.com\/product\/7657.html\",\"name\":\"Factory Supply dioctyldiphenylamine cas 101-67-7 With Best Price - Welcome to VIVALR- Your Trusted Source for Chemical Raw Materials\uff01\",\"isPartOf\":{\"@id\":\"https:\/\/vivalr.com\/#website\"},\"primaryImageOfPage\":{\"@id\":\"https:\/\/vivalr.com\/product\/7657.html#primaryimage\"},\"image\":{\"@id\":\"https:\/\/vivalr.com\/product\/7657.html#primaryimage\"},\"thumbnailUrl\":\"https:\/\/vivalr.com\/wp-content\/uploads\/2025\/03\/dioctyldiphenylamine-cas-101-67-7.jpg\",\"datePublished\":\"2025-03-07T12:13:19+00:00\",\"dateModified\":\"2025-03-07T12:35:41+00:00\",\"breadcrumb\":{\"@id\":\"https:\/\/vivalr.com\/product\/7657.html#breadcrumb\"},\"inLanguage\":\"pt-PT\",\"potentialAction\":[{\"@type\":\"ReadAction\",\"target\":[\"https:\/\/vivalr.com\/product\/7657.html\"]}]},{\"@type\":\"ImageObject\",\"inLanguage\":\"pt-PT\",\"@id\":\"https:\/\/vivalr.com\/product\/7657.html#primaryimage\",\"url\":\"https:\/\/vivalr.com\/wp-content\/uploads\/2025\/03\/dioctyldiphenylamine-cas-101-67-7.jpg\",\"contentUrl\":\"https:\/\/vivalr.com\/wp-content\/uploads\/2025\/03\/dioctyldiphenylamine-cas-101-67-7.jpg\",\"width\":600,\"height\":654},{\"@type\":\"BreadcrumbList\",\"@id\":\"https:\/\/vivalr.com\/product\/7657.html#breadcrumb\",\"itemListElement\":[{\"@type\":\"ListItem\",\"position\":1,\"name\":\"Home\",\"item\":\"https:\/\/vivalr.com\/\"},{\"@type\":\"ListItem\",\"position\":2,\"name\":\"Shop\",\"item\":\"https:\/\/vivalr.com\/shop\/\"},{\"@type\":\"ListItem\",\"position\":3,\"name\":\"Factory Supply dioctyldiphenylamine cas 101-67-7 With Best Price\"}]},{\"@type\":\"WebSite\",\"@id\":\"https:\/\/vivalr.com\/#website\",\"url\":\"https:\/\/vivalr.com\/\",\"name\":\"Welcome to VIVALR- Your Trusted Source for Chemical Raw Materials\uff01\",\"description\":\"Discover a wide range of high-quality chemical raw materials to meet your industrial needs. Our commitment to excellence ensures that you get the best products and services.\",\"potentialAction\":[{\"@type\":\"SearchAction\",\"target\":{\"@type\":\"EntryPoint\",\"urlTemplate\":\"https:\/\/vivalr.com\/?s={search_term_string}\"},\"query-input\":{\"@type\":\"PropertyValueSpecification\",\"valueRequired\":true,\"valueName\":\"search_term_string\"}}],\"inLanguage\":\"pt-PT\"}]}<\/script>\n<!-- \/ Yoast SEO Premium plugin. -->","yoast_head_json":{"title":"Fornecimento de f\u00e1brica dioctyldiphenylamine cas 101-67-7 com melhor pre\u00e7o - Bem-vindo ao VIVALR- Sua fonte confi\u00e1vel de mat\u00e9rias-primas qu\u00edmicas\uff01","robots":{"index":"index","follow":"follow","max-snippet":"max-snippet:-1","max-image-preview":"max-image-preview:large","max-video-preview":"max-video-preview:-1"},"canonical":"https:\/\/vivalr.com\/pt\/product\/7657.html","og_locale":"pt_PT","og_type":"article","og_title":"Factory Supply dioctyldiphenylamine cas 101-67-7 With Best Price","og_description":"Factory Supply dioctyldiphenylamine cas 101 - 67 - 7 With Best Price User Guide Table of Contents 1. Basic Information and Parameters 2. Product Uses 3. Product Usage 4. Product Usage Cases 5. Contact Information 1. Basic Information and Parameters The product we are introducing is dioctyldiphenylamine with the CAS number 101 - 67 - [&hellip;]","og_url":"https:\/\/vivalr.com\/pt\/product\/7657.html","og_site_name":"Welcome to VIVALR- Your Trusted Source for Chemical Raw Materials\uff01","article_modified_time":"2025-03-07T12:35:41+00:00","og_image":[{"width":600,"height":654,"url":"https:\/\/vivalr.com\/wp-content\/uploads\/2025\/03\/dioctyldiphenylamine-cas-101-67-7.jpg","type":"image\/jpeg"}],"twitter_card":"summary_large_image","twitter_misc":{"Tempo estimado de leitura":"3 minutos"},"schema":{"@context":"https:\/\/schema.org","@graph":[{"@type":"WebPage","@id":"https:\/\/vivalr.com\/product\/7657.html","url":"https:\/\/vivalr.com\/product\/7657.html","name":"Fornecimento de f\u00e1brica dioctyldiphenylamine cas 101-67-7 com melhor pre\u00e7o - Bem-vindo ao VIVALR- Sua fonte confi\u00e1vel de mat\u00e9rias-primas qu\u00edmicas\uff01","isPartOf":{"@id":"https:\/\/vivalr.com\/#website"},"primaryImageOfPage":{"@id":"https:\/\/vivalr.com\/product\/7657.html#primaryimage"},"image":{"@id":"https:\/\/vivalr.com\/product\/7657.html#primaryimage"},"thumbnailUrl":"https:\/\/vivalr.com\/wp-content\/uploads\/2025\/03\/dioctyldiphenylamine-cas-101-67-7.jpg","datePublished":"2025-03-07T12:13:19+00:00","dateModified":"2025-03-07T12:35:41+00:00","breadcrumb":{"@id":"https:\/\/vivalr.com\/product\/7657.html#breadcrumb"},"inLanguage":"pt-PT","potentialAction":[{"@type":"ReadAction","target":["https:\/\/vivalr.com\/product\/7657.html"]}]},{"@type":"ImageObject","inLanguage":"pt-PT","@id":"https:\/\/vivalr.com\/product\/7657.html#primaryimage","url":"https:\/\/vivalr.com\/wp-content\/uploads\/2025\/03\/dioctyldiphenylamine-cas-101-67-7.jpg","contentUrl":"https:\/\/vivalr.com\/wp-content\/uploads\/2025\/03\/dioctyldiphenylamine-cas-101-67-7.jpg","width":600,"height":654},{"@type":"BreadcrumbList","@id":"https:\/\/vivalr.com\/product\/7657.html#breadcrumb","itemListElement":[{"@type":"ListItem","position":1,"name":"Home","item":"https:\/\/vivalr.com\/"},{"@type":"ListItem","position":2,"name":"Shop","item":"https:\/\/vivalr.com\/shop\/"},{"@type":"ListItem","position":3,"name":"Factory Supply dioctyldiphenylamine cas 101-67-7 With Best Price"}]},{"@type":"WebSite","@id":"https:\/\/vivalr.com\/#website","url":"https:\/\/vivalr.com\/","name":"Bem-vindo ao VIVALR- Sua fonte confi\u00e1vel de mat\u00e9rias-primas qu\u00edmicas\uff01","description":"Descubra uma vasta gama de mat\u00e9rias-primas qu\u00edmicas de alta qualidade para satisfazer as suas necessidades industriais. O nosso compromisso com a excel\u00eancia garante-lhe os melhores produtos e servi\u00e7os.","potentialAction":[{"@type":"SearchAction","target":{"@type":"EntryPoint","urlTemplate":"https:\/\/vivalr.com\/?s={search_term_string}"},"query-input":{"@type":"PropertyValueSpecification","valueRequired":true,"valueName":"search_term_string"}}],"inLanguage":"pt-PT"}]}},"_links":{"self":[{"href":"https:\/\/vivalr.com\/pt\/wp-json\/wp\/v2\/product\/7657","targetHints":{"allow":["GET"]}}],"collection":[{"href":"https:\/\/vivalr.com\/pt\/wp-json\/wp\/v2\/product"}],"about":[{"href":"https:\/\/vivalr.com\/pt\/wp-json\/wp\/v2\/types\/product"}],"replies":[{"embeddable":true,"href":"https:\/\/vivalr.com\/pt\/wp-json\/wp\/v2\/comments?post=7657"}],"wp:featuredmedia":[{"embeddable":true,"href":"https:\/\/vivalr.com\/pt\/wp-json\/wp\/v2\/media\/24889"}],"wp:attachment":[{"href":"https:\/\/vivalr.com\/pt\/wp-json\/wp\/v2\/media?parent=7657"}],"wp:term":[{"taxonomy":"product_brand","embeddable":true,"href":"https:\/\/vivalr.com\/pt\/wp-json\/wp\/v2\/product_brand?post=7657"},{"taxonomy":"product_cat","embeddable":true,"href":"https:\/\/vivalr.com\/pt\/wp-json\/wp\/v2\/product_cat?post=7657"},{"taxonomy":"product_tag","embeddable":true,"href":"https:\/\/vivalr.com\/pt\/wp-json\/wp\/v2\/product_tag?post=7657"}],"curies":[{"name":"wp","href":"https:\/\/api.w.org\/{rel}","templated":true}]}}