{"id":77,"date":"2025-03-07T12:05:06","date_gmt":"2025-03-07T12:05:06","guid":{"rendered":"https:\/\/vivalr.com\/product\/77.html"},"modified":"2025-03-07T12:21:22","modified_gmt":"2025-03-07T12:21:22","slug":"factory-supply-dl-4-chlorophenylglycine-cas-6212-33-5-with-best-price","status":"publish","type":"product","link":"https:\/\/vivalr.com\/pt\/product\/77.html","title":{"rendered":"Fornecimento de f\u00e1brica DL-4-Clorofenilglicina Cas 6212-33-5 com melhor pre\u00e7o"},"content":{"rendered":"<div class=\"product-guide\">\n<h1>Guia do utilizador de DL-4-Clorofenilglicina (CAS 6212-33-5): Utiliza\u00e7\u00f5es, aplica\u00e7\u00f5es e melhores pr\u00e1ticas<\/h1>\n<p>        <!-- Table of Contents --><\/p>\n<div class=\"toc\">\n<h2>\u00cdndice<\/h2>\n<ul>\n<li><a href=\"#section1\">1. Vis\u00e3o geral do produto<\/a><\/li>\n<li><a href=\"#section2\">2. Principais aplica\u00e7\u00f5es<\/a><\/li>\n<li><a href=\"#section3\">3. Instru\u00e7\u00f5es de utiliza\u00e7\u00e3o<\/a><\/li>\n<li><a href=\"#section4\">4. Casos de utiliza\u00e7\u00e3o pormenorizados<\/a><\/li>\n<li><a href=\"#section5\">5. Informa\u00e7\u00f5es de contacto<\/a><\/li>\n<\/ul><\/div>\n<p>        <!-- Product Overview --><\/p>\n<div id=\"section1\" class=\"section\">\n<h2>1. Vis\u00e3o geral do produto<\/h2>\n<p><strong>DL-4-Clorofenilglicina<\/strong> (CAS 6212-33-5) \u00e9 um composto org\u00e2nico de elevada pureza fornecido como um p\u00f3 cristalino branco a esbranqui\u00e7ado. As principais especifica\u00e7\u00f5es incluem:<\/p>\n<ul>\n<li><strong>Nome qu\u00edmico:<\/strong> DL-4-Clorofenilglicina<\/li>\n<li><strong>N\u00famero CAS:<\/strong> 6212-33-5<\/li>\n<li><strong>F\u00f3rmula molecular:<\/strong> C<sub>8<\/sub>H<sub>8<\/sub>ClNO<sub>2<\/sub><\/li>\n<li><strong>Peso molecular:<\/strong> 185,61 g\/mol<\/li>\n<li><strong>Pureza:<\/strong> \u226598% (HPLC)<\/li>\n<li><strong>Armazenamento:<\/strong> Conservar em local fresco e seco a 2-8\u00b0C<\/li>\n<\/ul><\/div>\n<p>        <!-- Key Applications --><\/p>\n<div id=\"section2\" class=\"section\">\n<h2>2. Principais aplica\u00e7\u00f5es<\/h2>\n<p>A DL-4-Clorofenilglicina \u00e9 amplamente utilizada em:<\/p>\n<ul>\n<li><strong>Produtos farmac\u00eauticos:<\/strong> Como intermedi\u00e1rio na s\u00edntese de antibi\u00f3ticos, antivirais e anti-inflamat\u00f3rios.<\/li>\n<li><strong>Investiga\u00e7\u00e3o qu\u00edmica:<\/strong> Para estudos de resolu\u00e7\u00e3o quiral e cat\u00e1lise assim\u00e9trica.<\/li>\n<li><strong>Agroqu\u00edmicos:<\/strong> Na produ\u00e7\u00e3o de herbicidas e fungicidas.<\/li>\n<\/ul><\/div>\n<p>        <!-- Usage Instructions --><\/p>\n<div id=\"section3\" class=\"section\">\n<h2>3. Instru\u00e7\u00f5es de utiliza\u00e7\u00e3o<\/h2>\n<ul>\n<li><strong>Seguran\u00e7a:<\/strong> Usar EPI (luvas, \u00f3culos de prote\u00e7\u00e3o, bata de laborat\u00f3rio) para evitar a inala\u00e7\u00e3o ou o contacto com a pele.<\/li>\n<li><strong>Solubilidade:<\/strong> Sol\u00favel em DMSO, metanol e acetato de etilo; insol\u00favel em \u00e1gua.<\/li>\n<li><strong>Armazenamento:<\/strong> Armazenar em recipientes herm\u00e9ticos sob g\u00e1s inerte (N<sub>2<\/sub> ou Ar) para evitar a degrada\u00e7\u00e3o.<\/li>\n<li><strong>Manuseamento:<\/strong> Utilizar sob exaustor com ventila\u00e7\u00e3o adequada.<\/li>\n<\/ul><\/div>\n<p>        <!-- Detailed Use Cases --><\/p>\n<div id=\"section4\" class=\"section\">\n<h2>4. Casos de utiliza\u00e7\u00e3o pormenorizados<\/h2>\n<h3>Caso 1: S\u00edntese de antibi\u00f3ticos \u03b2-lact\u00e2micos<\/h3>\n<p>A DL-4-Clorofenilglicina serve como precursor na s\u00edntese de antibi\u00f3ticos \u03b2-lact\u00e2micos. Os investigadores dissolveram 5g do composto em 50ml de DMSO, seguido de acoplamento com intermedi\u00e1rios de penicilina a 40\u00b0C durante 6 horas, obtendo um rendimento de 92%.<\/p>\n<h3>Caso 2: Reac\u00e7\u00f5es assim\u00e9tricas catal\u00edticas<\/h3>\n<p>Na cat\u00e1lise quiral, 0,1 mmol de DL-4-Clorofenilglicina \u00e9 combinado com catalisadores de metais de transi\u00e7\u00e3o (por exemplo, Ru ou Pd) para obter um excesso enantiom\u00e9rico &gt;90% em reac\u00e7\u00f5es de hidrogena\u00e7\u00e3o assim\u00e9trica.<\/p>\n<\/p><\/div>\n<p>        <!-- Contact Information --><\/p>\n<div id=\"section5\" class=\"section\">\n<h2>5. Informa\u00e7\u00f5es de contacto<\/h2>\n<p>Para quest\u00f5es t\u00e9cnicas ou encomendas por grosso:<\/p>\n<p><strong>Correio eletr\u00f3nico:<\/strong> <a href=\"mailto:info@vivalr.com\">info@vivalr.com<\/a><\/p>\n<p><strong>Telefone:<\/strong> <a href=\"tel:+8615866781826\">(86) 15866781826<\/a><\/p>\n<\/p><\/div>\n<\/p><\/div>","protected":false},"excerpt":{"rendered":"<p>DL-4-Chlorophenylglycine (CAS 6212-33-5) User Guide: Uses, Applications, and Best Practices Table of Contents 1. Product Overview 2. Key Applications 3. Usage Instructions 4. Detailed Use Cases 5. Contact Information 1. Product Overview DL-4-Chlorophenylglycine (CAS 6212-33-5) is a high-purity organic compound supplied as a white to off-white crystalline powder. Key specifications include: Chemical Name: DL-4-Chlorophenylglycine CAS [&hellip;]<\/p>","protected":false},"featured_media":0,"comment_status":"closed","ping_status":"open","template":"","meta":[],"product_brand":[],"product_cat":[15],"product_tag":[],"class_list":{"0":"post-77","1":"product","2":"type-product","3":"status-publish","5":"product_cat-uncategorized","7":"first","8":"instock","9":"product-type-simple"},"yoast_head":"<!-- This site is optimized with the Yoast SEO Premium plugin v24.4 (Yoast SEO v27.4) - https:\/\/yoast.com\/product\/yoast-seo-premium-wordpress\/ -->\n<title>Factory Supply DL-4-Chlorophenylglycine Cas 6212-33-5 With Best Price - Welcome to VIVALR- Your Trusted Source for Chemical Raw Materials\uff01<\/title>\n<meta name=\"robots\" content=\"index, follow, max-snippet:-1, max-image-preview:large, max-video-preview:-1\" \/>\n<link rel=\"canonical\" href=\"https:\/\/vivalr.com\/pt\/product\/77.html\" \/>\n<meta property=\"og:locale\" content=\"pt_PT\" \/>\n<meta property=\"og:type\" content=\"article\" \/>\n<meta property=\"og:title\" content=\"Factory Supply DL-4-Chlorophenylglycine Cas 6212-33-5 With Best Price\" \/>\n<meta property=\"og:description\" content=\"DL-4-Chlorophenylglycine (CAS 6212-33-5) User Guide: Uses, Applications, and Best Practices Table of Contents 1. Product Overview 2. Key Applications 3. Usage Instructions 4. Detailed Use Cases 5. Contact Information 1. Product Overview DL-4-Chlorophenylglycine (CAS 6212-33-5) is a high-purity organic compound supplied as a white to off-white crystalline powder. Key specifications include: Chemical Name: DL-4-Chlorophenylglycine CAS [&hellip;]\" \/>\n<meta property=\"og:url\" content=\"https:\/\/vivalr.com\/pt\/product\/77.html\" \/>\n<meta property=\"og:site_name\" content=\"Welcome to VIVALR- Your Trusted Source for Chemical Raw Materials\uff01\" \/>\n<meta property=\"article:modified_time\" content=\"2025-03-07T12:21:22+00:00\" \/>\n<meta name=\"twitter:card\" content=\"summary_large_image\" \/>\n<meta name=\"twitter:label1\" content=\"Tempo estimado de leitura\" \/>\n\t<meta name=\"twitter:data1\" content=\"1 minuto\" \/>\n<script type=\"application\/ld+json\" class=\"yoast-schema-graph\">{\"@context\":\"https:\\\/\\\/schema.org\",\"@graph\":[{\"@type\":\"WebPage\",\"@id\":\"https:\\\/\\\/vivalr.com\\\/product\\\/77.html\",\"url\":\"https:\\\/\\\/vivalr.com\\\/product\\\/77.html\",\"name\":\"Factory Supply DL-4-Chlorophenylglycine Cas 6212-33-5 With Best Price - Welcome to VIVALR- Your Trusted Source for Chemical Raw Materials\uff01\",\"isPartOf\":{\"@id\":\"https:\\\/\\\/vivalr.com\\\/#website\"},\"datePublished\":\"2025-03-07T12:05:06+00:00\",\"dateModified\":\"2025-03-07T12:21:22+00:00\",\"breadcrumb\":{\"@id\":\"https:\\\/\\\/vivalr.com\\\/product\\\/77.html#breadcrumb\"},\"inLanguage\":\"pt-PT\",\"potentialAction\":[{\"@type\":\"ReadAction\",\"target\":[\"https:\\\/\\\/vivalr.com\\\/product\\\/77.html\"]}]},{\"@type\":\"BreadcrumbList\",\"@id\":\"https:\\\/\\\/vivalr.com\\\/product\\\/77.html#breadcrumb\",\"itemListElement\":[{\"@type\":\"ListItem\",\"position\":1,\"name\":\"Home\",\"item\":\"https:\\\/\\\/vivalr.com\\\/\"},{\"@type\":\"ListItem\",\"position\":2,\"name\":\"Shop\",\"item\":\"https:\\\/\\\/vivalr.com\\\/shop\\\/\"},{\"@type\":\"ListItem\",\"position\":3,\"name\":\"Factory Supply DL-4-Chlorophenylglycine Cas 6212-33-5 With Best Price\"}]},{\"@type\":\"WebSite\",\"@id\":\"https:\\\/\\\/vivalr.com\\\/#website\",\"url\":\"https:\\\/\\\/vivalr.com\\\/\",\"name\":\"Welcome to VIVALR- Your Trusted Source for Chemical Raw Materials\uff01\",\"description\":\"Discover a wide range of high-quality chemical raw materials to meet your industrial needs. Our commitment to excellence ensures that you get the best products and services.\",\"potentialAction\":[{\"@type\":\"SearchAction\",\"target\":{\"@type\":\"EntryPoint\",\"urlTemplate\":\"https:\\\/\\\/vivalr.com\\\/?s={search_term_string}\"},\"query-input\":{\"@type\":\"PropertyValueSpecification\",\"valueRequired\":true,\"valueName\":\"search_term_string\"}}],\"inLanguage\":\"pt-PT\"}]}<\/script>\n<!-- \/ Yoast SEO Premium plugin. -->","yoast_head_json":{"title":"Fornecimento de f\u00e1brica DL-4-Clorofenilglicina Cas 6212-33-5 com melhor pre\u00e7o - Bem-vindo ao VIVALR- Sua fonte confi\u00e1vel de mat\u00e9rias-primas qu\u00edmicas\uff01","robots":{"index":"index","follow":"follow","max-snippet":"max-snippet:-1","max-image-preview":"max-image-preview:large","max-video-preview":"max-video-preview:-1"},"canonical":"https:\/\/vivalr.com\/pt\/product\/77.html","og_locale":"pt_PT","og_type":"article","og_title":"Factory Supply DL-4-Chlorophenylglycine Cas 6212-33-5 With Best Price","og_description":"DL-4-Chlorophenylglycine (CAS 6212-33-5) User Guide: Uses, Applications, and Best Practices Table of Contents 1. Product Overview 2. Key Applications 3. Usage Instructions 4. Detailed Use Cases 5. Contact Information 1. Product Overview DL-4-Chlorophenylglycine (CAS 6212-33-5) is a high-purity organic compound supplied as a white to off-white crystalline powder. Key specifications include: Chemical Name: DL-4-Chlorophenylglycine CAS [&hellip;]","og_url":"https:\/\/vivalr.com\/pt\/product\/77.html","og_site_name":"Welcome to VIVALR- Your Trusted Source for Chemical Raw Materials\uff01","article_modified_time":"2025-03-07T12:21:22+00:00","twitter_card":"summary_large_image","twitter_misc":{"Tempo estimado de leitura":"1 minuto"},"schema":{"@context":"https:\/\/schema.org","@graph":[{"@type":"WebPage","@id":"https:\/\/vivalr.com\/product\/77.html","url":"https:\/\/vivalr.com\/product\/77.html","name":"Fornecimento de f\u00e1brica DL-4-Clorofenilglicina Cas 6212-33-5 com melhor pre\u00e7o - Bem-vindo ao VIVALR- Sua fonte confi\u00e1vel de mat\u00e9rias-primas qu\u00edmicas\uff01","isPartOf":{"@id":"https:\/\/vivalr.com\/#website"},"datePublished":"2025-03-07T12:05:06+00:00","dateModified":"2025-03-07T12:21:22+00:00","breadcrumb":{"@id":"https:\/\/vivalr.com\/product\/77.html#breadcrumb"},"inLanguage":"pt-PT","potentialAction":[{"@type":"ReadAction","target":["https:\/\/vivalr.com\/product\/77.html"]}]},{"@type":"BreadcrumbList","@id":"https:\/\/vivalr.com\/product\/77.html#breadcrumb","itemListElement":[{"@type":"ListItem","position":1,"name":"Home","item":"https:\/\/vivalr.com\/"},{"@type":"ListItem","position":2,"name":"Shop","item":"https:\/\/vivalr.com\/shop\/"},{"@type":"ListItem","position":3,"name":"Factory Supply DL-4-Chlorophenylglycine Cas 6212-33-5 With Best Price"}]},{"@type":"WebSite","@id":"https:\/\/vivalr.com\/#website","url":"https:\/\/vivalr.com\/","name":"Bem-vindo ao VIVALR- Sua fonte confi\u00e1vel de mat\u00e9rias-primas qu\u00edmicas\uff01","description":"Descubra uma vasta gama de mat\u00e9rias-primas qu\u00edmicas de alta qualidade para satisfazer as suas necessidades industriais. O nosso compromisso com a excel\u00eancia garante-lhe os melhores produtos e servi\u00e7os.","potentialAction":[{"@type":"SearchAction","target":{"@type":"EntryPoint","urlTemplate":"https:\/\/vivalr.com\/?s={search_term_string}"},"query-input":{"@type":"PropertyValueSpecification","valueRequired":true,"valueName":"search_term_string"}}],"inLanguage":"pt-PT"}]}},"_links":{"self":[{"href":"https:\/\/vivalr.com\/pt\/wp-json\/wp\/v2\/product\/77","targetHints":{"allow":["GET"]}}],"collection":[{"href":"https:\/\/vivalr.com\/pt\/wp-json\/wp\/v2\/product"}],"about":[{"href":"https:\/\/vivalr.com\/pt\/wp-json\/wp\/v2\/types\/product"}],"replies":[{"embeddable":true,"href":"https:\/\/vivalr.com\/pt\/wp-json\/wp\/v2\/comments?post=77"}],"wp:attachment":[{"href":"https:\/\/vivalr.com\/pt\/wp-json\/wp\/v2\/media?parent=77"}],"wp:term":[{"taxonomy":"product_brand","embeddable":true,"href":"https:\/\/vivalr.com\/pt\/wp-json\/wp\/v2\/product_brand?post=77"},{"taxonomy":"product_cat","embeddable":true,"href":"https:\/\/vivalr.com\/pt\/wp-json\/wp\/v2\/product_cat?post=77"},{"taxonomy":"product_tag","embeddable":true,"href":"https:\/\/vivalr.com\/pt\/wp-json\/wp\/v2\/product_tag?post=77"}],"curies":[{"name":"wp","href":"https:\/\/api.w.org\/{rel}","templated":true}]}}