{"id":8069,"date":"2025-03-07T12:13:45","date_gmt":"2025-03-07T12:13:45","guid":{"rendered":"https:\/\/vivalr.com\/product\/8069.html"},"modified":"2025-03-07T12:36:26","modified_gmt":"2025-03-07T12:36:26","slug":"high-quality-magnesium-sulfate-heptahydrate-cas-10034-99-8-with-best-price","status":"publish","type":"product","link":"https:\/\/vivalr.com\/pt\/product\/8069.html","title":{"rendered":"High Quality Magnesium Sulfate Heptahydrate Cas 10034-99-8 With Best Price"},"content":{"rendered":"<h1>User Guide for High Quality Magnesium Sulfate Heptahydrate Cas 10034 - 99 - 8 With Best Price<\/h1>\n<ol>\n<li><a href=\"#basic-info\">Informa\u00e7\u00f5es e par\u00e2metros b\u00e1sicos<\/a><\/li>\n<li><a href=\"#uses\">Utiliza\u00e7\u00f5es do produto<\/a><\/li>\n<li><a href=\"#usage\">Como utilizar o produto<\/a><\/li>\n<li><a href=\"#usage-cases\">Casos de utiliza\u00e7\u00e3o pormenorizados<\/a><\/li>\n<li><a href=\"#contact\">Informa\u00e7\u00f5es de contacto<\/a><\/li>\n<\/ol>\n<h2 id=\"basic-info\">Informa\u00e7\u00f5es e par\u00e2metros b\u00e1sicos<\/h2>\n<p>Our product, High Quality Magnesium Sulfate Heptahydrate Cas 10034 - 99 - 8, is a well - known chemical compound in the market. The chemical formula is MgSO\u2084\u00b77H\u2082O. It appears as colorless or white needle - like or granular crystals, odorless, and has a cooling, saline - bitter taste. <\/p>\n<p>It has a molecular weight of approximately 246.47 g\/mol. The density is about 1.68 g\/cm\u00b3. It is soluble in water, with a solubility of 26.9 g\/100 mL at 20\u00b0C. It is slightly soluble in ethanol and glycerol. This product is produced under strict quality control to ensure its high purity, usually above 99%, meeting various industrial and agricultural requirements.<\/p>\n<h2 id=\"uses\">Utiliza\u00e7\u00f5es do produto<\/h2>\n<p>In agriculture, Magnesium Sulfate Heptahydrate is an important magnesium and sulfur fertilizer. Magnesium is an essential element for chlorophyll synthesis in plants, which helps improve photosynthesis efficiency, enhance plant resistance to diseases and pests, and increase crop yields. It can be used for various crops, such as fruits, vegetables, and grains.<\/p>\n<p>In the pharmaceutical industry, it is used as a laxative, anticonvulsant, and to treat magnesium deficiency. It can relax smooth muscles, relieve spasms, and regulate nerve and muscle functions. In addition, it is also used in the preparation of some pharmaceutical products.<\/p>\n<p>In the industrial field, it is used in the production of rayon, paper, and in the tanning industry. It can also be used as a filler in the production of some chemicals.<\/p>\n<h2 id=\"usage\">Como utilizar o produto<\/h2>\n<p><strong>Utiliza\u00e7\u00e3o agr\u00edcola<\/strong>: For soil application, it can be mixed with other fertilizers and spread evenly on the soil surface before sowing or during the growth period of crops. The application rate depends on the soil conditions and crop types, usually 10 - 20 kg per acre. For foliar spraying, dissolve an appropriate amount of Magnesium Sulfate Heptahydrate in water to make a 0.2% - 0.5% solution and spray it on the leaves of plants. This method can quickly supplement magnesium for plants.<\/p>\n<p><strong>Pharmaceutical Use<\/strong>: The dosage and usage should be determined according to the doctor's advice. Generally, when used as a laxative, it can be taken orally after being dissolved in water. The specific dosage varies with different patient conditions.<\/p>\n<p><strong>Utiliza\u00e7\u00e3o industrial<\/strong>: In industrial production, it should be used in accordance with specific production processes and requirements. For example, in the production of rayon, it is added in a certain proportion to the production solution according to the process formula.<\/p>\n<h2 id=\"usage-cases\">Casos de utiliza\u00e7\u00e3o pormenorizados<\/h2>\n<p><strong>Caso agr\u00edcola<\/strong>: A fruit farm in California was suffering from magnesium deficiency in apple trees, resulting in yellowing leaves and reduced fruit quality. After applying Magnesium Sulfate Heptahydrate at a rate of 15 kg per acre through soil application, within a few weeks, the yellowing of the leaves gradually disappeared, and the photosynthesis of the trees was enhanced. In the following harvest season, the apple yield increased by 20%, and the fruit quality also improved significantly, with better taste and color.<\/p>\n<p><strong>Caso farmac\u00eautico<\/strong>: A patient with magnesium deficiency - induced muscle spasms was prescribed Magnesium Sulfate Heptahydrate tablets. After taking the medicine according to the doctor's instructions for a period of time, the muscle spasms were effectively relieved, and the patient's physical condition gradually improved.<\/p>\n<p><strong>Caso Industrial<\/strong>: A paper mill was having problems with paper strength and smoothness. By adding an appropriate amount of Magnesium Sulfate Heptahydrate in the papermaking process, the paper strength increased by 15%, and the surface smoothness also improved, meeting the high - quality paper requirements of the market.<\/p>\n<h2 id=\"contact\">Informa\u00e7\u00f5es de contacto<\/h2>\n<p>If you have any questions or need more information about our High Quality Magnesium Sulfate Heptahydrate Cas 10034 - 99 - 8, please feel free to contact us. Our email is info@vivalr.com, and our phone number is (86) 15866781826.<\/p>","protected":false},"excerpt":{"rendered":"<p>User Guide for High Quality Magnesium Sulfate Heptahydrate Cas 10034 - 99 - 8 With Best Price Basic Information and Parameters Uses of the Product How to Use the Product Detailed Usage Cases Contact Information Basic Information and Parameters Our product, High Quality Magnesium Sulfate Heptahydrate Cas 10034 - 99 - 8, is a well [&hellip;]<\/p>","protected":false},"featured_media":25093,"comment_status":"closed","ping_status":"open","template":"","meta":[],"product_brand":[],"product_cat":[15],"product_tag":[],"class_list":{"0":"post-8069","1":"product","2":"type-product","3":"status-publish","4":"has-post-thumbnail","6":"product_cat-uncategorized","8":"first","9":"instock","10":"product-type-simple"},"yoast_head":"<!-- This site is optimized with the Yoast SEO Premium plugin v24.4 (Yoast SEO v27.4) - https:\/\/yoast.com\/product\/yoast-seo-premium-wordpress\/ -->\n<title>High Quality Magnesium Sulfate Heptahydrate Cas 10034-99-8 With Best Price - Welcome to VIVALR- Your Trusted Source for Chemical Raw Materials\uff01<\/title>\n<meta name=\"robots\" content=\"index, follow, max-snippet:-1, max-image-preview:large, max-video-preview:-1\" \/>\n<link rel=\"canonical\" href=\"https:\/\/vivalr.com\/pt\/product\/8069.html\" \/>\n<meta property=\"og:locale\" content=\"pt_PT\" \/>\n<meta property=\"og:type\" content=\"article\" \/>\n<meta property=\"og:title\" content=\"High Quality Magnesium Sulfate Heptahydrate Cas 10034-99-8 With Best Price\" \/>\n<meta property=\"og:description\" content=\"User Guide for High Quality Magnesium Sulfate Heptahydrate Cas 10034 - 99 - 8 With Best Price Basic Information and Parameters Uses of the Product How to Use the Product Detailed Usage Cases Contact Information Basic Information and Parameters Our product, High Quality Magnesium Sulfate Heptahydrate Cas 10034 - 99 - 8, is a well [&hellip;]\" \/>\n<meta property=\"og:url\" content=\"https:\/\/vivalr.com\/pt\/product\/8069.html\" \/>\n<meta property=\"og:site_name\" content=\"Welcome to VIVALR- Your Trusted Source for Chemical Raw Materials\uff01\" \/>\n<meta property=\"article:modified_time\" content=\"2025-03-07T12:36:26+00:00\" \/>\n<meta property=\"og:image\" content=\"https:\/\/vivalr.com\/wp-content\/uploads\/2025\/03\/Magnesium-Sulfate-Heptahydrate-Cas-10034-99-8-5.jpg\" \/>\n\t<meta property=\"og:image:width\" content=\"350\" \/>\n\t<meta property=\"og:image:height\" content=\"350\" \/>\n\t<meta property=\"og:image:type\" content=\"image\/jpeg\" \/>\n<meta name=\"twitter:card\" content=\"summary_large_image\" \/>\n<meta name=\"twitter:label1\" content=\"Tempo estimado de leitura\" \/>\n\t<meta name=\"twitter:data1\" content=\"3 minutos\" \/>\n<script type=\"application\/ld+json\" class=\"yoast-schema-graph\">{\"@context\":\"https:\\\/\\\/schema.org\",\"@graph\":[{\"@type\":\"WebPage\",\"@id\":\"https:\\\/\\\/vivalr.com\\\/product\\\/8069.html\",\"url\":\"https:\\\/\\\/vivalr.com\\\/product\\\/8069.html\",\"name\":\"High Quality Magnesium Sulfate Heptahydrate Cas 10034-99-8 With Best Price - Welcome to VIVALR- Your Trusted Source for Chemical Raw Materials\uff01\",\"isPartOf\":{\"@id\":\"https:\\\/\\\/vivalr.com\\\/#website\"},\"primaryImageOfPage\":{\"@id\":\"https:\\\/\\\/vivalr.com\\\/product\\\/8069.html#primaryimage\"},\"image\":{\"@id\":\"https:\\\/\\\/vivalr.com\\\/product\\\/8069.html#primaryimage\"},\"thumbnailUrl\":\"https:\\\/\\\/vivalr.com\\\/wp-content\\\/uploads\\\/2025\\\/03\\\/Magnesium-Sulfate-Heptahydrate-Cas-10034-99-8-5.jpg\",\"datePublished\":\"2025-03-07T12:13:45+00:00\",\"dateModified\":\"2025-03-07T12:36:26+00:00\",\"breadcrumb\":{\"@id\":\"https:\\\/\\\/vivalr.com\\\/product\\\/8069.html#breadcrumb\"},\"inLanguage\":\"pt-PT\",\"potentialAction\":[{\"@type\":\"ReadAction\",\"target\":[\"https:\\\/\\\/vivalr.com\\\/product\\\/8069.html\"]}]},{\"@type\":\"ImageObject\",\"inLanguage\":\"pt-PT\",\"@id\":\"https:\\\/\\\/vivalr.com\\\/product\\\/8069.html#primaryimage\",\"url\":\"https:\\\/\\\/vivalr.com\\\/wp-content\\\/uploads\\\/2025\\\/03\\\/Magnesium-Sulfate-Heptahydrate-Cas-10034-99-8-5.jpg\",\"contentUrl\":\"https:\\\/\\\/vivalr.com\\\/wp-content\\\/uploads\\\/2025\\\/03\\\/Magnesium-Sulfate-Heptahydrate-Cas-10034-99-8-5.jpg\",\"width\":350,\"height\":350},{\"@type\":\"BreadcrumbList\",\"@id\":\"https:\\\/\\\/vivalr.com\\\/product\\\/8069.html#breadcrumb\",\"itemListElement\":[{\"@type\":\"ListItem\",\"position\":1,\"name\":\"Home\",\"item\":\"https:\\\/\\\/vivalr.com\\\/\"},{\"@type\":\"ListItem\",\"position\":2,\"name\":\"Shop\",\"item\":\"https:\\\/\\\/vivalr.com\\\/shop\\\/\"},{\"@type\":\"ListItem\",\"position\":3,\"name\":\"High Quality Magnesium Sulfate Heptahydrate Cas 10034-99-8 With Best Price\"}]},{\"@type\":\"WebSite\",\"@id\":\"https:\\\/\\\/vivalr.com\\\/#website\",\"url\":\"https:\\\/\\\/vivalr.com\\\/\",\"name\":\"Welcome to VIVALR- Your Trusted Source for Chemical Raw Materials\uff01\",\"description\":\"Discover a wide range of high-quality chemical raw materials to meet your industrial needs. Our commitment to excellence ensures that you get the best products and services.\",\"potentialAction\":[{\"@type\":\"SearchAction\",\"target\":{\"@type\":\"EntryPoint\",\"urlTemplate\":\"https:\\\/\\\/vivalr.com\\\/?s={search_term_string}\"},\"query-input\":{\"@type\":\"PropertyValueSpecification\",\"valueRequired\":true,\"valueName\":\"search_term_string\"}}],\"inLanguage\":\"pt-PT\"}]}<\/script>\n<!-- \/ Yoast SEO Premium plugin. -->","yoast_head_json":{"title":"High Quality Magnesium Sulfate Heptahydrate Cas 10034-99-8 With Best Price - Welcome to VIVALR- Your Trusted Source for Chemical Raw Materials\uff01","robots":{"index":"index","follow":"follow","max-snippet":"max-snippet:-1","max-image-preview":"max-image-preview:large","max-video-preview":"max-video-preview:-1"},"canonical":"https:\/\/vivalr.com\/pt\/product\/8069.html","og_locale":"pt_PT","og_type":"article","og_title":"High Quality Magnesium Sulfate Heptahydrate Cas 10034-99-8 With Best Price","og_description":"User Guide for High Quality Magnesium Sulfate Heptahydrate Cas 10034 - 99 - 8 With Best Price Basic Information and Parameters Uses of the Product How to Use the Product Detailed Usage Cases Contact Information Basic Information and Parameters Our product, High Quality Magnesium Sulfate Heptahydrate Cas 10034 - 99 - 8, is a well [&hellip;]","og_url":"https:\/\/vivalr.com\/pt\/product\/8069.html","og_site_name":"Welcome to VIVALR- Your Trusted Source for Chemical Raw Materials\uff01","article_modified_time":"2025-03-07T12:36:26+00:00","og_image":[{"width":350,"height":350,"url":"https:\/\/vivalr.com\/wp-content\/uploads\/2025\/03\/Magnesium-Sulfate-Heptahydrate-Cas-10034-99-8-5.jpg","type":"image\/jpeg"}],"twitter_card":"summary_large_image","twitter_misc":{"Tempo estimado de leitura":"3 minutos"},"schema":{"@context":"https:\/\/schema.org","@graph":[{"@type":"WebPage","@id":"https:\/\/vivalr.com\/product\/8069.html","url":"https:\/\/vivalr.com\/product\/8069.html","name":"High Quality Magnesium Sulfate Heptahydrate Cas 10034-99-8 With Best Price - Welcome to VIVALR- Your Trusted Source for Chemical Raw Materials\uff01","isPartOf":{"@id":"https:\/\/vivalr.com\/#website"},"primaryImageOfPage":{"@id":"https:\/\/vivalr.com\/product\/8069.html#primaryimage"},"image":{"@id":"https:\/\/vivalr.com\/product\/8069.html#primaryimage"},"thumbnailUrl":"https:\/\/vivalr.com\/wp-content\/uploads\/2025\/03\/Magnesium-Sulfate-Heptahydrate-Cas-10034-99-8-5.jpg","datePublished":"2025-03-07T12:13:45+00:00","dateModified":"2025-03-07T12:36:26+00:00","breadcrumb":{"@id":"https:\/\/vivalr.com\/product\/8069.html#breadcrumb"},"inLanguage":"pt-PT","potentialAction":[{"@type":"ReadAction","target":["https:\/\/vivalr.com\/product\/8069.html"]}]},{"@type":"ImageObject","inLanguage":"pt-PT","@id":"https:\/\/vivalr.com\/product\/8069.html#primaryimage","url":"https:\/\/vivalr.com\/wp-content\/uploads\/2025\/03\/Magnesium-Sulfate-Heptahydrate-Cas-10034-99-8-5.jpg","contentUrl":"https:\/\/vivalr.com\/wp-content\/uploads\/2025\/03\/Magnesium-Sulfate-Heptahydrate-Cas-10034-99-8-5.jpg","width":350,"height":350},{"@type":"BreadcrumbList","@id":"https:\/\/vivalr.com\/product\/8069.html#breadcrumb","itemListElement":[{"@type":"ListItem","position":1,"name":"Home","item":"https:\/\/vivalr.com\/"},{"@type":"ListItem","position":2,"name":"Shop","item":"https:\/\/vivalr.com\/shop\/"},{"@type":"ListItem","position":3,"name":"High Quality Magnesium Sulfate Heptahydrate Cas 10034-99-8 With Best Price"}]},{"@type":"WebSite","@id":"https:\/\/vivalr.com\/#website","url":"https:\/\/vivalr.com\/","name":"Bem-vindo ao VIVALR- Sua fonte confi\u00e1vel de mat\u00e9rias-primas qu\u00edmicas\uff01","description":"Descubra uma vasta gama de mat\u00e9rias-primas qu\u00edmicas de alta qualidade para satisfazer as suas necessidades industriais. O nosso compromisso com a excel\u00eancia garante-lhe os melhores produtos e servi\u00e7os.","potentialAction":[{"@type":"SearchAction","target":{"@type":"EntryPoint","urlTemplate":"https:\/\/vivalr.com\/?s={search_term_string}"},"query-input":{"@type":"PropertyValueSpecification","valueRequired":true,"valueName":"search_term_string"}}],"inLanguage":"pt-PT"}]}},"_links":{"self":[{"href":"https:\/\/vivalr.com\/pt\/wp-json\/wp\/v2\/product\/8069","targetHints":{"allow":["GET"]}}],"collection":[{"href":"https:\/\/vivalr.com\/pt\/wp-json\/wp\/v2\/product"}],"about":[{"href":"https:\/\/vivalr.com\/pt\/wp-json\/wp\/v2\/types\/product"}],"replies":[{"embeddable":true,"href":"https:\/\/vivalr.com\/pt\/wp-json\/wp\/v2\/comments?post=8069"}],"wp:featuredmedia":[{"embeddable":true,"href":"https:\/\/vivalr.com\/pt\/wp-json\/wp\/v2\/media\/25093"}],"wp:attachment":[{"href":"https:\/\/vivalr.com\/pt\/wp-json\/wp\/v2\/media?parent=8069"}],"wp:term":[{"taxonomy":"product_brand","embeddable":true,"href":"https:\/\/vivalr.com\/pt\/wp-json\/wp\/v2\/product_brand?post=8069"},{"taxonomy":"product_cat","embeddable":true,"href":"https:\/\/vivalr.com\/pt\/wp-json\/wp\/v2\/product_cat?post=8069"},{"taxonomy":"product_tag","embeddable":true,"href":"https:\/\/vivalr.com\/pt\/wp-json\/wp\/v2\/product_tag?post=8069"}],"curies":[{"name":"wp","href":"https:\/\/api.w.org\/{rel}","templated":true}]}}