{"id":8182,"date":"2025-03-07T12:13:54","date_gmt":"2025-03-07T12:13:54","guid":{"rendered":"https:\/\/vivalr.com\/product\/8182.html"},"modified":"2025-03-07T12:36:39","modified_gmt":"2025-03-07T12:36:39","slug":"high-quality-octylisothiazolinone-2-octyl-2h-isothiazol-3-one-cas-26530-20-1-with-best-price","status":"publish","type":"product","link":"https:\/\/vivalr.com\/pt\/product\/8182.html","title":{"rendered":"Octylisothiazolinone de alta qualidade \/ 2-Octyl-2H-isothiazol-3-one cas 26530-20-1 com melhor pre\u00e7o"},"content":{"rendered":"<h2>\u00cdndice<\/h2>\n<ol>\n<li><a href=\"#basic-info\">Informa\u00e7\u00f5es b\u00e1sicas e par\u00e2metros de octilisotiazolinona de alta qualidade<\/a><\/li>\n<li><a href=\"#usage\">Utiliza\u00e7\u00f5es da octilisotiazolinona de alta qualidade<\/a><\/li>\n<li><a href=\"#how-to-use\">Como utilizar octilisotiazolinona de alta qualidade<\/a><\/li>\n<li><a href=\"#case-study\">Estudos de casos de octilisotiazolinona de alta qualidade<\/a><\/li>\n<li><a href=\"#contact\">Informa\u00e7\u00f5es de contacto<\/a><\/li>\n<\/ol>\n<h2 id=\"basic-info\">Informa\u00e7\u00f5es b\u00e1sicas e par\u00e2metros de octilisotiazolinona de alta qualidade<\/h2>\n<p>Octylisothiazolinone de Alta Qualidade, tamb\u00e9m conhecido como 2 - Octyl - 2H - isothiazol - 3 - one, tem o n\u00famero CAS 26530 - 20 - 1. \u00c9 um composto qu\u00edmico de alto desempenho e amplamente utilizado. A octilisotiazolinona \u00e9 um l\u00edquido incolor a amarelo p\u00e1lido com um odor carater\u00edstico. Tem uma pureza relativamente elevada no nosso produto, o que garante o seu excelente desempenho em v\u00e1rias aplica\u00e7\u00f5es.<\/p>\n<p>A f\u00f3rmula molecular da octilisotiazolinona \u00e9 (C_{11}H_{19}NOS), e o seu peso molecular \u00e9 de aproximadamente 213,34 g\/mol. \u00c9 sol\u00favel na maioria dos solventes org\u00e2nicos, mas tem solubilidade limitada em \u00e1gua. O produto est\u00e1 dispon\u00edvel ao melhor pre\u00e7o, fornecendo solu\u00e7\u00f5es econ\u00f3micas para diferentes ind\u00fastrias.<\/p>\n<h2 id=\"usage\">Utiliza\u00e7\u00f5es da octilisotiazolinona de alta qualidade<\/h2>\n<p>1. **Conservante em cosm\u00e9ticos**: A octilisotiazolinona \u00e9 amplamente utilizada como conservante em cosm\u00e9ticos. Pode inibir eficazmente o crescimento de bact\u00e9rias, fungos e leveduras, prolongando o prazo de validade dos produtos cosm\u00e9ticos, tais como cremes, lo\u00e7\u00f5es e champ\u00f4s. Isto ajuda a manter a qualidade e a seguran\u00e7a dos cosm\u00e9ticos durante o armazenamento e a utiliza\u00e7\u00e3o.<\/p>\n<p>2. **Agente antimicrobiano industrial**: No dom\u00ednio industrial, \u00e9 utilizado como agente antimicrobiano em tintas \u00e0 base de \u00e1gua, colas e sistemas de arrefecimento de \u00e1gua. Ao impedir o crescimento de microorganismos, pode melhorar o desempenho e a durabilidade destes produtos industriais. Por exemplo, em tintas \u00e0 base de \u00e1gua, pode prevenir a forma\u00e7\u00e3o de bolor e mofo, mantendo a apar\u00eancia est\u00e9tica da superf\u00edcie pintada.<\/p>\n<p>3. **Ind\u00fastria t\u00eaxtil**: Na ind\u00fastria t\u00eaxtil, pode ser utilizado como fungicida e agente antibacteriano para o acabamento de t\u00eaxteis. Pode ajudar a prevenir o crescimento de bact\u00e9rias e fungos nos t\u00eaxteis, reduzindo os odores desagrad\u00e1veis e melhorando a higiene dos produtos t\u00eaxteis.<\/p>\n<h2 id=\"how-to-use\">Como utilizar octilisotiazolinona de alta qualidade<\/h2>\n<p>1. **Cosm\u00e9ticos**: Ao formular cosm\u00e9ticos, a dosagem recomendada de octilisotiazolinona \u00e9 geralmente entre 0,01% - 0,1%. Primeiro, dissolver a quantidade apropriada de octilisotiazolinona num solvente adequado, como etanol ou propilenoglicol. Em seguida, adicionar a solu\u00e7\u00e3o \u00e0 formula\u00e7\u00e3o cosm\u00e9tica durante o processo de mistura. Agitar bem para garantir uma distribui\u00e7\u00e3o uniforme.<\/p>\n<p>2. **Produtos industriais**: Para tintas e adesivos de base aquosa, a dosagem pode variar entre 0,05% - 0,2%. Adicionar a octilisotiazolinona diretamente ao produto durante o processo de produ\u00e7\u00e3o e misturar bem. Nos sistemas de \u00e1gua de arrefecimento, pode ser adicionada de forma cont\u00ednua ou intermitente, de acordo com os requisitos do sistema, normalmente com uma concentra\u00e7\u00e3o de 5 - 20 ppm.<\/p>\n<p>3. **Ind\u00fastria t\u00eaxtil**: No acabamento de t\u00eaxteis, o tecido pode ser imerso numa solu\u00e7\u00e3o que cont\u00e9m octilisotiazolinona. A concentra\u00e7\u00e3o da solu\u00e7\u00e3o \u00e9 normalmente de 0,1% - 0,5%. Ap\u00f3s a imers\u00e3o, o tecido deve ser seco a uma temperatura adequada.<\/p>\n<h2 id=\"case-study\">Estudos de casos de octilisotiazolinona de alta qualidade<\/h2>\n<p>1. **Caso dos cosm\u00e9ticos**: Uma empresa de cosm\u00e9ticos bem conhecida estava a enfrentar problemas com a contamina\u00e7\u00e3o microbiana da sua lo\u00e7\u00e3o hidratante. Depois de adicionar octilisotiazolinona de alta qualidade numa dosagem de 0,05%, a empresa observou uma redu\u00e7\u00e3o significativa no crescimento microbiano. O prazo de validade do produto foi alargado de 6 para 12 meses e as queixas dos clientes sobre a deteriora\u00e7\u00e3o do produto diminu\u00edram significativamente.<\/p>\n<p>2. **Caso de Tinta Industrial**: Um fabricante de tintas industriais estava a ter problemas com o crescimento de bolor nas suas tintas \u00e0 base de \u00e1gua durante o armazenamento. Ao adicionar octilisotiazolinona numa dosagem de 0,1%, o crescimento do bolor foi completamente inibido. As superf\u00edcies pintadas mantiveram o seu aspeto liso e limpo mesmo em ambientes de elevada humidade, o que melhorou a reputa\u00e7\u00e3o da empresa e a satisfa\u00e7\u00e3o dos clientes.<\/p>\n<p>3. **Caso dos t\u00eaxteis**: Uma f\u00e1brica de t\u00eaxteis estava a produzir len\u00e7\u00f3is antibacterianos. Utilizando octilisotiazolinona no processo de acabamento t\u00eaxtil a uma concentra\u00e7\u00e3o de 0,3%, os len\u00e7\u00f3is apresentavam um excelente desempenho antibacteriano. Ap\u00f3s v\u00e1rias lavagens, o efeito antibacteriano ainda se mantinha, o que levou a um aumento da procura do produto no mercado.<\/p>\n<h2 id=\"contact\">Informa\u00e7\u00f5es de contacto<\/h2>\n<p>Se voc\u00ea tiver alguma d\u00favida ou precisar de mais informa\u00e7\u00f5es sobre Octylisothiazolinone de alta qualidade, n\u00e3o hesite em contactar-nos. O nosso correio eletr\u00f3nico \u00e9 <a","protected":false},"excerpt":{"rendered":"<p>Table of Contents Basic Information and Parameters of High Quality Octylisothiazolinone Uses of High Quality Octylisothiazolinone How to Use High Quality Octylisothiazolinone Case Studies of High Quality Octylisothiazolinone Contact Information Basic Information and Parameters of High Quality Octylisothiazolinone High Quality Octylisothiazolinone, also known as 2 - Octyl - 2H - isothiazol - 3 - one, [&hellip;]<\/p>","protected":false},"featured_media":25148,"comment_status":"closed","ping_status":"open","template":"","meta":[],"product_brand":[],"product_cat":[15],"product_tag":[],"class_list":{"0":"post-8182","1":"product","2":"type-product","3":"status-publish","4":"has-post-thumbnail","6":"product_cat-uncategorized","8":"first","9":"instock","10":"product-type-simple"},"yoast_head":"<!-- This site is optimized with the Yoast SEO Premium plugin v24.4 (Yoast SEO v27.4) - https:\/\/yoast.com\/product\/yoast-seo-premium-wordpress\/ -->\n<title>High Quality Octylisothiazolinone \/ 2-Octyl-2H-isothiazol-3-one cas 26530-20-1 With Best Price - Welcome to VIVALR- Your Trusted Source for Chemical Raw Materials\uff01<\/title>\n<meta name=\"robots\" content=\"index, follow, max-snippet:-1, max-image-preview:large, max-video-preview:-1\" \/>\n<link rel=\"canonical\" href=\"https:\/\/vivalr.com\/pt\/product\/8182.html\" \/>\n<meta property=\"og:locale\" content=\"pt_PT\" \/>\n<meta property=\"og:type\" content=\"article\" \/>\n<meta property=\"og:title\" content=\"High Quality Octylisothiazolinone \/ 2-Octyl-2H-isothiazol-3-one cas 26530-20-1 With Best Price\" \/>\n<meta property=\"og:description\" content=\"Table of Contents Basic Information and Parameters of High Quality Octylisothiazolinone Uses of High Quality Octylisothiazolinone How to Use High Quality Octylisothiazolinone Case Studies of High Quality Octylisothiazolinone Contact Information Basic Information and Parameters of High Quality Octylisothiazolinone High Quality Octylisothiazolinone, also known as 2 - Octyl - 2H - isothiazol - 3 - one, [&hellip;]\" \/>\n<meta property=\"og:url\" content=\"https:\/\/vivalr.com\/pt\/product\/8182.html\" \/>\n<meta property=\"og:site_name\" content=\"Welcome to VIVALR- Your Trusted Source for Chemical Raw Materials\uff01\" \/>\n<meta property=\"article:modified_time\" content=\"2025-03-07T12:36:39+00:00\" \/>\n<meta property=\"og:image\" content=\"https:\/\/vivalr.com\/wp-content\/uploads\/2025\/03\/Octylisothiazolinone-Oit-cas-26530-20-1.jpg\" \/>\n\t<meta property=\"og:image:width\" content=\"600\" \/>\n\t<meta property=\"og:image:height\" content=\"654\" \/>\n\t<meta property=\"og:image:type\" content=\"image\/jpeg\" \/>\n<meta name=\"twitter:card\" content=\"summary_large_image\" \/>\n<meta name=\"twitter:label1\" content=\"Tempo estimado de leitura\" \/>\n\t<meta name=\"twitter:data1\" content=\"3 minutos\" \/>\n<script type=\"application\/ld+json\" class=\"yoast-schema-graph\">{\"@context\":\"https:\\\/\\\/schema.org\",\"@graph\":[{\"@type\":\"WebPage\",\"@id\":\"https:\\\/\\\/vivalr.com\\\/product\\\/8182.html\",\"url\":\"https:\\\/\\\/vivalr.com\\\/product\\\/8182.html\",\"name\":\"High Quality Octylisothiazolinone \\\/ 2-Octyl-2H-isothiazol-3-one cas 26530-20-1 With Best Price - Welcome to VIVALR- Your Trusted Source for Chemical Raw Materials\uff01\",\"isPartOf\":{\"@id\":\"https:\\\/\\\/vivalr.com\\\/#website\"},\"primaryImageOfPage\":{\"@id\":\"https:\\\/\\\/vivalr.com\\\/product\\\/8182.html#primaryimage\"},\"image\":{\"@id\":\"https:\\\/\\\/vivalr.com\\\/product\\\/8182.html#primaryimage\"},\"thumbnailUrl\":\"https:\\\/\\\/vivalr.com\\\/wp-content\\\/uploads\\\/2025\\\/03\\\/Octylisothiazolinone-Oit-cas-26530-20-1.jpg\",\"datePublished\":\"2025-03-07T12:13:54+00:00\",\"dateModified\":\"2025-03-07T12:36:39+00:00\",\"breadcrumb\":{\"@id\":\"https:\\\/\\\/vivalr.com\\\/product\\\/8182.html#breadcrumb\"},\"inLanguage\":\"pt-PT\",\"potentialAction\":[{\"@type\":\"ReadAction\",\"target\":[\"https:\\\/\\\/vivalr.com\\\/product\\\/8182.html\"]}]},{\"@type\":\"ImageObject\",\"inLanguage\":\"pt-PT\",\"@id\":\"https:\\\/\\\/vivalr.com\\\/product\\\/8182.html#primaryimage\",\"url\":\"https:\\\/\\\/vivalr.com\\\/wp-content\\\/uploads\\\/2025\\\/03\\\/Octylisothiazolinone-Oit-cas-26530-20-1.jpg\",\"contentUrl\":\"https:\\\/\\\/vivalr.com\\\/wp-content\\\/uploads\\\/2025\\\/03\\\/Octylisothiazolinone-Oit-cas-26530-20-1.jpg\",\"width\":600,\"height\":654},{\"@type\":\"BreadcrumbList\",\"@id\":\"https:\\\/\\\/vivalr.com\\\/product\\\/8182.html#breadcrumb\",\"itemListElement\":[{\"@type\":\"ListItem\",\"position\":1,\"name\":\"Home\",\"item\":\"https:\\\/\\\/vivalr.com\\\/\"},{\"@type\":\"ListItem\",\"position\":2,\"name\":\"Shop\",\"item\":\"https:\\\/\\\/vivalr.com\\\/shop\\\/\"},{\"@type\":\"ListItem\",\"position\":3,\"name\":\"High Quality Octylisothiazolinone \\\/ 2-Octyl-2H-isothiazol-3-one cas 26530-20-1 With Best Price\"}]},{\"@type\":\"WebSite\",\"@id\":\"https:\\\/\\\/vivalr.com\\\/#website\",\"url\":\"https:\\\/\\\/vivalr.com\\\/\",\"name\":\"Welcome to VIVALR- Your Trusted Source for Chemical Raw Materials\uff01\",\"description\":\"Discover a wide range of high-quality chemical raw materials to meet your industrial needs. Our commitment to excellence ensures that you get the best products and services.\",\"potentialAction\":[{\"@type\":\"SearchAction\",\"target\":{\"@type\":\"EntryPoint\",\"urlTemplate\":\"https:\\\/\\\/vivalr.com\\\/?s={search_term_string}\"},\"query-input\":{\"@type\":\"PropertyValueSpecification\",\"valueRequired\":true,\"valueName\":\"search_term_string\"}}],\"inLanguage\":\"pt-PT\"}]}<\/script>\n<!-- \/ Yoast SEO Premium plugin. -->","yoast_head_json":{"title":"Octylisothiazolinone de alta qualidade \/ 2-Octyl-2H-isothiazol-3-one cas 26530-20-1 com melhor pre\u00e7o - Bem-vindo ao VIVALR- Sua fonte confi\u00e1vel de mat\u00e9rias-primas qu\u00edmicas\uff01","robots":{"index":"index","follow":"follow","max-snippet":"max-snippet:-1","max-image-preview":"max-image-preview:large","max-video-preview":"max-video-preview:-1"},"canonical":"https:\/\/vivalr.com\/pt\/product\/8182.html","og_locale":"pt_PT","og_type":"article","og_title":"High Quality Octylisothiazolinone \/ 2-Octyl-2H-isothiazol-3-one cas 26530-20-1 With Best Price","og_description":"Table of Contents Basic Information and Parameters of High Quality Octylisothiazolinone Uses of High Quality Octylisothiazolinone How to Use High Quality Octylisothiazolinone Case Studies of High Quality Octylisothiazolinone Contact Information Basic Information and Parameters of High Quality Octylisothiazolinone High Quality Octylisothiazolinone, also known as 2 - Octyl - 2H - isothiazol - 3 - one, [&hellip;]","og_url":"https:\/\/vivalr.com\/pt\/product\/8182.html","og_site_name":"Welcome to VIVALR- Your Trusted Source for Chemical Raw Materials\uff01","article_modified_time":"2025-03-07T12:36:39+00:00","og_image":[{"width":600,"height":654,"url":"https:\/\/vivalr.com\/wp-content\/uploads\/2025\/03\/Octylisothiazolinone-Oit-cas-26530-20-1.jpg","type":"image\/jpeg"}],"twitter_card":"summary_large_image","twitter_misc":{"Tempo estimado de leitura":"3 minutos"},"schema":{"@context":"https:\/\/schema.org","@graph":[{"@type":"WebPage","@id":"https:\/\/vivalr.com\/product\/8182.html","url":"https:\/\/vivalr.com\/product\/8182.html","name":"Octylisothiazolinone de alta qualidade \/ 2-Octyl-2H-isothiazol-3-one cas 26530-20-1 com melhor pre\u00e7o - Bem-vindo ao VIVALR- Sua fonte confi\u00e1vel de mat\u00e9rias-primas qu\u00edmicas\uff01","isPartOf":{"@id":"https:\/\/vivalr.com\/#website"},"primaryImageOfPage":{"@id":"https:\/\/vivalr.com\/product\/8182.html#primaryimage"},"image":{"@id":"https:\/\/vivalr.com\/product\/8182.html#primaryimage"},"thumbnailUrl":"https:\/\/vivalr.com\/wp-content\/uploads\/2025\/03\/Octylisothiazolinone-Oit-cas-26530-20-1.jpg","datePublished":"2025-03-07T12:13:54+00:00","dateModified":"2025-03-07T12:36:39+00:00","breadcrumb":{"@id":"https:\/\/vivalr.com\/product\/8182.html#breadcrumb"},"inLanguage":"pt-PT","potentialAction":[{"@type":"ReadAction","target":["https:\/\/vivalr.com\/product\/8182.html"]}]},{"@type":"ImageObject","inLanguage":"pt-PT","@id":"https:\/\/vivalr.com\/product\/8182.html#primaryimage","url":"https:\/\/vivalr.com\/wp-content\/uploads\/2025\/03\/Octylisothiazolinone-Oit-cas-26530-20-1.jpg","contentUrl":"https:\/\/vivalr.com\/wp-content\/uploads\/2025\/03\/Octylisothiazolinone-Oit-cas-26530-20-1.jpg","width":600,"height":654},{"@type":"BreadcrumbList","@id":"https:\/\/vivalr.com\/product\/8182.html#breadcrumb","itemListElement":[{"@type":"ListItem","position":1,"name":"Home","item":"https:\/\/vivalr.com\/"},{"@type":"ListItem","position":2,"name":"Shop","item":"https:\/\/vivalr.com\/shop\/"},{"@type":"ListItem","position":3,"name":"High Quality Octylisothiazolinone \/ 2-Octyl-2H-isothiazol-3-one cas 26530-20-1 With Best Price"}]},{"@type":"WebSite","@id":"https:\/\/vivalr.com\/#website","url":"https:\/\/vivalr.com\/","name":"Bem-vindo ao VIVALR- Sua fonte confi\u00e1vel de mat\u00e9rias-primas qu\u00edmicas\uff01","description":"Descubra uma vasta gama de mat\u00e9rias-primas qu\u00edmicas de alta qualidade para satisfazer as suas necessidades industriais. O nosso compromisso com a excel\u00eancia garante-lhe os melhores produtos e servi\u00e7os.","potentialAction":[{"@type":"SearchAction","target":{"@type":"EntryPoint","urlTemplate":"https:\/\/vivalr.com\/?s={search_term_string}"},"query-input":{"@type":"PropertyValueSpecification","valueRequired":true,"valueName":"search_term_string"}}],"inLanguage":"pt-PT"}]}},"_links":{"self":[{"href":"https:\/\/vivalr.com\/pt\/wp-json\/wp\/v2\/product\/8182","targetHints":{"allow":["GET"]}}],"collection":[{"href":"https:\/\/vivalr.com\/pt\/wp-json\/wp\/v2\/product"}],"about":[{"href":"https:\/\/vivalr.com\/pt\/wp-json\/wp\/v2\/types\/product"}],"replies":[{"embeddable":true,"href":"https:\/\/vivalr.com\/pt\/wp-json\/wp\/v2\/comments?post=8182"}],"wp:featuredmedia":[{"embeddable":true,"href":"https:\/\/vivalr.com\/pt\/wp-json\/wp\/v2\/media\/25148"}],"wp:attachment":[{"href":"https:\/\/vivalr.com\/pt\/wp-json\/wp\/v2\/media?parent=8182"}],"wp:term":[{"taxonomy":"product_brand","embeddable":true,"href":"https:\/\/vivalr.com\/pt\/wp-json\/wp\/v2\/product_brand?post=8182"},{"taxonomy":"product_cat","embeddable":true,"href":"https:\/\/vivalr.com\/pt\/wp-json\/wp\/v2\/product_cat?post=8182"},{"taxonomy":"product_tag","embeddable":true,"href":"https:\/\/vivalr.com\/pt\/wp-json\/wp\/v2\/product_tag?post=8182"}],"curies":[{"name":"wp","href":"https:\/\/api.w.org\/{rel}","templated":true}]}}