{"id":8296,"date":"2025-03-07T12:14:01","date_gmt":"2025-03-07T12:14:01","guid":{"rendered":"https:\/\/vivalr.com\/product\/8296.html"},"modified":"2025-03-07T12:36:52","modified_gmt":"2025-03-07T12:36:52","slug":"high-quality-diphenyl-azidophosphate-dppa-cas-26386-88-9-with-best-price","status":"publish","type":"product","link":"https:\/\/vivalr.com\/pt\/product\/8296.html","title":{"rendered":"Azidofosfato de difenilo de alta qualidade (DPPA) CAS 26386-88-9 com melhor pre\u00e7o"},"content":{"rendered":"<h1>Guia do utilizador para o difenil azidofosfato (DPPA) de alta qualidade CAS 26386-88-9<\/h1>\n<h2>\u00cdndice<\/h2>\n<ul>\n<li><a href=\"#basic_info\">Informa\u00e7\u00f5es e par\u00e2metros b\u00e1sicos<\/a><\/li>\n<li><a href=\"#uses\">Utiliza\u00e7\u00f5es do produto<\/a><\/li>\n<li><a href=\"#usage\">Utiliza\u00e7\u00e3o do produto<\/a><\/li>\n<li><a href=\"#case_studies\">Estudos de casos de utiliza\u00e7\u00e3o de produtos<\/a><\/li>\n<li><a href=\"#contact\">Informa\u00e7\u00f5es de contacto<\/a><\/li>\n<\/ul>\n<h2 id=\"basic_info\">Informa\u00e7\u00f5es e par\u00e2metros b\u00e1sicos<\/h2>\n<p>O Difenil Azidofosfato de Alta Qualidade (DPPA) com o n\u00famero CAS 26386-88-9 \u00e9 um produto qu\u00edmico de alta qualidade dispon\u00edvel ao melhor pre\u00e7o. \u00c9 um l\u00edquido incolor a amarelo p\u00e1lido em condi\u00e7\u00f5es normais. A f\u00f3rmula molecular do DPPA \u00e9 C\u2081\u2082H\u2081\u2080N\u2083O\u2083P, e seu peso molecular \u00e9 de aproximadamente 287,20 g\/mol. Tem um ponto de ebuli\u00e7\u00e3o relativamente alto, o que o torna est\u00e1vel sob condi\u00e7\u00f5es de alta temperatura em muitas rea\u00e7\u00f5es qu\u00edmicas. A sua densidade \u00e9 de cerca de 1,32 g\/cm\u00b3. O produto \u00e9 normalmente armazenado num local fresco e seco, longe da luz solar direta e de fontes de igni\u00e7\u00e3o, devido \u00e0 sua reatividade qu\u00edmica.<\/p>\n<h2 id=\"uses\">Utiliza\u00e7\u00f5es do produto<\/h2>\n<p>O DPPA \u00e9 amplamente utilizado em s\u00edntese org\u00e2nica. Uma das suas principais aplica\u00e7\u00f5es \u00e9 como reagente de acoplamento na s\u00edntese de p\u00e9ptidos. No processo de cria\u00e7\u00e3o de p\u00e9ptidos, que s\u00e3o componentes essenciais em sistemas biol\u00f3gicos e produtos farmac\u00eauticos, o DPPA pode ativar eficazmente os \u00e1cidos carbox\u00edlicos, permitindo-lhes reagir com aminas para formar liga\u00e7\u00f5es pept\u00eddicas. Esta rea\u00e7\u00e3o \u00e9 crucial na produ\u00e7\u00e3o de v\u00e1rios p\u00e9ptidos bioactivos, tais como an\u00e1logos de hormonas e inibidores de enzimas. <\/p>\n<p>Serve tamb\u00e9m como agente de fosforila\u00e7\u00e3o em algumas reac\u00e7\u00f5es qu\u00edmicas. O DPPA pode introduzir grupos fosfato em mol\u00e9culas org\u00e2nicas, o que \u00e9 significativo na s\u00edntese de compostos biologicamente importantes, como os nucle\u00f3tidos. Al\u00e9m disso, pode ser utilizado na prepara\u00e7\u00e3o de azidas, que s\u00e3o intermedi\u00e1rios \u00fateis na s\u00edntese de compostos heteroc\u00edclicos e em reac\u00e7\u00f5es de qu\u00edmica de clique.<\/p>\n<h2 id=\"usage\">Utiliza\u00e7\u00e3o do produto<\/h2>\n<p>Quando se utiliza a DPPA, \u00e9 essencial seguir procedimentos de seguran\u00e7a rigorosos. Em primeiro lugar, usar equipamento de prote\u00e7\u00e3o pessoal adequado, incluindo luvas, \u00f3culos de prote\u00e7\u00e3o e uma bata de laborat\u00f3rio. Abrir o recipiente numa \u00e1rea bem ventilada ou sob um exaustor para evitar a inala\u00e7\u00e3o de quaisquer vapores potencialmente nocivos.<\/p>\n<p>Na s\u00edntese de p\u00e9ptidos, normalmente, \u00e9 adicionada uma quantidade equimolar de DPPA a uma solu\u00e7\u00e3o que cont\u00e9m o componente \u00e1cido carbox\u00edlico. A mistura de rea\u00e7\u00e3o \u00e9 ent\u00e3o agitada a uma temperatura adequada durante um certo per\u00edodo para assegurar a ativa\u00e7\u00e3o completa do \u00e1cido. Em seguida, \u00e9 adicionado o componente amina e a rea\u00e7\u00e3o prossegue para formar a liga\u00e7\u00e3o pept\u00eddica. As condi\u00e7\u00f5es de rea\u00e7\u00e3o, como a temperatura e o tempo de rea\u00e7\u00e3o, t\u00eam de ser cuidadosamente controladas de acordo com os substratos espec\u00edficos e o produto desejado.<\/p>\n<h2 id=\"case_studies\">Estudos de casos de utiliza\u00e7\u00e3o de produtos<\/h2>\n<p>Caso 1: S\u00edntese de p\u00e9ptidos para um p\u00e9ptido terap\u00eautico<br \/>\n  Um grupo de investiga\u00e7\u00e3o estava a trabalhar na s\u00edntese de um novo p\u00e9ptido terap\u00eautico para o tratamento de um determinado tipo de cancro. Utilizaram o DPPA como reagente de acoplamento. Primeiro, dissolveram o amino\u00e1cido protegido com um grupo \u00e1cido carbox\u00edlico num solvente org\u00e2nico adequado, como o diclorometano. Depois, adicionaram DPPA \u00e0 solu\u00e7\u00e3o e agitaram-na durante 30 minutos a 0\u00b0C para ativar o \u00e1cido carbox\u00edlico. Em seguida, adicionaram o amino\u00e1cido protegido com um grupo amino \u00e0 mistura de rea\u00e7\u00e3o. Depois de deixarem a rea\u00e7\u00e3o prosseguir \u00e0 temperatura ambiente durante 2 horas, obtiveram o dipept\u00eddeo desejado com um rendimento elevado. Atrav\u00e9s de outras etapas de purifica\u00e7\u00e3o, conseguiram isolar o p\u00e9ptido puro para testes biol\u00f3gicos.<\/p>\n<p>Caso 2: Rea\u00e7\u00e3o de Fosforila\u00e7\u00e3o<br \/>\n  Num laborat\u00f3rio qu\u00edmico, os cientistas estavam a tentar sintetizar um derivado de a\u00e7\u00facar fosforilado para estudar os processos biol\u00f3gicos relacionados com os hidratos de carbono. Utilizaram o DPPA como agente de fosforila\u00e7\u00e3o. Dissolveram o composto de a\u00e7\u00facar num solvente seco e adicionaram DPPA em condi\u00e7\u00f5es anidras. Depois de aquecer a mistura de rea\u00e7\u00e3o a 60\u00b0C durante 4 horas, introduziram com sucesso o grupo fosfato na mol\u00e9cula de a\u00e7\u00facar, o que foi confirmado por RMN e an\u00e1lise de espetrometria de massa.<\/p>\n<h2 id=\"contact\">Informa\u00e7\u00f5es de contacto<\/h2>\n<p>Se tiver alguma d\u00favida ou precisar de mais informa\u00e7\u00f5es sobre o Difenil Azidofosfato (DPPA) de alta qualidade, n\u00e3o hesite em contactar-nos. Pode contactar-nos por correio eletr\u00f3nico para info@vivalr.com ou por telefone para (86) 15866781826.<\/p>","protected":false},"excerpt":{"rendered":"<p>Guia do Utilizador para o Azidofosfato de Difenilo de Alta Qualidade (DPPA) CAS 26386-88-9 \u00cdndice Informa\u00e7\u00f5es B\u00e1sicas e Par\u00e2metros Utiliza\u00e7\u00f5es do Produto Utiliza\u00e7\u00e3o do Produto Utiliza\u00e7\u00e3o do Produto Estudos de Caso Informa\u00e7\u00f5es de Contacto Informa\u00e7\u00f5es B\u00e1sicas e Par\u00e2metros O Azidofosfato de Difenilo de Alta Qualidade (DPPA) com o n\u00famero CAS 26386-88-9 \u00e9 um produto qu\u00edmico de alta qualidade dispon\u00edvel ao melhor pre\u00e7o. \u00c9 [...]<\/p>","protected":false},"featured_media":25205,"comment_status":"closed","ping_status":"open","template":"","meta":[],"product_brand":[],"product_cat":[15],"product_tag":[],"class_list":{"0":"post-8296","1":"product","2":"type-product","3":"status-publish","4":"has-post-thumbnail","6":"product_cat-uncategorized","8":"first","9":"instock","10":"product-type-simple"},"yoast_head":"<!-- This site is optimized with the Yoast SEO Premium plugin v24.4 (Yoast SEO v25.0) - https:\/\/yoast.com\/wordpress\/plugins\/seo\/ -->\n<title>High Quality Diphenyl Azidophosphate (DPPA) CAS 26386-88-9 With Best Price - Welcome to VIVALR- Your Trusted Source for Chemical Raw Materials\uff01<\/title>\n<meta name=\"robots\" content=\"index, follow, max-snippet:-1, max-image-preview:large, max-video-preview:-1\" \/>\n<link rel=\"canonical\" href=\"https:\/\/vivalr.com\/pt\/product\/8296.html\" \/>\n<meta property=\"og:locale\" content=\"pt_PT\" \/>\n<meta property=\"og:type\" content=\"article\" \/>\n<meta property=\"og:title\" content=\"High Quality Diphenyl Azidophosphate (DPPA) CAS 26386-88-9 With Best Price\" \/>\n<meta property=\"og:description\" content=\"User Guide for High Quality Diphenyl Azidophosphate (DPPA) CAS 26386-88-9 Table of Contents Basic Information and Parameters Product Uses Product Usage Product Usage Case Studies Contact Information Basic Information and Parameters High Quality Diphenyl Azidophosphate (DPPA) with the CAS number 26386-88-9 is a high - quality chemical product available at the best price. It is [&hellip;]\" \/>\n<meta property=\"og:url\" content=\"https:\/\/vivalr.com\/pt\/product\/8296.html\" \/>\n<meta property=\"og:site_name\" content=\"Welcome to VIVALR- Your Trusted Source for Chemical Raw Materials\uff01\" \/>\n<meta property=\"article:modified_time\" content=\"2025-03-07T12:36:52+00:00\" \/>\n<meta property=\"og:image\" content=\"https:\/\/vivalr.com\/wp-content\/uploads\/2025\/03\/diphenyl-azidophosphate-dppa-cas-26386-88-9.jpg\" \/>\n\t<meta property=\"og:image:width\" content=\"600\" \/>\n\t<meta property=\"og:image:height\" content=\"654\" \/>\n\t<meta property=\"og:image:type\" content=\"image\/jpeg\" \/>\n<meta name=\"twitter:card\" content=\"summary_large_image\" \/>\n<meta name=\"twitter:label1\" content=\"Tempo estimado de leitura\" \/>\n\t<meta name=\"twitter:data1\" content=\"3 minutos\" \/>\n<script type=\"application\/ld+json\" class=\"yoast-schema-graph\">{\"@context\":\"https:\/\/schema.org\",\"@graph\":[{\"@type\":\"WebPage\",\"@id\":\"https:\/\/vivalr.com\/product\/8296.html\",\"url\":\"https:\/\/vivalr.com\/product\/8296.html\",\"name\":\"High Quality Diphenyl Azidophosphate (DPPA) CAS 26386-88-9 With Best Price - Welcome to VIVALR- Your Trusted Source for Chemical Raw Materials\uff01\",\"isPartOf\":{\"@id\":\"https:\/\/vivalr.com\/#website\"},\"primaryImageOfPage\":{\"@id\":\"https:\/\/vivalr.com\/product\/8296.html#primaryimage\"},\"image\":{\"@id\":\"https:\/\/vivalr.com\/product\/8296.html#primaryimage\"},\"thumbnailUrl\":\"https:\/\/vivalr.com\/wp-content\/uploads\/2025\/03\/diphenyl-azidophosphate-dppa-cas-26386-88-9.jpg\",\"datePublished\":\"2025-03-07T12:14:01+00:00\",\"dateModified\":\"2025-03-07T12:36:52+00:00\",\"breadcrumb\":{\"@id\":\"https:\/\/vivalr.com\/product\/8296.html#breadcrumb\"},\"inLanguage\":\"pt-PT\",\"potentialAction\":[{\"@type\":\"ReadAction\",\"target\":[\"https:\/\/vivalr.com\/product\/8296.html\"]}]},{\"@type\":\"ImageObject\",\"inLanguage\":\"pt-PT\",\"@id\":\"https:\/\/vivalr.com\/product\/8296.html#primaryimage\",\"url\":\"https:\/\/vivalr.com\/wp-content\/uploads\/2025\/03\/diphenyl-azidophosphate-dppa-cas-26386-88-9.jpg\",\"contentUrl\":\"https:\/\/vivalr.com\/wp-content\/uploads\/2025\/03\/diphenyl-azidophosphate-dppa-cas-26386-88-9.jpg\",\"width\":600,\"height\":654},{\"@type\":\"BreadcrumbList\",\"@id\":\"https:\/\/vivalr.com\/product\/8296.html#breadcrumb\",\"itemListElement\":[{\"@type\":\"ListItem\",\"position\":1,\"name\":\"Home\",\"item\":\"https:\/\/vivalr.com\/\"},{\"@type\":\"ListItem\",\"position\":2,\"name\":\"Shop\",\"item\":\"https:\/\/vivalr.com\/shop\/\"},{\"@type\":\"ListItem\",\"position\":3,\"name\":\"High Quality Diphenyl Azidophosphate (DPPA) CAS 26386-88-9 With Best Price\"}]},{\"@type\":\"WebSite\",\"@id\":\"https:\/\/vivalr.com\/#website\",\"url\":\"https:\/\/vivalr.com\/\",\"name\":\"Welcome to VIVALR- Your Trusted Source for Chemical Raw Materials\uff01\",\"description\":\"Discover a wide range of high-quality chemical raw materials to meet your industrial needs. Our commitment to excellence ensures that you get the best products and services.\",\"potentialAction\":[{\"@type\":\"SearchAction\",\"target\":{\"@type\":\"EntryPoint\",\"urlTemplate\":\"https:\/\/vivalr.com\/?s={search_term_string}\"},\"query-input\":{\"@type\":\"PropertyValueSpecification\",\"valueRequired\":true,\"valueName\":\"search_term_string\"}}],\"inLanguage\":\"pt-PT\"}]}<\/script>\n<!-- \/ Yoast SEO Premium plugin. -->","yoast_head_json":{"title":"Difenil Azidofosfato (DPPA) CAS 26386-88-9 de alta qualidade com melhor pre\u00e7o - Bem-vindo ao VIVALR- Sua fonte confi\u00e1vel de mat\u00e9rias-primas qu\u00edmicas\uff01","robots":{"index":"index","follow":"follow","max-snippet":"max-snippet:-1","max-image-preview":"max-image-preview:large","max-video-preview":"max-video-preview:-1"},"canonical":"https:\/\/vivalr.com\/pt\/product\/8296.html","og_locale":"pt_PT","og_type":"article","og_title":"High Quality Diphenyl Azidophosphate (DPPA) CAS 26386-88-9 With Best Price","og_description":"User Guide for High Quality Diphenyl Azidophosphate (DPPA) CAS 26386-88-9 Table of Contents Basic Information and Parameters Product Uses Product Usage Product Usage Case Studies Contact Information Basic Information and Parameters High Quality Diphenyl Azidophosphate (DPPA) with the CAS number 26386-88-9 is a high - quality chemical product available at the best price. It is [&hellip;]","og_url":"https:\/\/vivalr.com\/pt\/product\/8296.html","og_site_name":"Welcome to VIVALR- Your Trusted Source for Chemical Raw Materials\uff01","article_modified_time":"2025-03-07T12:36:52+00:00","og_image":[{"width":600,"height":654,"url":"https:\/\/vivalr.com\/wp-content\/uploads\/2025\/03\/diphenyl-azidophosphate-dppa-cas-26386-88-9.jpg","type":"image\/jpeg"}],"twitter_card":"summary_large_image","twitter_misc":{"Tempo estimado de leitura":"3 minutos"},"schema":{"@context":"https:\/\/schema.org","@graph":[{"@type":"WebPage","@id":"https:\/\/vivalr.com\/product\/8296.html","url":"https:\/\/vivalr.com\/product\/8296.html","name":"Difenil Azidofosfato (DPPA) CAS 26386-88-9 de alta qualidade com melhor pre\u00e7o - Bem-vindo ao VIVALR- Sua fonte confi\u00e1vel de mat\u00e9rias-primas qu\u00edmicas\uff01","isPartOf":{"@id":"https:\/\/vivalr.com\/#website"},"primaryImageOfPage":{"@id":"https:\/\/vivalr.com\/product\/8296.html#primaryimage"},"image":{"@id":"https:\/\/vivalr.com\/product\/8296.html#primaryimage"},"thumbnailUrl":"https:\/\/vivalr.com\/wp-content\/uploads\/2025\/03\/diphenyl-azidophosphate-dppa-cas-26386-88-9.jpg","datePublished":"2025-03-07T12:14:01+00:00","dateModified":"2025-03-07T12:36:52+00:00","breadcrumb":{"@id":"https:\/\/vivalr.com\/product\/8296.html#breadcrumb"},"inLanguage":"pt-PT","potentialAction":[{"@type":"ReadAction","target":["https:\/\/vivalr.com\/product\/8296.html"]}]},{"@type":"ImageObject","inLanguage":"pt-PT","@id":"https:\/\/vivalr.com\/product\/8296.html#primaryimage","url":"https:\/\/vivalr.com\/wp-content\/uploads\/2025\/03\/diphenyl-azidophosphate-dppa-cas-26386-88-9.jpg","contentUrl":"https:\/\/vivalr.com\/wp-content\/uploads\/2025\/03\/diphenyl-azidophosphate-dppa-cas-26386-88-9.jpg","width":600,"height":654},{"@type":"BreadcrumbList","@id":"https:\/\/vivalr.com\/product\/8296.html#breadcrumb","itemListElement":[{"@type":"ListItem","position":1,"name":"Home","item":"https:\/\/vivalr.com\/"},{"@type":"ListItem","position":2,"name":"Shop","item":"https:\/\/vivalr.com\/shop\/"},{"@type":"ListItem","position":3,"name":"High Quality Diphenyl Azidophosphate (DPPA) CAS 26386-88-9 With Best Price"}]},{"@type":"WebSite","@id":"https:\/\/vivalr.com\/#website","url":"https:\/\/vivalr.com\/","name":"Bem-vindo ao VIVALR- Sua fonte confi\u00e1vel de mat\u00e9rias-primas qu\u00edmicas\uff01","description":"Descubra uma vasta gama de mat\u00e9rias-primas qu\u00edmicas de alta qualidade para satisfazer as suas necessidades industriais. O nosso compromisso com a excel\u00eancia garante-lhe os melhores produtos e servi\u00e7os.","potentialAction":[{"@type":"SearchAction","target":{"@type":"EntryPoint","urlTemplate":"https:\/\/vivalr.com\/?s={search_term_string}"},"query-input":{"@type":"PropertyValueSpecification","valueRequired":true,"valueName":"search_term_string"}}],"inLanguage":"pt-PT"}]}},"_links":{"self":[{"href":"https:\/\/vivalr.com\/pt\/wp-json\/wp\/v2\/product\/8296","targetHints":{"allow":["GET"]}}],"collection":[{"href":"https:\/\/vivalr.com\/pt\/wp-json\/wp\/v2\/product"}],"about":[{"href":"https:\/\/vivalr.com\/pt\/wp-json\/wp\/v2\/types\/product"}],"replies":[{"embeddable":true,"href":"https:\/\/vivalr.com\/pt\/wp-json\/wp\/v2\/comments?post=8296"}],"wp:featuredmedia":[{"embeddable":true,"href":"https:\/\/vivalr.com\/pt\/wp-json\/wp\/v2\/media\/25205"}],"wp:attachment":[{"href":"https:\/\/vivalr.com\/pt\/wp-json\/wp\/v2\/media?parent=8296"}],"wp:term":[{"taxonomy":"product_brand","embeddable":true,"href":"https:\/\/vivalr.com\/pt\/wp-json\/wp\/v2\/product_brand?post=8296"},{"taxonomy":"product_cat","embeddable":true,"href":"https:\/\/vivalr.com\/pt\/wp-json\/wp\/v2\/product_cat?post=8296"},{"taxonomy":"product_tag","embeddable":true,"href":"https:\/\/vivalr.com\/pt\/wp-json\/wp\/v2\/product_tag?post=8296"}],"curies":[{"name":"wp","href":"https:\/\/api.w.org\/{rel}","templated":true}]}}