{"id":8572,"date":"2025-03-07T12:14:21","date_gmt":"2025-03-07T12:14:21","guid":{"rendered":"https:\/\/vivalr.com\/product\/8572.html"},"modified":"2025-03-07T12:37:25","modified_gmt":"2025-03-07T12:37:25","slug":"high-quality-zirconyl-nitrate-cas-13826-66-9-with-best-price","status":"publish","type":"product","link":"https:\/\/vivalr.com\/pt\/product\/8572.html","title":{"rendered":"Nitrato de zirconilo de alta qualidade cas 13826-66-9 com melhor pre\u00e7o"},"content":{"rendered":"<nav>\n<ul>\n<li><a href=\"#basic_info\">Informa\u00e7\u00f5es b\u00e1sicas<\/a><\/li>\n<li><a href=\"#usage\">Utiliza\u00e7\u00e3o<\/a><\/li>\n<li><a href=\"#application\">Aplica\u00e7\u00e3o<\/a><\/li>\n<li><a href=\"#case_studies\">Estudos de caso<\/a><\/li>\n<li><a href=\"#contact\">Informa\u00e7\u00f5es de contacto<\/a><\/li>\n<\/ul>\n<\/nav>\n<h1>Nitrato de zirconilo de alta qualidade cas 13826-66-9 com o melhor pre\u00e7o Guia do utilizador<\/h1>\n<h2 id=\"basic_info\">Informa\u00e7\u00f5es b\u00e1sicas<\/h2>\n<p>O nitrato de zirconilo, com o n\u00famero CAS 13826-66-9, \u00e9 um produto qu\u00edmico de alta qualidade oferecido ao melhor pre\u00e7o. Sua f\u00f3rmula qu\u00edmica \u00e9 ZrO(NO\u2083)\u2082-xH\u2082O, onde o valor de x pode variar dependendo do grau de hidrata\u00e7\u00e3o. A massa molar \u00e9 de aproximadamente 231,23 g\/mol para a forma anidra. Apresenta-se como um s\u00f3lido cristalino branco. O produto tem um elevado grau de pureza, o que garante a sua fiabilidade em v\u00e1rias aplica\u00e7\u00f5es. \u00c9 sol\u00favel em \u00e1gua e a solu\u00e7\u00e3o \u00e9 \u00e1cida devido \u00e0 hidr\u00f3lise do i\u00e3o zirconilo. Quando armazenado, deve ser mantido num local fresco e seco, longe de fontes de calor e de subst\u00e2ncias incompat\u00edveis, tais como agentes redutores e materiais org\u00e2nicos, para evitar potenciais reac\u00e7\u00f5es qu\u00edmicas.<\/p>\n<h2 id=\"usage\">Utiliza\u00e7\u00e3o<\/h2>\n<p>O nitrato de zirconilo \u00e9 um produto qu\u00edmico vers\u00e1til com uma vasta gama de utiliza\u00e7\u00f5es. No dom\u00ednio da cat\u00e1lise, pode ser utilizado como catalisador ou precursor de catalisador. Devido \u00e0s suas propriedades qu\u00edmicas \u00fanicas, pode promover v\u00e1rias reac\u00e7\u00f5es qu\u00edmicas, tais como reac\u00e7\u00f5es de esterifica\u00e7\u00e3o e oxida\u00e7\u00e3o. Na produ\u00e7\u00e3o de cer\u00e2mica, \u00e9 utilizado como aditivo para melhorar a for\u00e7a, a dureza e a resist\u00eancia ao calor dos materiais cer\u00e2micos. Quando adicionado \u00e0 matriz cer\u00e2mica, pode formar uma estrutura est\u00e1vel, melhorando o desempenho geral da cer\u00e2mica. Na ind\u00fastria de tratamento de superf\u00edcies, o nitrato de zirconilo \u00e9 utilizado para a passiva\u00e7\u00e3o de superf\u00edcies met\u00e1licas. Pode formar uma pel\u00edcula protetora na superf\u00edcie do metal, prevenindo a corros\u00e3o e melhorando a durabilidade do metal e a sua resist\u00eancia aos factores ambientais.<\/p>\n<h2 id=\"application\">Aplica\u00e7\u00e3o<\/h2>\n<p>Para utiliza\u00e7\u00e3o em cat\u00e1lise, deve ser adicionada ao sistema de rea\u00e7\u00e3o a quantidade adequada de nitrato de zirconilo. A dosagem exacta depende da rea\u00e7\u00e3o espec\u00edfica e das condi\u00e7\u00f5es de rea\u00e7\u00e3o. Em geral, \u00e9 adicionado em pequenos incrementos enquanto se monitoriza o progresso da rea\u00e7\u00e3o. Quando \u00e9 utilizado na produ\u00e7\u00e3o de cer\u00e2mica, \u00e9 normalmente misturado com outras mat\u00e9rias-primas cer\u00e2micas num moinho de bolas. A mistura \u00e9 ent\u00e3o sinterizada a uma temperatura elevada para formar o produto cer\u00e2mico final. No processo de passiva\u00e7\u00e3o de metais, as pe\u00e7as met\u00e1licas s\u00e3o imersas numa solu\u00e7\u00e3o contendo nitrato de zirconilo durante um determinado per\u00edodo de tempo. A concentra\u00e7\u00e3o da solu\u00e7\u00e3o e o tempo de imers\u00e3o t\u00eam de ser cuidadosamente controlados de acordo com o tipo de metal e o desempenho exigido da camada de passiva\u00e7\u00e3o.<\/p>\n<h2 id=\"case_studies\">Estudos de caso<\/h2>\n<p>Numa f\u00e1brica de produtos qu\u00edmicos, o nitrato de zirconilo foi utilizado como catalisador numa rea\u00e7\u00e3o de esterifica\u00e7\u00e3o. O catalisador tradicional utilizado nesta rea\u00e7\u00e3o tinha baixa efici\u00eancia e gerava uma grande quantidade de res\u00edduos. Ao mudar para o nitrato de zirconilo, o tempo de rea\u00e7\u00e3o foi significativamente reduzido de 8 horas para 3 horas. O rendimento do produto \u00e9ster aumentou de 70% para 90%, e a pureza do produto tamb\u00e9m melhorou. Numa f\u00e1brica de cer\u00e2mica, foi adicionado nitrato de zirconilo \u00e0 produ\u00e7\u00e3o de cer\u00e2mica de alumina. As cer\u00e2micas de alumina resultantes apresentaram um aumento de 30% na dureza e um aumento de 20% na resist\u00eancia \u00e0 fratura em compara\u00e7\u00e3o com as cer\u00e2micas sem nitrato de zirconilo. Estas propriedades melhoradas tornaram as cer\u00e2micas mais adequadas para aplica\u00e7\u00f5es de elevado desgaste, tais como ferramentas de corte. Numa f\u00e1brica de processamento de metais, uma pe\u00e7a de a\u00e7o foi passivada utilizando uma solu\u00e7\u00e3o de nitrato de zirconilo. Ap\u00f3s a passiva\u00e7\u00e3o, a pe\u00e7a de a\u00e7o foi testada num ambiente de pulveriza\u00e7\u00e3o de sal. A pe\u00e7a de a\u00e7o n\u00e3o tratada come\u00e7ou a mostrar sinais de corros\u00e3o ap\u00f3s 24 horas, enquanto a pe\u00e7a passivada permaneceu livre de corros\u00e3o durante mais de 100 horas.<\/p>\n<h2 id=\"contact\">Informa\u00e7\u00f5es de contacto<\/h2>\n<p>Se voc\u00ea tiver alguma d\u00favida ou precisar de mais informa\u00e7\u00f5es sobre Nitrato de zirconila de alta qualidade cas 13826 - 66 - 9, n\u00e3o hesite em contactar-nos. O nosso endere\u00e7o de correio eletr\u00f3nico \u00e9 info@vivalr.com, e o nosso n\u00famero de telefone \u00e9 (86) 15866781826.<\/p>","protected":false},"excerpt":{"rendered":"<p>Basic Information Usage Application Case Studies Contact Information High Quality zirconyl nitrate cas 13826-66-9 With Best Price User Guide Basic Information Zirconyl nitrate, with the CAS number 13826-66-9, is a high - quality chemical product offered at the best price. Its chemical formula is ZrO(NO\u2083)\u2082\u00b7xH\u2082O, where the value of x can vary depending on the [&hellip;]<\/p>","protected":false},"featured_media":25343,"comment_status":"closed","ping_status":"open","template":"","meta":[],"product_brand":[],"product_cat":[15],"product_tag":[],"class_list":{"0":"post-8572","1":"product","2":"type-product","3":"status-publish","4":"has-post-thumbnail","6":"product_cat-uncategorized","8":"first","9":"instock","10":"product-type-simple"},"yoast_head":"<!-- This site is optimized with the Yoast SEO Premium plugin v24.4 (Yoast SEO v27.4) - https:\/\/yoast.com\/product\/yoast-seo-premium-wordpress\/ -->\n<title>High Quality zirconyl nitrate cas 13826-66-9 With Best Price - Welcome to VIVALR- Your Trusted Source for Chemical Raw Materials\uff01<\/title>\n<meta name=\"robots\" content=\"index, follow, max-snippet:-1, max-image-preview:large, max-video-preview:-1\" \/>\n<link rel=\"canonical\" href=\"https:\/\/vivalr.com\/pt\/product\/8572.html\" \/>\n<meta property=\"og:locale\" content=\"pt_PT\" \/>\n<meta property=\"og:type\" content=\"article\" \/>\n<meta property=\"og:title\" content=\"High Quality zirconyl nitrate cas 13826-66-9 With Best Price\" \/>\n<meta property=\"og:description\" content=\"Basic Information Usage Application Case Studies Contact Information High Quality zirconyl nitrate cas 13826-66-9 With Best Price User Guide Basic Information Zirconyl nitrate, with the CAS number 13826-66-9, is a high - quality chemical product offered at the best price. Its chemical formula is ZrO(NO\u2083)\u2082\u00b7xH\u2082O, where the value of x can vary depending on the [&hellip;]\" \/>\n<meta property=\"og:url\" content=\"https:\/\/vivalr.com\/pt\/product\/8572.html\" \/>\n<meta property=\"og:site_name\" content=\"Welcome to VIVALR- Your Trusted Source for Chemical Raw Materials\uff01\" \/>\n<meta property=\"article:modified_time\" content=\"2025-03-07T12:37:25+00:00\" \/>\n<meta property=\"og:image\" content=\"https:\/\/vivalr.com\/wp-content\/uploads\/2025\/03\/zirconyl-nitrate-cas-13826-66-9.jpg\" \/>\n\t<meta property=\"og:image:width\" content=\"600\" \/>\n\t<meta property=\"og:image:height\" content=\"654\" \/>\n\t<meta property=\"og:image:type\" content=\"image\/jpeg\" \/>\n<meta name=\"twitter:card\" content=\"summary_large_image\" \/>\n<meta name=\"twitter:label1\" content=\"Tempo estimado de leitura\" \/>\n\t<meta name=\"twitter:data1\" content=\"3 minutos\" \/>\n<script type=\"application\/ld+json\" class=\"yoast-schema-graph\">{\"@context\":\"https:\\\/\\\/schema.org\",\"@graph\":[{\"@type\":\"WebPage\",\"@id\":\"https:\\\/\\\/vivalr.com\\\/product\\\/8572.html\",\"url\":\"https:\\\/\\\/vivalr.com\\\/product\\\/8572.html\",\"name\":\"High Quality zirconyl nitrate cas 13826-66-9 With Best Price - Welcome to VIVALR- Your Trusted Source for Chemical Raw Materials\uff01\",\"isPartOf\":{\"@id\":\"https:\\\/\\\/vivalr.com\\\/#website\"},\"primaryImageOfPage\":{\"@id\":\"https:\\\/\\\/vivalr.com\\\/product\\\/8572.html#primaryimage\"},\"image\":{\"@id\":\"https:\\\/\\\/vivalr.com\\\/product\\\/8572.html#primaryimage\"},\"thumbnailUrl\":\"https:\\\/\\\/vivalr.com\\\/wp-content\\\/uploads\\\/2025\\\/03\\\/zirconyl-nitrate-cas-13826-66-9.jpg\",\"datePublished\":\"2025-03-07T12:14:21+00:00\",\"dateModified\":\"2025-03-07T12:37:25+00:00\",\"breadcrumb\":{\"@id\":\"https:\\\/\\\/vivalr.com\\\/product\\\/8572.html#breadcrumb\"},\"inLanguage\":\"pt-PT\",\"potentialAction\":[{\"@type\":\"ReadAction\",\"target\":[\"https:\\\/\\\/vivalr.com\\\/product\\\/8572.html\"]}]},{\"@type\":\"ImageObject\",\"inLanguage\":\"pt-PT\",\"@id\":\"https:\\\/\\\/vivalr.com\\\/product\\\/8572.html#primaryimage\",\"url\":\"https:\\\/\\\/vivalr.com\\\/wp-content\\\/uploads\\\/2025\\\/03\\\/zirconyl-nitrate-cas-13826-66-9.jpg\",\"contentUrl\":\"https:\\\/\\\/vivalr.com\\\/wp-content\\\/uploads\\\/2025\\\/03\\\/zirconyl-nitrate-cas-13826-66-9.jpg\",\"width\":600,\"height\":654},{\"@type\":\"BreadcrumbList\",\"@id\":\"https:\\\/\\\/vivalr.com\\\/product\\\/8572.html#breadcrumb\",\"itemListElement\":[{\"@type\":\"ListItem\",\"position\":1,\"name\":\"Home\",\"item\":\"https:\\\/\\\/vivalr.com\\\/\"},{\"@type\":\"ListItem\",\"position\":2,\"name\":\"Shop\",\"item\":\"https:\\\/\\\/vivalr.com\\\/shop\\\/\"},{\"@type\":\"ListItem\",\"position\":3,\"name\":\"High Quality zirconyl nitrate cas 13826-66-9 With Best Price\"}]},{\"@type\":\"WebSite\",\"@id\":\"https:\\\/\\\/vivalr.com\\\/#website\",\"url\":\"https:\\\/\\\/vivalr.com\\\/\",\"name\":\"Welcome to VIVALR- Your Trusted Source for Chemical Raw Materials\uff01\",\"description\":\"Discover a wide range of high-quality chemical raw materials to meet your industrial needs. Our commitment to excellence ensures that you get the best products and services.\",\"potentialAction\":[{\"@type\":\"SearchAction\",\"target\":{\"@type\":\"EntryPoint\",\"urlTemplate\":\"https:\\\/\\\/vivalr.com\\\/?s={search_term_string}\"},\"query-input\":{\"@type\":\"PropertyValueSpecification\",\"valueRequired\":true,\"valueName\":\"search_term_string\"}}],\"inLanguage\":\"pt-PT\"}]}<\/script>\n<!-- \/ Yoast SEO Premium plugin. -->","yoast_head_json":{"title":"Nitrato de zirconila de alta qualidade cas 13826-66-9 com melhor pre\u00e7o - Bem-vindo ao VIVALR- Sua fonte confi\u00e1vel de mat\u00e9rias-primas qu\u00edmicas\uff01","robots":{"index":"index","follow":"follow","max-snippet":"max-snippet:-1","max-image-preview":"max-image-preview:large","max-video-preview":"max-video-preview:-1"},"canonical":"https:\/\/vivalr.com\/pt\/product\/8572.html","og_locale":"pt_PT","og_type":"article","og_title":"High Quality zirconyl nitrate cas 13826-66-9 With Best Price","og_description":"Basic Information Usage Application Case Studies Contact Information High Quality zirconyl nitrate cas 13826-66-9 With Best Price User Guide Basic Information Zirconyl nitrate, with the CAS number 13826-66-9, is a high - quality chemical product offered at the best price. Its chemical formula is ZrO(NO\u2083)\u2082\u00b7xH\u2082O, where the value of x can vary depending on the [&hellip;]","og_url":"https:\/\/vivalr.com\/pt\/product\/8572.html","og_site_name":"Welcome to VIVALR- Your Trusted Source for Chemical Raw Materials\uff01","article_modified_time":"2025-03-07T12:37:25+00:00","og_image":[{"width":600,"height":654,"url":"https:\/\/vivalr.com\/wp-content\/uploads\/2025\/03\/zirconyl-nitrate-cas-13826-66-9.jpg","type":"image\/jpeg"}],"twitter_card":"summary_large_image","twitter_misc":{"Tempo estimado de leitura":"3 minutos"},"schema":{"@context":"https:\/\/schema.org","@graph":[{"@type":"WebPage","@id":"https:\/\/vivalr.com\/product\/8572.html","url":"https:\/\/vivalr.com\/product\/8572.html","name":"Nitrato de zirconila de alta qualidade cas 13826-66-9 com melhor pre\u00e7o - Bem-vindo ao VIVALR- Sua fonte confi\u00e1vel de mat\u00e9rias-primas qu\u00edmicas\uff01","isPartOf":{"@id":"https:\/\/vivalr.com\/#website"},"primaryImageOfPage":{"@id":"https:\/\/vivalr.com\/product\/8572.html#primaryimage"},"image":{"@id":"https:\/\/vivalr.com\/product\/8572.html#primaryimage"},"thumbnailUrl":"https:\/\/vivalr.com\/wp-content\/uploads\/2025\/03\/zirconyl-nitrate-cas-13826-66-9.jpg","datePublished":"2025-03-07T12:14:21+00:00","dateModified":"2025-03-07T12:37:25+00:00","breadcrumb":{"@id":"https:\/\/vivalr.com\/product\/8572.html#breadcrumb"},"inLanguage":"pt-PT","potentialAction":[{"@type":"ReadAction","target":["https:\/\/vivalr.com\/product\/8572.html"]}]},{"@type":"ImageObject","inLanguage":"pt-PT","@id":"https:\/\/vivalr.com\/product\/8572.html#primaryimage","url":"https:\/\/vivalr.com\/wp-content\/uploads\/2025\/03\/zirconyl-nitrate-cas-13826-66-9.jpg","contentUrl":"https:\/\/vivalr.com\/wp-content\/uploads\/2025\/03\/zirconyl-nitrate-cas-13826-66-9.jpg","width":600,"height":654},{"@type":"BreadcrumbList","@id":"https:\/\/vivalr.com\/product\/8572.html#breadcrumb","itemListElement":[{"@type":"ListItem","position":1,"name":"Home","item":"https:\/\/vivalr.com\/"},{"@type":"ListItem","position":2,"name":"Shop","item":"https:\/\/vivalr.com\/shop\/"},{"@type":"ListItem","position":3,"name":"High Quality zirconyl nitrate cas 13826-66-9 With Best Price"}]},{"@type":"WebSite","@id":"https:\/\/vivalr.com\/#website","url":"https:\/\/vivalr.com\/","name":"Bem-vindo ao VIVALR- Sua fonte confi\u00e1vel de mat\u00e9rias-primas qu\u00edmicas\uff01","description":"Descubra uma vasta gama de mat\u00e9rias-primas qu\u00edmicas de alta qualidade para satisfazer as suas necessidades industriais. O nosso compromisso com a excel\u00eancia garante-lhe os melhores produtos e servi\u00e7os.","potentialAction":[{"@type":"SearchAction","target":{"@type":"EntryPoint","urlTemplate":"https:\/\/vivalr.com\/?s={search_term_string}"},"query-input":{"@type":"PropertyValueSpecification","valueRequired":true,"valueName":"search_term_string"}}],"inLanguage":"pt-PT"}]}},"_links":{"self":[{"href":"https:\/\/vivalr.com\/pt\/wp-json\/wp\/v2\/product\/8572","targetHints":{"allow":["GET"]}}],"collection":[{"href":"https:\/\/vivalr.com\/pt\/wp-json\/wp\/v2\/product"}],"about":[{"href":"https:\/\/vivalr.com\/pt\/wp-json\/wp\/v2\/types\/product"}],"replies":[{"embeddable":true,"href":"https:\/\/vivalr.com\/pt\/wp-json\/wp\/v2\/comments?post=8572"}],"wp:featuredmedia":[{"embeddable":true,"href":"https:\/\/vivalr.com\/pt\/wp-json\/wp\/v2\/media\/25343"}],"wp:attachment":[{"href":"https:\/\/vivalr.com\/pt\/wp-json\/wp\/v2\/media?parent=8572"}],"wp:term":[{"taxonomy":"product_brand","embeddable":true,"href":"https:\/\/vivalr.com\/pt\/wp-json\/wp\/v2\/product_brand?post=8572"},{"taxonomy":"product_cat","embeddable":true,"href":"https:\/\/vivalr.com\/pt\/wp-json\/wp\/v2\/product_cat?post=8572"},{"taxonomy":"product_tag","embeddable":true,"href":"https:\/\/vivalr.com\/pt\/wp-json\/wp\/v2\/product_tag?post=8572"}],"curies":[{"name":"wp","href":"https:\/\/api.w.org\/{rel}","templated":true}]}}