{"id":9082,"date":"2025-03-07T12:14:55","date_gmt":"2025-03-07T12:14:55","guid":{"rendered":"https:\/\/vivalr.com\/product\/9082.html"},"modified":"2025-03-07T12:38:27","modified_gmt":"2025-03-07T12:38:27","slug":"high-quality-tinuvin-328-cas-25973-55-1-with-good-price","status":"publish","type":"product","link":"https:\/\/vivalr.com\/pt\/product\/9082.html","title":{"rendered":"Tinuvin 328 CAS 25973-55-1 de alta qualidade com bom pre\u00e7o"},"content":{"rendered":"<h1>Guia do utilizador para Tinuvin 328 CAS 25973-55-1 de alta qualidade com bom pre\u00e7o<\/h1>\n<h2>\u00cdndice<\/h2>\n<ul>\n<li><a href=\"#basic-info\">Informa\u00e7\u00f5es e par\u00e2metros b\u00e1sicos<\/a><\/li>\n<li><a href=\"#uses\">Utiliza\u00e7\u00f5es do produto<\/a><\/li>\n<li><a href=\"#usage\">Como utilizar o produto<\/a><\/li>\n<li><a href=\"#case-studies\">Estudos de casos de utiliza\u00e7\u00e3o<\/a><\/li>\n<li><a href=\"#contact\">Informa\u00e7\u00f5es de contacto<\/a><\/li>\n<\/ul>\n<h2 id=\"basic-info\">Informa\u00e7\u00f5es e par\u00e2metros b\u00e1sicos<\/h2>\n<p>Tinuvin 328 CAS 25973-55-1 de alta qualidade \u00e9 um absorvente de luz ultravioleta de alto desempenho. O seu n\u00famero CAS, 25973 - 55 - 1, \u00e9 um identificador \u00fanico na ind\u00fastria qu\u00edmica. Este produto \u00e9 conhecido pela sua elevada qualidade e tem um pre\u00e7o muito competitivo, o que o torna uma op\u00e7\u00e3o atractiva para v\u00e1rias aplica\u00e7\u00f5es industriais. <\/p>\n<p>Fisicamente, pode aparecer como um p\u00f3 branco a esbranqui\u00e7ado ou s\u00f3lido cristalino. Tem certas propriedades de solubilidade em diferentes solventes, que podem ser ajustadas de acordo com os requisitos espec\u00edficos da aplica\u00e7\u00e3o. A pureza deste produto \u00e9 mantida a um n\u00edvel elevado para garantir a sua efic\u00e1cia e fiabilidade na utiliza\u00e7\u00e3o. <\/p>\n<h2 id=\"uses\">Utiliza\u00e7\u00f5es do produto<\/h2>\n<p>O Tinuvin 328 \u00e9 utilizado principalmente como estabilizador de luz. Na ind\u00fastria dos pl\u00e1sticos, pode ser adicionado a produtos pl\u00e1sticos tais como poliolefinas (por exemplo, polietileno e polipropileno), PVC e pol\u00edmeros estir\u00e9nicos. Ao absorver a luz ultravioleta, protege o pl\u00e1stico da degrada\u00e7\u00e3o, incluindo a mudan\u00e7a de cor, a perda de propriedades mec\u00e2nicas e a fissura\u00e7\u00e3o. Isto prolonga a vida \u00fatil dos produtos de pl\u00e1stico, tornando-os mais adequados para aplica\u00e7\u00f5es no exterior, como pe\u00e7as de autom\u00f3veis, mobili\u00e1rio de exterior e materiais de constru\u00e7\u00e3o. <\/p>\n<p>Na ind\u00fastria dos revestimentos, pode ser incorporado em formula\u00e7\u00f5es de tintas. Ajuda a evitar que a tinta se desvane\u00e7a, risque e descasque quando exposta \u00e0 luz solar. Isto \u00e9 particularmente importante para revestimentos em edif\u00edcios, pontes e equipamento industrial, onde a durabilidade a longo prazo e a apar\u00eancia est\u00e9tica s\u00e3o cruciais. <\/p>\n<h2 id=\"usage\">Como utilizar o produto<\/h2>\n<p>Quando se utiliza o Tinuvin 328 de alta qualidade em pl\u00e1sticos, este \u00e9 normalmente adicionado durante o processo de fabrico do pl\u00e1stico. A dosagem recomendada varia consoante o tipo de pl\u00e1stico, a aplica\u00e7\u00e3o pretendida e as condi\u00e7\u00f5es de exposi\u00e7\u00e3o previstas. Em geral, \u00e9 suficiente uma pequena percentagem (normalmente entre 0,1% - 1%) do peso total do pl\u00e1stico. Deve ser bem - misturado com a resina pl\u00e1stica para garantir uma distribui\u00e7\u00e3o uniforme. <\/p>\n<p>No caso dos revestimentos, pode ser adicionado \u00e0 formula\u00e7\u00e3o da tinta durante a fase de mistura. Tal como para os pl\u00e1sticos, a dosagem \u00e9 determinada por factores como o tipo de revestimento, o teor de pigmento e as condi\u00e7\u00f5es ambientais. O produto deve ser completamente disperso no revestimento para obter o melhor efeito de estabiliza\u00e7\u00e3o da luz. <\/p>\n<h2 id=\"case-studies\">Estudos de casos de utiliza\u00e7\u00e3o<\/h2>\n<p>Caso 1: Pe\u00e7as de pl\u00e1stico para autom\u00f3veis<br \/>\n    Um grande fabricante de autom\u00f3veis estava a enfrentar problemas de descolora\u00e7\u00e3o e fissura\u00e7\u00e3o dos seus componentes pl\u00e1sticos exteriores, tais como para-choques e espelhos laterais, ap\u00f3s uma longa exposi\u00e7\u00e3o \u00e0 luz solar. Eles decidiram usar Tinuvin 328 de alta qualidade em suas formula\u00e7\u00f5es pl\u00e1sticas. Ao adicionar 0,3% de Tinuvin 328 \u00e0 resina de polipropileno, observaram uma melhoria significativa. Ap\u00f3s um teste de exposi\u00e7\u00e3o ao ar livre de 2 anos, as pe\u00e7as de pl\u00e1stico apresentaram uma altera\u00e7\u00e3o de cor m\u00ednima e nenhuma fissura vis\u00edvel, em compara\u00e7\u00e3o com o grupo de controlo sem Tinuvin 328, que apresentava sinais \u00f3bvios de degrada\u00e7\u00e3o. <\/p>\n<p>Caso 2: Revestimentos arquitect\u00f3nicos<br \/>\n    Uma empresa de constru\u00e7\u00e3o estava a aplicar um novo revestimento de tinta num edif\u00edcio de grandes dimens\u00f5es. Adicionaram Tinuvin 328 de alta qualidade \u00e0 tinta numa dosagem de 0,5%. Ap\u00f3s um ano de exposi\u00e7\u00e3o a v\u00e1rias condi\u00e7\u00f5es atmosf\u00e9ricas, incluindo luz solar intensa, chuva e humidade elevada, a tinta do edif\u00edcio ainda mantinha a sua cor e brilho originais. Em contraste, uma \u00e1rea desprotegida no mesmo edif\u00edcio, onde n\u00e3o foi adicionado Tinuvin 328, apresentou desbotamento e descama\u00e7\u00e3o significativos. <\/p>\n<h2 id=\"contact\">Informa\u00e7\u00f5es de contacto<\/h2>\n<p>Se voc\u00ea tiver alguma d\u00favida ou precisar de mais informa\u00e7\u00f5es sobre Tinuvin de alta qualidade 328 CAS 25973-55-1, n\u00e3o hesite em contactar-nos.<br \/>\n    Correio eletr\u00f3nico: info@vivalr.com<br \/>\n    Telefone: (86) 15866781826<\/p>","protected":false},"excerpt":{"rendered":"<p>Guia do utilizador para Tinuvin 328 CAS 25973-55-1 de alta qualidade com bom pre\u00e7o \u00cdndice Informa\u00e7\u00f5es e par\u00e2metros b\u00e1sicos Utiliza\u00e7\u00f5es do produto Como utilizar o produto Estudos de casos de utiliza\u00e7\u00e3o Informa\u00e7\u00f5es de contacto Informa\u00e7\u00f5es e par\u00e2metros b\u00e1sicos Tinuvin 328 CAS 25973-55-1 de alta qualidade \u00e9 um absorvente de luz ultravioleta de alto desempenho. O seu n\u00famero CAS, 25973 [...]<\/p>","protected":false},"featured_media":25597,"comment_status":"closed","ping_status":"open","template":"","meta":[],"product_brand":[],"product_cat":[15],"product_tag":[],"class_list":{"0":"post-9082","1":"product","2":"type-product","3":"status-publish","4":"has-post-thumbnail","6":"product_cat-uncategorized","8":"first","9":"instock","10":"product-type-simple"},"yoast_head":"<!-- This site is optimized with the Yoast SEO Premium plugin v24.4 (Yoast SEO v27.4) - https:\/\/yoast.com\/product\/yoast-seo-premium-wordpress\/ -->\n<title>High Quality Tinuvin 328 CAS 25973-55-1 With Good Price - Welcome to VIVALR- Your Trusted Source for Chemical Raw Materials\uff01<\/title>\n<meta name=\"robots\" content=\"index, follow, max-snippet:-1, max-image-preview:large, max-video-preview:-1\" \/>\n<link rel=\"canonical\" href=\"https:\/\/vivalr.com\/pt\/product\/9082.html\" \/>\n<meta property=\"og:locale\" content=\"pt_PT\" \/>\n<meta property=\"og:type\" content=\"article\" \/>\n<meta property=\"og:title\" content=\"High Quality Tinuvin 328 CAS 25973-55-1 With Good Price\" \/>\n<meta property=\"og:description\" content=\"User Guide for High Quality Tinuvin 328 CAS 25973-55-1 With Good Price Table of Contents Basic Information and Parameters Uses of the Product How to Use the Product Usage Case Studies Contact Information Basic Information and Parameters High Quality Tinuvin 328 CAS 25973-55-1 is a high - performance ultraviolet light absorber. Its CAS number, 25973 [&hellip;]\" \/>\n<meta property=\"og:url\" content=\"https:\/\/vivalr.com\/pt\/product\/9082.html\" \/>\n<meta property=\"og:site_name\" content=\"Welcome to VIVALR- Your Trusted Source for Chemical Raw Materials\uff01\" \/>\n<meta property=\"article:modified_time\" content=\"2025-03-07T12:38:27+00:00\" \/>\n<meta property=\"og:image\" content=\"https:\/\/vivalr.com\/wp-content\/uploads\/2025\/03\/tinuvin-328-cas-25973-55-1.jpg\" \/>\n\t<meta property=\"og:image:width\" content=\"600\" \/>\n\t<meta property=\"og:image:height\" content=\"654\" \/>\n\t<meta property=\"og:image:type\" content=\"image\/jpeg\" \/>\n<meta name=\"twitter:card\" content=\"summary_large_image\" \/>\n<meta name=\"twitter:label1\" content=\"Tempo estimado de leitura\" \/>\n\t<meta name=\"twitter:data1\" content=\"3 minutos\" \/>\n<script type=\"application\/ld+json\" class=\"yoast-schema-graph\">{\"@context\":\"https:\\\/\\\/schema.org\",\"@graph\":[{\"@type\":\"WebPage\",\"@id\":\"https:\\\/\\\/vivalr.com\\\/product\\\/9082.html\",\"url\":\"https:\\\/\\\/vivalr.com\\\/product\\\/9082.html\",\"name\":\"High Quality Tinuvin 328 CAS 25973-55-1 With Good Price - Welcome to VIVALR- Your Trusted Source for Chemical Raw Materials\uff01\",\"isPartOf\":{\"@id\":\"https:\\\/\\\/vivalr.com\\\/#website\"},\"primaryImageOfPage\":{\"@id\":\"https:\\\/\\\/vivalr.com\\\/product\\\/9082.html#primaryimage\"},\"image\":{\"@id\":\"https:\\\/\\\/vivalr.com\\\/product\\\/9082.html#primaryimage\"},\"thumbnailUrl\":\"https:\\\/\\\/vivalr.com\\\/wp-content\\\/uploads\\\/2025\\\/03\\\/tinuvin-328-cas-25973-55-1.jpg\",\"datePublished\":\"2025-03-07T12:14:55+00:00\",\"dateModified\":\"2025-03-07T12:38:27+00:00\",\"breadcrumb\":{\"@id\":\"https:\\\/\\\/vivalr.com\\\/product\\\/9082.html#breadcrumb\"},\"inLanguage\":\"pt-PT\",\"potentialAction\":[{\"@type\":\"ReadAction\",\"target\":[\"https:\\\/\\\/vivalr.com\\\/product\\\/9082.html\"]}]},{\"@type\":\"ImageObject\",\"inLanguage\":\"pt-PT\",\"@id\":\"https:\\\/\\\/vivalr.com\\\/product\\\/9082.html#primaryimage\",\"url\":\"https:\\\/\\\/vivalr.com\\\/wp-content\\\/uploads\\\/2025\\\/03\\\/tinuvin-328-cas-25973-55-1.jpg\",\"contentUrl\":\"https:\\\/\\\/vivalr.com\\\/wp-content\\\/uploads\\\/2025\\\/03\\\/tinuvin-328-cas-25973-55-1.jpg\",\"width\":600,\"height\":654},{\"@type\":\"BreadcrumbList\",\"@id\":\"https:\\\/\\\/vivalr.com\\\/product\\\/9082.html#breadcrumb\",\"itemListElement\":[{\"@type\":\"ListItem\",\"position\":1,\"name\":\"Home\",\"item\":\"https:\\\/\\\/vivalr.com\\\/\"},{\"@type\":\"ListItem\",\"position\":2,\"name\":\"Shop\",\"item\":\"https:\\\/\\\/vivalr.com\\\/shop\\\/\"},{\"@type\":\"ListItem\",\"position\":3,\"name\":\"High Quality Tinuvin 328 CAS 25973-55-1 With Good Price\"}]},{\"@type\":\"WebSite\",\"@id\":\"https:\\\/\\\/vivalr.com\\\/#website\",\"url\":\"https:\\\/\\\/vivalr.com\\\/\",\"name\":\"Welcome to VIVALR- Your Trusted Source for Chemical Raw Materials\uff01\",\"description\":\"Discover a wide range of high-quality chemical raw materials to meet your industrial needs. Our commitment to excellence ensures that you get the best products and services.\",\"potentialAction\":[{\"@type\":\"SearchAction\",\"target\":{\"@type\":\"EntryPoint\",\"urlTemplate\":\"https:\\\/\\\/vivalr.com\\\/?s={search_term_string}\"},\"query-input\":{\"@type\":\"PropertyValueSpecification\",\"valueRequired\":true,\"valueName\":\"search_term_string\"}}],\"inLanguage\":\"pt-PT\"}]}<\/script>\n<!-- \/ Yoast SEO Premium plugin. -->","yoast_head_json":{"title":"Tinuvin 328 CAS 25973-55-1 de alta qualidade com bom pre\u00e7o - Bem-vindo ao VIVALR- Sua fonte confi\u00e1vel de mat\u00e9rias-primas qu\u00edmicas\uff01","robots":{"index":"index","follow":"follow","max-snippet":"max-snippet:-1","max-image-preview":"max-image-preview:large","max-video-preview":"max-video-preview:-1"},"canonical":"https:\/\/vivalr.com\/pt\/product\/9082.html","og_locale":"pt_PT","og_type":"article","og_title":"High Quality Tinuvin 328 CAS 25973-55-1 With Good Price","og_description":"User Guide for High Quality Tinuvin 328 CAS 25973-55-1 With Good Price Table of Contents Basic Information and Parameters Uses of the Product How to Use the Product Usage Case Studies Contact Information Basic Information and Parameters High Quality Tinuvin 328 CAS 25973-55-1 is a high - performance ultraviolet light absorber. Its CAS number, 25973 [&hellip;]","og_url":"https:\/\/vivalr.com\/pt\/product\/9082.html","og_site_name":"Welcome to VIVALR- Your Trusted Source for Chemical Raw Materials\uff01","article_modified_time":"2025-03-07T12:38:27+00:00","og_image":[{"width":600,"height":654,"url":"https:\/\/vivalr.com\/wp-content\/uploads\/2025\/03\/tinuvin-328-cas-25973-55-1.jpg","type":"image\/jpeg"}],"twitter_card":"summary_large_image","twitter_misc":{"Tempo estimado de leitura":"3 minutos"},"schema":{"@context":"https:\/\/schema.org","@graph":[{"@type":"WebPage","@id":"https:\/\/vivalr.com\/product\/9082.html","url":"https:\/\/vivalr.com\/product\/9082.html","name":"Tinuvin 328 CAS 25973-55-1 de alta qualidade com bom pre\u00e7o - Bem-vindo ao VIVALR- Sua fonte confi\u00e1vel de mat\u00e9rias-primas qu\u00edmicas\uff01","isPartOf":{"@id":"https:\/\/vivalr.com\/#website"},"primaryImageOfPage":{"@id":"https:\/\/vivalr.com\/product\/9082.html#primaryimage"},"image":{"@id":"https:\/\/vivalr.com\/product\/9082.html#primaryimage"},"thumbnailUrl":"https:\/\/vivalr.com\/wp-content\/uploads\/2025\/03\/tinuvin-328-cas-25973-55-1.jpg","datePublished":"2025-03-07T12:14:55+00:00","dateModified":"2025-03-07T12:38:27+00:00","breadcrumb":{"@id":"https:\/\/vivalr.com\/product\/9082.html#breadcrumb"},"inLanguage":"pt-PT","potentialAction":[{"@type":"ReadAction","target":["https:\/\/vivalr.com\/product\/9082.html"]}]},{"@type":"ImageObject","inLanguage":"pt-PT","@id":"https:\/\/vivalr.com\/product\/9082.html#primaryimage","url":"https:\/\/vivalr.com\/wp-content\/uploads\/2025\/03\/tinuvin-328-cas-25973-55-1.jpg","contentUrl":"https:\/\/vivalr.com\/wp-content\/uploads\/2025\/03\/tinuvin-328-cas-25973-55-1.jpg","width":600,"height":654},{"@type":"BreadcrumbList","@id":"https:\/\/vivalr.com\/product\/9082.html#breadcrumb","itemListElement":[{"@type":"ListItem","position":1,"name":"Home","item":"https:\/\/vivalr.com\/"},{"@type":"ListItem","position":2,"name":"Shop","item":"https:\/\/vivalr.com\/shop\/"},{"@type":"ListItem","position":3,"name":"High Quality Tinuvin 328 CAS 25973-55-1 With Good Price"}]},{"@type":"WebSite","@id":"https:\/\/vivalr.com\/#website","url":"https:\/\/vivalr.com\/","name":"Bem-vindo ao VIVALR- Sua fonte confi\u00e1vel de mat\u00e9rias-primas qu\u00edmicas\uff01","description":"Descubra uma vasta gama de mat\u00e9rias-primas qu\u00edmicas de alta qualidade para satisfazer as suas necessidades industriais. O nosso compromisso com a excel\u00eancia garante-lhe os melhores produtos e servi\u00e7os.","potentialAction":[{"@type":"SearchAction","target":{"@type":"EntryPoint","urlTemplate":"https:\/\/vivalr.com\/?s={search_term_string}"},"query-input":{"@type":"PropertyValueSpecification","valueRequired":true,"valueName":"search_term_string"}}],"inLanguage":"pt-PT"}]}},"_links":{"self":[{"href":"https:\/\/vivalr.com\/pt\/wp-json\/wp\/v2\/product\/9082","targetHints":{"allow":["GET"]}}],"collection":[{"href":"https:\/\/vivalr.com\/pt\/wp-json\/wp\/v2\/product"}],"about":[{"href":"https:\/\/vivalr.com\/pt\/wp-json\/wp\/v2\/types\/product"}],"replies":[{"embeddable":true,"href":"https:\/\/vivalr.com\/pt\/wp-json\/wp\/v2\/comments?post=9082"}],"wp:featuredmedia":[{"embeddable":true,"href":"https:\/\/vivalr.com\/pt\/wp-json\/wp\/v2\/media\/25597"}],"wp:attachment":[{"href":"https:\/\/vivalr.com\/pt\/wp-json\/wp\/v2\/media?parent=9082"}],"wp:term":[{"taxonomy":"product_brand","embeddable":true,"href":"https:\/\/vivalr.com\/pt\/wp-json\/wp\/v2\/product_brand?post=9082"},{"taxonomy":"product_cat","embeddable":true,"href":"https:\/\/vivalr.com\/pt\/wp-json\/wp\/v2\/product_cat?post=9082"},{"taxonomy":"product_tag","embeddable":true,"href":"https:\/\/vivalr.com\/pt\/wp-json\/wp\/v2\/product_tag?post=9082"}],"curies":[{"name":"wp","href":"https:\/\/api.w.org\/{rel}","templated":true}]}}