{"id":94,"date":"2025-03-07T12:05:06","date_gmt":"2025-03-07T12:05:06","guid":{"rendered":"https:\/\/vivalr.com\/product\/94.html"},"modified":"2025-03-07T12:21:24","modified_gmt":"2025-03-07T12:21:24","slug":"factory-supply-d-glucuronic-acid-cas-6556-12-3-with-best-price","status":"publish","type":"product","link":"https:\/\/vivalr.com\/pt\/product\/94.html","title":{"rendered":"Fornecimento de f\u00e1brica de \u00e1cido D-Glucur\u00f3nico Cas 6556-12-3 com melhor pre\u00e7o"},"content":{"rendered":"<div class=\"content-wrapper\">\n<h1>\u00c1cido D-Glucur\u00f3nico CAS 6556-12-3: Fornecedor de alta qualidade com pre\u00e7os competitivos<\/h1>\n<div class=\"toc\">\n<h2>\u00cdndice<\/h2>\n<ul>\n<li><a href=\"#product-info\">1. Informa\u00e7\u00f5es sobre o produto<\/a><\/li>\n<li><a href=\"#applications\">2. Aplica\u00e7\u00f5es do \u00e1cido D-glucur\u00f3nico<\/a><\/li>\n<li><a href=\"#usage\">3. Diretrizes de utiliza\u00e7\u00e3o<\/a><\/li>\n<li><a href=\"#case-studies\">4. Casos de utiliza\u00e7\u00e3o pormenorizados<\/a><\/li>\n<li><a href=\"#contact\">5. Contactar-nos<\/a><\/li>\n<\/ul><\/div>\n<section id=\"product-info\">\n<h2>1. Informa\u00e7\u00f5es sobre o produto<\/h2>\n<p><strong>\u00c1cido D-Glucur\u00f3nico (CAS 6556-12-3)<\/strong> \u00e9 um \u00e1cido ur\u00f3nico derivado da glucose. As principais especifica\u00e7\u00f5es incluem:<\/p>\n<ul>\n<li><strong>F\u00f3rmula qu\u00edmica:<\/strong> C<sub>6<\/sub>H<sub>10<\/sub>O<sub>7<\/sub><\/li>\n<li><strong>Peso molecular:<\/strong> 194,14 g\/mol<\/li>\n<li><strong>Apar\u00eancia:<\/strong> P\u00f3 cristalino branco a esbranqui\u00e7ado<\/li>\n<li><strong>Pureza:<\/strong> \u226598% (HPLC)<\/li>\n<li><strong>Armazenamento:<\/strong> Conservar em local fresco e seco a 2-8\u00b0C<\/li>\n<\/ul>\n<\/section>\n<section id=\"applications\">\n<h2>2. Aplica\u00e7\u00f5es do \u00e1cido D-glucur\u00f3nico<\/h2>\n<p>O \u00e1cido D-Glucur\u00f3nico \u00e9 amplamente utilizado em:<\/p>\n<ul>\n<li><strong>Produtos farmac\u00eauticos:<\/strong> Precursor da s\u00edntese da vitamina C e agente de desintoxica\u00e7\u00e3o.<\/li>\n<li><strong>Cosm\u00e9ticos:<\/strong> Antioxidante em f\u00f3rmulas anti-envelhecimento.<\/li>\n<li><strong>Ind\u00fastria alimentar:<\/strong> Aditivo natural para real\u00e7ar e conservar o sabor.<\/li>\n<li><strong>Investiga\u00e7\u00e3o:<\/strong> Substrato para estudos enzim\u00e1ticos e vias bioqu\u00edmicas.<\/li>\n<\/ul>\n<\/section>\n<section id=\"usage\">\n<h2>3. Diretrizes de utiliza\u00e7\u00e3o<\/h2>\n<ol>\n<li><strong>Manuseamento:<\/strong> Utilizar EPI (luvas, \u00f3culos de prote\u00e7\u00e3o) para evitar o contacto direto.<\/li>\n<li><strong>Solubilidade:<\/strong> Sol\u00favel em \u00e1gua (50 mg\/mL) e ligeiramente sol\u00favel em etanol.<\/li>\n<li><strong>Formula\u00e7\u00e3o:<\/strong> Para utiliza\u00e7\u00e3o em laborat\u00f3rio, dissolver em tamp\u00e3o (pH 6,5-7,5) \u00e0 temperatura ambiente.<\/li>\n<li><strong>Armazenamento:<\/strong> Selar bem para evitar a absor\u00e7\u00e3o de humidade.<\/li>\n<li><strong>Seguran\u00e7a:<\/strong> Seguir as normas OSHA\/GHS para o manuseamento de produtos qu\u00edmicos.<\/li>\n<\/ol>\n<\/section>\n<section id=\"case-studies\">\n<h2>4. Casos de utiliza\u00e7\u00e3o pormenorizados<\/h2>\n<h3>Produ\u00e7\u00e3o farmac\u00eautica<\/h3>\n<p>Utilizado na s\u00edntese de <em>\u00e1cido asc\u00f3rbico<\/em> (vitamina C) atrav\u00e9s da via do \u00e1cido glucur\u00f3nico, garantindo a consist\u00eancia dos lotes com uma pureza de 99,5%.<\/p>\n<h3>Desenvolvimento de soros cosm\u00e9ticos<\/h3>\n<p>Formulado na concentra\u00e7\u00e3o 2% em s\u00e9runs anti-envelhecimento para neutralizar os radicais livres, validado por ensaios cl\u00ednicos de 12 semanas.<\/p>\n<h3>Conserva\u00e7\u00e3o de alimentos<\/h3>\n<p>Adicionado a bebidas (0,1-0,5% p\/v) para prolongar o prazo de validade atrav\u00e9s da inibi\u00e7\u00e3o do crescimento microbiano.<\/p>\n<h3>Investiga\u00e7\u00e3o em cin\u00e9tica enzim\u00e1tica<\/h3>\n<p>Aplicado como substrato em ensaios de \u03b2-glucuronidase (solu\u00e7\u00e3o 5 mM) para estudar dist\u00farbios metab\u00f3licos.<\/p>\n<\/section>\n<section id=\"contact\">\n<h2>5. Contactar-nos<\/h2>\n<address>\n<p>Correio eletr\u00f3nico: <a href=\"mailto:info@vivalr.com\">info@vivalr.com<\/a><\/p>\n<p>Telefone: <a href=\"tel:+8615866781826\">(86) 15866781826<\/a><\/p>\n<\/p><\/address>\n<\/section><\/div>","protected":false},"excerpt":{"rendered":"<p>D-Glucuronic Acid CAS 6556-12-3: High-Quality Supplier with Competitive Pricing Table of Contents 1. Product Information 2. Applications of D-Glucuronic Acid 3. Usage Guidelines 4. Detailed Use Cases 5. Contact Us 1. Product Information D-Glucuronic Acid (CAS 6556-12-3) is a uronic acid derived from glucose. Key specifications include: Chemical Formula: C6H10O7 Molecular Weight: 194.14 g\/mol Appearance: [&hellip;]<\/p>","protected":false},"featured_media":0,"comment_status":"closed","ping_status":"open","template":"","meta":[],"product_brand":[],"product_cat":[15],"product_tag":[],"class_list":{"0":"post-94","1":"product","2":"type-product","3":"status-publish","5":"product_cat-uncategorized","7":"first","8":"instock","9":"product-type-simple"},"yoast_head":"<!-- This site is optimized with the Yoast SEO Premium plugin v24.4 (Yoast SEO v27.4) - https:\/\/yoast.com\/product\/yoast-seo-premium-wordpress\/ -->\n<title>Factory Supply D-Glucuronic acid Cas 6556-12-3 With Best Price - Welcome to VIVALR- Your Trusted Source for Chemical Raw Materials\uff01<\/title>\n<meta name=\"robots\" content=\"index, follow, max-snippet:-1, max-image-preview:large, max-video-preview:-1\" \/>\n<link rel=\"canonical\" href=\"https:\/\/vivalr.com\/pt\/product\/94.html\" \/>\n<meta property=\"og:locale\" content=\"pt_PT\" \/>\n<meta property=\"og:type\" content=\"article\" \/>\n<meta property=\"og:title\" content=\"Factory Supply D-Glucuronic acid Cas 6556-12-3 With Best Price\" \/>\n<meta property=\"og:description\" content=\"D-Glucuronic Acid CAS 6556-12-3: High-Quality Supplier with Competitive Pricing Table of Contents 1. Product Information 2. Applications of D-Glucuronic Acid 3. Usage Guidelines 4. Detailed Use Cases 5. Contact Us 1. Product Information D-Glucuronic Acid (CAS 6556-12-3) is a uronic acid derived from glucose. Key specifications include: Chemical Formula: C6H10O7 Molecular Weight: 194.14 g\/mol Appearance: [&hellip;]\" \/>\n<meta property=\"og:url\" content=\"https:\/\/vivalr.com\/pt\/product\/94.html\" \/>\n<meta property=\"og:site_name\" content=\"Welcome to VIVALR- Your Trusted Source for Chemical Raw Materials\uff01\" \/>\n<meta property=\"article:modified_time\" content=\"2025-03-07T12:21:24+00:00\" \/>\n<meta name=\"twitter:card\" content=\"summary_large_image\" \/>\n<meta name=\"twitter:label1\" content=\"Tempo estimado de leitura\" \/>\n\t<meta name=\"twitter:data1\" content=\"1 minuto\" \/>\n<script type=\"application\/ld+json\" class=\"yoast-schema-graph\">{\"@context\":\"https:\\\/\\\/schema.org\",\"@graph\":[{\"@type\":\"WebPage\",\"@id\":\"https:\\\/\\\/vivalr.com\\\/product\\\/94.html\",\"url\":\"https:\\\/\\\/vivalr.com\\\/product\\\/94.html\",\"name\":\"Factory Supply D-Glucuronic acid Cas 6556-12-3 With Best Price - Welcome to VIVALR- Your Trusted Source for Chemical Raw Materials\uff01\",\"isPartOf\":{\"@id\":\"https:\\\/\\\/vivalr.com\\\/#website\"},\"datePublished\":\"2025-03-07T12:05:06+00:00\",\"dateModified\":\"2025-03-07T12:21:24+00:00\",\"breadcrumb\":{\"@id\":\"https:\\\/\\\/vivalr.com\\\/product\\\/94.html#breadcrumb\"},\"inLanguage\":\"pt-PT\",\"potentialAction\":[{\"@type\":\"ReadAction\",\"target\":[\"https:\\\/\\\/vivalr.com\\\/product\\\/94.html\"]}]},{\"@type\":\"BreadcrumbList\",\"@id\":\"https:\\\/\\\/vivalr.com\\\/product\\\/94.html#breadcrumb\",\"itemListElement\":[{\"@type\":\"ListItem\",\"position\":1,\"name\":\"Home\",\"item\":\"https:\\\/\\\/vivalr.com\\\/\"},{\"@type\":\"ListItem\",\"position\":2,\"name\":\"Shop\",\"item\":\"https:\\\/\\\/vivalr.com\\\/shop\\\/\"},{\"@type\":\"ListItem\",\"position\":3,\"name\":\"Factory Supply D-Glucuronic acid Cas 6556-12-3 With Best Price\"}]},{\"@type\":\"WebSite\",\"@id\":\"https:\\\/\\\/vivalr.com\\\/#website\",\"url\":\"https:\\\/\\\/vivalr.com\\\/\",\"name\":\"Welcome to VIVALR- Your Trusted Source for Chemical Raw Materials\uff01\",\"description\":\"Discover a wide range of high-quality chemical raw materials to meet your industrial needs. Our commitment to excellence ensures that you get the best products and services.\",\"potentialAction\":[{\"@type\":\"SearchAction\",\"target\":{\"@type\":\"EntryPoint\",\"urlTemplate\":\"https:\\\/\\\/vivalr.com\\\/?s={search_term_string}\"},\"query-input\":{\"@type\":\"PropertyValueSpecification\",\"valueRequired\":true,\"valueName\":\"search_term_string\"}}],\"inLanguage\":\"pt-PT\"}]}<\/script>\n<!-- \/ Yoast SEO Premium plugin. -->","yoast_head_json":{"title":"Fornecimento de f\u00e1brica de \u00e1cido D-Glucur\u00f4nico Cas 6556-12-3 com melhor pre\u00e7o - Bem-vindo ao VIVALR- Sua fonte confi\u00e1vel de mat\u00e9rias-primas qu\u00edmicas\uff01","robots":{"index":"index","follow":"follow","max-snippet":"max-snippet:-1","max-image-preview":"max-image-preview:large","max-video-preview":"max-video-preview:-1"},"canonical":"https:\/\/vivalr.com\/pt\/product\/94.html","og_locale":"pt_PT","og_type":"article","og_title":"Factory Supply D-Glucuronic acid Cas 6556-12-3 With Best Price","og_description":"D-Glucuronic Acid CAS 6556-12-3: High-Quality Supplier with Competitive Pricing Table of Contents 1. Product Information 2. Applications of D-Glucuronic Acid 3. Usage Guidelines 4. Detailed Use Cases 5. Contact Us 1. Product Information D-Glucuronic Acid (CAS 6556-12-3) is a uronic acid derived from glucose. Key specifications include: Chemical Formula: C6H10O7 Molecular Weight: 194.14 g\/mol Appearance: [&hellip;]","og_url":"https:\/\/vivalr.com\/pt\/product\/94.html","og_site_name":"Welcome to VIVALR- Your Trusted Source for Chemical Raw Materials\uff01","article_modified_time":"2025-03-07T12:21:24+00:00","twitter_card":"summary_large_image","twitter_misc":{"Tempo estimado de leitura":"1 minuto"},"schema":{"@context":"https:\/\/schema.org","@graph":[{"@type":"WebPage","@id":"https:\/\/vivalr.com\/product\/94.html","url":"https:\/\/vivalr.com\/product\/94.html","name":"Fornecimento de f\u00e1brica de \u00e1cido D-Glucur\u00f4nico Cas 6556-12-3 com melhor pre\u00e7o - Bem-vindo ao VIVALR- Sua fonte confi\u00e1vel de mat\u00e9rias-primas qu\u00edmicas\uff01","isPartOf":{"@id":"https:\/\/vivalr.com\/#website"},"datePublished":"2025-03-07T12:05:06+00:00","dateModified":"2025-03-07T12:21:24+00:00","breadcrumb":{"@id":"https:\/\/vivalr.com\/product\/94.html#breadcrumb"},"inLanguage":"pt-PT","potentialAction":[{"@type":"ReadAction","target":["https:\/\/vivalr.com\/product\/94.html"]}]},{"@type":"BreadcrumbList","@id":"https:\/\/vivalr.com\/product\/94.html#breadcrumb","itemListElement":[{"@type":"ListItem","position":1,"name":"Home","item":"https:\/\/vivalr.com\/"},{"@type":"ListItem","position":2,"name":"Shop","item":"https:\/\/vivalr.com\/shop\/"},{"@type":"ListItem","position":3,"name":"Factory Supply D-Glucuronic acid Cas 6556-12-3 With Best Price"}]},{"@type":"WebSite","@id":"https:\/\/vivalr.com\/#website","url":"https:\/\/vivalr.com\/","name":"Bem-vindo ao VIVALR- Sua fonte confi\u00e1vel de mat\u00e9rias-primas qu\u00edmicas\uff01","description":"Descubra uma vasta gama de mat\u00e9rias-primas qu\u00edmicas de alta qualidade para satisfazer as suas necessidades industriais. O nosso compromisso com a excel\u00eancia garante-lhe os melhores produtos e servi\u00e7os.","potentialAction":[{"@type":"SearchAction","target":{"@type":"EntryPoint","urlTemplate":"https:\/\/vivalr.com\/?s={search_term_string}"},"query-input":{"@type":"PropertyValueSpecification","valueRequired":true,"valueName":"search_term_string"}}],"inLanguage":"pt-PT"}]}},"_links":{"self":[{"href":"https:\/\/vivalr.com\/pt\/wp-json\/wp\/v2\/product\/94","targetHints":{"allow":["GET"]}}],"collection":[{"href":"https:\/\/vivalr.com\/pt\/wp-json\/wp\/v2\/product"}],"about":[{"href":"https:\/\/vivalr.com\/pt\/wp-json\/wp\/v2\/types\/product"}],"replies":[{"embeddable":true,"href":"https:\/\/vivalr.com\/pt\/wp-json\/wp\/v2\/comments?post=94"}],"wp:attachment":[{"href":"https:\/\/vivalr.com\/pt\/wp-json\/wp\/v2\/media?parent=94"}],"wp:term":[{"taxonomy":"product_brand","embeddable":true,"href":"https:\/\/vivalr.com\/pt\/wp-json\/wp\/v2\/product_brand?post=94"},{"taxonomy":"product_cat","embeddable":true,"href":"https:\/\/vivalr.com\/pt\/wp-json\/wp\/v2\/product_cat?post=94"},{"taxonomy":"product_tag","embeddable":true,"href":"https:\/\/vivalr.com\/pt\/wp-json\/wp\/v2\/product_tag?post=94"}],"curies":[{"name":"wp","href":"https:\/\/api.w.org\/{rel}","templated":true}]}}